{"id":206559,"date":"2018-08-20T15:51:28","date_gmt":"2018-08-20T15:51:28","guid":{"rendered":"https:\/\/pamplona.spartasportcenter.com\/?page_id=206559"},"modified":"2025-01-27T11:24:32","modified_gmt":"2025-01-27T10:24:32","slug":"core-palencia-calle-jose-zorrilla","status":"publish","type":"page","link":"https:\/\/spartasportcenter.com\/palencia-calle-jose-zorrilla\/core-palencia-calle-jose-zorrilla\/","title":{"rendered":"Core Palencia calle Jos\u00e9 Zorrilla"},"content":{"rendered":"<p>[et_pb_section fb_built=\u00bb1&#8243; custom_padding_last_edited=\u00bbon|phone\u00bb disabled_on=\u00bboff|off|off\u00bb _builder_version=\u00bb4.16&#8243; background_color=\u00bb#262626&#8243; background_enable_image=\u00bboff\u00bb custom_margin=\u00bb||||false|false\u00bb custom_padding=\u00bb80px|0px|0px|0px|false|false\u00bb custom_padding_tablet=\u00bb\u00bb custom_padding_phone=\u00bb30px||50px||false|false\u00bb global_colors_info=\u00bb{}\u00bb][et_pb_row column_structure=\u00bb1_3,2_3&#8243; custom_padding_last_edited=\u00bbon|desktop\u00bb _builder_version=\u00bb4.16&#8243; _module_preset=\u00bbdefault\u00bb custom_padding=\u00bb0px||||false|false\u00bb custom_padding_tablet=\u00bb\u00bb custom_padding_phone=\u00bb0px||||false|false\u00bb global_colors_info=\u00bb{}\u00bb][et_pb_column type=\u00bb1_3&#8243; _builder_version=\u00bb4.16&#8243; _module_preset=\u00bbdefault\u00bb global_colors_info=\u00bb{}\u00bb][et_pb_text _builder_version=\u00bb4.20.0&#8243; text_font=\u00bb||||||||\u00bb header_font=\u00bb||||||||\u00bb header_text_align=\u00bbcenter\u00bb header_2_font=\u00bb|300||on|||||\u00bb header_2_text_align=\u00bbright\u00bb header_2_font_size=\u00bb29px\u00bb custom_margin=\u00bb||0px||false|false\u00bb custom_padding=\u00bb|15%|0px||false|false\u00bb header_2_text_align_tablet=\u00bb\u00bb header_2_text_align_phone=\u00bbleft\u00bb header_2_text_align_last_edited=\u00bbon|phone\u00bb header_2_font_size_tablet=\u00bb51px\u00bb header_2_font_size_phone=\u00bb25px\u00bb header_2_font_size_last_edited=\u00bbon|phone\u00bb border_width_right=\u00bb2px\u00bb border_color_right=\u00bb#cccccc\u00bb border_width_right_tablet=\u00bb\u00bb border_width_right_phone=\u00bb0px\u00bb border_width_right_last_edited=\u00bbon|phone\u00bb locked=\u00bboff\u00bb global_colors_info=\u00bb{}\u00bb]<\/p>\n<h2>Clases de core en Palencia calle Jos\u00e9 Zorrilla<\/h2>\n<p>[\/et_pb_text][\/et_pb_column][et_pb_column type=\u00bb2_3&#8243; _builder_version=\u00bb4.16&#8243; _module_preset=\u00bbdefault\u00bb global_colors_info=\u00bb{}\u00bb][et_pb_text _builder_version=\u00bb4.27.0&#8243; text_font=\u00bb|300|||||||\u00bb text_text_color=\u00bb#cccccc\u00bb text_line_height=\u00bb1.1em\u00bb header_font=\u00bb|300|||||||\u00bb header_2_font=\u00bb|300||on|||||\u00bb header_2_text_color=\u00bb#cccccc\u00bb header_2_font_size=\u00bb36px\u00bb header_2_letter_spacing=\u00bb2px\u00bb background_layout=\u00bbdark\u00bb hover_enabled=\u00bb0&#8243; global_colors_info=\u00bb{}\u00bb sticky_enabled=\u00bb0&#8243;]<\/p>\n<p><span style=\"font-weight: 400;\">\u00bfHas o\u00eddo hablar del famoso \u00abcore\u00bb? Si buscas una <\/span><b>forma integral de fortalecer tu cuerpo<\/b><span style=\"font-weight: 400;\">, en Sparta Sport Center encontrar\u00e1s las mejores clases de core en Palencia, dise\u00f1adas para trabajar la zona central de tu cuerpo de manera eficiente y segura.<\/span><\/p>\n<p><span style=\"font-weight: 400;\">El core no solo abarca los m\u00fasculos abdominales visibles, sino tambi\u00e9n los de la espalda baja, los gl\u00fateos y los m\u00fasculos profundos del abdomen. Fortalecer esta \u00e1rea es clave para mejorar la estabilidad, el equilibrio y el rendimiento f\u00edsico general. En Sparta Sport Center, nuestras clases de core est\u00e1n dise\u00f1adas para trabajar todos estos m\u00fasculos de forma din\u00e1mica y efectiva.<\/span><\/p>\n<p>[\/et_pb_text][et_pb_button button_text=\u00bb+\u00bb button_alignment=\u00bbcenter\u00bb module_class=\u00bbrv_button closed\u00bb _builder_version=\u00bb4.24.2&#8243; custom_button=\u00bbon\u00bb button_text_size=\u00bb39px\u00bb button_text_color=\u00bb#cccccc\u00bb button_border_width=\u00bb0px\u00bb button_border_radius=\u00bb0px\u00bb button_font=\u00bbOswald|700|||||||\u00bb button_use_icon=\u00bboff\u00bb custom_margin=\u00bb-40px|0px|-10px|0px|false|false\u00bb custom_margin_tablet=\u00bb\u00bb custom_margin_phone=\u00bb\u00bb custom_margin_last_edited=\u00bbon|phone\u00bb custom_padding=\u00bb0px|0px|0px|0px|true|\u00bb button_text_color_hover=\u00bbrgba(224,43,32,0.76)\u00bb button_border_color_hover=\u00bbrgba(0,0,0,0)\u00bb button_border_radius_hover=\u00bb0px\u00bb button_bg_color_hover=\u00bbrgba(0,0,0,0)\u00bb locked=\u00bboff\u00bb global_colors_info=\u00bb{}\u00bb button_text_size__hover_enabled=\u00bboff\u00bb button_one_text_size__hover_enabled=\u00bboff\u00bb button_two_text_size__hover_enabled=\u00bboff\u00bb button_text_color__hover_enabled=\u00bbon|desktop\u00bb button_text_color__hover=\u00bbrgba(255,255,255,0.5)\u00bb button_one_text_color__hover_enabled=\u00bboff\u00bb button_two_text_color__hover_enabled=\u00bboff\u00bb button_border_width__hover_enabled=\u00bboff\u00bb button_one_border_width__hover_enabled=\u00bboff\u00bb button_two_border_width__hover_enabled=\u00bboff\u00bb button_border_color__hover_enabled=\u00bbon\u00bb button_border_color__hover=\u00bbrgba(0,0,0,0)\u00bb button_one_border_color__hover_enabled=\u00bboff\u00bb button_two_border_color__hover_enabled=\u00bboff\u00bb button_border_radius__hover_enabled=\u00bbon\u00bb button_border_radius__hover=\u00bb0px\u00bb button_one_border_radius__hover_enabled=\u00bboff\u00bb button_two_border_radius__hover_enabled=\u00bboff\u00bb button_letter_spacing__hover_enabled=\u00bboff\u00bb button_one_letter_spacing__hover_enabled=\u00bboff\u00bb button_two_letter_spacing__hover_enabled=\u00bboff\u00bb button_bg_color__hover_enabled=\u00bbon\u00bb button_bg_color__hover=\u00bbrgba(255,255,255,0)\u00bb button_one_bg_color__hover_enabled=\u00bboff\u00bb button_two_bg_color__hover_enabled=\u00bboff\u00bb][\/et_pb_button][et_pb_text module_id=\u00bbreveal\u00bb _builder_version=\u00bb4.27.0&#8243; text_font=\u00bb|300|||||||\u00bb text_text_color=\u00bb#cccccc\u00bb text_line_height=\u00bb1.1em\u00bb header_font=\u00bb|300|||||||\u00bb header_2_font=\u00bb|300||on|||||\u00bb header_2_text_color=\u00bb#cccccc\u00bb header_2_font_size=\u00bb36px\u00bb header_2_letter_spacing=\u00bb2px\u00bb background_layout=\u00bbdark\u00bb hover_enabled=\u00bb0&#8243; locked=\u00bboff\u00bb global_colors_info=\u00bb{}\u00bb sticky_enabled=\u00bb0&#8243;]<\/p>\n<p><span style=\"font-weight: 400;\">En Sparta Sport Center Palencia, las sesiones son dirigidas por entrenadores cualificados que te guiar\u00e1n paso a paso para asegurar que realices los movimientos correctamente. Estas clases est\u00e1n adaptadas a diferentes niveles de condici\u00f3n f\u00edsica, lo que significa que tanto principiantes como avanzados podr\u00e1n disfrutar y progresar a su propio ritmo.<\/span><\/p>\n<p><span style=\"font-weight: 400;\">Adem\u00e1s, nuestras clases se desarrollan en un <\/span><b>ambiente motivador y amigable<\/b><span style=\"font-weight: 400;\">, lo que te permitir\u00e1 disfrutar del proceso mientras compartes objetivos y logros con otros participantes.<\/span><\/p>\n<p>[\/et_pb_text][\/et_pb_column][\/et_pb_row][et_pb_row column_structure=\u00bb1_3,2_3&#8243; custom_padding_last_edited=\u00bbon|phone\u00bb _builder_version=\u00bb4.16&#8243; _module_preset=\u00bbdefault\u00bb custom_margin=\u00bb||0px||false|false\u00bb custom_padding=\u00bb||||false|false\u00bb custom_padding_tablet=\u00bb\u00bb custom_padding_phone=\u00bb0px||0px||false|false\u00bb global_colors_info=\u00bb{}\u00bb][et_pb_column type=\u00bb1_3&#8243; _builder_version=\u00bb4.16&#8243; _module_preset=\u00bbdefault\u00bb global_colors_info=\u00bb{}\u00bb][et_pb_text _builder_version=\u00bb4.27.0&#8243; text_font=\u00bb||||||||\u00bb header_font=\u00bb||||||||\u00bb header_text_align=\u00bbcenter\u00bb header_2_font=\u00bb|300||on|||||\u00bb header_2_text_align=\u00bbright\u00bb header_2_font_size=\u00bb29px\u00bb custom_margin=\u00bb||0px||false|false\u00bb custom_padding=\u00bb|15%|0px||false|false\u00bb hover_enabled=\u00bb0&#8243; header_2_text_align_tablet=\u00bb\u00bb header_2_text_align_phone=\u00bbleft\u00bb header_2_text_align_last_edited=\u00bbon|phone\u00bb header_2_font_size_tablet=\u00bb51px\u00bb header_2_font_size_phone=\u00bb25px\u00bb header_2_font_size_last_edited=\u00bbon|phone\u00bb border_width_right=\u00bb2px\u00bb border_color_right=\u00bb#cccccc\u00bb border_width_right_tablet=\u00bb\u00bb border_width_right_phone=\u00bb0px\u00bb border_width_right_last_edited=\u00bbon|phone\u00bb locked=\u00bboff\u00bb global_colors_info=\u00bb{}\u00bb sticky_enabled=\u00bb0&#8243;]<\/p>\n<h2>Beneficios del Core en Palencia calle Jos\u00e9 Zorrilla<\/h2>\n<p>[\/et_pb_text][\/et_pb_column][et_pb_column type=\u00bb2_3&#8243; _builder_version=\u00bb4.16&#8243; _module_preset=\u00bbdefault\u00bb global_colors_info=\u00bb{}\u00bb][et_pb_text _builder_version=\u00bb4.27.0&#8243; text_font=\u00bb|300|||||||\u00bb text_text_color=\u00bb#cccccc\u00bb text_line_height=\u00bb1.1em\u00bb header_font=\u00bb|300|||||||\u00bb header_2_font=\u00bb|300||on|||||\u00bb header_2_text_color=\u00bb#cccccc\u00bb header_2_font_size=\u00bb36px\u00bb header_2_letter_spacing=\u00bb2px\u00bb background_layout=\u00bbdark\u00bb hover_enabled=\u00bb0&#8243; global_colors_info=\u00bb{}\u00bb sticky_enabled=\u00bb0&#8243;]<\/p>\n<p><span style=\"font-weight: 400;\">Incorporar las clases de core a tu rutina de ejercicios trae numerosos beneficios para tu salud y bienestar:<\/span><\/p>\n<ul>\n<li style=\"font-weight: 400;\" aria-level=\"1\"><span style=\"font-weight: 400;\">Mejora la estabilidad y el equilibrio: Fortalecer el core optimiza la estabilidad de tu cuerpo, ayud\u00e1ndote en actividades cotidianas como caminar, correr o cargar objetos pesados. Tambi\u00e9n reduce el riesgo de ca\u00eddas y lesiones.<\/span><\/li>\n<li style=\"font-weight: 400;\" aria-level=\"1\"><span style=\"font-weight: 400;\">Prevenci\u00f3n de lesiones: Un core fuerte <\/span><b>protege tu espalda y ayuda a distribuir el esfuerzo f\u00edsico de forma equilibrada<\/b><span style=\"font-weight: 400;\">, minimizando el riesgo de lesiones en otras \u00e1reas del cuerpo.<\/span><\/li>\n<li style=\"font-weight: 400;\" aria-level=\"1\"><span style=\"font-weight: 400;\">Rendimiento deportivo mejorado: Ya sea que practiques running, ciclismo, nataci\u00f3n u otros deportes, un n\u00facleo fuerte potencia tus movimientos y mejora tu rendimiento general.<\/span><\/li>\n<li style=\"font-weight: 400;\" aria-level=\"1\"><span style=\"font-weight: 400;\">Mejora de la postura: Al fortalecer los m\u00fasculos del core, es m\u00e1s f\u00e1cil mantener una postura adecuada, lo que reduce la tensi\u00f3n en el cuello, los hombros y la espalda baja.<\/span><\/li>\n<li style=\"font-weight: 400;\" aria-level=\"1\"><span style=\"font-weight: 400;\">Definici\u00f3n muscular: Si buscas tonificar el abdomen, las clases de core te ayudar\u00e1n a conseguirlo, adem\u00e1s de fortalecer los gl\u00fateos y la espalda para una figura m\u00e1s equilibrada.<\/span><\/li>\n<\/ul>\n<p>[\/et_pb_text][\/et_pb_column][\/et_pb_row][\/et_pb_section][et_pb_section fb_built=\u00bb1&#8243; custom_padding_last_edited=\u00bbon|phone\u00bb _builder_version=\u00bb4.16&#8243; _module_preset=\u00bbdefault\u00bb background_color=\u00bb#262626&#8243; custom_padding=\u00bb0px||50px||false|false\u00bb custom_padding_tablet=\u00bb\u00bb custom_padding_phone=\u00bb||30px||false|false\u00bb global_colors_info=\u00bb{}\u00bb][et_pb_row column_structure=\u00bb1_3,2_3&#8243; custom_padding_last_edited=\u00bbon|phone\u00bb _builder_version=\u00bb4.16&#8243; _module_preset=\u00bbdefault\u00bb custom_padding_tablet=\u00bb\u00bb custom_padding_phone=\u00bb0px||0px||false|false\u00bb global_colors_info=\u00bb{}\u00bb][et_pb_column type=\u00bb1_3&#8243; _builder_version=\u00bb4.16&#8243; _module_preset=\u00bbdefault\u00bb global_colors_info=\u00bb{}\u00bb][et_pb_text _builder_version=\u00bb4.26.1&#8243; text_font=\u00bb||||||||\u00bb header_font=\u00bb||||||||\u00bb header_text_align=\u00bbcenter\u00bb header_2_font=\u00bb|300||on|||||\u00bb header_2_text_align=\u00bbright\u00bb header_2_font_size=\u00bb29px\u00bb custom_margin=\u00bb||0px||false|false\u00bb custom_padding=\u00bb|15%|0px||false|false\u00bb header_2_text_align_tablet=\u00bb\u00bb header_2_text_align_phone=\u00bbleft\u00bb header_2_text_align_last_edited=\u00bbon|phone\u00bb header_2_font_size_tablet=\u00bb51px\u00bb header_2_font_size_phone=\u00bb25px\u00bb header_2_font_size_last_edited=\u00bbon|phone\u00bb border_width_right=\u00bb2px\u00bb border_color_right=\u00bb#cccccc\u00bb border_width_right_tablet=\u00bb\u00bb border_width_right_phone=\u00bb0px\u00bb border_width_right_last_edited=\u00bbon|phone\u00bb locked=\u00bboff\u00bb global_colors_info=\u00bb{}\u00bb]<\/p>\n<h2>Por qu\u00e9 Core en Sparta Sport Center Palencia calle Jos\u00e9 Zorrilla<\/h2>\n<p>[\/et_pb_text][\/et_pb_column][et_pb_column type=\u00bb2_3&#8243; _builder_version=\u00bb4.16&#8243; _module_preset=\u00bbdefault\u00bb global_colors_info=\u00bb{}\u00bb][et_pb_text _builder_version=\u00bb4.27.0&#8243; text_font=\u00bb|300|||||||\u00bb text_text_color=\u00bb#cccccc\u00bb text_line_height=\u00bb1.1em\u00bb header_font=\u00bb|300|||||||\u00bb header_2_font=\u00bb|300||on|||||\u00bb header_2_text_color=\u00bb#cccccc\u00bb header_2_font_size=\u00bb36px\u00bb header_2_letter_spacing=\u00bb2px\u00bb background_layout=\u00bbdark\u00bb hover_enabled=\u00bb0&#8243; global_colors_info=\u00bb{}\u00bb sticky_enabled=\u00bb0&#8243;]<\/p>\n<p><span style=\"font-weight: 400;\">En Sparta Sport Center Palencia, ofrecemos m\u00e1s que simples clases: te damos una <\/span><b>experiencia completa para alcanzar tus objetivos<\/b><span style=\"font-weight: 400;\">.<\/span><\/p>\n<p><span style=\"font-weight: 400;\">Razones para elegirnos:<\/span><\/p>\n<ul>\n<li style=\"font-weight: 400;\" aria-level=\"1\"><span style=\"font-weight: 400;\">Profesores cualificados: Nuestros entrenadores cuentan con la experiencia y formaci\u00f3n necesarias para garantizar que aproveches al m\u00e1ximo cada ejercicio.<\/span><\/li>\n<li style=\"font-weight: 400;\" aria-level=\"1\"><span style=\"font-weight: 400;\">Adaptabilidad: Las clases est\u00e1n dise\u00f1adas para todos los niveles, desde principiantes hasta personas con experiencia avanzada.<\/span><\/li>\n<li style=\"font-weight: 400;\" aria-level=\"1\"><span style=\"font-weight: 400;\">Ambiente motivador: Entrena junto a personas que comparten tus objetivos, creando una <\/span><b>comunidad que te mantendr\u00e1 inspirado y comprometido<\/b><span style=\"font-weight: 400;\">.<\/span><\/li>\n<li style=\"font-weight: 400;\" aria-level=\"1\"><span style=\"font-weight: 400;\">Variedad de horarios: Ofrecemos una amplia disponibilidad para que encuentres una clase que se ajuste perfectamente a tu rutina.<\/span><\/li>\n<\/ul>\n<p><span style=\"font-weight: 400;\">No esperes m\u00e1s para trabajar desde el centro de tu cuerpo hacia afuera. En Sparta Sport Center, nuestras clases de core en Palencia te ayudar\u00e1n a mejorar tu fuerza, estabilidad y bienestar general en un entorno profesional y acogedor.<\/span><\/p>\n<p><span style=\"font-weight: 400;\">\u00a1An\u00edmate a probar nuestras clases y descubre c\u00f3mo un core fuerte puede<\/span><b> transformar tu vida<\/b><span style=\"font-weight: 400;\">!<\/span><\/p>\n<p>[\/et_pb_text][\/et_pb_column][\/et_pb_row][\/et_pb_section]<\/p>\n","protected":false},"excerpt":{"rendered":"<p>Clases de core en Palencia calle Jos\u00e9 Zorrilla\u00bfHas o\u00eddo hablar del famoso \u00abcore\u00bb? Si buscas una forma integral de fortalecer tu cuerpo, en Sparta Sport Center encontrar\u00e1s las mejores clases de core en Palencia, dise\u00f1adas para trabajar la zona central de tu cuerpo de manera eficiente y segura. El core no solo abarca los m\u00fasculos [&hellip;]<\/p>\n","protected":false},"author":1,"featured_media":220454,"parent":0,"menu_order":0,"comment_status":"closed","ping_status":"closed","template":"","meta":{"_et_pb_use_builder":"on","_et_pb_old_content":"","_et_gb_content_width":"","footnotes":""},"class_list":["post-206559","page","type-page","status-publish","has-post-thumbnail","hentry"],"yoast_head":"<!-- This site is optimized with the Yoast SEO plugin v27.4 - https:\/\/yoast.com\/product\/yoast-seo-wordpress\/ -->\n<title>Core en Palencia \u00a11 D\u00cdA GRATIS! | Sparta Sport Center<\/title>\n<meta name=\"description\" content=\"Inscr\u00edbete y disfruta de nuestras clases de core en Palencia, contamos con un equipo de Instructores 100% dedicados a tu bienestar.\" \/>\n<meta name=\"robots\" content=\"index, follow, max-snippet:-1, max-image-preview:large, max-video-preview:-1\" \/>\n<link rel=\"canonical\" href=\"https:\/\/spartasportcenter.com\/palencia-calle-jose-zorrilla\/core-palencia-calle-jose-zorrilla\/\" \/>\n<meta property=\"og:locale\" content=\"es_ES\" \/>\n<meta property=\"og:type\" content=\"article\" \/>\n<meta property=\"og:title\" content=\"Core en Palencia \u00a11 D\u00cdA GRATIS! | Sparta Sport Center\" \/>\n<meta property=\"og:description\" content=\"Inscr\u00edbete y disfruta de nuestras clases de core en Palencia, contamos con un equipo de Instructores 100% dedicados a tu bienestar.\" \/>\n<meta property=\"og:url\" content=\"https:\/\/spartasportcenter.com\/palencia-calle-jose-zorrilla\/core-palencia-calle-jose-zorrilla\/\" \/>\n<meta property=\"og:site_name\" content=\"Sparta Sport Center Palencia\" \/>\n<meta property=\"article:modified_time\" content=\"2025-01-27T10:24:32+00:00\" \/>\n<meta property=\"og:image\" content=\"https:\/\/spartasportcenter.com\/palencia-calle-jose-zorrilla\/wp-content\/uploads\/2025\/01\/core-palencia.webp\" \/>\n\t<meta property=\"og:image:width\" content=\"2000\" \/>\n\t<meta property=\"og:image:height\" content=\"1333\" \/>\n\t<meta property=\"og:image:type\" content=\"image\/webp\" \/>\n<meta name=\"twitter:card\" content=\"summary_large_image\" \/>\n<meta name=\"twitter:label1\" content=\"Tiempo de lectura\" \/>\n\t<meta name=\"twitter:data1\" content=\"4 minutos\" \/>\n<script type=\"application\/ld+json\" class=\"yoast-schema-graph\">{\"@context\":\"https:\\\/\\\/schema.org\",\"@graph\":[{\"@type\":\"WebPage\",\"@id\":\"https:\\\/\\\/spartasportcenter.com\\\/palencia-calle-jose-zorrilla\\\/core-palencia-calle-jose-zorrilla\\\/\",\"url\":\"https:\\\/\\\/spartasportcenter.com\\\/palencia-calle-jose-zorrilla\\\/core-palencia-calle-jose-zorrilla\\\/\",\"name\":\"Core en Palencia \u00a11 D\u00cdA GRATIS! | Sparta Sport Center\",\"isPartOf\":{\"@id\":\"https:\\\/\\\/spartasportcenter.com\\\/palencia-calle-jose-zorrilla\\\/#website\"},\"primaryImageOfPage\":{\"@id\":\"https:\\\/\\\/spartasportcenter.com\\\/palencia-calle-jose-zorrilla\\\/core-palencia-calle-jose-zorrilla\\\/#primaryimage\"},\"image\":{\"@id\":\"https:\\\/\\\/spartasportcenter.com\\\/palencia-calle-jose-zorrilla\\\/core-palencia-calle-jose-zorrilla\\\/#primaryimage\"},\"thumbnailUrl\":\"https:\\\/\\\/spartasportcenter.com\\\/palencia-calle-jose-zorrilla\\\/wp-content\\\/uploads\\\/2025\\\/01\\\/core-palencia.webp\",\"datePublished\":\"2018-08-20T15:51:28+00:00\",\"dateModified\":\"2025-01-27T10:24:32+00:00\",\"description\":\"Inscr\u00edbete y disfruta de nuestras clases de core en Palencia, contamos con un equipo de Instructores 100% dedicados a tu bienestar.\",\"breadcrumb\":{\"@id\":\"https:\\\/\\\/spartasportcenter.com\\\/palencia-calle-jose-zorrilla\\\/core-palencia-calle-jose-zorrilla\\\/#breadcrumb\"},\"inLanguage\":\"es\",\"potentialAction\":[{\"@type\":\"ReadAction\",\"target\":[\"https:\\\/\\\/spartasportcenter.com\\\/palencia-calle-jose-zorrilla\\\/core-palencia-calle-jose-zorrilla\\\/\"]}]},{\"@type\":\"ImageObject\",\"inLanguage\":\"es\",\"@id\":\"https:\\\/\\\/spartasportcenter.com\\\/palencia-calle-jose-zorrilla\\\/core-palencia-calle-jose-zorrilla\\\/#primaryimage\",\"url\":\"https:\\\/\\\/spartasportcenter.com\\\/palencia-calle-jose-zorrilla\\\/wp-content\\\/uploads\\\/2025\\\/01\\\/core-palencia.webp\",\"contentUrl\":\"https:\\\/\\\/spartasportcenter.com\\\/palencia-calle-jose-zorrilla\\\/wp-content\\\/uploads\\\/2025\\\/01\\\/core-palencia.webp\",\"width\":2000,\"height\":1333,\"caption\":\"core palencia\"},{\"@type\":\"BreadcrumbList\",\"@id\":\"https:\\\/\\\/spartasportcenter.com\\\/palencia-calle-jose-zorrilla\\\/core-palencia-calle-jose-zorrilla\\\/#breadcrumb\",\"itemListElement\":[{\"@type\":\"ListItem\",\"position\":1,\"name\":\"Portada\",\"item\":\"https:\\\/\\\/spartasportcenter.com\\\/palencia-calle-jose-zorrilla\\\/\"},{\"@type\":\"ListItem\",\"position\":2,\"name\":\"Core Palencia calle Jos\u00e9 Zorrilla\"}]},{\"@type\":\"WebSite\",\"@id\":\"https:\\\/\\\/spartasportcenter.com\\\/palencia-calle-jose-zorrilla\\\/#website\",\"url\":\"https:\\\/\\\/spartasportcenter.com\\\/palencia-calle-jose-zorrilla\\\/\",\"name\":\"Sparta Sport Center Palencia\",\"description\":\"Gimnasios en Palencia\",\"potentialAction\":[{\"@type\":\"SearchAction\",\"target\":{\"@type\":\"EntryPoint\",\"urlTemplate\":\"https:\\\/\\\/spartasportcenter.com\\\/palencia-calle-jose-zorrilla\\\/?s={search_term_string}\"},\"query-input\":{\"@type\":\"PropertyValueSpecification\",\"valueRequired\":true,\"valueName\":\"search_term_string\"}}],\"inLanguage\":\"es\"}]}<\/script>\n<!-- \/ Yoast SEO plugin. -->","yoast_head_json":{"title":"Core en Palencia \u00a11 D\u00cdA GRATIS! | Sparta Sport Center","description":"Inscr\u00edbete y disfruta de nuestras clases de core en Palencia, contamos con un equipo de Instructores 100% dedicados a tu bienestar.","robots":{"index":"index","follow":"follow","max-snippet":"max-snippet:-1","max-image-preview":"max-image-preview:large","max-video-preview":"max-video-preview:-1"},"canonical":"https:\/\/spartasportcenter.com\/palencia-calle-jose-zorrilla\/core-palencia-calle-jose-zorrilla\/","og_locale":"es_ES","og_type":"article","og_title":"Core en Palencia \u00a11 D\u00cdA GRATIS! | Sparta Sport Center","og_description":"Inscr\u00edbete y disfruta de nuestras clases de core en Palencia, contamos con un equipo de Instructores 100% dedicados a tu bienestar.","og_url":"https:\/\/spartasportcenter.com\/palencia-calle-jose-zorrilla\/core-palencia-calle-jose-zorrilla\/","og_site_name":"Sparta Sport Center Palencia","article_modified_time":"2025-01-27T10:24:32+00:00","og_image":[{"width":2000,"height":1333,"url":"https:\/\/spartasportcenter.com\/palencia-calle-jose-zorrilla\/wp-content\/uploads\/2025\/01\/core-palencia.webp","type":"image\/webp"}],"twitter_card":"summary_large_image","twitter_misc":{"Tiempo de lectura":"4 minutos"},"schema":{"@context":"https:\/\/schema.org","@graph":[{"@type":"WebPage","@id":"https:\/\/spartasportcenter.com\/palencia-calle-jose-zorrilla\/core-palencia-calle-jose-zorrilla\/","url":"https:\/\/spartasportcenter.com\/palencia-calle-jose-zorrilla\/core-palencia-calle-jose-zorrilla\/","name":"Core en Palencia \u00a11 D\u00cdA GRATIS! | Sparta Sport Center","isPartOf":{"@id":"https:\/\/spartasportcenter.com\/palencia-calle-jose-zorrilla\/#website"},"primaryImageOfPage":{"@id":"https:\/\/spartasportcenter.com\/palencia-calle-jose-zorrilla\/core-palencia-calle-jose-zorrilla\/#primaryimage"},"image":{"@id":"https:\/\/spartasportcenter.com\/palencia-calle-jose-zorrilla\/core-palencia-calle-jose-zorrilla\/#primaryimage"},"thumbnailUrl":"https:\/\/spartasportcenter.com\/palencia-calle-jose-zorrilla\/wp-content\/uploads\/2025\/01\/core-palencia.webp","datePublished":"2018-08-20T15:51:28+00:00","dateModified":"2025-01-27T10:24:32+00:00","description":"Inscr\u00edbete y disfruta de nuestras clases de core en Palencia, contamos con un equipo de Instructores 100% dedicados a tu bienestar.","breadcrumb":{"@id":"https:\/\/spartasportcenter.com\/palencia-calle-jose-zorrilla\/core-palencia-calle-jose-zorrilla\/#breadcrumb"},"inLanguage":"es","potentialAction":[{"@type":"ReadAction","target":["https:\/\/spartasportcenter.com\/palencia-calle-jose-zorrilla\/core-palencia-calle-jose-zorrilla\/"]}]},{"@type":"ImageObject","inLanguage":"es","@id":"https:\/\/spartasportcenter.com\/palencia-calle-jose-zorrilla\/core-palencia-calle-jose-zorrilla\/#primaryimage","url":"https:\/\/spartasportcenter.com\/palencia-calle-jose-zorrilla\/wp-content\/uploads\/2025\/01\/core-palencia.webp","contentUrl":"https:\/\/spartasportcenter.com\/palencia-calle-jose-zorrilla\/wp-content\/uploads\/2025\/01\/core-palencia.webp","width":2000,"height":1333,"caption":"core palencia"},{"@type":"BreadcrumbList","@id":"https:\/\/spartasportcenter.com\/palencia-calle-jose-zorrilla\/core-palencia-calle-jose-zorrilla\/#breadcrumb","itemListElement":[{"@type":"ListItem","position":1,"name":"Portada","item":"https:\/\/spartasportcenter.com\/palencia-calle-jose-zorrilla\/"},{"@type":"ListItem","position":2,"name":"Core Palencia calle Jos\u00e9 Zorrilla"}]},{"@type":"WebSite","@id":"https:\/\/spartasportcenter.com\/palencia-calle-jose-zorrilla\/#website","url":"https:\/\/spartasportcenter.com\/palencia-calle-jose-zorrilla\/","name":"Sparta Sport Center Palencia","description":"Gimnasios en Palencia","potentialAction":[{"@type":"SearchAction","target":{"@type":"EntryPoint","urlTemplate":"https:\/\/spartasportcenter.com\/palencia-calle-jose-zorrilla\/?s={search_term_string}"},"query-input":{"@type":"PropertyValueSpecification","valueRequired":true,"valueName":"search_term_string"}}],"inLanguage":"es"}]}},"_links":{"self":[{"href":"https:\/\/spartasportcenter.com\/palencia-calle-jose-zorrilla\/wp-json\/wp\/v2\/pages\/206559","targetHints":{"allow":["GET"]}}],"collection":[{"href":"https:\/\/spartasportcenter.com\/palencia-calle-jose-zorrilla\/wp-json\/wp\/v2\/pages"}],"about":[{"href":"https:\/\/spartasportcenter.com\/palencia-calle-jose-zorrilla\/wp-json\/wp\/v2\/types\/page"}],"author":[{"embeddable":true,"href":"https:\/\/spartasportcenter.com\/palencia-calle-jose-zorrilla\/wp-json\/wp\/v2\/users\/1"}],"replies":[{"embeddable":true,"href":"https:\/\/spartasportcenter.com\/palencia-calle-jose-zorrilla\/wp-json\/wp\/v2\/comments?post=206559"}],"version-history":[{"count":27,"href":"https:\/\/spartasportcenter.com\/palencia-calle-jose-zorrilla\/wp-json\/wp\/v2\/pages\/206559\/revisions"}],"predecessor-version":[{"id":220507,"href":"https:\/\/spartasportcenter.com\/palencia-calle-jose-zorrilla\/wp-json\/wp\/v2\/pages\/206559\/revisions\/220507"}],"wp:featuredmedia":[{"embeddable":true,"href":"https:\/\/spartasportcenter.com\/palencia-calle-jose-zorrilla\/wp-json\/wp\/v2\/media\/220454"}],"wp:attachment":[{"href":"https:\/\/spartasportcenter.com\/palencia-calle-jose-zorrilla\/wp-json\/wp\/v2\/media?parent=206559"}],"curies":[{"name":"wp","href":"https:\/\/api.w.org\/{rel}","templated":true}]}}