{"id":206550,"date":"2018-08-20T15:44:57","date_gmt":"2018-08-20T15:44:57","guid":{"rendered":"https:\/\/pamplona.spartasportcenter.com\/?page_id=206550"},"modified":"2025-01-27T11:44:09","modified_gmt":"2025-01-27T10:44:09","slug":"gap-palencia-calle-jose-zorrilla","status":"publish","type":"page","link":"https:\/\/spartasportcenter.com\/palencia-calle-jose-zorrilla\/gap-palencia-calle-jose-zorrilla\/","title":{"rendered":"GAP Palencia calle Jos\u00e9 Zorrilla"},"content":{"rendered":"<p>[et_pb_section fb_built=\u00bb1&#8243; custom_padding_last_edited=\u00bbon|phone\u00bb disabled_on=\u00bboff|off|off\u00bb _builder_version=\u00bb4.16&#8243; background_color=\u00bb#262626&#8243; background_enable_image=\u00bboff\u00bb custom_margin=\u00bb||||false|false\u00bb custom_padding=\u00bb80px|0px|0px|0px|false|false\u00bb custom_padding_tablet=\u00bb\u00bb custom_padding_phone=\u00bb30px||50px||false|false\u00bb global_colors_info=\u00bb{}\u00bb][et_pb_row column_structure=\u00bb1_3,2_3&#8243; custom_padding_last_edited=\u00bbon|desktop\u00bb _builder_version=\u00bb4.16&#8243; _module_preset=\u00bbdefault\u00bb custom_padding=\u00bb0px||||false|false\u00bb custom_padding_tablet=\u00bb\u00bb custom_padding_phone=\u00bb0px||||false|false\u00bb global_colors_info=\u00bb{}\u00bb][et_pb_column type=\u00bb1_3&#8243; _builder_version=\u00bb4.16&#8243; _module_preset=\u00bbdefault\u00bb global_colors_info=\u00bb{}\u00bb][et_pb_text _builder_version=\u00bb4.21.0&#8243; text_font=\u00bb||||||||\u00bb header_font=\u00bb||||||||\u00bb header_text_align=\u00bbcenter\u00bb header_2_font=\u00bb|300||on|||||\u00bb header_2_text_align=\u00bbright\u00bb header_2_font_size=\u00bb29px\u00bb custom_margin=\u00bb||0px||false|false\u00bb custom_padding=\u00bb|15%|0px||false|false\u00bb header_2_text_align_tablet=\u00bb\u00bb header_2_text_align_phone=\u00bbleft\u00bb header_2_text_align_last_edited=\u00bbon|phone\u00bb header_2_font_size_tablet=\u00bb51px\u00bb header_2_font_size_phone=\u00bb25px\u00bb header_2_font_size_last_edited=\u00bbon|phone\u00bb border_width_right=\u00bb2px\u00bb border_color_right=\u00bb#cccccc\u00bb border_width_right_tablet=\u00bb\u00bb border_width_right_phone=\u00bb0px\u00bb border_width_right_last_edited=\u00bbon|phone\u00bb locked=\u00bboff\u00bb global_colors_info=\u00bb{}\u00bb]<\/p>\n<h2>Clases de GAP en Palencia calle Jos\u00e9 Zorrilla<\/h2>\n<p>[\/et_pb_text][\/et_pb_column][et_pb_column type=\u00bb2_3&#8243; _builder_version=\u00bb4.16&#8243; _module_preset=\u00bbdefault\u00bb global_colors_info=\u00bb{}\u00bb][et_pb_text _builder_version=\u00bb4.27.0&#8243; text_font=\u00bb|300|||||||\u00bb text_text_color=\u00bb#cccccc\u00bb text_line_height=\u00bb1.1em\u00bb header_font=\u00bb|300|||||||\u00bb header_2_font=\u00bb|300||on|||||\u00bb header_2_text_color=\u00bb#cccccc\u00bb header_2_font_size=\u00bb36px\u00bb header_2_letter_spacing=\u00bb2px\u00bb background_layout=\u00bbdark\u00bb hover_enabled=\u00bb0&#8243; global_colors_info=\u00bb{}\u00bb sticky_enabled=\u00bb0&#8243;]<\/p>\n<p><span style=\"font-weight: 400;\">GAP, que significa <\/span><b>Gl\u00fateos, Abdominales y Piernas<\/b><span style=\"font-weight: 400;\">, es una modalidad de entrenamiento que ha ganado gran popularidad en los \u00faltimos a\u00f1os. Y no hay mejor lugar para practicarlo que en Sparta Sport Center.<\/span><\/p>\n<p><span style=\"font-weight: 400;\">En Sparta Sport Center, nuestras clases de GAP est\u00e1n dise\u00f1adas para adaptarse a las necesidades y niveles de cada persona. Contamos con entrenadores cualificados que ofrecen programas variados y estimulantes, ideales tanto para principiantes como para quienes buscan un entrenamiento avanzado.<\/span><\/p>\n<p>[\/et_pb_text][et_pb_button button_text=\u00bb+\u00bb button_alignment=\u00bbcenter\u00bb module_class=\u00bbrv_button closed\u00bb _builder_version=\u00bb4.16&#8243; custom_button=\u00bbon\u00bb button_text_size=\u00bb39px\u00bb button_text_color=\u00bb#cccccc\u00bb button_border_width=\u00bb0px\u00bb button_border_radius=\u00bb0px\u00bb button_font=\u00bbOswald|700|||||||\u00bb button_use_icon=\u00bboff\u00bb custom_margin=\u00bb-40px|0px|-10px|0px|false|false\u00bb custom_margin_tablet=\u00bb\u00bb custom_margin_phone=\u00bb\u00bb custom_margin_last_edited=\u00bbon|phone\u00bb custom_padding=\u00bb0px|0px|0px|0px|true|\u00bb button_text_color_hover=\u00bbrgba(224,43,32,0.76)\u00bb button_border_color_hover=\u00bbrgba(0,0,0,0)\u00bb button_border_radius_hover=\u00bb0px\u00bb button_bg_color_hover=\u00bbrgba(0,0,0,0)\u00bb global_colors_info=\u00bb{}\u00bb button_text_size__hover_enabled=\u00bboff\u00bb button_one_text_size__hover_enabled=\u00bboff\u00bb button_two_text_size__hover_enabled=\u00bboff\u00bb button_text_color__hover_enabled=\u00bbon|desktop\u00bb button_text_color__hover=\u00bbrgba(255,255,255,0.5)\u00bb button_one_text_color__hover_enabled=\u00bboff\u00bb button_two_text_color__hover_enabled=\u00bboff\u00bb button_border_width__hover_enabled=\u00bboff\u00bb button_one_border_width__hover_enabled=\u00bboff\u00bb button_two_border_width__hover_enabled=\u00bboff\u00bb button_border_color__hover_enabled=\u00bbon\u00bb button_border_color__hover=\u00bbrgba(0,0,0,0)\u00bb button_one_border_color__hover_enabled=\u00bboff\u00bb button_two_border_color__hover_enabled=\u00bboff\u00bb button_border_radius__hover_enabled=\u00bbon\u00bb button_border_radius__hover=\u00bb0px\u00bb button_one_border_radius__hover_enabled=\u00bboff\u00bb button_two_border_radius__hover_enabled=\u00bboff\u00bb button_letter_spacing__hover_enabled=\u00bboff\u00bb button_one_letter_spacing__hover_enabled=\u00bboff\u00bb button_two_letter_spacing__hover_enabled=\u00bboff\u00bb button_bg_color__hover_enabled=\u00bbon\u00bb button_bg_color__hover=\u00bbrgba(255,255,255,0)\u00bb button_one_bg_color__hover_enabled=\u00bboff\u00bb button_two_bg_color__hover_enabled=\u00bboff\u00bb][\/et_pb_button][et_pb_text module_id=\u00bbreveal\u00bb _builder_version=\u00bb4.27.0&#8243; text_font=\u00bb|300|||||||\u00bb text_text_color=\u00bb#cccccc\u00bb text_line_height=\u00bb1.1em\u00bb header_font=\u00bb|300|||||||\u00bb header_2_font=\u00bb|300||on|||||\u00bb header_2_text_color=\u00bb#cccccc\u00bb header_2_font_size=\u00bb36px\u00bb header_2_letter_spacing=\u00bb2px\u00bb background_layout=\u00bbdark\u00bb hover_enabled=\u00bb0&#8243; global_colors_info=\u00bb{}\u00bb sticky_enabled=\u00bb0&#8243;]<\/p>\n<p><span style=\"font-weight: 400;\">Las sesiones se desarrollan en <\/span><b>grupos reducidos<\/b><span style=\"font-weight: 400;\">, lo que permite una atenci\u00f3n personalizada para garantizar la correcta ejecuci\u00f3n de los ejercicios. Adem\u00e1s, disfrutar\u00e1s de un ambiente amigable y motivador, que hace de cada clase una experiencia divertida y desafiante.<\/span><\/p>\n<p><span style=\"font-weight: 400;\">El GAP combina ejercicios de tonificaci\u00f3n, cardio y flexibilidad con el objetivo de mejorar la resistencia y fortalecer los m\u00fasculos. Durante cada clase, se trabajan diferentes \u00e1reas del cuerpo de manera din\u00e1mica, logrando quemar calor\u00edas y tonificar gl\u00fateos, abdomen y piernas de forma efectiva.<\/span><\/p>\n<p>[\/et_pb_text][\/et_pb_column][\/et_pb_row][et_pb_row column_structure=\u00bb1_3,2_3&#8243; custom_padding_last_edited=\u00bbon|phone\u00bb _builder_version=\u00bb4.16&#8243; _module_preset=\u00bbdefault\u00bb custom_margin=\u00bb||0px||false|false\u00bb custom_padding=\u00bb||||false|false\u00bb custom_padding_tablet=\u00bb\u00bb custom_padding_phone=\u00bb0px||0px||false|false\u00bb global_colors_info=\u00bb{}\u00bb][et_pb_column type=\u00bb1_3&#8243; _builder_version=\u00bb4.16&#8243; _module_preset=\u00bbdefault\u00bb global_colors_info=\u00bb{}\u00bb][et_pb_text _builder_version=\u00bb4.24.2&#8243; text_font=\u00bb||||||||\u00bb header_font=\u00bb||||||||\u00bb header_text_align=\u00bbcenter\u00bb header_2_font=\u00bb|300||on|||||\u00bb header_2_text_align=\u00bbright\u00bb header_2_font_size=\u00bb29px\u00bb custom_margin=\u00bb||0px||false|false\u00bb custom_padding=\u00bb|15%|0px||false|false\u00bb header_2_text_align_tablet=\u00bb\u00bb header_2_text_align_phone=\u00bbleft\u00bb header_2_text_align_last_edited=\u00bbon|phone\u00bb header_2_font_size_tablet=\u00bb51px\u00bb header_2_font_size_phone=\u00bb25px\u00bb header_2_font_size_last_edited=\u00bbon|phone\u00bb border_width_right=\u00bb2px\u00bb border_color_right=\u00bb#cccccc\u00bb border_width_right_tablet=\u00bb\u00bb border_width_right_phone=\u00bb0px\u00bb border_width_right_last_edited=\u00bbon|phone\u00bb locked=\u00bboff\u00bb global_colors_info=\u00bb{}\u00bb]<\/p>\n<h2>Beneficios del GAP en Palencia calle Jos\u00e9 Zorrilla<\/h2>\n<p>[\/et_pb_text][\/et_pb_column][et_pb_column type=\u00bb2_3&#8243; _builder_version=\u00bb4.16&#8243; _module_preset=\u00bbdefault\u00bb global_colors_info=\u00bb{}\u00bb][et_pb_text _builder_version=\u00bb4.27.0&#8243; text_font=\u00bb|300|||||||\u00bb text_text_color=\u00bb#cccccc\u00bb text_line_height=\u00bb1.1em\u00bb header_font=\u00bb|300|||||||\u00bb header_2_font=\u00bb|300||on|||||\u00bb header_2_text_color=\u00bb#cccccc\u00bb header_2_font_size=\u00bb36px\u00bb header_2_letter_spacing=\u00bb2px\u00bb background_layout=\u00bbdark\u00bb hover_enabled=\u00bb0&#8243; global_colors_info=\u00bb{}\u00bb sticky_enabled=\u00bb0&#8243;]<\/p>\n<p><span style=\"font-weight: 400;\">M\u00e1s all\u00e1 de los resultados f\u00edsicos, el GAP tambi\u00e9n tiene un <\/span><b>impacto positivo en la salud mental<\/b><span style=\"font-weight: 400;\">. Ayuda a reducir el estr\u00e9s, aumenta la autoestima y fomenta la socializaci\u00f3n en un entorno de apoyo mutuo. Entre los principales beneficios destacan:<\/span><\/p>\n<ul>\n<li style=\"font-weight: 400;\" aria-level=\"1\"><span style=\"font-weight: 400;\">Fortalecimiento muscular: Tonifica gl\u00fateos, abdominales y piernas, mejorando la postura y apariencia f\u00edsica.<\/span><\/li>\n<li style=\"font-weight: 400;\" aria-level=\"1\"><span style=\"font-weight: 400;\">Mayor resistencia: Los ejercicios cardiovasculares incrementan la capacidad pulmonar y cardiovascular.<\/span><\/li>\n<li style=\"font-weight: 400;\" aria-level=\"1\"><span style=\"font-weight: 400;\">Bienestar mental: Libera endorfinas que mejoran el estado de \u00e1nimo, reducen el estr\u00e9s y favorecen la calidad del sue\u00f1o y la concentraci\u00f3n.<\/span><\/li>\n<\/ul>\n<p>[\/et_pb_text][\/et_pb_column][\/et_pb_row][\/et_pb_section][et_pb_section fb_built=\u00bb1&#8243; custom_padding_last_edited=\u00bbon|phone\u00bb _builder_version=\u00bb4.16&#8243; _module_preset=\u00bbdefault\u00bb background_color=\u00bb#262626&#8243; custom_padding=\u00bb0px||50px||false|false\u00bb custom_padding_tablet=\u00bb\u00bb custom_padding_phone=\u00bb||30px||false|false\u00bb global_colors_info=\u00bb{}\u00bb][et_pb_row column_structure=\u00bb1_3,2_3&#8243; custom_padding_last_edited=\u00bbon|phone\u00bb _builder_version=\u00bb4.16&#8243; _module_preset=\u00bbdefault\u00bb custom_padding_tablet=\u00bb\u00bb custom_padding_phone=\u00bb0px||0px||false|false\u00bb global_colors_info=\u00bb{}\u00bb][et_pb_column type=\u00bb1_3&#8243; _builder_version=\u00bb4.16&#8243; _module_preset=\u00bbdefault\u00bb global_colors_info=\u00bb{}\u00bb][et_pb_text _builder_version=\u00bb4.27.0&#8243; text_font=\u00bb||||||||\u00bb header_font=\u00bb||||||||\u00bb header_text_align=\u00bbcenter\u00bb header_2_font=\u00bb|300||on|||||\u00bb header_2_text_align=\u00bbright\u00bb header_2_font_size=\u00bb29px\u00bb custom_margin=\u00bb||0px||false|false\u00bb custom_padding=\u00bb|15%|0px||false|false\u00bb hover_enabled=\u00bb0&#8243; header_2_text_align_tablet=\u00bb\u00bb header_2_text_align_phone=\u00bbleft\u00bb header_2_text_align_last_edited=\u00bbon|phone\u00bb header_2_font_size_tablet=\u00bb51px\u00bb header_2_font_size_phone=\u00bb25px\u00bb header_2_font_size_last_edited=\u00bbon|phone\u00bb border_width_right=\u00bb2px\u00bb border_color_right=\u00bb#cccccc\u00bb border_width_right_tablet=\u00bb\u00bb border_width_right_phone=\u00bb0px\u00bb border_width_right_last_edited=\u00bbon|phone\u00bb locked=\u00bboff\u00bb global_colors_info=\u00bb{}\u00bb sticky_enabled=\u00bb0&#8243;]<\/p>\n<h2>Por qu\u00e9 GAP en Sparta Sport Center Palencia calle Jos\u00e9 Zorrilla<\/h2>\n<p>[\/et_pb_text][\/et_pb_column][et_pb_column type=\u00bb2_3&#8243; _builder_version=\u00bb4.16&#8243; _module_preset=\u00bbdefault\u00bb global_colors_info=\u00bb{}\u00bb][et_pb_text _builder_version=\u00bb4.27.0&#8243; text_font=\u00bb|300|||||||\u00bb text_text_color=\u00bb#cccccc\u00bb text_line_height=\u00bb1.1em\u00bb header_font=\u00bb|300|||||||\u00bb header_2_font=\u00bb|300||on|||||\u00bb header_2_text_color=\u00bb#cccccc\u00bb header_2_font_size=\u00bb36px\u00bb header_2_letter_spacing=\u00bb2px\u00bb background_layout=\u00bbdark\u00bb hover_enabled=\u00bb0&#8243; global_colors_info=\u00bb{}\u00bb sticky_enabled=\u00bb0&#8243;]<\/p>\n<p><span style=\"font-weight: 400;\">Si buscas el lugar perfecto para practicar GAP en Palencia, en Sparta Sport Center somos tu mejor opci\u00f3n. Ofrecemos<\/span><b> instalaciones de primera categor\u00eda<\/b><span style=\"font-weight: 400;\"> y un ambiente dise\u00f1ado para ayudarte a alcanzar tus metas.<\/span><\/p>\n<p><span style=\"font-weight: 400;\">Con una atenci\u00f3n personalizada y un seguimiento constante, nuestros entrenadores adaptan los ejercicios a tus necesidades espec\u00edficas para garantizar resultados \u00f3ptimos. Adem\u00e1s, contamos con una amplia variedad de horarios para que encuentres la clase que mejor se ajuste a tu rutina.<\/span><\/p>\n<p><span style=\"font-weight: 400;\">\u00a1No esperes m\u00e1s! \u00danete a las clases de GAP en Sparta Sport Center Palencia<\/span> <span style=\"font-weight: 400;\">y comienza a transformar tu cuerpo y mente mientras disfrutas de una experiencia \u00fanica.<\/span><\/p>\n<p>[\/et_pb_text][\/et_pb_column][\/et_pb_row][\/et_pb_section]<\/p>\n","protected":false},"excerpt":{"rendered":"<p>Clases de GAP en Palencia calle Jos\u00e9 ZorrillaGAP, que significa Gl\u00fateos, Abdominales y Piernas, es una modalidad de entrenamiento que ha ganado gran popularidad en los \u00faltimos a\u00f1os. Y no hay mejor lugar para practicarlo que en Sparta Sport Center. En Sparta Sport Center, nuestras clases de GAP est\u00e1n dise\u00f1adas para adaptarse a las necesidades [&hellip;]<\/p>\n","protected":false},"author":1,"featured_media":220458,"parent":0,"menu_order":0,"comment_status":"closed","ping_status":"closed","template":"","meta":{"_et_pb_use_builder":"on","_et_pb_old_content":"","_et_gb_content_width":"","footnotes":""},"class_list":["post-206550","page","type-page","status-publish","has-post-thumbnail","hentry"],"yoast_head":"<!-- This site is optimized with the Yoast SEO plugin v27.4 - https:\/\/yoast.com\/product\/yoast-seo-wordpress\/ -->\n<title>GAP en Palencia \u00a11 D\u00cdA GRATIS! | Sparta Sport Center<\/title>\n<meta name=\"description\" content=\"Inscr\u00edbete y disfruta de nuestras clases de GAP en Palencia, contamos con un equipo de Instructores 100% dedicados a mejorar tu bienestar.\" \/>\n<meta name=\"robots\" content=\"index, follow, max-snippet:-1, max-image-preview:large, max-video-preview:-1\" \/>\n<link rel=\"canonical\" href=\"https:\/\/spartasportcenter.com\/palencia-calle-jose-zorrilla\/gap-palencia-calle-jose-zorrilla\/\" \/>\n<meta property=\"og:locale\" content=\"es_ES\" \/>\n<meta property=\"og:type\" content=\"article\" \/>\n<meta property=\"og:title\" content=\"GAP en Palencia \u00a11 D\u00cdA GRATIS! | Sparta Sport Center\" \/>\n<meta property=\"og:description\" content=\"Inscr\u00edbete y disfruta de nuestras clases de GAP en Palencia, contamos con un equipo de Instructores 100% dedicados a mejorar tu bienestar.\" \/>\n<meta property=\"og:url\" content=\"https:\/\/spartasportcenter.com\/palencia-calle-jose-zorrilla\/gap-palencia-calle-jose-zorrilla\/\" \/>\n<meta property=\"og:site_name\" content=\"Sparta Sport Center Palencia\" \/>\n<meta property=\"article:modified_time\" content=\"2025-01-27T10:44:09+00:00\" \/>\n<meta property=\"og:image\" content=\"https:\/\/spartasportcenter.com\/palencia-calle-jose-zorrilla\/wp-content\/uploads\/2025\/01\/gap-palencia.webp\" \/>\n\t<meta property=\"og:image:width\" content=\"2000\" \/>\n\t<meta property=\"og:image:height\" content=\"1333\" \/>\n\t<meta property=\"og:image:type\" content=\"image\/webp\" \/>\n<meta name=\"twitter:card\" content=\"summary_large_image\" \/>\n<meta name=\"twitter:label1\" content=\"Tiempo de lectura\" \/>\n\t<meta name=\"twitter:data1\" content=\"3 minutos\" \/>\n<script type=\"application\/ld+json\" class=\"yoast-schema-graph\">{\"@context\":\"https:\\\/\\\/schema.org\",\"@graph\":[{\"@type\":\"WebPage\",\"@id\":\"https:\\\/\\\/spartasportcenter.com\\\/palencia-calle-jose-zorrilla\\\/gap-palencia-calle-jose-zorrilla\\\/\",\"url\":\"https:\\\/\\\/spartasportcenter.com\\\/palencia-calle-jose-zorrilla\\\/gap-palencia-calle-jose-zorrilla\\\/\",\"name\":\"GAP en Palencia \u00a11 D\u00cdA GRATIS! | Sparta Sport Center\",\"isPartOf\":{\"@id\":\"https:\\\/\\\/spartasportcenter.com\\\/palencia-calle-jose-zorrilla\\\/#website\"},\"primaryImageOfPage\":{\"@id\":\"https:\\\/\\\/spartasportcenter.com\\\/palencia-calle-jose-zorrilla\\\/gap-palencia-calle-jose-zorrilla\\\/#primaryimage\"},\"image\":{\"@id\":\"https:\\\/\\\/spartasportcenter.com\\\/palencia-calle-jose-zorrilla\\\/gap-palencia-calle-jose-zorrilla\\\/#primaryimage\"},\"thumbnailUrl\":\"https:\\\/\\\/spartasportcenter.com\\\/palencia-calle-jose-zorrilla\\\/wp-content\\\/uploads\\\/2025\\\/01\\\/gap-palencia.webp\",\"datePublished\":\"2018-08-20T15:44:57+00:00\",\"dateModified\":\"2025-01-27T10:44:09+00:00\",\"description\":\"Inscr\u00edbete y disfruta de nuestras clases de GAP en Palencia, contamos con un equipo de Instructores 100% dedicados a mejorar tu bienestar.\",\"breadcrumb\":{\"@id\":\"https:\\\/\\\/spartasportcenter.com\\\/palencia-calle-jose-zorrilla\\\/gap-palencia-calle-jose-zorrilla\\\/#breadcrumb\"},\"inLanguage\":\"es\",\"potentialAction\":[{\"@type\":\"ReadAction\",\"target\":[\"https:\\\/\\\/spartasportcenter.com\\\/palencia-calle-jose-zorrilla\\\/gap-palencia-calle-jose-zorrilla\\\/\"]}]},{\"@type\":\"ImageObject\",\"inLanguage\":\"es\",\"@id\":\"https:\\\/\\\/spartasportcenter.com\\\/palencia-calle-jose-zorrilla\\\/gap-palencia-calle-jose-zorrilla\\\/#primaryimage\",\"url\":\"https:\\\/\\\/spartasportcenter.com\\\/palencia-calle-jose-zorrilla\\\/wp-content\\\/uploads\\\/2025\\\/01\\\/gap-palencia.webp\",\"contentUrl\":\"https:\\\/\\\/spartasportcenter.com\\\/palencia-calle-jose-zorrilla\\\/wp-content\\\/uploads\\\/2025\\\/01\\\/gap-palencia.webp\",\"width\":2000,\"height\":1333,\"caption\":\"gap palencia\"},{\"@type\":\"BreadcrumbList\",\"@id\":\"https:\\\/\\\/spartasportcenter.com\\\/palencia-calle-jose-zorrilla\\\/gap-palencia-calle-jose-zorrilla\\\/#breadcrumb\",\"itemListElement\":[{\"@type\":\"ListItem\",\"position\":1,\"name\":\"Portada\",\"item\":\"https:\\\/\\\/spartasportcenter.com\\\/palencia-calle-jose-zorrilla\\\/\"},{\"@type\":\"ListItem\",\"position\":2,\"name\":\"GAP Palencia calle Jos\u00e9 Zorrilla\"}]},{\"@type\":\"WebSite\",\"@id\":\"https:\\\/\\\/spartasportcenter.com\\\/palencia-calle-jose-zorrilla\\\/#website\",\"url\":\"https:\\\/\\\/spartasportcenter.com\\\/palencia-calle-jose-zorrilla\\\/\",\"name\":\"Sparta Sport Center Palencia\",\"description\":\"Gimnasios en Palencia\",\"potentialAction\":[{\"@type\":\"SearchAction\",\"target\":{\"@type\":\"EntryPoint\",\"urlTemplate\":\"https:\\\/\\\/spartasportcenter.com\\\/palencia-calle-jose-zorrilla\\\/?s={search_term_string}\"},\"query-input\":{\"@type\":\"PropertyValueSpecification\",\"valueRequired\":true,\"valueName\":\"search_term_string\"}}],\"inLanguage\":\"es\"}]}<\/script>\n<!-- \/ Yoast SEO plugin. -->","yoast_head_json":{"title":"GAP en Palencia \u00a11 D\u00cdA GRATIS! | Sparta Sport Center","description":"Inscr\u00edbete y disfruta de nuestras clases de GAP en Palencia, contamos con un equipo de Instructores 100% dedicados a mejorar tu bienestar.","robots":{"index":"index","follow":"follow","max-snippet":"max-snippet:-1","max-image-preview":"max-image-preview:large","max-video-preview":"max-video-preview:-1"},"canonical":"https:\/\/spartasportcenter.com\/palencia-calle-jose-zorrilla\/gap-palencia-calle-jose-zorrilla\/","og_locale":"es_ES","og_type":"article","og_title":"GAP en Palencia \u00a11 D\u00cdA GRATIS! | Sparta Sport Center","og_description":"Inscr\u00edbete y disfruta de nuestras clases de GAP en Palencia, contamos con un equipo de Instructores 100% dedicados a mejorar tu bienestar.","og_url":"https:\/\/spartasportcenter.com\/palencia-calle-jose-zorrilla\/gap-palencia-calle-jose-zorrilla\/","og_site_name":"Sparta Sport Center Palencia","article_modified_time":"2025-01-27T10:44:09+00:00","og_image":[{"width":2000,"height":1333,"url":"https:\/\/spartasportcenter.com\/palencia-calle-jose-zorrilla\/wp-content\/uploads\/2025\/01\/gap-palencia.webp","type":"image\/webp"}],"twitter_card":"summary_large_image","twitter_misc":{"Tiempo de lectura":"3 minutos"},"schema":{"@context":"https:\/\/schema.org","@graph":[{"@type":"WebPage","@id":"https:\/\/spartasportcenter.com\/palencia-calle-jose-zorrilla\/gap-palencia-calle-jose-zorrilla\/","url":"https:\/\/spartasportcenter.com\/palencia-calle-jose-zorrilla\/gap-palencia-calle-jose-zorrilla\/","name":"GAP en Palencia \u00a11 D\u00cdA GRATIS! | Sparta Sport Center","isPartOf":{"@id":"https:\/\/spartasportcenter.com\/palencia-calle-jose-zorrilla\/#website"},"primaryImageOfPage":{"@id":"https:\/\/spartasportcenter.com\/palencia-calle-jose-zorrilla\/gap-palencia-calle-jose-zorrilla\/#primaryimage"},"image":{"@id":"https:\/\/spartasportcenter.com\/palencia-calle-jose-zorrilla\/gap-palencia-calle-jose-zorrilla\/#primaryimage"},"thumbnailUrl":"https:\/\/spartasportcenter.com\/palencia-calle-jose-zorrilla\/wp-content\/uploads\/2025\/01\/gap-palencia.webp","datePublished":"2018-08-20T15:44:57+00:00","dateModified":"2025-01-27T10:44:09+00:00","description":"Inscr\u00edbete y disfruta de nuestras clases de GAP en Palencia, contamos con un equipo de Instructores 100% dedicados a mejorar tu bienestar.","breadcrumb":{"@id":"https:\/\/spartasportcenter.com\/palencia-calle-jose-zorrilla\/gap-palencia-calle-jose-zorrilla\/#breadcrumb"},"inLanguage":"es","potentialAction":[{"@type":"ReadAction","target":["https:\/\/spartasportcenter.com\/palencia-calle-jose-zorrilla\/gap-palencia-calle-jose-zorrilla\/"]}]},{"@type":"ImageObject","inLanguage":"es","@id":"https:\/\/spartasportcenter.com\/palencia-calle-jose-zorrilla\/gap-palencia-calle-jose-zorrilla\/#primaryimage","url":"https:\/\/spartasportcenter.com\/palencia-calle-jose-zorrilla\/wp-content\/uploads\/2025\/01\/gap-palencia.webp","contentUrl":"https:\/\/spartasportcenter.com\/palencia-calle-jose-zorrilla\/wp-content\/uploads\/2025\/01\/gap-palencia.webp","width":2000,"height":1333,"caption":"gap palencia"},{"@type":"BreadcrumbList","@id":"https:\/\/spartasportcenter.com\/palencia-calle-jose-zorrilla\/gap-palencia-calle-jose-zorrilla\/#breadcrumb","itemListElement":[{"@type":"ListItem","position":1,"name":"Portada","item":"https:\/\/spartasportcenter.com\/palencia-calle-jose-zorrilla\/"},{"@type":"ListItem","position":2,"name":"GAP Palencia calle Jos\u00e9 Zorrilla"}]},{"@type":"WebSite","@id":"https:\/\/spartasportcenter.com\/palencia-calle-jose-zorrilla\/#website","url":"https:\/\/spartasportcenter.com\/palencia-calle-jose-zorrilla\/","name":"Sparta Sport Center Palencia","description":"Gimnasios en Palencia","potentialAction":[{"@type":"SearchAction","target":{"@type":"EntryPoint","urlTemplate":"https:\/\/spartasportcenter.com\/palencia-calle-jose-zorrilla\/?s={search_term_string}"},"query-input":{"@type":"PropertyValueSpecification","valueRequired":true,"valueName":"search_term_string"}}],"inLanguage":"es"}]}},"_links":{"self":[{"href":"https:\/\/spartasportcenter.com\/palencia-calle-jose-zorrilla\/wp-json\/wp\/v2\/pages\/206550","targetHints":{"allow":["GET"]}}],"collection":[{"href":"https:\/\/spartasportcenter.com\/palencia-calle-jose-zorrilla\/wp-json\/wp\/v2\/pages"}],"about":[{"href":"https:\/\/spartasportcenter.com\/palencia-calle-jose-zorrilla\/wp-json\/wp\/v2\/types\/page"}],"author":[{"embeddable":true,"href":"https:\/\/spartasportcenter.com\/palencia-calle-jose-zorrilla\/wp-json\/wp\/v2\/users\/1"}],"replies":[{"embeddable":true,"href":"https:\/\/spartasportcenter.com\/palencia-calle-jose-zorrilla\/wp-json\/wp\/v2\/comments?post=206550"}],"version-history":[{"count":27,"href":"https:\/\/spartasportcenter.com\/palencia-calle-jose-zorrilla\/wp-json\/wp\/v2\/pages\/206550\/revisions"}],"predecessor-version":[{"id":220517,"href":"https:\/\/spartasportcenter.com\/palencia-calle-jose-zorrilla\/wp-json\/wp\/v2\/pages\/206550\/revisions\/220517"}],"wp:featuredmedia":[{"embeddable":true,"href":"https:\/\/spartasportcenter.com\/palencia-calle-jose-zorrilla\/wp-json\/wp\/v2\/media\/220458"}],"wp:attachment":[{"href":"https:\/\/spartasportcenter.com\/palencia-calle-jose-zorrilla\/wp-json\/wp\/v2\/media?parent=206550"}],"curies":[{"name":"wp","href":"https:\/\/api.w.org\/{rel}","templated":true}]}}