{"id":206533,"date":"2018-08-20T15:24:35","date_gmt":"2018-08-20T15:24:35","guid":{"rendered":"https:\/\/pamplona.spartasportcenter.com\/?page_id=206533"},"modified":"2025-09-22T10:25:41","modified_gmt":"2025-09-22T08:25:41","slug":"entrenador-personal-palencia-calle-jose-zorrilla","status":"publish","type":"page","link":"https:\/\/spartasportcenter.com\/palencia-calle-jose-zorrilla\/entrenador-personal-palencia-calle-jose-zorrilla\/","title":{"rendered":"Entrenador Personal Palencia calle Jos\u00e9 Zorrilla"},"content":{"rendered":"<p>[et_pb_section fb_built=\u00bb1&#8243; custom_padding_last_edited=\u00bbon|phone\u00bb disabled_on=\u00bboff|off|off\u00bb _builder_version=\u00bb4.16&#8243; background_color=\u00bb#262626&#8243; background_enable_image=\u00bboff\u00bb custom_margin=\u00bb||||false|false\u00bb custom_padding=\u00bb80px|0px|0px|0px|false|false\u00bb custom_padding_tablet=\u00bb\u00bb custom_padding_phone=\u00bb30px||50px||false|false\u00bb global_colors_info=\u00bb{}\u00bb][et_pb_row column_structure=\u00bb1_3,2_3&#8243; custom_padding_last_edited=\u00bbon|desktop\u00bb _builder_version=\u00bb4.16&#8243; _module_preset=\u00bbdefault\u00bb custom_padding=\u00bb0px||||false|false\u00bb custom_padding_tablet=\u00bb\u00bb custom_padding_phone=\u00bb0px||||false|false\u00bb global_colors_info=\u00bb{}\u00bb][et_pb_column type=\u00bb1_3&#8243; _builder_version=\u00bb4.16&#8243; _module_preset=\u00bbdefault\u00bb global_colors_info=\u00bb{}\u00bb][et_pb_text _builder_version=\u00bb4.27.4&#8243; text_font=\u00bb||||||||\u00bb header_font=\u00bb||||||||\u00bb header_text_align=\u00bbcenter\u00bb header_2_font=\u00bb|300||on|||||\u00bb header_2_text_align=\u00bbright\u00bb header_2_font_size=\u00bb29px\u00bb custom_margin=\u00bb||0px||false|false\u00bb custom_padding=\u00bb|15%|0px||false|false\u00bb hover_enabled=\u00bb0&#8243; header_2_text_align_tablet=\u00bb\u00bb header_2_text_align_phone=\u00bbleft\u00bb header_2_text_align_last_edited=\u00bbon|phone\u00bb header_2_font_size_tablet=\u00bb51px\u00bb header_2_font_size_phone=\u00bb25px\u00bb header_2_font_size_last_edited=\u00bbon|phone\u00bb border_width_right=\u00bb2px\u00bb border_color_right=\u00bb#cccccc\u00bb border_width_right_tablet=\u00bb\u00bb border_width_right_phone=\u00bb0px\u00bb border_width_right_last_edited=\u00bbon|phone\u00bb locked=\u00bboff\u00bb global_colors_info=\u00bb{}\u00bb sticky_enabled=\u00bb0&#8243;]<\/p>\n<h2>Alcanza tus objetivos<\/h2>\n<p>[\/et_pb_text][\/et_pb_column][et_pb_column type=\u00bb2_3&#8243; _builder_version=\u00bb4.16&#8243; _module_preset=\u00bbdefault\u00bb global_colors_info=\u00bb{}\u00bb][et_pb_text _builder_version=\u00bb4.27.0&#8243; text_font=\u00bb|300|||||||\u00bb text_text_color=\u00bb#cccccc\u00bb text_line_height=\u00bb1.1em\u00bb header_font=\u00bb|300|||||||\u00bb header_2_font=\u00bb|300||on|||||\u00bb header_2_text_color=\u00bb#cccccc\u00bb header_2_font_size=\u00bb36px\u00bb header_2_letter_spacing=\u00bb2px\u00bb background_layout=\u00bbdark\u00bb global_colors_info=\u00bb{}\u00bb]<\/p>\n<p><span style=\"font-weight: 400;\">\u00bfQuieres mejorar tu forma f\u00edsica y alcanzar tus metas personales? En Sparta Sport Center, ponemos a tu disposici\u00f3n a nuestro excepcional entrenador personal en Palencia, quien te guiar\u00e1 para convertirte en la <\/span><b>mejor versi\u00f3n de ti mismo y transformar tu bienestar f\u00edsico<\/b><span style=\"font-weight: 400;\">.<\/span><\/p>\n<p><span style=\"font-weight: 400;\">Nuestro entrenador personal en Palencia ser\u00e1 tu gu\u00eda y mentor en el camino hacia tus objetivos. Con una s\u00f3lida experiencia y conocimiento en acondicionamiento f\u00edsico, te ayudar\u00e1 a:<\/span><\/p>\n<p>[\/et_pb_text][et_pb_button button_text=\u00bb+\u00bb button_alignment=\u00bbcenter\u00bb module_class=\u00bbrv_button closed\u00bb _builder_version=\u00bb4.21.0&#8243; custom_button=\u00bbon\u00bb button_text_size=\u00bb39px\u00bb button_text_color=\u00bb#cccccc\u00bb button_border_width=\u00bb0px\u00bb button_border_radius=\u00bb0px\u00bb button_font=\u00bbOswald|700|||||||\u00bb button_use_icon=\u00bboff\u00bb custom_margin=\u00bb-40px|0px|-10px|0px|false|false\u00bb custom_padding=\u00bb0px|0px|0px|0px|true|\u00bb button_text_color_hover=\u00bbrgba(224,43,32,0.76)\u00bb button_bg_color_hover=\u00bbrgba(255,255,255,0)\u00bb locked=\u00bboff\u00bb global_colors_info=\u00bb{}\u00bb button_text_size__hover_enabled=\u00bboff\u00bb button_one_text_size__hover_enabled=\u00bboff\u00bb button_two_text_size__hover_enabled=\u00bboff\u00bb button_text_color__hover_enabled=\u00bbon|desktop\u00bb button_text_color__hover=\u00bbrgba(255,255,255,0.5)\u00bb button_one_text_color__hover_enabled=\u00bboff\u00bb button_two_text_color__hover_enabled=\u00bboff\u00bb button_border_width__hover_enabled=\u00bboff\u00bb button_one_border_width__hover_enabled=\u00bboff\u00bb button_two_border_width__hover_enabled=\u00bboff\u00bb button_border_color__hover_enabled=\u00bboff\u00bb button_one_border_color__hover_enabled=\u00bboff\u00bb button_two_border_color__hover_enabled=\u00bboff\u00bb button_border_radius__hover_enabled=\u00bboff\u00bb button_one_border_radius__hover_enabled=\u00bboff\u00bb button_two_border_radius__hover_enabled=\u00bboff\u00bb button_letter_spacing__hover_enabled=\u00bboff\u00bb button_one_letter_spacing__hover_enabled=\u00bboff\u00bb button_two_letter_spacing__hover_enabled=\u00bboff\u00bb button_bg_color__hover_enabled=\u00bbon\u00bb button_bg_color__hover=\u00bbrgba(255,255,255,0)\u00bb button_one_bg_color__hover_enabled=\u00bboff\u00bb button_two_bg_color__hover_enabled=\u00bboff\u00bb]&nbsp;<br \/>\n[\/et_pb_button][et_pb_text module_id=\u00bbreveal\u00bb _builder_version=\u00bb4.27.0&#8243; text_font=\u00bb|300|||||||\u00bb text_text_color=\u00bb#cccccc\u00bb text_line_height=\u00bb1.1em\u00bb header_font=\u00bb|300|||||||\u00bb header_2_font=\u00bb|300||on|||||\u00bb header_2_text_color=\u00bb#cccccc\u00bb header_2_font_size=\u00bb36px\u00bb header_2_letter_spacing=\u00bb2px\u00bb background_layout=\u00bbdark\u00bb global_colors_info=\u00bb{}\u00bb]<\/p>\n<ul>\n<li style=\"font-weight: 400;\" aria-level=\"1\"><span style=\"font-weight: 400;\">Establecer metas realistas.<\/span><\/li>\n<li style=\"font-weight: 400;\" aria-level=\"1\"><span style=\"font-weight: 400;\">Dise\u00f1ar un plan de entrenamiento personalizado que se adapte a tus necesidades y capacidades.<\/span><\/li>\n<li style=\"font-weight: 400;\" aria-level=\"1\"><span style=\"font-weight: 400;\">Alcanzar objetivos como perder peso, tonificar tu cuerpo o mejorar tu resistencia.<\/span><\/li>\n<\/ul>\n<p><span style=\"font-weight: 400;\">Te acompa\u00f1ar\u00e1 en cada paso del proceso, asegur\u00e1ndose de que <\/span><b>cada sesi\u00f3n sea segura, efectiva y ajustada a tu progreso<\/b><span style=\"font-weight: 400;\">. Adem\u00e1s de guiarte en el aspecto f\u00edsico, tambi\u00e9n pone \u00e9nfasis en:<\/span><\/p>\n<ul>\n<li style=\"font-weight: 400;\" aria-level=\"1\"><span style=\"font-weight: 400;\">Nutrici\u00f3n: Asesoramiento para una dieta equilibrada y adaptada a tus metas.<\/span><\/li>\n<li style=\"font-weight: 400;\" aria-level=\"1\"><span style=\"font-weight: 400;\">Descanso: Ayuda para optimizar tu recuperaci\u00f3n y rendimiento.<\/span><\/li>\n<li style=\"font-weight: 400;\" aria-level=\"1\"><span style=\"font-weight: 400;\">Bienestar mental: Apoyo para mantener una actitud positiva y superar cualquier obst\u00e1culo.<\/span><\/li>\n<\/ul>\n<p><span style=\"font-weight: 400;\">Nuestro enfoque integral asegura que logres un equilibrio f\u00edsico y emocional, indispensable para alcanzar el \u00e9xito y sentirte pleno.<\/span><\/p>\n<p>[\/et_pb_text][\/et_pb_column][\/et_pb_row][et_pb_row column_structure=\u00bb1_3,2_3&#8243; custom_padding_last_edited=\u00bbon|phone\u00bb _builder_version=\u00bb4.16&#8243; _module_preset=\u00bbdefault\u00bb custom_margin=\u00bb||0px||false|false\u00bb custom_padding=\u00bb||||false|false\u00bb custom_padding_tablet=\u00bb\u00bb custom_padding_phone=\u00bb0px||0px||false|false\u00bb global_colors_info=\u00bb{}\u00bb][et_pb_column type=\u00bb1_3&#8243; _builder_version=\u00bb4.16&#8243; _module_preset=\u00bbdefault\u00bb global_colors_info=\u00bb{}\u00bb][et_pb_text _builder_version=\u00bb4.27.4&#8243; text_font=\u00bb||||||||\u00bb header_font=\u00bb||||||||\u00bb header_text_align=\u00bbcenter\u00bb header_2_font=\u00bb|300||on|||||\u00bb header_2_text_align=\u00bbright\u00bb header_2_font_size=\u00bb29px\u00bb custom_margin=\u00bb||0px||false|false\u00bb custom_padding=\u00bb|15%|0px||false|false\u00bb hover_enabled=\u00bb0&#8243; header_2_text_align_tablet=\u00bb\u00bb header_2_text_align_phone=\u00bbleft\u00bb header_2_text_align_last_edited=\u00bbon|phone\u00bb header_2_font_size_tablet=\u00bb51px\u00bb header_2_font_size_phone=\u00bb25px\u00bb header_2_font_size_last_edited=\u00bbon|phone\u00bb border_width_right=\u00bb2px\u00bb border_color_right=\u00bb#cccccc\u00bb border_width_right_tablet=\u00bb\u00bb border_width_right_phone=\u00bb0px\u00bb border_width_right_last_edited=\u00bbon|phone\u00bb locked=\u00bboff\u00bb global_colors_info=\u00bb{}\u00bb sticky_enabled=\u00bb0&#8243;]<\/p>\n<h2>Beneficios del entrenador personal en Palencia calle Jos\u00e9 Zorrilla<\/h2>\n<p>[\/et_pb_text][\/et_pb_column][et_pb_column type=\u00bb2_3&#8243; _builder_version=\u00bb4.16&#8243; _module_preset=\u00bbdefault\u00bb global_colors_info=\u00bb{}\u00bb][et_pb_text _builder_version=\u00bb4.27.0&#8243; text_font=\u00bb|300|||||||\u00bb text_text_color=\u00bb#cccccc\u00bb text_line_height=\u00bb1.1em\u00bb header_font=\u00bb|300|||||||\u00bb header_2_font=\u00bb|300||on|||||\u00bb header_2_text_color=\u00bb#cccccc\u00bb header_2_font_size=\u00bb36px\u00bb header_2_letter_spacing=\u00bb2px\u00bb background_layout=\u00bbdark\u00bb global_colors_info=\u00bb{}\u00bb]<\/p>\n<p><span style=\"font-weight: 400;\">Contar con un entrenador personal ofrece numerosos beneficios:<\/span><\/p>\n<ul>\n<li style=\"font-weight: 400;\" aria-level=\"1\"><span style=\"font-weight: 400;\">Atenci\u00f3n individualizada: Seguimiento continuo para garantizar que realices cada ejercicio de manera correcta y segura, maximizando resultados y evitando lesiones.<\/span><\/li>\n<li style=\"font-weight: 400;\" aria-level=\"1\"><span style=\"font-weight: 400;\">Motivaci\u00f3n constante: Supera los momentos de des\u00e1nimo con el impulso y apoyo de tu entrenador.<\/span><\/li>\n<li style=\"font-weight: 400;\" aria-level=\"1\"><span style=\"font-weight: 400;\">Variedad y dinamismo: Sesiones dise\u00f1adas para mantener el inter\u00e9s y evitar la monoton\u00eda, ajustando los ejercicios a medida que progresas.<\/span><\/li>\n<li style=\"font-weight: 400;\" aria-level=\"1\"><span style=\"font-weight: 400;\">Asesoramiento en h\u00e1bitos saludables: Recibe recomendaciones sobre alimentaci\u00f3n y estilo de vida para potenciar tus resultados y mejorar tu salud integral.<\/span><\/li>\n<\/ul>\n<p>[\/et_pb_text][\/et_pb_column][\/et_pb_row][\/et_pb_section][et_pb_section fb_built=\u00bb1&#8243; custom_padding_last_edited=\u00bbon|phone\u00bb _builder_version=\u00bb4.16&#8243; _module_preset=\u00bbdefault\u00bb background_color=\u00bb#262626&#8243; custom_padding=\u00bb0px||50px||false|false\u00bb custom_padding_tablet=\u00bb\u00bb custom_padding_phone=\u00bb||30px||false|false\u00bb global_colors_info=\u00bb{}\u00bb][et_pb_row column_structure=\u00bb1_3,2_3&#8243; custom_padding_last_edited=\u00bbon|phone\u00bb _builder_version=\u00bb4.16&#8243; _module_preset=\u00bbdefault\u00bb custom_padding_tablet=\u00bb\u00bb custom_padding_phone=\u00bb0px||0px||false|false\u00bb global_colors_info=\u00bb{}\u00bb][et_pb_column type=\u00bb1_3&#8243; _builder_version=\u00bb4.16&#8243; _module_preset=\u00bbdefault\u00bb global_colors_info=\u00bb{}\u00bb][et_pb_text _builder_version=\u00bb4.27.4&#8243; text_font=\u00bb||||||||\u00bb header_font=\u00bb||||||||\u00bb header_text_align=\u00bbcenter\u00bb header_2_font=\u00bb|300||on|||||\u00bb header_2_text_align=\u00bbright\u00bb header_2_font_size=\u00bb29px\u00bb custom_margin=\u00bb||0px||false|false\u00bb custom_padding=\u00bb|15%|0px||false|false\u00bb hover_enabled=\u00bb0&#8243; header_2_text_align_tablet=\u00bb\u00bb header_2_text_align_phone=\u00bbleft\u00bb header_2_text_align_last_edited=\u00bbon|phone\u00bb header_2_font_size_tablet=\u00bb51px\u00bb header_2_font_size_phone=\u00bb25px\u00bb header_2_font_size_last_edited=\u00bbon|phone\u00bb border_width_right=\u00bb2px\u00bb border_color_right=\u00bb#cccccc\u00bb border_width_right_tablet=\u00bb\u00bb border_width_right_phone=\u00bb0px\u00bb border_width_right_last_edited=\u00bbon|phone\u00bb locked=\u00bboff\u00bb global_colors_info=\u00bb{}\u00bb sticky_enabled=\u00bb0&#8243;]<\/p>\n<h2>Por qu\u00e9 entrenador personal en Sparta Sport Center Palencia calle Jos\u00e9 Zorrilla<\/h2>\n<p>[\/et_pb_text][\/et_pb_column][et_pb_column type=\u00bb2_3&#8243; _builder_version=\u00bb4.16&#8243; _module_preset=\u00bbdefault\u00bb global_colors_info=\u00bb{}\u00bb][et_pb_text _builder_version=\u00bb4.27.0&#8243; text_font=\u00bb|300|||||||\u00bb text_text_color=\u00bb#cccccc\u00bb text_line_height=\u00bb1.1em\u00bb header_font=\u00bb|300|||||||\u00bb header_2_font=\u00bb|300||on|||||\u00bb header_2_text_color=\u00bb#cccccc\u00bb header_2_font_size=\u00bb36px\u00bb header_2_letter_spacing=\u00bb2px\u00bb background_layout=\u00bbdark\u00bb global_colors_info=\u00bb{}\u00bb]<\/p>\n<p><span style=\"font-weight: 400;\">En Sparta Sport Center, contamos con uno de los mejores entrenadores personales de Palencia. Su pasi\u00f3n por el fitness, dedicaci\u00f3n a cada cliente y <\/span><b>amplios conocimientos en entrenamiento f\u00edsico, nutrici\u00f3n y prevenci\u00f3n de lesiones<\/b><span style=\"font-weight: 400;\"> lo convierten en el aliado perfecto para alcanzar tus metas.<\/span><\/p>\n<p><span style=\"font-weight: 400;\">Si est\u00e1s listo para transformar tu cuerpo y mejorar tu calidad de vida, nuestro entrenador personal te proporcionar\u00e1 la orientaci\u00f3n, el apoyo y la motivaci\u00f3n que necesitas. \u00a1Empieza hoy tu viaje hacia un cuerpo m\u00e1s fuerte y una vida m\u00e1s saludable!<\/span><\/p>\n<p><span style=\"font-weight: 400;\">En Sparta Sport Center, creemos en ti. \u00bfEst\u00e1s preparado para dar el primer paso?<\/span><\/p>\n<p>[\/et_pb_text][\/et_pb_column][\/et_pb_row][\/et_pb_section]<\/p>\n","protected":false},"excerpt":{"rendered":"<p>Alcanza tus objetivos\u00bfQuieres mejorar tu forma f\u00edsica y alcanzar tus metas personales? En Sparta Sport Center, ponemos a tu disposici\u00f3n a nuestro excepcional entrenador personal en Palencia, quien te guiar\u00e1 para convertirte en la mejor versi\u00f3n de ti mismo y transformar tu bienestar f\u00edsico. Nuestro entrenador personal en Palencia ser\u00e1 tu gu\u00eda y mentor en [&hellip;]<\/p>\n","protected":false},"author":1,"featured_media":220307,"parent":0,"menu_order":0,"comment_status":"closed","ping_status":"closed","template":"","meta":{"_et_pb_use_builder":"on","_et_pb_old_content":"","_et_gb_content_width":"","footnotes":""},"class_list":["post-206533","page","type-page","status-publish","has-post-thumbnail","hentry"],"yoast_head":"<!-- This site is optimized with the Yoast SEO plugin v27.4 - https:\/\/yoast.com\/product\/yoast-seo-wordpress\/ -->\n<title>Entrenador personal en Palencia | Sparta Sport Center<\/title>\n<meta name=\"description\" content=\"\u00bfEst\u00e1s buscando un gimnasio con entrenador personal en Palencia? En Sparta Sport Center podemos ayudarte. \u00a1Ap\u00fantate ya y disfruta de 1 d\u00eda gratis!\" \/>\n<meta name=\"robots\" content=\"index, follow, max-snippet:-1, max-image-preview:large, max-video-preview:-1\" \/>\n<link rel=\"canonical\" href=\"https:\/\/spartasportcenter.com\/palencia-calle-jose-zorrilla\/entrenador-personal-palencia-calle-jose-zorrilla\/\" \/>\n<meta property=\"og:locale\" content=\"es_ES\" \/>\n<meta property=\"og:type\" content=\"article\" \/>\n<meta property=\"og:title\" content=\"Entrenador personal en Palencia | Sparta Sport Center\" \/>\n<meta property=\"og:description\" content=\"\u00bfEst\u00e1s buscando un gimnasio con entrenador personal en Palencia? En Sparta Sport Center podemos ayudarte. \u00a1Ap\u00fantate ya y disfruta de 1 d\u00eda gratis!\" \/>\n<meta property=\"og:url\" content=\"https:\/\/spartasportcenter.com\/palencia-calle-jose-zorrilla\/entrenador-personal-palencia-calle-jose-zorrilla\/\" \/>\n<meta property=\"og:site_name\" content=\"Sparta Sport Center Palencia\" \/>\n<meta property=\"article:modified_time\" content=\"2025-09-22T08:25:41+00:00\" \/>\n<meta property=\"og:image\" content=\"https:\/\/spartasportcenter.com\/palencia-calle-jose-zorrilla\/wp-content\/uploads\/2024\/03\/entrenador-personal-cabecera.jpg\" \/>\n\t<meta property=\"og:image:width\" content=\"2000\" \/>\n\t<meta property=\"og:image:height\" content=\"1333\" \/>\n\t<meta property=\"og:image:type\" content=\"image\/jpeg\" \/>\n<meta name=\"twitter:card\" content=\"summary_large_image\" \/>\n<meta name=\"twitter:label1\" content=\"Tiempo de lectura\" \/>\n\t<meta name=\"twitter:data1\" content=\"4 minutos\" \/>\n<script type=\"application\/ld+json\" class=\"yoast-schema-graph\">{\"@context\":\"https:\\\/\\\/schema.org\",\"@graph\":[{\"@type\":\"WebPage\",\"@id\":\"https:\\\/\\\/spartasportcenter.com\\\/palencia-calle-jose-zorrilla\\\/entrenador-personal-palencia-calle-jose-zorrilla\\\/\",\"url\":\"https:\\\/\\\/spartasportcenter.com\\\/palencia-calle-jose-zorrilla\\\/entrenador-personal-palencia-calle-jose-zorrilla\\\/\",\"name\":\"Entrenador personal en Palencia | Sparta Sport Center\",\"isPartOf\":{\"@id\":\"https:\\\/\\\/spartasportcenter.com\\\/palencia-calle-jose-zorrilla\\\/#website\"},\"primaryImageOfPage\":{\"@id\":\"https:\\\/\\\/spartasportcenter.com\\\/palencia-calle-jose-zorrilla\\\/entrenador-personal-palencia-calle-jose-zorrilla\\\/#primaryimage\"},\"image\":{\"@id\":\"https:\\\/\\\/spartasportcenter.com\\\/palencia-calle-jose-zorrilla\\\/entrenador-personal-palencia-calle-jose-zorrilla\\\/#primaryimage\"},\"thumbnailUrl\":\"https:\\\/\\\/spartasportcenter.com\\\/palencia-calle-jose-zorrilla\\\/wp-content\\\/uploads\\\/2024\\\/03\\\/entrenador-personal-cabecera.jpg\",\"datePublished\":\"2018-08-20T15:24:35+00:00\",\"dateModified\":\"2025-09-22T08:25:41+00:00\",\"description\":\"\u00bfEst\u00e1s buscando un gimnasio con entrenador personal en Palencia? En Sparta Sport Center podemos ayudarte. \u00a1Ap\u00fantate ya y disfruta de 1 d\u00eda gratis!\",\"breadcrumb\":{\"@id\":\"https:\\\/\\\/spartasportcenter.com\\\/palencia-calle-jose-zorrilla\\\/entrenador-personal-palencia-calle-jose-zorrilla\\\/#breadcrumb\"},\"inLanguage\":\"es\",\"potentialAction\":[{\"@type\":\"ReadAction\",\"target\":[\"https:\\\/\\\/spartasportcenter.com\\\/palencia-calle-jose-zorrilla\\\/entrenador-personal-palencia-calle-jose-zorrilla\\\/\"]}]},{\"@type\":\"ImageObject\",\"inLanguage\":\"es\",\"@id\":\"https:\\\/\\\/spartasportcenter.com\\\/palencia-calle-jose-zorrilla\\\/entrenador-personal-palencia-calle-jose-zorrilla\\\/#primaryimage\",\"url\":\"https:\\\/\\\/spartasportcenter.com\\\/palencia-calle-jose-zorrilla\\\/wp-content\\\/uploads\\\/2024\\\/03\\\/entrenador-personal-cabecera.jpg\",\"contentUrl\":\"https:\\\/\\\/spartasportcenter.com\\\/palencia-calle-jose-zorrilla\\\/wp-content\\\/uploads\\\/2024\\\/03\\\/entrenador-personal-cabecera.jpg\",\"width\":2000,\"height\":1333,\"caption\":\"entrenador personal cabecera\"},{\"@type\":\"BreadcrumbList\",\"@id\":\"https:\\\/\\\/spartasportcenter.com\\\/palencia-calle-jose-zorrilla\\\/entrenador-personal-palencia-calle-jose-zorrilla\\\/#breadcrumb\",\"itemListElement\":[{\"@type\":\"ListItem\",\"position\":1,\"name\":\"Portada\",\"item\":\"https:\\\/\\\/spartasportcenter.com\\\/palencia-calle-jose-zorrilla\\\/\"},{\"@type\":\"ListItem\",\"position\":2,\"name\":\"Entrenador Personal Palencia calle Jos\u00e9 Zorrilla\"}]},{\"@type\":\"WebSite\",\"@id\":\"https:\\\/\\\/spartasportcenter.com\\\/palencia-calle-jose-zorrilla\\\/#website\",\"url\":\"https:\\\/\\\/spartasportcenter.com\\\/palencia-calle-jose-zorrilla\\\/\",\"name\":\"Sparta Sport Center Palencia\",\"description\":\"Gimnasios en Palencia\",\"potentialAction\":[{\"@type\":\"SearchAction\",\"target\":{\"@type\":\"EntryPoint\",\"urlTemplate\":\"https:\\\/\\\/spartasportcenter.com\\\/palencia-calle-jose-zorrilla\\\/?s={search_term_string}\"},\"query-input\":{\"@type\":\"PropertyValueSpecification\",\"valueRequired\":true,\"valueName\":\"search_term_string\"}}],\"inLanguage\":\"es\"}]}<\/script>\n<!-- \/ Yoast SEO plugin. -->","yoast_head_json":{"title":"Entrenador personal en Palencia | Sparta Sport Center","description":"\u00bfEst\u00e1s buscando un gimnasio con entrenador personal en Palencia? En Sparta Sport Center podemos ayudarte. \u00a1Ap\u00fantate ya y disfruta de 1 d\u00eda gratis!","robots":{"index":"index","follow":"follow","max-snippet":"max-snippet:-1","max-image-preview":"max-image-preview:large","max-video-preview":"max-video-preview:-1"},"canonical":"https:\/\/spartasportcenter.com\/palencia-calle-jose-zorrilla\/entrenador-personal-palencia-calle-jose-zorrilla\/","og_locale":"es_ES","og_type":"article","og_title":"Entrenador personal en Palencia | Sparta Sport Center","og_description":"\u00bfEst\u00e1s buscando un gimnasio con entrenador personal en Palencia? En Sparta Sport Center podemos ayudarte. \u00a1Ap\u00fantate ya y disfruta de 1 d\u00eda gratis!","og_url":"https:\/\/spartasportcenter.com\/palencia-calle-jose-zorrilla\/entrenador-personal-palencia-calle-jose-zorrilla\/","og_site_name":"Sparta Sport Center Palencia","article_modified_time":"2025-09-22T08:25:41+00:00","og_image":[{"width":2000,"height":1333,"url":"https:\/\/spartasportcenter.com\/palencia-calle-jose-zorrilla\/wp-content\/uploads\/2024\/03\/entrenador-personal-cabecera.jpg","type":"image\/jpeg"}],"twitter_card":"summary_large_image","twitter_misc":{"Tiempo de lectura":"4 minutos"},"schema":{"@context":"https:\/\/schema.org","@graph":[{"@type":"WebPage","@id":"https:\/\/spartasportcenter.com\/palencia-calle-jose-zorrilla\/entrenador-personal-palencia-calle-jose-zorrilla\/","url":"https:\/\/spartasportcenter.com\/palencia-calle-jose-zorrilla\/entrenador-personal-palencia-calle-jose-zorrilla\/","name":"Entrenador personal en Palencia | Sparta Sport Center","isPartOf":{"@id":"https:\/\/spartasportcenter.com\/palencia-calle-jose-zorrilla\/#website"},"primaryImageOfPage":{"@id":"https:\/\/spartasportcenter.com\/palencia-calle-jose-zorrilla\/entrenador-personal-palencia-calle-jose-zorrilla\/#primaryimage"},"image":{"@id":"https:\/\/spartasportcenter.com\/palencia-calle-jose-zorrilla\/entrenador-personal-palencia-calle-jose-zorrilla\/#primaryimage"},"thumbnailUrl":"https:\/\/spartasportcenter.com\/palencia-calle-jose-zorrilla\/wp-content\/uploads\/2024\/03\/entrenador-personal-cabecera.jpg","datePublished":"2018-08-20T15:24:35+00:00","dateModified":"2025-09-22T08:25:41+00:00","description":"\u00bfEst\u00e1s buscando un gimnasio con entrenador personal en Palencia? En Sparta Sport Center podemos ayudarte. \u00a1Ap\u00fantate ya y disfruta de 1 d\u00eda gratis!","breadcrumb":{"@id":"https:\/\/spartasportcenter.com\/palencia-calle-jose-zorrilla\/entrenador-personal-palencia-calle-jose-zorrilla\/#breadcrumb"},"inLanguage":"es","potentialAction":[{"@type":"ReadAction","target":["https:\/\/spartasportcenter.com\/palencia-calle-jose-zorrilla\/entrenador-personal-palencia-calle-jose-zorrilla\/"]}]},{"@type":"ImageObject","inLanguage":"es","@id":"https:\/\/spartasportcenter.com\/palencia-calle-jose-zorrilla\/entrenador-personal-palencia-calle-jose-zorrilla\/#primaryimage","url":"https:\/\/spartasportcenter.com\/palencia-calle-jose-zorrilla\/wp-content\/uploads\/2024\/03\/entrenador-personal-cabecera.jpg","contentUrl":"https:\/\/spartasportcenter.com\/palencia-calle-jose-zorrilla\/wp-content\/uploads\/2024\/03\/entrenador-personal-cabecera.jpg","width":2000,"height":1333,"caption":"entrenador personal cabecera"},{"@type":"BreadcrumbList","@id":"https:\/\/spartasportcenter.com\/palencia-calle-jose-zorrilla\/entrenador-personal-palencia-calle-jose-zorrilla\/#breadcrumb","itemListElement":[{"@type":"ListItem","position":1,"name":"Portada","item":"https:\/\/spartasportcenter.com\/palencia-calle-jose-zorrilla\/"},{"@type":"ListItem","position":2,"name":"Entrenador Personal Palencia calle Jos\u00e9 Zorrilla"}]},{"@type":"WebSite","@id":"https:\/\/spartasportcenter.com\/palencia-calle-jose-zorrilla\/#website","url":"https:\/\/spartasportcenter.com\/palencia-calle-jose-zorrilla\/","name":"Sparta Sport Center Palencia","description":"Gimnasios en Palencia","potentialAction":[{"@type":"SearchAction","target":{"@type":"EntryPoint","urlTemplate":"https:\/\/spartasportcenter.com\/palencia-calle-jose-zorrilla\/?s={search_term_string}"},"query-input":{"@type":"PropertyValueSpecification","valueRequired":true,"valueName":"search_term_string"}}],"inLanguage":"es"}]}},"_links":{"self":[{"href":"https:\/\/spartasportcenter.com\/palencia-calle-jose-zorrilla\/wp-json\/wp\/v2\/pages\/206533","targetHints":{"allow":["GET"]}}],"collection":[{"href":"https:\/\/spartasportcenter.com\/palencia-calle-jose-zorrilla\/wp-json\/wp\/v2\/pages"}],"about":[{"href":"https:\/\/spartasportcenter.com\/palencia-calle-jose-zorrilla\/wp-json\/wp\/v2\/types\/page"}],"author":[{"embeddable":true,"href":"https:\/\/spartasportcenter.com\/palencia-calle-jose-zorrilla\/wp-json\/wp\/v2\/users\/1"}],"replies":[{"embeddable":true,"href":"https:\/\/spartasportcenter.com\/palencia-calle-jose-zorrilla\/wp-json\/wp\/v2\/comments?post=206533"}],"version-history":[{"count":58,"href":"https:\/\/spartasportcenter.com\/palencia-calle-jose-zorrilla\/wp-json\/wp\/v2\/pages\/206533\/revisions"}],"predecessor-version":[{"id":222397,"href":"https:\/\/spartasportcenter.com\/palencia-calle-jose-zorrilla\/wp-json\/wp\/v2\/pages\/206533\/revisions\/222397"}],"wp:featuredmedia":[{"embeddable":true,"href":"https:\/\/spartasportcenter.com\/palencia-calle-jose-zorrilla\/wp-json\/wp\/v2\/media\/220307"}],"wp:attachment":[{"href":"https:\/\/spartasportcenter.com\/palencia-calle-jose-zorrilla\/wp-json\/wp\/v2\/media?parent=206533"}],"curies":[{"name":"wp","href":"https:\/\/api.w.org\/{rel}","templated":true}]}}