{"id":217566,"date":"2023-03-31T12:38:43","date_gmt":"2023-03-31T10:38:43","guid":{"rendered":"https:\/\/spartasportcenter.com\/oviedo\/?page_id=217566"},"modified":"2025-12-16T16:48:36","modified_gmt":"2025-12-16T15:48:36","slug":"boxeo-infantil-oviedo","status":"publish","type":"page","link":"https:\/\/spartasportcenter.com\/oviedo\/boxeo-infantil-oviedo\/","title":{"rendered":"Boxeo Infantil Oviedo"},"content":{"rendered":"<p>[et_pb_section fb_built=\u00bb1&#8243; custom_padding_last_edited=\u00bbon|phone\u00bb disabled_on=\u00bboff|off|off\u00bb _builder_version=\u00bb4.27.4&#8243; background_color=\u00bb#000000&#8243; background_enable_image=\u00bboff\u00bb custom_margin=\u00bb||||false|false\u00bb custom_padding=\u00bb80px|0px|0px|0px|false|false\u00bb custom_padding_tablet=\u00bb\u00bb custom_padding_phone=\u00bb30px||50px||false|false\u00bb hover_enabled=\u00bb0&#8243; global_colors_info=\u00bb{}\u00bb sticky_enabled=\u00bb0&#8243;][et_pb_row column_structure=\u00bb1_3,2_3&#8243; custom_padding_last_edited=\u00bbon|desktop\u00bb _builder_version=\u00bb4.16&#8243; _module_preset=\u00bbdefault\u00bb custom_padding=\u00bb0px||||false|false\u00bb custom_padding_tablet=\u00bb\u00bb custom_padding_phone=\u00bb0px||||false|false\u00bb global_colors_info=\u00bb{}\u00bb][et_pb_column type=\u00bb1_3&#8243; _builder_version=\u00bb4.16&#8243; _module_preset=\u00bbdefault\u00bb global_colors_info=\u00bb{}\u00bb][et_pb_text _builder_version=\u00bb4.20.1&#8243; text_font=\u00bb||||||||\u00bb header_font=\u00bb||||||||\u00bb header_text_align=\u00bbcenter\u00bb header_2_font=\u00bb|300||on|||||\u00bb header_2_text_align=\u00bbright\u00bb header_2_font_size=\u00bb29px\u00bb custom_margin=\u00bb||0px||false|false\u00bb custom_padding=\u00bb|15%|0px||false|false\u00bb header_2_text_align_tablet=\u00bb\u00bb header_2_text_align_phone=\u00bbleft\u00bb header_2_text_align_last_edited=\u00bbon|phone\u00bb header_2_font_size_tablet=\u00bb51px\u00bb header_2_font_size_phone=\u00bb25px\u00bb header_2_font_size_last_edited=\u00bbon|phone\u00bb border_width_right=\u00bb2px\u00bb border_color_right=\u00bb#cccccc\u00bb border_width_right_tablet=\u00bb\u00bb border_width_right_phone=\u00bb0px\u00bb border_width_right_last_edited=\u00bbon|phone\u00bb locked=\u00bboff\u00bb global_colors_info=\u00bb{}\u00bb]<\/p>\n<h2>clases de boxeo en Oviedo<\/h2>\n<p>[\/et_pb_text][\/et_pb_column][et_pb_column type=\u00bb2_3&#8243; _builder_version=\u00bb4.16&#8243; _module_preset=\u00bbdefault\u00bb global_colors_info=\u00bb{}\u00bb][et_pb_text _builder_version=\u00bb4.20.1&#8243; text_font=\u00bb|300|||||||\u00bb text_text_color=\u00bb#cccccc\u00bb text_line_height=\u00bb1.1em\u00bb header_font=\u00bb|300|||||||\u00bb header_2_font=\u00bb|300||on|||||\u00bb header_2_text_color=\u00bb#cccccc\u00bb header_2_font_size=\u00bb36px\u00bb header_2_letter_spacing=\u00bb2px\u00bb background_layout=\u00bbdark\u00bb global_colors_info=\u00bb{}\u00bb]<\/p>\n<p><span style=\"font-weight: 400;\">Seguramente hayas visto alguna vez alg\u00fan combate de boxeo en la televisi\u00f3n por la popularidad de este deporte. A pesar de que siempre hayas visto a boxeadores adultos, lo cierto es que los m\u00e1s peque\u00f1os tambi\u00e9n pueden disfrutar de este deporte. El boxeo infantil en Oviedo est\u00e1 lleno de ventajas y ahora es mucho m\u00e1s sencillo practicarlo gracias a Sparta Sport Center Oviedo.\u00a0<\/span><\/p>\n<p><span style=\"font-weight: 400;\">El boxeo infantil en Oviedo es una actividad diferente que pueden llevar a cabo los m\u00e1s peque\u00f1os con m\u00faltiples ventajas ya que <\/span><b>boxear cuenta con muchos beneficios.<\/b><\/p>\n<p>[\/et_pb_text][et_pb_button button_text=\u00bb+\u00bb button_alignment=\u00bbcenter\u00bb module_class=\u00bbrv_button closed\u00bb _builder_version=\u00bb4.16&#8243; custom_button=\u00bbon\u00bb button_text_size=\u00bb39px\u00bb button_text_color=\u00bb#cccccc\u00bb button_border_width=\u00bb0px\u00bb button_border_radius=\u00bb0px\u00bb button_font=\u00bbOswald|700|||||||\u00bb button_use_icon=\u00bboff\u00bb custom_margin=\u00bb-40px|0px|-10px|0px|false|false\u00bb custom_margin_tablet=\u00bb\u00bb custom_margin_phone=\u00bb\u00bb custom_margin_last_edited=\u00bbon|phone\u00bb custom_padding=\u00bb0px|0px|0px|0px|true|\u00bb button_text_color_hover=\u00bbrgba(224,43,32,0.76)\u00bb button_border_color_hover=\u00bbrgba(0,0,0,0)\u00bb button_border_radius_hover=\u00bb0px\u00bb button_bg_color_hover=\u00bbrgba(0,0,0,0)\u00bb global_colors_info=\u00bb{}\u00bb button_text_size__hover_enabled=\u00bboff\u00bb button_one_text_size__hover_enabled=\u00bboff\u00bb button_two_text_size__hover_enabled=\u00bboff\u00bb button_text_color__hover_enabled=\u00bbon|desktop\u00bb button_text_color__hover=\u00bbrgba(255,255,255,0.5)\u00bb button_one_text_color__hover_enabled=\u00bboff\u00bb button_two_text_color__hover_enabled=\u00bboff\u00bb button_border_width__hover_enabled=\u00bboff\u00bb button_one_border_width__hover_enabled=\u00bboff\u00bb button_two_border_width__hover_enabled=\u00bboff\u00bb button_border_color__hover_enabled=\u00bbon\u00bb button_border_color__hover=\u00bbrgba(0,0,0,0)\u00bb button_one_border_color__hover_enabled=\u00bboff\u00bb button_two_border_color__hover_enabled=\u00bboff\u00bb button_border_radius__hover_enabled=\u00bbon\u00bb button_border_radius__hover=\u00bb0px\u00bb button_one_border_radius__hover_enabled=\u00bboff\u00bb button_two_border_radius__hover_enabled=\u00bboff\u00bb button_letter_spacing__hover_enabled=\u00bboff\u00bb button_one_letter_spacing__hover_enabled=\u00bboff\u00bb button_two_letter_spacing__hover_enabled=\u00bboff\u00bb button_bg_color__hover_enabled=\u00bbon\u00bb button_bg_color__hover=\u00bbrgba(255,255,255,0)\u00bb button_one_bg_color__hover_enabled=\u00bboff\u00bb button_two_bg_color__hover_enabled=\u00bboff\u00bb][\/et_pb_button][et_pb_text module_id=\u00bbreveal\u00bb _builder_version=\u00bb4.20.1&#8243; text_font=\u00bb|300|||||||\u00bb text_text_color=\u00bb#cccccc\u00bb text_line_height=\u00bb1.1em\u00bb header_font=\u00bb|300|||||||\u00bb header_2_font=\u00bb|300||on|||||\u00bb header_2_text_color=\u00bb#cccccc\u00bb header_2_font_size=\u00bb36px\u00bb header_2_letter_spacing=\u00bb2px\u00bb background_layout=\u00bbdark\u00bb global_colors_info=\u00bb{}\u00bb]<\/p>\n<p><span style=\"font-weight: 400;\">Lo primero que debes tener en cuenta es que el boxeo para ni\u00f1os en Oviedo es <\/span><b>una actividad de lo m\u00e1s segura<\/b><span style=\"font-weight: 400;\"> ya que se usan guantes de boxeo especiales. Debido a las propias caracter\u00edsticas de este deporte es posible entrenar toda una serie de caracter\u00edsticas que resultar\u00eda complicado encontrar en otros deportes.<\/span><\/p>\n<p><span style=\"font-weight: 400;\">La edad ideal para empezar a disfrutar de las clases de boxeo <b>para ni\u00f1os es a partir de los 10 a\u00f1os<\/b>. En esta edad el ni\u00f1o empezar\u00e1 a entender esta disciplina como deporte y se concentrar\u00e1 en aprender adem\u00e1s de disfrutar de todos los beneficios que eso supone como vamos a ver.<\/span><\/p>\n<p>[\/et_pb_text][\/et_pb_column][\/et_pb_row][et_pb_row column_structure=\u00bb1_3,2_3&#8243; custom_padding_last_edited=\u00bbon|phone\u00bb _builder_version=\u00bb4.16&#8243; _module_preset=\u00bbdefault\u00bb custom_margin=\u00bb||0px||false|false\u00bb custom_padding=\u00bb||||false|false\u00bb custom_padding_tablet=\u00bb\u00bb custom_padding_phone=\u00bb0px||0px||false|false\u00bb global_colors_info=\u00bb{}\u00bb][et_pb_column type=\u00bb1_3&#8243; _builder_version=\u00bb4.16&#8243; _module_preset=\u00bbdefault\u00bb global_colors_info=\u00bb{}\u00bb][et_pb_text _builder_version=\u00bb4.20.1&#8243; text_font=\u00bb||||||||\u00bb header_font=\u00bb||||||||\u00bb header_text_align=\u00bbcenter\u00bb header_2_font=\u00bb|300||on|||||\u00bb header_2_text_align=\u00bbright\u00bb header_2_font_size=\u00bb29px\u00bb custom_margin=\u00bb||0px||false|false\u00bb custom_padding=\u00bb|15%|0px||false|false\u00bb header_2_text_align_tablet=\u00bb\u00bb header_2_text_align_phone=\u00bbleft\u00bb header_2_text_align_last_edited=\u00bbon|phone\u00bb header_2_font_size_tablet=\u00bb51px\u00bb header_2_font_size_phone=\u00bb25px\u00bb header_2_font_size_last_edited=\u00bbon|phone\u00bb border_width_right=\u00bb2px\u00bb border_color_right=\u00bb#cccccc\u00bb border_width_right_tablet=\u00bb\u00bb border_width_right_phone=\u00bb0px\u00bb border_width_right_last_edited=\u00bbon|phone\u00bb locked=\u00bboff\u00bb global_colors_info=\u00bb{}\u00bb]<\/p>\n<h2>Beneficios del boxeo en Oviedo<\/h2>\n<p>[\/et_pb_text][\/et_pb_column][et_pb_column type=\u00bb2_3&#8243; _builder_version=\u00bb4.16&#8243; _module_preset=\u00bbdefault\u00bb global_colors_info=\u00bb{}\u00bb][et_pb_text _builder_version=\u00bb4.20.1&#8243; text_font=\u00bb|300|||||||\u00bb text_text_color=\u00bb#cccccc\u00bb text_line_height=\u00bb1.1em\u00bb header_font=\u00bb|300|||||||\u00bb header_2_font=\u00bb|300||on|||||\u00bb header_2_text_color=\u00bb#cccccc\u00bb header_2_font_size=\u00bb36px\u00bb header_2_letter_spacing=\u00bb2px\u00bb background_layout=\u00bbdark\u00bb global_colors_info=\u00bb{}\u00bb]<\/p>\n<p><span style=\"font-weight: 400;\">Uno de los principales beneficios del entrenamiento de boxeo infantil en Oviedo es que <\/span><b>los m\u00e1s peque\u00f1os mejoran su fuerza y concentraci\u00f3n<\/b><span style=\"font-weight: 400;\">. Por otro lado, encontrarse en el ring junto a su entrenador personal les ayuda a <\/span><b>mejorar su condici\u00f3n f\u00edsica y salud<\/b><span style=\"font-weight: 400;\"> debido al ejercicio que est\u00e1n llevando a cabo.<\/span><\/p>\n<p><span style=\"font-weight: 400;\">El boxeo es una disciplina que requiere de mucha concentraci\u00f3n. A pesar de que no se golpea con las piernas, <\/span><b>saber moverse dentro del cuadril\u00e1tero<\/b><span style=\"font-weight: 400;\"> es fundamental para poder encarar mejor los combates. Este hecho permite trabajar mucho mejor la concentraci\u00f3n cre\u00e1ndose un v\u00ednculo completo entre los brazos y las piernas buscando el equilibrio.<\/span><\/p>\n<p>[\/et_pb_text][et_pb_button button_text=\u00bb+\u00bb button_alignment=\u00bbcenter\u00bb module_class=\u00bbrv_button2 closed\u00bb _builder_version=\u00bb4.16&#8243; custom_button=\u00bbon\u00bb button_text_size=\u00bb39px\u00bb button_text_color=\u00bb#cccccc\u00bb button_border_width=\u00bb0px\u00bb button_border_radius=\u00bb0px\u00bb button_font=\u00bbOswald|700|||||||\u00bb button_use_icon=\u00bboff\u00bb custom_margin=\u00bb-40px|0px|-10px|0px|false|false\u00bb custom_margin_tablet=\u00bb\u00bb custom_margin_phone=\u00bb\u00bb custom_margin_last_edited=\u00bbon|phone\u00bb custom_padding=\u00bb0px|0px|0px|0px|true|\u00bb button_text_color_hover=\u00bbrgba(224,43,32,0.76)\u00bb button_border_color_hover=\u00bbrgba(0,0,0,0)\u00bb button_border_radius_hover=\u00bb0px\u00bb button_bg_color_hover=\u00bbrgba(0,0,0,0)\u00bb global_colors_info=\u00bb{}\u00bb button_text_size__hover_enabled=\u00bboff\u00bb button_one_text_size__hover_enabled=\u00bboff\u00bb button_two_text_size__hover_enabled=\u00bboff\u00bb button_text_color__hover_enabled=\u00bbon|desktop\u00bb button_text_color__hover=\u00bbrgba(255,255,255,0.5)\u00bb button_one_text_color__hover_enabled=\u00bboff\u00bb button_two_text_color__hover_enabled=\u00bboff\u00bb button_border_width__hover_enabled=\u00bboff\u00bb button_one_border_width__hover_enabled=\u00bboff\u00bb button_two_border_width__hover_enabled=\u00bboff\u00bb button_border_color__hover_enabled=\u00bbon\u00bb button_border_color__hover=\u00bbrgba(0,0,0,0)\u00bb button_one_border_color__hover_enabled=\u00bboff\u00bb button_two_border_color__hover_enabled=\u00bboff\u00bb button_border_radius__hover_enabled=\u00bbon\u00bb button_border_radius__hover=\u00bb0px\u00bb button_one_border_radius__hover_enabled=\u00bboff\u00bb button_two_border_radius__hover_enabled=\u00bboff\u00bb button_letter_spacing__hover_enabled=\u00bboff\u00bb button_one_letter_spacing__hover_enabled=\u00bboff\u00bb button_two_letter_spacing__hover_enabled=\u00bboff\u00bb button_bg_color__hover_enabled=\u00bbon\u00bb button_bg_color__hover=\u00bbrgba(255,255,255,0)\u00bb button_one_bg_color__hover_enabled=\u00bboff\u00bb button_two_bg_color__hover_enabled=\u00bboff\u00bb][\/et_pb_button][et_pb_text module_id=\u00bbreveal2&#8243; _builder_version=\u00bb4.20.1&#8243; text_font=\u00bb|300|||||||\u00bb text_text_color=\u00bb#cccccc\u00bb text_line_height=\u00bb1.1em\u00bb header_font=\u00bb|300|||||||\u00bb header_2_font=\u00bb|300||on|||||\u00bb header_2_text_color=\u00bb#cccccc\u00bb header_2_font_size=\u00bb36px\u00bb header_2_letter_spacing=\u00bb2px\u00bb background_layout=\u00bbdark\u00bb global_colors_info=\u00bb{}\u00bb]<\/p>\n<p><span style=\"font-weight: 400;\">Gracias a la sincronizaci\u00f3n que se requiere <\/span><b>en el boxeo se acaba trabajando mucho la agilidad<\/b><span style=\"font-weight: 400;\">, tanto para poder propinar un golpe como para saber esquivarlo o defenderse.<\/span><\/p>\n<p><span style=\"font-weight: 400;\">El boxeo entre los m\u00e1s peque\u00f1os tambi\u00e9n es muy importante para combatir el sedentarismo y para socializar con otros ni\u00f1os. Al tratarse de <\/span><b>un deporte de contacto directo<\/b><span style=\"font-weight: 400;\"> les ayuda a conocer m\u00e1s ni\u00f1os con sus mismos gustos para as\u00ed compartir experiencias.<\/span><\/p>\n<p><span style=\"font-weight: 400;\">Cabe destacar que tambi\u00e9n les ayuda a <\/span><b>conciliar el sue\u00f1o mucho mejor<\/b><span style=\"font-weight: 400;\"> y a aprender disciplina. El boxeo es un deporte que no consiste en pegar por pegar, sino que hay unas reglas establecidas y el respeto por el rival es fundamental.<\/span><\/p>\n<p>[\/et_pb_text][\/et_pb_column][\/et_pb_row][\/et_pb_section][et_pb_section fb_built=\u00bb1&#8243; custom_padding_last_edited=\u00bbon|phone\u00bb _builder_version=\u00bb4.27.4&#8243; _module_preset=\u00bbdefault\u00bb background_color=\u00bb#000000&#8243; custom_padding=\u00bb0px||50px||false|false\u00bb custom_padding_tablet=\u00bb\u00bb custom_padding_phone=\u00bb||30px||false|false\u00bb hover_enabled=\u00bb0&#8243; global_colors_info=\u00bb{}\u00bb sticky_enabled=\u00bb0&#8243;][et_pb_row column_structure=\u00bb1_3,2_3&#8243; custom_padding_last_edited=\u00bbon|phone\u00bb _builder_version=\u00bb4.16&#8243; _module_preset=\u00bbdefault\u00bb custom_padding_tablet=\u00bb\u00bb custom_padding_phone=\u00bb0px||0px||false|false\u00bb global_colors_info=\u00bb{}\u00bb][et_pb_column type=\u00bb1_3&#8243; _builder_version=\u00bb4.16&#8243; _module_preset=\u00bbdefault\u00bb global_colors_info=\u00bb{}\u00bb][et_pb_text _builder_version=\u00bb4.20.1&#8243; text_font=\u00bb||||||||\u00bb header_font=\u00bb||||||||\u00bb header_text_align=\u00bbcenter\u00bb header_2_font=\u00bb|300||on|||||\u00bb header_2_text_align=\u00bbright\u00bb header_2_font_size=\u00bb29px\u00bb custom_margin=\u00bb||0px||false|false\u00bb custom_padding=\u00bb|15%|0px||false|false\u00bb header_2_text_align_tablet=\u00bb\u00bb header_2_text_align_phone=\u00bbleft\u00bb header_2_text_align_last_edited=\u00bbon|phone\u00bb header_2_font_size_tablet=\u00bb51px\u00bb header_2_font_size_phone=\u00bb25px\u00bb header_2_font_size_last_edited=\u00bbon|phone\u00bb border_width_right=\u00bb2px\u00bb border_color_right=\u00bb#cccccc\u00bb border_width_right_tablet=\u00bb\u00bb border_width_right_phone=\u00bb0px\u00bb border_width_right_last_edited=\u00bbon|phone\u00bb locked=\u00bboff\u00bb global_colors_info=\u00bb{}\u00bb]<\/p>\n<h2>Por qu\u00e9 boxeo en Sparta Sport Center Oviedo<\/h2>\n<p>[\/et_pb_text][\/et_pb_column][et_pb_column type=\u00bb2_3&#8243; _builder_version=\u00bb4.16&#8243; _module_preset=\u00bbdefault\u00bb global_colors_info=\u00bb{}\u00bb][et_pb_text _builder_version=\u00bb4.20.1&#8243; text_font=\u00bb|300|||||||\u00bb text_text_color=\u00bb#cccccc\u00bb text_line_height=\u00bb1.1em\u00bb header_font=\u00bb|300|||||||\u00bb header_2_font=\u00bb|300||on|||||\u00bb header_2_text_color=\u00bb#cccccc\u00bb header_2_font_size=\u00bb36px\u00bb header_2_letter_spacing=\u00bb2px\u00bb background_layout=\u00bbdark\u00bb global_colors_info=\u00bb{}\u00bb]<\/p>\n<p><span style=\"font-weight: 400;\">En Sparta Sport Center Oviedo te encontrar\u00e1s con <\/span><b>los mejores profesores de boxeo infantil<\/b><span style=\"font-weight: 400;\"> para que puedan ense\u00f1ar este deporte a la perfecci\u00f3n a tus hijos. A la calidad de ense\u00f1anza de nuestros monitores debemos de sumarle las buenas instalaciones con las que contamos en Sparta Sport Center Oviedo.<\/span><\/p>\n<p><span style=\"font-weight: 400;\">En Sparta Sport Center Oviedo podr\u00e1s encontrar un gimnasio a la altura de lo que necesites, ya que estamos perfectamente equipados. Esto te permitir\u00e1 <\/span><b>disfrutar mucho mejor del boxeo infantil en Oviedo <\/b><span style=\"font-weight: 400;\">y tambi\u00e9n hacerlo de una forma m\u00e1s segura.<\/span><\/p>\n<p>[\/et_pb_text][\/et_pb_column][\/et_pb_row][\/et_pb_section]<\/p>\n","protected":false},"excerpt":{"rendered":"<p>clases de boxeo en OviedoSeguramente hayas visto alguna vez alg\u00fan combate de boxeo en la televisi\u00f3n por la popularidad de este deporte. A pesar de que siempre hayas visto a boxeadores adultos, lo cierto es que los m\u00e1s peque\u00f1os tambi\u00e9n pueden disfrutar de este deporte. El boxeo infantil en Oviedo est\u00e1 lleno de ventajas y [&hellip;]<\/p>\n","protected":false},"author":1,"featured_media":219194,"parent":0,"menu_order":0,"comment_status":"closed","ping_status":"closed","template":"","meta":{"_et_pb_use_builder":"on","_et_pb_old_content":"","_et_gb_content_width":"","footnotes":""},"class_list":["post-217566","page","type-page","status-publish","has-post-thumbnail","hentry"],"yoast_head":"<!-- This site is optimized with the Yoast SEO plugin v27.4 - https:\/\/yoast.com\/product\/yoast-seo-wordpress\/ -->\n<title>Boxeo Infantil Oviedo | Sparta Sport Center<\/title>\n<meta name=\"description\" content=\"\u00bfEst\u00e1s buscando un gimnasio para practicar boxeo infantil en Oviedo? En Sparta Sport Center podemos ayudarte. \u00a1Reserva con nosotros!\" \/>\n<meta name=\"robots\" content=\"index, follow, max-snippet:-1, max-image-preview:large, max-video-preview:-1\" \/>\n<link rel=\"canonical\" href=\"https:\/\/spartasportcenter.com\/oviedo\/boxeo-infantil-oviedo\/\" \/>\n<meta property=\"og:locale\" content=\"es_ES\" \/>\n<meta property=\"og:type\" content=\"article\" \/>\n<meta property=\"og:title\" content=\"Boxeo Infantil Oviedo | Sparta Sport Center\" \/>\n<meta property=\"og:description\" content=\"\u00bfEst\u00e1s buscando un gimnasio para practicar boxeo infantil en Oviedo? En Sparta Sport Center podemos ayudarte. \u00a1Reserva con nosotros!\" \/>\n<meta property=\"og:url\" content=\"https:\/\/spartasportcenter.com\/oviedo\/boxeo-infantil-oviedo\/\" \/>\n<meta property=\"og:site_name\" content=\"Sparta Sport Center Oviedo\" \/>\n<meta property=\"article:modified_time\" content=\"2025-12-16T15:48:36+00:00\" \/>\n<meta property=\"og:image\" content=\"https:\/\/spartasportcenter.com\/oviedo\/wp-content\/uploads\/2024\/06\/boxeo-infantil-oviedo.webp\" \/>\n\t<meta property=\"og:image:width\" content=\"2000\" \/>\n\t<meta property=\"og:image:height\" content=\"1333\" \/>\n\t<meta property=\"og:image:type\" content=\"image\/webp\" \/>\n<meta name=\"twitter:card\" content=\"summary_large_image\" \/>\n<meta name=\"twitter:label1\" content=\"Tiempo de lectura\" \/>\n\t<meta name=\"twitter:data1\" content=\"3 minutos\" \/>\n<script type=\"application\/ld+json\" class=\"yoast-schema-graph\">{\"@context\":\"https:\\\/\\\/schema.org\",\"@graph\":[{\"@type\":\"WebPage\",\"@id\":\"https:\\\/\\\/spartasportcenter.com\\\/oviedo\\\/boxeo-infantil-oviedo\\\/\",\"url\":\"https:\\\/\\\/spartasportcenter.com\\\/oviedo\\\/boxeo-infantil-oviedo\\\/\",\"name\":\"Boxeo Infantil Oviedo | Sparta Sport Center\",\"isPartOf\":{\"@id\":\"https:\\\/\\\/spartasportcenter.com\\\/oviedo\\\/#website\"},\"primaryImageOfPage\":{\"@id\":\"https:\\\/\\\/spartasportcenter.com\\\/oviedo\\\/boxeo-infantil-oviedo\\\/#primaryimage\"},\"image\":{\"@id\":\"https:\\\/\\\/spartasportcenter.com\\\/oviedo\\\/boxeo-infantil-oviedo\\\/#primaryimage\"},\"thumbnailUrl\":\"https:\\\/\\\/spartasportcenter.com\\\/oviedo\\\/wp-content\\\/uploads\\\/2024\\\/06\\\/boxeo-infantil-oviedo.webp\",\"datePublished\":\"2023-03-31T10:38:43+00:00\",\"dateModified\":\"2025-12-16T15:48:36+00:00\",\"description\":\"\u00bfEst\u00e1s buscando un gimnasio para practicar boxeo infantil en Oviedo? En Sparta Sport Center podemos ayudarte. \u00a1Reserva con nosotros!\",\"breadcrumb\":{\"@id\":\"https:\\\/\\\/spartasportcenter.com\\\/oviedo\\\/boxeo-infantil-oviedo\\\/#breadcrumb\"},\"inLanguage\":\"es\",\"potentialAction\":[{\"@type\":\"ReadAction\",\"target\":[\"https:\\\/\\\/spartasportcenter.com\\\/oviedo\\\/boxeo-infantil-oviedo\\\/\"]}]},{\"@type\":\"ImageObject\",\"inLanguage\":\"es\",\"@id\":\"https:\\\/\\\/spartasportcenter.com\\\/oviedo\\\/boxeo-infantil-oviedo\\\/#primaryimage\",\"url\":\"https:\\\/\\\/spartasportcenter.com\\\/oviedo\\\/wp-content\\\/uploads\\\/2024\\\/06\\\/boxeo-infantil-oviedo.webp\",\"contentUrl\":\"https:\\\/\\\/spartasportcenter.com\\\/oviedo\\\/wp-content\\\/uploads\\\/2024\\\/06\\\/boxeo-infantil-oviedo.webp\",\"width\":2000,\"height\":1333,\"caption\":\"boxeo infantil oviedo\"},{\"@type\":\"BreadcrumbList\",\"@id\":\"https:\\\/\\\/spartasportcenter.com\\\/oviedo\\\/boxeo-infantil-oviedo\\\/#breadcrumb\",\"itemListElement\":[{\"@type\":\"ListItem\",\"position\":1,\"name\":\"Portada\",\"item\":\"https:\\\/\\\/spartasportcenter.com\\\/oviedo\\\/\"},{\"@type\":\"ListItem\",\"position\":2,\"name\":\"Boxeo Infantil Oviedo\"}]},{\"@type\":\"WebSite\",\"@id\":\"https:\\\/\\\/spartasportcenter.com\\\/oviedo\\\/#website\",\"url\":\"https:\\\/\\\/spartasportcenter.com\\\/oviedo\\\/\",\"name\":\"Sparta Sport Center Oviedo\",\"description\":\"Gimnasios en Oviedo\",\"potentialAction\":[{\"@type\":\"SearchAction\",\"target\":{\"@type\":\"EntryPoint\",\"urlTemplate\":\"https:\\\/\\\/spartasportcenter.com\\\/oviedo\\\/?s={search_term_string}\"},\"query-input\":{\"@type\":\"PropertyValueSpecification\",\"valueRequired\":true,\"valueName\":\"search_term_string\"}}],\"inLanguage\":\"es\"}]}<\/script>\n<!-- \/ Yoast SEO plugin. -->","yoast_head_json":{"title":"Boxeo Infantil Oviedo | Sparta Sport Center","description":"\u00bfEst\u00e1s buscando un gimnasio para practicar boxeo infantil en Oviedo? En Sparta Sport Center podemos ayudarte. \u00a1Reserva con nosotros!","robots":{"index":"index","follow":"follow","max-snippet":"max-snippet:-1","max-image-preview":"max-image-preview:large","max-video-preview":"max-video-preview:-1"},"canonical":"https:\/\/spartasportcenter.com\/oviedo\/boxeo-infantil-oviedo\/","og_locale":"es_ES","og_type":"article","og_title":"Boxeo Infantil Oviedo | Sparta Sport Center","og_description":"\u00bfEst\u00e1s buscando un gimnasio para practicar boxeo infantil en Oviedo? En Sparta Sport Center podemos ayudarte. \u00a1Reserva con nosotros!","og_url":"https:\/\/spartasportcenter.com\/oviedo\/boxeo-infantil-oviedo\/","og_site_name":"Sparta Sport Center Oviedo","article_modified_time":"2025-12-16T15:48:36+00:00","og_image":[{"width":2000,"height":1333,"url":"https:\/\/spartasportcenter.com\/oviedo\/wp-content\/uploads\/2024\/06\/boxeo-infantil-oviedo.webp","type":"image\/webp"}],"twitter_card":"summary_large_image","twitter_misc":{"Tiempo de lectura":"3 minutos"},"schema":{"@context":"https:\/\/schema.org","@graph":[{"@type":"WebPage","@id":"https:\/\/spartasportcenter.com\/oviedo\/boxeo-infantil-oviedo\/","url":"https:\/\/spartasportcenter.com\/oviedo\/boxeo-infantil-oviedo\/","name":"Boxeo Infantil Oviedo | Sparta Sport Center","isPartOf":{"@id":"https:\/\/spartasportcenter.com\/oviedo\/#website"},"primaryImageOfPage":{"@id":"https:\/\/spartasportcenter.com\/oviedo\/boxeo-infantil-oviedo\/#primaryimage"},"image":{"@id":"https:\/\/spartasportcenter.com\/oviedo\/boxeo-infantil-oviedo\/#primaryimage"},"thumbnailUrl":"https:\/\/spartasportcenter.com\/oviedo\/wp-content\/uploads\/2024\/06\/boxeo-infantil-oviedo.webp","datePublished":"2023-03-31T10:38:43+00:00","dateModified":"2025-12-16T15:48:36+00:00","description":"\u00bfEst\u00e1s buscando un gimnasio para practicar boxeo infantil en Oviedo? En Sparta Sport Center podemos ayudarte. \u00a1Reserva con nosotros!","breadcrumb":{"@id":"https:\/\/spartasportcenter.com\/oviedo\/boxeo-infantil-oviedo\/#breadcrumb"},"inLanguage":"es","potentialAction":[{"@type":"ReadAction","target":["https:\/\/spartasportcenter.com\/oviedo\/boxeo-infantil-oviedo\/"]}]},{"@type":"ImageObject","inLanguage":"es","@id":"https:\/\/spartasportcenter.com\/oviedo\/boxeo-infantil-oviedo\/#primaryimage","url":"https:\/\/spartasportcenter.com\/oviedo\/wp-content\/uploads\/2024\/06\/boxeo-infantil-oviedo.webp","contentUrl":"https:\/\/spartasportcenter.com\/oviedo\/wp-content\/uploads\/2024\/06\/boxeo-infantil-oviedo.webp","width":2000,"height":1333,"caption":"boxeo infantil oviedo"},{"@type":"BreadcrumbList","@id":"https:\/\/spartasportcenter.com\/oviedo\/boxeo-infantil-oviedo\/#breadcrumb","itemListElement":[{"@type":"ListItem","position":1,"name":"Portada","item":"https:\/\/spartasportcenter.com\/oviedo\/"},{"@type":"ListItem","position":2,"name":"Boxeo Infantil Oviedo"}]},{"@type":"WebSite","@id":"https:\/\/spartasportcenter.com\/oviedo\/#website","url":"https:\/\/spartasportcenter.com\/oviedo\/","name":"Sparta Sport Center Oviedo","description":"Gimnasios en Oviedo","potentialAction":[{"@type":"SearchAction","target":{"@type":"EntryPoint","urlTemplate":"https:\/\/spartasportcenter.com\/oviedo\/?s={search_term_string}"},"query-input":{"@type":"PropertyValueSpecification","valueRequired":true,"valueName":"search_term_string"}}],"inLanguage":"es"}]}},"_links":{"self":[{"href":"https:\/\/spartasportcenter.com\/oviedo\/wp-json\/wp\/v2\/pages\/217566","targetHints":{"allow":["GET"]}}],"collection":[{"href":"https:\/\/spartasportcenter.com\/oviedo\/wp-json\/wp\/v2\/pages"}],"about":[{"href":"https:\/\/spartasportcenter.com\/oviedo\/wp-json\/wp\/v2\/types\/page"}],"author":[{"embeddable":true,"href":"https:\/\/spartasportcenter.com\/oviedo\/wp-json\/wp\/v2\/users\/1"}],"replies":[{"embeddable":true,"href":"https:\/\/spartasportcenter.com\/oviedo\/wp-json\/wp\/v2\/comments?post=217566"}],"version-history":[{"count":1,"href":"https:\/\/spartasportcenter.com\/oviedo\/wp-json\/wp\/v2\/pages\/217566\/revisions"}],"predecessor-version":[{"id":220273,"href":"https:\/\/spartasportcenter.com\/oviedo\/wp-json\/wp\/v2\/pages\/217566\/revisions\/220273"}],"wp:featuredmedia":[{"embeddable":true,"href":"https:\/\/spartasportcenter.com\/oviedo\/wp-json\/wp\/v2\/media\/219194"}],"wp:attachment":[{"href":"https:\/\/spartasportcenter.com\/oviedo\/wp-json\/wp\/v2\/media?parent=217566"}],"curies":[{"name":"wp","href":"https:\/\/api.w.org\/{rel}","templated":true}]}}