{"id":215724,"date":"2021-05-12T13:33:48","date_gmt":"2021-05-12T11:33:48","guid":{"rendered":"https:\/\/spartasportcenter.com\/nuevo-oviedo\/?page_id=215724"},"modified":"2025-12-16T16:45:20","modified_gmt":"2025-12-16T15:45:20","slug":"attack-oviedo","status":"publish","type":"page","link":"https:\/\/spartasportcenter.com\/oviedo\/attack-oviedo\/","title":{"rendered":"Body Attack Oviedo"},"content":{"rendered":"<p>[et_pb_section fb_built=\u00bb1&#8243; custom_padding_last_edited=\u00bbon|phone\u00bb disabled_on=\u00bboff|off|off\u00bb _builder_version=\u00bb4.27.4&#8243; background_color=\u00bb#000000&#8243; background_enable_image=\u00bboff\u00bb custom_margin=\u00bb||||false|false\u00bb custom_padding=\u00bb80px|0px|0px|0px|false|false\u00bb custom_padding_tablet=\u00bb\u00bb custom_padding_phone=\u00bb30px||50px||false|false\u00bb hover_enabled=\u00bb0&#8243; global_colors_info=\u00bb{}\u00bb sticky_enabled=\u00bb0&#8243;][et_pb_row column_structure=\u00bb1_3,2_3&#8243; custom_padding_last_edited=\u00bbon|desktop\u00bb _builder_version=\u00bb4.16&#8243; _module_preset=\u00bbdefault\u00bb custom_padding=\u00bb0px||||false|false\u00bb custom_padding_tablet=\u00bb\u00bb custom_padding_phone=\u00bb0px||||false|false\u00bb global_colors_info=\u00bb{}\u00bb][et_pb_column type=\u00bb1_3&#8243; _builder_version=\u00bb4.16&#8243; _module_preset=\u00bbdefault\u00bb global_colors_info=\u00bb{}\u00bb][et_pb_text _builder_version=\u00bb4.16&#8243; text_font=\u00bb||||||||\u00bb header_font=\u00bb||||||||\u00bb header_text_align=\u00bbcenter\u00bb header_2_font=\u00bb|300||on|||||\u00bb header_2_text_align=\u00bbright\u00bb header_2_font_size=\u00bb29px\u00bb custom_margin=\u00bb||0px||false|false\u00bb custom_padding=\u00bb|15%|0px||false|false\u00bb header_2_text_align_tablet=\u00bb\u00bb header_2_text_align_phone=\u00bbleft\u00bb header_2_text_align_last_edited=\u00bbon|phone\u00bb header_2_font_size_tablet=\u00bb51px\u00bb header_2_font_size_phone=\u00bb25px\u00bb header_2_font_size_last_edited=\u00bbon|phone\u00bb border_width_right=\u00bb2px\u00bb border_color_right=\u00bb#cccccc\u00bb border_width_right_tablet=\u00bb\u00bb border_width_right_phone=\u00bb0px\u00bb border_width_right_last_edited=\u00bbon|phone\u00bb locked=\u00bboff\u00bb global_colors_info=\u00bb{}\u00bb]<\/p>\n<h2>clases de Body attack en Oviedo<\/h2>\n<p>[\/et_pb_text][\/et_pb_column][et_pb_column type=\u00bb2_3&#8243; _builder_version=\u00bb4.16&#8243; _module_preset=\u00bbdefault\u00bb global_colors_info=\u00bb{}\u00bb][et_pb_text _builder_version=\u00bb4.16&#8243; text_font=\u00bb|300|||||||\u00bb text_text_color=\u00bb#cccccc\u00bb text_line_height=\u00bb1.1em\u00bb header_font=\u00bb|300|||||||\u00bb header_2_font=\u00bb|300||on|||||\u00bb header_2_text_color=\u00bb#cccccc\u00bb header_2_font_size=\u00bb36px\u00bb header_2_letter_spacing=\u00bb2px\u00bb background_layout=\u00bbdark\u00bb global_colors_info=\u00bb{}\u00bb]<\/p>\n<p><span><strong>El Body Attack es un deporte con coreograf\u00eda<\/strong>\u00a0bastante exigente y desafiante. Resulta perfecto para quienes buscan constantemente ponerse a prueba y sacar el m\u00e1ximo rendimiento de su cuerpo. Los movimientos y ejercicios de esta disciplina buscan movilizar grandes cantidades de m\u00fasculo, por lo que fortalecer\u00e1 r\u00e1pidamente tu n\u00facleo.<\/span><\/p>\n<p><span>Lo m\u00e1s importante para la correcta ejecuci\u00f3n de estos ejercicios es contar con el asesoramiento de un profesional del acondicionamiento f\u00edsico. Es por esto que nuestras<strong>\u00a0clases de Body Attack en Oviedo<\/strong>\u00a0se encuentran impartidas y monitoreadas por personal perfectamente cualificado para ayudarte a sacar lo mejor de ti.<\/span><\/p>\n<p><span>Tambi\u00e9n es importante que sepas que nuestro gimnasio de Body Attack en Oviedo se encuentra perfectamente acondicionado para la pr\u00e1ctica de esta disciplina. Tenemos a tu disposici\u00f3n todas las herramientas y materiales necesarios para que as\u00ed puedas enfocarte \u00fanicamente en trabajar y conseguir los resultados que esperas.<\/span><\/p>\n<p>[\/et_pb_text][\/et_pb_column][\/et_pb_row][et_pb_row column_structure=\u00bb1_3,2_3&#8243; custom_padding_last_edited=\u00bbon|phone\u00bb _builder_version=\u00bb4.16&#8243; _module_preset=\u00bbdefault\u00bb custom_margin=\u00bb||0px||false|false\u00bb custom_padding=\u00bb||||false|false\u00bb custom_padding_tablet=\u00bb\u00bb custom_padding_phone=\u00bb0px||0px||false|false\u00bb global_colors_info=\u00bb{}\u00bb][et_pb_column type=\u00bb1_3&#8243; _builder_version=\u00bb4.16&#8243; _module_preset=\u00bbdefault\u00bb global_colors_info=\u00bb{}\u00bb][et_pb_text _builder_version=\u00bb4.16&#8243; text_font=\u00bb||||||||\u00bb header_font=\u00bb||||||||\u00bb header_text_align=\u00bbcenter\u00bb header_2_font=\u00bb|300||on|||||\u00bb header_2_text_align=\u00bbright\u00bb header_2_font_size=\u00bb29px\u00bb custom_margin=\u00bb||0px||false|false\u00bb custom_padding=\u00bb|15%|0px||false|false\u00bb header_2_text_align_tablet=\u00bb\u00bb header_2_text_align_phone=\u00bbleft\u00bb header_2_text_align_last_edited=\u00bbon|phone\u00bb header_2_font_size_tablet=\u00bb51px\u00bb header_2_font_size_phone=\u00bb25px\u00bb header_2_font_size_last_edited=\u00bbon|phone\u00bb border_width_right=\u00bb2px\u00bb border_color_right=\u00bb#cccccc\u00bb border_width_right_tablet=\u00bb\u00bb border_width_right_phone=\u00bb0px\u00bb border_width_right_last_edited=\u00bbon|phone\u00bb locked=\u00bboff\u00bb global_colors_info=\u00bb{}\u00bb]<\/p>\n<h2>Beneficios del Body attack en Oviedo<\/h2>\n<p>[\/et_pb_text][\/et_pb_column][et_pb_column type=\u00bb2_3&#8243; _builder_version=\u00bb4.16&#8243; _module_preset=\u00bbdefault\u00bb global_colors_info=\u00bb{}\u00bb][et_pb_text _builder_version=\u00bb4.16&#8243; text_font=\u00bb|300|||||||\u00bb text_text_color=\u00bb#cccccc\u00bb text_line_height=\u00bb1.1em\u00bb header_font=\u00bb|300|||||||\u00bb header_2_font=\u00bb|300||on|||||\u00bb header_2_text_color=\u00bb#cccccc\u00bb header_2_font_size=\u00bb36px\u00bb header_2_letter_spacing=\u00bb2px\u00bb background_layout=\u00bbdark\u00bb global_colors_info=\u00bb{}\u00bb]Uno de los grandes beneficios que notar\u00e1s<span>\u00a0<\/span><strong>con nuestros ejercicios de Body Attack en Oviedo es que te pondr\u00e1s en forma r\u00e1pidamente.<\/strong><\/p>\n<p>La exigencia de sus rutinas est\u00e1 especialmente pensada para acelerar el metabolismo del cuerpo y reducir el \u00edndice de grasa corporal de tu sistema. Por supuesto, esta quema de calor\u00edas tiene repercusi\u00f3n inmediata en tu peso.<\/p>\n<p>Adem\u00e1s de trabajar una gran cantidad de m\u00fasculos,<span>\u00a0<\/span><strong>las clases de Body Attack en Oviedo tambi\u00e9n mejorar\u00e1n tu masa \u00f3sea<\/strong>. Otra de las grandes ventajas que tienen estas rutinas es que mejoran tu coordinaci\u00f3n motriz y la agilidad de tu cuerpo. Finalmente, las coreograf\u00edas y la m\u00fasica lo convierten en un ejercicio sumamente agradable y divertido.[\/et_pb_text][\/et_pb_column][\/et_pb_row][\/et_pb_section][et_pb_section fb_built=\u00bb1&#8243; custom_padding_last_edited=\u00bbon|phone\u00bb _builder_version=\u00bb4.27.4&#8243; _module_preset=\u00bbdefault\u00bb background_color=\u00bb#000000&#8243; custom_padding=\u00bb0px||50px||false|false\u00bb custom_padding_tablet=\u00bb\u00bb custom_padding_phone=\u00bb||30px||false|false\u00bb hover_enabled=\u00bb0&#8243; global_colors_info=\u00bb{}\u00bb sticky_enabled=\u00bb0&#8243;][et_pb_row column_structure=\u00bb1_3,2_3&#8243; custom_padding_last_edited=\u00bbon|phone\u00bb _builder_version=\u00bb4.16&#8243; _module_preset=\u00bbdefault\u00bb custom_padding_tablet=\u00bb\u00bb custom_padding_phone=\u00bb0px||0px||false|false\u00bb global_colors_info=\u00bb{}\u00bb][et_pb_column type=\u00bb1_3&#8243; _builder_version=\u00bb4.16&#8243; _module_preset=\u00bbdefault\u00bb global_colors_info=\u00bb{}\u00bb][et_pb_text _builder_version=\u00bb4.16&#8243; text_font=\u00bb||||||||\u00bb header_font=\u00bb||||||||\u00bb header_text_align=\u00bbcenter\u00bb header_2_font=\u00bb|300||on|||||\u00bb header_2_text_align=\u00bbright\u00bb header_2_font_size=\u00bb29px\u00bb custom_margin=\u00bb||0px||false|false\u00bb custom_padding=\u00bb|15%|0px||false|false\u00bb header_2_text_align_tablet=\u00bb\u00bb header_2_text_align_phone=\u00bbleft\u00bb header_2_text_align_last_edited=\u00bbon|phone\u00bb header_2_font_size_tablet=\u00bb51px\u00bb header_2_font_size_phone=\u00bb25px\u00bb header_2_font_size_last_edited=\u00bbon|phone\u00bb border_width_right=\u00bb2px\u00bb border_color_right=\u00bb#cccccc\u00bb border_width_right_tablet=\u00bb\u00bb border_width_right_phone=\u00bb0px\u00bb border_width_right_last_edited=\u00bbon|phone\u00bb locked=\u00bboff\u00bb global_colors_info=\u00bb{}\u00bb]<\/p>\n<h2>Por qu\u00e9 Body attack en Sparta Sport Center Oviedo<\/h2>\n<p>[\/et_pb_text][\/et_pb_column][et_pb_column type=\u00bb2_3&#8243; _builder_version=\u00bb4.16&#8243; _module_preset=\u00bbdefault\u00bb global_colors_info=\u00bb{}\u00bb][et_pb_text _builder_version=\u00bb4.16&#8243; text_font=\u00bb|300|||||||\u00bb text_text_color=\u00bb#cccccc\u00bb text_line_height=\u00bb1.1em\u00bb header_font=\u00bb|300|||||||\u00bb header_2_font=\u00bb|300||on|||||\u00bb header_2_text_color=\u00bb#cccccc\u00bb header_2_font_size=\u00bb36px\u00bb header_2_letter_spacing=\u00bb2px\u00bb background_layout=\u00bbdark\u00bb global_colors_info=\u00bb{}\u00bb]<span>En nuestro gimnasio contamos con un sistema de asesoramiento personalizado y un equipo de profesionales multidisciplinar que optimizar\u00e1 todos los aspectos de tu entrenamiento.<\/span><\/p>\n<p><span>Adem\u00e1s, a trav\u00e9s de nuestra aplicaci\u00f3n para dispositivos m\u00f3viles podr\u00e1s revisar informaci\u00f3n detallada de tu progreso y generar estrategias que te permitan alcanzar tus objetivos en el menor tiempo posible.<\/span><\/p>\n<p><span>No esperes m\u00e1s e inscr\u00edbete en nuestras clases de Attack en Oviedo.<\/span>[\/et_pb_text][\/et_pb_column][\/et_pb_row][\/et_pb_section]<\/p>\n","protected":false},"excerpt":{"rendered":"<p>clases de Body attack en OviedoEl Body Attack es un deporte con coreograf\u00eda\u00a0bastante exigente y desafiante. Resulta perfecto para quienes buscan constantemente ponerse a prueba y sacar el m\u00e1ximo rendimiento de su cuerpo. Los movimientos y ejercicios de esta disciplina buscan movilizar grandes cantidades de m\u00fasculo, por lo que fortalecer\u00e1 r\u00e1pidamente tu n\u00facleo. Lo m\u00e1s [&hellip;]<\/p>\n","protected":false},"author":1,"featured_media":219190,"parent":0,"menu_order":0,"comment_status":"closed","ping_status":"closed","template":"","meta":{"_et_pb_use_builder":"on","_et_pb_old_content":"","_et_gb_content_width":"","footnotes":""},"class_list":["post-215724","page","type-page","status-publish","has-post-thumbnail","hentry"],"yoast_head":"<!-- This site is optimized with the Yoast SEO plugin v27.4 - https:\/\/yoast.com\/product\/yoast-seo-wordpress\/ -->\n<title>Body Attack Oviedo - 1 D\u00cdA GRATIS | Sparta Sport Center<\/title>\n<meta name=\"description\" content=\"\u00bfBuscas un gimnasio para hacer Body Attack en Oviedo? En Sparta Sport Center podemos ayudarte. \u00a1Vis\u00edtanos y descubre nuestras clases!\" \/>\n<meta name=\"robots\" content=\"index, follow, max-snippet:-1, max-image-preview:large, max-video-preview:-1\" \/>\n<link rel=\"canonical\" href=\"https:\/\/spartasportcenter.com\/oviedo\/attack-oviedo\/\" \/>\n<meta property=\"og:locale\" content=\"es_ES\" \/>\n<meta property=\"og:type\" content=\"article\" \/>\n<meta property=\"og:title\" content=\"Body Attack Oviedo - 1 D\u00cdA GRATIS | Sparta Sport Center\" \/>\n<meta property=\"og:description\" content=\"\u00bfBuscas un gimnasio para hacer Body Attack en Oviedo? En Sparta Sport Center podemos ayudarte. \u00a1Vis\u00edtanos y descubre nuestras clases!\" \/>\n<meta property=\"og:url\" content=\"https:\/\/spartasportcenter.com\/oviedo\/attack-oviedo\/\" \/>\n<meta property=\"og:site_name\" content=\"Sparta Sport Center Oviedo\" \/>\n<meta property=\"article:modified_time\" content=\"2025-12-16T15:45:20+00:00\" \/>\n<meta property=\"og:image\" content=\"https:\/\/spartasportcenter.com\/oviedo\/wp-content\/uploads\/2024\/06\/body-attack-oviedo.webp\" \/>\n\t<meta property=\"og:image:width\" content=\"2000\" \/>\n\t<meta property=\"og:image:height\" content=\"1333\" \/>\n\t<meta property=\"og:image:type\" content=\"image\/webp\" \/>\n<meta name=\"twitter:card\" content=\"summary_large_image\" \/>\n<meta name=\"twitter:label1\" content=\"Tiempo de lectura\" \/>\n\t<meta name=\"twitter:data1\" content=\"2 minutos\" \/>\n<script type=\"application\/ld+json\" class=\"yoast-schema-graph\">{\"@context\":\"https:\\\/\\\/schema.org\",\"@graph\":[{\"@type\":\"WebPage\",\"@id\":\"https:\\\/\\\/spartasportcenter.com\\\/oviedo\\\/attack-oviedo\\\/\",\"url\":\"https:\\\/\\\/spartasportcenter.com\\\/oviedo\\\/attack-oviedo\\\/\",\"name\":\"Body Attack Oviedo - 1 D\u00cdA GRATIS | Sparta Sport Center\",\"isPartOf\":{\"@id\":\"https:\\\/\\\/spartasportcenter.com\\\/oviedo\\\/#website\"},\"primaryImageOfPage\":{\"@id\":\"https:\\\/\\\/spartasportcenter.com\\\/oviedo\\\/attack-oviedo\\\/#primaryimage\"},\"image\":{\"@id\":\"https:\\\/\\\/spartasportcenter.com\\\/oviedo\\\/attack-oviedo\\\/#primaryimage\"},\"thumbnailUrl\":\"https:\\\/\\\/spartasportcenter.com\\\/oviedo\\\/wp-content\\\/uploads\\\/2024\\\/06\\\/body-attack-oviedo.webp\",\"datePublished\":\"2021-05-12T11:33:48+00:00\",\"dateModified\":\"2025-12-16T15:45:20+00:00\",\"description\":\"\u00bfBuscas un gimnasio para hacer Body Attack en Oviedo? En Sparta Sport Center podemos ayudarte. \u00a1Vis\u00edtanos y descubre nuestras clases!\",\"breadcrumb\":{\"@id\":\"https:\\\/\\\/spartasportcenter.com\\\/oviedo\\\/attack-oviedo\\\/#breadcrumb\"},\"inLanguage\":\"es\",\"potentialAction\":[{\"@type\":\"ReadAction\",\"target\":[\"https:\\\/\\\/spartasportcenter.com\\\/oviedo\\\/attack-oviedo\\\/\"]}]},{\"@type\":\"ImageObject\",\"inLanguage\":\"es\",\"@id\":\"https:\\\/\\\/spartasportcenter.com\\\/oviedo\\\/attack-oviedo\\\/#primaryimage\",\"url\":\"https:\\\/\\\/spartasportcenter.com\\\/oviedo\\\/wp-content\\\/uploads\\\/2024\\\/06\\\/body-attack-oviedo.webp\",\"contentUrl\":\"https:\\\/\\\/spartasportcenter.com\\\/oviedo\\\/wp-content\\\/uploads\\\/2024\\\/06\\\/body-attack-oviedo.webp\",\"width\":2000,\"height\":1333,\"caption\":\"body attack oviedo\"},{\"@type\":\"BreadcrumbList\",\"@id\":\"https:\\\/\\\/spartasportcenter.com\\\/oviedo\\\/attack-oviedo\\\/#breadcrumb\",\"itemListElement\":[{\"@type\":\"ListItem\",\"position\":1,\"name\":\"Portada\",\"item\":\"https:\\\/\\\/spartasportcenter.com\\\/oviedo\\\/\"},{\"@type\":\"ListItem\",\"position\":2,\"name\":\"Body Attack Oviedo\"}]},{\"@type\":\"WebSite\",\"@id\":\"https:\\\/\\\/spartasportcenter.com\\\/oviedo\\\/#website\",\"url\":\"https:\\\/\\\/spartasportcenter.com\\\/oviedo\\\/\",\"name\":\"Sparta Sport Center Oviedo\",\"description\":\"Gimnasios en Oviedo\",\"potentialAction\":[{\"@type\":\"SearchAction\",\"target\":{\"@type\":\"EntryPoint\",\"urlTemplate\":\"https:\\\/\\\/spartasportcenter.com\\\/oviedo\\\/?s={search_term_string}\"},\"query-input\":{\"@type\":\"PropertyValueSpecification\",\"valueRequired\":true,\"valueName\":\"search_term_string\"}}],\"inLanguage\":\"es\"}]}<\/script>\n<!-- \/ Yoast SEO plugin. -->","yoast_head_json":{"title":"Body Attack Oviedo - 1 D\u00cdA GRATIS | Sparta Sport Center","description":"\u00bfBuscas un gimnasio para hacer Body Attack en Oviedo? En Sparta Sport Center podemos ayudarte. \u00a1Vis\u00edtanos y descubre nuestras clases!","robots":{"index":"index","follow":"follow","max-snippet":"max-snippet:-1","max-image-preview":"max-image-preview:large","max-video-preview":"max-video-preview:-1"},"canonical":"https:\/\/spartasportcenter.com\/oviedo\/attack-oviedo\/","og_locale":"es_ES","og_type":"article","og_title":"Body Attack Oviedo - 1 D\u00cdA GRATIS | Sparta Sport Center","og_description":"\u00bfBuscas un gimnasio para hacer Body Attack en Oviedo? En Sparta Sport Center podemos ayudarte. \u00a1Vis\u00edtanos y descubre nuestras clases!","og_url":"https:\/\/spartasportcenter.com\/oviedo\/attack-oviedo\/","og_site_name":"Sparta Sport Center Oviedo","article_modified_time":"2025-12-16T15:45:20+00:00","og_image":[{"width":2000,"height":1333,"url":"https:\/\/spartasportcenter.com\/oviedo\/wp-content\/uploads\/2024\/06\/body-attack-oviedo.webp","type":"image\/webp"}],"twitter_card":"summary_large_image","twitter_misc":{"Tiempo de lectura":"2 minutos"},"schema":{"@context":"https:\/\/schema.org","@graph":[{"@type":"WebPage","@id":"https:\/\/spartasportcenter.com\/oviedo\/attack-oviedo\/","url":"https:\/\/spartasportcenter.com\/oviedo\/attack-oviedo\/","name":"Body Attack Oviedo - 1 D\u00cdA GRATIS | Sparta Sport Center","isPartOf":{"@id":"https:\/\/spartasportcenter.com\/oviedo\/#website"},"primaryImageOfPage":{"@id":"https:\/\/spartasportcenter.com\/oviedo\/attack-oviedo\/#primaryimage"},"image":{"@id":"https:\/\/spartasportcenter.com\/oviedo\/attack-oviedo\/#primaryimage"},"thumbnailUrl":"https:\/\/spartasportcenter.com\/oviedo\/wp-content\/uploads\/2024\/06\/body-attack-oviedo.webp","datePublished":"2021-05-12T11:33:48+00:00","dateModified":"2025-12-16T15:45:20+00:00","description":"\u00bfBuscas un gimnasio para hacer Body Attack en Oviedo? En Sparta Sport Center podemos ayudarte. \u00a1Vis\u00edtanos y descubre nuestras clases!","breadcrumb":{"@id":"https:\/\/spartasportcenter.com\/oviedo\/attack-oviedo\/#breadcrumb"},"inLanguage":"es","potentialAction":[{"@type":"ReadAction","target":["https:\/\/spartasportcenter.com\/oviedo\/attack-oviedo\/"]}]},{"@type":"ImageObject","inLanguage":"es","@id":"https:\/\/spartasportcenter.com\/oviedo\/attack-oviedo\/#primaryimage","url":"https:\/\/spartasportcenter.com\/oviedo\/wp-content\/uploads\/2024\/06\/body-attack-oviedo.webp","contentUrl":"https:\/\/spartasportcenter.com\/oviedo\/wp-content\/uploads\/2024\/06\/body-attack-oviedo.webp","width":2000,"height":1333,"caption":"body attack oviedo"},{"@type":"BreadcrumbList","@id":"https:\/\/spartasportcenter.com\/oviedo\/attack-oviedo\/#breadcrumb","itemListElement":[{"@type":"ListItem","position":1,"name":"Portada","item":"https:\/\/spartasportcenter.com\/oviedo\/"},{"@type":"ListItem","position":2,"name":"Body Attack Oviedo"}]},{"@type":"WebSite","@id":"https:\/\/spartasportcenter.com\/oviedo\/#website","url":"https:\/\/spartasportcenter.com\/oviedo\/","name":"Sparta Sport Center Oviedo","description":"Gimnasios en Oviedo","potentialAction":[{"@type":"SearchAction","target":{"@type":"EntryPoint","urlTemplate":"https:\/\/spartasportcenter.com\/oviedo\/?s={search_term_string}"},"query-input":{"@type":"PropertyValueSpecification","valueRequired":true,"valueName":"search_term_string"}}],"inLanguage":"es"}]}},"_links":{"self":[{"href":"https:\/\/spartasportcenter.com\/oviedo\/wp-json\/wp\/v2\/pages\/215724","targetHints":{"allow":["GET"]}}],"collection":[{"href":"https:\/\/spartasportcenter.com\/oviedo\/wp-json\/wp\/v2\/pages"}],"about":[{"href":"https:\/\/spartasportcenter.com\/oviedo\/wp-json\/wp\/v2\/types\/page"}],"author":[{"embeddable":true,"href":"https:\/\/spartasportcenter.com\/oviedo\/wp-json\/wp\/v2\/users\/1"}],"replies":[{"embeddable":true,"href":"https:\/\/spartasportcenter.com\/oviedo\/wp-json\/wp\/v2\/comments?post=215724"}],"version-history":[{"count":1,"href":"https:\/\/spartasportcenter.com\/oviedo\/wp-json\/wp\/v2\/pages\/215724\/revisions"}],"predecessor-version":[{"id":220269,"href":"https:\/\/spartasportcenter.com\/oviedo\/wp-json\/wp\/v2\/pages\/215724\/revisions\/220269"}],"wp:featuredmedia":[{"embeddable":true,"href":"https:\/\/spartasportcenter.com\/oviedo\/wp-json\/wp\/v2\/media\/219190"}],"wp:attachment":[{"href":"https:\/\/spartasportcenter.com\/oviedo\/wp-json\/wp\/v2\/media?parent=215724"}],"curies":[{"name":"wp","href":"https:\/\/api.w.org\/{rel}","templated":true}]}}