{"id":215612,"date":"2021-05-12T11:00:42","date_gmt":"2021-05-12T09:00:42","guid":{"rendered":"https:\/\/spartasportcenter.com\/nuevo-oviedo\/?page_id=215612"},"modified":"2025-12-16T16:46:41","modified_gmt":"2025-12-16T15:46:41","slug":"body-balance-oviedo","status":"publish","type":"page","link":"https:\/\/spartasportcenter.com\/oviedo\/body-balance-oviedo\/","title":{"rendered":"Body Balance Oviedo"},"content":{"rendered":"<p>[et_pb_section fb_built=\u00bb1&#8243; custom_padding_last_edited=\u00bbon|phone\u00bb disabled_on=\u00bboff|off|off\u00bb _builder_version=\u00bb4.27.4&#8243; background_color=\u00bb#000000&#8243; background_enable_image=\u00bboff\u00bb custom_margin=\u00bb||||false|false\u00bb custom_padding=\u00bb80px|0px|0px|0px|false|false\u00bb custom_padding_tablet=\u00bb\u00bb custom_padding_phone=\u00bb30px||50px||false|false\u00bb hover_enabled=\u00bb0&#8243; global_colors_info=\u00bb{}\u00bb sticky_enabled=\u00bb0&#8243;][et_pb_row column_structure=\u00bb1_3,2_3&#8243; custom_padding_last_edited=\u00bbon|desktop\u00bb _builder_version=\u00bb4.16&#8243; _module_preset=\u00bbdefault\u00bb custom_padding=\u00bb0px||||false|false\u00bb custom_padding_tablet=\u00bb\u00bb custom_padding_phone=\u00bb0px||||false|false\u00bb global_colors_info=\u00bb{}\u00bb][et_pb_column type=\u00bb1_3&#8243; _builder_version=\u00bb4.16&#8243; _module_preset=\u00bbdefault\u00bb global_colors_info=\u00bb{}\u00bb][et_pb_text _builder_version=\u00bb4.16&#8243; text_font=\u00bb||||||||\u00bb header_font=\u00bb||||||||\u00bb header_text_align=\u00bbcenter\u00bb header_2_font=\u00bb|300||on|||||\u00bb header_2_text_align=\u00bbright\u00bb header_2_font_size=\u00bb29px\u00bb custom_margin=\u00bb||0px||false|false\u00bb custom_padding=\u00bb|15%|0px||false|false\u00bb header_2_text_align_tablet=\u00bb\u00bb header_2_text_align_phone=\u00bbleft\u00bb header_2_text_align_last_edited=\u00bbon|phone\u00bb header_2_font_size_tablet=\u00bb51px\u00bb header_2_font_size_phone=\u00bb25px\u00bb header_2_font_size_last_edited=\u00bbon|phone\u00bb border_width_right=\u00bb2px\u00bb border_color_right=\u00bb#cccccc\u00bb border_width_right_tablet=\u00bb\u00bb border_width_right_phone=\u00bb0px\u00bb border_width_right_last_edited=\u00bbon|phone\u00bb locked=\u00bboff\u00bb global_colors_info=\u00bb{}\u00bb]<\/p>\n<h2>clases de Body Balance en Oviedo<\/h2>\n<p>[\/et_pb_text][\/et_pb_column][et_pb_column type=\u00bb2_3&#8243; _builder_version=\u00bb4.16&#8243; _module_preset=\u00bbdefault\u00bb global_colors_info=\u00bb{}\u00bb][et_pb_text _builder_version=\u00bb4.16&#8243; text_font=\u00bb|300|||||||\u00bb text_text_color=\u00bb#cccccc\u00bb text_line_height=\u00bb1.1em\u00bb header_font=\u00bb|300|||||||\u00bb header_2_font=\u00bb|300||on|||||\u00bb header_2_text_color=\u00bb#cccccc\u00bb header_2_font_size=\u00bb36px\u00bb header_2_letter_spacing=\u00bb2px\u00bb background_layout=\u00bbdark\u00bb global_colors_info=\u00bb{}\u00bb]<strong>El Body Balance es una actividad que recoge herramientas de diferentes disciplinas<\/strong>\u00a0y que resulta perfecto para aquellas personas que valoran la calma y la mesura. Su principal caracter\u00edsticas reside en el bajo impacto de sus ejercicios, lo cual queda de manifiesto al basar gran parte de su metodolog\u00eda en t\u00e9cnicas del Yoga, Taichi y Pilates.<\/span><\/p>\n<p><span>Para que este entrenamiento tenga los resultados esperados, lo mejor es que sea supervisado por alg\u00fan profesional del acondicionamiento f\u00edsico. Es por esto que nuestras\u00a0<strong>clases de Body Balance en Oviedo<\/strong>\u00a0son impartidas por personal altamente cualificado y que te ayudar\u00e1 a obtener los resultados que esperas en el menor tiempo posible.<\/span><\/p>\n<p>Adem\u00e1s, contamos con unas instalaciones de lujo para el correcto desarrollo de los ejercicios de Body Balance en Oviedo. Junto a nosotros tendr\u00e1s todos los materiales y herramientas necesarios a tu alcance, para que as\u00ed solo debas centrarte en tu propio progreso y en alcanzar todas las metas que te has propuesto.[\/et_pb_text][\/et_pb_column][\/et_pb_row][et_pb_row column_structure=\u00bb1_3,2_3&#8243; custom_padding_last_edited=\u00bbon|phone\u00bb _builder_version=\u00bb4.16&#8243; _module_preset=\u00bbdefault\u00bb custom_margin=\u00bb||0px||false|false\u00bb custom_padding=\u00bb||||false|false\u00bb custom_padding_tablet=\u00bb\u00bb custom_padding_phone=\u00bb0px||0px||false|false\u00bb global_colors_info=\u00bb{}\u00bb][et_pb_column type=\u00bb1_3&#8243; _builder_version=\u00bb4.16&#8243; _module_preset=\u00bbdefault\u00bb global_colors_info=\u00bb{}\u00bb][et_pb_text _builder_version=\u00bb4.16&#8243; text_font=\u00bb||||||||\u00bb header_font=\u00bb||||||||\u00bb header_text_align=\u00bbcenter\u00bb header_2_font=\u00bb|300||on|||||\u00bb header_2_text_align=\u00bbright\u00bb header_2_font_size=\u00bb29px\u00bb custom_margin=\u00bb||0px||false|false\u00bb custom_padding=\u00bb|15%|0px||false|false\u00bb header_2_text_align_tablet=\u00bb\u00bb header_2_text_align_phone=\u00bbleft\u00bb header_2_text_align_last_edited=\u00bbon|phone\u00bb header_2_font_size_tablet=\u00bb51px\u00bb header_2_font_size_phone=\u00bb25px\u00bb header_2_font_size_last_edited=\u00bbon|phone\u00bb border_width_right=\u00bb2px\u00bb border_color_right=\u00bb#cccccc\u00bb border_width_right_tablet=\u00bb\u00bb border_width_right_phone=\u00bb0px\u00bb border_width_right_last_edited=\u00bbon|phone\u00bb locked=\u00bboff\u00bb global_colors_info=\u00bb{}\u00bb]<\/p>\n<h2>Beneficios del Body Balance en Oviedo<\/h2>\n<p>[\/et_pb_text][\/et_pb_column][et_pb_column type=\u00bb2_3&#8243; _builder_version=\u00bb4.16&#8243; _module_preset=\u00bbdefault\u00bb global_colors_info=\u00bb{}\u00bb][et_pb_text _builder_version=\u00bb4.16&#8243; text_font=\u00bb|300|||||||\u00bb text_text_color=\u00bb#cccccc\u00bb text_line_height=\u00bb1.1em\u00bb header_font=\u00bb|300|||||||\u00bb header_2_font=\u00bb|300||on|||||\u00bb header_2_text_color=\u00bb#cccccc\u00bb header_2_font_size=\u00bb36px\u00bb header_2_letter_spacing=\u00bb2px\u00bb background_layout=\u00bbdark\u00bb global_colors_info=\u00bb{}\u00bb]<span>En nuestro\u00a0<\/span><strong>gimnasio con Body Balance en Oviedo<\/strong><span>\u00a0podr\u00e1s descubrir los grandes beneficios de esta actividad en el cuerpo.<\/span><\/p>\n<p><span>Lo primero a destacar es la funci\u00f3n aer\u00f3bica de los ejercicios, los cuales acelerar\u00e1n el metabolismo de tu sistema y facilitar\u00e1n la quema de grasa y p\u00e9rdida de peso.<\/span><\/p>\n<p>Pero eso no es todo. Tambi\u00e9n fortalecer\u00e1s varios m\u00fasculos de tu cuerpo, aumentar\u00e1s tu elasticidad y ganar\u00e1s un equilibrio mayor. Solucionar\u00e1s todos tus problemas de postura y evitar\u00e1s que vuelvan a aparecer en el futuro.<\/p>\n<p>Finalmente, <strong>con las clases de Body Balance\u00a0 mejorar\u00e1n tus funciones cardiovasculares y se tonificar\u00e1n los m\u00fasculos<\/strong>, brind\u00e1ndote la silueta que siempre deseaste tener.[\/et_pb_text][\/et_pb_column][\/et_pb_row][\/et_pb_section][et_pb_section fb_built=\u00bb1&#8243; custom_padding_last_edited=\u00bbon|phone\u00bb _builder_version=\u00bb4.27.4&#8243; _module_preset=\u00bbdefault\u00bb background_color=\u00bb#000000&#8243; custom_padding=\u00bb0px||50px||false|false\u00bb custom_padding_tablet=\u00bb\u00bb custom_padding_phone=\u00bb||30px||false|false\u00bb hover_enabled=\u00bb0&#8243; global_colors_info=\u00bb{}\u00bb sticky_enabled=\u00bb0&#8243;][et_pb_row column_structure=\u00bb1_3,2_3&#8243; custom_padding_last_edited=\u00bbon|phone\u00bb _builder_version=\u00bb4.16&#8243; _module_preset=\u00bbdefault\u00bb custom_padding_tablet=\u00bb\u00bb custom_padding_phone=\u00bb0px||0px||false|false\u00bb global_colors_info=\u00bb{}\u00bb][et_pb_column type=\u00bb1_3&#8243; _builder_version=\u00bb4.16&#8243; _module_preset=\u00bbdefault\u00bb global_colors_info=\u00bb{}\u00bb][et_pb_text _builder_version=\u00bb4.16&#8243; text_font=\u00bb||||||||\u00bb header_font=\u00bb||||||||\u00bb header_text_align=\u00bbcenter\u00bb header_2_font=\u00bb|300||on|||||\u00bb header_2_text_align=\u00bbright\u00bb header_2_font_size=\u00bb29px\u00bb custom_margin=\u00bb||0px||false|false\u00bb custom_padding=\u00bb|15%|0px||false|false\u00bb header_2_text_align_tablet=\u00bb\u00bb header_2_text_align_phone=\u00bbleft\u00bb header_2_text_align_last_edited=\u00bbon|phone\u00bb header_2_font_size_tablet=\u00bb51px\u00bb header_2_font_size_phone=\u00bb25px\u00bb header_2_font_size_last_edited=\u00bbon|phone\u00bb border_width_right=\u00bb2px\u00bb border_color_right=\u00bb#cccccc\u00bb border_width_right_tablet=\u00bb\u00bb border_width_right_phone=\u00bb0px\u00bb border_width_right_last_edited=\u00bbon|phone\u00bb locked=\u00bboff\u00bb global_colors_info=\u00bb{}\u00bb]<\/p>\n<h2>Por qu\u00e9 Body Balance en Sparta Sport Center Oviedo<\/h2>\n<p>[\/et_pb_text][\/et_pb_column][et_pb_column type=\u00bb2_3&#8243; _builder_version=\u00bb4.16&#8243; _module_preset=\u00bbdefault\u00bb global_colors_info=\u00bb{}\u00bb][et_pb_text _builder_version=\u00bb4.16&#8243; text_font=\u00bb|300|||||||\u00bb text_text_color=\u00bb#cccccc\u00bb text_line_height=\u00bb1.1em\u00bb header_font=\u00bb|300|||||||\u00bb header_2_font=\u00bb|300||on|||||\u00bb header_2_text_color=\u00bb#cccccc\u00bb header_2_font_size=\u00bb36px\u00bb header_2_letter_spacing=\u00bb2px\u00bb background_layout=\u00bbdark\u00bb global_colors_info=\u00bb{}\u00bb]<\/p>\n<p><span>Porque en Sparta contamos con un sistema de seguimiento individual que nos permite personalizar las rutinas de ejercicios y enfocarlas espec\u00edficamente a las necesidades y objetivos que cada persona tenga.<\/span><\/p>\n<p><span>Tambi\u00e9n tenemos a tu disposici\u00f3n nuestra aplicaci\u00f3n para dispositivos m\u00f3viles en la que podr\u00e1s revisar detalladamente todos los progresos que logres al asistir a nuestro gimnasio.<\/span><\/p>\n<p>No esperes m\u00e1s y<span>\u00a0<\/span><strong>descubre el mejor gimnasio con Body Balance en Oviedo.<\/strong><\/p>\n<p>[\/et_pb_text][\/et_pb_column][\/et_pb_row][\/et_pb_section]<\/p>\n","protected":false},"excerpt":{"rendered":"<p>clases de Body Balance en OviedoEl Body Balance es una actividad que recoge herramientas de diferentes disciplinas\u00a0y que resulta perfecto para aquellas personas que valoran la calma y la mesura. Su principal caracter\u00edsticas reside en el bajo impacto de sus ejercicios, lo cual queda de manifiesto al basar gran parte de su metodolog\u00eda en t\u00e9cnicas [&hellip;]<\/p>\n","protected":false},"author":1,"featured_media":219298,"parent":0,"menu_order":0,"comment_status":"closed","ping_status":"closed","template":"","meta":{"_et_pb_use_builder":"on","_et_pb_old_content":"","_et_gb_content_width":"","footnotes":""},"class_list":["post-215612","page","type-page","status-publish","has-post-thumbnail","hentry"],"yoast_head":"<!-- This site is optimized with the Yoast SEO plugin v27.4 - https:\/\/yoast.com\/product\/yoast-seo-wordpress\/ -->\n<title>Body Balance en Oviedo | Sparta Sport Center<\/title>\n<meta name=\"description\" content=\"En nuestro centro obtendr\u00e1s CLASES DE BODY BALANCE DIRIGIDAS en Oviedo, son ideales para solucionar problemas de postura y fortalecer los m\u00fasculos.\" \/>\n<meta name=\"robots\" content=\"index, follow, max-snippet:-1, max-image-preview:large, max-video-preview:-1\" \/>\n<link rel=\"canonical\" href=\"https:\/\/spartasportcenter.com\/oviedo\/body-balance-oviedo\/\" \/>\n<meta property=\"og:locale\" content=\"es_ES\" \/>\n<meta property=\"og:type\" content=\"article\" \/>\n<meta property=\"og:title\" content=\"Body Balance en Oviedo | Sparta Sport Center\" \/>\n<meta property=\"og:description\" content=\"En nuestro centro obtendr\u00e1s CLASES DE BODY BALANCE DIRIGIDAS en Oviedo, son ideales para solucionar problemas de postura y fortalecer los m\u00fasculos.\" \/>\n<meta property=\"og:url\" content=\"https:\/\/spartasportcenter.com\/oviedo\/body-balance-oviedo\/\" \/>\n<meta property=\"og:site_name\" content=\"Sparta Sport Center Oviedo\" \/>\n<meta property=\"article:modified_time\" content=\"2025-12-16T15:46:41+00:00\" \/>\n<meta property=\"og:image\" content=\"https:\/\/spartasportcenter.com\/oviedo\/wp-content\/uploads\/2024\/07\/body-balance-oviedo.webp\" \/>\n\t<meta property=\"og:image:width\" content=\"2000\" \/>\n\t<meta property=\"og:image:height\" content=\"1333\" \/>\n\t<meta property=\"og:image:type\" content=\"image\/webp\" \/>\n<meta name=\"twitter:card\" content=\"summary_large_image\" \/>\n<meta name=\"twitter:label1\" content=\"Tiempo de lectura\" \/>\n\t<meta name=\"twitter:data1\" content=\"2 minutos\" \/>\n<script type=\"application\/ld+json\" class=\"yoast-schema-graph\">{\"@context\":\"https:\\\/\\\/schema.org\",\"@graph\":[{\"@type\":\"WebPage\",\"@id\":\"https:\\\/\\\/spartasportcenter.com\\\/oviedo\\\/body-balance-oviedo\\\/\",\"url\":\"https:\\\/\\\/spartasportcenter.com\\\/oviedo\\\/body-balance-oviedo\\\/\",\"name\":\"Body Balance en Oviedo | Sparta Sport Center\",\"isPartOf\":{\"@id\":\"https:\\\/\\\/spartasportcenter.com\\\/oviedo\\\/#website\"},\"primaryImageOfPage\":{\"@id\":\"https:\\\/\\\/spartasportcenter.com\\\/oviedo\\\/body-balance-oviedo\\\/#primaryimage\"},\"image\":{\"@id\":\"https:\\\/\\\/spartasportcenter.com\\\/oviedo\\\/body-balance-oviedo\\\/#primaryimage\"},\"thumbnailUrl\":\"https:\\\/\\\/spartasportcenter.com\\\/oviedo\\\/wp-content\\\/uploads\\\/2024\\\/07\\\/body-balance-oviedo.webp\",\"datePublished\":\"2021-05-12T09:00:42+00:00\",\"dateModified\":\"2025-12-16T15:46:41+00:00\",\"description\":\"En nuestro centro obtendr\u00e1s CLASES DE BODY BALANCE DIRIGIDAS en Oviedo, son ideales para solucionar problemas de postura y fortalecer los m\u00fasculos.\",\"breadcrumb\":{\"@id\":\"https:\\\/\\\/spartasportcenter.com\\\/oviedo\\\/body-balance-oviedo\\\/#breadcrumb\"},\"inLanguage\":\"es\",\"potentialAction\":[{\"@type\":\"ReadAction\",\"target\":[\"https:\\\/\\\/spartasportcenter.com\\\/oviedo\\\/body-balance-oviedo\\\/\"]}]},{\"@type\":\"ImageObject\",\"inLanguage\":\"es\",\"@id\":\"https:\\\/\\\/spartasportcenter.com\\\/oviedo\\\/body-balance-oviedo\\\/#primaryimage\",\"url\":\"https:\\\/\\\/spartasportcenter.com\\\/oviedo\\\/wp-content\\\/uploads\\\/2024\\\/07\\\/body-balance-oviedo.webp\",\"contentUrl\":\"https:\\\/\\\/spartasportcenter.com\\\/oviedo\\\/wp-content\\\/uploads\\\/2024\\\/07\\\/body-balance-oviedo.webp\",\"width\":2000,\"height\":1333,\"caption\":\"body balance oviedo\"},{\"@type\":\"BreadcrumbList\",\"@id\":\"https:\\\/\\\/spartasportcenter.com\\\/oviedo\\\/body-balance-oviedo\\\/#breadcrumb\",\"itemListElement\":[{\"@type\":\"ListItem\",\"position\":1,\"name\":\"Portada\",\"item\":\"https:\\\/\\\/spartasportcenter.com\\\/oviedo\\\/\"},{\"@type\":\"ListItem\",\"position\":2,\"name\":\"Body Balance Oviedo\"}]},{\"@type\":\"WebSite\",\"@id\":\"https:\\\/\\\/spartasportcenter.com\\\/oviedo\\\/#website\",\"url\":\"https:\\\/\\\/spartasportcenter.com\\\/oviedo\\\/\",\"name\":\"Sparta Sport Center Oviedo\",\"description\":\"Gimnasios en Oviedo\",\"potentialAction\":[{\"@type\":\"SearchAction\",\"target\":{\"@type\":\"EntryPoint\",\"urlTemplate\":\"https:\\\/\\\/spartasportcenter.com\\\/oviedo\\\/?s={search_term_string}\"},\"query-input\":{\"@type\":\"PropertyValueSpecification\",\"valueRequired\":true,\"valueName\":\"search_term_string\"}}],\"inLanguage\":\"es\"}]}<\/script>\n<!-- \/ Yoast SEO plugin. -->","yoast_head_json":{"title":"Body Balance en Oviedo | Sparta Sport Center","description":"En nuestro centro obtendr\u00e1s CLASES DE BODY BALANCE DIRIGIDAS en Oviedo, son ideales para solucionar problemas de postura y fortalecer los m\u00fasculos.","robots":{"index":"index","follow":"follow","max-snippet":"max-snippet:-1","max-image-preview":"max-image-preview:large","max-video-preview":"max-video-preview:-1"},"canonical":"https:\/\/spartasportcenter.com\/oviedo\/body-balance-oviedo\/","og_locale":"es_ES","og_type":"article","og_title":"Body Balance en Oviedo | Sparta Sport Center","og_description":"En nuestro centro obtendr\u00e1s CLASES DE BODY BALANCE DIRIGIDAS en Oviedo, son ideales para solucionar problemas de postura y fortalecer los m\u00fasculos.","og_url":"https:\/\/spartasportcenter.com\/oviedo\/body-balance-oviedo\/","og_site_name":"Sparta Sport Center Oviedo","article_modified_time":"2025-12-16T15:46:41+00:00","og_image":[{"width":2000,"height":1333,"url":"https:\/\/spartasportcenter.com\/oviedo\/wp-content\/uploads\/2024\/07\/body-balance-oviedo.webp","type":"image\/webp"}],"twitter_card":"summary_large_image","twitter_misc":{"Tiempo de lectura":"2 minutos"},"schema":{"@context":"https:\/\/schema.org","@graph":[{"@type":"WebPage","@id":"https:\/\/spartasportcenter.com\/oviedo\/body-balance-oviedo\/","url":"https:\/\/spartasportcenter.com\/oviedo\/body-balance-oviedo\/","name":"Body Balance en Oviedo | Sparta Sport Center","isPartOf":{"@id":"https:\/\/spartasportcenter.com\/oviedo\/#website"},"primaryImageOfPage":{"@id":"https:\/\/spartasportcenter.com\/oviedo\/body-balance-oviedo\/#primaryimage"},"image":{"@id":"https:\/\/spartasportcenter.com\/oviedo\/body-balance-oviedo\/#primaryimage"},"thumbnailUrl":"https:\/\/spartasportcenter.com\/oviedo\/wp-content\/uploads\/2024\/07\/body-balance-oviedo.webp","datePublished":"2021-05-12T09:00:42+00:00","dateModified":"2025-12-16T15:46:41+00:00","description":"En nuestro centro obtendr\u00e1s CLASES DE BODY BALANCE DIRIGIDAS en Oviedo, son ideales para solucionar problemas de postura y fortalecer los m\u00fasculos.","breadcrumb":{"@id":"https:\/\/spartasportcenter.com\/oviedo\/body-balance-oviedo\/#breadcrumb"},"inLanguage":"es","potentialAction":[{"@type":"ReadAction","target":["https:\/\/spartasportcenter.com\/oviedo\/body-balance-oviedo\/"]}]},{"@type":"ImageObject","inLanguage":"es","@id":"https:\/\/spartasportcenter.com\/oviedo\/body-balance-oviedo\/#primaryimage","url":"https:\/\/spartasportcenter.com\/oviedo\/wp-content\/uploads\/2024\/07\/body-balance-oviedo.webp","contentUrl":"https:\/\/spartasportcenter.com\/oviedo\/wp-content\/uploads\/2024\/07\/body-balance-oviedo.webp","width":2000,"height":1333,"caption":"body balance oviedo"},{"@type":"BreadcrumbList","@id":"https:\/\/spartasportcenter.com\/oviedo\/body-balance-oviedo\/#breadcrumb","itemListElement":[{"@type":"ListItem","position":1,"name":"Portada","item":"https:\/\/spartasportcenter.com\/oviedo\/"},{"@type":"ListItem","position":2,"name":"Body Balance Oviedo"}]},{"@type":"WebSite","@id":"https:\/\/spartasportcenter.com\/oviedo\/#website","url":"https:\/\/spartasportcenter.com\/oviedo\/","name":"Sparta Sport Center Oviedo","description":"Gimnasios en Oviedo","potentialAction":[{"@type":"SearchAction","target":{"@type":"EntryPoint","urlTemplate":"https:\/\/spartasportcenter.com\/oviedo\/?s={search_term_string}"},"query-input":{"@type":"PropertyValueSpecification","valueRequired":true,"valueName":"search_term_string"}}],"inLanguage":"es"}]}},"_links":{"self":[{"href":"https:\/\/spartasportcenter.com\/oviedo\/wp-json\/wp\/v2\/pages\/215612","targetHints":{"allow":["GET"]}}],"collection":[{"href":"https:\/\/spartasportcenter.com\/oviedo\/wp-json\/wp\/v2\/pages"}],"about":[{"href":"https:\/\/spartasportcenter.com\/oviedo\/wp-json\/wp\/v2\/types\/page"}],"author":[{"embeddable":true,"href":"https:\/\/spartasportcenter.com\/oviedo\/wp-json\/wp\/v2\/users\/1"}],"replies":[{"embeddable":true,"href":"https:\/\/spartasportcenter.com\/oviedo\/wp-json\/wp\/v2\/comments?post=215612"}],"version-history":[{"count":1,"href":"https:\/\/spartasportcenter.com\/oviedo\/wp-json\/wp\/v2\/pages\/215612\/revisions"}],"predecessor-version":[{"id":220270,"href":"https:\/\/spartasportcenter.com\/oviedo\/wp-json\/wp\/v2\/pages\/215612\/revisions\/220270"}],"wp:featuredmedia":[{"embeddable":true,"href":"https:\/\/spartasportcenter.com\/oviedo\/wp-json\/wp\/v2\/media\/219298"}],"wp:attachment":[{"href":"https:\/\/spartasportcenter.com\/oviedo\/wp-json\/wp\/v2\/media?parent=215612"}],"curies":[{"name":"wp","href":"https:\/\/api.w.org\/{rel}","templated":true}]}}