{"id":206567,"date":"2018-08-20T16:00:32","date_gmt":"2018-08-20T16:00:32","guid":{"rendered":"https:\/\/pamplona.spartasportcenter.com\/?page_id=206567"},"modified":"2025-12-16T16:44:21","modified_gmt":"2025-12-16T15:44:21","slug":"kick-boxing-oviedo","status":"publish","type":"page","link":"https:\/\/spartasportcenter.com\/oviedo\/kick-boxing-oviedo\/","title":{"rendered":"Kick Boxing Oviedo"},"content":{"rendered":"<p>[et_pb_section fb_built=\u00bb1&#8243; custom_padding_last_edited=\u00bbon|phone\u00bb disabled_on=\u00bboff|off|off\u00bb _builder_version=\u00bb4.27.4&#8243; background_color=\u00bb#000000&#8243; background_enable_image=\u00bboff\u00bb custom_margin=\u00bb||||false|false\u00bb custom_padding=\u00bb80px|0px|0px|0px|false|false\u00bb custom_padding_tablet=\u00bb\u00bb custom_padding_phone=\u00bb30px||50px||false|false\u00bb hover_enabled=\u00bb0&#8243; global_colors_info=\u00bb{}\u00bb sticky_enabled=\u00bb0&#8243;][et_pb_row column_structure=\u00bb1_3,2_3&#8243; custom_padding_last_edited=\u00bbon|desktop\u00bb _builder_version=\u00bb4.16&#8243; _module_preset=\u00bbdefault\u00bb custom_padding=\u00bb0px||||false|false\u00bb custom_padding_tablet=\u00bb\u00bb custom_padding_phone=\u00bb0px||||false|false\u00bb global_colors_info=\u00bb{}\u00bb][et_pb_column type=\u00bb1_3&#8243; _builder_version=\u00bb4.16&#8243; _module_preset=\u00bbdefault\u00bb global_colors_info=\u00bb{}\u00bb][et_pb_text _builder_version=\u00bb4.16&#8243; text_font=\u00bb||||||||\u00bb header_font=\u00bb||||||||\u00bb header_text_align=\u00bbcenter\u00bb header_2_font=\u00bb|300||on|||||\u00bb header_2_text_align=\u00bbright\u00bb header_2_font_size=\u00bb29px\u00bb custom_margin=\u00bb||0px||false|false\u00bb custom_padding=\u00bb|15%|0px||false|false\u00bb header_2_text_align_tablet=\u00bb\u00bb header_2_text_align_phone=\u00bbleft\u00bb header_2_text_align_last_edited=\u00bbon|phone\u00bb header_2_font_size_tablet=\u00bb51px\u00bb header_2_font_size_phone=\u00bb25px\u00bb header_2_font_size_last_edited=\u00bbon|phone\u00bb border_width_right=\u00bb2px\u00bb border_color_right=\u00bb#cccccc\u00bb border_width_right_tablet=\u00bb\u00bb border_width_right_phone=\u00bb0px\u00bb border_width_right_last_edited=\u00bbon|phone\u00bb locked=\u00bboff\u00bb global_colors_info=\u00bb{}\u00bb]<\/p>\n<h2>Clases de<br \/>\nkick boxing<br \/>\nen oviedo<\/h2>\n<p>[\/et_pb_text][\/et_pb_column][et_pb_column type=\u00bb2_3&#8243; _builder_version=\u00bb4.16&#8243; _module_preset=\u00bbdefault\u00bb global_colors_info=\u00bb{}\u00bb][et_pb_text _builder_version=\u00bb4.16&#8243; text_font=\u00bb|300|||||||\u00bb text_text_color=\u00bb#cccccc\u00bb text_line_height=\u00bb1.1em\u00bb header_font=\u00bb|300|||||||\u00bb header_2_font=\u00bb|300||on|||||\u00bb header_2_text_color=\u00bb#cccccc\u00bb header_2_font_size=\u00bb36px\u00bb header_2_letter_spacing=\u00bb2px\u00bb background_layout=\u00bbdark\u00bb global_colors_info=\u00bb{}\u00bb]<\/p>\n<p><span>Si te gustan los desaf\u00edos y quieres descubrir nuevas facetas de tu personalidad, nuestro\u00a0<strong>gimnasio de Kick Boxing en Oviedo<\/strong>\u00a0es una alternativa que puedes dejar ir. Una excelente manera de enfrentar tus m\u00e1s grandes miedos y dejar a un lado todas las inseguridades que te han acompa\u00f1ado desde siempre.<\/span><\/p>\n<p><span>Para el correcto desempe\u00f1o de nuestros socios\u00a0<strong>contamos con un profesor espec\u00edficamente formado en la disciplina del Kick Boxing<\/strong>\u00a0habiendo dedicado su vida a este deporte. De esta manera, nuestras clases est\u00e1n totalmente orientadas a objetivos y pensando en los diferentes niveles de conocimiento que los alumnos tendr\u00e1n.<\/span><\/p>\n<p><span>Con el fin de complementar tu formaci\u00f3n y entregarte el acondicionamiento f\u00edsico que requiere el Kick Boxing en Oviedo, tambi\u00e9n tenemos salas de musculaci\u00f3n que te ayudar\u00e1n a sacar tu m\u00e1ximo potencial. De esta manera, solo deber\u00e1s concentrarte en alcanzar las metas que te has fijado y vivir al m\u00e1ximo esta bella experiencia.<\/span><\/p>\n<p>[\/et_pb_text][\/et_pb_column][\/et_pb_row][et_pb_row column_structure=\u00bb1_3,2_3&#8243; custom_padding_last_edited=\u00bbon|phone\u00bb _builder_version=\u00bb4.16&#8243; _module_preset=\u00bbdefault\u00bb custom_margin=\u00bb||0px||false|false\u00bb custom_padding=\u00bb||||false|false\u00bb custom_padding_tablet=\u00bb\u00bb custom_padding_phone=\u00bb0px||0px||false|false\u00bb global_colors_info=\u00bb{}\u00bb][et_pb_column type=\u00bb1_3&#8243; _builder_version=\u00bb4.16&#8243; _module_preset=\u00bbdefault\u00bb global_colors_info=\u00bb{}\u00bb][et_pb_text _builder_version=\u00bb4.16&#8243; text_font=\u00bb||||||||\u00bb header_font=\u00bb||||||||\u00bb header_text_align=\u00bbcenter\u00bb header_2_font=\u00bb|300||on|||||\u00bb header_2_text_align=\u00bbright\u00bb header_2_font_size=\u00bb29px\u00bb custom_margin=\u00bb||0px||false|false\u00bb custom_padding=\u00bb|15%|0px||false|false\u00bb header_2_text_align_tablet=\u00bb\u00bb header_2_text_align_phone=\u00bbleft\u00bb header_2_text_align_last_edited=\u00bbon|phone\u00bb header_2_font_size_tablet=\u00bb51px\u00bb header_2_font_size_phone=\u00bb25px\u00bb header_2_font_size_last_edited=\u00bbon|phone\u00bb border_width_right=\u00bb2px\u00bb border_color_right=\u00bb#cccccc\u00bb border_width_right_tablet=\u00bb\u00bb border_width_right_phone=\u00bb0px\u00bb border_width_right_last_edited=\u00bbon|phone\u00bb locked=\u00bboff\u00bb global_colors_info=\u00bb{}\u00bb]<\/p>\n<h2>Beneficios del Kick Boxing<br \/>\nen oviedo<\/h2>\n<p>[\/et_pb_text][\/et_pb_column][et_pb_column type=\u00bb2_3&#8243; _builder_version=\u00bb4.16&#8243; _module_preset=\u00bbdefault\u00bb global_colors_info=\u00bb{}\u00bb][et_pb_text _builder_version=\u00bb4.16&#8243; text_font=\u00bb|300|||||||\u00bb text_text_color=\u00bb#cccccc\u00bb text_line_height=\u00bb1.1em\u00bb header_font=\u00bb|300|||||||\u00bb header_2_font=\u00bb|300||on|||||\u00bb header_2_text_color=\u00bb#cccccc\u00bb header_2_font_size=\u00bb36px\u00bb header_2_letter_spacing=\u00bb2px\u00bb background_layout=\u00bbdark\u00bb global_colors_info=\u00bb{}\u00bb]<span>Asistir a nuestra\u00a0<strong>escuela de Kick Boxing en Oviedo<\/strong>\u00a0te asegurar\u00e1 una correcta tonificaci\u00f3n de tus m\u00fasculos y un considerable aumento de tu flexibilidad.<\/span><\/div>\n<\/div>\n<p><span>Estas dos caracter\u00edsticas son fundamentales a la hora de practicar este deporte, por lo que representar\u00e1n un progreso importante en tu calidad de peleador.<\/span><\/p>\n<p><span>La naturaleza de los ejercicios mantendr\u00e1 en constante trabajo a tu coraz\u00f3n, lo que aumentar\u00e1 tu ritmo cardiaco y beneficiar\u00e1 tu sistema circulatorio. Por otro lado,\u00a0<strong>los golpes y el contacto al que estar\u00e1s expuesto te ayudar\u00e1n a liberar todo el estr\u00e9s<\/strong>\u00a0de tu rutina y mejorar\u00e1 considerablemente tu estado de \u00e1nimo.<\/span>[\/et_pb_text][\/et_pb_column][\/et_pb_row][\/et_pb_section][et_pb_section fb_built=\u00bb1&#8243; custom_padding_last_edited=\u00bbon|phone\u00bb _builder_version=\u00bb4.27.4&#8243; _module_preset=\u00bbdefault\u00bb background_color=\u00bb#000000&#8243; custom_padding=\u00bb0px||50px||false|false\u00bb custom_padding_tablet=\u00bb\u00bb custom_padding_phone=\u00bb||30px||false|false\u00bb hover_enabled=\u00bb0&#8243; global_colors_info=\u00bb{}\u00bb sticky_enabled=\u00bb0&#8243;][et_pb_row column_structure=\u00bb1_3,2_3&#8243; custom_padding_last_edited=\u00bbon|phone\u00bb _builder_version=\u00bb4.16&#8243; _module_preset=\u00bbdefault\u00bb custom_padding_tablet=\u00bb\u00bb custom_padding_phone=\u00bb0px||0px||false|false\u00bb global_colors_info=\u00bb{}\u00bb][et_pb_column type=\u00bb1_3&#8243; _builder_version=\u00bb4.16&#8243; _module_preset=\u00bbdefault\u00bb global_colors_info=\u00bb{}\u00bb][et_pb_text _builder_version=\u00bb4.16&#8243; text_font=\u00bb||||||||\u00bb header_font=\u00bb||||||||\u00bb header_text_align=\u00bbcenter\u00bb header_2_font=\u00bb|300||on|||||\u00bb header_2_text_align=\u00bbright\u00bb header_2_font_size=\u00bb29px\u00bb custom_margin=\u00bb||0px||false|false\u00bb custom_padding=\u00bb|15%|0px||false|false\u00bb header_2_text_align_tablet=\u00bb\u00bb header_2_text_align_phone=\u00bbleft\u00bb header_2_text_align_last_edited=\u00bbon|phone\u00bb header_2_font_size_tablet=\u00bb51px\u00bb header_2_font_size_phone=\u00bb25px\u00bb header_2_font_size_last_edited=\u00bbon|phone\u00bb border_width_right=\u00bb2px\u00bb border_color_right=\u00bb#cccccc\u00bb border_width_right_tablet=\u00bb\u00bb border_width_right_phone=\u00bb0px\u00bb border_width_right_last_edited=\u00bbon|phone\u00bb locked=\u00bboff\u00bb global_colors_info=\u00bb{}\u00bb]<\/p>\n<h2>Por qu\u00e9 Kick Boxing en Sparta Sport Center oviedo<\/h2>\n<p>[\/et_pb_text][\/et_pb_column][et_pb_column type=\u00bb2_3&#8243; _builder_version=\u00bb4.16&#8243; _module_preset=\u00bbdefault\u00bb global_colors_info=\u00bb{}\u00bb][et_pb_text _builder_version=\u00bb4.16&#8243; text_font=\u00bb|300|||||||\u00bb text_text_color=\u00bb#cccccc\u00bb text_line_height=\u00bb1.1em\u00bb header_font=\u00bb|300|||||||\u00bb header_2_font=\u00bb|300||on|||||\u00bb header_2_text_color=\u00bb#cccccc\u00bb header_2_font_size=\u00bb36px\u00bb header_2_letter_spacing=\u00bb2px\u00bb background_layout=\u00bbdark\u00bb global_colors_info=\u00bb{}\u00bb]<span>Para que logres todos los objetivos que te propones, llevaremos un registro personalizado de tus progresos y enfocaremos el trabajo en vista de tus diferentes necesidades.<\/span><\/p>\n<p><span>Por lo dem\u00e1s, podr\u00e1s acceder a toda la informaci\u00f3n relacionada con tus entrenamientos a trav\u00e9s de nuestra aplicaci\u00f3n para dispositivos m\u00f3viles.<\/span><\/p>\n<p>Atr\u00e9vete a revolucionar tu vida y disfruta de nuestras<span>\u00a0<\/span><strong>clases de Kick Boxing en Oviedo<\/strong>.[\/et_pb_text][\/et_pb_column][\/et_pb_row][\/et_pb_section]<\/p>\n","protected":false},"excerpt":{"rendered":"<p>Clases de kick boxing en oviedoSi te gustan los desaf\u00edos y quieres descubrir nuevas facetas de tu personalidad, nuestro\u00a0gimnasio de Kick Boxing en Oviedo\u00a0es una alternativa que puedes dejar ir. Una excelente manera de enfrentar tus m\u00e1s grandes miedos y dejar a un lado todas las inseguridades que te han acompa\u00f1ado desde siempre. Para el [&hellip;]<\/p>\n","protected":false},"author":1,"featured_media":219199,"parent":0,"menu_order":0,"comment_status":"closed","ping_status":"closed","template":"","meta":{"_et_pb_use_builder":"on","_et_pb_old_content":"","_et_gb_content_width":"","footnotes":""},"class_list":["post-206567","page","type-page","status-publish","has-post-thumbnail","hentry"],"yoast_head":"<!-- This site is optimized with the Yoast SEO plugin v27.4 - https:\/\/yoast.com\/product\/yoast-seo-wordpress\/ -->\n<title>Kick Boxing Oviedo - 1 D\u00cdA GRATIS | Sparta Sport Center<\/title>\n<meta name=\"description\" content=\"Nuestras CLASES DE KICK BOXING en Oviedo son impartidas por profesionales en esta disciplina y en deportes de contacto.\" \/>\n<meta name=\"robots\" content=\"index, follow, max-snippet:-1, max-image-preview:large, max-video-preview:-1\" \/>\n<link rel=\"canonical\" href=\"https:\/\/spartasportcenter.com\/oviedo\/kick-boxing-oviedo\/\" \/>\n<meta property=\"og:locale\" content=\"es_ES\" \/>\n<meta property=\"og:type\" content=\"article\" \/>\n<meta property=\"og:title\" content=\"Kick Boxing Oviedo - 1 D\u00cdA GRATIS | Sparta Sport Center\" \/>\n<meta property=\"og:description\" content=\"Nuestras CLASES DE KICK BOXING en Oviedo son impartidas por profesionales en esta disciplina y en deportes de contacto.\" \/>\n<meta property=\"og:url\" content=\"https:\/\/spartasportcenter.com\/oviedo\/kick-boxing-oviedo\/\" \/>\n<meta property=\"og:site_name\" content=\"Sparta Sport Center Oviedo\" \/>\n<meta property=\"article:modified_time\" content=\"2025-12-16T15:44:21+00:00\" \/>\n<meta property=\"og:image\" content=\"https:\/\/spartasportcenter.com\/oviedo\/wp-content\/uploads\/2024\/06\/kick-boxing-oviedo.webp\" \/>\n\t<meta property=\"og:image:width\" content=\"2000\" \/>\n\t<meta property=\"og:image:height\" content=\"1333\" \/>\n\t<meta property=\"og:image:type\" content=\"image\/webp\" \/>\n<meta name=\"twitter:card\" content=\"summary_large_image\" \/>\n<meta name=\"twitter:label1\" content=\"Tiempo de lectura\" \/>\n\t<meta name=\"twitter:data1\" content=\"2 minutos\" \/>\n<script type=\"application\/ld+json\" class=\"yoast-schema-graph\">{\"@context\":\"https:\\\/\\\/schema.org\",\"@graph\":[{\"@type\":\"WebPage\",\"@id\":\"https:\\\/\\\/spartasportcenter.com\\\/oviedo\\\/kick-boxing-oviedo\\\/\",\"url\":\"https:\\\/\\\/spartasportcenter.com\\\/oviedo\\\/kick-boxing-oviedo\\\/\",\"name\":\"Kick Boxing Oviedo - 1 D\u00cdA GRATIS | Sparta Sport Center\",\"isPartOf\":{\"@id\":\"https:\\\/\\\/spartasportcenter.com\\\/oviedo\\\/#website\"},\"primaryImageOfPage\":{\"@id\":\"https:\\\/\\\/spartasportcenter.com\\\/oviedo\\\/kick-boxing-oviedo\\\/#primaryimage\"},\"image\":{\"@id\":\"https:\\\/\\\/spartasportcenter.com\\\/oviedo\\\/kick-boxing-oviedo\\\/#primaryimage\"},\"thumbnailUrl\":\"https:\\\/\\\/spartasportcenter.com\\\/oviedo\\\/wp-content\\\/uploads\\\/2024\\\/06\\\/kick-boxing-oviedo.webp\",\"datePublished\":\"2018-08-20T16:00:32+00:00\",\"dateModified\":\"2025-12-16T15:44:21+00:00\",\"description\":\"Nuestras CLASES DE KICK BOXING en Oviedo son impartidas por profesionales en esta disciplina y en deportes de contacto.\",\"breadcrumb\":{\"@id\":\"https:\\\/\\\/spartasportcenter.com\\\/oviedo\\\/kick-boxing-oviedo\\\/#breadcrumb\"},\"inLanguage\":\"es\",\"potentialAction\":[{\"@type\":\"ReadAction\",\"target\":[\"https:\\\/\\\/spartasportcenter.com\\\/oviedo\\\/kick-boxing-oviedo\\\/\"]}]},{\"@type\":\"ImageObject\",\"inLanguage\":\"es\",\"@id\":\"https:\\\/\\\/spartasportcenter.com\\\/oviedo\\\/kick-boxing-oviedo\\\/#primaryimage\",\"url\":\"https:\\\/\\\/spartasportcenter.com\\\/oviedo\\\/wp-content\\\/uploads\\\/2024\\\/06\\\/kick-boxing-oviedo.webp\",\"contentUrl\":\"https:\\\/\\\/spartasportcenter.com\\\/oviedo\\\/wp-content\\\/uploads\\\/2024\\\/06\\\/kick-boxing-oviedo.webp\",\"width\":2000,\"height\":1333,\"caption\":\"kick boxing oviedo\"},{\"@type\":\"BreadcrumbList\",\"@id\":\"https:\\\/\\\/spartasportcenter.com\\\/oviedo\\\/kick-boxing-oviedo\\\/#breadcrumb\",\"itemListElement\":[{\"@type\":\"ListItem\",\"position\":1,\"name\":\"Portada\",\"item\":\"https:\\\/\\\/spartasportcenter.com\\\/oviedo\\\/\"},{\"@type\":\"ListItem\",\"position\":2,\"name\":\"Kick Boxing Oviedo\"}]},{\"@type\":\"WebSite\",\"@id\":\"https:\\\/\\\/spartasportcenter.com\\\/oviedo\\\/#website\",\"url\":\"https:\\\/\\\/spartasportcenter.com\\\/oviedo\\\/\",\"name\":\"Sparta Sport Center Oviedo\",\"description\":\"Gimnasios en Oviedo\",\"potentialAction\":[{\"@type\":\"SearchAction\",\"target\":{\"@type\":\"EntryPoint\",\"urlTemplate\":\"https:\\\/\\\/spartasportcenter.com\\\/oviedo\\\/?s={search_term_string}\"},\"query-input\":{\"@type\":\"PropertyValueSpecification\",\"valueRequired\":true,\"valueName\":\"search_term_string\"}}],\"inLanguage\":\"es\"}]}<\/script>\n<!-- \/ Yoast SEO plugin. -->","yoast_head_json":{"title":"Kick Boxing Oviedo - 1 D\u00cdA GRATIS | Sparta Sport Center","description":"Nuestras CLASES DE KICK BOXING en Oviedo son impartidas por profesionales en esta disciplina y en deportes de contacto.","robots":{"index":"index","follow":"follow","max-snippet":"max-snippet:-1","max-image-preview":"max-image-preview:large","max-video-preview":"max-video-preview:-1"},"canonical":"https:\/\/spartasportcenter.com\/oviedo\/kick-boxing-oviedo\/","og_locale":"es_ES","og_type":"article","og_title":"Kick Boxing Oviedo - 1 D\u00cdA GRATIS | Sparta Sport Center","og_description":"Nuestras CLASES DE KICK BOXING en Oviedo son impartidas por profesionales en esta disciplina y en deportes de contacto.","og_url":"https:\/\/spartasportcenter.com\/oviedo\/kick-boxing-oviedo\/","og_site_name":"Sparta Sport Center Oviedo","article_modified_time":"2025-12-16T15:44:21+00:00","og_image":[{"width":2000,"height":1333,"url":"https:\/\/spartasportcenter.com\/oviedo\/wp-content\/uploads\/2024\/06\/kick-boxing-oviedo.webp","type":"image\/webp"}],"twitter_card":"summary_large_image","twitter_misc":{"Tiempo de lectura":"2 minutos"},"schema":{"@context":"https:\/\/schema.org","@graph":[{"@type":"WebPage","@id":"https:\/\/spartasportcenter.com\/oviedo\/kick-boxing-oviedo\/","url":"https:\/\/spartasportcenter.com\/oviedo\/kick-boxing-oviedo\/","name":"Kick Boxing Oviedo - 1 D\u00cdA GRATIS | Sparta Sport Center","isPartOf":{"@id":"https:\/\/spartasportcenter.com\/oviedo\/#website"},"primaryImageOfPage":{"@id":"https:\/\/spartasportcenter.com\/oviedo\/kick-boxing-oviedo\/#primaryimage"},"image":{"@id":"https:\/\/spartasportcenter.com\/oviedo\/kick-boxing-oviedo\/#primaryimage"},"thumbnailUrl":"https:\/\/spartasportcenter.com\/oviedo\/wp-content\/uploads\/2024\/06\/kick-boxing-oviedo.webp","datePublished":"2018-08-20T16:00:32+00:00","dateModified":"2025-12-16T15:44:21+00:00","description":"Nuestras CLASES DE KICK BOXING en Oviedo son impartidas por profesionales en esta disciplina y en deportes de contacto.","breadcrumb":{"@id":"https:\/\/spartasportcenter.com\/oviedo\/kick-boxing-oviedo\/#breadcrumb"},"inLanguage":"es","potentialAction":[{"@type":"ReadAction","target":["https:\/\/spartasportcenter.com\/oviedo\/kick-boxing-oviedo\/"]}]},{"@type":"ImageObject","inLanguage":"es","@id":"https:\/\/spartasportcenter.com\/oviedo\/kick-boxing-oviedo\/#primaryimage","url":"https:\/\/spartasportcenter.com\/oviedo\/wp-content\/uploads\/2024\/06\/kick-boxing-oviedo.webp","contentUrl":"https:\/\/spartasportcenter.com\/oviedo\/wp-content\/uploads\/2024\/06\/kick-boxing-oviedo.webp","width":2000,"height":1333,"caption":"kick boxing oviedo"},{"@type":"BreadcrumbList","@id":"https:\/\/spartasportcenter.com\/oviedo\/kick-boxing-oviedo\/#breadcrumb","itemListElement":[{"@type":"ListItem","position":1,"name":"Portada","item":"https:\/\/spartasportcenter.com\/oviedo\/"},{"@type":"ListItem","position":2,"name":"Kick Boxing Oviedo"}]},{"@type":"WebSite","@id":"https:\/\/spartasportcenter.com\/oviedo\/#website","url":"https:\/\/spartasportcenter.com\/oviedo\/","name":"Sparta Sport Center Oviedo","description":"Gimnasios en Oviedo","potentialAction":[{"@type":"SearchAction","target":{"@type":"EntryPoint","urlTemplate":"https:\/\/spartasportcenter.com\/oviedo\/?s={search_term_string}"},"query-input":{"@type":"PropertyValueSpecification","valueRequired":true,"valueName":"search_term_string"}}],"inLanguage":"es"}]}},"_links":{"self":[{"href":"https:\/\/spartasportcenter.com\/oviedo\/wp-json\/wp\/v2\/pages\/206567","targetHints":{"allow":["GET"]}}],"collection":[{"href":"https:\/\/spartasportcenter.com\/oviedo\/wp-json\/wp\/v2\/pages"}],"about":[{"href":"https:\/\/spartasportcenter.com\/oviedo\/wp-json\/wp\/v2\/types\/page"}],"author":[{"embeddable":true,"href":"https:\/\/spartasportcenter.com\/oviedo\/wp-json\/wp\/v2\/users\/1"}],"replies":[{"embeddable":true,"href":"https:\/\/spartasportcenter.com\/oviedo\/wp-json\/wp\/v2\/comments?post=206567"}],"version-history":[{"count":1,"href":"https:\/\/spartasportcenter.com\/oviedo\/wp-json\/wp\/v2\/pages\/206567\/revisions"}],"predecessor-version":[{"id":220267,"href":"https:\/\/spartasportcenter.com\/oviedo\/wp-json\/wp\/v2\/pages\/206567\/revisions\/220267"}],"wp:featuredmedia":[{"embeddable":true,"href":"https:\/\/spartasportcenter.com\/oviedo\/wp-json\/wp\/v2\/media\/219199"}],"wp:attachment":[{"href":"https:\/\/spartasportcenter.com\/oviedo\/wp-json\/wp\/v2\/media?parent=206567"}],"curies":[{"name":"wp","href":"https:\/\/api.w.org\/{rel}","templated":true}]}}