{"id":206555,"date":"2018-08-20T15:49:40","date_gmt":"2018-08-20T15:49:40","guid":{"rendered":"https:\/\/pamplona.spartasportcenter.com\/?page_id=206555"},"modified":"2025-12-16T16:43:36","modified_gmt":"2025-12-16T15:43:36","slug":"body-pump-oviedo","status":"publish","type":"page","link":"https:\/\/spartasportcenter.com\/oviedo\/body-pump-oviedo\/","title":{"rendered":"Body Pump Oviedo"},"content":{"rendered":"<p>[et_pb_section fb_built=\u00bb1&#8243; custom_padding_last_edited=\u00bbon|phone\u00bb disabled_on=\u00bboff|off|off\u00bb _builder_version=\u00bb4.27.4&#8243; background_color=\u00bb#000000&#8243; background_enable_image=\u00bboff\u00bb custom_margin=\u00bb||||false|false\u00bb custom_padding=\u00bb80px|0px|0px|0px|false|false\u00bb custom_padding_tablet=\u00bb\u00bb custom_padding_phone=\u00bb30px||50px||false|false\u00bb hover_enabled=\u00bb0&#8243; global_colors_info=\u00bb{}\u00bb sticky_enabled=\u00bb0&#8243;][et_pb_row column_structure=\u00bb1_3,2_3&#8243; custom_padding_last_edited=\u00bbon|desktop\u00bb _builder_version=\u00bb4.16&#8243; _module_preset=\u00bbdefault\u00bb custom_padding=\u00bb0px||||false|false\u00bb custom_padding_tablet=\u00bb\u00bb custom_padding_phone=\u00bb0px||||false|false\u00bb global_colors_info=\u00bb{}\u00bb][et_pb_column type=\u00bb1_3&#8243; _builder_version=\u00bb4.16&#8243; _module_preset=\u00bbdefault\u00bb global_colors_info=\u00bb{}\u00bb][et_pb_text _builder_version=\u00bb4.16&#8243; text_font=\u00bb||||||||\u00bb header_font=\u00bb||||||||\u00bb header_text_align=\u00bbcenter\u00bb header_2_font=\u00bb|300||on|||||\u00bb header_2_text_align=\u00bbright\u00bb header_2_font_size=\u00bb29px\u00bb custom_margin=\u00bb||0px||false|false\u00bb custom_padding=\u00bb|15%|0px||false|false\u00bb header_2_text_align_tablet=\u00bb\u00bb header_2_text_align_phone=\u00bbleft\u00bb header_2_text_align_last_edited=\u00bbon|phone\u00bb header_2_font_size_tablet=\u00bb51px\u00bb header_2_font_size_phone=\u00bb25px\u00bb header_2_font_size_last_edited=\u00bbon|phone\u00bb border_width_right=\u00bb2px\u00bb border_color_right=\u00bb#cccccc\u00bb border_width_right_tablet=\u00bb\u00bb border_width_right_phone=\u00bb0px\u00bb border_width_right_last_edited=\u00bbon|phone\u00bb locked=\u00bboff\u00bb global_colors_info=\u00bb{}\u00bb]<\/p>\n<h2>clases de<br \/>\nBody Pump<br \/>\nen Oviedo<\/h2>\n<p>[\/et_pb_text][\/et_pb_column][et_pb_column type=\u00bb2_3&#8243; _builder_version=\u00bb4.16&#8243; _module_preset=\u00bbdefault\u00bb global_colors_info=\u00bb{}\u00bb][et_pb_text _builder_version=\u00bb4.16&#8243; text_font=\u00bb|300|||||||\u00bb text_text_color=\u00bb#cccccc\u00bb text_line_height=\u00bb1.1em\u00bb header_font=\u00bb|300|||||||\u00bb header_2_font=\u00bb|300||on|||||\u00bb header_2_text_color=\u00bb#cccccc\u00bb header_2_font_size=\u00bb36px\u00bb header_2_letter_spacing=\u00bb2px\u00bb background_layout=\u00bbdark\u00bb global_colors_info=\u00bb{}\u00bb]<\/p>\n<p><span>Si est\u00e1s buscando tonificar y modelar las diferentes partes de tu cuerpo, nuestras\u00a0<strong>clases de Body Pump en Oviedo<\/strong>\u00a0pueden ser tu mejor opci\u00f3n para obtener los resultados que esperas. En Sparta contamos con a\u00f1os de experiencia en este tipo de entrenamientos y podemos garantizarte un progreso constante y que se adec\u00fae a tus expectativas.<\/span><\/p>\n<p><span>Para esto contamos con un equipo de profesionales perfectamente cualificados para sacar a relucir lo mejor de ti. Son expertos del acondicionamiento f\u00edsico que supervisar\u00e1n y guiar\u00e1n los entrenamientos, posibilitando un progreso seguro en cada una de los\u00a0<strong>entrenamientos de Body Pump<\/strong><\/span>\u00a0a los que asistas.<\/p>\n<p><span>Con el fin de optimizar todav\u00eda m\u00e1s tus ejercicios, es que tambi\u00e9n tenemos a tu disposici\u00f3n\u00a0<strong>salas de musculaci\u00f3n de \u00faltima generaci\u00f3n<\/strong>. De esta manera, nos aseguramos de que realices tus diferentes rutinas con seguridad y confianza, poniendo todos tus esfuerzos en alcanzar tus objetivos.<\/span><\/p>\n<p>[\/et_pb_text][\/et_pb_column][\/et_pb_row][et_pb_row column_structure=\u00bb1_3,2_3&#8243; custom_padding_last_edited=\u00bbon|phone\u00bb _builder_version=\u00bb4.16&#8243; _module_preset=\u00bbdefault\u00bb custom_margin=\u00bb||0px||false|false\u00bb custom_padding=\u00bb||||false|false\u00bb custom_padding_tablet=\u00bb\u00bb custom_padding_phone=\u00bb0px||0px||false|false\u00bb global_colors_info=\u00bb{}\u00bb][et_pb_column type=\u00bb1_3&#8243; _builder_version=\u00bb4.16&#8243; _module_preset=\u00bbdefault\u00bb global_colors_info=\u00bb{}\u00bb][et_pb_text _builder_version=\u00bb4.16&#8243; text_font=\u00bb||||||||\u00bb header_font=\u00bb||||||||\u00bb header_text_align=\u00bbcenter\u00bb header_2_font=\u00bb|300||on|||||\u00bb header_2_text_align=\u00bbright\u00bb header_2_font_size=\u00bb29px\u00bb custom_margin=\u00bb||0px||false|false\u00bb custom_padding=\u00bb|15%|0px||false|false\u00bb header_2_text_align_tablet=\u00bb\u00bb header_2_text_align_phone=\u00bbleft\u00bb header_2_text_align_last_edited=\u00bbon|phone\u00bb header_2_font_size_tablet=\u00bb51px\u00bb header_2_font_size_phone=\u00bb25px\u00bb header_2_font_size_last_edited=\u00bbon|phone\u00bb border_width_right=\u00bb2px\u00bb border_color_right=\u00bb#cccccc\u00bb border_width_right_tablet=\u00bb\u00bb border_width_right_phone=\u00bb0px\u00bb border_width_right_last_edited=\u00bbon|phone\u00bb locked=\u00bboff\u00bb global_colors_info=\u00bb{}\u00bb]<\/p>\n<h2>Beneficios del Body Pump<br \/>\nen Oviedo<\/h2>\n<p>[\/et_pb_text][\/et_pb_column][et_pb_column type=\u00bb2_3&#8243; _builder_version=\u00bb4.16&#8243; _module_preset=\u00bbdefault\u00bb global_colors_info=\u00bb{}\u00bb][et_pb_text _builder_version=\u00bb4.16&#8243; text_font=\u00bb|300|||||||\u00bb text_text_color=\u00bb#cccccc\u00bb text_line_height=\u00bb1.1em\u00bb header_font=\u00bb|300|||||||\u00bb header_2_font=\u00bb|300||on|||||\u00bb header_2_text_color=\u00bb#cccccc\u00bb header_2_font_size=\u00bb36px\u00bb header_2_letter_spacing=\u00bb2px\u00bb background_layout=\u00bbdark\u00bb global_colors_info=\u00bb{}\u00bb]<span>Al asistir a nuestro centro de Body Pump en Oviedo podr\u00e1s conseguir mejorar enormemente la potencia f\u00edsica de tu cuerpo.<\/span><\/p>\n<p>Esto se debe a que<span>\u00a0<\/span><strong>el Body Pump consiste en entrenamientos que incrementan la fuerza, resistencia y flexibilidad de tus diferentes m\u00fasculos.<\/strong><\/p>\n<p><span>Otro de los grandes beneficios del Body Pump es que reducir\u00e1s en gran medida tu \u00edndice de grasa corporal, lo que te permitir\u00e1 estilizar y modelar las diferentes partes de tu cuerpo.<\/span><\/p>\n<p><span>Por lo dem\u00e1s, te ver\u00e1s envuelto en un ambiente agradable y que alimentar\u00e1 tu esp\u00edritu de superaci\u00f3n. Es un tipo de ejercitaci\u00f3n sumamente divertida que mejorar\u00e1 tu sistema cardiovascular y te ayudar\u00e1 a sentirte fuerte y seguro.<\/span>[\/et_pb_text][\/et_pb_column][\/et_pb_row][\/et_pb_section][et_pb_section fb_built=\u00bb1&#8243; custom_padding_last_edited=\u00bbon|phone\u00bb _builder_version=\u00bb4.27.4&#8243; _module_preset=\u00bbdefault\u00bb background_color=\u00bb#000000&#8243; custom_padding=\u00bb0px||50px||false|false\u00bb custom_padding_tablet=\u00bb\u00bb custom_padding_phone=\u00bb||30px||false|false\u00bb hover_enabled=\u00bb0&#8243; global_colors_info=\u00bb{}\u00bb sticky_enabled=\u00bb0&#8243;][et_pb_row column_structure=\u00bb1_3,2_3&#8243; custom_padding_last_edited=\u00bbon|phone\u00bb _builder_version=\u00bb4.16&#8243; _module_preset=\u00bbdefault\u00bb custom_padding_tablet=\u00bb\u00bb custom_padding_phone=\u00bb0px||0px||false|false\u00bb global_colors_info=\u00bb{}\u00bb][et_pb_column type=\u00bb1_3&#8243; _builder_version=\u00bb4.16&#8243; _module_preset=\u00bbdefault\u00bb global_colors_info=\u00bb{}\u00bb][et_pb_text _builder_version=\u00bb4.16&#8243; text_font=\u00bb||||||||\u00bb header_font=\u00bb||||||||\u00bb header_text_align=\u00bbcenter\u00bb header_2_font=\u00bb|300||on|||||\u00bb header_2_text_align=\u00bbright\u00bb header_2_font_size=\u00bb29px\u00bb custom_margin=\u00bb||0px||false|false\u00bb custom_padding=\u00bb|15%|0px||false|false\u00bb header_2_text_align_tablet=\u00bb\u00bb header_2_text_align_phone=\u00bbleft\u00bb header_2_text_align_last_edited=\u00bbon|phone\u00bb header_2_font_size_tablet=\u00bb51px\u00bb header_2_font_size_phone=\u00bb25px\u00bb header_2_font_size_last_edited=\u00bbon|phone\u00bb border_width_right=\u00bb2px\u00bb border_color_right=\u00bb#cccccc\u00bb border_width_right_tablet=\u00bb\u00bb border_width_right_phone=\u00bb0px\u00bb border_width_right_last_edited=\u00bbon|phone\u00bb locked=\u00bboff\u00bb global_colors_info=\u00bb{}\u00bb]<\/p>\n<h2>Por qu\u00e9 Body Pump en Sparta Sport Center Oviedo<\/h2>\n<p>[\/et_pb_text][\/et_pb_column][et_pb_column type=\u00bb2_3&#8243; _builder_version=\u00bb4.16&#8243; _module_preset=\u00bbdefault\u00bb global_colors_info=\u00bb{}\u00bb][et_pb_text _builder_version=\u00bb4.16&#8243; text_font=\u00bb|300|||||||\u00bb text_text_color=\u00bb#cccccc\u00bb text_line_height=\u00bb1.1em\u00bb header_font=\u00bb|300|||||||\u00bb header_2_font=\u00bb|300||on|||||\u00bb header_2_text_color=\u00bb#cccccc\u00bb header_2_font_size=\u00bb36px\u00bb header_2_letter_spacing=\u00bb2px\u00bb background_layout=\u00bbdark\u00bb global_colors_info=\u00bb{}\u00bb]<\/p>\n<p><span>Para ayudarte a alcanzar tu m\u00e1ximo potencial, en Sparta hemos dispuesto de un servicio totalmente individualizado.<\/span><\/p>\n<p><span>Gracias a este, podremos atender tus necesidades y expectativas de manera personalizada, encontrando los ejercicios adecuados para tu caso y ajust\u00e1ndolos a tus capacidades actuales.\u00a0No pierdas m\u00e1s tiempo y ap\u00fantate ya\u00a0a<strong>\u00a0nuestras clases de Body Pump en Oviedo.<\/strong><\/span><\/p>\n<p>[\/et_pb_text][\/et_pb_column][\/et_pb_row][\/et_pb_section][et_pb_section fb_built=\u00bb1&#8243; admin_label=\u00bbbanner footer prueba un dia\u00bb _builder_version=\u00bb4.23.4&#8243; background_color=\u00bb#363636&#8243; background_enable_color=\u00bboff\u00bb background_image=\u00bbhttps:\/\/spartasportcenter.com\/oviedo\/wp-content\/uploads\/2019\/09\/instalaciones-gimnasio-sparta-sport-center-pamplona-11.jpg\u00bb background_enable_image=\u00bboff\u00bb background_blend=\u00bbmultiply\u00bb custom_margin=\u00bb||||false|false\u00bb custom_padding=\u00bb0px|0px|0|0px|false|false\u00bb top_divider_flip=\u00bbhorizontal\u00bb global_module=\u00bb206679&#8243; locked=\u00bboff\u00bb global_colors_info=\u00bb{}\u00bb][\/et_pb_section]<\/p>\n","protected":false},"excerpt":{"rendered":"<p>clases de Body Pump en OviedoSi est\u00e1s buscando tonificar y modelar las diferentes partes de tu cuerpo, nuestras\u00a0clases de Body Pump en Oviedo\u00a0pueden ser tu mejor opci\u00f3n para obtener los resultados que esperas. En Sparta contamos con a\u00f1os de experiencia en este tipo de entrenamientos y podemos garantizarte un progreso constante y que se adec\u00fae [&hellip;]<\/p>\n","protected":false},"author":1,"featured_media":219193,"parent":0,"menu_order":0,"comment_status":"closed","ping_status":"closed","template":"","meta":{"_et_pb_use_builder":"on","_et_pb_old_content":"","_et_gb_content_width":"","footnotes":""},"class_list":["post-206555","page","type-page","status-publish","has-post-thumbnail","hentry"],"yoast_head":"<!-- This site is optimized with the Yoast SEO plugin v27.4 - https:\/\/yoast.com\/product\/yoast-seo-wordpress\/ -->\n<title>Body Pump Oviedo - \u00a11 D\u00cdA GRATIS! | Sparta Sport Center<\/title>\n<meta name=\"description\" content=\"Empieza a tonificar tu cuerpo con nuestras CLASES DE BODY PUMP DIRIGIDAS en Oviedo. Gana fuerza y reduce tu \u00edndice de grasa corporal.\" \/>\n<meta name=\"robots\" content=\"index, follow, max-snippet:-1, max-image-preview:large, max-video-preview:-1\" \/>\n<link rel=\"canonical\" href=\"https:\/\/spartasportcenter.com\/oviedo\/body-pump-oviedo\/\" \/>\n<meta property=\"og:locale\" content=\"es_ES\" \/>\n<meta property=\"og:type\" content=\"article\" \/>\n<meta property=\"og:title\" content=\"Body Pump Oviedo - \u00a11 D\u00cdA GRATIS! | Sparta Sport Center\" \/>\n<meta property=\"og:description\" content=\"Empieza a tonificar tu cuerpo con nuestras CLASES DE BODY PUMP DIRIGIDAS en Oviedo. Gana fuerza y reduce tu \u00edndice de grasa corporal.\" \/>\n<meta property=\"og:url\" content=\"https:\/\/spartasportcenter.com\/oviedo\/body-pump-oviedo\/\" \/>\n<meta property=\"og:site_name\" content=\"Sparta Sport Center Oviedo\" \/>\n<meta property=\"article:modified_time\" content=\"2025-12-16T15:43:36+00:00\" \/>\n<meta property=\"og:image\" content=\"https:\/\/spartasportcenter.com\/oviedo\/wp-content\/uploads\/2024\/06\/body-pump-oviedo.webp\" \/>\n\t<meta property=\"og:image:width\" content=\"2000\" \/>\n\t<meta property=\"og:image:height\" content=\"1333\" \/>\n\t<meta property=\"og:image:type\" content=\"image\/webp\" \/>\n<meta name=\"twitter:card\" content=\"summary_large_image\" \/>\n<meta name=\"twitter:label1\" content=\"Tiempo de lectura\" \/>\n\t<meta name=\"twitter:data1\" content=\"2 minutos\" \/>\n<script type=\"application\/ld+json\" class=\"yoast-schema-graph\">{\"@context\":\"https:\\\/\\\/schema.org\",\"@graph\":[{\"@type\":\"WebPage\",\"@id\":\"https:\\\/\\\/spartasportcenter.com\\\/oviedo\\\/body-pump-oviedo\\\/\",\"url\":\"https:\\\/\\\/spartasportcenter.com\\\/oviedo\\\/body-pump-oviedo\\\/\",\"name\":\"Body Pump Oviedo - \u00a11 D\u00cdA GRATIS! | Sparta Sport Center\",\"isPartOf\":{\"@id\":\"https:\\\/\\\/spartasportcenter.com\\\/oviedo\\\/#website\"},\"primaryImageOfPage\":{\"@id\":\"https:\\\/\\\/spartasportcenter.com\\\/oviedo\\\/body-pump-oviedo\\\/#primaryimage\"},\"image\":{\"@id\":\"https:\\\/\\\/spartasportcenter.com\\\/oviedo\\\/body-pump-oviedo\\\/#primaryimage\"},\"thumbnailUrl\":\"https:\\\/\\\/spartasportcenter.com\\\/oviedo\\\/wp-content\\\/uploads\\\/2024\\\/06\\\/body-pump-oviedo.webp\",\"datePublished\":\"2018-08-20T15:49:40+00:00\",\"dateModified\":\"2025-12-16T15:43:36+00:00\",\"description\":\"Empieza a tonificar tu cuerpo con nuestras CLASES DE BODY PUMP DIRIGIDAS en Oviedo. Gana fuerza y reduce tu \u00edndice de grasa corporal.\",\"breadcrumb\":{\"@id\":\"https:\\\/\\\/spartasportcenter.com\\\/oviedo\\\/body-pump-oviedo\\\/#breadcrumb\"},\"inLanguage\":\"es\",\"potentialAction\":[{\"@type\":\"ReadAction\",\"target\":[\"https:\\\/\\\/spartasportcenter.com\\\/oviedo\\\/body-pump-oviedo\\\/\"]}]},{\"@type\":\"ImageObject\",\"inLanguage\":\"es\",\"@id\":\"https:\\\/\\\/spartasportcenter.com\\\/oviedo\\\/body-pump-oviedo\\\/#primaryimage\",\"url\":\"https:\\\/\\\/spartasportcenter.com\\\/oviedo\\\/wp-content\\\/uploads\\\/2024\\\/06\\\/body-pump-oviedo.webp\",\"contentUrl\":\"https:\\\/\\\/spartasportcenter.com\\\/oviedo\\\/wp-content\\\/uploads\\\/2024\\\/06\\\/body-pump-oviedo.webp\",\"width\":2000,\"height\":1333,\"caption\":\"body pump oviedo\"},{\"@type\":\"BreadcrumbList\",\"@id\":\"https:\\\/\\\/spartasportcenter.com\\\/oviedo\\\/body-pump-oviedo\\\/#breadcrumb\",\"itemListElement\":[{\"@type\":\"ListItem\",\"position\":1,\"name\":\"Portada\",\"item\":\"https:\\\/\\\/spartasportcenter.com\\\/oviedo\\\/\"},{\"@type\":\"ListItem\",\"position\":2,\"name\":\"Body Pump Oviedo\"}]},{\"@type\":\"WebSite\",\"@id\":\"https:\\\/\\\/spartasportcenter.com\\\/oviedo\\\/#website\",\"url\":\"https:\\\/\\\/spartasportcenter.com\\\/oviedo\\\/\",\"name\":\"Sparta Sport Center Oviedo\",\"description\":\"Gimnasios en Oviedo\",\"potentialAction\":[{\"@type\":\"SearchAction\",\"target\":{\"@type\":\"EntryPoint\",\"urlTemplate\":\"https:\\\/\\\/spartasportcenter.com\\\/oviedo\\\/?s={search_term_string}\"},\"query-input\":{\"@type\":\"PropertyValueSpecification\",\"valueRequired\":true,\"valueName\":\"search_term_string\"}}],\"inLanguage\":\"es\"}]}<\/script>\n<!-- \/ Yoast SEO plugin. -->","yoast_head_json":{"title":"Body Pump Oviedo - \u00a11 D\u00cdA GRATIS! | Sparta Sport Center","description":"Empieza a tonificar tu cuerpo con nuestras CLASES DE BODY PUMP DIRIGIDAS en Oviedo. Gana fuerza y reduce tu \u00edndice de grasa corporal.","robots":{"index":"index","follow":"follow","max-snippet":"max-snippet:-1","max-image-preview":"max-image-preview:large","max-video-preview":"max-video-preview:-1"},"canonical":"https:\/\/spartasportcenter.com\/oviedo\/body-pump-oviedo\/","og_locale":"es_ES","og_type":"article","og_title":"Body Pump Oviedo - \u00a11 D\u00cdA GRATIS! | Sparta Sport Center","og_description":"Empieza a tonificar tu cuerpo con nuestras CLASES DE BODY PUMP DIRIGIDAS en Oviedo. Gana fuerza y reduce tu \u00edndice de grasa corporal.","og_url":"https:\/\/spartasportcenter.com\/oviedo\/body-pump-oviedo\/","og_site_name":"Sparta Sport Center Oviedo","article_modified_time":"2025-12-16T15:43:36+00:00","og_image":[{"width":2000,"height":1333,"url":"https:\/\/spartasportcenter.com\/oviedo\/wp-content\/uploads\/2024\/06\/body-pump-oviedo.webp","type":"image\/webp"}],"twitter_card":"summary_large_image","twitter_misc":{"Tiempo de lectura":"2 minutos"},"schema":{"@context":"https:\/\/schema.org","@graph":[{"@type":"WebPage","@id":"https:\/\/spartasportcenter.com\/oviedo\/body-pump-oviedo\/","url":"https:\/\/spartasportcenter.com\/oviedo\/body-pump-oviedo\/","name":"Body Pump Oviedo - \u00a11 D\u00cdA GRATIS! | Sparta Sport Center","isPartOf":{"@id":"https:\/\/spartasportcenter.com\/oviedo\/#website"},"primaryImageOfPage":{"@id":"https:\/\/spartasportcenter.com\/oviedo\/body-pump-oviedo\/#primaryimage"},"image":{"@id":"https:\/\/spartasportcenter.com\/oviedo\/body-pump-oviedo\/#primaryimage"},"thumbnailUrl":"https:\/\/spartasportcenter.com\/oviedo\/wp-content\/uploads\/2024\/06\/body-pump-oviedo.webp","datePublished":"2018-08-20T15:49:40+00:00","dateModified":"2025-12-16T15:43:36+00:00","description":"Empieza a tonificar tu cuerpo con nuestras CLASES DE BODY PUMP DIRIGIDAS en Oviedo. Gana fuerza y reduce tu \u00edndice de grasa corporal.","breadcrumb":{"@id":"https:\/\/spartasportcenter.com\/oviedo\/body-pump-oviedo\/#breadcrumb"},"inLanguage":"es","potentialAction":[{"@type":"ReadAction","target":["https:\/\/spartasportcenter.com\/oviedo\/body-pump-oviedo\/"]}]},{"@type":"ImageObject","inLanguage":"es","@id":"https:\/\/spartasportcenter.com\/oviedo\/body-pump-oviedo\/#primaryimage","url":"https:\/\/spartasportcenter.com\/oviedo\/wp-content\/uploads\/2024\/06\/body-pump-oviedo.webp","contentUrl":"https:\/\/spartasportcenter.com\/oviedo\/wp-content\/uploads\/2024\/06\/body-pump-oviedo.webp","width":2000,"height":1333,"caption":"body pump oviedo"},{"@type":"BreadcrumbList","@id":"https:\/\/spartasportcenter.com\/oviedo\/body-pump-oviedo\/#breadcrumb","itemListElement":[{"@type":"ListItem","position":1,"name":"Portada","item":"https:\/\/spartasportcenter.com\/oviedo\/"},{"@type":"ListItem","position":2,"name":"Body Pump Oviedo"}]},{"@type":"WebSite","@id":"https:\/\/spartasportcenter.com\/oviedo\/#website","url":"https:\/\/spartasportcenter.com\/oviedo\/","name":"Sparta Sport Center Oviedo","description":"Gimnasios en Oviedo","potentialAction":[{"@type":"SearchAction","target":{"@type":"EntryPoint","urlTemplate":"https:\/\/spartasportcenter.com\/oviedo\/?s={search_term_string}"},"query-input":{"@type":"PropertyValueSpecification","valueRequired":true,"valueName":"search_term_string"}}],"inLanguage":"es"}]}},"_links":{"self":[{"href":"https:\/\/spartasportcenter.com\/oviedo\/wp-json\/wp\/v2\/pages\/206555","targetHints":{"allow":["GET"]}}],"collection":[{"href":"https:\/\/spartasportcenter.com\/oviedo\/wp-json\/wp\/v2\/pages"}],"about":[{"href":"https:\/\/spartasportcenter.com\/oviedo\/wp-json\/wp\/v2\/types\/page"}],"author":[{"embeddable":true,"href":"https:\/\/spartasportcenter.com\/oviedo\/wp-json\/wp\/v2\/users\/1"}],"replies":[{"embeddable":true,"href":"https:\/\/spartasportcenter.com\/oviedo\/wp-json\/wp\/v2\/comments?post=206555"}],"version-history":[{"count":1,"href":"https:\/\/spartasportcenter.com\/oviedo\/wp-json\/wp\/v2\/pages\/206555\/revisions"}],"predecessor-version":[{"id":220266,"href":"https:\/\/spartasportcenter.com\/oviedo\/wp-json\/wp\/v2\/pages\/206555\/revisions\/220266"}],"wp:featuredmedia":[{"embeddable":true,"href":"https:\/\/spartasportcenter.com\/oviedo\/wp-json\/wp\/v2\/media\/219193"}],"wp:attachment":[{"href":"https:\/\/spartasportcenter.com\/oviedo\/wp-json\/wp\/v2\/media?parent=206555"}],"curies":[{"name":"wp","href":"https:\/\/api.w.org\/{rel}","templated":true}]}}