{"id":218355,"date":"2023-03-29T14:49:31","date_gmt":"2023-03-29T12:49:31","guid":{"rendered":"https:\/\/spartasportcenter.com\/logrono\/?page_id=218355"},"modified":"2025-12-18T16:09:43","modified_gmt":"2025-12-18T15:09:43","slug":"cross-training-logrono","status":"publish","type":"page","link":"https:\/\/spartasportcenter.com\/logrono\/cross-training-logrono\/","title":{"rendered":"Cross Training Logro\u00f1o"},"content":{"rendered":"<p>[et_pb_section fb_built=\u00bb1&#8243; custom_padding_last_edited=\u00bbon|phone\u00bb disabled_on=\u00bboff|off|off\u00bb _builder_version=\u00bb4.27.4&#8243; background_color=\u00bb#000000&#8243; background_enable_image=\u00bboff\u00bb custom_margin=\u00bb||||false|false\u00bb custom_padding=\u00bb80px|0px|0px|0px|false|false\u00bb custom_padding_tablet=\u00bb\u00bb custom_padding_phone=\u00bb30px||50px||false|false\u00bb hover_enabled=\u00bb0&#8243; global_colors_info=\u00bb{}\u00bb sticky_enabled=\u00bb0&#8243;][et_pb_row column_structure=\u00bb1_3,2_3&#8243; custom_padding_last_edited=\u00bbon|desktop\u00bb _builder_version=\u00bb4.16&#8243; _module_preset=\u00bbdefault\u00bb custom_padding=\u00bb0px||||false|false\u00bb custom_padding_tablet=\u00bb\u00bb custom_padding_phone=\u00bb0px||||false|false\u00bb global_colors_info=\u00bb{}\u00bb][et_pb_column type=\u00bb1_3&#8243; _builder_version=\u00bb4.16&#8243; _module_preset=\u00bbdefault\u00bb global_colors_info=\u00bb{}\u00bb][et_pb_text _builder_version=\u00bb4.20.1&#8243; text_font=\u00bb||||||||\u00bb header_font=\u00bb||||||||\u00bb header_text_align=\u00bbcenter\u00bb header_2_font=\u00bb|300||on|||||\u00bb header_2_text_align=\u00bbright\u00bb header_2_font_size=\u00bb29px\u00bb custom_margin=\u00bb||0px||false|false\u00bb custom_padding=\u00bb|15%|0px||false|false\u00bb header_2_text_align_tablet=\u00bb\u00bb header_2_text_align_phone=\u00bbleft\u00bb header_2_text_align_last_edited=\u00bbon|phone\u00bb header_2_font_size_tablet=\u00bb51px\u00bb header_2_font_size_phone=\u00bb25px\u00bb header_2_font_size_last_edited=\u00bbon|phone\u00bb border_width_right=\u00bb2px\u00bb border_color_right=\u00bb#cccccc\u00bb border_width_right_tablet=\u00bb\u00bb border_width_right_phone=\u00bb0px\u00bb border_width_right_last_edited=\u00bbon|phone\u00bb locked=\u00bboff\u00bb global_colors_info=\u00bb{}\u00bb]<\/p>\n<h2>Clases de cross training en Logro\u00f1o<\/h2>\n<p>[\/et_pb_text][\/et_pb_column][et_pb_column type=\u00bb2_3&#8243; _builder_version=\u00bb4.16&#8243; _module_preset=\u00bbdefault\u00bb global_colors_info=\u00bb{}\u00bb][et_pb_text _builder_version=\u00bb4.20.1&#8243; text_font=\u00bb|300|||||||\u00bb text_text_color=\u00bb#cccccc\u00bb text_line_height=\u00bb1.1em\u00bb header_font=\u00bb|300|||||||\u00bb header_2_font=\u00bb|300||on|||||\u00bb header_2_text_color=\u00bb#cccccc\u00bb header_2_font_size=\u00bb36px\u00bb header_2_letter_spacing=\u00bb2px\u00bb background_layout=\u00bbdark\u00bb global_colors_info=\u00bb{}\u00bb]<\/p>\n<p><b>Practicar Cross Training en Logro\u00f1o<\/b><span style=\"font-weight: 400;\">, en nuestro centro, es una de las mejores opciones que tienes para favorecer tu salud, ya que se trata de una clase de deporte que desarrolla tanto la fuerza como la resistencia.<\/span><\/p>\n<p><span style=\"font-weight: 400;\">En el entrenamiento se trabaja todo el cuerpo en sesiones cortas e intensas, de manera que con el tiempo adquieres potencia y velocidad, a la vez que ganas coordinaci\u00f3n y equilibrio casi sin darte cuenta.<\/span><\/p>\n<p><span style=\"font-weight: 400;\">Si vienes a <\/span><b>nuestras clases de cross training en Logro\u00f1o<\/b><span style=\"font-weight: 400;\"> vas a hacer ejercicios como las sentadillas, saltar a la comba, flexiones, planchas o zancadas, todo con la idea de que el estado de tu cuerpo mejore y adquieras agilidad y flexibilidad.<\/span><\/p>\n<p><span style=\"font-weight: 400;\">Adem\u00e1s, el entrenamiento de cross training se distingue de otras disciplinas similares en que los ejercicios son menos explosivos y de una intensidad menor, de manera que es apto para todas las personas.<\/span><\/p>\n<p><span style=\"font-weight: 400;\">As\u00ed, aunque no tengas un gran fondo f\u00edsico, vas a poder hacer tu rutina diaria sin problemas, complic\u00e1ndola poco a poco siguiendo los consejos del entrenador, que ser\u00e1 el que vaya viendo tu evoluci\u00f3n y endurezca el entrenamiento a medida que mejores.<\/span><\/p>\n<p>[\/et_pb_text][\/et_pb_column][\/et_pb_row][et_pb_row column_structure=\u00bb1_3,2_3&#8243; custom_padding_last_edited=\u00bbon|phone\u00bb _builder_version=\u00bb4.16&#8243; _module_preset=\u00bbdefault\u00bb custom_margin=\u00bb||0px||false|false\u00bb custom_padding=\u00bb||||false|false\u00bb custom_padding_tablet=\u00bb\u00bb custom_padding_phone=\u00bb0px||0px||false|false\u00bb global_colors_info=\u00bb{}\u00bb][et_pb_column type=\u00bb1_3&#8243; _builder_version=\u00bb4.16&#8243; _module_preset=\u00bbdefault\u00bb global_colors_info=\u00bb{}\u00bb][et_pb_text _builder_version=\u00bb4.20.1&#8243; text_font=\u00bb||||||||\u00bb header_font=\u00bb||||||||\u00bb header_text_align=\u00bbcenter\u00bb header_2_font=\u00bb|300||on|||||\u00bb header_2_text_align=\u00bbright\u00bb header_2_font_size=\u00bb29px\u00bb custom_margin=\u00bb||0px||false|false\u00bb custom_padding=\u00bb|15%|0px||false|false\u00bb header_2_text_align_tablet=\u00bb\u00bb header_2_text_align_phone=\u00bbleft\u00bb header_2_text_align_last_edited=\u00bbon|phone\u00bb header_2_font_size_tablet=\u00bb51px\u00bb header_2_font_size_phone=\u00bb25px\u00bb header_2_font_size_last_edited=\u00bbon|phone\u00bb border_width_right=\u00bb2px\u00bb border_color_right=\u00bb#cccccc\u00bb border_width_right_tablet=\u00bb\u00bb border_width_right_phone=\u00bb0px\u00bb border_width_right_last_edited=\u00bbon|phone\u00bb locked=\u00bboff\u00bb global_colors_info=\u00bb{}\u00bb]<\/p>\n<h2>Beneficios del crosstraining en Logro\u00f1o<br \/>\n<\/h2>\n<p>[\/et_pb_text][\/et_pb_column][et_pb_column type=\u00bb2_3&#8243; _builder_version=\u00bb4.16&#8243; _module_preset=\u00bbdefault\u00bb global_colors_info=\u00bb{}\u00bb][et_pb_text _builder_version=\u00bb4.20.1&#8243; text_font=\u00bb|300|||||||\u00bb text_text_color=\u00bb#cccccc\u00bb text_line_height=\u00bb1.1em\u00bb header_font=\u00bb|300|||||||\u00bb header_2_font=\u00bb|300||on|||||\u00bb header_2_text_color=\u00bb#cccccc\u00bb header_2_font_size=\u00bb36px\u00bb header_2_letter_spacing=\u00bb2px\u00bb background_layout=\u00bbdark\u00bb global_colors_info=\u00bb{}\u00bb]<\/p>\n<p><b>Hacer crosstraining en Logro\u00f1o<\/b><span style=\"font-weight: 400;\"> en Sparta Sport Center tiene una serie de ventajas sobre otro tipo de disciplinas, lo cual hace que esta sea una de las preferidas por todos nuestros clientes, como por ejemplo que las sesiones son cortas.<\/span><\/p>\n<p><span style=\"font-weight: 400;\">Nadie tiene demasiado tiempo, de forma que vas a poder llevar tu wod o rutina de ejercicios en un rato, pudiendo seguir con tus quehaceres del d\u00eda a d\u00eda.<\/span><\/p>\n<p><span style=\"font-weight: 400;\">Otra ventaja es que aqu\u00ed no tiene cabida la monoton\u00eda, como s\u00ed ocurre cuando levantas pesas, un ejercicio que te puede cansar. Hay diferentes rutinas, de resistencia y fuerza, por lo que siempre hay que hacer algo distinto.<\/span><\/p>\n<p><b>No hay que olvidar la quema de grasa<\/b><span style=\"font-weight: 400;\">, algo que seguro que te preocupa. Se habla de si es mejor practicar cardio o realizar ejercicio de fuerza a la hora de quemar grasa, pero en nuestro box puedes hacer los dos y obtener un buen resultado si lo que quieres es perder peso de manera definitiva.<\/span><\/p>\n<p><span style=\"font-weight: 400;\">Por \u00faltimo, gracias a las rutinas tan variadas, la mejora que se obtiene es global. Esto quiere decir que vas a ganar m\u00fasculo, pero tambi\u00e9n fuerza, notar\u00e1s que tienes una mayor resistencia, que te vuelves m\u00e1s flexible, etc.<\/span><\/p>\n<p>[\/et_pb_text][\/et_pb_column][\/et_pb_row][\/et_pb_section][et_pb_section fb_built=\u00bb1&#8243; custom_padding_last_edited=\u00bbon|phone\u00bb _builder_version=\u00bb4.27.4&#8243; _module_preset=\u00bbdefault\u00bb background_color=\u00bb#000000&#8243; custom_padding=\u00bb0px||50px||false|false\u00bb custom_padding_tablet=\u00bb\u00bb custom_padding_phone=\u00bb||30px||false|false\u00bb hover_enabled=\u00bb0&#8243; global_colors_info=\u00bb{}\u00bb sticky_enabled=\u00bb0&#8243;][et_pb_row column_structure=\u00bb1_3,2_3&#8243; custom_padding_last_edited=\u00bbon|phone\u00bb _builder_version=\u00bb4.16&#8243; _module_preset=\u00bbdefault\u00bb custom_padding_tablet=\u00bb\u00bb custom_padding_phone=\u00bb0px||0px||false|false\u00bb global_colors_info=\u00bb{}\u00bb][et_pb_column type=\u00bb1_3&#8243; _builder_version=\u00bb4.16&#8243; _module_preset=\u00bbdefault\u00bb global_colors_info=\u00bb{}\u00bb][et_pb_text _builder_version=\u00bb4.20.1&#8243; text_font=\u00bb||||||||\u00bb header_font=\u00bb||||||||\u00bb header_text_align=\u00bbcenter\u00bb header_2_font=\u00bb|300||on|||||\u00bb header_2_text_align=\u00bbright\u00bb header_2_font_size=\u00bb29px\u00bb custom_margin=\u00bb||0px||false|false\u00bb custom_padding=\u00bb|15%|0px||false|false\u00bb header_2_text_align_tablet=\u00bb\u00bb header_2_text_align_phone=\u00bbleft\u00bb header_2_text_align_last_edited=\u00bbon|phone\u00bb header_2_font_size_tablet=\u00bb51px\u00bb header_2_font_size_phone=\u00bb25px\u00bb header_2_font_size_last_edited=\u00bbon|phone\u00bb border_width_right=\u00bb2px\u00bb border_color_right=\u00bb#cccccc\u00bb border_width_right_tablet=\u00bb\u00bb border_width_right_phone=\u00bb0px\u00bb border_width_right_last_edited=\u00bbon|phone\u00bb locked=\u00bboff\u00bb global_colors_info=\u00bb{}\u00bb]<\/p>\n<h2>Por qu\u00e9 cross training en Sparta Sport Center Logro\u00f1o<\/h2>\n<p>[\/et_pb_text][\/et_pb_column][et_pb_column type=\u00bb2_3&#8243; _builder_version=\u00bb4.16&#8243; _module_preset=\u00bbdefault\u00bb global_colors_info=\u00bb{}\u00bb][et_pb_text _builder_version=\u00bb4.20.1&#8243; text_font=\u00bb|300|||||||\u00bb text_text_color=\u00bb#cccccc\u00bb text_line_height=\u00bb1.1em\u00bb header_font=\u00bb|300|||||||\u00bb header_2_font=\u00bb|300||on|||||\u00bb header_2_text_color=\u00bb#cccccc\u00bb header_2_font_size=\u00bb36px\u00bb header_2_letter_spacing=\u00bb2px\u00bb background_layout=\u00bbdark\u00bb global_colors_info=\u00bb{}\u00bb]<\/p>\n<p><span style=\"font-weight: 400;\">Es complicado que encuentres un mejor centro a la hora de <\/span><b>practicar cross training en Logro\u00f1o<\/b><span style=\"font-weight: 400;\">, ya que nuestros profesionales siempre est\u00e1n pendientes de ti con el fin de que consigas tus objetivos y tengas la motivaci\u00f3n necesaria a la hora de llegar a ellos.<\/span><\/p>\n<p><span style=\"font-weight: 400;\">Nuestro box est\u00e1 equipado con todo lo que te hace falta con el fin de que no eches nada de menos en tu rutina y si por si tienes dudas puedes probar un d\u00eda gratis, lo que te permitir\u00e1 conocer las instalaciones y al personal que tenemos, a fin de que decidas quedarte con nosotros por m\u00e1s tiempo.<\/span><\/p>\n<p>[\/et_pb_text][\/et_pb_column][\/et_pb_row][\/et_pb_section]<\/p>\n","protected":false},"excerpt":{"rendered":"<p>Clases de cross training en Logro\u00f1oPracticar Cross Training en Logro\u00f1o, en nuestro centro, es una de las mejores opciones que tienes para favorecer tu salud, ya que se trata de una clase de deporte que desarrolla tanto la fuerza como la resistencia. En el entrenamiento se trabaja todo el cuerpo en sesiones cortas e intensas, [&hellip;]<\/p>\n","protected":false},"author":1,"featured_media":219837,"parent":0,"menu_order":0,"comment_status":"closed","ping_status":"closed","template":"","meta":{"_et_pb_use_builder":"on","_et_pb_old_content":"","_et_gb_content_width":"","footnotes":""},"class_list":["post-218355","page","type-page","status-publish","has-post-thumbnail","hentry"],"yoast_head":"<!-- This site is optimized with the Yoast SEO plugin v27.4 - https:\/\/yoast.com\/product\/yoast-seo-wordpress\/ -->\n<title>Cross Training Logro\u00f1o | Sparta Sport Center<\/title>\n<meta name=\"description\" content=\"\u00bfEst\u00e1s buscando un gimnasio para practicar cross training en Logro\u00f1o? En Sparta Sport Center podemos ayudarte. \u00a1Reserva con nosotros!\" \/>\n<meta name=\"robots\" content=\"index, follow, max-snippet:-1, max-image-preview:large, max-video-preview:-1\" \/>\n<link rel=\"canonical\" href=\"https:\/\/spartasportcenter.com\/logrono\/cross-training-logrono\/\" \/>\n<meta property=\"og:locale\" content=\"es_ES\" \/>\n<meta property=\"og:type\" content=\"article\" \/>\n<meta property=\"og:title\" content=\"Cross Training Logro\u00f1o | Sparta Sport Center\" \/>\n<meta property=\"og:description\" content=\"\u00bfEst\u00e1s buscando un gimnasio para practicar cross training en Logro\u00f1o? En Sparta Sport Center podemos ayudarte. \u00a1Reserva con nosotros!\" \/>\n<meta property=\"og:url\" content=\"https:\/\/spartasportcenter.com\/logrono\/cross-training-logrono\/\" \/>\n<meta property=\"og:site_name\" content=\"Sparta Sport Center Logro\u00f1o\" \/>\n<meta property=\"article:modified_time\" content=\"2025-12-18T15:09:43+00:00\" \/>\n<meta property=\"og:image\" content=\"https:\/\/spartasportcenter.com\/logrono\/wp-content\/uploads\/2024\/05\/cross-training-logrono.webp\" \/>\n\t<meta property=\"og:image:width\" content=\"2000\" \/>\n\t<meta property=\"og:image:height\" content=\"1333\" \/>\n\t<meta property=\"og:image:type\" content=\"image\/webp\" \/>\n<meta name=\"twitter:card\" content=\"summary_large_image\" \/>\n<meta name=\"twitter:label1\" content=\"Tiempo de lectura\" \/>\n\t<meta name=\"twitter:data1\" content=\"3 minutos\" \/>\n<script type=\"application\/ld+json\" class=\"yoast-schema-graph\">{\"@context\":\"https:\\\/\\\/schema.org\",\"@graph\":[{\"@type\":\"WebPage\",\"@id\":\"https:\\\/\\\/spartasportcenter.com\\\/logrono\\\/cross-training-logrono\\\/\",\"url\":\"https:\\\/\\\/spartasportcenter.com\\\/logrono\\\/cross-training-logrono\\\/\",\"name\":\"Cross Training Logro\u00f1o | Sparta Sport Center\",\"isPartOf\":{\"@id\":\"https:\\\/\\\/spartasportcenter.com\\\/logrono\\\/#website\"},\"primaryImageOfPage\":{\"@id\":\"https:\\\/\\\/spartasportcenter.com\\\/logrono\\\/cross-training-logrono\\\/#primaryimage\"},\"image\":{\"@id\":\"https:\\\/\\\/spartasportcenter.com\\\/logrono\\\/cross-training-logrono\\\/#primaryimage\"},\"thumbnailUrl\":\"https:\\\/\\\/spartasportcenter.com\\\/logrono\\\/wp-content\\\/uploads\\\/2024\\\/05\\\/cross-training-logrono.webp\",\"datePublished\":\"2023-03-29T12:49:31+00:00\",\"dateModified\":\"2025-12-18T15:09:43+00:00\",\"description\":\"\u00bfEst\u00e1s buscando un gimnasio para practicar cross training en Logro\u00f1o? En Sparta Sport Center podemos ayudarte. \u00a1Reserva con nosotros!\",\"breadcrumb\":{\"@id\":\"https:\\\/\\\/spartasportcenter.com\\\/logrono\\\/cross-training-logrono\\\/#breadcrumb\"},\"inLanguage\":\"es\",\"potentialAction\":[{\"@type\":\"ReadAction\",\"target\":[\"https:\\\/\\\/spartasportcenter.com\\\/logrono\\\/cross-training-logrono\\\/\"]}]},{\"@type\":\"ImageObject\",\"inLanguage\":\"es\",\"@id\":\"https:\\\/\\\/spartasportcenter.com\\\/logrono\\\/cross-training-logrono\\\/#primaryimage\",\"url\":\"https:\\\/\\\/spartasportcenter.com\\\/logrono\\\/wp-content\\\/uploads\\\/2024\\\/05\\\/cross-training-logrono.webp\",\"contentUrl\":\"https:\\\/\\\/spartasportcenter.com\\\/logrono\\\/wp-content\\\/uploads\\\/2024\\\/05\\\/cross-training-logrono.webp\",\"width\":2000,\"height\":1333,\"caption\":\"cross training logrono\"},{\"@type\":\"BreadcrumbList\",\"@id\":\"https:\\\/\\\/spartasportcenter.com\\\/logrono\\\/cross-training-logrono\\\/#breadcrumb\",\"itemListElement\":[{\"@type\":\"ListItem\",\"position\":1,\"name\":\"Portada\",\"item\":\"https:\\\/\\\/spartasportcenter.com\\\/logrono\\\/\"},{\"@type\":\"ListItem\",\"position\":2,\"name\":\"Cross Training Logro\u00f1o\"}]},{\"@type\":\"WebSite\",\"@id\":\"https:\\\/\\\/spartasportcenter.com\\\/logrono\\\/#website\",\"url\":\"https:\\\/\\\/spartasportcenter.com\\\/logrono\\\/\",\"name\":\"Sparta Sport Center Logro\u00f1o\",\"description\":\"Gimnasios en Logro\u00f1o\",\"potentialAction\":[{\"@type\":\"SearchAction\",\"target\":{\"@type\":\"EntryPoint\",\"urlTemplate\":\"https:\\\/\\\/spartasportcenter.com\\\/logrono\\\/?s={search_term_string}\"},\"query-input\":{\"@type\":\"PropertyValueSpecification\",\"valueRequired\":true,\"valueName\":\"search_term_string\"}}],\"inLanguage\":\"es\"}]}<\/script>\n<!-- \/ Yoast SEO plugin. -->","yoast_head_json":{"title":"Cross Training Logro\u00f1o | Sparta Sport Center","description":"\u00bfEst\u00e1s buscando un gimnasio para practicar cross training en Logro\u00f1o? En Sparta Sport Center podemos ayudarte. \u00a1Reserva con nosotros!","robots":{"index":"index","follow":"follow","max-snippet":"max-snippet:-1","max-image-preview":"max-image-preview:large","max-video-preview":"max-video-preview:-1"},"canonical":"https:\/\/spartasportcenter.com\/logrono\/cross-training-logrono\/","og_locale":"es_ES","og_type":"article","og_title":"Cross Training Logro\u00f1o | Sparta Sport Center","og_description":"\u00bfEst\u00e1s buscando un gimnasio para practicar cross training en Logro\u00f1o? En Sparta Sport Center podemos ayudarte. \u00a1Reserva con nosotros!","og_url":"https:\/\/spartasportcenter.com\/logrono\/cross-training-logrono\/","og_site_name":"Sparta Sport Center Logro\u00f1o","article_modified_time":"2025-12-18T15:09:43+00:00","og_image":[{"width":2000,"height":1333,"url":"https:\/\/spartasportcenter.com\/logrono\/wp-content\/uploads\/2024\/05\/cross-training-logrono.webp","type":"image\/webp"}],"twitter_card":"summary_large_image","twitter_misc":{"Tiempo de lectura":"3 minutos"},"schema":{"@context":"https:\/\/schema.org","@graph":[{"@type":"WebPage","@id":"https:\/\/spartasportcenter.com\/logrono\/cross-training-logrono\/","url":"https:\/\/spartasportcenter.com\/logrono\/cross-training-logrono\/","name":"Cross Training Logro\u00f1o | Sparta Sport Center","isPartOf":{"@id":"https:\/\/spartasportcenter.com\/logrono\/#website"},"primaryImageOfPage":{"@id":"https:\/\/spartasportcenter.com\/logrono\/cross-training-logrono\/#primaryimage"},"image":{"@id":"https:\/\/spartasportcenter.com\/logrono\/cross-training-logrono\/#primaryimage"},"thumbnailUrl":"https:\/\/spartasportcenter.com\/logrono\/wp-content\/uploads\/2024\/05\/cross-training-logrono.webp","datePublished":"2023-03-29T12:49:31+00:00","dateModified":"2025-12-18T15:09:43+00:00","description":"\u00bfEst\u00e1s buscando un gimnasio para practicar cross training en Logro\u00f1o? En Sparta Sport Center podemos ayudarte. \u00a1Reserva con nosotros!","breadcrumb":{"@id":"https:\/\/spartasportcenter.com\/logrono\/cross-training-logrono\/#breadcrumb"},"inLanguage":"es","potentialAction":[{"@type":"ReadAction","target":["https:\/\/spartasportcenter.com\/logrono\/cross-training-logrono\/"]}]},{"@type":"ImageObject","inLanguage":"es","@id":"https:\/\/spartasportcenter.com\/logrono\/cross-training-logrono\/#primaryimage","url":"https:\/\/spartasportcenter.com\/logrono\/wp-content\/uploads\/2024\/05\/cross-training-logrono.webp","contentUrl":"https:\/\/spartasportcenter.com\/logrono\/wp-content\/uploads\/2024\/05\/cross-training-logrono.webp","width":2000,"height":1333,"caption":"cross training logrono"},{"@type":"BreadcrumbList","@id":"https:\/\/spartasportcenter.com\/logrono\/cross-training-logrono\/#breadcrumb","itemListElement":[{"@type":"ListItem","position":1,"name":"Portada","item":"https:\/\/spartasportcenter.com\/logrono\/"},{"@type":"ListItem","position":2,"name":"Cross Training Logro\u00f1o"}]},{"@type":"WebSite","@id":"https:\/\/spartasportcenter.com\/logrono\/#website","url":"https:\/\/spartasportcenter.com\/logrono\/","name":"Sparta Sport Center Logro\u00f1o","description":"Gimnasios en Logro\u00f1o","potentialAction":[{"@type":"SearchAction","target":{"@type":"EntryPoint","urlTemplate":"https:\/\/spartasportcenter.com\/logrono\/?s={search_term_string}"},"query-input":{"@type":"PropertyValueSpecification","valueRequired":true,"valueName":"search_term_string"}}],"inLanguage":"es"}]}},"_links":{"self":[{"href":"https:\/\/spartasportcenter.com\/logrono\/wp-json\/wp\/v2\/pages\/218355","targetHints":{"allow":["GET"]}}],"collection":[{"href":"https:\/\/spartasportcenter.com\/logrono\/wp-json\/wp\/v2\/pages"}],"about":[{"href":"https:\/\/spartasportcenter.com\/logrono\/wp-json\/wp\/v2\/types\/page"}],"author":[{"embeddable":true,"href":"https:\/\/spartasportcenter.com\/logrono\/wp-json\/wp\/v2\/users\/1"}],"replies":[{"embeddable":true,"href":"https:\/\/spartasportcenter.com\/logrono\/wp-json\/wp\/v2\/comments?post=218355"}],"version-history":[{"count":2,"href":"https:\/\/spartasportcenter.com\/logrono\/wp-json\/wp\/v2\/pages\/218355\/revisions"}],"predecessor-version":[{"id":221131,"href":"https:\/\/spartasportcenter.com\/logrono\/wp-json\/wp\/v2\/pages\/218355\/revisions\/221131"}],"wp:featuredmedia":[{"embeddable":true,"href":"https:\/\/spartasportcenter.com\/logrono\/wp-json\/wp\/v2\/media\/219837"}],"wp:attachment":[{"href":"https:\/\/spartasportcenter.com\/logrono\/wp-json\/wp\/v2\/media?parent=218355"}],"curies":[{"name":"wp","href":"https:\/\/api.w.org\/{rel}","templated":true}]}}