{"id":209780,"date":"2019-01-29T15:41:35","date_gmt":"2019-01-29T14:41:35","guid":{"rendered":"https:\/\/spartasportcenter.com\/pamplona\/?page_id=209780"},"modified":"2025-12-18T16:11:04","modified_gmt":"2025-12-18T15:11:04","slug":"nutricionista-logrono","status":"publish","type":"page","link":"https:\/\/spartasportcenter.com\/logrono\/nutricionista-logrono\/","title":{"rendered":"Nutricionista Logro\u00f1o"},"content":{"rendered":"<p>[et_pb_section fb_built=\u00bb1&#8243; custom_padding_last_edited=\u00bbon|phone\u00bb disabled_on=\u00bboff|off|off\u00bb _builder_version=\u00bb4.27.4&#8243; background_color=\u00bb#000000&#8243; background_enable_image=\u00bboff\u00bb custom_margin=\u00bb||||false|false\u00bb custom_padding=\u00bb80px|0px|0px|0px|false|false\u00bb custom_padding_tablet=\u00bb\u00bb custom_padding_phone=\u00bb30px||50px||false|false\u00bb hover_enabled=\u00bb0&#8243; global_colors_info=\u00bb{}\u00bb sticky_enabled=\u00bb0&#8243;][et_pb_row column_structure=\u00bb1_3,2_3&#8243; custom_padding_last_edited=\u00bbon|desktop\u00bb _builder_version=\u00bb4.16&#8243; _module_preset=\u00bbdefault\u00bb custom_padding=\u00bb0px||||false|false\u00bb custom_padding_tablet=\u00bb\u00bb custom_padding_phone=\u00bb0px||||false|false\u00bb global_colors_info=\u00bb{}\u00bb][et_pb_column type=\u00bb1_3&#8243; _builder_version=\u00bb4.16&#8243; _module_preset=\u00bbdefault\u00bb global_colors_info=\u00bb{}\u00bb][et_pb_text _builder_version=\u00bb4.16&#8243; text_font=\u00bb||||||||\u00bb header_font=\u00bb||||||||\u00bb header_text_align=\u00bbcenter\u00bb header_2_font=\u00bb|300||on|||||\u00bb header_2_text_align=\u00bbright\u00bb header_2_font_size=\u00bb29px\u00bb custom_margin=\u00bb||0px||false|false\u00bb custom_padding=\u00bb|15%|0px||false|false\u00bb header_2_text_align_tablet=\u00bb\u00bb header_2_text_align_phone=\u00bbleft\u00bb header_2_text_align_last_edited=\u00bbon|phone\u00bb header_2_font_size_tablet=\u00bb51px\u00bb header_2_font_size_phone=\u00bb25px\u00bb header_2_font_size_last_edited=\u00bbon|phone\u00bb border_width_right=\u00bb2px\u00bb border_color_right=\u00bb#cccccc\u00bb border_width_right_tablet=\u00bb\u00bb border_width_right_phone=\u00bb0px\u00bb border_width_right_last_edited=\u00bbon|phone\u00bb locked=\u00bboff\u00bb global_colors_info=\u00bb{}\u00bb]<\/p>\n<h2>Nutricionista en Logro\u00f1o<\/h2>\n<p>[\/et_pb_text][\/et_pb_column][et_pb_column type=\u00bb2_3&#8243; _builder_version=\u00bb4.16&#8243; _module_preset=\u00bbdefault\u00bb global_colors_info=\u00bb{}\u00bb][et_pb_text _builder_version=\u00bb4.16&#8243; text_font=\u00bb|300|||||||\u00bb text_text_color=\u00bb#cccccc\u00bb text_line_height=\u00bb1.1em\u00bb header_font=\u00bb|300|||||||\u00bb header_2_font=\u00bb|300||on|||||\u00bb header_2_text_color=\u00bb#cccccc\u00bb header_2_font_size=\u00bb36px\u00bb header_2_letter_spacing=\u00bb2px\u00bb background_layout=\u00bbdark\u00bb global_colors_info=\u00bb{}\u00bb]En Sparta Sport Center en Logro\u00f1o somos m\u00e1s que un gimnasio, al ingresar a nuestro equipo ser\u00e1s parte de una familia. Por lo tanto, todos trabajamos en funci\u00f3n del cumplimiento de los objetivos individuales de nuestros clientes. Es por ello, que nuestros <b>nutricionistas en Logro\u00f1o <\/b>son especialistas capaces de guiarte en el proceso de adquisici\u00f3n de h\u00e1bitos nutricionales saludables para una alimentaci\u00f3n consciente. Adem\u00e1s de fomentar la importancia de la actividad f\u00edsica para el organismo.\u00a0[\/et_pb_text][\/et_pb_column][\/et_pb_row][et_pb_row column_structure=\u00bb1_3,2_3&#8243; custom_padding_last_edited=\u00bbon|phone\u00bb _builder_version=\u00bb4.16&#8243; _module_preset=\u00bbdefault\u00bb custom_margin=\u00bb||0px||false|false\u00bb custom_padding=\u00bb||||false|false\u00bb custom_padding_tablet=\u00bb\u00bb custom_padding_phone=\u00bb0px||0px||false|false\u00bb global_colors_info=\u00bb{}\u00bb][et_pb_column type=\u00bb1_3&#8243; _builder_version=\u00bb4.16&#8243; _module_preset=\u00bbdefault\u00bb global_colors_info=\u00bb{}\u00bb][et_pb_text _builder_version=\u00bb4.16&#8243; text_font=\u00bb||||||||\u00bb header_font=\u00bb||||||||\u00bb header_text_align=\u00bbcenter\u00bb header_2_font=\u00bb|300||on|||||\u00bb header_2_text_align=\u00bbright\u00bb header_2_font_size=\u00bb29px\u00bb custom_margin=\u00bb||0px||false|false\u00bb custom_padding=\u00bb|15%|0px||false|false\u00bb header_2_text_align_tablet=\u00bb\u00bb header_2_text_align_phone=\u00bbleft\u00bb header_2_text_align_last_edited=\u00bbon|phone\u00bb header_2_font_size_tablet=\u00bb51px\u00bb header_2_font_size_phone=\u00bb25px\u00bb header_2_font_size_last_edited=\u00bbon|phone\u00bb border_width_right=\u00bb2px\u00bb border_color_right=\u00bb#cccccc\u00bb border_width_right_tablet=\u00bb\u00bb border_width_right_phone=\u00bb0px\u00bb border_width_right_last_edited=\u00bbon|phone\u00bb locked=\u00bboff\u00bb global_colors_info=\u00bb{}\u00bb]<\/p>\n<h2>Planes personalizados de nutrici\u00f3n en Logro\u00f1o<\/h2>\n<p>[\/et_pb_text][\/et_pb_column][et_pb_column type=\u00bb2_3&#8243; _builder_version=\u00bb4.16&#8243; _module_preset=\u00bbdefault\u00bb global_colors_info=\u00bb{}\u00bb][et_pb_text _builder_version=\u00bb4.16&#8243; text_font=\u00bb|300|||||||\u00bb text_text_color=\u00bb#cccccc\u00bb text_line_height=\u00bb1.1em\u00bb header_font=\u00bb|300|||||||\u00bb header_2_font=\u00bb|300||on|||||\u00bb header_2_text_color=\u00bb#cccccc\u00bb header_2_font_size=\u00bb36px\u00bb header_2_letter_spacing=\u00bb2px\u00bb background_layout=\u00bbdark\u00bb global_colors_info=\u00bb{}\u00bb]Los nutricionistas de nuestro gimnasio en Logro\u00f1o son profesionales en el \u00e1rea con una amplia trayectoria en diet\u00e9tica para deportistas. Estos ofrecen <b>planes personalizados <\/b>adaptados a cada alumno, de este modo, se fomenta a que d\u00eda a d\u00eda se trabaje en pro de los objetivos. De igual forma, estos mantienen una comunicaci\u00f3n constante para realizar los cambios pertinentes.\u00a0<\/p>\n<p>Adem\u00e1s nuestros profesionales pensando en ti, coordinan con los encargados de otras \u00e1reas o con los profesores de las distintas disciplinas para que estos hagan <b>rutinas dise\u00f1adas<\/b> a tu estado inicial y que puedan ir adaptados en el tiempo. Lo ideal es que puedas cumplir tus metas lo m\u00e1s pronto posible y que los h\u00e1bitos adquiridos sean perdurables en el tiempo.<\/p>\n<p>Es importante mencionar, que el <b>nutricionista <\/b>elabora el plan en pro de tus beneficios, con la intenci\u00f3n de que tus alimentos sean el aliado perfecto para llegar a tus metas lo m\u00e1s pronto posible.\u00a0<\/p>\n<p>Este tendr\u00e1 la capacidad de asignar comidas diarias que sumen las respectivas calor\u00edas, a su vez que fomentar\u00e1, una buena hidrataci\u00f3n para el mantenimiento del equilibrio y un perfecto funcionamiento del organismo, recordemos que el vital l\u00edquido es indispensable para nuestra recuperaci\u00f3n antes, durante y despu\u00e9s del ejercicio.[\/et_pb_text][\/et_pb_column][\/et_pb_row][\/et_pb_section][et_pb_section fb_built=\u00bb1&#8243; custom_padding_last_edited=\u00bbon|phone\u00bb _builder_version=\u00bb4.27.4&#8243; _module_preset=\u00bbdefault\u00bb background_color=\u00bb#000000&#8243; custom_padding=\u00bb0px||50px||false|false\u00bb custom_padding_tablet=\u00bb\u00bb custom_padding_phone=\u00bb||30px||false|false\u00bb hover_enabled=\u00bb0&#8243; global_colors_info=\u00bb{}\u00bb sticky_enabled=\u00bb0&#8243;][et_pb_row column_structure=\u00bb1_3,2_3&#8243; custom_padding_last_edited=\u00bbon|phone\u00bb _builder_version=\u00bb4.16&#8243; _module_preset=\u00bbdefault\u00bb custom_padding_tablet=\u00bb\u00bb custom_padding_phone=\u00bb0px||0px||false|false\u00bb global_colors_info=\u00bb{}\u00bb][et_pb_column type=\u00bb1_3&#8243; _builder_version=\u00bb4.16&#8243; _module_preset=\u00bbdefault\u00bb global_colors_info=\u00bb{}\u00bb][et_pb_text _builder_version=\u00bb4.16&#8243; text_font=\u00bb||||||||\u00bb header_font=\u00bb||||||||\u00bb header_text_align=\u00bbcenter\u00bb header_2_font=\u00bb|300||on|||||\u00bb header_2_text_align=\u00bbright\u00bb header_2_font_size=\u00bb29px\u00bb custom_margin=\u00bb||0px||false|false\u00bb custom_padding=\u00bb|15%|0px||false|false\u00bb header_2_text_align_tablet=\u00bb\u00bb header_2_text_align_phone=\u00bbleft\u00bb header_2_text_align_last_edited=\u00bbon|phone\u00bb header_2_font_size_tablet=\u00bb51px\u00bb header_2_font_size_phone=\u00bb25px\u00bb header_2_font_size_last_edited=\u00bbon|phone\u00bb border_width_right=\u00bb2px\u00bb border_color_right=\u00bb#cccccc\u00bb border_width_right_tablet=\u00bb\u00bb border_width_right_phone=\u00bb0px\u00bb border_width_right_last_edited=\u00bbon|phone\u00bb locked=\u00bboff\u00bb global_colors_info=\u00bb{}\u00bb]<\/p>\n<h2>Los mejores nutricionistas en Logro\u00f1o<\/h2>\n<p>[\/et_pb_text][\/et_pb_column][et_pb_column type=\u00bb2_3&#8243; _builder_version=\u00bb4.16&#8243; _module_preset=\u00bbdefault\u00bb global_colors_info=\u00bb{}\u00bb][et_pb_text _builder_version=\u00bb4.16&#8243; text_font=\u00bb|300|||||||\u00bb text_text_color=\u00bb#cccccc\u00bb text_line_height=\u00bb1.1em\u00bb header_font=\u00bb|300|||||||\u00bb header_2_font=\u00bb|300||on|||||\u00bb header_2_text_color=\u00bb#cccccc\u00bb header_2_font_size=\u00bb36px\u00bb header_2_letter_spacing=\u00bb2px\u00bb background_layout=\u00bbdark\u00bb global_colors_info=\u00bb{}\u00bb]En Sparta Sport Center, somos parte de ti y nos preocupamos por que consigas tus objetivos. Es por ello, que somos conscientes de la importancia que tiene para tu vida aprender <b>h\u00e1bitos saludables<\/b>, para eso trabajaremos de la mano para que desde el primer d\u00eda te sientas como en casa en nuestras instalaciones.\u00a0<\/p>\n<p>De igual forma, para que logres tus metas cuanto antes ponemos a tu disposici\u00f3n a los mejores nutricionistas de Logro\u00f1o, estos se encargaran el primer d\u00eda de realizar una evaluaci\u00f3n para conocer tu <b>condici\u00f3n f\u00edsica<\/b>, ritmo de vida, alimentos que m\u00e1s consumes, frecuencia deportiva, con la intenci\u00f3n de obtener la mayor informaci\u00f3n para crear un plan para el cumplimiento de tus metas.<\/p>\n<p>Dicha valoraci\u00f3n inicial nos permitir\u00e1 poder ayudarte y supervisar mes a mes con el examen de bioimpedancia tus resultados, de acuerdo a este progreso mensual que se registra en nuestra app m\u00f3vil, las rutinas realizadas por los <b>entrenadores de las salas<\/b> de fuerza, cardio o de las distintas disciplinas se adaptan, y el tipo de entrenamiento va cambiando para que sigas avanzando y nuevos retos se vayan cumpliendo.\u00a0<\/p>\n<p>\u00a1No lo pienses m\u00e1s! Nuestros <b>nutricionistas de <\/b><a href=\"https:\/\/spartasportcenter.com\/logrono\/\"><b>Sparta Sport Center en Logro\u00f1o<\/b><\/a> trabajar\u00e1n en equipo con las dem\u00e1s \u00e1reas para que cumplas tus objetivos. Contacta con nosotros, tenemos planes adaptados para ti.\u00a0[\/et_pb_text][\/et_pb_column][\/et_pb_row][et_pb_row _builder_version=\u00bb4.16&#8243; custom_margin=\u00bb||5%||false|false\u00bb custom_padding=\u00bb||0px||false|false\u00bb locked=\u00bboff\u00bb global_colors_info=\u00bb{}\u00bb][et_pb_column type=\u00bb4_4&#8243; _builder_version=\u00bb4.16&#8243; global_colors_info=\u00bb{}\u00bb][et_pb_button button_url=\u00bbhttps:\/\/spartasportcenter.com\/logrono\/wp-content\/uploads\/2024\/05\/nutricionista-en-logrono.jpg\u00bb url_new_window=\u00bbon\u00bb button_text=\u00bbDESCARGAR PDF INFORMATIVO\u00bb button_alignment=\u00bbcenter\u00bb _builder_version=\u00bb4.24.0&#8243; custom_button=\u00bbon\u00bb button_text_color=\u00bb#cccccc\u00bb button_border_width=\u00bb1px\u00bb button_border_color=\u00bb#cccccc\u00bb button_border_radius=\u00bb0px\u00bb button_letter_spacing=\u00bb1px\u00bb button_font=\u00bb|300||on|||||\u00bb button_use_icon=\u00bboff\u00bb custom_margin=\u00bb0%|||\u00bb custom_padding=\u00bb|||\u00bb button_text_size_tablet=\u00bb\u00bb button_text_size_phone=\u00bb16px\u00bb button_text_size_last_edited=\u00bbon|phone\u00bb button_border_radius_hover=\u00bb0px\u00bb button_letter_spacing_hover=\u00bb3px\u00bb global_colors_info=\u00bb{}\u00bb button_text_size__hover_enabled=\u00bboff\u00bb button_text_size__hover=\u00bbnull\u00bb button_one_text_size__hover_enabled=\u00bboff\u00bb button_one_text_size__hover=\u00bbnull\u00bb button_two_text_size__hover_enabled=\u00bboff\u00bb button_two_text_size__hover=\u00bbnull\u00bb button_text_color__hover_enabled=\u00bbon|hover\u00bb button_text_color__hover=\u00bb#ffffff\u00bb button_one_text_color__hover_enabled=\u00bboff\u00bb button_one_text_color__hover=\u00bbnull\u00bb button_two_text_color__hover_enabled=\u00bboff\u00bb button_two_text_color__hover=\u00bbnull\u00bb button_border_width__hover_enabled=\u00bboff\u00bb button_border_width__hover=\u00bbnull\u00bb button_one_border_width__hover_enabled=\u00bboff\u00bb button_one_border_width__hover=\u00bbnull\u00bb button_two_border_width__hover_enabled=\u00bboff\u00bb button_two_border_width__hover=\u00bbnull\u00bb button_border_color__hover_enabled=\u00bboff\u00bb button_border_color__hover=\u00bbnull\u00bb button_one_border_color__hover_enabled=\u00bboff\u00bb button_one_border_color__hover=\u00bbnull\u00bb button_two_border_color__hover_enabled=\u00bboff\u00bb button_two_border_color__hover=\u00bbnull\u00bb button_border_radius__hover_enabled=\u00bboff|hover\u00bb button_border_radius__hover=\u00bb0px\u00bb button_one_border_radius__hover_enabled=\u00bboff\u00bb button_one_border_radius__hover=\u00bbnull\u00bb button_two_border_radius__hover_enabled=\u00bboff\u00bb button_two_border_radius__hover=\u00bbnull\u00bb button_letter_spacing__hover_enabled=\u00bboff|hover\u00bb button_letter_spacing__hover=\u00bb3px\u00bb button_one_letter_spacing__hover_enabled=\u00bboff\u00bb button_one_letter_spacing__hover=\u00bbnull\u00bb button_two_letter_spacing__hover_enabled=\u00bboff\u00bb button_two_letter_spacing__hover=\u00bbnull\u00bb button_bg_color__hover_enabled=\u00bboff\u00bb button_bg_color__hover=\u00bbnull\u00bb button_one_bg_color__hover_enabled=\u00bboff\u00bb button_one_bg_color__hover=\u00bbnull\u00bb button_two_bg_color__hover_enabled=\u00bboff\u00bb button_two_bg_color__hover=\u00bbnull\u00bb][\/et_pb_button][\/et_pb_column][\/et_pb_row][\/et_pb_section]<\/p>\n","protected":false},"excerpt":{"rendered":"<p>Nutricionista en Logro\u00f1oEn Sparta Sport Center en Logro\u00f1o somos m\u00e1s que un gimnasio, al ingresar a nuestro equipo ser\u00e1s parte de una familia. Por lo tanto, todos trabajamos en funci\u00f3n del cumplimiento de los objetivos individuales de nuestros clientes. Es por ello, que nuestros nutricionistas en Logro\u00f1o son especialistas capaces de guiarte en el proceso [&hellip;]<\/p>\n","protected":false},"author":1,"featured_media":219623,"parent":0,"menu_order":0,"comment_status":"closed","ping_status":"closed","template":"","meta":{"_et_pb_use_builder":"on","_et_pb_old_content":"","_et_gb_content_width":"","footnotes":""},"class_list":["post-209780","page","type-page","status-publish","has-post-thumbnail","hentry"],"yoast_head":"<!-- This site is optimized with the Yoast SEO plugin v27.4 - https:\/\/yoast.com\/product\/yoast-seo-wordpress\/ -->\n<title>Nutricionista Logro\u00f1o - Sparta Sport Center Logro\u00f1o<\/title>\n<meta name=\"description\" content=\"Controla tu alimentaci\u00f3n con nuestro ASESORAMIENTO NUTRICIONAL en LOGRO\u00d1O. Alim\u00e9ntate adecuadamente y empieza a conseguir resultados.\" \/>\n<meta name=\"robots\" content=\"index, follow, max-snippet:-1, max-image-preview:large, max-video-preview:-1\" \/>\n<link rel=\"canonical\" href=\"https:\/\/spartasportcenter.com\/logrono\/nutricionista-logrono\/\" \/>\n<meta property=\"og:locale\" content=\"es_ES\" \/>\n<meta property=\"og:type\" content=\"article\" \/>\n<meta property=\"og:title\" content=\"Nutricionista Logro\u00f1o - Sparta Sport Center Logro\u00f1o\" \/>\n<meta property=\"og:description\" content=\"Controla tu alimentaci\u00f3n con nuestro ASESORAMIENTO NUTRICIONAL en LOGRO\u00d1O. Alim\u00e9ntate adecuadamente y empieza a conseguir resultados.\" \/>\n<meta property=\"og:url\" content=\"https:\/\/spartasportcenter.com\/logrono\/nutricionista-logrono\/\" \/>\n<meta property=\"og:site_name\" content=\"Sparta Sport Center Logro\u00f1o\" \/>\n<meta property=\"article:modified_time\" content=\"2025-12-18T15:11:04+00:00\" \/>\n<meta property=\"og:image\" content=\"https:\/\/spartasportcenter.com\/logrono\/wp-content\/uploads\/2024\/03\/nutricionista-cabecera.jpg\" \/>\n\t<meta property=\"og:image:width\" content=\"2000\" \/>\n\t<meta property=\"og:image:height\" content=\"1333\" \/>\n\t<meta property=\"og:image:type\" content=\"image\/jpeg\" \/>\n<meta name=\"twitter:card\" content=\"summary_large_image\" \/>\n<meta name=\"twitter:label1\" content=\"Tiempo de lectura\" \/>\n\t<meta name=\"twitter:data1\" content=\"3 minutos\" \/>\n<script type=\"application\/ld+json\" class=\"yoast-schema-graph\">{\"@context\":\"https:\\\/\\\/schema.org\",\"@graph\":[{\"@type\":\"WebPage\",\"@id\":\"https:\\\/\\\/spartasportcenter.com\\\/logrono\\\/nutricionista-logrono\\\/\",\"url\":\"https:\\\/\\\/spartasportcenter.com\\\/logrono\\\/nutricionista-logrono\\\/\",\"name\":\"Nutricionista Logro\u00f1o - Sparta Sport Center Logro\u00f1o\",\"isPartOf\":{\"@id\":\"https:\\\/\\\/spartasportcenter.com\\\/logrono\\\/#website\"},\"primaryImageOfPage\":{\"@id\":\"https:\\\/\\\/spartasportcenter.com\\\/logrono\\\/nutricionista-logrono\\\/#primaryimage\"},\"image\":{\"@id\":\"https:\\\/\\\/spartasportcenter.com\\\/logrono\\\/nutricionista-logrono\\\/#primaryimage\"},\"thumbnailUrl\":\"https:\\\/\\\/spartasportcenter.com\\\/logrono\\\/wp-content\\\/uploads\\\/2024\\\/03\\\/nutricionista-cabecera.jpg\",\"datePublished\":\"2019-01-29T14:41:35+00:00\",\"dateModified\":\"2025-12-18T15:11:04+00:00\",\"description\":\"Controla tu alimentaci\u00f3n con nuestro ASESORAMIENTO NUTRICIONAL en LOGRO\u00d1O. Alim\u00e9ntate adecuadamente y empieza a conseguir resultados.\",\"breadcrumb\":{\"@id\":\"https:\\\/\\\/spartasportcenter.com\\\/logrono\\\/nutricionista-logrono\\\/#breadcrumb\"},\"inLanguage\":\"es\",\"potentialAction\":[{\"@type\":\"ReadAction\",\"target\":[\"https:\\\/\\\/spartasportcenter.com\\\/logrono\\\/nutricionista-logrono\\\/\"]}]},{\"@type\":\"ImageObject\",\"inLanguage\":\"es\",\"@id\":\"https:\\\/\\\/spartasportcenter.com\\\/logrono\\\/nutricionista-logrono\\\/#primaryimage\",\"url\":\"https:\\\/\\\/spartasportcenter.com\\\/logrono\\\/wp-content\\\/uploads\\\/2024\\\/03\\\/nutricionista-cabecera.jpg\",\"contentUrl\":\"https:\\\/\\\/spartasportcenter.com\\\/logrono\\\/wp-content\\\/uploads\\\/2024\\\/03\\\/nutricionista-cabecera.jpg\",\"width\":2000,\"height\":1333,\"caption\":\"nutricionista cabecera\"},{\"@type\":\"BreadcrumbList\",\"@id\":\"https:\\\/\\\/spartasportcenter.com\\\/logrono\\\/nutricionista-logrono\\\/#breadcrumb\",\"itemListElement\":[{\"@type\":\"ListItem\",\"position\":1,\"name\":\"Portada\",\"item\":\"https:\\\/\\\/spartasportcenter.com\\\/logrono\\\/\"},{\"@type\":\"ListItem\",\"position\":2,\"name\":\"Nutricionista Logro\u00f1o\"}]},{\"@type\":\"WebSite\",\"@id\":\"https:\\\/\\\/spartasportcenter.com\\\/logrono\\\/#website\",\"url\":\"https:\\\/\\\/spartasportcenter.com\\\/logrono\\\/\",\"name\":\"Sparta Sport Center Logro\u00f1o\",\"description\":\"Gimnasios en Logro\u00f1o\",\"potentialAction\":[{\"@type\":\"SearchAction\",\"target\":{\"@type\":\"EntryPoint\",\"urlTemplate\":\"https:\\\/\\\/spartasportcenter.com\\\/logrono\\\/?s={search_term_string}\"},\"query-input\":{\"@type\":\"PropertyValueSpecification\",\"valueRequired\":true,\"valueName\":\"search_term_string\"}}],\"inLanguage\":\"es\"}]}<\/script>\n<!-- \/ Yoast SEO plugin. -->","yoast_head_json":{"title":"Nutricionista Logro\u00f1o - Sparta Sport Center Logro\u00f1o","description":"Controla tu alimentaci\u00f3n con nuestro ASESORAMIENTO NUTRICIONAL en LOGRO\u00d1O. Alim\u00e9ntate adecuadamente y empieza a conseguir resultados.","robots":{"index":"index","follow":"follow","max-snippet":"max-snippet:-1","max-image-preview":"max-image-preview:large","max-video-preview":"max-video-preview:-1"},"canonical":"https:\/\/spartasportcenter.com\/logrono\/nutricionista-logrono\/","og_locale":"es_ES","og_type":"article","og_title":"Nutricionista Logro\u00f1o - Sparta Sport Center Logro\u00f1o","og_description":"Controla tu alimentaci\u00f3n con nuestro ASESORAMIENTO NUTRICIONAL en LOGRO\u00d1O. Alim\u00e9ntate adecuadamente y empieza a conseguir resultados.","og_url":"https:\/\/spartasportcenter.com\/logrono\/nutricionista-logrono\/","og_site_name":"Sparta Sport Center Logro\u00f1o","article_modified_time":"2025-12-18T15:11:04+00:00","og_image":[{"width":2000,"height":1333,"url":"https:\/\/spartasportcenter.com\/logrono\/wp-content\/uploads\/2024\/03\/nutricionista-cabecera.jpg","type":"image\/jpeg"}],"twitter_card":"summary_large_image","twitter_misc":{"Tiempo de lectura":"3 minutos"},"schema":{"@context":"https:\/\/schema.org","@graph":[{"@type":"WebPage","@id":"https:\/\/spartasportcenter.com\/logrono\/nutricionista-logrono\/","url":"https:\/\/spartasportcenter.com\/logrono\/nutricionista-logrono\/","name":"Nutricionista Logro\u00f1o - Sparta Sport Center Logro\u00f1o","isPartOf":{"@id":"https:\/\/spartasportcenter.com\/logrono\/#website"},"primaryImageOfPage":{"@id":"https:\/\/spartasportcenter.com\/logrono\/nutricionista-logrono\/#primaryimage"},"image":{"@id":"https:\/\/spartasportcenter.com\/logrono\/nutricionista-logrono\/#primaryimage"},"thumbnailUrl":"https:\/\/spartasportcenter.com\/logrono\/wp-content\/uploads\/2024\/03\/nutricionista-cabecera.jpg","datePublished":"2019-01-29T14:41:35+00:00","dateModified":"2025-12-18T15:11:04+00:00","description":"Controla tu alimentaci\u00f3n con nuestro ASESORAMIENTO NUTRICIONAL en LOGRO\u00d1O. Alim\u00e9ntate adecuadamente y empieza a conseguir resultados.","breadcrumb":{"@id":"https:\/\/spartasportcenter.com\/logrono\/nutricionista-logrono\/#breadcrumb"},"inLanguage":"es","potentialAction":[{"@type":"ReadAction","target":["https:\/\/spartasportcenter.com\/logrono\/nutricionista-logrono\/"]}]},{"@type":"ImageObject","inLanguage":"es","@id":"https:\/\/spartasportcenter.com\/logrono\/nutricionista-logrono\/#primaryimage","url":"https:\/\/spartasportcenter.com\/logrono\/wp-content\/uploads\/2024\/03\/nutricionista-cabecera.jpg","contentUrl":"https:\/\/spartasportcenter.com\/logrono\/wp-content\/uploads\/2024\/03\/nutricionista-cabecera.jpg","width":2000,"height":1333,"caption":"nutricionista cabecera"},{"@type":"BreadcrumbList","@id":"https:\/\/spartasportcenter.com\/logrono\/nutricionista-logrono\/#breadcrumb","itemListElement":[{"@type":"ListItem","position":1,"name":"Portada","item":"https:\/\/spartasportcenter.com\/logrono\/"},{"@type":"ListItem","position":2,"name":"Nutricionista Logro\u00f1o"}]},{"@type":"WebSite","@id":"https:\/\/spartasportcenter.com\/logrono\/#website","url":"https:\/\/spartasportcenter.com\/logrono\/","name":"Sparta Sport Center Logro\u00f1o","description":"Gimnasios en Logro\u00f1o","potentialAction":[{"@type":"SearchAction","target":{"@type":"EntryPoint","urlTemplate":"https:\/\/spartasportcenter.com\/logrono\/?s={search_term_string}"},"query-input":{"@type":"PropertyValueSpecification","valueRequired":true,"valueName":"search_term_string"}}],"inLanguage":"es"}]}},"_links":{"self":[{"href":"https:\/\/spartasportcenter.com\/logrono\/wp-json\/wp\/v2\/pages\/209780","targetHints":{"allow":["GET"]}}],"collection":[{"href":"https:\/\/spartasportcenter.com\/logrono\/wp-json\/wp\/v2\/pages"}],"about":[{"href":"https:\/\/spartasportcenter.com\/logrono\/wp-json\/wp\/v2\/types\/page"}],"author":[{"embeddable":true,"href":"https:\/\/spartasportcenter.com\/logrono\/wp-json\/wp\/v2\/users\/1"}],"replies":[{"embeddable":true,"href":"https:\/\/spartasportcenter.com\/logrono\/wp-json\/wp\/v2\/comments?post=209780"}],"version-history":[{"count":1,"href":"https:\/\/spartasportcenter.com\/logrono\/wp-json\/wp\/v2\/pages\/209780\/revisions"}],"predecessor-version":[{"id":221135,"href":"https:\/\/spartasportcenter.com\/logrono\/wp-json\/wp\/v2\/pages\/209780\/revisions\/221135"}],"wp:featuredmedia":[{"embeddable":true,"href":"https:\/\/spartasportcenter.com\/logrono\/wp-json\/wp\/v2\/media\/219623"}],"wp:attachment":[{"href":"https:\/\/spartasportcenter.com\/logrono\/wp-json\/wp\/v2\/media?parent=209780"}],"curies":[{"name":"wp","href":"https:\/\/api.w.org\/{rel}","templated":true}]}}