{"id":209159,"date":"2018-12-04T15:58:36","date_gmt":"2018-12-04T14:58:36","guid":{"rendered":"https:\/\/spartasportcenter.com\/pamplona\/?page_id=209159"},"modified":"2025-06-24T16:56:48","modified_gmt":"2025-06-24T14:56:48","slug":"mapa-web-gimnasios-logrono","status":"publish","type":"page","link":"https:\/\/spartasportcenter.com\/logrono\/mapa-web-gimnasios-logrono\/","title":{"rendered":"Mapa Web de Sparta Sport Center Logro\u00f1o"},"content":{"rendered":"<p><a href=\"https:\/\/spartasportcenter.com\/logrono\/\">Gimnasio Logro\u00f1o Sparta Sport Center<\/a><\/p>\n<p><a href=\"https:\/\/spartasportcenter.com\/logrono\/yoga-logrono\/\">Yoga Logro\u00f1o<\/a><\/p>\n<p><a href=\"https:\/\/spartasportcenter.com\/logrono\/nutricionista-logrono\/\">Nutricionista Logro\u00f1o<\/a><\/p>\n<p><a href=\"https:\/\/spartasportcenter.com\/logrono\/pilates-logrono\/\">Pilates Logro\u00f1o<\/a><\/p>\n<p><a href=\"https:\/\/spartasportcenter.com\/logrono\/zumba-logrono\/\">Zumba Logro\u00f1o<\/a><\/p>\n<p><a href=\"https:\/\/spartasportcenter.com\/logrono\/entrenador-personal-logrono\/\">Entrenador Personal Logro\u00f1o<\/a><\/p>\n<p><a href=\"https:\/\/spartasportcenter.com\/logrono\/gap-logrono\/\">Gap Logro\u00f1o<\/a><\/p>\n<p><a href=\"https:\/\/spartasportcenter.com\/logrono\/spinning-logrono\/\">Spinning Logro\u00f1o<\/a><\/p>\n<p><a href=\"https:\/\/spartasportcenter.com\/logrono\/core-logrono\/\">Core Logro\u00f1o<\/a><\/p>\n<p><a href=\"https:\/\/spartasportcenter.com\/logrono\/body-pump-logrono\/\">Body Pump Logro\u00f1o<\/a><\/p>\n<p><a href=\"https:\/\/spartasportcenter.com\/logrono\/cross-training-logrono\/\">Cross training Logro\u00f1o<\/a><\/p>\n<p><a href=\"https:\/\/spartasportcenter.com\/logrono\/body-combat-logrono\/\">Body Combat Logro\u00f1o<\/a><\/p>\n<p><a href=\"https:\/\/spartasportcenter.com\/logrono\/horarios\/\">Horario de actividades<\/a><\/p>\n<p><a href=\"https:\/\/spartasportcenter.com\/logrono\/instalaciones\/\">Instalaciones<\/a><\/p>\n<p><a href=\"https:\/\/spartasportcenter.com\/logrono\/actividades\/\">Actividades<\/a><\/p>\n<p><a href=\"https:\/\/spartasportcenter.com\/logrono\/servicios\/\">Servicios<\/a><\/p>\n<p><a href=\"https:\/\/spartasportcenter.com\/logrono\/prueba-un-dia-gratis\/\">Prueba un d\u00eda<\/a><\/p>\n<p><a href=\"https:\/\/spartasportcenter.com\/logrono\/contacto\/\">Contacto<\/a><\/p>\n","protected":false},"excerpt":{"rendered":"<p>   &#8211;<\/p>\n","protected":false},"author":1,"featured_media":220702,"parent":0,"menu_order":0,"comment_status":"closed","ping_status":"closed","template":"","meta":{"_et_pb_use_builder":"off","_et_pb_old_content":"<a href=\"https:\/\/spartasportcenter.com\/logrono\/\">Gimnasio Logro\u00f1o Sparta Sport Center<\/a>\n\n<a href=\"https:\/\/spartasportcenter.com\/logrono\/yoga-logrono\/\">Yoga Logro\u00f1o<\/a>\n\n<a href=\"https:\/\/spartasportcenter.com\/logrono\/nutricionista-logrono\/\">Nutricionista Logro\u00f1o<\/a>\n\n<a href=\"https:\/\/spartasportcenter.com\/logrono\/pilates-logrono\/\">Pilates Logro\u00f1o<\/a>\n\n<a href=\"https:\/\/spartasportcenter.com\/logrono\/zumba-logrono\/\">Zumba Logro\u00f1o<\/a>\n\n<a href=\"https:\/\/spartasportcenter.com\/logrono\/entrenador-personal-logrono\/\">Entrenador Personal Logro\u00f1o<\/a>\n\n<a href=\"https:\/\/spartasportcenter.com\/logrono\/gap-logrono\/\">Gap Logro\u00f1o<\/a>\n\n<a href=\"https:\/\/spartasportcenter.com\/logrono\/spinning-logrono\/\">Spinning Logro\u00f1o<\/a>\n\n<a href=\"https:\/\/spartasportcenter.com\/logrono\/trx-logrono\/\">TRX Logro\u00f1o<\/a>\n\n<a href=\"https:\/\/spartasportcenter.com\/logrono\/core-logrono\/\">Core Logro\u00f1o<\/a>\n\n<a href=\"https:\/\/spartasportcenter.com\/logrono\/body-pump-logrono\/\">Body Pump Logro\u00f1o<\/a>\n\n<a href=\"https:\/\/spartasportcenter.com\/logrono\/cross-training-logrono\/\">Cross training Logro\u00f1o<\/a>\n\n<a href=\"https:\/\/spartasportcenter.com\/logrono\/horarios\/\">Horario de actividades<\/a>\n\n<a href=\"https:\/\/spartasportcenter.com\/logrono\/instalaciones\/\">Instalaciones<\/a>\n\n<a href=\"https:\/\/spartasportcenter.com\/logrono\/tarifas\/\">Tarifas<\/a>\n\n<a href=\"https:\/\/spartasportcenter.com\/logrono\/actividades\/\">Actividades<\/a>\n\n<a href=\"https:\/\/spartasportcenter.com\/logrono\/servicios\/\">Servicios<\/a>\n\n<a href=\"https:\/\/spartasportcenter.com\/logrono\/prueba-un-dia-gratis\/\">Prueba un d\u00eda<\/a>\n\n<a href=\"https:\/\/spartasportcenter.com\/logrono\/contacto\/\">Contacto<\/a>","_et_gb_content_width":"","footnotes":""},"class_list":["post-209159","page","type-page","status-publish","has-post-thumbnail","hentry"],"yoast_head":"<!-- This site is optimized with the Yoast SEO plugin v26.6 - https:\/\/yoast.com\/wordpress\/plugins\/seo\/ -->\n<title>Mapa Web - Sparta Sport Center Logro\u00f1o<\/title>\n<meta name=\"description\" content=\"Consulta el Mapa Web de Sparta Sport Center Logro\u00f1o para conocer las p\u00e1ginas m\u00e1s importantes de nuestra p\u00e1gina web. \u00a1Te las mostramos!\" \/>\n<meta name=\"robots\" content=\"index, follow, max-snippet:-1, max-image-preview:large, max-video-preview:-1\" \/>\n<link rel=\"canonical\" href=\"https:\/\/spartasportcenter.com\/logrono\/mapa-web-gimnasios-logrono\/\" \/>\n<meta property=\"og:locale\" content=\"es_ES\" \/>\n<meta property=\"og:type\" content=\"article\" \/>\n<meta property=\"og:title\" content=\"Mapa Web - Sparta Sport Center Logro\u00f1o\" \/>\n<meta property=\"og:description\" content=\"Consulta el Mapa Web de Sparta Sport Center Logro\u00f1o para conocer las p\u00e1ginas m\u00e1s importantes de nuestra p\u00e1gina web. \u00a1Te las mostramos!\" \/>\n<meta property=\"og:url\" content=\"https:\/\/spartasportcenter.com\/logrono\/mapa-web-gimnasios-logrono\/\" \/>\n<meta property=\"og:site_name\" content=\"Sparta Sport Center Logro\u00f1o\" \/>\n<meta property=\"article:modified_time\" content=\"2025-06-24T14:56:48+00:00\" \/>\n<meta property=\"og:image\" content=\"https:\/\/spartasportcenter.com\/logrono\/wp-content\/uploads\/2025\/06\/material-deportivo-de-colores.jpg\" \/>\n\t<meta property=\"og:image:width\" content=\"2000\" \/>\n\t<meta property=\"og:image:height\" content=\"1333\" \/>\n\t<meta property=\"og:image:type\" content=\"image\/jpeg\" \/>\n<meta name=\"twitter:card\" content=\"summary_large_image\" \/>\n<meta name=\"twitter:label1\" content=\"Tiempo de lectura\" \/>\n\t<meta name=\"twitter:data1\" content=\"1 minuto\" \/>\n<script type=\"application\/ld+json\" class=\"yoast-schema-graph\">{\"@context\":\"https:\/\/schema.org\",\"@graph\":[{\"@type\":\"WebPage\",\"@id\":\"https:\/\/spartasportcenter.com\/logrono\/mapa-web-gimnasios-logrono\/\",\"url\":\"https:\/\/spartasportcenter.com\/logrono\/mapa-web-gimnasios-logrono\/\",\"name\":\"Mapa Web - Sparta Sport Center Logro\u00f1o\",\"isPartOf\":{\"@id\":\"https:\/\/spartasportcenter.com\/logrono\/#website\"},\"primaryImageOfPage\":{\"@id\":\"https:\/\/spartasportcenter.com\/logrono\/mapa-web-gimnasios-logrono\/#primaryimage\"},\"image\":{\"@id\":\"https:\/\/spartasportcenter.com\/logrono\/mapa-web-gimnasios-logrono\/#primaryimage\"},\"thumbnailUrl\":\"https:\/\/spartasportcenter.com\/logrono\/wp-content\/uploads\/2025\/06\/material-deportivo-de-colores.jpg\",\"datePublished\":\"2018-12-04T14:58:36+00:00\",\"dateModified\":\"2025-06-24T14:56:48+00:00\",\"description\":\"Consulta el Mapa Web de Sparta Sport Center Logro\u00f1o para conocer las p\u00e1ginas m\u00e1s importantes de nuestra p\u00e1gina web. \u00a1Te las mostramos!\",\"breadcrumb\":{\"@id\":\"https:\/\/spartasportcenter.com\/logrono\/mapa-web-gimnasios-logrono\/#breadcrumb\"},\"inLanguage\":\"es\",\"potentialAction\":[{\"@type\":\"ReadAction\",\"target\":[\"https:\/\/spartasportcenter.com\/logrono\/mapa-web-gimnasios-logrono\/\"]}]},{\"@type\":\"ImageObject\",\"inLanguage\":\"es\",\"@id\":\"https:\/\/spartasportcenter.com\/logrono\/mapa-web-gimnasios-logrono\/#primaryimage\",\"url\":\"https:\/\/spartasportcenter.com\/logrono\/wp-content\/uploads\/2025\/06\/material-deportivo-de-colores.jpg\",\"contentUrl\":\"https:\/\/spartasportcenter.com\/logrono\/wp-content\/uploads\/2025\/06\/material-deportivo-de-colores.jpg\",\"width\":2000,\"height\":1333,\"caption\":\"material deportivo de colores\"},{\"@type\":\"BreadcrumbList\",\"@id\":\"https:\/\/spartasportcenter.com\/logrono\/mapa-web-gimnasios-logrono\/#breadcrumb\",\"itemListElement\":[{\"@type\":\"ListItem\",\"position\":1,\"name\":\"Portada\",\"item\":\"https:\/\/spartasportcenter.com\/logrono\/\"},{\"@type\":\"ListItem\",\"position\":2,\"name\":\"Mapa Web de Sparta Sport Center Logro\u00f1o\"}]},{\"@type\":\"WebSite\",\"@id\":\"https:\/\/spartasportcenter.com\/logrono\/#website\",\"url\":\"https:\/\/spartasportcenter.com\/logrono\/\",\"name\":\"Sparta Sport Center Logro\u00f1o\",\"description\":\"Gimnasios en Logro\u00f1o\",\"potentialAction\":[{\"@type\":\"SearchAction\",\"target\":{\"@type\":\"EntryPoint\",\"urlTemplate\":\"https:\/\/spartasportcenter.com\/logrono\/?s={search_term_string}\"},\"query-input\":{\"@type\":\"PropertyValueSpecification\",\"valueRequired\":true,\"valueName\":\"search_term_string\"}}],\"inLanguage\":\"es\"}]}<\/script>\n<!-- \/ Yoast SEO plugin. -->","yoast_head_json":{"title":"Mapa Web - Sparta Sport Center Logro\u00f1o","description":"Consulta el Mapa Web de Sparta Sport Center Logro\u00f1o para conocer las p\u00e1ginas m\u00e1s importantes de nuestra p\u00e1gina web. \u00a1Te las mostramos!","robots":{"index":"index","follow":"follow","max-snippet":"max-snippet:-1","max-image-preview":"max-image-preview:large","max-video-preview":"max-video-preview:-1"},"canonical":"https:\/\/spartasportcenter.com\/logrono\/mapa-web-gimnasios-logrono\/","og_locale":"es_ES","og_type":"article","og_title":"Mapa Web - Sparta Sport Center Logro\u00f1o","og_description":"Consulta el Mapa Web de Sparta Sport Center Logro\u00f1o para conocer las p\u00e1ginas m\u00e1s importantes de nuestra p\u00e1gina web. \u00a1Te las mostramos!","og_url":"https:\/\/spartasportcenter.com\/logrono\/mapa-web-gimnasios-logrono\/","og_site_name":"Sparta Sport Center Logro\u00f1o","article_modified_time":"2025-06-24T14:56:48+00:00","og_image":[{"width":2000,"height":1333,"url":"https:\/\/spartasportcenter.com\/logrono\/wp-content\/uploads\/2025\/06\/material-deportivo-de-colores.jpg","type":"image\/jpeg"}],"twitter_card":"summary_large_image","twitter_misc":{"Tiempo de lectura":"1 minuto"},"schema":{"@context":"https:\/\/schema.org","@graph":[{"@type":"WebPage","@id":"https:\/\/spartasportcenter.com\/logrono\/mapa-web-gimnasios-logrono\/","url":"https:\/\/spartasportcenter.com\/logrono\/mapa-web-gimnasios-logrono\/","name":"Mapa Web - Sparta Sport Center Logro\u00f1o","isPartOf":{"@id":"https:\/\/spartasportcenter.com\/logrono\/#website"},"primaryImageOfPage":{"@id":"https:\/\/spartasportcenter.com\/logrono\/mapa-web-gimnasios-logrono\/#primaryimage"},"image":{"@id":"https:\/\/spartasportcenter.com\/logrono\/mapa-web-gimnasios-logrono\/#primaryimage"},"thumbnailUrl":"https:\/\/spartasportcenter.com\/logrono\/wp-content\/uploads\/2025\/06\/material-deportivo-de-colores.jpg","datePublished":"2018-12-04T14:58:36+00:00","dateModified":"2025-06-24T14:56:48+00:00","description":"Consulta el Mapa Web de Sparta Sport Center Logro\u00f1o para conocer las p\u00e1ginas m\u00e1s importantes de nuestra p\u00e1gina web. \u00a1Te las mostramos!","breadcrumb":{"@id":"https:\/\/spartasportcenter.com\/logrono\/mapa-web-gimnasios-logrono\/#breadcrumb"},"inLanguage":"es","potentialAction":[{"@type":"ReadAction","target":["https:\/\/spartasportcenter.com\/logrono\/mapa-web-gimnasios-logrono\/"]}]},{"@type":"ImageObject","inLanguage":"es","@id":"https:\/\/spartasportcenter.com\/logrono\/mapa-web-gimnasios-logrono\/#primaryimage","url":"https:\/\/spartasportcenter.com\/logrono\/wp-content\/uploads\/2025\/06\/material-deportivo-de-colores.jpg","contentUrl":"https:\/\/spartasportcenter.com\/logrono\/wp-content\/uploads\/2025\/06\/material-deportivo-de-colores.jpg","width":2000,"height":1333,"caption":"material deportivo de colores"},{"@type":"BreadcrumbList","@id":"https:\/\/spartasportcenter.com\/logrono\/mapa-web-gimnasios-logrono\/#breadcrumb","itemListElement":[{"@type":"ListItem","position":1,"name":"Portada","item":"https:\/\/spartasportcenter.com\/logrono\/"},{"@type":"ListItem","position":2,"name":"Mapa Web de Sparta Sport Center Logro\u00f1o"}]},{"@type":"WebSite","@id":"https:\/\/spartasportcenter.com\/logrono\/#website","url":"https:\/\/spartasportcenter.com\/logrono\/","name":"Sparta Sport Center Logro\u00f1o","description":"Gimnasios en Logro\u00f1o","potentialAction":[{"@type":"SearchAction","target":{"@type":"EntryPoint","urlTemplate":"https:\/\/spartasportcenter.com\/logrono\/?s={search_term_string}"},"query-input":{"@type":"PropertyValueSpecification","valueRequired":true,"valueName":"search_term_string"}}],"inLanguage":"es"}]}},"_links":{"self":[{"href":"https:\/\/spartasportcenter.com\/logrono\/wp-json\/wp\/v2\/pages\/209159","targetHints":{"allow":["GET"]}}],"collection":[{"href":"https:\/\/spartasportcenter.com\/logrono\/wp-json\/wp\/v2\/pages"}],"about":[{"href":"https:\/\/spartasportcenter.com\/logrono\/wp-json\/wp\/v2\/types\/page"}],"author":[{"embeddable":true,"href":"https:\/\/spartasportcenter.com\/logrono\/wp-json\/wp\/v2\/users\/1"}],"replies":[{"embeddable":true,"href":"https:\/\/spartasportcenter.com\/logrono\/wp-json\/wp\/v2\/comments?post=209159"}],"version-history":[{"count":3,"href":"https:\/\/spartasportcenter.com\/logrono\/wp-json\/wp\/v2\/pages\/209159\/revisions"}],"predecessor-version":[{"id":220448,"href":"https:\/\/spartasportcenter.com\/logrono\/wp-json\/wp\/v2\/pages\/209159\/revisions\/220448"}],"wp:featuredmedia":[{"embeddable":true,"href":"https:\/\/spartasportcenter.com\/logrono\/wp-json\/wp\/v2\/media\/220702"}],"wp:attachment":[{"href":"https:\/\/spartasportcenter.com\/logrono\/wp-json\/wp\/v2\/media?parent=209159"}],"curies":[{"name":"wp","href":"https:\/\/api.w.org\/{rel}","templated":true}]}}