{"id":206555,"date":"2018-08-20T15:49:40","date_gmt":"2018-08-20T15:49:40","guid":{"rendered":"https:\/\/pamplona.spartasportcenter.com\/?page_id=206555"},"modified":"2025-12-18T16:09:13","modified_gmt":"2025-12-18T15:09:13","slug":"body-pump-logrono","status":"publish","type":"page","link":"https:\/\/spartasportcenter.com\/logrono\/body-pump-logrono\/","title":{"rendered":"Body Pump Logro\u00f1o"},"content":{"rendered":"<p>[et_pb_section fb_built=\u00bb1&#8243; custom_padding_last_edited=\u00bbon|phone\u00bb disabled_on=\u00bboff|off|off\u00bb _builder_version=\u00bb4.27.4&#8243; background_color=\u00bb#000000&#8243; background_enable_image=\u00bboff\u00bb custom_margin=\u00bb||||false|false\u00bb custom_padding=\u00bb80px|0px|0px|0px|false|false\u00bb custom_padding_tablet=\u00bb\u00bb custom_padding_phone=\u00bb30px||50px||false|false\u00bb hover_enabled=\u00bb0&#8243; global_colors_info=\u00bb{}\u00bb sticky_enabled=\u00bb0&#8243;][et_pb_row column_structure=\u00bb1_3,2_3&#8243; custom_padding_last_edited=\u00bbon|desktop\u00bb _builder_version=\u00bb4.16&#8243; _module_preset=\u00bbdefault\u00bb custom_padding=\u00bb0px||||false|false\u00bb custom_padding_tablet=\u00bb\u00bb custom_padding_phone=\u00bb0px||||false|false\u00bb global_colors_info=\u00bb{}\u00bb][et_pb_column type=\u00bb1_3&#8243; _builder_version=\u00bb4.16&#8243; _module_preset=\u00bbdefault\u00bb global_colors_info=\u00bb{}\u00bb][et_pb_text _builder_version=\u00bb4.16&#8243; text_font=\u00bb||||||||\u00bb header_font=\u00bb||||||||\u00bb header_text_align=\u00bbcenter\u00bb header_2_font=\u00bb|300||on|||||\u00bb header_2_text_align=\u00bbright\u00bb header_2_font_size=\u00bb29px\u00bb custom_margin=\u00bb||0px||false|false\u00bb custom_padding=\u00bb|15%|0px||false|false\u00bb header_2_text_align_tablet=\u00bb\u00bb header_2_text_align_phone=\u00bbleft\u00bb header_2_text_align_last_edited=\u00bbon|phone\u00bb header_2_font_size_tablet=\u00bb51px\u00bb header_2_font_size_phone=\u00bb25px\u00bb header_2_font_size_last_edited=\u00bbon|phone\u00bb border_width_right=\u00bb2px\u00bb border_color_right=\u00bb#cccccc\u00bb border_width_right_tablet=\u00bb\u00bb border_width_right_phone=\u00bb0px\u00bb border_width_right_last_edited=\u00bbon|phone\u00bb locked=\u00bboff\u00bb global_colors_info=\u00bb{}\u00bb]<\/p>\n<h2>clases de<br \/>\nBody Pump en Logro\u00f1o<\/h2>\n<p>[\/et_pb_text][\/et_pb_column][et_pb_column type=\u00bb2_3&#8243; _builder_version=\u00bb4.16&#8243; _module_preset=\u00bbdefault\u00bb global_colors_info=\u00bb{}\u00bb][et_pb_text _builder_version=\u00bb4.16&#8243; text_font=\u00bb|300|||||||\u00bb text_text_color=\u00bb#cccccc\u00bb text_line_height=\u00bb1.1em\u00bb header_font=\u00bb|300|||||||\u00bb header_2_font=\u00bb|300||on|||||\u00bb header_2_text_color=\u00bb#cccccc\u00bb header_2_font_size=\u00bb36px\u00bb header_2_letter_spacing=\u00bb2px\u00bb background_layout=\u00bbdark\u00bb global_colors_info=\u00bb{}\u00bb]<\/p>\n<p><span>El Body Pump es\u00a0<\/span><span>un entrenamiento excepcional<\/span><span>\u00a0para tu cuerpo si lo practicas de manera adecuada. En nuestras instalaciones podr\u00e1s estar totalmente seguro de realizar un trabajo efectivo y sin repercusiones,\u00a0<\/span><span>bajo la vista de profesionales<\/span><span>\u00a0que sacar\u00e1n el m\u00e1ximo partido a tus\u00a0<strong>clases de Body Pump en Logro\u00f1o.<\/strong><\/span><\/p>\n<p><span>Nuestra minuciosa organizaci\u00f3n y la constante revisi\u00f3n de tu caso, posibilitar\u00e1n que obtengas\u00a0<\/span>resultados r\u00e1pidos<span>\u00a0y de acuerdo a tus proyecciones. Por supuesto, tu esp\u00edritu de auto superaci\u00f3n ser\u00e1 lo \u00fanico por lo que debas preocuparte en nuestro\u00a0<strong>centro de Body Pump en Logro\u00f1o<\/strong>.<\/span><\/p>\n<p><span>El resto d\u00e9jalo todo en nuestras manos y prep\u00e1rate para dar lo mejor de ti en cada una de las sesiones. Ten por seguro que las clases de Body Pump en Logro\u00f1o ser\u00e1n constantemente\u00a0<\/span>registradas y valoradas<span>\u00a0por entrenadores expertos, brind\u00e1ndote toda la informaci\u00f3n, comodidad y confianza que necesitas para progresar.<\/span><\/p>\n<p>[\/et_pb_text][\/et_pb_column][\/et_pb_row][et_pb_row column_structure=\u00bb1_3,2_3&#8243; custom_padding_last_edited=\u00bbon|phone\u00bb _builder_version=\u00bb4.16&#8243; _module_preset=\u00bbdefault\u00bb custom_margin=\u00bb||0px||false|false\u00bb custom_padding=\u00bb||||false|false\u00bb custom_padding_tablet=\u00bb\u00bb custom_padding_phone=\u00bb0px||0px||false|false\u00bb global_colors_info=\u00bb{}\u00bb][et_pb_column type=\u00bb1_3&#8243; _builder_version=\u00bb4.16&#8243; _module_preset=\u00bbdefault\u00bb global_colors_info=\u00bb{}\u00bb][et_pb_text _builder_version=\u00bb4.16&#8243; text_font=\u00bb||||||||\u00bb header_font=\u00bb||||||||\u00bb header_text_align=\u00bbcenter\u00bb header_2_font=\u00bb|300||on|||||\u00bb header_2_text_align=\u00bbright\u00bb header_2_font_size=\u00bb29px\u00bb custom_margin=\u00bb||0px||false|false\u00bb custom_padding=\u00bb|15%|0px||false|false\u00bb header_2_text_align_tablet=\u00bb\u00bb header_2_text_align_phone=\u00bbleft\u00bb header_2_text_align_last_edited=\u00bbon|phone\u00bb header_2_font_size_tablet=\u00bb51px\u00bb header_2_font_size_phone=\u00bb25px\u00bb header_2_font_size_last_edited=\u00bbon|phone\u00bb border_width_right=\u00bb2px\u00bb border_color_right=\u00bb#cccccc\u00bb border_width_right_tablet=\u00bb\u00bb border_width_right_phone=\u00bb0px\u00bb border_width_right_last_edited=\u00bbon|phone\u00bb locked=\u00bboff\u00bb global_colors_info=\u00bb{}\u00bb]<\/p>\n<h2>Beneficios del Body Pump en Logro\u00f1o<\/h2>\n<p>[\/et_pb_text][\/et_pb_column][et_pb_column type=\u00bb2_3&#8243; _builder_version=\u00bb4.16&#8243; _module_preset=\u00bbdefault\u00bb global_colors_info=\u00bb{}\u00bb][et_pb_text _builder_version=\u00bb4.16&#8243; text_font=\u00bb|300|||||||\u00bb text_text_color=\u00bb#cccccc\u00bb text_line_height=\u00bb1.1em\u00bb header_font=\u00bb|300|||||||\u00bb header_2_font=\u00bb|300||on|||||\u00bb header_2_text_color=\u00bb#cccccc\u00bb header_2_font_size=\u00bb36px\u00bb header_2_letter_spacing=\u00bb2px\u00bb background_layout=\u00bbdark\u00bb global_colors_info=\u00bb{}\u00bb]Nuestro centro de Body Pump en Logro\u00f1o te traer\u00e1 enormes beneficios.<\/p><\/div>\n<p>En primer lugar, notar\u00e1s un importante<span>\u00a0<\/span><b>aumento de la fuerza, resistencia y flexibilidad<\/b><span>\u00a0<\/span>en todo tu cuerpo. Mejorar\u00e1s tu potencia f\u00edsica y reducir\u00e1s enormemente tu \u00edndice de grasa corporal.<\/p>\n<p>Por lo dem\u00e1s, resultar\u00e1 un excelente aliado para el funcionamiento de tu<span>\u00a0<\/span><b>sistema cardiovascular<\/b>. Como si fuera poco, ayudar\u00e1 a que te sientas alegre y plenamente energizado, entreg\u00e1ndote seguridad y confianza en ti mismo.<\/p>\n<p>Finalmente, podr\u00e1s notar con gran satisfacci\u00f3n que tu cuerpo se<span>\u00a0<\/span><b>tonifica y estiliza<\/b>, generando esa figura que siempre deseaste tener.[\/et_pb_text][\/et_pb_column][\/et_pb_row][\/et_pb_section][et_pb_section fb_built=\u00bb1&#8243; custom_padding_last_edited=\u00bbon|phone\u00bb _builder_version=\u00bb4.27.4&#8243; _module_preset=\u00bbdefault\u00bb background_color=\u00bb#000000&#8243; custom_padding=\u00bb0px||50px||false|false\u00bb custom_padding_tablet=\u00bb\u00bb custom_padding_phone=\u00bb||30px||false|false\u00bb hover_enabled=\u00bb0&#8243; global_colors_info=\u00bb{}\u00bb sticky_enabled=\u00bb0&#8243;][et_pb_row column_structure=\u00bb1_3,2_3&#8243; custom_padding_last_edited=\u00bbon|phone\u00bb _builder_version=\u00bb4.16&#8243; _module_preset=\u00bbdefault\u00bb custom_padding_tablet=\u00bb\u00bb custom_padding_phone=\u00bb0px||0px||false|false\u00bb global_colors_info=\u00bb{}\u00bb][et_pb_column type=\u00bb1_3&#8243; _builder_version=\u00bb4.16&#8243; _module_preset=\u00bbdefault\u00bb global_colors_info=\u00bb{}\u00bb][et_pb_text _builder_version=\u00bb4.16&#8243; text_font=\u00bb||||||||\u00bb header_font=\u00bb||||||||\u00bb header_text_align=\u00bbcenter\u00bb header_2_font=\u00bb|300||on|||||\u00bb header_2_text_align=\u00bbright\u00bb header_2_font_size=\u00bb29px\u00bb custom_margin=\u00bb||0px||false|false\u00bb custom_padding=\u00bb|15%|0px||false|false\u00bb header_2_text_align_tablet=\u00bb\u00bb header_2_text_align_phone=\u00bbleft\u00bb header_2_text_align_last_edited=\u00bbon|phone\u00bb header_2_font_size_tablet=\u00bb51px\u00bb header_2_font_size_phone=\u00bb25px\u00bb header_2_font_size_last_edited=\u00bbon|phone\u00bb border_width_right=\u00bb2px\u00bb border_color_right=\u00bb#cccccc\u00bb border_width_right_tablet=\u00bb\u00bb border_width_right_phone=\u00bb0px\u00bb border_width_right_last_edited=\u00bbon|phone\u00bb locked=\u00bboff\u00bb global_colors_info=\u00bb{}\u00bb]<\/p>\n<h2>Por qu\u00e9 Body Pump en Sparta Sport Center Logro\u00f1o<\/h2>\n<p>[\/et_pb_text][\/et_pb_column][et_pb_column type=\u00bb2_3&#8243; _builder_version=\u00bb4.16&#8243; _module_preset=\u00bbdefault\u00bb global_colors_info=\u00bb{}\u00bb][et_pb_text _builder_version=\u00bb4.16&#8243; text_font=\u00bb|300|||||||\u00bb text_text_color=\u00bb#cccccc\u00bb text_line_height=\u00bb1.1em\u00bb header_font=\u00bb|300|||||||\u00bb header_2_font=\u00bb|300||on|||||\u00bb header_2_text_color=\u00bb#cccccc\u00bb header_2_font_size=\u00bb36px\u00bb header_2_letter_spacing=\u00bb2px\u00bb background_layout=\u00bbdark\u00bb global_colors_info=\u00bb{}\u00bb]Porque en Sparta tenemos todo lo necesario para brindarte<span>\u00a0<\/span><strong>las mejores clases de Body Pump en Logro\u00f1o.<\/strong><\/p>\n<p>No estamos empezando, sino que tenemos a\u00f1os de experiencia realizando un trabajo de primer nivel.<\/p>\n<p>Es por esto que contamos con variadas herramientas y las m\u00e1s modernas maquinarias, para que puedas sacar el m\u00e1ximo rendimiento a tus capacidades. Asimismo, tenemos a tu disposici\u00f3n una serie de recursos virtuales y presenciales para que te mantengas siempre informado sobre tu progreso.<\/p>\n<p>No esperes m\u00e1s y ven a probar una<span>\u00a0<\/span><strong>clase gratis de Body Pump en Sparta Sport Center Logro\u00f1o.<\/strong>[\/et_pb_text][\/et_pb_column][\/et_pb_row][\/et_pb_section]<\/p>\n","protected":false},"excerpt":{"rendered":"<p>clases de Body Pump en Logro\u00f1oEl Body Pump es\u00a0un entrenamiento excepcional\u00a0para tu cuerpo si lo practicas de manera adecuada. En nuestras instalaciones podr\u00e1s estar totalmente seguro de realizar un trabajo efectivo y sin repercusiones,\u00a0bajo la vista de profesionales\u00a0que sacar\u00e1n el m\u00e1ximo partido a tus\u00a0clases de Body Pump en Logro\u00f1o. Nuestra minuciosa organizaci\u00f3n y la constante [&hellip;]<\/p>\n","protected":false},"author":1,"featured_media":220689,"parent":0,"menu_order":0,"comment_status":"closed","ping_status":"closed","template":"","meta":{"_et_pb_use_builder":"on","_et_pb_old_content":"","_et_gb_content_width":"","footnotes":""},"class_list":["post-206555","page","type-page","status-publish","has-post-thumbnail","hentry"],"yoast_head":"<!-- This site is optimized with the Yoast SEO plugin v27.4 - https:\/\/yoast.com\/product\/yoast-seo-wordpress\/ -->\n<title>Body Pump Logro\u00f1o - 1 D\u00cdA GRATIS | Sparta Sport Center<\/title>\n<meta name=\"description\" content=\"Empieza a tonificar tu cuerpo con nuestras CLASES DE BODY PUMP DIRIGIDAS en Logro\u00f1o. Gana fuerza y reduce tu \u00edndice de grasa corporal.\" \/>\n<meta name=\"robots\" content=\"index, follow, max-snippet:-1, max-image-preview:large, max-video-preview:-1\" \/>\n<link rel=\"canonical\" href=\"https:\/\/spartasportcenter.com\/logrono\/body-pump-logrono\/\" \/>\n<meta property=\"og:locale\" content=\"es_ES\" \/>\n<meta property=\"og:type\" content=\"article\" \/>\n<meta property=\"og:title\" content=\"Body Pump Logro\u00f1o - 1 D\u00cdA GRATIS | Sparta Sport Center\" \/>\n<meta property=\"og:description\" content=\"Empieza a tonificar tu cuerpo con nuestras CLASES DE BODY PUMP DIRIGIDAS en Logro\u00f1o. Gana fuerza y reduce tu \u00edndice de grasa corporal.\" \/>\n<meta property=\"og:url\" content=\"https:\/\/spartasportcenter.com\/logrono\/body-pump-logrono\/\" \/>\n<meta property=\"og:site_name\" content=\"Sparta Sport Center Logro\u00f1o\" \/>\n<meta property=\"article:modified_time\" content=\"2025-12-18T15:09:13+00:00\" \/>\n<meta property=\"og:image\" content=\"https:\/\/spartasportcenter.com\/logrono\/wp-content\/uploads\/2025\/06\/body-pump-en-logrono-peq.webp\" \/>\n\t<meta property=\"og:image:width\" content=\"2000\" \/>\n\t<meta property=\"og:image:height\" content=\"1333\" \/>\n\t<meta property=\"og:image:type\" content=\"image\/webp\" \/>\n<meta name=\"twitter:card\" content=\"summary_large_image\" \/>\n<meta name=\"twitter:label1\" content=\"Tiempo de lectura\" \/>\n\t<meta name=\"twitter:data1\" content=\"2 minutos\" \/>\n<script type=\"application\/ld+json\" class=\"yoast-schema-graph\">{\"@context\":\"https:\\\/\\\/schema.org\",\"@graph\":[{\"@type\":\"WebPage\",\"@id\":\"https:\\\/\\\/spartasportcenter.com\\\/logrono\\\/body-pump-logrono\\\/\",\"url\":\"https:\\\/\\\/spartasportcenter.com\\\/logrono\\\/body-pump-logrono\\\/\",\"name\":\"Body Pump Logro\u00f1o - 1 D\u00cdA GRATIS | Sparta Sport Center\",\"isPartOf\":{\"@id\":\"https:\\\/\\\/spartasportcenter.com\\\/logrono\\\/#website\"},\"primaryImageOfPage\":{\"@id\":\"https:\\\/\\\/spartasportcenter.com\\\/logrono\\\/body-pump-logrono\\\/#primaryimage\"},\"image\":{\"@id\":\"https:\\\/\\\/spartasportcenter.com\\\/logrono\\\/body-pump-logrono\\\/#primaryimage\"},\"thumbnailUrl\":\"https:\\\/\\\/spartasportcenter.com\\\/logrono\\\/wp-content\\\/uploads\\\/2025\\\/06\\\/body-pump-en-logrono-peq.webp\",\"datePublished\":\"2018-08-20T15:49:40+00:00\",\"dateModified\":\"2025-12-18T15:09:13+00:00\",\"description\":\"Empieza a tonificar tu cuerpo con nuestras CLASES DE BODY PUMP DIRIGIDAS en Logro\u00f1o. Gana fuerza y reduce tu \u00edndice de grasa corporal.\",\"breadcrumb\":{\"@id\":\"https:\\\/\\\/spartasportcenter.com\\\/logrono\\\/body-pump-logrono\\\/#breadcrumb\"},\"inLanguage\":\"es\",\"potentialAction\":[{\"@type\":\"ReadAction\",\"target\":[\"https:\\\/\\\/spartasportcenter.com\\\/logrono\\\/body-pump-logrono\\\/\"]}]},{\"@type\":\"ImageObject\",\"inLanguage\":\"es\",\"@id\":\"https:\\\/\\\/spartasportcenter.com\\\/logrono\\\/body-pump-logrono\\\/#primaryimage\",\"url\":\"https:\\\/\\\/spartasportcenter.com\\\/logrono\\\/wp-content\\\/uploads\\\/2025\\\/06\\\/body-pump-en-logrono-peq.webp\",\"contentUrl\":\"https:\\\/\\\/spartasportcenter.com\\\/logrono\\\/wp-content\\\/uploads\\\/2025\\\/06\\\/body-pump-en-logrono-peq.webp\",\"width\":2000,\"height\":1333,\"caption\":\"body pump en logrono peq\"},{\"@type\":\"BreadcrumbList\",\"@id\":\"https:\\\/\\\/spartasportcenter.com\\\/logrono\\\/body-pump-logrono\\\/#breadcrumb\",\"itemListElement\":[{\"@type\":\"ListItem\",\"position\":1,\"name\":\"Portada\",\"item\":\"https:\\\/\\\/spartasportcenter.com\\\/logrono\\\/\"},{\"@type\":\"ListItem\",\"position\":2,\"name\":\"Body Pump Logro\u00f1o\"}]},{\"@type\":\"WebSite\",\"@id\":\"https:\\\/\\\/spartasportcenter.com\\\/logrono\\\/#website\",\"url\":\"https:\\\/\\\/spartasportcenter.com\\\/logrono\\\/\",\"name\":\"Sparta Sport Center Logro\u00f1o\",\"description\":\"Gimnasios en Logro\u00f1o\",\"potentialAction\":[{\"@type\":\"SearchAction\",\"target\":{\"@type\":\"EntryPoint\",\"urlTemplate\":\"https:\\\/\\\/spartasportcenter.com\\\/logrono\\\/?s={search_term_string}\"},\"query-input\":{\"@type\":\"PropertyValueSpecification\",\"valueRequired\":true,\"valueName\":\"search_term_string\"}}],\"inLanguage\":\"es\"}]}<\/script>\n<!-- \/ Yoast SEO plugin. -->","yoast_head_json":{"title":"Body Pump Logro\u00f1o - 1 D\u00cdA GRATIS | Sparta Sport Center","description":"Empieza a tonificar tu cuerpo con nuestras CLASES DE BODY PUMP DIRIGIDAS en Logro\u00f1o. Gana fuerza y reduce tu \u00edndice de grasa corporal.","robots":{"index":"index","follow":"follow","max-snippet":"max-snippet:-1","max-image-preview":"max-image-preview:large","max-video-preview":"max-video-preview:-1"},"canonical":"https:\/\/spartasportcenter.com\/logrono\/body-pump-logrono\/","og_locale":"es_ES","og_type":"article","og_title":"Body Pump Logro\u00f1o - 1 D\u00cdA GRATIS | Sparta Sport Center","og_description":"Empieza a tonificar tu cuerpo con nuestras CLASES DE BODY PUMP DIRIGIDAS en Logro\u00f1o. Gana fuerza y reduce tu \u00edndice de grasa corporal.","og_url":"https:\/\/spartasportcenter.com\/logrono\/body-pump-logrono\/","og_site_name":"Sparta Sport Center Logro\u00f1o","article_modified_time":"2025-12-18T15:09:13+00:00","og_image":[{"width":2000,"height":1333,"url":"https:\/\/spartasportcenter.com\/logrono\/wp-content\/uploads\/2025\/06\/body-pump-en-logrono-peq.webp","type":"image\/webp"}],"twitter_card":"summary_large_image","twitter_misc":{"Tiempo de lectura":"2 minutos"},"schema":{"@context":"https:\/\/schema.org","@graph":[{"@type":"WebPage","@id":"https:\/\/spartasportcenter.com\/logrono\/body-pump-logrono\/","url":"https:\/\/spartasportcenter.com\/logrono\/body-pump-logrono\/","name":"Body Pump Logro\u00f1o - 1 D\u00cdA GRATIS | Sparta Sport Center","isPartOf":{"@id":"https:\/\/spartasportcenter.com\/logrono\/#website"},"primaryImageOfPage":{"@id":"https:\/\/spartasportcenter.com\/logrono\/body-pump-logrono\/#primaryimage"},"image":{"@id":"https:\/\/spartasportcenter.com\/logrono\/body-pump-logrono\/#primaryimage"},"thumbnailUrl":"https:\/\/spartasportcenter.com\/logrono\/wp-content\/uploads\/2025\/06\/body-pump-en-logrono-peq.webp","datePublished":"2018-08-20T15:49:40+00:00","dateModified":"2025-12-18T15:09:13+00:00","description":"Empieza a tonificar tu cuerpo con nuestras CLASES DE BODY PUMP DIRIGIDAS en Logro\u00f1o. Gana fuerza y reduce tu \u00edndice de grasa corporal.","breadcrumb":{"@id":"https:\/\/spartasportcenter.com\/logrono\/body-pump-logrono\/#breadcrumb"},"inLanguage":"es","potentialAction":[{"@type":"ReadAction","target":["https:\/\/spartasportcenter.com\/logrono\/body-pump-logrono\/"]}]},{"@type":"ImageObject","inLanguage":"es","@id":"https:\/\/spartasportcenter.com\/logrono\/body-pump-logrono\/#primaryimage","url":"https:\/\/spartasportcenter.com\/logrono\/wp-content\/uploads\/2025\/06\/body-pump-en-logrono-peq.webp","contentUrl":"https:\/\/spartasportcenter.com\/logrono\/wp-content\/uploads\/2025\/06\/body-pump-en-logrono-peq.webp","width":2000,"height":1333,"caption":"body pump en logrono peq"},{"@type":"BreadcrumbList","@id":"https:\/\/spartasportcenter.com\/logrono\/body-pump-logrono\/#breadcrumb","itemListElement":[{"@type":"ListItem","position":1,"name":"Portada","item":"https:\/\/spartasportcenter.com\/logrono\/"},{"@type":"ListItem","position":2,"name":"Body Pump Logro\u00f1o"}]},{"@type":"WebSite","@id":"https:\/\/spartasportcenter.com\/logrono\/#website","url":"https:\/\/spartasportcenter.com\/logrono\/","name":"Sparta Sport Center Logro\u00f1o","description":"Gimnasios en Logro\u00f1o","potentialAction":[{"@type":"SearchAction","target":{"@type":"EntryPoint","urlTemplate":"https:\/\/spartasportcenter.com\/logrono\/?s={search_term_string}"},"query-input":{"@type":"PropertyValueSpecification","valueRequired":true,"valueName":"search_term_string"}}],"inLanguage":"es"}]}},"_links":{"self":[{"href":"https:\/\/spartasportcenter.com\/logrono\/wp-json\/wp\/v2\/pages\/206555","targetHints":{"allow":["GET"]}}],"collection":[{"href":"https:\/\/spartasportcenter.com\/logrono\/wp-json\/wp\/v2\/pages"}],"about":[{"href":"https:\/\/spartasportcenter.com\/logrono\/wp-json\/wp\/v2\/types\/page"}],"author":[{"embeddable":true,"href":"https:\/\/spartasportcenter.com\/logrono\/wp-json\/wp\/v2\/users\/1"}],"replies":[{"embeddable":true,"href":"https:\/\/spartasportcenter.com\/logrono\/wp-json\/wp\/v2\/comments?post=206555"}],"version-history":[{"count":2,"href":"https:\/\/spartasportcenter.com\/logrono\/wp-json\/wp\/v2\/pages\/206555\/revisions"}],"predecessor-version":[{"id":221130,"href":"https:\/\/spartasportcenter.com\/logrono\/wp-json\/wp\/v2\/pages\/206555\/revisions\/221130"}],"wp:featuredmedia":[{"embeddable":true,"href":"https:\/\/spartasportcenter.com\/logrono\/wp-json\/wp\/v2\/media\/220689"}],"wp:attachment":[{"href":"https:\/\/spartasportcenter.com\/logrono\/wp-json\/wp\/v2\/media?parent=206555"}],"curies":[{"name":"wp","href":"https:\/\/api.w.org\/{rel}","templated":true}]}}