{"id":209159,"date":"2018-12-04T15:58:36","date_gmt":"2018-12-04T14:58:36","guid":{"rendered":"https:\/\/spartasportcenter.com\/pamplona\/?page_id=209159"},"modified":"2025-06-25T14:04:52","modified_gmt":"2025-06-25T12:04:52","slug":"mapa-web-gimnasios-lleida","status":"publish","type":"page","link":"https:\/\/spartasportcenter.com\/lleida\/mapa-web-gimnasios-lleida\/","title":{"rendered":"Mapa Web de Sparta Sport Center Lleida"},"content":{"rendered":"<p><a href=\"https:\/\/spartasportcenter.com\/lleida\/\">Gimnasio Lleida Sparta Sport Center<\/a><\/p>\n<p><a href=\"https:\/\/spartasportcenter.com\/lleida\/yoga-lleida\/\">Yoga Lleida<\/a><\/p>\n<p><a href=\"https:\/\/spartasportcenter.com\/lleida\/nutricionista-lleida\/\">Nutricionista Lleida<\/a><\/p>\n<p><a href=\"https:\/\/spartasportcenter.com\/lleida\/core-lleida\/\">Core Lleida<\/a><\/p>\n<p><a href=\"https:\/\/spartasportcenter.com\/lleida\/pilates-lleida\/\">Pilates Lleida<\/a><\/p>\n<p><a href=\"https:\/\/spartasportcenter.com\/lleida\/entrenador-personal-lleida\/\">Entrenador Personal Lleida<\/a><\/p>\n<p><a href=\"https:\/\/spartasportcenter.com\/lleida\/spinning-lleida\/\">Spinning Lleida<\/a><\/p>\n<p><a href=\"https:\/\/spartasportcenter.com\/lleida\/zumba-lleida\/\">Zumba Lleida<\/a><\/p>\n<p><a href=\"https:\/\/spartasportcenter.com\/lleida\/gap-lleida\/\">Gap Lleida<\/a><\/p>\n<p><a href=\"https:\/\/spartasportcenter.com\/lleida\/entrenamiento-funcional-lleida\/\">Entrenamiento Funcional Lleida<\/a><\/p>\n<p><a href=\"https:\/\/spartasportcenter.com\/lleida\/body-pump-lleida\/\">Body Pump Lleida<\/a><\/p>\n<p><a href=\"https:\/\/spartasportcenter.com\/lleida\/cross-training-lleida\/\">Cross Training Lleida<\/a><\/p>\n<p><a href=\"https:\/\/spartasportcenter.com\/lleida\/horarios\/\">Horario de actividades<\/a><\/p>\n<p><a href=\"https:\/\/spartasportcenter.com\/lleida\/instalaciones\/\">Instalaciones<\/a><\/p>\n<p><a href=\"https:\/\/spartasportcenter.com\/lleida\/actividades\/\">Actividades<\/a><\/p>\n<p><a href=\"https:\/\/spartasportcenter.com\/lleida\/servicios\/\">Servicios<\/a><\/p>\n<p><a href=\"https:\/\/spartasportcenter.com\/lleida\/prueba-un-dia-gratis\/\">Prueba un d\u00eda gratis<\/a><\/p>\n<p><a href=\"https:\/\/spartasportcenter.com\/lleida\/contacto\/\">Contacto<\/a><\/p>\n","protected":false},"excerpt":{"rendered":"<p>   &#8211;<\/p>\n","protected":false},"author":1,"featured_media":223623,"parent":0,"menu_order":0,"comment_status":"closed","ping_status":"closed","template":"","meta":{"_et_pb_use_builder":"off","_et_pb_old_content":"<a href=\"https:\/\/spartasportcenter.com\/lleida\/\">Gimnasio Lleida Sparta Sport Center<\/a>\n\n<a href=\"https:\/\/spartasportcenter.com\/lleida\/yoga-lleida\/\">Yoga Lleida<\/a>\n\n<a href=\"https:\/\/spartasportcenter.com\/lleida\/nutricionista-lleida\/\">Nutricionista Lleida<\/a>\n\n<a href=\"https:\/\/spartasportcenter.com\/lleida\/core-lleida\/\">Core Lleida<\/a>\n\n<a href=\"https:\/\/spartasportcenter.com\/lleida\/pilates-lleida\/\">Pilates Lleida<\/a>\n\n<a href=\"https:\/\/spartasportcenter.com\/lleida\/entrenador-personal-lleida\/\">Entrenador Personal Lleida<\/a>\n\n<a href=\"https:\/\/spartasportcenter.com\/lleida\/spinning-lleida\/\">Spinning Lleida<\/a>\n\n<a href=\"https:\/\/spartasportcenter.com\/lleida\/zumba-lleida\/\">Zumba Lleida<\/a>\n\n<a href=\"https:\/\/spartasportcenter.com\/lleida\/gap-lleida\/\">Gap Lleida<\/a>\n\n<a href=\"https:\/\/spartasportcenter.com\/lleida\/combat-lleida\/\">Body combat Lleida<\/a>\n\n<a href=\"https:\/\/spartasportcenter.com\/lleida\/entrenamiento-funcional-lleida\/\">Entrenamiento Funcional Lleida<\/a>\n\n<a href=\"https:\/\/spartasportcenter.com\/lleida\/body-pump-lleida\/\">Body Pump Lleida<\/a>\n\n<a href=\"https:\/\/spartasportcenter.com\/lleida\/body-balance-lleida\/\">Body balance Lleida<\/a>\n\n<a href=\"https:\/\/spartasportcenter.com\/lleida\/attack-lleida\/\">Body attack Lleida<\/a>\n\n<a href=\"https:\/\/spartasportcenter.com\/lleida\/cross-training-lleida\/\">Cross Training Lleida<\/a>\n\n<a href=\"https:\/\/spartasportcenter.com\/lleida\/strong-lleida\/\">Strong Lleida<\/a>\n\n<a href=\"https:\/\/spartasportcenter.com\/lleida\/horarios\/\">Horario de actividades<\/a>\n\n<a href=\"https:\/\/spartasportcenter.com\/lleida\/instalaciones\/\">Instalaciones<\/a>\n\n<a href=\"https:\/\/spartasportcenter.com\/lleida\/tarifas\/\">Tarifas<\/a>\n\n<a href=\"https:\/\/spartasportcenter.com\/lleida\/actividades\/\">Actividades<\/a>\n\n<a href=\"https:\/\/spartasportcenter.com\/lleida\/servicios\/\">Servicios<\/a>\n\n<a href=\"https:\/\/spartasportcenter.com\/lleida\/prueba-un-dia-gratis\/\">Prueba un d\u00eda gratis<\/a>\n\n<a href=\"https:\/\/spartasportcenter.com\/lleida\/contacto\/\">Contacto<\/a>","_et_gb_content_width":"","footnotes":""},"class_list":["post-209159","page","type-page","status-publish","has-post-thumbnail","hentry"],"yoast_head":"<!-- This site is optimized with the Yoast SEO plugin v26.6 - https:\/\/yoast.com\/wordpress\/plugins\/seo\/ -->\n<title>Mapa Web - Sparta Sport Center Lleida<\/title>\n<meta name=\"description\" content=\"Consulta el Mapa Web de Sparta Sport Center Lleida para conocer las p\u00e1ginas m\u00e1s importantes de nuestra p\u00e1gina web. \u00a1Te las mostramos!\" \/>\n<meta name=\"robots\" content=\"index, follow, max-snippet:-1, max-image-preview:large, max-video-preview:-1\" \/>\n<link rel=\"canonical\" href=\"https:\/\/spartasportcenter.com\/lleida\/mapa-web-gimnasios-lleida\/\" \/>\n<meta property=\"og:locale\" content=\"es_ES\" \/>\n<meta property=\"og:type\" content=\"article\" \/>\n<meta property=\"og:title\" content=\"Mapa Web - Sparta Sport Center Lleida\" \/>\n<meta property=\"og:description\" content=\"Consulta el Mapa Web de Sparta Sport Center Lleida para conocer las p\u00e1ginas m\u00e1s importantes de nuestra p\u00e1gina web. \u00a1Te las mostramos!\" \/>\n<meta property=\"og:url\" content=\"https:\/\/spartasportcenter.com\/lleida\/mapa-web-gimnasios-lleida\/\" \/>\n<meta property=\"og:site_name\" content=\"Sparta Sport Center Lleida\" \/>\n<meta property=\"article:modified_time\" content=\"2025-06-25T12:04:52+00:00\" \/>\n<meta property=\"og:image\" content=\"https:\/\/spartasportcenter.com\/lleida\/wp-content\/uploads\/2025\/06\/material-deportivo-de-colores.jpg\" \/>\n\t<meta property=\"og:image:width\" content=\"2000\" \/>\n\t<meta property=\"og:image:height\" content=\"1333\" \/>\n\t<meta property=\"og:image:type\" content=\"image\/jpeg\" \/>\n<meta name=\"twitter:card\" content=\"summary_large_image\" \/>\n<meta name=\"twitter:label1\" content=\"Tiempo de lectura\" \/>\n\t<meta name=\"twitter:data1\" content=\"1 minuto\" \/>\n<script type=\"application\/ld+json\" class=\"yoast-schema-graph\">{\"@context\":\"https:\/\/schema.org\",\"@graph\":[{\"@type\":\"WebPage\",\"@id\":\"https:\/\/spartasportcenter.com\/lleida\/mapa-web-gimnasios-lleida\/\",\"url\":\"https:\/\/spartasportcenter.com\/lleida\/mapa-web-gimnasios-lleida\/\",\"name\":\"Mapa Web - Sparta Sport Center Lleida\",\"isPartOf\":{\"@id\":\"https:\/\/spartasportcenter.com\/lleida\/#website\"},\"primaryImageOfPage\":{\"@id\":\"https:\/\/spartasportcenter.com\/lleida\/mapa-web-gimnasios-lleida\/#primaryimage\"},\"image\":{\"@id\":\"https:\/\/spartasportcenter.com\/lleida\/mapa-web-gimnasios-lleida\/#primaryimage\"},\"thumbnailUrl\":\"https:\/\/spartasportcenter.com\/lleida\/wp-content\/uploads\/2025\/06\/material-deportivo-de-colores.jpg\",\"datePublished\":\"2018-12-04T14:58:36+00:00\",\"dateModified\":\"2025-06-25T12:04:52+00:00\",\"description\":\"Consulta el Mapa Web de Sparta Sport Center Lleida para conocer las p\u00e1ginas m\u00e1s importantes de nuestra p\u00e1gina web. \u00a1Te las mostramos!\",\"breadcrumb\":{\"@id\":\"https:\/\/spartasportcenter.com\/lleida\/mapa-web-gimnasios-lleida\/#breadcrumb\"},\"inLanguage\":\"es\",\"potentialAction\":[{\"@type\":\"ReadAction\",\"target\":[\"https:\/\/spartasportcenter.com\/lleida\/mapa-web-gimnasios-lleida\/\"]}]},{\"@type\":\"ImageObject\",\"inLanguage\":\"es\",\"@id\":\"https:\/\/spartasportcenter.com\/lleida\/mapa-web-gimnasios-lleida\/#primaryimage\",\"url\":\"https:\/\/spartasportcenter.com\/lleida\/wp-content\/uploads\/2025\/06\/material-deportivo-de-colores.jpg\",\"contentUrl\":\"https:\/\/spartasportcenter.com\/lleida\/wp-content\/uploads\/2025\/06\/material-deportivo-de-colores.jpg\",\"width\":2000,\"height\":1333,\"caption\":\"material deportivo de colores\"},{\"@type\":\"BreadcrumbList\",\"@id\":\"https:\/\/spartasportcenter.com\/lleida\/mapa-web-gimnasios-lleida\/#breadcrumb\",\"itemListElement\":[{\"@type\":\"ListItem\",\"position\":1,\"name\":\"Portada\",\"item\":\"https:\/\/spartasportcenter.com\/lleida\/\"},{\"@type\":\"ListItem\",\"position\":2,\"name\":\"Mapa Web de Sparta Sport Center Lleida\"}]},{\"@type\":\"WebSite\",\"@id\":\"https:\/\/spartasportcenter.com\/lleida\/#website\",\"url\":\"https:\/\/spartasportcenter.com\/lleida\/\",\"name\":\"Sparta Sport Center Lleida\",\"description\":\"Gimnasios en Cuenca\",\"potentialAction\":[{\"@type\":\"SearchAction\",\"target\":{\"@type\":\"EntryPoint\",\"urlTemplate\":\"https:\/\/spartasportcenter.com\/lleida\/?s={search_term_string}\"},\"query-input\":{\"@type\":\"PropertyValueSpecification\",\"valueRequired\":true,\"valueName\":\"search_term_string\"}}],\"inLanguage\":\"es\"}]}<\/script>\n<!-- \/ Yoast SEO plugin. -->","yoast_head_json":{"title":"Mapa Web - Sparta Sport Center Lleida","description":"Consulta el Mapa Web de Sparta Sport Center Lleida para conocer las p\u00e1ginas m\u00e1s importantes de nuestra p\u00e1gina web. \u00a1Te las mostramos!","robots":{"index":"index","follow":"follow","max-snippet":"max-snippet:-1","max-image-preview":"max-image-preview:large","max-video-preview":"max-video-preview:-1"},"canonical":"https:\/\/spartasportcenter.com\/lleida\/mapa-web-gimnasios-lleida\/","og_locale":"es_ES","og_type":"article","og_title":"Mapa Web - Sparta Sport Center Lleida","og_description":"Consulta el Mapa Web de Sparta Sport Center Lleida para conocer las p\u00e1ginas m\u00e1s importantes de nuestra p\u00e1gina web. \u00a1Te las mostramos!","og_url":"https:\/\/spartasportcenter.com\/lleida\/mapa-web-gimnasios-lleida\/","og_site_name":"Sparta Sport Center Lleida","article_modified_time":"2025-06-25T12:04:52+00:00","og_image":[{"width":2000,"height":1333,"url":"https:\/\/spartasportcenter.com\/lleida\/wp-content\/uploads\/2025\/06\/material-deportivo-de-colores.jpg","type":"image\/jpeg"}],"twitter_card":"summary_large_image","twitter_misc":{"Tiempo de lectura":"1 minuto"},"schema":{"@context":"https:\/\/schema.org","@graph":[{"@type":"WebPage","@id":"https:\/\/spartasportcenter.com\/lleida\/mapa-web-gimnasios-lleida\/","url":"https:\/\/spartasportcenter.com\/lleida\/mapa-web-gimnasios-lleida\/","name":"Mapa Web - Sparta Sport Center Lleida","isPartOf":{"@id":"https:\/\/spartasportcenter.com\/lleida\/#website"},"primaryImageOfPage":{"@id":"https:\/\/spartasportcenter.com\/lleida\/mapa-web-gimnasios-lleida\/#primaryimage"},"image":{"@id":"https:\/\/spartasportcenter.com\/lleida\/mapa-web-gimnasios-lleida\/#primaryimage"},"thumbnailUrl":"https:\/\/spartasportcenter.com\/lleida\/wp-content\/uploads\/2025\/06\/material-deportivo-de-colores.jpg","datePublished":"2018-12-04T14:58:36+00:00","dateModified":"2025-06-25T12:04:52+00:00","description":"Consulta el Mapa Web de Sparta Sport Center Lleida para conocer las p\u00e1ginas m\u00e1s importantes de nuestra p\u00e1gina web. \u00a1Te las mostramos!","breadcrumb":{"@id":"https:\/\/spartasportcenter.com\/lleida\/mapa-web-gimnasios-lleida\/#breadcrumb"},"inLanguage":"es","potentialAction":[{"@type":"ReadAction","target":["https:\/\/spartasportcenter.com\/lleida\/mapa-web-gimnasios-lleida\/"]}]},{"@type":"ImageObject","inLanguage":"es","@id":"https:\/\/spartasportcenter.com\/lleida\/mapa-web-gimnasios-lleida\/#primaryimage","url":"https:\/\/spartasportcenter.com\/lleida\/wp-content\/uploads\/2025\/06\/material-deportivo-de-colores.jpg","contentUrl":"https:\/\/spartasportcenter.com\/lleida\/wp-content\/uploads\/2025\/06\/material-deportivo-de-colores.jpg","width":2000,"height":1333,"caption":"material deportivo de colores"},{"@type":"BreadcrumbList","@id":"https:\/\/spartasportcenter.com\/lleida\/mapa-web-gimnasios-lleida\/#breadcrumb","itemListElement":[{"@type":"ListItem","position":1,"name":"Portada","item":"https:\/\/spartasportcenter.com\/lleida\/"},{"@type":"ListItem","position":2,"name":"Mapa Web de Sparta Sport Center Lleida"}]},{"@type":"WebSite","@id":"https:\/\/spartasportcenter.com\/lleida\/#website","url":"https:\/\/spartasportcenter.com\/lleida\/","name":"Sparta Sport Center Lleida","description":"Gimnasios en Cuenca","potentialAction":[{"@type":"SearchAction","target":{"@type":"EntryPoint","urlTemplate":"https:\/\/spartasportcenter.com\/lleida\/?s={search_term_string}"},"query-input":{"@type":"PropertyValueSpecification","valueRequired":true,"valueName":"search_term_string"}}],"inLanguage":"es"}]}},"_links":{"self":[{"href":"https:\/\/spartasportcenter.com\/lleida\/wp-json\/wp\/v2\/pages\/209159","targetHints":{"allow":["GET"]}}],"collection":[{"href":"https:\/\/spartasportcenter.com\/lleida\/wp-json\/wp\/v2\/pages"}],"about":[{"href":"https:\/\/spartasportcenter.com\/lleida\/wp-json\/wp\/v2\/types\/page"}],"author":[{"embeddable":true,"href":"https:\/\/spartasportcenter.com\/lleida\/wp-json\/wp\/v2\/users\/1"}],"replies":[{"embeddable":true,"href":"https:\/\/spartasportcenter.com\/lleida\/wp-json\/wp\/v2\/comments?post=209159"}],"version-history":[{"count":27,"href":"https:\/\/spartasportcenter.com\/lleida\/wp-json\/wp\/v2\/pages\/209159\/revisions"}],"predecessor-version":[{"id":223125,"href":"https:\/\/spartasportcenter.com\/lleida\/wp-json\/wp\/v2\/pages\/209159\/revisions\/223125"}],"wp:featuredmedia":[{"embeddable":true,"href":"https:\/\/spartasportcenter.com\/lleida\/wp-json\/wp\/v2\/media\/223623"}],"wp:attachment":[{"href":"https:\/\/spartasportcenter.com\/lleida\/wp-json\/wp\/v2\/media?parent=209159"}],"curies":[{"name":"wp","href":"https:\/\/api.w.org\/{rel}","templated":true}]}}