{"id":206563,"date":"2018-08-20T15:59:41","date_gmt":"2018-08-20T15:59:41","guid":{"rendered":"https:\/\/pamplona.spartasportcenter.com\/?page_id=206563"},"modified":"2024-05-30T10:21:06","modified_gmt":"2024-05-30T08:21:06","slug":"yoga-lleida","status":"publish","type":"page","link":"https:\/\/spartasportcenter.com\/lleida\/yoga-lleida\/","title":{"rendered":"Yoga Lleida"},"content":{"rendered":"<p>[et_pb_section fb_built=\u00bb1&#8243; custom_padding_last_edited=\u00bbon|phone\u00bb disabled_on=\u00bboff|off|off\u00bb _builder_version=\u00bb4.16&#8243; background_color=\u00bb#262626&#8243; background_enable_image=\u00bboff\u00bb custom_margin=\u00bb||||false|false\u00bb custom_padding=\u00bb80px|0px|0px|0px|false|false\u00bb custom_padding_tablet=\u00bb\u00bb custom_padding_phone=\u00bb30px||50px||false|false\u00bb global_colors_info=\u00bb{}\u00bb][et_pb_row column_structure=\u00bb1_3,2_3&#8243; custom_padding_last_edited=\u00bbon|desktop\u00bb _builder_version=\u00bb4.16&#8243; _module_preset=\u00bbdefault\u00bb custom_padding=\u00bb0px||||false|false\u00bb custom_padding_tablet=\u00bb\u00bb custom_padding_phone=\u00bb0px||||false|false\u00bb global_colors_info=\u00bb{}\u00bb][et_pb_column type=\u00bb1_3&#8243; _builder_version=\u00bb4.16&#8243; _module_preset=\u00bbdefault\u00bb global_colors_info=\u00bb{}\u00bb][et_pb_text _builder_version=\u00bb4.21.0&#8243; text_font=\u00bb||||||||\u00bb header_font=\u00bb||||||||\u00bb header_text_align=\u00bbcenter\u00bb header_2_font=\u00bb|300||on|||||\u00bb header_2_text_align=\u00bbright\u00bb header_2_font_size=\u00bb29px\u00bb custom_margin=\u00bb||0px||false|false\u00bb custom_padding=\u00bb|15%|0px||false|false\u00bb header_2_text_align_tablet=\u00bb\u00bb header_2_text_align_phone=\u00bbleft\u00bb header_2_text_align_last_edited=\u00bbon|phone\u00bb header_2_font_size_tablet=\u00bb51px\u00bb header_2_font_size_phone=\u00bb25px\u00bb header_2_font_size_last_edited=\u00bbon|phone\u00bb border_width_right=\u00bb2px\u00bb border_color_right=\u00bb#cccccc\u00bb border_width_right_tablet=\u00bb\u00bb border_width_right_phone=\u00bb0px\u00bb border_width_right_last_edited=\u00bbon|phone\u00bb locked=\u00bboff\u00bb global_colors_info=\u00bb{}\u00bb]<\/p>\n<h2>Clases de yoga en Lleida<\/h2>\n<p>[\/et_pb_text][\/et_pb_column][et_pb_column type=\u00bb2_3&#8243; _builder_version=\u00bb4.16&#8243; _module_preset=\u00bbdefault\u00bb global_colors_info=\u00bb{}\u00bb][et_pb_text _builder_version=\u00bb4.21.0&#8243; text_font=\u00bb|300|||||||\u00bb text_text_color=\u00bb#cccccc\u00bb text_line_height=\u00bb1.1em\u00bb header_font=\u00bb|300|||||||\u00bb header_2_font=\u00bb|300||on|||||\u00bb header_2_text_color=\u00bb#cccccc\u00bb header_2_font_size=\u00bb36px\u00bb header_2_letter_spacing=\u00bb2px\u00bb background_layout=\u00bbdark\u00bb global_colors_info=\u00bb{}\u00bb]<\/p>\n<p><span style=\"font-weight: 400;\">El <\/span><b>yoga en Lleida<\/b><span style=\"font-weight: 400;\"> es una pr\u00e1ctica que va m\u00e1s all\u00e1 del fortalecimiento f\u00edsico, conectando mente, cuerpo y respiraci\u00f3n en perfecta armon\u00eda. En Sparta Sport Center encontrar\u00e1s un espacio donde podr\u00e1s experimentar los beneficios transformadores de estos ejercicios.<\/span><\/p>\n<p><span style=\"font-weight: 400;\">En nuestras clases, los instructores certificados te guiar\u00e1n en el camino hacia el autoconocimiento y la conciencia de tu propio cuerpo. A trav\u00e9s de <\/span><b>la realizaci\u00f3n de asanas<\/b><span style=\"font-weight: 400;\"> y la pr\u00e1ctica de la meditaci\u00f3n, descubrir\u00e1s nuevas capacidades espirituales y encontrar\u00e1s un mayor control sobre tus pensamientos y emociones.<\/span><\/p>\n<p>[\/et_pb_text][et_pb_button button_text=\u00bb+\u00bb button_alignment=\u00bbcenter\u00bb module_class=\u00bbrv_button closed\u00bb _builder_version=\u00bb4.16&#8243; custom_button=\u00bbon\u00bb button_text_size=\u00bb39px\u00bb button_text_color=\u00bb#cccccc\u00bb button_border_width=\u00bb0px\u00bb button_border_radius=\u00bb0px\u00bb button_font=\u00bbOswald|700|||||||\u00bb button_use_icon=\u00bboff\u00bb custom_margin=\u00bb-40px|0px|-10px|0px|false|false\u00bb custom_margin_tablet=\u00bb\u00bb custom_margin_phone=\u00bb\u00bb custom_margin_last_edited=\u00bbon|phone\u00bb custom_padding=\u00bb0px|0px|0px|0px|true|\u00bb button_text_color_hover=\u00bbrgba(224,43,32,0.76)\u00bb button_border_color_hover=\u00bbrgba(0,0,0,0)\u00bb button_border_radius_hover=\u00bb0px\u00bb button_bg_color_hover=\u00bbrgba(0,0,0,0)\u00bb global_colors_info=\u00bb{}\u00bb button_text_size__hover_enabled=\u00bboff\u00bb button_one_text_size__hover_enabled=\u00bboff\u00bb button_two_text_size__hover_enabled=\u00bboff\u00bb button_text_color__hover_enabled=\u00bbon|desktop\u00bb button_text_color__hover=\u00bbrgba(255,255,255,0.5)\u00bb button_one_text_color__hover_enabled=\u00bboff\u00bb button_two_text_color__hover_enabled=\u00bboff\u00bb button_border_width__hover_enabled=\u00bboff\u00bb button_one_border_width__hover_enabled=\u00bboff\u00bb button_two_border_width__hover_enabled=\u00bboff\u00bb button_border_color__hover_enabled=\u00bbon\u00bb button_border_color__hover=\u00bbrgba(0,0,0,0)\u00bb button_one_border_color__hover_enabled=\u00bboff\u00bb button_two_border_color__hover_enabled=\u00bboff\u00bb button_border_radius__hover_enabled=\u00bbon\u00bb button_border_radius__hover=\u00bb0px\u00bb button_one_border_radius__hover_enabled=\u00bboff\u00bb button_two_border_radius__hover_enabled=\u00bboff\u00bb button_letter_spacing__hover_enabled=\u00bboff\u00bb button_one_letter_spacing__hover_enabled=\u00bboff\u00bb button_two_letter_spacing__hover_enabled=\u00bboff\u00bb button_bg_color__hover_enabled=\u00bbon\u00bb button_bg_color__hover=\u00bbrgba(255,255,255,0)\u00bb button_one_bg_color__hover_enabled=\u00bboff\u00bb button_two_bg_color__hover_enabled=\u00bboff\u00bb][\/et_pb_button][et_pb_text module_id=\u00bbreveal\u00bb _builder_version=\u00bb4.21.0&#8243; text_font=\u00bb|300|||||||\u00bb text_text_color=\u00bb#cccccc\u00bb text_line_height=\u00bb1.1em\u00bb header_font=\u00bb|300|||||||\u00bb header_2_font=\u00bb|300||on|||||\u00bb header_2_text_color=\u00bb#cccccc\u00bb header_2_font_size=\u00bb36px\u00bb header_2_letter_spacing=\u00bb2px\u00bb background_layout=\u00bbdark\u00bb global_colors_info=\u00bb{}\u00bb]<\/p>\n<p><span style=\"font-weight: 400;\">Con total seguridad, obtendr\u00e1s las herramientas necesarias para alcanzar tus metas y fortalecer tu autoestima <\/span><b>sin la necesidad de competir con nadie m\u00e1s<\/b><span style=\"font-weight: 400;\">. Nuestros profesores de yoga estar\u00e1n a tu lado para apoyarte mientras te encaminas hacia el logro de tus objetivos.<\/span><\/p>\n<p>[\/et_pb_text][\/et_pb_column][\/et_pb_row][et_pb_row column_structure=\u00bb1_3,2_3&#8243; custom_padding_last_edited=\u00bbon|phone\u00bb _builder_version=\u00bb4.16&#8243; _module_preset=\u00bbdefault\u00bb custom_margin=\u00bb||0px||false|false\u00bb custom_padding=\u00bb||||false|false\u00bb custom_padding_tablet=\u00bb\u00bb custom_padding_phone=\u00bb0px||0px||false|false\u00bb global_colors_info=\u00bb{}\u00bb][et_pb_column type=\u00bb1_3&#8243; _builder_version=\u00bb4.16&#8243; _module_preset=\u00bbdefault\u00bb global_colors_info=\u00bb{}\u00bb][et_pb_text _builder_version=\u00bb4.21.0&#8243; text_font=\u00bb||||||||\u00bb header_font=\u00bb||||||||\u00bb header_text_align=\u00bbcenter\u00bb header_2_font=\u00bb|300||on|||||\u00bb header_2_text_align=\u00bbright\u00bb header_2_font_size=\u00bb29px\u00bb custom_margin=\u00bb||0px||false|false\u00bb custom_padding=\u00bb|15%|0px||false|false\u00bb header_2_text_align_tablet=\u00bb\u00bb header_2_text_align_phone=\u00bbleft\u00bb header_2_text_align_last_edited=\u00bbon|phone\u00bb header_2_font_size_tablet=\u00bb51px\u00bb header_2_font_size_phone=\u00bb25px\u00bb header_2_font_size_last_edited=\u00bbon|phone\u00bb border_width_right=\u00bb2px\u00bb border_color_right=\u00bb#cccccc\u00bb border_width_right_tablet=\u00bb\u00bb border_width_right_phone=\u00bb0px\u00bb border_width_right_last_edited=\u00bbon|phone\u00bb locked=\u00bboff\u00bb global_colors_info=\u00bb{}\u00bb]<\/p>\n<h2>Beneficios del yoga en Lleida<\/h2>\n<p>[\/et_pb_text][\/et_pb_column][et_pb_column type=\u00bb2_3&#8243; _builder_version=\u00bb4.16&#8243; _module_preset=\u00bbdefault\u00bb global_colors_info=\u00bb{}\u00bb][et_pb_text _builder_version=\u00bb4.21.0&#8243; text_font=\u00bb|300|||||||\u00bb text_text_color=\u00bb#cccccc\u00bb text_line_height=\u00bb1.1em\u00bb header_font=\u00bb|300|||||||\u00bb header_2_font=\u00bb|300||on|||||\u00bb header_2_text_color=\u00bb#cccccc\u00bb header_2_font_size=\u00bb36px\u00bb header_2_letter_spacing=\u00bb2px\u00bb background_layout=\u00bbdark\u00bb global_colors_info=\u00bb{}\u00bb]<\/p>\n<ul>\n<li style=\"font-weight: 400;\" aria-level=\"1\"><b>Mejora la flexibilidad:<\/b><span style=\"font-weight: 400;\"> las posturas que se implementan ayudan a estirar y fortalecer los m\u00fasculos, lo que incrementa la flexibilidad y la amplitud de movimiento.<\/span><\/li>\n<li style=\"font-weight: 400;\" aria-level=\"1\"><b>Fortalece el cuerpo:<\/b><span style=\"font-weight: 400;\"> al trabajar con el propio peso corporal, se desarrolla fuerza en diferentes \u00e1reas, como el abdomen, las piernas, los brazos y la espalda.<\/span><\/li>\n<li style=\"font-weight: 400;\" aria-level=\"1\"><b>Mejora la postura:<\/b><span style=\"font-weight: 400;\"> ayuda a corregir problemas de postura, alineando adecuadamente la columna vertebral y evitando tensiones musculares.<\/span><\/li>\n<li style=\"font-weight: 400;\" aria-level=\"1\"><b>Alivia el estr\u00e9s:<\/b><span style=\"font-weight: 400;\"> la combinaci\u00f3n de t\u00e9cnicas de respiraci\u00f3n como la de pranayama y meditaci\u00f3n puede reducir los niveles de cortisol, la hormona del estr\u00e9s, y promover una sensaci\u00f3n de calma y relajaci\u00f3n.<\/span><\/li>\n<li style=\"font-weight: 400;\" aria-level=\"1\"><b>Aumenta la conciencia corporal:<\/b><span style=\"font-weight: 400;\"> fomenta la atenci\u00f3n plena y la conexi\u00f3n con el cuerpo, lo que puede llevar a una mejor comprensi\u00f3n de las necesidades y limitaciones individuales.<\/span><\/li>\n<li style=\"font-weight: 400;\" aria-level=\"1\"><b>Mejora la funci\u00f3n respiratoria:<\/b><span style=\"font-weight: 400;\"> la respiraci\u00f3n consciente puede aumentar la capacidad pulmonar y mejorar la eficiencia respiratoria.<\/span><\/li>\n<li style=\"font-weight: 400;\" aria-level=\"1\"><b>Reduce la ansiedad y la depresi\u00f3n:<\/b><span style=\"font-weight: 400;\"> es beneficioso para reducir los s\u00edntomas de ansiedad y depresi\u00f3n, ya que ayuda a calmar la mente y equilibrar el sistema nervioso.<\/span><\/li>\n<li style=\"font-weight: 400;\" aria-level=\"1\"><b>Aumenta la concentraci\u00f3n y el enfoque:<\/b><span style=\"font-weight: 400;\"> como implica concentrarse en la respiraci\u00f3n y las posturas, puede mejorar la capacidad de concentrarse en otras actividades diarias.<\/span><\/li>\n<li style=\"font-weight: 400;\" aria-level=\"1\"><b>Mejora la calidad del sue\u00f1o:<\/b><span style=\"font-weight: 400;\"> las t\u00e9cnicas de relajaci\u00f3n y meditaci\u00f3n en el yoga pueden ayudar a reducir el insomnio y promover un sue\u00f1o m\u00e1s reparador.<\/span><\/li>\n<\/ul>\n<p>[\/et_pb_text][\/et_pb_column][\/et_pb_row][\/et_pb_section][et_pb_section fb_built=\u00bb1&#8243; custom_padding_last_edited=\u00bbon|phone\u00bb _builder_version=\u00bb4.16&#8243; _module_preset=\u00bbdefault\u00bb background_color=\u00bb#262626&#8243; custom_padding=\u00bb0px||50px||false|false\u00bb custom_padding_tablet=\u00bb\u00bb custom_padding_phone=\u00bb||30px||false|false\u00bb global_colors_info=\u00bb{}\u00bb][et_pb_row column_structure=\u00bb1_3,2_3&#8243; custom_padding_last_edited=\u00bbon|phone\u00bb _builder_version=\u00bb4.16&#8243; _module_preset=\u00bbdefault\u00bb custom_padding_tablet=\u00bb\u00bb custom_padding_phone=\u00bb0px||0px||false|false\u00bb global_colors_info=\u00bb{}\u00bb][et_pb_column type=\u00bb1_3&#8243; _builder_version=\u00bb4.16&#8243; _module_preset=\u00bbdefault\u00bb global_colors_info=\u00bb{}\u00bb][et_pb_text _builder_version=\u00bb4.21.0&#8243; text_font=\u00bb||||||||\u00bb header_font=\u00bb||||||||\u00bb header_text_align=\u00bbcenter\u00bb header_2_font=\u00bb|300||on|||||\u00bb header_2_text_align=\u00bbright\u00bb header_2_font_size=\u00bb29px\u00bb custom_margin=\u00bb||0px||false|false\u00bb custom_padding=\u00bb|15%|0px||false|false\u00bb header_2_text_align_tablet=\u00bb\u00bb header_2_text_align_phone=\u00bbleft\u00bb header_2_text_align_last_edited=\u00bbon|phone\u00bb header_2_font_size_tablet=\u00bb51px\u00bb header_2_font_size_phone=\u00bb25px\u00bb header_2_font_size_last_edited=\u00bbon|phone\u00bb border_width_right=\u00bb2px\u00bb border_color_right=\u00bb#cccccc\u00bb border_width_right_tablet=\u00bb\u00bb border_width_right_phone=\u00bb0px\u00bb border_width_right_last_edited=\u00bbon|phone\u00bb locked=\u00bboff\u00bb global_colors_info=\u00bb{}\u00bb]<\/p>\n<h2>Por qu\u00e9 yoga en Sparta Sport Center Lleida<\/h2>\n<p>[\/et_pb_text][\/et_pb_column][et_pb_column type=\u00bb2_3&#8243; _builder_version=\u00bb4.16&#8243; _module_preset=\u00bbdefault\u00bb global_colors_info=\u00bb{}\u00bb][et_pb_text _builder_version=\u00bb4.21.0&#8243; text_font=\u00bb|300|||||||\u00bb text_text_color=\u00bb#cccccc\u00bb text_line_height=\u00bb1.1em\u00bb header_font=\u00bb|300|||||||\u00bb header_2_font=\u00bb|300||on|||||\u00bb header_2_text_color=\u00bb#cccccc\u00bb header_2_font_size=\u00bb36px\u00bb header_2_letter_spacing=\u00bb2px\u00bb background_layout=\u00bbdark\u00bb global_colors_info=\u00bb{}\u00bb]<\/p>\n<p><span style=\"font-weight: 400;\">En Sparta Sport Center Lleida, entendemos la importancia de esta pr\u00e1ctica como una herramienta para<\/span><b> llevar una vida equilibrada y armoniosa<\/b><span style=\"font-weight: 400;\">. Nuestros monitores de yoga est\u00e1n comprometidos con tu bienestar y te guiar\u00e1n para que alcances tus metas y respetes los ritmos y tiempos de tu cuerpo.<\/span><\/p>\n<p><span style=\"font-weight: 400;\">Las instalaciones est\u00e1n dise\u00f1adas para ofrecerte la concentraci\u00f3n y la tranquilidad adecuadas para liberar energ\u00edas innecesarias y <\/span><b>abrir espacio a nuevas sensaciones<\/b><span style=\"font-weight: 400;\">. Nuestro objetivo es que te redescubras a ti mismo.<\/span><\/p>\n<p>[\/et_pb_text][et_pb_button button_text=\u00bb+\u00bb button_alignment=\u00bbcenter\u00bb module_class=\u00bbrv_button3 closed\u00bb _builder_version=\u00bb4.16&#8243; custom_button=\u00bbon\u00bb button_text_size=\u00bb39px\u00bb button_text_color=\u00bb#cccccc\u00bb button_border_width=\u00bb0px\u00bb button_border_radius=\u00bb0px\u00bb button_font=\u00bbOswald|700|||||||\u00bb button_use_icon=\u00bboff\u00bb custom_margin=\u00bb-40px|0px|-10px|0px|false|false\u00bb custom_margin_tablet=\u00bb\u00bb custom_margin_phone=\u00bb\u00bb custom_margin_last_edited=\u00bbon|phone\u00bb custom_padding=\u00bb0px|0px|0px|0px|true|\u00bb button_text_color_hover=\u00bbrgba(224,43,32,0.76)\u00bb button_border_color_hover=\u00bbrgba(0,0,0,0)\u00bb button_border_radius_hover=\u00bb0px\u00bb button_bg_color_hover=\u00bbrgba(0,0,0,0)\u00bb global_colors_info=\u00bb{}\u00bb button_text_size__hover_enabled=\u00bboff\u00bb button_one_text_size__hover_enabled=\u00bboff\u00bb button_two_text_size__hover_enabled=\u00bboff\u00bb button_text_color__hover_enabled=\u00bbon|desktop\u00bb button_text_color__hover=\u00bbrgba(255,255,255,0.5)\u00bb button_one_text_color__hover_enabled=\u00bboff\u00bb button_two_text_color__hover_enabled=\u00bboff\u00bb button_border_width__hover_enabled=\u00bboff\u00bb button_one_border_width__hover_enabled=\u00bboff\u00bb button_two_border_width__hover_enabled=\u00bboff\u00bb button_border_color__hover_enabled=\u00bbon\u00bb button_border_color__hover=\u00bbrgba(0,0,0,0)\u00bb button_one_border_color__hover_enabled=\u00bboff\u00bb button_two_border_color__hover_enabled=\u00bboff\u00bb button_border_radius__hover_enabled=\u00bbon\u00bb button_border_radius__hover=\u00bb0px\u00bb button_one_border_radius__hover_enabled=\u00bboff\u00bb button_two_border_radius__hover_enabled=\u00bboff\u00bb button_letter_spacing__hover_enabled=\u00bboff\u00bb button_one_letter_spacing__hover_enabled=\u00bboff\u00bb button_two_letter_spacing__hover_enabled=\u00bboff\u00bb button_bg_color__hover_enabled=\u00bbon\u00bb button_bg_color__hover=\u00bbrgba(255,255,255,0)\u00bb button_one_bg_color__hover_enabled=\u00bboff\u00bb button_two_bg_color__hover_enabled=\u00bboff\u00bb][\/et_pb_button][et_pb_text module_id=\u00bbreveal3&#8243; _builder_version=\u00bb4.21.0&#8243; text_font=\u00bb|300|||||||\u00bb text_text_color=\u00bb#cccccc\u00bb text_line_height=\u00bb1.1em\u00bb header_font=\u00bb|300|||||||\u00bb header_2_font=\u00bb|300||on|||||\u00bb header_2_text_color=\u00bb#cccccc\u00bb header_2_font_size=\u00bb36px\u00bb header_2_letter_spacing=\u00bb2px\u00bb background_layout=\u00bbdark\u00bb global_colors_info=\u00bb{}\u00bb]<\/p>\n<p><span style=\"font-weight: 400;\">Al unirte a nuestra familia, tendr\u00e1s acceso a un amplio cat\u00e1logo de actividades y horarios adaptados a tus necesidades. Adem\u00e1s de las clases que ofrecemos, podr\u00e1s complementar tu entrenamiento en <\/span><b>nuestra sala de m\u00e1quinas<\/b><span style=\"font-weight: 400;\"> y recibir asesoramiento nutricional para mantener una mayor elasticidad corporal y una energ\u00eda positiva duradera.<\/span><\/p>\n<p><span style=\"font-weight: 400;\">No lo dudes m\u00e1s, inscr\u00edbete en yoga en Lleida y cambia tu vida de adentro hacia afuera. Estamos aqu\u00ed para acompa\u00f1arte mientras <\/span><b>avanzas en tu meta<\/b><span style=\"font-weight: 400;\"> de alcanzar el bienestar integral.<\/span><\/p>\n<p>[\/et_pb_text][\/et_pb_column][\/et_pb_row][\/et_pb_section]<\/p>\n","protected":false},"excerpt":{"rendered":"<p>Clases de yoga en LleidaEl yoga en Lleida es una pr\u00e1ctica que va m\u00e1s all\u00e1 del fortalecimiento f\u00edsico, conectando mente, cuerpo y respiraci\u00f3n en perfecta armon\u00eda. En Sparta Sport Center encontrar\u00e1s un espacio donde podr\u00e1s experimentar los beneficios transformadores de estos ejercicios. En nuestras clases, los instructores certificados te guiar\u00e1n en el camino hacia el [&hellip;]<\/p>\n","protected":false},"author":1,"featured_media":221949,"parent":0,"menu_order":0,"comment_status":"closed","ping_status":"closed","template":"","meta":{"_et_pb_use_builder":"on","_et_pb_old_content":"","_et_gb_content_width":"","footnotes":""},"class_list":["post-206563","page","type-page","status-publish","has-post-thumbnail","hentry"],"yoast_head":"<!-- This site is optimized with the Yoast SEO plugin v27.4 - https:\/\/yoast.com\/product\/yoast-seo-wordpress\/ -->\n<title>Yoga Lleida | Sparta Sport Center<\/title>\n<meta name=\"description\" content=\"\u00bfEst\u00e1s buscando un gimnasio para hacer Yoga Lleida? Sparta Sport Center somos tu mejor opci\u00f3n. \u00a1Ap\u00fantate ya a nuestro gimnasio!\" \/>\n<meta name=\"robots\" content=\"index, follow, max-snippet:-1, max-image-preview:large, max-video-preview:-1\" \/>\n<link rel=\"canonical\" href=\"https:\/\/spartasportcenter.com\/lleida\/yoga-lleida\/\" \/>\n<meta property=\"og:locale\" content=\"es_ES\" \/>\n<meta property=\"og:type\" content=\"article\" \/>\n<meta property=\"og:title\" content=\"Yoga Lleida | Sparta Sport Center\" \/>\n<meta property=\"og:description\" content=\"\u00bfEst\u00e1s buscando un gimnasio para hacer Yoga Lleida? Sparta Sport Center somos tu mejor opci\u00f3n. \u00a1Ap\u00fantate ya a nuestro gimnasio!\" \/>\n<meta property=\"og:url\" content=\"https:\/\/spartasportcenter.com\/lleida\/yoga-lleida\/\" \/>\n<meta property=\"og:site_name\" content=\"Sparta Sport Center Lleida\" \/>\n<meta property=\"article:modified_time\" content=\"2024-05-30T08:21:06+00:00\" \/>\n<meta property=\"og:image\" content=\"https:\/\/spartasportcenter.com\/lleida\/wp-content\/uploads\/2024\/05\/yoga-lleida.webp\" \/>\n\t<meta property=\"og:image:width\" content=\"2000\" \/>\n\t<meta property=\"og:image:height\" content=\"1333\" \/>\n\t<meta property=\"og:image:type\" content=\"image\/webp\" \/>\n<meta name=\"twitter:card\" content=\"summary_large_image\" \/>\n<meta name=\"twitter:label1\" content=\"Tiempo de lectura\" \/>\n\t<meta name=\"twitter:data1\" content=\"3 minutos\" \/>\n<script type=\"application\/ld+json\" class=\"yoast-schema-graph\">{\"@context\":\"https:\\\/\\\/schema.org\",\"@graph\":[{\"@type\":\"WebPage\",\"@id\":\"https:\\\/\\\/spartasportcenter.com\\\/lleida\\\/yoga-lleida\\\/\",\"url\":\"https:\\\/\\\/spartasportcenter.com\\\/lleida\\\/yoga-lleida\\\/\",\"name\":\"Yoga Lleida | Sparta Sport Center\",\"isPartOf\":{\"@id\":\"https:\\\/\\\/spartasportcenter.com\\\/lleida\\\/#website\"},\"primaryImageOfPage\":{\"@id\":\"https:\\\/\\\/spartasportcenter.com\\\/lleida\\\/yoga-lleida\\\/#primaryimage\"},\"image\":{\"@id\":\"https:\\\/\\\/spartasportcenter.com\\\/lleida\\\/yoga-lleida\\\/#primaryimage\"},\"thumbnailUrl\":\"https:\\\/\\\/spartasportcenter.com\\\/lleida\\\/wp-content\\\/uploads\\\/2024\\\/05\\\/yoga-lleida.webp\",\"datePublished\":\"2018-08-20T15:59:41+00:00\",\"dateModified\":\"2024-05-30T08:21:06+00:00\",\"description\":\"\u00bfEst\u00e1s buscando un gimnasio para hacer Yoga Lleida? Sparta Sport Center somos tu mejor opci\u00f3n. \u00a1Ap\u00fantate ya a nuestro gimnasio!\",\"breadcrumb\":{\"@id\":\"https:\\\/\\\/spartasportcenter.com\\\/lleida\\\/yoga-lleida\\\/#breadcrumb\"},\"inLanguage\":\"es\",\"potentialAction\":[{\"@type\":\"ReadAction\",\"target\":[\"https:\\\/\\\/spartasportcenter.com\\\/lleida\\\/yoga-lleida\\\/\"]}]},{\"@type\":\"ImageObject\",\"inLanguage\":\"es\",\"@id\":\"https:\\\/\\\/spartasportcenter.com\\\/lleida\\\/yoga-lleida\\\/#primaryimage\",\"url\":\"https:\\\/\\\/spartasportcenter.com\\\/lleida\\\/wp-content\\\/uploads\\\/2024\\\/05\\\/yoga-lleida.webp\",\"contentUrl\":\"https:\\\/\\\/spartasportcenter.com\\\/lleida\\\/wp-content\\\/uploads\\\/2024\\\/05\\\/yoga-lleida.webp\",\"width\":2000,\"height\":1333,\"caption\":\"yoga lleida\"},{\"@type\":\"BreadcrumbList\",\"@id\":\"https:\\\/\\\/spartasportcenter.com\\\/lleida\\\/yoga-lleida\\\/#breadcrumb\",\"itemListElement\":[{\"@type\":\"ListItem\",\"position\":1,\"name\":\"Portada\",\"item\":\"https:\\\/\\\/spartasportcenter.com\\\/lleida\\\/\"},{\"@type\":\"ListItem\",\"position\":2,\"name\":\"Yoga Lleida\"}]},{\"@type\":\"WebSite\",\"@id\":\"https:\\\/\\\/spartasportcenter.com\\\/lleida\\\/#website\",\"url\":\"https:\\\/\\\/spartasportcenter.com\\\/lleida\\\/\",\"name\":\"Sparta Sport Center Lleida\",\"description\":\"Gimnasios en Cuenca\",\"potentialAction\":[{\"@type\":\"SearchAction\",\"target\":{\"@type\":\"EntryPoint\",\"urlTemplate\":\"https:\\\/\\\/spartasportcenter.com\\\/lleida\\\/?s={search_term_string}\"},\"query-input\":{\"@type\":\"PropertyValueSpecification\",\"valueRequired\":true,\"valueName\":\"search_term_string\"}}],\"inLanguage\":\"es\"}]}<\/script>\n<!-- \/ Yoast SEO plugin. -->","yoast_head_json":{"title":"Yoga Lleida | Sparta Sport Center","description":"\u00bfEst\u00e1s buscando un gimnasio para hacer Yoga Lleida? Sparta Sport Center somos tu mejor opci\u00f3n. \u00a1Ap\u00fantate ya a nuestro gimnasio!","robots":{"index":"index","follow":"follow","max-snippet":"max-snippet:-1","max-image-preview":"max-image-preview:large","max-video-preview":"max-video-preview:-1"},"canonical":"https:\/\/spartasportcenter.com\/lleida\/yoga-lleida\/","og_locale":"es_ES","og_type":"article","og_title":"Yoga Lleida | Sparta Sport Center","og_description":"\u00bfEst\u00e1s buscando un gimnasio para hacer Yoga Lleida? Sparta Sport Center somos tu mejor opci\u00f3n. \u00a1Ap\u00fantate ya a nuestro gimnasio!","og_url":"https:\/\/spartasportcenter.com\/lleida\/yoga-lleida\/","og_site_name":"Sparta Sport Center Lleida","article_modified_time":"2024-05-30T08:21:06+00:00","og_image":[{"width":2000,"height":1333,"url":"https:\/\/spartasportcenter.com\/lleida\/wp-content\/uploads\/2024\/05\/yoga-lleida.webp","type":"image\/webp"}],"twitter_card":"summary_large_image","twitter_misc":{"Tiempo de lectura":"3 minutos"},"schema":{"@context":"https:\/\/schema.org","@graph":[{"@type":"WebPage","@id":"https:\/\/spartasportcenter.com\/lleida\/yoga-lleida\/","url":"https:\/\/spartasportcenter.com\/lleida\/yoga-lleida\/","name":"Yoga Lleida | Sparta Sport Center","isPartOf":{"@id":"https:\/\/spartasportcenter.com\/lleida\/#website"},"primaryImageOfPage":{"@id":"https:\/\/spartasportcenter.com\/lleida\/yoga-lleida\/#primaryimage"},"image":{"@id":"https:\/\/spartasportcenter.com\/lleida\/yoga-lleida\/#primaryimage"},"thumbnailUrl":"https:\/\/spartasportcenter.com\/lleida\/wp-content\/uploads\/2024\/05\/yoga-lleida.webp","datePublished":"2018-08-20T15:59:41+00:00","dateModified":"2024-05-30T08:21:06+00:00","description":"\u00bfEst\u00e1s buscando un gimnasio para hacer Yoga Lleida? Sparta Sport Center somos tu mejor opci\u00f3n. \u00a1Ap\u00fantate ya a nuestro gimnasio!","breadcrumb":{"@id":"https:\/\/spartasportcenter.com\/lleida\/yoga-lleida\/#breadcrumb"},"inLanguage":"es","potentialAction":[{"@type":"ReadAction","target":["https:\/\/spartasportcenter.com\/lleida\/yoga-lleida\/"]}]},{"@type":"ImageObject","inLanguage":"es","@id":"https:\/\/spartasportcenter.com\/lleida\/yoga-lleida\/#primaryimage","url":"https:\/\/spartasportcenter.com\/lleida\/wp-content\/uploads\/2024\/05\/yoga-lleida.webp","contentUrl":"https:\/\/spartasportcenter.com\/lleida\/wp-content\/uploads\/2024\/05\/yoga-lleida.webp","width":2000,"height":1333,"caption":"yoga lleida"},{"@type":"BreadcrumbList","@id":"https:\/\/spartasportcenter.com\/lleida\/yoga-lleida\/#breadcrumb","itemListElement":[{"@type":"ListItem","position":1,"name":"Portada","item":"https:\/\/spartasportcenter.com\/lleida\/"},{"@type":"ListItem","position":2,"name":"Yoga Lleida"}]},{"@type":"WebSite","@id":"https:\/\/spartasportcenter.com\/lleida\/#website","url":"https:\/\/spartasportcenter.com\/lleida\/","name":"Sparta Sport Center Lleida","description":"Gimnasios en Cuenca","potentialAction":[{"@type":"SearchAction","target":{"@type":"EntryPoint","urlTemplate":"https:\/\/spartasportcenter.com\/lleida\/?s={search_term_string}"},"query-input":{"@type":"PropertyValueSpecification","valueRequired":true,"valueName":"search_term_string"}}],"inLanguage":"es"}]}},"_links":{"self":[{"href":"https:\/\/spartasportcenter.com\/lleida\/wp-json\/wp\/v2\/pages\/206563","targetHints":{"allow":["GET"]}}],"collection":[{"href":"https:\/\/spartasportcenter.com\/lleida\/wp-json\/wp\/v2\/pages"}],"about":[{"href":"https:\/\/spartasportcenter.com\/lleida\/wp-json\/wp\/v2\/types\/page"}],"author":[{"embeddable":true,"href":"https:\/\/spartasportcenter.com\/lleida\/wp-json\/wp\/v2\/users\/1"}],"replies":[{"embeddable":true,"href":"https:\/\/spartasportcenter.com\/lleida\/wp-json\/wp\/v2\/comments?post=206563"}],"version-history":[{"count":22,"href":"https:\/\/spartasportcenter.com\/lleida\/wp-json\/wp\/v2\/pages\/206563\/revisions"}],"predecessor-version":[{"id":221992,"href":"https:\/\/spartasportcenter.com\/lleida\/wp-json\/wp\/v2\/pages\/206563\/revisions\/221992"}],"wp:featuredmedia":[{"embeddable":true,"href":"https:\/\/spartasportcenter.com\/lleida\/wp-json\/wp\/v2\/media\/221949"}],"wp:attachment":[{"href":"https:\/\/spartasportcenter.com\/lleida\/wp-json\/wp\/v2\/media?parent=206563"}],"curies":[{"name":"wp","href":"https:\/\/api.w.org\/{rel}","templated":true}]}}