{"id":223725,"date":"2018-08-21T18:05:21","date_gmt":"2018-08-21T16:05:21","guid":{"rendered":"https:\/\/spartasportcenter.com\/lleida\/politica-de-privacidad-de-sparta-sport-center-lleida\/"},"modified":"2025-07-16T11:58:59","modified_gmt":"2025-07-16T09:58:59","slug":"politica-de-privacidad-de-sparta-sport-center-lleida","status":"publish","type":"page","link":"https:\/\/spartasportcenter.com\/lleida\/ca\/politica-de-privacidad-de-sparta-sport-center-lleida\/","title":{"rendered":"Pol\u00edtica de privacitat Lleida"},"content":{"rendered":"\n<p>SPARTA\u00a0SPORT\u00a0CENTER, informa els usuaris del lloc web sobre la seva pol\u00edtica respecte al tractament i protecci\u00f3 de les dades de car\u00e0cter personal dels usuaris i clients.<\/p>\n\n\n\n<p>I garanteix en tot moment l&#8217;\u00edntegre i ple compliment de les obligacions disposades per la normativa de protecci\u00f3 de dades i serveis de la societat de la informaci\u00f3: Reglament (UE) 2016\/679 del Parlament Europeu i del Consell, de 27 d&#8217;abril de 2016, relatiu a la protecci\u00f3 de les persones f\u00edsiques pel que fa al tractament de dades personals i a la lliure circulaci\u00f3 d&#8217;aquestes dades (RGPD), la normativa Llei org\u00e0nica 3\/2018, de 5 de desembre, de Protecci\u00f3 de Dades Personals i garantia dels drets digitals (LOPDGDD)\u00a0i la Llei 34\/2002, d&#8217;11 de juliol, de Serveis de la Societat de la Informaci\u00f3 i del Comer\u00e7 Electr\u00f2nic (LSSIce).<\/p>\n\n\n\n<p><\/p>\n\n\n\n<h2 class=\"wp-block-heading\"><strong>RESPONSABLE DEL TRACTAMENT<\/strong><\/h2>\n\n\n\n<p>Empresa titular d&#8217;aquesta web:&nbsp;LLEIDA SPORT SOLUTIONS, S.L.U.<\/p>\n\n\n\n<p>C.I.F.: B71484828<\/p>\n\n\n\n<p>Domicili: C\/ SANCHO RAM\u00cdREZ, 23 BAJO \u2013 31008 \u2013 PAMPLONA (NAVARRA)<\/p>\n\n\n\n<p>Inscrit en el Registre Mercantil de Pamplona, tom 2114, foli 11, fulla NA42308, inscripci\u00f3 1, data 10\/07\/2023.<\/p>\n\n\n\n<p>Tel\u00e8fon: 689144016<\/p>\n\n\n\n<p>Correu electr\u00f2nic: lleida@spartasportcenter.com<\/p>\n\n\n\n<p><\/p>\n\n\n\n<h2 class=\"wp-block-heading\"><strong>FINALITATS DEL TRACTAMENT DE LES DADES<\/strong><\/h2>\n\n\n\n<p>Les dades facilitades per l&#8217;Usuari s\u00f3n utilitzats amb diverses finalitats que s&#8217;enumeren a continuaci\u00f3:<\/p>\n\n\n\n<figure class=\"wp-block-table\"><table class=\"has-fixed-layout\"><tbody><tr><td><strong>Finalitat del tractament<\/strong><\/td><td><strong>Base jur\u00eddica per al tractament<\/strong><\/td><\/tr><tr><td>Gestionar les consultes o qualsevol tipus de petici\u00f3 que sigui realitzada a trav\u00e9s de les formes de contacte que es posen a disposici\u00f3 en la p\u00e0gina web.<\/td><td>Inter\u00e8s leg\u00edtim de la Societat per a atendre els requeriments d&#8217;informaci\u00f3 a trav\u00e9s de la web.<br>Consentiment prestat de manera expressa en el moment de recollida de les dades a trav\u00e9s dels formularis web.<\/td><\/tr><tr><td>Enviament de&nbsp;newsletters, comunicacions comercials i promocions.<\/td><td>Enviament de&nbsp;newsletters, comunicacions comercials i promocions.<\/td><\/tr><tr><td>Crear i gestionar el teu registre com a Usuari.<\/td><td>Consentiment prestat de manera expressa en el moment de recollida de les dades a trav\u00e9s dels formularis web.<\/td><\/tr><tr><td>Per al desenvolupament, compliment i execuci\u00f3 del contracte de compravenda o de serveis que hagis contractat a trav\u00e9s de la nostra web.<\/td><td>Consentiment prestat de manera expressa en el moment de recollida de les dades a trav\u00e9s dels formularis web.<br>Considerem que tenim un inter\u00e8s leg\u00edtim per a realitzar les comprovacions necess\u00e0ries per a detectar i prevenir possibles fraus quan realitzes una compra.<br>Execuci\u00f3 d&#8217;un contracte.<\/td><\/tr><tr><td>Realitzar la gesti\u00f3 comptable.<\/td><td>Execuci\u00f3 d&#8217;un contracte.<\/td><\/tr><tr><td>Complir amb les obligacions fiscals vigents.<\/td><td>Compliment d&#8217;obligacions legals que ens siguin aplicable.<\/td><\/tr><tr><td>Gestionar les incid\u00e8ncies i el manteniment de la web<\/td><td>Inter\u00e8s leg\u00edtim de la Societat.<\/td><\/tr><\/tbody><\/table><\/figure>\n\n\n\n<p><\/p>\n\n\n\n<h2 class=\"wp-block-heading\"><strong>TERMINI DE CONSERVACI\u00d3 DE LES DADES<\/strong><\/h2>\n\n\n\n<figure class=\"wp-block-table\"><table class=\"has-fixed-layout\"><tbody><tr><td><strong>Finalitat del tractament<\/strong><\/td><td>Termini de conservaci\u00f3<\/td><\/tr><tr><td>Gestionar les consultes o qualsevol tipus de petici\u00f3 que sigui realitzada a trav\u00e9s de les formes de contacte que es posen a disposici\u00f3 en la p\u00e0gina web.<\/td><td>Tractarem les teves dades durant el temps que sigui necessari per a atendre la teva sol\u00b7licitud o petici\u00f3.<\/td><\/tr><tr><td>Enviament de&nbsp;newsletters, comunicacions comercials i promocions.<\/td><td>Tractarem les teves dades fins que et donis de baixa.<\/td><\/tr><tr><td>Crear i gestionar el teu registre com a Usuari.<\/td><td>Tractarem les teves dades durant el temps en qu\u00e8 mantinguis la condici\u00f3 d&#8217;usuari registrat (\u00e9s a dir, fins que decideixis donar-te de baixa).<\/td><\/tr><tr><td>Per al desenvolupament, compliment i execuci\u00f3 del contracte de compravenda o de serveis que hagis contractat a trav\u00e9s de la nostra web.<\/td><td>Tractarem les teves dades durant el temps necessari per a gestionar la compra dels productes o serveis que hagis adquirit, incloent-hi possibles devolucions, queixes o reclamacions associades a la compra del producte o servei en particular.<\/td><\/tr><tr><td>Realitzar la gesti\u00f3 comptable.<\/td><td>Tractarem les seves dades durant el temps necessari per a complir els terminis legals de prescripci\u00f3 que li resultin d&#8217;aplicaci\u00f3.<\/td><\/tr><tr><td>Complir amb les obligacions fiscals vigents.<\/td><td>Tractarem les seves dades durant el temps necessari per a complir els terminis legals de prescripci\u00f3 que li resultin d&#8217;aplicaci\u00f3.<\/td><\/tr><tr><td>Gestionar les incid\u00e8ncies i el manteniment de la web.<\/td><td>Tractarem les seves dades durant el temps necessari per a complir els terminis legals de prescripci\u00f3 que li resultin d&#8217;aplicaci\u00f3.<\/td><\/tr><\/tbody><\/table><\/figure>\n\n\n\n<p><\/p>\n\n\n\n<h2 class=\"wp-block-heading\"><strong>I<\/strong><strong> <\/strong><strong>DRETS D&#8217;IMATGE<\/strong><\/h2>\n\n\n\n<p>El dret a la imatge personal est\u00e0 reconegut en l&#8217;article 18.1 de la Constituci\u00f3 i regulat per la Llei 1\/1982, de 5 de maig, sobre el dret a l&#8217;honor, a la intimitat personal i familiar i a la pr\u00f2pia imatge.<\/p>\n\n\n\n<p>Si l&#8217;usuari autoritza la captaci\u00f3 i publicaci\u00f3 de la seva imatge per part del Responsable del tractament, el fa de manera expressa, lliure, volunt\u00e0ria i gratu\u00efta, sense l\u00edmit temporal ni geogr\u00e0fic. Aquesta autoritzaci\u00f3 inclou la possibilitat de difusi\u00f3 de la seva imatge, juntament amb el seu nom i cognoms, en qualsevol suport o format, incloent, per\u00f2 no limitant-se a:<\/p>\n\n\n\n<p>Intranet, p\u00e0gina web, comunicacions comercials per via electr\u00f2nica, revistes, xarxes socials, mitjans de comunicaci\u00f3 i altres suports digitals o impresos.<\/p>\n\n\n\n<p>La captaci\u00f3 d&#8217;imatges o v\u00eddeos per part del Responsable del Tractament o per tercers autoritzats es limitar\u00e0 a les activitats desenvolupades per l&#8217;entitat. El responsable del tractament es compromet a adoptar totes les mesures de seguretat adequades per a evitar l&#8217;acc\u00e9s, cessi\u00f3 o \u00fas no autoritzat de les imatges.<\/p>\n\n\n\n<h2 class=\"wp-block-heading\"><strong>DESTINATARIS DE LES DADES<\/strong><\/h2>\n\n\n\n<p>Per a complir les finalitats indicades en la present Pol\u00edtica de Privacitat, \u00e9s necessari que donem acc\u00e9s a les teves dades personals a terceres parts que ens donin suport en els serveis que t&#8217;oferim (Encarregats de Tractament), a saber:<\/p>\n\n\n\n<ul class=\"wp-block-list\">\n<li>Entitats financeres<\/li>\n\n\n\n<li>Prove\u00efdors de serveis tecnol\u00f2gics<\/li>\n\n\n\n<li>Prove\u00efdors i col\u00b7laboradors de serveis de log\u00edstica, transport i lliurament.<\/li>\n\n\n\n<li>Prove\u00efdors i col\u00b7laboradors de serveis relacionats amb m\u00e0rqueting i publicitat.<\/li>\n<\/ul>\n\n\n\n<p>Els encarregats de tractament per a l&#8217;execuci\u00f3 d&#8217;un contracte o prestaci\u00f3 d&#8217;un servei al Responsable, seguint per aix\u00f2 les seves instruccions en tot moment i assegurant els mateixos nivells de seguretat.<\/p>\n\n\n\n<p>Les dades poden ser compartits entre les empreses del Grup\u00a0Sparta\u00a0Sport\u00a0Center<\/p>\n\n\n\n<h2 class=\"wp-block-heading\"><strong>COOKIES<\/strong><\/h2>\n\n\n\n<p>Pel que fa a l&#8217;\u00fas de les cookies i altres tecnologies de seguiment, consulti la Pol\u00edtica de Cookies d&#8217;aquest Lloc web. En aquest cas, la base legal per al tractament de les seves dades \u00e9s el seu consentiment atorgat en acceptar la c\u00e0rrega de les cookies en el seu navegador.<\/p>\n\n\n\n<p><\/p>\n\n\n\n<h2 class=\"wp-block-heading\"><strong>DRETS DELS USUARIS<\/strong><\/h2>\n\n\n\n<p>L&#8217;usuari t\u00e9 dret a:<\/p>\n\n\n\n<p>\u2022 Sol\u00b7licitar l&#8217;acc\u00e9s a les seves dades personals que s&#8217;estan tractant i rebre aquesta informaci\u00f3 per escrit pel mitj\u00e0 sol\u00b7licitat.<\/p>\n\n\n\n<p>\u2022 Sol\u00b7licitar la rectificaci\u00f3 de les dades personals inexactes o, si \u00e9s el cas, sol\u00b7licitar la seva supressi\u00f3 quan, entre altres motius, les dades ja no siguin necessaris per a la finalitat pels quals van ser recollits.<\/p>\n\n\n\n<p>\u2022 Sol\u00b7licitar la limitaci\u00f3 del tractament de les seves dades.<\/p>\n\n\n\n<p>\u2022 Oposar-se al tractament de les seves dades personals quan escaigui, i en aquest cas es deixaran de tractar les seves dades excepte per motius leg\u00edtims.<\/p>\n\n\n\n<p>\u2022 Dret a la portabilitat de les seves dades personals quan el tractament estigui basat en un consentiment i s&#8217;efectu\u00ef per mitjans automatitzats. les dades es lliuressin de forma estructurada, \u00fas com\u00fa i lectura mec\u00e0nica.<\/p>\n\n\n\n<p>\u2022 Dret a retirar el consentiment prestat.<\/p>\n\n\n\n<p>\u2022 Dret a reclamar davant l&#8217;ag\u00e8ncia espanyola de protecci\u00f3 de dades.<\/p>\n\n\n\n<p>L&#8217;Usuari pot exercitar els drets anteriorment indicats a l&#8217;adre\u00e7a de correu postal o electr\u00f2nica del Responsable, acreditant la seva identitat amb una c\u00f2pia escanejada del seu DNI o document equivalent, i especificant el dret que desitja exercir.<\/p>\n\n\n\n<h2 class=\"wp-block-heading\"><strong>PROCED\u00c8NCIA DE LES DADES<\/strong><\/h2>\n\n\n\n<p>Les dades personals seran facilitats pel propi interessat de forma absolutament volunt\u00e0ria. La manca de facilitar determinades dades o preguntes que poguessin formular-se en els processos de registre o en els diferents formularis electr\u00f2nics que se li presentin a l&#8217;Usuari, pot provocar la impossibilitat d&#8217;acc\u00e9s a determinats serveis per a la prestaci\u00f3 dels quals \u00e9s imprescindible disposar de les dades de car\u00e0cter personal, en tal caso El Responsable informar\u00e0 del car\u00e0cter obligatori i\/o necessari de facilitar les dades personals per al funcionament del servei.<\/p>\n\n\n\n<p>El Responsable li assegura la confidencialitat de les seves dades personals i li garanteix la seguretat d&#8217;aquests, adoptant les mesures necess\u00e0ries per a evitar la seva alteraci\u00f3, p\u00e8rdua, tractament o acc\u00e9s no autoritzat.<\/p>\n\n\n\n<p><\/p>\n\n\n\n<h2 class=\"wp-block-heading\"><strong>INFORMACI\u00d3 FACILITADA PER L&#8217;USUARI<\/strong><\/h2>\n\n\n\n<p>Els i les menors de 18 anys no poden cedir les seves dades personals sense el previ consentiment del seu pare\/mare i\/o tutors legals.<\/p>\n\n\n\n<p>Els Usuaris, introduint les seves dades en els formularis de contacte o presentats en formularis de desc\u00e0rrega, accepten expressament i de manera lliure i inequ\u00edvoca, que les seves dades s\u00f3n necess\u00e0ries per a atendre la seva petici\u00f3, per part del Responsable, sent volunt\u00e0ria la inclusi\u00f3 de dades en els camps restants.<\/p>\n\n\n\n<p>L&#8217;Usuari garanteix que les dades personals facilitades s\u00f3n veraces i es fa responsable de comunicar qualsevol modificaci\u00f3 d&#8217;aquests.<br><br>Totes les dades sol\u00b7licitades a trav\u00e9s del lloc web s\u00f3n necessaris per a la prestaci\u00f3 d&#8217;un servei \u00f2ptim a l&#8217;Usuari. En cas que no siguin facilitats totes les dades, no es garanteix que la informaci\u00f3 i serveis que El Responsable li faciliti, siguin completament ajustats a les seves necessitats.<\/p>\n\n\n\n<p><\/p>\n\n\n\n<h2 class=\"wp-block-heading\"><strong>MESURES DE SEGURETAT<\/strong><\/h2>\n\n\n\n<p>Que de conformitat amb el que es disposa en les normatives vigents en mat\u00e8ria de protecci\u00f3 de dades personals, El Responsable est\u00e0 complint amb totes les disposicions de les normatives RGPD i\u00a0LOPDGDD\u00a0per al tractament de les dades personals de la seva responsabilitat, els quals s\u00f3n tractats de manera l\u00edcita, lleial i transparent en relaci\u00f3 amb l&#8217;interessat i adequats, pertinents i limitats al necessari en relaci\u00f3 amb els fins per als quals s\u00f3n tractats.<\/p>\n\n\n\n<p>El Responsable garanteix que ha implementat pol\u00edtiques t\u00e8cniques i organitzatives apropiades per a aplicar les mesures de seguretat que estableixen el RGPD i la\u00a0LOPDGDD\u00a0amb la finalitat de protegir els drets i llibertats dels Usuaris i els ha comunicat la informaci\u00f3 adequada perqu\u00e8 puguin exercir-los.<\/p>\n\n\n\n<p><\/p>\n\n\n\n<h2 class=\"wp-block-heading\"><strong>BRETXES DE SEGURETAT<\/strong><\/h2>\n\n\n\n<p>El Responsable informar\u00e0 sobre qualsevol bretxa de seguretat que afecti la base de dades que utilitza aquest lloc web, o que afecti a qualsevol dels nostres serveis de tercers, a totes i cadascuna de les persones, dades dels quals puguin haver estat afectades, i autoritats, dins de les 72 hores seg\u00fcents a la detecci\u00f3 de la bretxa.<\/p>\n\n\n\n<p><\/p>\n\n\n\n<h2 class=\"wp-block-heading\"><strong>LEGISLACI\u00d3 APLICABLE I JURISDICCI\u00d3<\/strong><\/h2>\n\n\n\n<p>Es reserva la facultat de presentar les accions civils o penals que consideri necess\u00e0ries per la utilitzaci\u00f3 indeguda del Lloc web i Continguts.<\/p>\n\n\n\n<p>La relaci\u00f3 entre l&#8217;Usuari i el Responsable es regir\u00e0 per la normativa vigent i d&#8217;aplicaci\u00f3 en el territori espanyol. De sorgir qualsevol controv\u00e8rsia en relaci\u00f3 amb la interpretaci\u00f3 i\/o a l&#8217;aplicaci\u00f3, les parts sotmetran els seus conflictes a la jurisdicci\u00f3 ordin\u00e0ria sotmetent-se als jutges i tribunals que corresponguin conforme a dret.<\/p>\n","protected":false},"excerpt":{"rendered":"<p>.<\/p>\n","protected":false},"author":1,"featured_media":223624,"parent":0,"menu_order":0,"comment_status":"closed","ping_status":"closed","template":"","meta":{"_et_pb_use_builder":"","_et_pb_old_content":"","_et_gb_content_width":"","footnotes":""},"class_list":["post-223725","page","type-page","status-publish","has-post-thumbnail","hentry"],"yoast_head":"<!-- This site is optimized with the Yoast SEO plugin v27.4 - https:\/\/yoast.com\/product\/yoast-seo-wordpress\/ -->\n<title>Pol\u00edtica de privacitat Lleida | Sparta Sport Center<\/title>\n<meta name=\"description\" content=\"Consulta la pol\u00edtica de privadesa de Sparta Sport Center Lleida. Tota la informaci\u00f3 sobre privadesa a la nostra web a un sol clic.\" \/>\n<meta name=\"robots\" content=\"index, follow, max-snippet:-1, max-image-preview:large, max-video-preview:-1\" \/>\n<link rel=\"canonical\" href=\"https:\/\/spartasportcenter.com\/lleida\/ca\/politica-de-privacidad-de-sparta-sport-center-lleida\/\" \/>\n<meta property=\"og:locale\" content=\"ca_ES\" \/>\n<meta property=\"og:type\" content=\"article\" \/>\n<meta property=\"og:title\" content=\"Pol\u00edtica de privacitat Lleida | Sparta Sport Center\" \/>\n<meta property=\"og:description\" content=\"Consulta la pol\u00edtica de privadesa de Sparta Sport Center Lleida. Tota la informaci\u00f3 sobre privadesa a la nostra web a un sol clic.\" \/>\n<meta property=\"og:url\" content=\"https:\/\/spartasportcenter.com\/lleida\/ca\/politica-de-privacidad-de-sparta-sport-center-lleida\/\" \/>\n<meta property=\"og:site_name\" content=\"Sparta Sport Center Lleida\" \/>\n<meta property=\"article:modified_time\" content=\"2025-07-16T09:58:59+00:00\" \/>\n<meta property=\"og:image\" content=\"https:\/\/spartasportcenter.com\/lleida\/wp-content\/uploads\/2025\/06\/material-deportivo-de-colores.jpg\" \/>\n\t<meta property=\"og:image:width\" content=\"2000\" \/>\n\t<meta property=\"og:image:height\" content=\"1333\" \/>\n\t<meta property=\"og:image:type\" content=\"image\/jpeg\" \/>\n<meta name=\"twitter:card\" content=\"summary_large_image\" \/>\n<meta name=\"twitter:label1\" content=\"Temps estimat de lectura\" \/>\n\t<meta name=\"twitter:data1\" content=\"9 minuts\" \/>\n<script type=\"application\/ld+json\" class=\"yoast-schema-graph\">{\"@context\":\"https:\\\/\\\/schema.org\",\"@graph\":[{\"@type\":\"WebPage\",\"@id\":\"https:\\\/\\\/spartasportcenter.com\\\/lleida\\\/ca\\\/politica-de-privacidad-de-sparta-sport-center-lleida\\\/\",\"url\":\"https:\\\/\\\/spartasportcenter.com\\\/lleida\\\/ca\\\/politica-de-privacidad-de-sparta-sport-center-lleida\\\/\",\"name\":\"Pol\u00edtica de privacitat Lleida | Sparta Sport Center\",\"isPartOf\":{\"@id\":\"https:\\\/\\\/spartasportcenter.com\\\/lleida\\\/ca\\\/#website\"},\"primaryImageOfPage\":{\"@id\":\"https:\\\/\\\/spartasportcenter.com\\\/lleida\\\/ca\\\/politica-de-privacidad-de-sparta-sport-center-lleida\\\/#primaryimage\"},\"image\":{\"@id\":\"https:\\\/\\\/spartasportcenter.com\\\/lleida\\\/ca\\\/politica-de-privacidad-de-sparta-sport-center-lleida\\\/#primaryimage\"},\"thumbnailUrl\":\"https:\\\/\\\/spartasportcenter.com\\\/lleida\\\/wp-content\\\/uploads\\\/2025\\\/06\\\/material-deportivo-de-colores.jpg\",\"datePublished\":\"2018-08-21T16:05:21+00:00\",\"dateModified\":\"2025-07-16T09:58:59+00:00\",\"description\":\"Consulta la pol\u00edtica de privadesa de Sparta Sport Center Lleida. Tota la informaci\u00f3 sobre privadesa a la nostra web a un sol clic.\",\"breadcrumb\":{\"@id\":\"https:\\\/\\\/spartasportcenter.com\\\/lleida\\\/ca\\\/politica-de-privacidad-de-sparta-sport-center-lleida\\\/#breadcrumb\"},\"inLanguage\":\"ca\",\"potentialAction\":[{\"@type\":\"ReadAction\",\"target\":[\"https:\\\/\\\/spartasportcenter.com\\\/lleida\\\/ca\\\/politica-de-privacidad-de-sparta-sport-center-lleida\\\/\"]}]},{\"@type\":\"ImageObject\",\"inLanguage\":\"ca\",\"@id\":\"https:\\\/\\\/spartasportcenter.com\\\/lleida\\\/ca\\\/politica-de-privacidad-de-sparta-sport-center-lleida\\\/#primaryimage\",\"url\":\"https:\\\/\\\/spartasportcenter.com\\\/lleida\\\/wp-content\\\/uploads\\\/2025\\\/06\\\/material-deportivo-de-colores.jpg\",\"contentUrl\":\"https:\\\/\\\/spartasportcenter.com\\\/lleida\\\/wp-content\\\/uploads\\\/2025\\\/06\\\/material-deportivo-de-colores.jpg\",\"width\":2000,\"height\":1333,\"caption\":\"material deportivo de colores\"},{\"@type\":\"BreadcrumbList\",\"@id\":\"https:\\\/\\\/spartasportcenter.com\\\/lleida\\\/ca\\\/politica-de-privacidad-de-sparta-sport-center-lleida\\\/#breadcrumb\",\"itemListElement\":[{\"@type\":\"ListItem\",\"position\":1,\"name\":\"Portada\",\"item\":\"https:\\\/\\\/spartasportcenter.com\\\/lleida\\\/ca\\\/\"},{\"@type\":\"ListItem\",\"position\":2,\"name\":\"Pol\u00edtica de privacitat Lleida\"}]},{\"@type\":\"WebSite\",\"@id\":\"https:\\\/\\\/spartasportcenter.com\\\/lleida\\\/ca\\\/#website\",\"url\":\"https:\\\/\\\/spartasportcenter.com\\\/lleida\\\/ca\\\/\",\"name\":\"Sparta Sport Center Lleida\",\"description\":\"Gimnasios en Cuenca\",\"potentialAction\":[{\"@type\":\"SearchAction\",\"target\":{\"@type\":\"EntryPoint\",\"urlTemplate\":\"https:\\\/\\\/spartasportcenter.com\\\/lleida\\\/ca\\\/?s={search_term_string}\"},\"query-input\":{\"@type\":\"PropertyValueSpecification\",\"valueRequired\":true,\"valueName\":\"search_term_string\"}}],\"inLanguage\":\"ca\"}]}<\/script>\n<!-- \/ Yoast SEO plugin. -->","yoast_head_json":{"title":"Pol\u00edtica de privacitat Lleida | Sparta Sport Center","description":"Consulta la pol\u00edtica de privadesa de Sparta Sport Center Lleida. Tota la informaci\u00f3 sobre privadesa a la nostra web a un sol clic.","robots":{"index":"index","follow":"follow","max-snippet":"max-snippet:-1","max-image-preview":"max-image-preview:large","max-video-preview":"max-video-preview:-1"},"canonical":"https:\/\/spartasportcenter.com\/lleida\/ca\/politica-de-privacidad-de-sparta-sport-center-lleida\/","og_locale":"ca_ES","og_type":"article","og_title":"Pol\u00edtica de privacitat Lleida | Sparta Sport Center","og_description":"Consulta la pol\u00edtica de privadesa de Sparta Sport Center Lleida. Tota la informaci\u00f3 sobre privadesa a la nostra web a un sol clic.","og_url":"https:\/\/spartasportcenter.com\/lleida\/ca\/politica-de-privacidad-de-sparta-sport-center-lleida\/","og_site_name":"Sparta Sport Center Lleida","article_modified_time":"2025-07-16T09:58:59+00:00","og_image":[{"width":2000,"height":1333,"url":"https:\/\/spartasportcenter.com\/lleida\/wp-content\/uploads\/2025\/06\/material-deportivo-de-colores.jpg","type":"image\/jpeg"}],"twitter_card":"summary_large_image","twitter_misc":{"Temps estimat de lectura":"9 minuts"},"schema":{"@context":"https:\/\/schema.org","@graph":[{"@type":"WebPage","@id":"https:\/\/spartasportcenter.com\/lleida\/ca\/politica-de-privacidad-de-sparta-sport-center-lleida\/","url":"https:\/\/spartasportcenter.com\/lleida\/ca\/politica-de-privacidad-de-sparta-sport-center-lleida\/","name":"Pol\u00edtica de privacitat Lleida | Sparta Sport Center","isPartOf":{"@id":"https:\/\/spartasportcenter.com\/lleida\/ca\/#website"},"primaryImageOfPage":{"@id":"https:\/\/spartasportcenter.com\/lleida\/ca\/politica-de-privacidad-de-sparta-sport-center-lleida\/#primaryimage"},"image":{"@id":"https:\/\/spartasportcenter.com\/lleida\/ca\/politica-de-privacidad-de-sparta-sport-center-lleida\/#primaryimage"},"thumbnailUrl":"https:\/\/spartasportcenter.com\/lleida\/wp-content\/uploads\/2025\/06\/material-deportivo-de-colores.jpg","datePublished":"2018-08-21T16:05:21+00:00","dateModified":"2025-07-16T09:58:59+00:00","description":"Consulta la pol\u00edtica de privadesa de Sparta Sport Center Lleida. Tota la informaci\u00f3 sobre privadesa a la nostra web a un sol clic.","breadcrumb":{"@id":"https:\/\/spartasportcenter.com\/lleida\/ca\/politica-de-privacidad-de-sparta-sport-center-lleida\/#breadcrumb"},"inLanguage":"ca","potentialAction":[{"@type":"ReadAction","target":["https:\/\/spartasportcenter.com\/lleida\/ca\/politica-de-privacidad-de-sparta-sport-center-lleida\/"]}]},{"@type":"ImageObject","inLanguage":"ca","@id":"https:\/\/spartasportcenter.com\/lleida\/ca\/politica-de-privacidad-de-sparta-sport-center-lleida\/#primaryimage","url":"https:\/\/spartasportcenter.com\/lleida\/wp-content\/uploads\/2025\/06\/material-deportivo-de-colores.jpg","contentUrl":"https:\/\/spartasportcenter.com\/lleida\/wp-content\/uploads\/2025\/06\/material-deportivo-de-colores.jpg","width":2000,"height":1333,"caption":"material deportivo de colores"},{"@type":"BreadcrumbList","@id":"https:\/\/spartasportcenter.com\/lleida\/ca\/politica-de-privacidad-de-sparta-sport-center-lleida\/#breadcrumb","itemListElement":[{"@type":"ListItem","position":1,"name":"Portada","item":"https:\/\/spartasportcenter.com\/lleida\/ca\/"},{"@type":"ListItem","position":2,"name":"Pol\u00edtica de privacitat Lleida"}]},{"@type":"WebSite","@id":"https:\/\/spartasportcenter.com\/lleida\/ca\/#website","url":"https:\/\/spartasportcenter.com\/lleida\/ca\/","name":"Sparta Sport Center Lleida","description":"Gimnasios en Cuenca","potentialAction":[{"@type":"SearchAction","target":{"@type":"EntryPoint","urlTemplate":"https:\/\/spartasportcenter.com\/lleida\/ca\/?s={search_term_string}"},"query-input":{"@type":"PropertyValueSpecification","valueRequired":true,"valueName":"search_term_string"}}],"inLanguage":"ca"}]}},"_links":{"self":[{"href":"https:\/\/spartasportcenter.com\/lleida\/ca\/wp-json\/wp\/v2\/pages\/223725","targetHints":{"allow":["GET"]}}],"collection":[{"href":"https:\/\/spartasportcenter.com\/lleida\/ca\/wp-json\/wp\/v2\/pages"}],"about":[{"href":"https:\/\/spartasportcenter.com\/lleida\/ca\/wp-json\/wp\/v2\/types\/page"}],"author":[{"embeddable":true,"href":"https:\/\/spartasportcenter.com\/lleida\/ca\/wp-json\/wp\/v2\/users\/1"}],"replies":[{"embeddable":true,"href":"https:\/\/spartasportcenter.com\/lleida\/ca\/wp-json\/wp\/v2\/comments?post=223725"}],"version-history":[{"count":4,"href":"https:\/\/spartasportcenter.com\/lleida\/ca\/wp-json\/wp\/v2\/pages\/223725\/revisions"}],"predecessor-version":[{"id":223740,"href":"https:\/\/spartasportcenter.com\/lleida\/ca\/wp-json\/wp\/v2\/pages\/223725\/revisions\/223740"}],"wp:featuredmedia":[{"embeddable":true,"href":"https:\/\/spartasportcenter.com\/lleida\/ca\/wp-json\/wp\/v2\/media\/223624"}],"wp:attachment":[{"href":"https:\/\/spartasportcenter.com\/lleida\/ca\/wp-json\/wp\/v2\/media?parent=223725"}],"curies":[{"name":"wp","href":"https:\/\/api.w.org\/{rel}","templated":true}]}}