{"id":221793,"date":"2018-08-20T15:49:40","date_gmt":"2018-08-20T13:49:40","guid":{"rendered":"https:\/\/spartasportcenter.com\/lleida\/body-pump-lleida\/"},"modified":"2024-10-25T13:56:50","modified_gmt":"2024-10-25T11:56:50","slug":"body-pump-lleida","status":"publish","type":"page","link":"https:\/\/spartasportcenter.com\/lleida\/ca\/body-pump-lleida\/","title":{"rendered":"Body Pump a Lleida"},"content":{"rendered":"<p>[et_pb_section fb_built=&#8221;1&#8243; custom_padding_last_edited=&#8221;on|phone&#8221; disabled_on=&#8221;off|off|off&#8221; _builder_version=&#8221;4.16&#8243; background_color=&#8221;#262626&#8243; background_enable_image=&#8221;off&#8221; custom_margin=&#8221;||||false|false&#8221; custom_padding=&#8221;80px|0px|0px|0px|false|false&#8221; custom_padding_tablet=&#8221;&#8221; custom_padding_phone=&#8221;30px||50px||false|false&#8221; global_colors_info=&#8221;{}&#8221;][et_pb_row column_structure=&#8221;1_3,2_3&#8243; custom_padding_last_edited=&#8221;on|desktop&#8221; _builder_version=&#8221;4.16&#8243; _module_preset=&#8221;default&#8221; custom_padding=&#8221;0px||||false|false&#8221; custom_padding_tablet=&#8221;&#8221; custom_padding_phone=&#8221;0px||||false|false&#8221; global_colors_info=&#8221;{}&#8221;][et_pb_column type=&#8221;1_3&#8243; _builder_version=&#8221;4.16&#8243; _module_preset=&#8221;default&#8221; global_colors_info=&#8221;{}&#8221;][et_pb_text _builder_version=&#8221;4.21.0&#8243; text_font=&#8221;||||||||&#8221; header_font=&#8221;||||||||&#8221; header_text_align=&#8221;center&#8221; header_2_font=&#8221;|300||on|||||&#8221; header_2_text_align=&#8221;right&#8221; header_2_font_size=&#8221;29px&#8221; custom_margin=&#8221;||0px||false|false&#8221; custom_padding=&#8221;|15%|0px||false|false&#8221; header_2_text_align_tablet=&#8221;&#8221; header_2_text_align_phone=&#8221;left&#8221; header_2_text_align_last_edited=&#8221;on|phone&#8221; header_2_font_size_tablet=&#8221;51px&#8221; header_2_font_size_phone=&#8221;25px&#8221; header_2_font_size_last_edited=&#8221;on|phone&#8221; border_width_right=&#8221;2px&#8221; border_color_right=&#8221;#cccccc&#8221; border_width_right_tablet=&#8221;&#8221; border_width_right_phone=&#8221;0px&#8221; border_width_right_last_edited=&#8221;on|phone&#8221; locked=&#8221;off&#8221; global_colors_info=&#8221;{}&#8221;]<\/p>\n<h2>Classes de Body Pump a Lleida<\/h2>\n<p>[\/et_pb_text][\/et_pb_column][et_pb_column type=&#8221;2_3&#8243; _builder_version=&#8221;4.16&#8243; _module_preset=&#8221;default&#8221; global_colors_info=&#8221;{}&#8221;][et_pb_text _builder_version=&#8221;4.21.0&#8243; text_font=&#8221;|300|||||||&#8221; text_text_color=&#8221;#cccccc&#8221; text_line_height=&#8221;1.1em&#8221; header_font=&#8221;|300|||||||&#8221; header_2_font=&#8221;|300||on|||||&#8221; header_2_text_color=&#8221;#cccccc&#8221; header_2_font_size=&#8221;36px&#8221; header_2_letter_spacing=&#8221;2px&#8221; background_layout=&#8221;dark&#8221; global_colors_info=&#8221;{}&#8221;]<\/p>\n<p><span style=\"font-weight: 400;\">A Sparta Sport Center, t&#8217;oferim les millors classes de<\/span> <b>Body Pump a Lleida<\/b> <span style=\"font-weight: 400;\">, una activitat dirigida que combina exercicis aer\u00f2bics, treball muscular i l&#8217;\u00fas de pesos perqu\u00e8 aconsegueixis modelar la teva silueta ideal.<\/span> <\/p>\n<p><span style=\"font-weight: 400;\">El nostre equip de monitors especialitzats us guiaran en cada sessi\u00f3,<\/span> <b>adaptant l&#8217;entrenament a la vostra condici\u00f3 f\u00edsica<\/b><span style=\"font-weight: 400;\">  i objectius personals. Des de la primera classe, notar\u00e0s els resultats i et sentir\u00e0s m\u00e9s saludable i amb molta energia.<\/span><\/p>\n<p>[\/et_pb_text][\/et_pb_column][\/et_pb_row][et_pb_row column_structure=&#8221;1_3,2_3&#8243; custom_padding_last_edited=&#8221;on|phone&#8221; _builder_version=&#8221;4.16&#8243; _module_preset=&#8221;default&#8221; custom_margin=&#8221;||0px||false|false&#8221; custom_padding=&#8221;||||false|false&#8221; custom_padding_tablet=&#8221;&#8221; custom_padding_phone=&#8221;0px||0px||false|false&#8221; global_colors_info=&#8221;{}&#8221;][et_pb_column type=&#8221;1_3&#8243; _builder_version=&#8221;4.16&#8243; _module_preset=&#8221;default&#8221; global_colors_info=&#8221;{}&#8221;][et_pb_text _builder_version=&#8221;4.21.0&#8243; text_font=&#8221;||||||||&#8221; header_font=&#8221;||||||||&#8221; header_text_align=&#8221;center&#8221; header_2_font=&#8221;|300||on|||||&#8221; header_2_text_align=&#8221;right&#8221; header_2_font_size=&#8221;29px&#8221; custom_margin=&#8221;||0px||false|false&#8221; custom_padding=&#8221;|15%|0px||false|false&#8221; header_2_text_align_tablet=&#8221;&#8221; header_2_text_align_phone=&#8221;left&#8221; header_2_text_align_last_edited=&#8221;on|phone&#8221; header_2_font_size_tablet=&#8221;51px&#8221; header_2_font_size_phone=&#8221;25px&#8221; header_2_font_size_last_edited=&#8221;on|phone&#8221; border_width_right=&#8221;2px&#8221; border_color_right=&#8221;#cccccc&#8221; border_width_right_tablet=&#8221;&#8221; border_width_right_phone=&#8221;0px&#8221; border_width_right_last_edited=&#8221;on|phone&#8221; locked=&#8221;off&#8221; global_colors_info=&#8221;{}&#8221;]<\/p>\n<h2>Beneficis del Body Pump a Lleida<\/h2>\n<p>[\/et_pb_text][\/et_pb_column][et_pb_column type=&#8221;2_3&#8243; _builder_version=&#8221;4.16&#8243; _module_preset=&#8221;default&#8221; global_colors_info=&#8221;{}&#8221;][et_pb_text _builder_version=&#8221;4.21.0&#8243; text_font=&#8221;|300|||||||&#8221; text_text_color=&#8221;#cccccc&#8221; text_line_height=&#8221;1.1em&#8221; header_font=&#8221;|300|||||||&#8221; header_2_font=&#8221;|300||on|||||&#8221; header_2_text_color=&#8221;#cccccc&#8221; header_2_font_size=&#8221;36px&#8221; header_2_letter_spacing=&#8221;2px&#8221; background_layout=&#8221;dark&#8221; global_colors_info=&#8221;{}&#8221;]<\/p>\n<p><span style=\"font-weight: 400;\">Un dels principals beneficis \u00e9s aconseguir m\u00fasculs enfortits. Durant la sessi\u00f3, es treballen tots els  <\/span><b>grups musculars<\/b> <span style=\"font-weight: 400;\">principals mitjan\u00e7ant repeticions i exercicis espec\u00edfics amb peses, fet que contribueix a que aquests estiguin tonificats i definits.<\/span> <\/p>\n<p><span style=\"font-weight: 400;\">A m\u00e9s, aquest tipus d&#8217;entrenament de resist\u00e8ncia ajuda a augmentar la massa muscular, cosa que pot accelerar el metabolisme, afavorir la<\/span> <b>p\u00e8rdua de pes<\/b> <span style=\"font-weight: 400;\">i la crema de calories i de greix acumulat, fins i tot, despr\u00e9s de finalitzar la sessi\u00f3.<\/span><\/p>\n<p>[\/et_pb_text][et_pb_button button_text=&#8221;+&#8221; button_alignment=&#8221;center&#8221; module_class=&#8221;rv_button2 closed&#8221; _builder_version=&#8221;4.20.0&#8243; custom_button=&#8221;on&#8221; button_text_size=&#8221;39px&#8221; button_text_color=&#8221;#cccccc&#8221; button_border_width=&#8221;0px&#8221; button_border_radius=&#8221;0px&#8221; button_font=&#8221;Oswald|700|||||||&#8221; button_use_icon=&#8221;off&#8221; custom_margin=&#8221;-40px|0px|-10px|0px|false|false&#8221; custom_margin_tablet=&#8221;&#8221; custom_margin_phone=&#8221;&#8221; custom_margin_last_edited=&#8221;on|phone&#8221; custom_padding=&#8221;0px|0px|0px|0px|true|&#8221; button_text_color_hover=&#8221;rgba(224,43,32,0.76)&#8221; button_border_color_hover=&#8221;rgba(0,0,0,0)&#8221; button_border_radius_hover=&#8221;0px&#8221; button_bg_color_hover=&#8221;rgba(0,0,0,0)&#8221; locked=&#8221;off&#8221; global_colors_info=&#8221;{}&#8221; button_text_size__hover_enabled=&#8221;off&#8221; button_one_text_size__hover_enabled=&#8221;off&#8221; button_two_text_size__hover_enabled=&#8221;off&#8221; button_text_color__hover_enabled=&#8221;on|desktop&#8221; button_text_color__hover=&#8221;rgba(255,255,255,0.5)&#8221; button_one_text_color__hover_enabled=&#8221;off&#8221; button_two_text_color__hover_enabled=&#8221;off&#8221; button_border_width__hover_enabled=&#8221;off&#8221; button_one_border_width__hover_enabled=&#8221;off&#8221; button_two_border_width__hover_enabled=&#8221;off&#8221; button_border_color__hover_enabled=&#8221;on&#8221; button_border_color__hover=&#8221;rgba(0,0,0,0)&#8221; button_one_border_color__hover_enabled=&#8221;off&#8221; button_two_border_color__hover_enabled=&#8221;off&#8221; button_border_radius__hover_enabled=&#8221;on&#8221; button_border_radius__hover=&#8221;0px&#8221; button_one_border_radius__hover_enabled=&#8221;off&#8221; button_two_border_radius__hover_enabled=&#8221;off&#8221; button_letter_spacing__hover_enabled=&#8221;off&#8221; button_one_letter_spacing__hover_enabled=&#8221;off&#8221; button_two_letter_spacing__hover_enabled=&#8221;off&#8221; button_bg_color__hover_enabled=&#8221;on&#8221; button_bg_color__hover=&#8221;rgba(255,255,255,0)&#8221; button_one_bg_color__hover_enabled=&#8221;off&#8221; button_two_bg_color__hover_enabled=&#8221;off&#8221;][\/et_pb_button][et_pb_text module_id=&#8221;reveal2&#8243; _builder_version=&#8221;4.27.0&#8243; text_font=&#8221;|300|||||||&#8221; text_text_color=&#8221;#cccccc&#8221; text_line_height=&#8221;1.1em&#8221; header_font=&#8221;|300|||||||&#8221; header_2_font=&#8221;|300||on|||||&#8221; header_2_text_color=&#8221;#cccccc&#8221; header_2_font_size=&#8221;36px&#8221; header_2_letter_spacing=&#8221;2px&#8221; background_layout=&#8221;dark&#8221; hover_enabled=&#8221;0&#8243; locked=&#8221;off&#8221; global_colors_info=&#8221;{}&#8221; sticky_enabled=&#8221;0&#8243;]<\/p>\n<p><span style=\"font-weight: 400;\">Un altre aspecte destacat \u00e9s limpacte positiu en la salut \u00f2ssia. En implicar l&#8217;aixecament de peses, enforteix els ossos i contribueix a<\/span> <b>reduir la p\u00e8rdua de densitat \u00f2ssia<\/b><span style=\"font-weight: 400;\">, especialment important en persones d&#8217;edat avan\u00e7ada i en la prevenci\u00f3 d&#8217;osteoporosi.<\/span><\/p>\n<p><span style=\"font-weight: 400;\">D&#8217;altra banda, el Body Pump a Lleida no nom\u00e9s treballa l&#8217;aspecte f\u00edsic sin\u00f3 tamb\u00e9 el mental. <\/span><b>Enforteix l&#8217;autoestima <\/b><span style=\"font-weight: 400;\">i la confian\u00e7a, ja que els \u00e8xits i els progressos en l&#8217;aixecament de pesos s\u00f3n evidents i motivadors. I, finalment, no podem deixar de fer esment que millora la capacitat del sistema cardiovascular i respiratori, afavorint la circulaci\u00f3 i l&#8217;oxigenaci\u00f3 dels teixits.<\/span><\/p>\n<p>[\/et_pb_text][\/et_pb_column][\/et_pb_row][\/et_pb_section][et_pb_section fb_built=&#8221;1&#8243; custom_padding_last_edited=&#8221;on|phone&#8221; _builder_version=&#8221;4.16&#8243; _module_preset=&#8221;default&#8221; background_color=&#8221;#262626&#8243; custom_padding=&#8221;0px||50px||false|false&#8221; custom_padding_tablet=&#8221;&#8221; custom_padding_phone=&#8221;||30px||false|false&#8221; global_colors_info=&#8221;{}&#8221;][et_pb_row column_structure=&#8221;1_3,2_3&#8243; custom_padding_last_edited=&#8221;on|phone&#8221; _builder_version=&#8221;4.16&#8243; _module_preset=&#8221;default&#8221; custom_padding_tablet=&#8221;&#8221; custom_padding_phone=&#8221;0px||0px||false|false&#8221; global_colors_info=&#8221;{}&#8221;][et_pb_column type=&#8221;1_3&#8243; _builder_version=&#8221;4.16&#8243; _module_preset=&#8221;default&#8221; global_colors_info=&#8221;{}&#8221;][et_pb_text _builder_version=&#8221;4.25.1&#8243; text_font=&#8221;||||||||&#8221; header_font=&#8221;||||||||&#8221; header_text_align=&#8221;center&#8221; header_2_font=&#8221;|300||on|||||&#8221; header_2_text_align=&#8221;right&#8221; header_2_font_size=&#8221;29px&#8221; custom_margin=&#8221;||0px||false|false&#8221; custom_padding=&#8221;|15%|0px||false|false&#8221; header_2_text_align_tablet=&#8221;&#8221; header_2_text_align_phone=&#8221;left&#8221; header_2_text_align_last_edited=&#8221;on|phone&#8221; header_2_font_size_tablet=&#8221;51px&#8221; header_2_font_size_phone=&#8221;25px&#8221; header_2_font_size_last_edited=&#8221;on|phone&#8221; border_width_right=&#8221;2px&#8221; border_color_right=&#8221;#cccccc&#8221; border_width_right_tablet=&#8221;&#8221; border_width_right_phone=&#8221;0px&#8221; border_width_right_last_edited=&#8221;on|phone&#8221; locked=&#8221;off&#8221; global_colors_info=&#8221;{}&#8221;]<\/p>\n<h2>Per qu\u00e8 Body Pump a Sparta Sport Center Lleida<\/h2>\n<p>[\/et_pb_text][\/et_pb_column][et_pb_column type=&#8221;2_3&#8243; _builder_version=&#8221;4.16&#8243; _module_preset=&#8221;default&#8221; global_colors_info=&#8221;{}&#8221;][et_pb_text _builder_version=&#8221;4.21.0&#8243; text_font=&#8221;|300|||||||&#8221; text_text_color=&#8221;#cccccc&#8221; text_line_height=&#8221;1.1em&#8221; header_font=&#8221;|300|||||||&#8221; header_2_font=&#8221;|300||on|||||&#8221; header_2_text_color=&#8221;#cccccc&#8221; header_2_font_size=&#8221;36px&#8221; header_2_letter_spacing=&#8221;2px&#8221; background_layout=&#8221;dark&#8221; global_colors_info=&#8221;{}&#8221;]<\/p>\n<p><span style=\"font-weight: 400;\">El nostre centre es destaca per comptar amb monitors experts en aquest esport, que<\/span> <b>us acompanyaran en tot moment<\/b><span style=\"font-weight: 400;\">  per mantenir la motivaci\u00f3 a cada classe. Rebr\u00e0s entrenament efectiu i diversi\u00f3 assegurada.  <\/span><\/p>\n<p><span style=\"font-weight: 400;\">Tant si ets principiant, com si ja tens experi\u00e8ncia a Body Pump a Lleida, els nostres professors s&#8217;asseguraran que obtinguis el<\/span> <b>m\u00e0xim profit de cada sessi\u00f3<\/b><span style=\"font-weight: 400;\">. A trav\u00e9s de classes dirigides adaptaran els exercicis a les teves necessitats individuals perqu\u00e8 aconsegueixis tots els objectius proposats en un marc segur.<\/span><\/p>\n<p>[\/et_pb_text][et_pb_button button_text=&#8221;+&#8221; button_alignment=&#8221;center&#8221; module_class=&#8221;rv_button3 closed&#8221; _builder_version=&#8221;4.20.0&#8243; custom_button=&#8221;on&#8221; button_text_size=&#8221;39px&#8221; button_text_color=&#8221;#cccccc&#8221; button_border_width=&#8221;0px&#8221; button_border_radius=&#8221;0px&#8221; button_font=&#8221;Oswald|700|||||||&#8221; button_use_icon=&#8221;off&#8221; custom_margin=&#8221;-40px|0px|-10px|0px|false|false&#8221; custom_margin_tablet=&#8221;&#8221; custom_margin_phone=&#8221;&#8221; custom_margin_last_edited=&#8221;on|phone&#8221; custom_padding=&#8221;0px|0px|0px|0px|true|&#8221; button_text_color_hover=&#8221;rgba(224,43,32,0.76)&#8221; button_border_color_hover=&#8221;rgba(0,0,0,0)&#8221; button_border_radius_hover=&#8221;0px&#8221; button_bg_color_hover=&#8221;rgba(0,0,0,0)&#8221; locked=&#8221;off&#8221; global_colors_info=&#8221;{}&#8221; button_text_size__hover_enabled=&#8221;off&#8221; button_one_text_size__hover_enabled=&#8221;off&#8221; button_two_text_size__hover_enabled=&#8221;off&#8221; button_text_color__hover_enabled=&#8221;on|desktop&#8221; button_text_color__hover=&#8221;rgba(255,255,255,0.5)&#8221; button_one_text_color__hover_enabled=&#8221;off&#8221; button_two_text_color__hover_enabled=&#8221;off&#8221; button_border_width__hover_enabled=&#8221;off&#8221; button_one_border_width__hover_enabled=&#8221;off&#8221; button_two_border_width__hover_enabled=&#8221;off&#8221; button_border_color__hover_enabled=&#8221;on&#8221; button_border_color__hover=&#8221;rgba(0,0,0,0)&#8221; button_one_border_color__hover_enabled=&#8221;off&#8221; button_two_border_color__hover_enabled=&#8221;off&#8221; button_border_radius__hover_enabled=&#8221;on&#8221; button_border_radius__hover=&#8221;0px&#8221; button_one_border_radius__hover_enabled=&#8221;off&#8221; button_two_border_radius__hover_enabled=&#8221;off&#8221; button_letter_spacing__hover_enabled=&#8221;off&#8221; button_one_letter_spacing__hover_enabled=&#8221;off&#8221; button_two_letter_spacing__hover_enabled=&#8221;off&#8221; button_bg_color__hover_enabled=&#8221;on&#8221; button_bg_color__hover=&#8221;rgba(255,255,255,0)&#8221; button_one_bg_color__hover_enabled=&#8221;off&#8221; button_two_bg_color__hover_enabled=&#8221;off&#8221;][\/et_pb_button][et_pb_text module_id=&#8221;reveal3&#8243; _builder_version=&#8221;4.21.0&#8243; text_font=&#8221;|300|||||||&#8221; text_text_color=&#8221;#cccccc&#8221; text_line_height=&#8221;1.1em&#8221; header_font=&#8221;|300|||||||&#8221; header_2_font=&#8221;|300||on|||||&#8221; header_2_text_color=&#8221;#cccccc&#8221; header_2_font_size=&#8221;36px&#8221; header_2_letter_spacing=&#8221;2px&#8221; background_layout=&#8221;dark&#8221; locked=&#8221;off&#8221; global_colors_info=&#8221;{}&#8221;]<\/p>\n<p><span style=\"font-weight: 400;\">L\u00b4entrenament que beneficiar\u00e0 tot el teu cos es dur\u00e0 a terme durant una hora intensa per\u00f2 carregada de molta diversi\u00f3.<\/span> <b>Els moviments senzills<\/b> <span style=\"font-weight: 400;\">i la breu pausa entre exercicis fan que aquesta activitat sigui accessible per a totes les persones.<\/span><\/p>\n<p><span style=\"font-weight: 400;\">A m\u00e9s, gr\u00e0cies a l&#8217;<\/span> <span style=\"font-weight: 400;\">impacte i la resist\u00e8ncia al teixit muscular,<\/span> <b>t&#8217;ajudarem a tonificar<\/b><span style=\"font-weight: 400;\">, definir els teus m\u00fasculs i baixar de pes de manera efectiva i totalment natural,<\/span><\/p>\n<p><span style=\"font-weight: 400;\">Si busques un gimn\u00e0s amb un gran nivell de comprom\u00eds, que es preocupi realment pels teus objectius i objectius, Sparta Sport Center Lleida \u00e9s el que est\u00e0s buscant.<\/span> <b>Estarem amb tu a cada pas<\/b> <span style=\"font-weight: 400;\">del cam\u00ed cap a una vida sana i saludable.<\/span><\/p>\n<p><span style=\"font-weight: 400;\">No esperis m\u00e9s, contacta&#8217;ns i descobreix totes les activitats i<\/span> <b>plans<\/b> <b>promocionals<\/b> <span style=\"font-weight: 400;\">que tenim a la teva disposici\u00f3. El teu cos, la teva silueta i la teva salut t&#8217;ho sabran agrair.<\/span><\/p>\n<p>[\/et_pb_text][\/et_pb_column][\/et_pb_row][\/et_pb_section]<\/p>\n","protected":false},"excerpt":{"rendered":"<p>Classes de Body Pump a LleidaA Sparta Sport Center, t&#8217;oferim les millors classes de Body Pump a Lleida , una activitat dirigida que combina exercicis aer\u00f2bics, treball muscular i l&#8217;\u00fas de pesos perqu\u00e8 aconsegueixis modelar la teva silueta ideal. El nostre equip de monitors especialitzats us guiaran en cada sessi\u00f3, adaptant l&#8217;entrenament a la vostra [&hellip;]<\/p>\n","protected":false},"author":1,"featured_media":221936,"parent":0,"menu_order":0,"comment_status":"closed","ping_status":"closed","template":"","meta":{"_et_pb_use_builder":"on","_et_pb_old_content":"","_et_gb_content_width":"","footnotes":""},"class_list":["post-221793","page","type-page","status-publish","has-post-thumbnail","hentry"],"yoast_head":"<!-- This site is optimized with the Yoast SEO plugin v27.4 - https:\/\/yoast.com\/product\/yoast-seo-wordpress\/ -->\n<title>Body Pump a Lleida | Sparta Sport Center<\/title>\n<meta name=\"description\" content=\"Est\u00e0s buscant un gimn\u00e0s per fer Body Pump a la Lleida? A Sparta Sport Center podem ajudar-te. Apunta&#039;t ja!\" \/>\n<meta name=\"robots\" content=\"index, follow, max-snippet:-1, max-image-preview:large, max-video-preview:-1\" \/>\n<link rel=\"canonical\" href=\"https:\/\/spartasportcenter.com\/lleida\/ca\/body-pump-lleida\/\" \/>\n<meta property=\"og:locale\" content=\"ca_ES\" \/>\n<meta property=\"og:type\" content=\"article\" \/>\n<meta property=\"og:title\" content=\"Body Pump a Lleida | Sparta Sport Center\" \/>\n<meta property=\"og:description\" content=\"Est\u00e0s buscant un gimn\u00e0s per fer Body Pump a la Lleida? A Sparta Sport Center podem ajudar-te. Apunta&#039;t ja!\" \/>\n<meta property=\"og:url\" content=\"https:\/\/spartasportcenter.com\/lleida\/ca\/body-pump-lleida\/\" \/>\n<meta property=\"og:site_name\" content=\"Sparta Sport Center Lleida\" \/>\n<meta property=\"article:modified_time\" content=\"2024-10-25T11:56:50+00:00\" \/>\n<meta property=\"og:image\" content=\"https:\/\/spartasportcenter.com\/lleida\/wp-content\/uploads\/2024\/05\/body-pump-lleida.webp\" \/>\n\t<meta property=\"og:image:width\" content=\"2000\" \/>\n\t<meta property=\"og:image:height\" content=\"1333\" \/>\n\t<meta property=\"og:image:type\" content=\"image\/webp\" \/>\n<meta name=\"twitter:card\" content=\"summary_large_image\" \/>\n<meta name=\"twitter:label1\" content=\"Temps estimat de lectura\" \/>\n\t<meta name=\"twitter:data1\" content=\"3 minuts\" \/>\n<script type=\"application\/ld+json\" class=\"yoast-schema-graph\">{\"@context\":\"https:\\\/\\\/schema.org\",\"@graph\":[{\"@type\":\"WebPage\",\"@id\":\"https:\\\/\\\/spartasportcenter.com\\\/lleida\\\/ca\\\/body-pump-lleida\\\/\",\"url\":\"https:\\\/\\\/spartasportcenter.com\\\/lleida\\\/ca\\\/body-pump-lleida\\\/\",\"name\":\"Body Pump a Lleida | Sparta Sport Center\",\"isPartOf\":{\"@id\":\"https:\\\/\\\/spartasportcenter.com\\\/lleida\\\/ca\\\/#website\"},\"primaryImageOfPage\":{\"@id\":\"https:\\\/\\\/spartasportcenter.com\\\/lleida\\\/ca\\\/body-pump-lleida\\\/#primaryimage\"},\"image\":{\"@id\":\"https:\\\/\\\/spartasportcenter.com\\\/lleida\\\/ca\\\/body-pump-lleida\\\/#primaryimage\"},\"thumbnailUrl\":\"https:\\\/\\\/spartasportcenter.com\\\/lleida\\\/wp-content\\\/uploads\\\/2024\\\/05\\\/body-pump-lleida.webp\",\"datePublished\":\"2018-08-20T13:49:40+00:00\",\"dateModified\":\"2024-10-25T11:56:50+00:00\",\"description\":\"Est\u00e0s buscant un gimn\u00e0s per fer Body Pump a la Lleida? A Sparta Sport Center podem ajudar-te. Apunta't ja!\",\"breadcrumb\":{\"@id\":\"https:\\\/\\\/spartasportcenter.com\\\/lleida\\\/ca\\\/body-pump-lleida\\\/#breadcrumb\"},\"inLanguage\":\"ca\",\"potentialAction\":[{\"@type\":\"ReadAction\",\"target\":[\"https:\\\/\\\/spartasportcenter.com\\\/lleida\\\/ca\\\/body-pump-lleida\\\/\"]}]},{\"@type\":\"ImageObject\",\"inLanguage\":\"ca\",\"@id\":\"https:\\\/\\\/spartasportcenter.com\\\/lleida\\\/ca\\\/body-pump-lleida\\\/#primaryimage\",\"url\":\"https:\\\/\\\/spartasportcenter.com\\\/lleida\\\/wp-content\\\/uploads\\\/2024\\\/05\\\/body-pump-lleida.webp\",\"contentUrl\":\"https:\\\/\\\/spartasportcenter.com\\\/lleida\\\/wp-content\\\/uploads\\\/2024\\\/05\\\/body-pump-lleida.webp\",\"width\":2000,\"height\":1333,\"caption\":\"body pump lleida\"},{\"@type\":\"BreadcrumbList\",\"@id\":\"https:\\\/\\\/spartasportcenter.com\\\/lleida\\\/ca\\\/body-pump-lleida\\\/#breadcrumb\",\"itemListElement\":[{\"@type\":\"ListItem\",\"position\":1,\"name\":\"Portada\",\"item\":\"https:\\\/\\\/spartasportcenter.com\\\/lleida\\\/ca\\\/\"},{\"@type\":\"ListItem\",\"position\":2,\"name\":\"Body Pump a Lleida\"}]},{\"@type\":\"WebSite\",\"@id\":\"https:\\\/\\\/spartasportcenter.com\\\/lleida\\\/ca\\\/#website\",\"url\":\"https:\\\/\\\/spartasportcenter.com\\\/lleida\\\/ca\\\/\",\"name\":\"Sparta Sport Center Lleida\",\"description\":\"Gimnasios en Cuenca\",\"potentialAction\":[{\"@type\":\"SearchAction\",\"target\":{\"@type\":\"EntryPoint\",\"urlTemplate\":\"https:\\\/\\\/spartasportcenter.com\\\/lleida\\\/ca\\\/?s={search_term_string}\"},\"query-input\":{\"@type\":\"PropertyValueSpecification\",\"valueRequired\":true,\"valueName\":\"search_term_string\"}}],\"inLanguage\":\"ca\"}]}<\/script>\n<!-- \/ Yoast SEO plugin. -->","yoast_head_json":{"title":"Body Pump a Lleida | Sparta Sport Center","description":"Est\u00e0s buscant un gimn\u00e0s per fer Body Pump a la Lleida? A Sparta Sport Center podem ajudar-te. Apunta't ja!","robots":{"index":"index","follow":"follow","max-snippet":"max-snippet:-1","max-image-preview":"max-image-preview:large","max-video-preview":"max-video-preview:-1"},"canonical":"https:\/\/spartasportcenter.com\/lleida\/ca\/body-pump-lleida\/","og_locale":"ca_ES","og_type":"article","og_title":"Body Pump a Lleida | Sparta Sport Center","og_description":"Est\u00e0s buscant un gimn\u00e0s per fer Body Pump a la Lleida? A Sparta Sport Center podem ajudar-te. Apunta't ja!","og_url":"https:\/\/spartasportcenter.com\/lleida\/ca\/body-pump-lleida\/","og_site_name":"Sparta Sport Center Lleida","article_modified_time":"2024-10-25T11:56:50+00:00","og_image":[{"width":2000,"height":1333,"url":"https:\/\/spartasportcenter.com\/lleida\/wp-content\/uploads\/2024\/05\/body-pump-lleida.webp","type":"image\/webp"}],"twitter_card":"summary_large_image","twitter_misc":{"Temps estimat de lectura":"3 minuts"},"schema":{"@context":"https:\/\/schema.org","@graph":[{"@type":"WebPage","@id":"https:\/\/spartasportcenter.com\/lleida\/ca\/body-pump-lleida\/","url":"https:\/\/spartasportcenter.com\/lleida\/ca\/body-pump-lleida\/","name":"Body Pump a Lleida | Sparta Sport Center","isPartOf":{"@id":"https:\/\/spartasportcenter.com\/lleida\/ca\/#website"},"primaryImageOfPage":{"@id":"https:\/\/spartasportcenter.com\/lleida\/ca\/body-pump-lleida\/#primaryimage"},"image":{"@id":"https:\/\/spartasportcenter.com\/lleida\/ca\/body-pump-lleida\/#primaryimage"},"thumbnailUrl":"https:\/\/spartasportcenter.com\/lleida\/wp-content\/uploads\/2024\/05\/body-pump-lleida.webp","datePublished":"2018-08-20T13:49:40+00:00","dateModified":"2024-10-25T11:56:50+00:00","description":"Est\u00e0s buscant un gimn\u00e0s per fer Body Pump a la Lleida? A Sparta Sport Center podem ajudar-te. Apunta't ja!","breadcrumb":{"@id":"https:\/\/spartasportcenter.com\/lleida\/ca\/body-pump-lleida\/#breadcrumb"},"inLanguage":"ca","potentialAction":[{"@type":"ReadAction","target":["https:\/\/spartasportcenter.com\/lleida\/ca\/body-pump-lleida\/"]}]},{"@type":"ImageObject","inLanguage":"ca","@id":"https:\/\/spartasportcenter.com\/lleida\/ca\/body-pump-lleida\/#primaryimage","url":"https:\/\/spartasportcenter.com\/lleida\/wp-content\/uploads\/2024\/05\/body-pump-lleida.webp","contentUrl":"https:\/\/spartasportcenter.com\/lleida\/wp-content\/uploads\/2024\/05\/body-pump-lleida.webp","width":2000,"height":1333,"caption":"body pump lleida"},{"@type":"BreadcrumbList","@id":"https:\/\/spartasportcenter.com\/lleida\/ca\/body-pump-lleida\/#breadcrumb","itemListElement":[{"@type":"ListItem","position":1,"name":"Portada","item":"https:\/\/spartasportcenter.com\/lleida\/ca\/"},{"@type":"ListItem","position":2,"name":"Body Pump a Lleida"}]},{"@type":"WebSite","@id":"https:\/\/spartasportcenter.com\/lleida\/ca\/#website","url":"https:\/\/spartasportcenter.com\/lleida\/ca\/","name":"Sparta Sport Center Lleida","description":"Gimnasios en Cuenca","potentialAction":[{"@type":"SearchAction","target":{"@type":"EntryPoint","urlTemplate":"https:\/\/spartasportcenter.com\/lleida\/ca\/?s={search_term_string}"},"query-input":{"@type":"PropertyValueSpecification","valueRequired":true,"valueName":"search_term_string"}}],"inLanguage":"ca"}]}},"_links":{"self":[{"href":"https:\/\/spartasportcenter.com\/lleida\/ca\/wp-json\/wp\/v2\/pages\/221793","targetHints":{"allow":["GET"]}}],"collection":[{"href":"https:\/\/spartasportcenter.com\/lleida\/ca\/wp-json\/wp\/v2\/pages"}],"about":[{"href":"https:\/\/spartasportcenter.com\/lleida\/ca\/wp-json\/wp\/v2\/types\/page"}],"author":[{"embeddable":true,"href":"https:\/\/spartasportcenter.com\/lleida\/ca\/wp-json\/wp\/v2\/users\/1"}],"replies":[{"embeddable":true,"href":"https:\/\/spartasportcenter.com\/lleida\/ca\/wp-json\/wp\/v2\/comments?post=221793"}],"version-history":[{"count":10,"href":"https:\/\/spartasportcenter.com\/lleida\/ca\/wp-json\/wp\/v2\/pages\/221793\/revisions"}],"predecessor-version":[{"id":222718,"href":"https:\/\/spartasportcenter.com\/lleida\/ca\/wp-json\/wp\/v2\/pages\/221793\/revisions\/222718"}],"wp:featuredmedia":[{"embeddable":true,"href":"https:\/\/spartasportcenter.com\/lleida\/ca\/wp-json\/wp\/v2\/media\/221936"}],"wp:attachment":[{"href":"https:\/\/spartasportcenter.com\/lleida\/ca\/wp-json\/wp\/v2\/media?parent=221793"}],"curies":[{"name":"wp","href":"https:\/\/api.w.org\/{rel}","templated":true}]}}