{"id":217669,"date":"2023-03-31T11:50:17","date_gmt":"2023-03-31T09:50:17","guid":{"rendered":"https:\/\/spartasportcenter.com\/jaca\/?page_id=217669"},"modified":"2025-12-22T12:57:34","modified_gmt":"2025-12-22T11:57:34","slug":"jiu-jitsu-jaca","status":"publish","type":"page","link":"https:\/\/spartasportcenter.com\/jaca\/jiu-jitsu-jaca\/","title":{"rendered":"Jiu Jitsu Jaca"},"content":{"rendered":"<p>[et_pb_section fb_built=\u00bb1&#8243; custom_padding_last_edited=\u00bbon|phone\u00bb disabled_on=\u00bboff|off|off\u00bb _builder_version=\u00bb4.27.4&#8243; background_color=\u00bb#000000&#8243; background_enable_image=\u00bboff\u00bb custom_margin=\u00bb||||false|false\u00bb custom_padding=\u00bb80px|0px|0px|0px|false|false\u00bb custom_padding_tablet=\u00bb\u00bb custom_padding_phone=\u00bb30px||50px||false|false\u00bb hover_enabled=\u00bb0&#8243; global_colors_info=\u00bb{}\u00bb sticky_enabled=\u00bb0&#8243;][et_pb_row column_structure=\u00bb1_3,2_3&#8243; custom_padding_last_edited=\u00bbon|desktop\u00bb _builder_version=\u00bb4.16&#8243; _module_preset=\u00bbdefault\u00bb custom_padding=\u00bb0px||||false|false\u00bb custom_padding_tablet=\u00bb\u00bb custom_padding_phone=\u00bb0px||||false|false\u00bb global_colors_info=\u00bb{}\u00bb][et_pb_column type=\u00bb1_3&#8243; _builder_version=\u00bb4.16&#8243; _module_preset=\u00bbdefault\u00bb global_colors_info=\u00bb{}\u00bb][et_pb_text _builder_version=\u00bb4.20.1&#8243; text_font=\u00bb||||||||\u00bb header_font=\u00bb||||||||\u00bb header_text_align=\u00bbcenter\u00bb header_2_font=\u00bb|300||on|||||\u00bb header_2_text_align=\u00bbright\u00bb header_2_font_size=\u00bb29px\u00bb custom_margin=\u00bb||0px||false|false\u00bb custom_padding=\u00bb|15%|0px||false|false\u00bb header_2_text_align_tablet=\u00bb\u00bb header_2_text_align_phone=\u00bbleft\u00bb header_2_text_align_last_edited=\u00bbon|phone\u00bb header_2_font_size_tablet=\u00bb51px\u00bb header_2_font_size_phone=\u00bb25px\u00bb header_2_font_size_last_edited=\u00bbon|phone\u00bb border_width_right=\u00bb2px\u00bb border_color_right=\u00bb#cccccc\u00bb border_width_right_tablet=\u00bb\u00bb border_width_right_phone=\u00bb0px\u00bb border_width_right_last_edited=\u00bbon|phone\u00bb locked=\u00bboff\u00bb global_colors_info=\u00bb{}\u00bb]<\/p>\n<h2>clases de<br \/>\njiu jitsu en Jaca<\/h2>\n<p>[\/et_pb_text][\/et_pb_column][et_pb_column type=\u00bb2_3&#8243; _builder_version=\u00bb4.16&#8243; _module_preset=\u00bbdefault\u00bb global_colors_info=\u00bb{}\u00bb][et_pb_text _builder_version=\u00bb4.20.1&#8243; text_font=\u00bb|300|||||||\u00bb text_text_color=\u00bb#cccccc\u00bb text_line_height=\u00bb1.1em\u00bb header_font=\u00bb|300|||||||\u00bb header_2_font=\u00bb|300||on|||||\u00bb header_2_text_color=\u00bb#cccccc\u00bb header_2_font_size=\u00bb36px\u00bb header_2_letter_spacing=\u00bb2px\u00bb background_layout=\u00bbdark\u00bb global_colors_info=\u00bb{}\u00bb]<\/p>\n<p><span style=\"font-weight: 400;\">Si te preocupa tu defensa ahora puedes practicar jiu jitsu en Jaca en Sparta Sport Center. Este arte marcial japon\u00e9s es un deporte con el que <\/span><b>podr\u00e1s mejorar tu disciplina en la vida<\/b><span style=\"font-weight: 400;\"> y tambi\u00e9n mejorar tu seguridad.<\/span><\/p>\n<p><span style=\"font-weight: 400;\">Practicar jiu jitsu en Jaca te permite disfrutar de todos los beneficios del jiu jitsu sin tener que desplazarte a Jap\u00f3n. Como sucede en otras artes marciales, esta disciplina es estupenda, no solo para mejorar tu f\u00edsico, sino tambi\u00e9n para trabajar tu mentalidad.<\/span><\/p>\n<p>[\/et_pb_text][et_pb_button button_text=\u00bb+\u00bb button_alignment=\u00bbcenter\u00bb module_class=\u00bbrv_button closed\u00bb _builder_version=\u00bb4.16&#8243; custom_button=\u00bbon\u00bb button_text_size=\u00bb39px\u00bb button_text_color=\u00bb#cccccc\u00bb button_border_width=\u00bb0px\u00bb button_border_radius=\u00bb0px\u00bb button_font=\u00bbOswald|700|||||||\u00bb button_use_icon=\u00bboff\u00bb custom_margin=\u00bb-40px|0px|-10px|0px|false|false\u00bb custom_margin_tablet=\u00bb\u00bb custom_margin_phone=\u00bb\u00bb custom_margin_last_edited=\u00bbon|phone\u00bb custom_padding=\u00bb0px|0px|0px|0px|true|\u00bb button_text_color_hover=\u00bbrgba(224,43,32,0.76)\u00bb button_border_color_hover=\u00bbrgba(0,0,0,0)\u00bb button_border_radius_hover=\u00bb0px\u00bb button_bg_color_hover=\u00bbrgba(0,0,0,0)\u00bb global_colors_info=\u00bb{}\u00bb button_text_size__hover_enabled=\u00bboff\u00bb button_one_text_size__hover_enabled=\u00bboff\u00bb button_two_text_size__hover_enabled=\u00bboff\u00bb button_text_color__hover_enabled=\u00bbon|desktop\u00bb button_text_color__hover=\u00bbrgba(255,255,255,0.5)\u00bb button_one_text_color__hover_enabled=\u00bboff\u00bb button_two_text_color__hover_enabled=\u00bboff\u00bb button_border_width__hover_enabled=\u00bboff\u00bb button_one_border_width__hover_enabled=\u00bboff\u00bb button_two_border_width__hover_enabled=\u00bboff\u00bb button_border_color__hover_enabled=\u00bbon\u00bb button_border_color__hover=\u00bbrgba(0,0,0,0)\u00bb button_one_border_color__hover_enabled=\u00bboff\u00bb button_two_border_color__hover_enabled=\u00bboff\u00bb button_border_radius__hover_enabled=\u00bbon\u00bb button_border_radius__hover=\u00bb0px\u00bb button_one_border_radius__hover_enabled=\u00bboff\u00bb button_two_border_radius__hover_enabled=\u00bboff\u00bb button_letter_spacing__hover_enabled=\u00bboff\u00bb button_one_letter_spacing__hover_enabled=\u00bboff\u00bb button_two_letter_spacing__hover_enabled=\u00bboff\u00bb button_bg_color__hover_enabled=\u00bbon\u00bb button_bg_color__hover=\u00bbrgba(255,255,255,0)\u00bb button_one_bg_color__hover_enabled=\u00bboff\u00bb button_two_bg_color__hover_enabled=\u00bboff\u00bb][\/et_pb_button][et_pb_text module_id=\u00bbreveal\u00bb _builder_version=\u00bb4.20.1&#8243; text_font=\u00bb|300|||||||\u00bb text_text_color=\u00bb#cccccc\u00bb text_line_height=\u00bb1.1em\u00bb header_font=\u00bb|300|||||||\u00bb header_2_font=\u00bb|300||on|||||\u00bb header_2_text_color=\u00bb#cccccc\u00bb header_2_font_size=\u00bb36px\u00bb header_2_letter_spacing=\u00bb2px\u00bb background_layout=\u00bbdark\u00bb global_colors_info=\u00bb{}\u00bb]<\/p>\n<p><b>Las clases de jiu jitsu est\u00e1n recomendadas para todas las edades<\/b><span style=\"font-weight: 400;\">, siendo algunos de los m\u00e1s j\u00f3venes los que m\u00e1s provecho pueden sacar debido a las aptitudes que se consiguen. De esta forma, <\/span><b>se fomentan valores<\/b><span style=\"font-weight: 400;\"> como el respeto por los dem\u00e1s, la responsabilidad, el compa\u00f1erismo o la humildad.<\/span><\/p>\n<p><span style=\"font-weight: 400;\">Con el jiu jitsu, m\u00e1s all\u00e1 de aprender nuevas t\u00e9cnicas de combate, tambi\u00e9n mejorar\u00e1s tu concentraci\u00f3n y <\/span><b>sentir\u00e1s mucha paz interior<\/b><span style=\"font-weight: 400;\">. Gracias a esta disciplina no solo mejorar\u00e1s tu fuerza, sino que tambi\u00e9n mejorar\u00e1s tu autoestima.<\/span><\/p>\n<p>[\/et_pb_text][\/et_pb_column][\/et_pb_row][et_pb_row column_structure=\u00bb1_3,2_3&#8243; custom_padding_last_edited=\u00bbon|phone\u00bb _builder_version=\u00bb4.16&#8243; _module_preset=\u00bbdefault\u00bb custom_margin=\u00bb||0px||false|false\u00bb custom_padding=\u00bb||||false|false\u00bb custom_padding_tablet=\u00bb\u00bb custom_padding_phone=\u00bb0px||0px||false|false\u00bb global_colors_info=\u00bb{}\u00bb][et_pb_column type=\u00bb1_3&#8243; _builder_version=\u00bb4.16&#8243; _module_preset=\u00bbdefault\u00bb global_colors_info=\u00bb{}\u00bb][et_pb_text _builder_version=\u00bb4.20.1&#8243; text_font=\u00bb||||||||\u00bb header_font=\u00bb||||||||\u00bb header_text_align=\u00bbcenter\u00bb header_2_font=\u00bb|300||on|||||\u00bb header_2_text_align=\u00bbright\u00bb header_2_font_size=\u00bb29px\u00bb custom_margin=\u00bb||0px||false|false\u00bb custom_padding=\u00bb|15%|0px||false|false\u00bb header_2_text_align_tablet=\u00bb\u00bb header_2_text_align_phone=\u00bbleft\u00bb header_2_text_align_last_edited=\u00bbon|phone\u00bb header_2_font_size_tablet=\u00bb51px\u00bb header_2_font_size_phone=\u00bb25px\u00bb header_2_font_size_last_edited=\u00bbon|phone\u00bb border_width_right=\u00bb2px\u00bb border_color_right=\u00bb#cccccc\u00bb border_width_right_tablet=\u00bb\u00bb border_width_right_phone=\u00bb0px\u00bb border_width_right_last_edited=\u00bbon|phone\u00bb locked=\u00bboff\u00bb global_colors_info=\u00bb{}\u00bb]<\/p>\n<h2>Beneficios del jiu jitsu en Jaca<\/h2>\n<p>[\/et_pb_text][\/et_pb_column][et_pb_column type=\u00bb2_3&#8243; _builder_version=\u00bb4.16&#8243; _module_preset=\u00bbdefault\u00bb global_colors_info=\u00bb{}\u00bb][et_pb_text _builder_version=\u00bb4.20.1&#8243; text_font=\u00bb|300|||||||\u00bb text_text_color=\u00bb#cccccc\u00bb text_line_height=\u00bb1.1em\u00bb header_font=\u00bb|300|||||||\u00bb header_2_font=\u00bb|300||on|||||\u00bb header_2_text_color=\u00bb#cccccc\u00bb header_2_font_size=\u00bb36px\u00bb header_2_letter_spacing=\u00bb2px\u00bb background_layout=\u00bbdark\u00bb global_colors_info=\u00bb{}\u00bb]<\/p>\n<p><span style=\"font-weight: 400;\">Si est\u00e1s pensando en practicar jiu jitsu brasile\u00f1o es importante conocer todos los beneficios con los que cuenta este arte marcial. En el jiu jitsu <\/span><b>no solo aprender\u00e1s toda clase de golpes<\/b><span style=\"font-weight: 400;\"> que te permitir\u00e1n defenderte en la calle, sino que tambi\u00e9n tendr\u00e1s conocimiento de luxaciones, estrangulaciones o lanzamientos.<\/span><\/p>\n<p><span style=\"font-weight: 400;\">Todo este repertorio de habilidades se consigue gracias a los diferentes ejercicios que se realizan en el jiu jitsu con los que <\/span><b>tambi\u00e9n aumentar\u00e1s tu fuerza y resistencia<\/b><span style=\"font-weight: 400;\">. Por supuesto, la pr\u00e1ctica de estos ejercicios te ayudar\u00e1 a perder peso sin tener que renunciar a la musculatura, por lo que es una quema de grasas mucho m\u00e1s eficaz.<\/span><\/p>\n<p>[\/et_pb_text][et_pb_button button_text=\u00bb+\u00bb button_alignment=\u00bbcenter\u00bb module_class=\u00bbrv_button2 closed\u00bb _builder_version=\u00bb4.16&#8243; custom_button=\u00bbon\u00bb button_text_size=\u00bb39px\u00bb button_text_color=\u00bb#cccccc\u00bb button_border_width=\u00bb0px\u00bb button_border_radius=\u00bb0px\u00bb button_font=\u00bbOswald|700|||||||\u00bb button_use_icon=\u00bboff\u00bb custom_margin=\u00bb-40px|0px|-10px|0px|false|false\u00bb custom_margin_tablet=\u00bb\u00bb custom_margin_phone=\u00bb\u00bb custom_margin_last_edited=\u00bbon|phone\u00bb custom_padding=\u00bb0px|0px|0px|0px|true|\u00bb button_text_color_hover=\u00bbrgba(224,43,32,0.76)\u00bb button_border_color_hover=\u00bbrgba(0,0,0,0)\u00bb button_border_radius_hover=\u00bb0px\u00bb button_bg_color_hover=\u00bbrgba(0,0,0,0)\u00bb global_colors_info=\u00bb{}\u00bb button_text_size__hover_enabled=\u00bboff\u00bb button_one_text_size__hover_enabled=\u00bboff\u00bb button_two_text_size__hover_enabled=\u00bboff\u00bb button_text_color__hover_enabled=\u00bbon|desktop\u00bb button_text_color__hover=\u00bbrgba(255,255,255,0.5)\u00bb button_one_text_color__hover_enabled=\u00bboff\u00bb button_two_text_color__hover_enabled=\u00bboff\u00bb button_border_width__hover_enabled=\u00bboff\u00bb button_one_border_width__hover_enabled=\u00bboff\u00bb button_two_border_width__hover_enabled=\u00bboff\u00bb button_border_color__hover_enabled=\u00bbon\u00bb button_border_color__hover=\u00bbrgba(0,0,0,0)\u00bb button_one_border_color__hover_enabled=\u00bboff\u00bb button_two_border_color__hover_enabled=\u00bboff\u00bb button_border_radius__hover_enabled=\u00bbon\u00bb button_border_radius__hover=\u00bb0px\u00bb button_one_border_radius__hover_enabled=\u00bboff\u00bb button_two_border_radius__hover_enabled=\u00bboff\u00bb button_letter_spacing__hover_enabled=\u00bboff\u00bb button_one_letter_spacing__hover_enabled=\u00bboff\u00bb button_two_letter_spacing__hover_enabled=\u00bboff\u00bb button_bg_color__hover_enabled=\u00bbon\u00bb button_bg_color__hover=\u00bbrgba(255,255,255,0)\u00bb button_one_bg_color__hover_enabled=\u00bboff\u00bb button_two_bg_color__hover_enabled=\u00bboff\u00bb][\/et_pb_button][et_pb_text module_id=\u00bbreveal2&#8243; _builder_version=\u00bb4.20.1&#8243; text_font=\u00bb|300|||||||\u00bb text_text_color=\u00bb#cccccc\u00bb text_line_height=\u00bb1.1em\u00bb header_font=\u00bb|300|||||||\u00bb header_2_font=\u00bb|300||on|||||\u00bb header_2_text_color=\u00bb#cccccc\u00bb header_2_font_size=\u00bb36px\u00bb header_2_letter_spacing=\u00bb2px\u00bb background_layout=\u00bbdark\u00bb global_colors_info=\u00bb{}\u00bb]<\/p>\n<p><span style=\"font-weight: 400;\">El jiu jitsu tambi\u00e9n te har\u00e1 sentir m\u00e1s en forma. Esto es posible gracias a un <\/span><b>aumento en la capacidad cardiovascular y pulmonar<\/b><span style=\"font-weight: 400;\"> debido a la combinaci\u00f3n de ejercicios aer\u00f3bicos y anaer\u00f3bicos.<\/span><\/p>\n<p><span style=\"font-weight: 400;\">Adem\u00e1s de fuerza, <\/span><b>el cuerpo tambi\u00e9n se vuelve mucho m\u00e1s flexible<\/b><span style=\"font-weight: 400;\"> gracias al jiu jitsu. Esto te permitir\u00e1 <\/span><b>mejorar tu resistencia a las lesiones<\/b><span style=\"font-weight: 400;\">, ya que ser\u00e1 menos frecuente sufrir torceduras o esguinces.<\/span><\/p>\n<p><span style=\"font-weight: 400;\">Finalmente, tambi\u00e9n hay que destacar la importancia que tiene en la salud mental. Adem\u00e1s de mejorar la condici\u00f3n f\u00edsica de forma general, <\/span><b>el jiu jitsu es muy bueno para eliminar tensiones<\/b><span style=\"font-weight: 400;\"> y acabar con el estr\u00e9s. B\u00e1sicamente, con el jiu jitsu <\/span><b>te sentir\u00e1s mucho mejor tanto f\u00edsica como mentalmente.<\/b><\/p>\n<p>[\/et_pb_text][\/et_pb_column][\/et_pb_row][\/et_pb_section][et_pb_section fb_built=\u00bb1&#8243; custom_padding_last_edited=\u00bbon|phone\u00bb _builder_version=\u00bb4.27.4&#8243; _module_preset=\u00bbdefault\u00bb background_color=\u00bb#000000&#8243; custom_padding=\u00bb0px||50px||false|false\u00bb custom_padding_tablet=\u00bb\u00bb custom_padding_phone=\u00bb||30px||false|false\u00bb hover_enabled=\u00bb0&#8243; global_colors_info=\u00bb{}\u00bb sticky_enabled=\u00bb0&#8243;][et_pb_row column_structure=\u00bb1_3,2_3&#8243; custom_padding_last_edited=\u00bbon|phone\u00bb _builder_version=\u00bb4.16&#8243; _module_preset=\u00bbdefault\u00bb custom_padding_tablet=\u00bb\u00bb custom_padding_phone=\u00bb0px||0px||false|false\u00bb global_colors_info=\u00bb{}\u00bb][et_pb_column type=\u00bb1_3&#8243; _builder_version=\u00bb4.16&#8243; _module_preset=\u00bbdefault\u00bb global_colors_info=\u00bb{}\u00bb][et_pb_text _builder_version=\u00bb4.20.1&#8243; text_font=\u00bb||||||||\u00bb header_font=\u00bb||||||||\u00bb header_text_align=\u00bbcenter\u00bb header_2_font=\u00bb|300||on|||||\u00bb header_2_text_align=\u00bbright\u00bb header_2_font_size=\u00bb29px\u00bb custom_margin=\u00bb||0px||false|false\u00bb custom_padding=\u00bb|15%|0px||false|false\u00bb header_2_text_align_tablet=\u00bb\u00bb header_2_text_align_phone=\u00bbleft\u00bb header_2_text_align_last_edited=\u00bbon|phone\u00bb header_2_font_size_tablet=\u00bb51px\u00bb header_2_font_size_phone=\u00bb25px\u00bb header_2_font_size_last_edited=\u00bbon|phone\u00bb border_width_right=\u00bb2px\u00bb border_color_right=\u00bb#cccccc\u00bb border_width_right_tablet=\u00bb\u00bb border_width_right_phone=\u00bb0px\u00bb border_width_right_last_edited=\u00bbon|phone\u00bb locked=\u00bboff\u00bb global_colors_info=\u00bb{}\u00bb]<\/p>\n<h2>Por qu\u00e9 jiu jitsu en Sparta Sport Center Jaca<\/h2>\n<p>[\/et_pb_text][\/et_pb_column][et_pb_column type=\u00bb2_3&#8243; _builder_version=\u00bb4.16&#8243; _module_preset=\u00bbdefault\u00bb global_colors_info=\u00bb{}\u00bb][et_pb_text _builder_version=\u00bb4.20.1&#8243; text_font=\u00bb|300|||||||\u00bb text_text_color=\u00bb#cccccc\u00bb text_line_height=\u00bb1.1em\u00bb header_font=\u00bb|300|||||||\u00bb header_2_font=\u00bb|300||on|||||\u00bb header_2_text_color=\u00bb#cccccc\u00bb header_2_font_size=\u00bb36px\u00bb header_2_letter_spacing=\u00bb2px\u00bb background_layout=\u00bbdark\u00bb global_colors_info=\u00bb{}\u00bb]<\/p>\n<p><span style=\"font-weight: 400;\">Si quieres practicar el jiu jitsu en Jaca de la mejor forma posible lo mejor es acudir al Sparta Sport Center. Esto no solo se debe a que te permite <\/span><b>contar con un buen entrenador<\/b><span style=\"font-weight: 400;\">, sino que podr\u00e1s disfrutar de un plan personalizado en uno de los mejores gimnasios especializados en este arte marcial.<\/span><\/p>\n<p><span style=\"font-weight: 400;\">En Sparta Sport Center Jaca te encontrar\u00e1s con un equipo de profesionales que te ayudar\u00e1 a disfrutar y <\/span><b>conocer el jiu jitsu a todos los niveles<\/b><span style=\"font-weight: 400;\">. No importa si tienes experiencia previa o es la primera vez que vas a disfrutar de un arte marcial, en Sparta Sport Center Jaca podr\u00e1s sacar todo el provecho de esta.<\/span><\/p>\n<p>[\/et_pb_text][\/et_pb_column][\/et_pb_row][\/et_pb_section]<\/p>\n","protected":false},"excerpt":{"rendered":"<p>clases de jiu jitsu en JacaSi te preocupa tu defensa ahora puedes practicar jiu jitsu en Jaca en Sparta Sport Center. Este arte marcial japon\u00e9s es un deporte con el que podr\u00e1s mejorar tu disciplina en la vida y tambi\u00e9n mejorar tu seguridad. Practicar jiu jitsu en Jaca te permite disfrutar de todos los beneficios [&hellip;]<\/p>\n","protected":false},"author":1,"featured_media":219013,"parent":0,"menu_order":0,"comment_status":"closed","ping_status":"closed","template":"","meta":{"_et_pb_use_builder":"on","_et_pb_old_content":"","_et_gb_content_width":"","footnotes":""},"class_list":["post-217669","page","type-page","status-publish","has-post-thumbnail","hentry"],"yoast_head":"<!-- This site is optimized with the Yoast SEO plugin v27.4 - https:\/\/yoast.com\/product\/yoast-seo-wordpress\/ -->\n<title>Jiu Jitsu Jaca | Sparta Sport Center<\/title>\n<meta name=\"description\" content=\"\u00bfEst\u00e1s buscando un gimnasio para practicar Jiu Jitsu en Jaca? En Sparta Sport Center podemos ayudarte. \u00a1Reserva con nosotros!\" \/>\n<meta name=\"robots\" content=\"index, follow, max-snippet:-1, max-image-preview:large, max-video-preview:-1\" \/>\n<link rel=\"canonical\" href=\"https:\/\/spartasportcenter.com\/jaca\/jiu-jitsu-jaca\/\" \/>\n<meta property=\"og:locale\" content=\"es_ES\" \/>\n<meta property=\"og:type\" content=\"article\" \/>\n<meta property=\"og:title\" content=\"Jiu Jitsu Jaca | Sparta Sport Center\" \/>\n<meta property=\"og:description\" content=\"\u00bfEst\u00e1s buscando un gimnasio para practicar Jiu Jitsu en Jaca? En Sparta Sport Center podemos ayudarte. \u00a1Reserva con nosotros!\" \/>\n<meta property=\"og:url\" content=\"https:\/\/spartasportcenter.com\/jaca\/jiu-jitsu-jaca\/\" \/>\n<meta property=\"og:site_name\" content=\"Sparta Sport Center Jaca\" \/>\n<meta property=\"article:modified_time\" content=\"2025-12-22T11:57:34+00:00\" \/>\n<meta property=\"og:image\" content=\"https:\/\/spartasportcenter.com\/jaca\/wp-content\/uploads\/2024\/05\/jiu-jitsu-jaca.webp\" \/>\n\t<meta property=\"og:image:width\" content=\"2000\" \/>\n\t<meta property=\"og:image:height\" content=\"1333\" \/>\n\t<meta property=\"og:image:type\" content=\"image\/webp\" \/>\n<meta name=\"twitter:card\" content=\"summary_large_image\" \/>\n<meta name=\"twitter:label1\" content=\"Tiempo de lectura\" \/>\n\t<meta name=\"twitter:data1\" content=\"3 minutos\" \/>\n<script type=\"application\/ld+json\" class=\"yoast-schema-graph\">{\"@context\":\"https:\\\/\\\/schema.org\",\"@graph\":[{\"@type\":\"WebPage\",\"@id\":\"https:\\\/\\\/spartasportcenter.com\\\/jaca\\\/jiu-jitsu-jaca\\\/\",\"url\":\"https:\\\/\\\/spartasportcenter.com\\\/jaca\\\/jiu-jitsu-jaca\\\/\",\"name\":\"Jiu Jitsu Jaca | Sparta Sport Center\",\"isPartOf\":{\"@id\":\"https:\\\/\\\/spartasportcenter.com\\\/jaca\\\/#website\"},\"primaryImageOfPage\":{\"@id\":\"https:\\\/\\\/spartasportcenter.com\\\/jaca\\\/jiu-jitsu-jaca\\\/#primaryimage\"},\"image\":{\"@id\":\"https:\\\/\\\/spartasportcenter.com\\\/jaca\\\/jiu-jitsu-jaca\\\/#primaryimage\"},\"thumbnailUrl\":\"https:\\\/\\\/spartasportcenter.com\\\/jaca\\\/wp-content\\\/uploads\\\/2024\\\/05\\\/jiu-jitsu-jaca.webp\",\"datePublished\":\"2023-03-31T09:50:17+00:00\",\"dateModified\":\"2025-12-22T11:57:34+00:00\",\"description\":\"\u00bfEst\u00e1s buscando un gimnasio para practicar Jiu Jitsu en Jaca? En Sparta Sport Center podemos ayudarte. \u00a1Reserva con nosotros!\",\"breadcrumb\":{\"@id\":\"https:\\\/\\\/spartasportcenter.com\\\/jaca\\\/jiu-jitsu-jaca\\\/#breadcrumb\"},\"inLanguage\":\"es\",\"potentialAction\":[{\"@type\":\"ReadAction\",\"target\":[\"https:\\\/\\\/spartasportcenter.com\\\/jaca\\\/jiu-jitsu-jaca\\\/\"]}]},{\"@type\":\"ImageObject\",\"inLanguage\":\"es\",\"@id\":\"https:\\\/\\\/spartasportcenter.com\\\/jaca\\\/jiu-jitsu-jaca\\\/#primaryimage\",\"url\":\"https:\\\/\\\/spartasportcenter.com\\\/jaca\\\/wp-content\\\/uploads\\\/2024\\\/05\\\/jiu-jitsu-jaca.webp\",\"contentUrl\":\"https:\\\/\\\/spartasportcenter.com\\\/jaca\\\/wp-content\\\/uploads\\\/2024\\\/05\\\/jiu-jitsu-jaca.webp\",\"width\":2000,\"height\":1333,\"caption\":\"jiu jitsu jaca\"},{\"@type\":\"BreadcrumbList\",\"@id\":\"https:\\\/\\\/spartasportcenter.com\\\/jaca\\\/jiu-jitsu-jaca\\\/#breadcrumb\",\"itemListElement\":[{\"@type\":\"ListItem\",\"position\":1,\"name\":\"Portada\",\"item\":\"https:\\\/\\\/spartasportcenter.com\\\/jaca\\\/\"},{\"@type\":\"ListItem\",\"position\":2,\"name\":\"Jiu Jitsu Jaca\"}]},{\"@type\":\"WebSite\",\"@id\":\"https:\\\/\\\/spartasportcenter.com\\\/jaca\\\/#website\",\"url\":\"https:\\\/\\\/spartasportcenter.com\\\/jaca\\\/\",\"name\":\"Sparta Sport Center Jaca\",\"description\":\"Gimnasios en Jaca\",\"potentialAction\":[{\"@type\":\"SearchAction\",\"target\":{\"@type\":\"EntryPoint\",\"urlTemplate\":\"https:\\\/\\\/spartasportcenter.com\\\/jaca\\\/?s={search_term_string}\"},\"query-input\":{\"@type\":\"PropertyValueSpecification\",\"valueRequired\":true,\"valueName\":\"search_term_string\"}}],\"inLanguage\":\"es\"}]}<\/script>\n<!-- \/ Yoast SEO plugin. -->","yoast_head_json":{"title":"Jiu Jitsu Jaca | Sparta Sport Center","description":"\u00bfEst\u00e1s buscando un gimnasio para practicar Jiu Jitsu en Jaca? En Sparta Sport Center podemos ayudarte. \u00a1Reserva con nosotros!","robots":{"index":"index","follow":"follow","max-snippet":"max-snippet:-1","max-image-preview":"max-image-preview:large","max-video-preview":"max-video-preview:-1"},"canonical":"https:\/\/spartasportcenter.com\/jaca\/jiu-jitsu-jaca\/","og_locale":"es_ES","og_type":"article","og_title":"Jiu Jitsu Jaca | Sparta Sport Center","og_description":"\u00bfEst\u00e1s buscando un gimnasio para practicar Jiu Jitsu en Jaca? En Sparta Sport Center podemos ayudarte. \u00a1Reserva con nosotros!","og_url":"https:\/\/spartasportcenter.com\/jaca\/jiu-jitsu-jaca\/","og_site_name":"Sparta Sport Center Jaca","article_modified_time":"2025-12-22T11:57:34+00:00","og_image":[{"width":2000,"height":1333,"url":"https:\/\/spartasportcenter.com\/jaca\/wp-content\/uploads\/2024\/05\/jiu-jitsu-jaca.webp","type":"image\/webp"}],"twitter_card":"summary_large_image","twitter_misc":{"Tiempo de lectura":"3 minutos"},"schema":{"@context":"https:\/\/schema.org","@graph":[{"@type":"WebPage","@id":"https:\/\/spartasportcenter.com\/jaca\/jiu-jitsu-jaca\/","url":"https:\/\/spartasportcenter.com\/jaca\/jiu-jitsu-jaca\/","name":"Jiu Jitsu Jaca | Sparta Sport Center","isPartOf":{"@id":"https:\/\/spartasportcenter.com\/jaca\/#website"},"primaryImageOfPage":{"@id":"https:\/\/spartasportcenter.com\/jaca\/jiu-jitsu-jaca\/#primaryimage"},"image":{"@id":"https:\/\/spartasportcenter.com\/jaca\/jiu-jitsu-jaca\/#primaryimage"},"thumbnailUrl":"https:\/\/spartasportcenter.com\/jaca\/wp-content\/uploads\/2024\/05\/jiu-jitsu-jaca.webp","datePublished":"2023-03-31T09:50:17+00:00","dateModified":"2025-12-22T11:57:34+00:00","description":"\u00bfEst\u00e1s buscando un gimnasio para practicar Jiu Jitsu en Jaca? En Sparta Sport Center podemos ayudarte. \u00a1Reserva con nosotros!","breadcrumb":{"@id":"https:\/\/spartasportcenter.com\/jaca\/jiu-jitsu-jaca\/#breadcrumb"},"inLanguage":"es","potentialAction":[{"@type":"ReadAction","target":["https:\/\/spartasportcenter.com\/jaca\/jiu-jitsu-jaca\/"]}]},{"@type":"ImageObject","inLanguage":"es","@id":"https:\/\/spartasportcenter.com\/jaca\/jiu-jitsu-jaca\/#primaryimage","url":"https:\/\/spartasportcenter.com\/jaca\/wp-content\/uploads\/2024\/05\/jiu-jitsu-jaca.webp","contentUrl":"https:\/\/spartasportcenter.com\/jaca\/wp-content\/uploads\/2024\/05\/jiu-jitsu-jaca.webp","width":2000,"height":1333,"caption":"jiu jitsu jaca"},{"@type":"BreadcrumbList","@id":"https:\/\/spartasportcenter.com\/jaca\/jiu-jitsu-jaca\/#breadcrumb","itemListElement":[{"@type":"ListItem","position":1,"name":"Portada","item":"https:\/\/spartasportcenter.com\/jaca\/"},{"@type":"ListItem","position":2,"name":"Jiu Jitsu Jaca"}]},{"@type":"WebSite","@id":"https:\/\/spartasportcenter.com\/jaca\/#website","url":"https:\/\/spartasportcenter.com\/jaca\/","name":"Sparta Sport Center Jaca","description":"Gimnasios en Jaca","potentialAction":[{"@type":"SearchAction","target":{"@type":"EntryPoint","urlTemplate":"https:\/\/spartasportcenter.com\/jaca\/?s={search_term_string}"},"query-input":{"@type":"PropertyValueSpecification","valueRequired":true,"valueName":"search_term_string"}}],"inLanguage":"es"}]}},"_links":{"self":[{"href":"https:\/\/spartasportcenter.com\/jaca\/wp-json\/wp\/v2\/pages\/217669","targetHints":{"allow":["GET"]}}],"collection":[{"href":"https:\/\/spartasportcenter.com\/jaca\/wp-json\/wp\/v2\/pages"}],"about":[{"href":"https:\/\/spartasportcenter.com\/jaca\/wp-json\/wp\/v2\/types\/page"}],"author":[{"embeddable":true,"href":"https:\/\/spartasportcenter.com\/jaca\/wp-json\/wp\/v2\/users\/1"}],"replies":[{"embeddable":true,"href":"https:\/\/spartasportcenter.com\/jaca\/wp-json\/wp\/v2\/comments?post=217669"}],"version-history":[{"count":2,"href":"https:\/\/spartasportcenter.com\/jaca\/wp-json\/wp\/v2\/pages\/217669\/revisions"}],"predecessor-version":[{"id":220412,"href":"https:\/\/spartasportcenter.com\/jaca\/wp-json\/wp\/v2\/pages\/217669\/revisions\/220412"}],"wp:featuredmedia":[{"embeddable":true,"href":"https:\/\/spartasportcenter.com\/jaca\/wp-json\/wp\/v2\/media\/219013"}],"wp:attachment":[{"href":"https:\/\/spartasportcenter.com\/jaca\/wp-json\/wp\/v2\/media?parent=217669"}],"curies":[{"name":"wp","href":"https:\/\/api.w.org\/{rel}","templated":true}]}}