{"id":217661,"date":"2023-03-31T11:41:45","date_gmt":"2023-03-31T09:41:45","guid":{"rendered":"https:\/\/spartasportcenter.com\/jaca\/?page_id=217661"},"modified":"2025-12-22T12:54:33","modified_gmt":"2025-12-22T11:54:33","slug":"cross-training-jaca","status":"publish","type":"page","link":"https:\/\/spartasportcenter.com\/jaca\/cross-training-jaca\/","title":{"rendered":"Cross Training Jaca"},"content":{"rendered":"<p>[et_pb_section fb_built=\u00bb1&#8243; custom_padding_last_edited=\u00bbon|phone\u00bb disabled_on=\u00bboff|off|off\u00bb _builder_version=\u00bb4.27.4&#8243; background_color=\u00bb#000000&#8243; background_enable_image=\u00bboff\u00bb custom_margin=\u00bb||||false|false\u00bb custom_padding=\u00bb80px|0px|0px|0px|false|false\u00bb custom_padding_tablet=\u00bb\u00bb custom_padding_phone=\u00bb30px||50px||false|false\u00bb hover_enabled=\u00bb0&#8243; global_colors_info=\u00bb{}\u00bb sticky_enabled=\u00bb0&#8243;][et_pb_row column_structure=\u00bb1_3,2_3&#8243; custom_padding_last_edited=\u00bbon|desktop\u00bb _builder_version=\u00bb4.16&#8243; _module_preset=\u00bbdefault\u00bb custom_padding=\u00bb0px||||false|false\u00bb custom_padding_tablet=\u00bb\u00bb custom_padding_phone=\u00bb0px||||false|false\u00bb global_colors_info=\u00bb{}\u00bb][et_pb_column type=\u00bb1_3&#8243; _builder_version=\u00bb4.16&#8243; _module_preset=\u00bbdefault\u00bb global_colors_info=\u00bb{}\u00bb][et_pb_text _builder_version=\u00bb4.20.1&#8243; text_font=\u00bb||||||||\u00bb header_font=\u00bb||||||||\u00bb header_text_align=\u00bbcenter\u00bb header_2_font=\u00bb|300||on|||||\u00bb header_2_text_align=\u00bbright\u00bb header_2_font_size=\u00bb29px\u00bb custom_margin=\u00bb||0px||false|false\u00bb custom_padding=\u00bb|15%|0px||false|false\u00bb header_2_text_align_tablet=\u00bb\u00bb header_2_text_align_phone=\u00bbleft\u00bb header_2_text_align_last_edited=\u00bbon|phone\u00bb header_2_font_size_tablet=\u00bb51px\u00bb header_2_font_size_phone=\u00bb25px\u00bb header_2_font_size_last_edited=\u00bbon|phone\u00bb border_width_right=\u00bb2px\u00bb border_color_right=\u00bb#cccccc\u00bb border_width_right_tablet=\u00bb\u00bb border_width_right_phone=\u00bb0px\u00bb border_width_right_last_edited=\u00bbon|phone\u00bb locked=\u00bboff\u00bb global_colors_info=\u00bb{}\u00bb]<\/p>\n<h2>clases de<br \/>\ncross training en Jaca<\/h2>\n<p>[\/et_pb_text][\/et_pb_column][et_pb_column type=\u00bb2_3&#8243; _builder_version=\u00bb4.16&#8243; _module_preset=\u00bbdefault\u00bb global_colors_info=\u00bb{}\u00bb][et_pb_text _builder_version=\u00bb4.20.1&#8243; text_font=\u00bb|300|||||||\u00bb text_text_color=\u00bb#cccccc\u00bb text_line_height=\u00bb1.1em\u00bb header_font=\u00bb|300|||||||\u00bb header_2_font=\u00bb|300||on|||||\u00bb header_2_text_color=\u00bb#cccccc\u00bb header_2_font_size=\u00bb36px\u00bb header_2_letter_spacing=\u00bb2px\u00bb background_layout=\u00bbdark\u00bb global_colors_info=\u00bb{}\u00bb]<\/p>\n<p><span style=\"font-weight: 400;\">El cross training en Jaca es un tipo de entrenamiento <\/span><b>cada vez m\u00e1s popular entre la poblaci\u00f3n<\/b><span style=\"font-weight: 400;\">. Esto facilita que sea mucho m\u00e1s f\u00e1cil practicar crosstraining en Jaca y uno de los mejores lugares para hacerlo es en el Sparta Sport Center.<\/span><\/p>\n<p><span style=\"font-weight: 400;\">Cuando hablamos de entrenamiento de cross training debemos tener en cuenta que estamos hablando de un <\/span><b>entrenamiento de alta intensidad<\/b><span style=\"font-weight: 400;\">. A pesar de esta alta intensidad es posible disfrutar de clases de cross training sin necesitar experiencia previa.<\/span><\/p>\n<p>[\/et_pb_text][et_pb_button button_text=\u00bb+\u00bb button_alignment=\u00bbcenter\u00bb module_class=\u00bbrv_button closed\u00bb _builder_version=\u00bb4.16&#8243; custom_button=\u00bbon\u00bb button_text_size=\u00bb39px\u00bb button_text_color=\u00bb#cccccc\u00bb button_border_width=\u00bb0px\u00bb button_border_radius=\u00bb0px\u00bb button_font=\u00bbOswald|700|||||||\u00bb button_use_icon=\u00bboff\u00bb custom_margin=\u00bb-40px|0px|-10px|0px|false|false\u00bb custom_margin_tablet=\u00bb\u00bb custom_margin_phone=\u00bb\u00bb custom_margin_last_edited=\u00bbon|phone\u00bb custom_padding=\u00bb0px|0px|0px|0px|true|\u00bb button_text_color_hover=\u00bbrgba(224,43,32,0.76)\u00bb button_border_color_hover=\u00bbrgba(0,0,0,0)\u00bb button_border_radius_hover=\u00bb0px\u00bb button_bg_color_hover=\u00bbrgba(0,0,0,0)\u00bb global_colors_info=\u00bb{}\u00bb button_text_size__hover_enabled=\u00bboff\u00bb button_one_text_size__hover_enabled=\u00bboff\u00bb button_two_text_size__hover_enabled=\u00bboff\u00bb button_text_color__hover_enabled=\u00bbon|desktop\u00bb button_text_color__hover=\u00bbrgba(255,255,255,0.5)\u00bb button_one_text_color__hover_enabled=\u00bboff\u00bb button_two_text_color__hover_enabled=\u00bboff\u00bb button_border_width__hover_enabled=\u00bboff\u00bb button_one_border_width__hover_enabled=\u00bboff\u00bb button_two_border_width__hover_enabled=\u00bboff\u00bb button_border_color__hover_enabled=\u00bbon\u00bb button_border_color__hover=\u00bbrgba(0,0,0,0)\u00bb button_one_border_color__hover_enabled=\u00bboff\u00bb button_two_border_color__hover_enabled=\u00bboff\u00bb button_border_radius__hover_enabled=\u00bbon\u00bb button_border_radius__hover=\u00bb0px\u00bb button_one_border_radius__hover_enabled=\u00bboff\u00bb button_two_border_radius__hover_enabled=\u00bboff\u00bb button_letter_spacing__hover_enabled=\u00bboff\u00bb button_one_letter_spacing__hover_enabled=\u00bboff\u00bb button_two_letter_spacing__hover_enabled=\u00bboff\u00bb button_bg_color__hover_enabled=\u00bbon\u00bb button_bg_color__hover=\u00bbrgba(255,255,255,0)\u00bb button_one_bg_color__hover_enabled=\u00bboff\u00bb button_two_bg_color__hover_enabled=\u00bboff\u00bb][\/et_pb_button][et_pb_text module_id=\u00bbreveal\u00bb _builder_version=\u00bb4.20.1&#8243; text_font=\u00bb|300|||||||\u00bb text_text_color=\u00bb#cccccc\u00bb text_line_height=\u00bb1.1em\u00bb header_font=\u00bb|300|||||||\u00bb header_2_font=\u00bb|300||on|||||\u00bb header_2_text_color=\u00bb#cccccc\u00bb header_2_font_size=\u00bb36px\u00bb header_2_letter_spacing=\u00bb2px\u00bb background_layout=\u00bbdark\u00bb global_colors_info=\u00bb{}\u00bb]<\/p>\n<p><span style=\"font-weight: 400;\">El prop\u00f3sito de los ejercicios de cross training es <\/span><b>aumentar la condici\u00f3n f\u00edsica en general<\/b><span style=\"font-weight: 400;\">, por lo que tiene grandes beneficios para la salud y el cuerpo en general.<\/span><\/p>\n<p><span style=\"font-weight: 400;\">A pesar de que no es necesario <\/span><b>ning\u00fan tipo de experiencia previa<\/b><span style=\"font-weight: 400;\"> para disfrutar de este deporte, s\u00ed que existen diferentes niveles de entrenamiento. En las fases previas del crosstraining el entrenador ser\u00e1 el encargado de mostrar <\/span><b>c\u00f3mo se realizan los diferentes ejercicios<\/b><span style=\"font-weight: 400;\"> a los alumnos para que estos puedan practicarlos de forma correcta.<\/span><\/p>\n<p><span style=\"font-weight: 400;\">El crosstraining en Jaca es un deporte que fomenta la superaci\u00f3n. A pesar de que no se trata de ninguna pr\u00e1ctica de equipo, debido al clima de concentraci\u00f3n e intensidad con la que cuenta el crosstraining se puedes llegar a conocer de forma mucho m\u00e1s sencilla personas con tus mismas aficiones.<\/span><\/p>\n<p>[\/et_pb_text][\/et_pb_column][\/et_pb_row][et_pb_row column_structure=\u00bb1_3,2_3&#8243; custom_padding_last_edited=\u00bbon|phone\u00bb _builder_version=\u00bb4.16&#8243; _module_preset=\u00bbdefault\u00bb custom_margin=\u00bb||0px||false|false\u00bb custom_padding=\u00bb||||false|false\u00bb custom_padding_tablet=\u00bb\u00bb custom_padding_phone=\u00bb0px||0px||false|false\u00bb global_colors_info=\u00bb{}\u00bb][et_pb_column type=\u00bb1_3&#8243; _builder_version=\u00bb4.16&#8243; _module_preset=\u00bbdefault\u00bb global_colors_info=\u00bb{}\u00bb][et_pb_text _builder_version=\u00bb4.20.1&#8243; text_font=\u00bb||||||||\u00bb header_font=\u00bb||||||||\u00bb header_text_align=\u00bbcenter\u00bb header_2_font=\u00bb|300||on|||||\u00bb header_2_text_align=\u00bbright\u00bb header_2_font_size=\u00bb29px\u00bb custom_margin=\u00bb||0px||false|false\u00bb custom_padding=\u00bb|15%|0px||false|false\u00bb header_2_text_align_tablet=\u00bb\u00bb header_2_text_align_phone=\u00bbleft\u00bb header_2_text_align_last_edited=\u00bbon|phone\u00bb header_2_font_size_tablet=\u00bb51px\u00bb header_2_font_size_phone=\u00bb25px\u00bb header_2_font_size_last_edited=\u00bbon|phone\u00bb border_width_right=\u00bb2px\u00bb border_color_right=\u00bb#cccccc\u00bb border_width_right_tablet=\u00bb\u00bb border_width_right_phone=\u00bb0px\u00bb border_width_right_last_edited=\u00bbon|phone\u00bb locked=\u00bboff\u00bb global_colors_info=\u00bb{}\u00bb]<\/p>\n<h2>Beneficios del cross training en Jaca<\/h2>\n<p>[\/et_pb_text][\/et_pb_column][et_pb_column type=\u00bb2_3&#8243; _builder_version=\u00bb4.16&#8243; _module_preset=\u00bbdefault\u00bb global_colors_info=\u00bb{}\u00bb][et_pb_text _builder_version=\u00bb4.20.1&#8243; text_font=\u00bb|300|||||||\u00bb text_text_color=\u00bb#cccccc\u00bb text_line_height=\u00bb1.1em\u00bb header_font=\u00bb|300|||||||\u00bb header_2_font=\u00bb|300||on|||||\u00bb header_2_text_color=\u00bb#cccccc\u00bb header_2_font_size=\u00bb36px\u00bb header_2_letter_spacing=\u00bb2px\u00bb background_layout=\u00bbdark\u00bb global_colors_info=\u00bb{}\u00bb]<\/p>\n<p><span style=\"font-weight: 400;\">Una de las caracter\u00edsticas que tiene el crosstraining es que cuenta con una <\/span><b>gran cantidad de ejercicios diferentes<\/b><span style=\"font-weight: 400;\">. Esto te permite <\/span><b>mejorar en diferentes aspectos<\/b><span style=\"font-weight: 400;\"> dependiendo de lo que quieras trabajar.<\/span><\/p>\n<p><span style=\"font-weight: 400;\">Por poner varios ejemplos, en ejercicios como el box jump podr\u00e1s trabajar la fuerza y agilidad, mientras que en otros como los burpees <\/span><b>trabajar\u00e1s la potencia y la resistencia.<\/b><\/p>\n<p>[\/et_pb_text][et_pb_button button_text=\u00bb+\u00bb button_alignment=\u00bbcenter\u00bb module_class=\u00bbrv_button2 closed\u00bb _builder_version=\u00bb4.16&#8243; custom_button=\u00bbon\u00bb button_text_size=\u00bb39px\u00bb button_text_color=\u00bb#cccccc\u00bb button_border_width=\u00bb0px\u00bb button_border_radius=\u00bb0px\u00bb button_font=\u00bbOswald|700|||||||\u00bb button_use_icon=\u00bboff\u00bb custom_margin=\u00bb-40px|0px|-10px|0px|false|false\u00bb custom_margin_tablet=\u00bb\u00bb custom_margin_phone=\u00bb\u00bb custom_margin_last_edited=\u00bbon|phone\u00bb custom_padding=\u00bb0px|0px|0px|0px|true|\u00bb button_text_color_hover=\u00bbrgba(224,43,32,0.76)\u00bb button_border_color_hover=\u00bbrgba(0,0,0,0)\u00bb button_border_radius_hover=\u00bb0px\u00bb button_bg_color_hover=\u00bbrgba(0,0,0,0)\u00bb global_colors_info=\u00bb{}\u00bb button_text_size__hover_enabled=\u00bboff\u00bb button_one_text_size__hover_enabled=\u00bboff\u00bb button_two_text_size__hover_enabled=\u00bboff\u00bb button_text_color__hover_enabled=\u00bbon|desktop\u00bb button_text_color__hover=\u00bbrgba(255,255,255,0.5)\u00bb button_one_text_color__hover_enabled=\u00bboff\u00bb button_two_text_color__hover_enabled=\u00bboff\u00bb button_border_width__hover_enabled=\u00bboff\u00bb button_one_border_width__hover_enabled=\u00bboff\u00bb button_two_border_width__hover_enabled=\u00bboff\u00bb button_border_color__hover_enabled=\u00bbon\u00bb button_border_color__hover=\u00bbrgba(0,0,0,0)\u00bb button_one_border_color__hover_enabled=\u00bboff\u00bb button_two_border_color__hover_enabled=\u00bboff\u00bb button_border_radius__hover_enabled=\u00bbon\u00bb button_border_radius__hover=\u00bb0px\u00bb button_one_border_radius__hover_enabled=\u00bboff\u00bb button_two_border_radius__hover_enabled=\u00bboff\u00bb button_letter_spacing__hover_enabled=\u00bboff\u00bb button_one_letter_spacing__hover_enabled=\u00bboff\u00bb button_two_letter_spacing__hover_enabled=\u00bboff\u00bb button_bg_color__hover_enabled=\u00bbon\u00bb button_bg_color__hover=\u00bbrgba(255,255,255,0)\u00bb button_one_bg_color__hover_enabled=\u00bboff\u00bb button_two_bg_color__hover_enabled=\u00bboff\u00bb][\/et_pb_button][et_pb_text module_id=\u00bbreveal2&#8243; _builder_version=\u00bb4.20.1&#8243; text_font=\u00bb|300|||||||\u00bb text_text_color=\u00bb#cccccc\u00bb text_line_height=\u00bb1.1em\u00bb header_font=\u00bb|300|||||||\u00bb header_2_font=\u00bb|300||on|||||\u00bb header_2_text_color=\u00bb#cccccc\u00bb header_2_font_size=\u00bb36px\u00bb header_2_letter_spacing=\u00bb2px\u00bb background_layout=\u00bbdark\u00bb global_colors_info=\u00bb{}\u00bb]<\/p>\n<p><span style=\"font-weight: 400;\">Toda esta amplia variedad de ejercicios que se pueden realizar en el gimnasio te permitir\u00e1 trabajar lo que quieras, desde aspectos que mejoran la velocidad hasta otros como el equilibrio, la <\/span><b>flexibilidad o la coordinaci\u00f3n<\/b><span style=\"font-weight: 400;\">.<\/span><\/p>\n<p><span style=\"font-weight: 400;\">El crosstraining tambi\u00e9n es bueno para trabajar la postura corporal, ya que posibilita que los <\/span><b>movimientos corporales se realicen de la forma correcta<\/b><span style=\"font-weight: 400;\">. Por otro lado, no se trata de un deporte que requiera de mucho tiempo, las sesiones son cortas pero intensas.<\/span><\/p>\n<p><span style=\"font-weight: 400;\">El crosstraining <\/span><b>favorece la quema de la grasa corporal<\/b><span style=\"font-weight: 400;\"> y tambi\u00e9n es muy bueno de cara a prevenir lesiones en los m\u00fasculos, ligamentos y tendones debido a su fortalecimiento.<\/span><\/p>\n<p>[\/et_pb_text][\/et_pb_column][\/et_pb_row][\/et_pb_section][et_pb_section fb_built=\u00bb1&#8243; custom_padding_last_edited=\u00bbon|phone\u00bb _builder_version=\u00bb4.27.4&#8243; _module_preset=\u00bbdefault\u00bb background_color=\u00bb#000000&#8243; custom_padding=\u00bb0px||50px||false|false\u00bb custom_padding_tablet=\u00bb\u00bb custom_padding_phone=\u00bb||30px||false|false\u00bb hover_enabled=\u00bb0&#8243; global_colors_info=\u00bb{}\u00bb sticky_enabled=\u00bb0&#8243;][et_pb_row column_structure=\u00bb1_3,2_3&#8243; custom_padding_last_edited=\u00bbon|phone\u00bb _builder_version=\u00bb4.16&#8243; _module_preset=\u00bbdefault\u00bb custom_padding_tablet=\u00bb\u00bb custom_padding_phone=\u00bb0px||0px||false|false\u00bb global_colors_info=\u00bb{}\u00bb][et_pb_column type=\u00bb1_3&#8243; _builder_version=\u00bb4.16&#8243; _module_preset=\u00bbdefault\u00bb global_colors_info=\u00bb{}\u00bb][et_pb_text _builder_version=\u00bb4.20.1&#8243; text_font=\u00bb||||||||\u00bb header_font=\u00bb||||||||\u00bb header_text_align=\u00bbcenter\u00bb header_2_font=\u00bb|300||on|||||\u00bb header_2_text_align=\u00bbright\u00bb header_2_font_size=\u00bb29px\u00bb custom_margin=\u00bb||0px||false|false\u00bb custom_padding=\u00bb|15%|0px||false|false\u00bb header_2_text_align_tablet=\u00bb\u00bb header_2_text_align_phone=\u00bbleft\u00bb header_2_text_align_last_edited=\u00bbon|phone\u00bb header_2_font_size_tablet=\u00bb51px\u00bb header_2_font_size_phone=\u00bb25px\u00bb header_2_font_size_last_edited=\u00bbon|phone\u00bb border_width_right=\u00bb2px\u00bb border_color_right=\u00bb#cccccc\u00bb border_width_right_tablet=\u00bb\u00bb border_width_right_phone=\u00bb0px\u00bb border_width_right_last_edited=\u00bbon|phone\u00bb locked=\u00bboff\u00bb global_colors_info=\u00bb{}\u00bb]<\/p>\n<h2>Por qu\u00e9 cross training en Sparta Sport Center Jaca<\/h2>\n<p>[\/et_pb_text][\/et_pb_column][et_pb_column type=\u00bb2_3&#8243; _builder_version=\u00bb4.16&#8243; _module_preset=\u00bbdefault\u00bb global_colors_info=\u00bb{}\u00bb][et_pb_text _builder_version=\u00bb4.20.1&#8243; text_font=\u00bb|300|||||||\u00bb text_text_color=\u00bb#cccccc\u00bb text_line_height=\u00bb1.1em\u00bb header_font=\u00bb|300|||||||\u00bb header_2_font=\u00bb|300||on|||||\u00bb header_2_text_color=\u00bb#cccccc\u00bb header_2_font_size=\u00bb36px\u00bb header_2_letter_spacing=\u00bb2px\u00bb background_layout=\u00bbdark\u00bb global_colors_info=\u00bb{}\u00bb]<\/p>\n<p><span style=\"font-weight: 400;\">Disfrutar de los beneficios del cross training en Jaca en Sparta Sport Center es mucho m\u00e1s sencillo gracias <\/span><b>al buen hacer de nuestros profesores<\/b><span style=\"font-weight: 400;\">. Esto se debe a que en nuestro gimnasio podr\u00e1s disfrutar de un WOD (entrenamiento del d\u00eda) con el que podr\u00e1s contar con todos los beneficios del cross training.<\/span><\/p>\n<p><span style=\"font-weight: 400;\">En Sparta Sport Center Jaca contar\u00e1s con un servicio personalizado con el que <\/span><b>podr\u00e1s adaptar este deporte a tus necesidades y caracter\u00edsticas<\/b><span style=\"font-weight: 400;\">. En nuestro centro podr\u00e1s ir mejorando progresivamente gracias al trabajo de sus monitores y disfrutar\u00e1s mucho m\u00e1s de la realizaci\u00f3n de todos sus ejercicios.<\/span><\/p>\n<p>[\/et_pb_text][\/et_pb_column][\/et_pb_row][\/et_pb_section]<\/p>\n","protected":false},"excerpt":{"rendered":"<p>clases de cross training en JacaEl cross training en Jaca es un tipo de entrenamiento cada vez m\u00e1s popular entre la poblaci\u00f3n. Esto facilita que sea mucho m\u00e1s f\u00e1cil practicar crosstraining en Jaca y uno de los mejores lugares para hacerlo es en el Sparta Sport Center. Cuando hablamos de entrenamiento de cross training debemos [&hellip;]<\/p>\n","protected":false},"author":1,"featured_media":219011,"parent":0,"menu_order":0,"comment_status":"closed","ping_status":"closed","template":"","meta":{"_et_pb_use_builder":"on","_et_pb_old_content":"","_et_gb_content_width":"","footnotes":""},"class_list":["post-217661","page","type-page","status-publish","has-post-thumbnail","hentry"],"yoast_head":"<!-- This site is optimized with the Yoast SEO plugin v27.4 - https:\/\/yoast.com\/product\/yoast-seo-wordpress\/ -->\n<title>Cross Training Jaca | Sparta Sport Center<\/title>\n<meta name=\"description\" content=\"\u00bfEst\u00e1s buscando un gimnasio para practicar cross training en Jaca? En Sparta Sport Center podemos ayudarte. \u00a1Reserva con nosotros!\" \/>\n<meta name=\"robots\" content=\"index, follow, max-snippet:-1, max-image-preview:large, max-video-preview:-1\" \/>\n<link rel=\"canonical\" href=\"https:\/\/spartasportcenter.com\/jaca\/cross-training-jaca\/\" \/>\n<meta property=\"og:locale\" content=\"es_ES\" \/>\n<meta property=\"og:type\" content=\"article\" \/>\n<meta property=\"og:title\" content=\"Cross Training Jaca | Sparta Sport Center\" \/>\n<meta property=\"og:description\" content=\"\u00bfEst\u00e1s buscando un gimnasio para practicar cross training en Jaca? En Sparta Sport Center podemos ayudarte. \u00a1Reserva con nosotros!\" \/>\n<meta property=\"og:url\" content=\"https:\/\/spartasportcenter.com\/jaca\/cross-training-jaca\/\" \/>\n<meta property=\"og:site_name\" content=\"Sparta Sport Center Jaca\" \/>\n<meta property=\"article:modified_time\" content=\"2025-12-22T11:54:33+00:00\" \/>\n<meta property=\"og:image\" content=\"https:\/\/spartasportcenter.com\/jaca\/wp-content\/uploads\/2024\/05\/cross-training-jaca.webp\" \/>\n\t<meta property=\"og:image:width\" content=\"2000\" \/>\n\t<meta property=\"og:image:height\" content=\"1333\" \/>\n\t<meta property=\"og:image:type\" content=\"image\/webp\" \/>\n<meta name=\"twitter:card\" content=\"summary_large_image\" \/>\n<meta name=\"twitter:label1\" content=\"Tiempo de lectura\" \/>\n\t<meta name=\"twitter:data1\" content=\"3 minutos\" \/>\n<script type=\"application\/ld+json\" class=\"yoast-schema-graph\">{\"@context\":\"https:\\\/\\\/schema.org\",\"@graph\":[{\"@type\":\"WebPage\",\"@id\":\"https:\\\/\\\/spartasportcenter.com\\\/jaca\\\/cross-training-jaca\\\/\",\"url\":\"https:\\\/\\\/spartasportcenter.com\\\/jaca\\\/cross-training-jaca\\\/\",\"name\":\"Cross Training Jaca | Sparta Sport Center\",\"isPartOf\":{\"@id\":\"https:\\\/\\\/spartasportcenter.com\\\/jaca\\\/#website\"},\"primaryImageOfPage\":{\"@id\":\"https:\\\/\\\/spartasportcenter.com\\\/jaca\\\/cross-training-jaca\\\/#primaryimage\"},\"image\":{\"@id\":\"https:\\\/\\\/spartasportcenter.com\\\/jaca\\\/cross-training-jaca\\\/#primaryimage\"},\"thumbnailUrl\":\"https:\\\/\\\/spartasportcenter.com\\\/jaca\\\/wp-content\\\/uploads\\\/2024\\\/05\\\/cross-training-jaca.webp\",\"datePublished\":\"2023-03-31T09:41:45+00:00\",\"dateModified\":\"2025-12-22T11:54:33+00:00\",\"description\":\"\u00bfEst\u00e1s buscando un gimnasio para practicar cross training en Jaca? En Sparta Sport Center podemos ayudarte. \u00a1Reserva con nosotros!\",\"breadcrumb\":{\"@id\":\"https:\\\/\\\/spartasportcenter.com\\\/jaca\\\/cross-training-jaca\\\/#breadcrumb\"},\"inLanguage\":\"es\",\"potentialAction\":[{\"@type\":\"ReadAction\",\"target\":[\"https:\\\/\\\/spartasportcenter.com\\\/jaca\\\/cross-training-jaca\\\/\"]}]},{\"@type\":\"ImageObject\",\"inLanguage\":\"es\",\"@id\":\"https:\\\/\\\/spartasportcenter.com\\\/jaca\\\/cross-training-jaca\\\/#primaryimage\",\"url\":\"https:\\\/\\\/spartasportcenter.com\\\/jaca\\\/wp-content\\\/uploads\\\/2024\\\/05\\\/cross-training-jaca.webp\",\"contentUrl\":\"https:\\\/\\\/spartasportcenter.com\\\/jaca\\\/wp-content\\\/uploads\\\/2024\\\/05\\\/cross-training-jaca.webp\",\"width\":2000,\"height\":1333,\"caption\":\"cross training jaca\"},{\"@type\":\"BreadcrumbList\",\"@id\":\"https:\\\/\\\/spartasportcenter.com\\\/jaca\\\/cross-training-jaca\\\/#breadcrumb\",\"itemListElement\":[{\"@type\":\"ListItem\",\"position\":1,\"name\":\"Portada\",\"item\":\"https:\\\/\\\/spartasportcenter.com\\\/jaca\\\/\"},{\"@type\":\"ListItem\",\"position\":2,\"name\":\"Cross Training Jaca\"}]},{\"@type\":\"WebSite\",\"@id\":\"https:\\\/\\\/spartasportcenter.com\\\/jaca\\\/#website\",\"url\":\"https:\\\/\\\/spartasportcenter.com\\\/jaca\\\/\",\"name\":\"Sparta Sport Center Jaca\",\"description\":\"Gimnasios en Jaca\",\"potentialAction\":[{\"@type\":\"SearchAction\",\"target\":{\"@type\":\"EntryPoint\",\"urlTemplate\":\"https:\\\/\\\/spartasportcenter.com\\\/jaca\\\/?s={search_term_string}\"},\"query-input\":{\"@type\":\"PropertyValueSpecification\",\"valueRequired\":true,\"valueName\":\"search_term_string\"}}],\"inLanguage\":\"es\"}]}<\/script>\n<!-- \/ Yoast SEO plugin. -->","yoast_head_json":{"title":"Cross Training Jaca | Sparta Sport Center","description":"\u00bfEst\u00e1s buscando un gimnasio para practicar cross training en Jaca? En Sparta Sport Center podemos ayudarte. \u00a1Reserva con nosotros!","robots":{"index":"index","follow":"follow","max-snippet":"max-snippet:-1","max-image-preview":"max-image-preview:large","max-video-preview":"max-video-preview:-1"},"canonical":"https:\/\/spartasportcenter.com\/jaca\/cross-training-jaca\/","og_locale":"es_ES","og_type":"article","og_title":"Cross Training Jaca | Sparta Sport Center","og_description":"\u00bfEst\u00e1s buscando un gimnasio para practicar cross training en Jaca? En Sparta Sport Center podemos ayudarte. \u00a1Reserva con nosotros!","og_url":"https:\/\/spartasportcenter.com\/jaca\/cross-training-jaca\/","og_site_name":"Sparta Sport Center Jaca","article_modified_time":"2025-12-22T11:54:33+00:00","og_image":[{"width":2000,"height":1333,"url":"https:\/\/spartasportcenter.com\/jaca\/wp-content\/uploads\/2024\/05\/cross-training-jaca.webp","type":"image\/webp"}],"twitter_card":"summary_large_image","twitter_misc":{"Tiempo de lectura":"3 minutos"},"schema":{"@context":"https:\/\/schema.org","@graph":[{"@type":"WebPage","@id":"https:\/\/spartasportcenter.com\/jaca\/cross-training-jaca\/","url":"https:\/\/spartasportcenter.com\/jaca\/cross-training-jaca\/","name":"Cross Training Jaca | Sparta Sport Center","isPartOf":{"@id":"https:\/\/spartasportcenter.com\/jaca\/#website"},"primaryImageOfPage":{"@id":"https:\/\/spartasportcenter.com\/jaca\/cross-training-jaca\/#primaryimage"},"image":{"@id":"https:\/\/spartasportcenter.com\/jaca\/cross-training-jaca\/#primaryimage"},"thumbnailUrl":"https:\/\/spartasportcenter.com\/jaca\/wp-content\/uploads\/2024\/05\/cross-training-jaca.webp","datePublished":"2023-03-31T09:41:45+00:00","dateModified":"2025-12-22T11:54:33+00:00","description":"\u00bfEst\u00e1s buscando un gimnasio para practicar cross training en Jaca? En Sparta Sport Center podemos ayudarte. \u00a1Reserva con nosotros!","breadcrumb":{"@id":"https:\/\/spartasportcenter.com\/jaca\/cross-training-jaca\/#breadcrumb"},"inLanguage":"es","potentialAction":[{"@type":"ReadAction","target":["https:\/\/spartasportcenter.com\/jaca\/cross-training-jaca\/"]}]},{"@type":"ImageObject","inLanguage":"es","@id":"https:\/\/spartasportcenter.com\/jaca\/cross-training-jaca\/#primaryimage","url":"https:\/\/spartasportcenter.com\/jaca\/wp-content\/uploads\/2024\/05\/cross-training-jaca.webp","contentUrl":"https:\/\/spartasportcenter.com\/jaca\/wp-content\/uploads\/2024\/05\/cross-training-jaca.webp","width":2000,"height":1333,"caption":"cross training jaca"},{"@type":"BreadcrumbList","@id":"https:\/\/spartasportcenter.com\/jaca\/cross-training-jaca\/#breadcrumb","itemListElement":[{"@type":"ListItem","position":1,"name":"Portada","item":"https:\/\/spartasportcenter.com\/jaca\/"},{"@type":"ListItem","position":2,"name":"Cross Training Jaca"}]},{"@type":"WebSite","@id":"https:\/\/spartasportcenter.com\/jaca\/#website","url":"https:\/\/spartasportcenter.com\/jaca\/","name":"Sparta Sport Center Jaca","description":"Gimnasios en Jaca","potentialAction":[{"@type":"SearchAction","target":{"@type":"EntryPoint","urlTemplate":"https:\/\/spartasportcenter.com\/jaca\/?s={search_term_string}"},"query-input":{"@type":"PropertyValueSpecification","valueRequired":true,"valueName":"search_term_string"}}],"inLanguage":"es"}]}},"_links":{"self":[{"href":"https:\/\/spartasportcenter.com\/jaca\/wp-json\/wp\/v2\/pages\/217661","targetHints":{"allow":["GET"]}}],"collection":[{"href":"https:\/\/spartasportcenter.com\/jaca\/wp-json\/wp\/v2\/pages"}],"about":[{"href":"https:\/\/spartasportcenter.com\/jaca\/wp-json\/wp\/v2\/types\/page"}],"author":[{"embeddable":true,"href":"https:\/\/spartasportcenter.com\/jaca\/wp-json\/wp\/v2\/users\/1"}],"replies":[{"embeddable":true,"href":"https:\/\/spartasportcenter.com\/jaca\/wp-json\/wp\/v2\/comments?post=217661"}],"version-history":[{"count":2,"href":"https:\/\/spartasportcenter.com\/jaca\/wp-json\/wp\/v2\/pages\/217661\/revisions"}],"predecessor-version":[{"id":220409,"href":"https:\/\/spartasportcenter.com\/jaca\/wp-json\/wp\/v2\/pages\/217661\/revisions\/220409"}],"wp:featuredmedia":[{"embeddable":true,"href":"https:\/\/spartasportcenter.com\/jaca\/wp-json\/wp\/v2\/media\/219011"}],"wp:attachment":[{"href":"https:\/\/spartasportcenter.com\/jaca\/wp-json\/wp\/v2\/media?parent=217661"}],"curies":[{"name":"wp","href":"https:\/\/api.w.org\/{rel}","templated":true}]}}