{"id":215686,"date":"2021-05-18T16:24:48","date_gmt":"2021-05-18T14:24:48","guid":{"rendered":"https:\/\/spartasportcenter.com\/nuevo-jaca\/?page_id=215686"},"modified":"2025-12-22T12:52:15","modified_gmt":"2025-12-22T11:52:15","slug":"artes-marciales-ninos-jaca","status":"publish","type":"page","link":"https:\/\/spartasportcenter.com\/jaca\/artes-marciales-ninos-jaca\/","title":{"rendered":"Artes Marciales Infantil Jaca"},"content":{"rendered":"<p>[et_pb_section fb_built=\u00bb1&#8243; custom_padding_last_edited=\u00bbon|phone\u00bb disabled_on=\u00bboff|off|off\u00bb _builder_version=\u00bb4.27.4&#8243; background_color=\u00bb#000000&#8243; background_enable_image=\u00bboff\u00bb custom_margin=\u00bb||||false|false\u00bb custom_padding=\u00bb80px|0px|0px|0px|false|false\u00bb custom_padding_tablet=\u00bb\u00bb custom_padding_phone=\u00bb30px||50px||false|false\u00bb hover_enabled=\u00bb0&#8243; global_colors_info=\u00bb{}\u00bb sticky_enabled=\u00bb0&#8243;][et_pb_row column_structure=\u00bb1_3,2_3&#8243; custom_padding_last_edited=\u00bbon|desktop\u00bb _builder_version=\u00bb4.16&#8243; _module_preset=\u00bbdefault\u00bb custom_padding=\u00bb0px||||false|false\u00bb custom_padding_tablet=\u00bb\u00bb custom_padding_phone=\u00bb0px||||false|false\u00bb global_colors_info=\u00bb{}\u00bb][et_pb_column type=\u00bb1_3&#8243; _builder_version=\u00bb4.16&#8243; _module_preset=\u00bbdefault\u00bb global_colors_info=\u00bb{}\u00bb][et_pb_text _builder_version=\u00bb4.16&#8243; text_font=\u00bb||||||||\u00bb header_font=\u00bb||||||||\u00bb header_text_align=\u00bbcenter\u00bb header_2_font=\u00bb|300||on|||||\u00bb header_2_text_align=\u00bbright\u00bb header_2_font_size=\u00bb29px\u00bb custom_margin=\u00bb||0px||false|false\u00bb custom_padding=\u00bb|15%|0px||false|false\u00bb header_2_text_align_tablet=\u00bb\u00bb header_2_text_align_phone=\u00bbleft\u00bb header_2_text_align_last_edited=\u00bbon|phone\u00bb header_2_font_size_tablet=\u00bb51px\u00bb header_2_font_size_phone=\u00bb25px\u00bb header_2_font_size_last_edited=\u00bbon|phone\u00bb border_width_right=\u00bb2px\u00bb border_color_right=\u00bb#cccccc\u00bb border_width_right_tablet=\u00bb\u00bb border_width_right_phone=\u00bb0px\u00bb border_width_right_last_edited=\u00bbon|phone\u00bb locked=\u00bboff\u00bb global_colors_info=\u00bb{}\u00bb]<\/p>\n<h2>clases de Artes Marciales para Ni\u00f1os en Jaca<\/h2>\n<p>[\/et_pb_text][\/et_pb_column][et_pb_column type=\u00bb2_3&#8243; _builder_version=\u00bb4.16&#8243; _module_preset=\u00bbdefault\u00bb global_colors_info=\u00bb{}\u00bb][et_pb_text _builder_version=\u00bb4.16&#8243; text_font=\u00bb|300|||||||\u00bb text_text_color=\u00bb#cccccc\u00bb text_line_height=\u00bb1.1em\u00bb header_font=\u00bb|300|||||||\u00bb header_2_font=\u00bb|300||on|||||\u00bb header_2_text_color=\u00bb#cccccc\u00bb header_2_font_size=\u00bb36px\u00bb header_2_letter_spacing=\u00bb2px\u00bb background_layout=\u00bbdark\u00bb global_colors_info=\u00bb{}\u00bb]<span>Una excelente alternativa a la hora de incentivar el deporte en nuestros ni\u00f1os es invitarlos a participar en disciplinas tradicionales como las artes marciales. Este tipo de pr\u00e1cticas no solo son beneficiosas en t\u00e9rminos f\u00edsicos y de reactivaci\u00f3n muscular, sino que la mayor\u00eda ense\u00f1an valores trascendentales para la vida en comunidad.<\/span><\/p>\n<p><span>Es por esto que es queremos invitarte a descubrir este maravilloso mundo y que tus hijos puedan participar en este. Nuestras\u00a0<strong>clases de Artes Marciales para Ni\u00f1os en Jaca son impartidas por profesionales especializados en las diferentes disciplinas<\/strong>, quienes ense\u00f1ar\u00e1n con paciencia y cercan\u00eda todo lo necesario a tus hijos.<\/span><\/p>\n<p><span>En nuestra escuela de Artes Marciales para Ni\u00f1os tenemos a disposici\u00f3n de nuestros alumnos todas las facilidades t\u00e9cnicas para su pleno desarrollo. Contamos con todos los materiales y herramientas indispensables para el entrenamiento, as\u00ed como un espacio perfectamente acondicionado para la comodidad y seguridad de los ni\u00f1os.<\/span>[\/et_pb_text][\/et_pb_column][\/et_pb_row][et_pb_row column_structure=\u00bb1_3,2_3&#8243; custom_padding_last_edited=\u00bbon|phone\u00bb _builder_version=\u00bb4.16&#8243; _module_preset=\u00bbdefault\u00bb custom_margin=\u00bb||0px||false|false\u00bb custom_padding=\u00bb||||false|false\u00bb custom_padding_tablet=\u00bb\u00bb custom_padding_phone=\u00bb0px||0px||false|false\u00bb global_colors_info=\u00bb{}\u00bb][et_pb_column type=\u00bb1_3&#8243; _builder_version=\u00bb4.16&#8243; _module_preset=\u00bbdefault\u00bb global_colors_info=\u00bb{}\u00bb][et_pb_text _builder_version=\u00bb4.20.1&#8243; text_font=\u00bb||||||||\u00bb header_font=\u00bb||||||||\u00bb header_text_align=\u00bbcenter\u00bb header_2_font=\u00bb|300||on|||||\u00bb header_2_text_align=\u00bbright\u00bb header_2_font_size=\u00bb29px\u00bb custom_margin=\u00bb||0px||false|false\u00bb custom_padding=\u00bb|15%|0px||false|false\u00bb header_2_text_align_tablet=\u00bb\u00bb header_2_text_align_phone=\u00bbleft\u00bb header_2_text_align_last_edited=\u00bbon|phone\u00bb header_2_font_size_tablet=\u00bb51px\u00bb header_2_font_size_phone=\u00bb25px\u00bb header_2_font_size_last_edited=\u00bbon|phone\u00bb border_width_right=\u00bb2px\u00bb border_color_right=\u00bb#cccccc\u00bb border_width_right_tablet=\u00bb\u00bb border_width_right_phone=\u00bb0px\u00bb border_width_right_last_edited=\u00bbon|phone\u00bb locked=\u00bboff\u00bb global_colors_info=\u00bb{}\u00bb]<\/p>\n<h2>Beneficios<br \/>\nde las Artes Marciales Infantil en Jaca<\/h2>\n<p>[\/et_pb_text][\/et_pb_column][et_pb_column type=\u00bb2_3&#8243; _builder_version=\u00bb4.16&#8243; _module_preset=\u00bbdefault\u00bb global_colors_info=\u00bb{}\u00bb][et_pb_text _builder_version=\u00bb4.16&#8243; text_font=\u00bb|300|||||||\u00bb text_text_color=\u00bb#cccccc\u00bb text_line_height=\u00bb1.1em\u00bb header_font=\u00bb|300|||||||\u00bb header_2_font=\u00bb|300||on|||||\u00bb header_2_text_color=\u00bb#cccccc\u00bb header_2_font_size=\u00bb36px\u00bb header_2_letter_spacing=\u00bb2px\u00bb background_layout=\u00bbdark\u00bb global_colors_info=\u00bb{}\u00bb]<span>Nuestro gimnasio de Arte Marcial para Ni\u00f1os en Jaca tiene grandes beneficios preparados para sus asistentes.<\/span><\/div>\n<p><strong>Gracias a la pr\u00e1ctica de las artes marciales, los ni\u00f1os ser\u00e1n capaces de controlar con mayor precisi\u00f3n su cuerpo<\/strong><span>\u00a0<\/span>y desarrollar\u00e1n una gran coordinaci\u00f3n visomotriz.<\/p>\n<p>Por otro lado, descargar\u00e1n esas grandes dosis de energ\u00eda que trae consigo la infancia y favorecer\u00e1 la concentraci\u00f3n en las diferentes actividades de su cotidianidad. Ganar\u00e1n fuerza, equilibrio y elasticidad, lo cual los llenar\u00e1 de confianza en s\u00ed mismos.<\/p>\n<p>Finalmente, en nuestras<strong><span>\u00a0<\/span>clases de Artes Marciales para Ni\u00f1os en Jaca<\/strong><span>\u00a0<\/span>aprender\u00e1n diferentes valores fundamentales para la vida en sociedad, tales como el respeto, la disciplina y el orden.[\/et_pb_text][\/et_pb_column][\/et_pb_row][\/et_pb_section][et_pb_section fb_built=\u00bb1&#8243; custom_padding_last_edited=\u00bbon|phone\u00bb _builder_version=\u00bb4.27.4&#8243; _module_preset=\u00bbdefault\u00bb background_color=\u00bb#000000&#8243; custom_padding=\u00bb0px||50px||false|false\u00bb custom_padding_tablet=\u00bb\u00bb custom_padding_phone=\u00bb||30px||false|false\u00bb hover_enabled=\u00bb0&#8243; global_colors_info=\u00bb{}\u00bb sticky_enabled=\u00bb0&#8243;][et_pb_row column_structure=\u00bb1_3,2_3&#8243; custom_padding_last_edited=\u00bbon|phone\u00bb _builder_version=\u00bb4.16&#8243; _module_preset=\u00bbdefault\u00bb custom_padding_tablet=\u00bb\u00bb custom_padding_phone=\u00bb0px||0px||false|false\u00bb global_colors_info=\u00bb{}\u00bb][et_pb_column type=\u00bb1_3&#8243; _builder_version=\u00bb4.16&#8243; _module_preset=\u00bbdefault\u00bb global_colors_info=\u00bb{}\u00bb][et_pb_text _builder_version=\u00bb4.16&#8243; text_font=\u00bb||||||||\u00bb header_font=\u00bb||||||||\u00bb header_text_align=\u00bbcenter\u00bb header_2_font=\u00bb|300||on|||||\u00bb header_2_text_align=\u00bbright\u00bb header_2_font_size=\u00bb29px\u00bb custom_margin=\u00bb||0px||false|false\u00bb custom_padding=\u00bb|15%|0px||false|false\u00bb header_2_text_align_tablet=\u00bb\u00bb header_2_text_align_phone=\u00bbleft\u00bb header_2_text_align_last_edited=\u00bbon|phone\u00bb header_2_font_size_tablet=\u00bb51px\u00bb header_2_font_size_phone=\u00bb25px\u00bb header_2_font_size_last_edited=\u00bbon|phone\u00bb border_width_right=\u00bb2px\u00bb border_color_right=\u00bb#cccccc\u00bb border_width_right_tablet=\u00bb\u00bb border_width_right_phone=\u00bb0px\u00bb border_width_right_last_edited=\u00bbon|phone\u00bb locked=\u00bboff\u00bb global_colors_info=\u00bb{}\u00bb]<\/p>\n<h2>Por qu\u00e9 Artes Marciales para Ni\u00f1os en Sparta Sport Center Jaca<\/h2>\n<p>[\/et_pb_text][\/et_pb_column][et_pb_column type=\u00bb2_3&#8243; _builder_version=\u00bb4.16&#8243; _module_preset=\u00bbdefault\u00bb global_colors_info=\u00bb{}\u00bb][et_pb_text _builder_version=\u00bb4.16&#8243; text_font=\u00bb|300|||||||\u00bb text_text_color=\u00bb#cccccc\u00bb text_line_height=\u00bb1.1em\u00bb header_font=\u00bb|300|||||||\u00bb header_2_font=\u00bb|300||on|||||\u00bb header_2_text_color=\u00bb#cccccc\u00bb header_2_font_size=\u00bb36px\u00bb header_2_letter_spacing=\u00bb2px\u00bb background_layout=\u00bbdark\u00bb global_colors_info=\u00bb{}\u00bb]<strong>En nuestra escuela de Artes Marciales para Ni\u00f1os en Jaca contamos con profesionales especialmente preparados para trabajar con ni\u00f1os<\/strong><span>\u00a0<\/span>y que han dedicado su vida al aprendizaje y ense\u00f1anza de estas disciplinas.<\/p>\n<p><span>De esta manera te aseguramos un desarrollo pleno de las habilidades de sus hijos, as\u00ed como un trato c\u00e1lido y cercano para que crezcan en total confianza.<\/span><\/p>\n<p><span>No esperes m\u00e1s y descubre todas las ventajas de nuestro gimnasio de Arte Marcial para Ni\u00f1os en Jaca.<\/span>[\/et_pb_text][\/et_pb_column][\/et_pb_row][\/et_pb_section]<\/p>\n","protected":false},"excerpt":{"rendered":"<p>clases de Artes Marciales para Ni\u00f1os en JacaUna excelente alternativa a la hora de incentivar el deporte en nuestros ni\u00f1os es invitarlos a participar en disciplinas tradicionales como las artes marciales. Este tipo de pr\u00e1cticas no solo son beneficiosas en t\u00e9rminos f\u00edsicos y de reactivaci\u00f3n muscular, sino que la mayor\u00eda ense\u00f1an valores trascendentales para la [&hellip;]<\/p>\n","protected":false},"author":1,"featured_media":219127,"parent":0,"menu_order":0,"comment_status":"closed","ping_status":"closed","template":"","meta":{"_et_pb_use_builder":"on","_et_pb_old_content":"<!-- wp:divi\/placeholder \/-->","_et_gb_content_width":"","footnotes":""},"class_list":["post-215686","page","type-page","status-publish","has-post-thumbnail","hentry"],"yoast_head":"<!-- This site is optimized with the Yoast SEO plugin v27.4 - https:\/\/yoast.com\/product\/yoast-seo-wordpress\/ -->\n<title>Artes Marciales Infantil en Jaca | Sparta Sport Center<\/title>\n<meta name=\"description\" content=\"Ponemos a disposici\u00f3n de los m\u00e1s peque\u00f1os de la casa CLASES DE ARTE MARCIALES DIRIGIDAS en Jaca, impartidas por profesores especializados.\" \/>\n<meta name=\"robots\" content=\"index, follow, max-snippet:-1, max-image-preview:large, max-video-preview:-1\" \/>\n<link rel=\"canonical\" href=\"https:\/\/spartasportcenter.com\/jaca\/artes-marciales-ninos-jaca\/\" \/>\n<meta property=\"og:locale\" content=\"es_ES\" \/>\n<meta property=\"og:type\" content=\"article\" \/>\n<meta property=\"og:title\" content=\"Artes Marciales Infantil en Jaca | Sparta Sport Center\" \/>\n<meta property=\"og:description\" content=\"Ponemos a disposici\u00f3n de los m\u00e1s peque\u00f1os de la casa CLASES DE ARTE MARCIALES DIRIGIDAS en Jaca, impartidas por profesores especializados.\" \/>\n<meta property=\"og:url\" content=\"https:\/\/spartasportcenter.com\/jaca\/artes-marciales-ninos-jaca\/\" \/>\n<meta property=\"og:site_name\" content=\"Sparta Sport Center Jaca\" \/>\n<meta property=\"article:modified_time\" content=\"2025-12-22T11:52:15+00:00\" \/>\n<meta property=\"og:image\" content=\"https:\/\/spartasportcenter.com\/jaca\/wp-content\/uploads\/2024\/07\/artes-marciales-ninos-jaca.webp\" \/>\n\t<meta property=\"og:image:width\" content=\"2000\" \/>\n\t<meta property=\"og:image:height\" content=\"1333\" \/>\n\t<meta property=\"og:image:type\" content=\"image\/webp\" \/>\n<meta name=\"twitter:card\" content=\"summary_large_image\" \/>\n<meta name=\"twitter:label1\" content=\"Tiempo de lectura\" \/>\n\t<meta name=\"twitter:data1\" content=\"2 minutos\" \/>\n<script type=\"application\/ld+json\" class=\"yoast-schema-graph\">{\"@context\":\"https:\\\/\\\/schema.org\",\"@graph\":[{\"@type\":\"WebPage\",\"@id\":\"https:\\\/\\\/spartasportcenter.com\\\/jaca\\\/artes-marciales-ninos-jaca\\\/\",\"url\":\"https:\\\/\\\/spartasportcenter.com\\\/jaca\\\/artes-marciales-ninos-jaca\\\/\",\"name\":\"Artes Marciales Infantil en Jaca | Sparta Sport Center\",\"isPartOf\":{\"@id\":\"https:\\\/\\\/spartasportcenter.com\\\/jaca\\\/#website\"},\"primaryImageOfPage\":{\"@id\":\"https:\\\/\\\/spartasportcenter.com\\\/jaca\\\/artes-marciales-ninos-jaca\\\/#primaryimage\"},\"image\":{\"@id\":\"https:\\\/\\\/spartasportcenter.com\\\/jaca\\\/artes-marciales-ninos-jaca\\\/#primaryimage\"},\"thumbnailUrl\":\"https:\\\/\\\/spartasportcenter.com\\\/jaca\\\/wp-content\\\/uploads\\\/2024\\\/07\\\/artes-marciales-ninos-jaca.webp\",\"datePublished\":\"2021-05-18T14:24:48+00:00\",\"dateModified\":\"2025-12-22T11:52:15+00:00\",\"description\":\"Ponemos a disposici\u00f3n de los m\u00e1s peque\u00f1os de la casa CLASES DE ARTE MARCIALES DIRIGIDAS en Jaca, impartidas por profesores especializados.\",\"breadcrumb\":{\"@id\":\"https:\\\/\\\/spartasportcenter.com\\\/jaca\\\/artes-marciales-ninos-jaca\\\/#breadcrumb\"},\"inLanguage\":\"es\",\"potentialAction\":[{\"@type\":\"ReadAction\",\"target\":[\"https:\\\/\\\/spartasportcenter.com\\\/jaca\\\/artes-marciales-ninos-jaca\\\/\"]}]},{\"@type\":\"ImageObject\",\"inLanguage\":\"es\",\"@id\":\"https:\\\/\\\/spartasportcenter.com\\\/jaca\\\/artes-marciales-ninos-jaca\\\/#primaryimage\",\"url\":\"https:\\\/\\\/spartasportcenter.com\\\/jaca\\\/wp-content\\\/uploads\\\/2024\\\/07\\\/artes-marciales-ninos-jaca.webp\",\"contentUrl\":\"https:\\\/\\\/spartasportcenter.com\\\/jaca\\\/wp-content\\\/uploads\\\/2024\\\/07\\\/artes-marciales-ninos-jaca.webp\",\"width\":2000,\"height\":1333,\"caption\":\"artes marciales ninos jaca\"},{\"@type\":\"BreadcrumbList\",\"@id\":\"https:\\\/\\\/spartasportcenter.com\\\/jaca\\\/artes-marciales-ninos-jaca\\\/#breadcrumb\",\"itemListElement\":[{\"@type\":\"ListItem\",\"position\":1,\"name\":\"Portada\",\"item\":\"https:\\\/\\\/spartasportcenter.com\\\/jaca\\\/\"},{\"@type\":\"ListItem\",\"position\":2,\"name\":\"Artes Marciales Infantil Jaca\"}]},{\"@type\":\"WebSite\",\"@id\":\"https:\\\/\\\/spartasportcenter.com\\\/jaca\\\/#website\",\"url\":\"https:\\\/\\\/spartasportcenter.com\\\/jaca\\\/\",\"name\":\"Sparta Sport Center Jaca\",\"description\":\"Gimnasios en Jaca\",\"potentialAction\":[{\"@type\":\"SearchAction\",\"target\":{\"@type\":\"EntryPoint\",\"urlTemplate\":\"https:\\\/\\\/spartasportcenter.com\\\/jaca\\\/?s={search_term_string}\"},\"query-input\":{\"@type\":\"PropertyValueSpecification\",\"valueRequired\":true,\"valueName\":\"search_term_string\"}}],\"inLanguage\":\"es\"}]}<\/script>\n<!-- \/ Yoast SEO plugin. -->","yoast_head_json":{"title":"Artes Marciales Infantil en Jaca | Sparta Sport Center","description":"Ponemos a disposici\u00f3n de los m\u00e1s peque\u00f1os de la casa CLASES DE ARTE MARCIALES DIRIGIDAS en Jaca, impartidas por profesores especializados.","robots":{"index":"index","follow":"follow","max-snippet":"max-snippet:-1","max-image-preview":"max-image-preview:large","max-video-preview":"max-video-preview:-1"},"canonical":"https:\/\/spartasportcenter.com\/jaca\/artes-marciales-ninos-jaca\/","og_locale":"es_ES","og_type":"article","og_title":"Artes Marciales Infantil en Jaca | Sparta Sport Center","og_description":"Ponemos a disposici\u00f3n de los m\u00e1s peque\u00f1os de la casa CLASES DE ARTE MARCIALES DIRIGIDAS en Jaca, impartidas por profesores especializados.","og_url":"https:\/\/spartasportcenter.com\/jaca\/artes-marciales-ninos-jaca\/","og_site_name":"Sparta Sport Center Jaca","article_modified_time":"2025-12-22T11:52:15+00:00","og_image":[{"width":2000,"height":1333,"url":"https:\/\/spartasportcenter.com\/jaca\/wp-content\/uploads\/2024\/07\/artes-marciales-ninos-jaca.webp","type":"image\/webp"}],"twitter_card":"summary_large_image","twitter_misc":{"Tiempo de lectura":"2 minutos"},"schema":{"@context":"https:\/\/schema.org","@graph":[{"@type":"WebPage","@id":"https:\/\/spartasportcenter.com\/jaca\/artes-marciales-ninos-jaca\/","url":"https:\/\/spartasportcenter.com\/jaca\/artes-marciales-ninos-jaca\/","name":"Artes Marciales Infantil en Jaca | Sparta Sport Center","isPartOf":{"@id":"https:\/\/spartasportcenter.com\/jaca\/#website"},"primaryImageOfPage":{"@id":"https:\/\/spartasportcenter.com\/jaca\/artes-marciales-ninos-jaca\/#primaryimage"},"image":{"@id":"https:\/\/spartasportcenter.com\/jaca\/artes-marciales-ninos-jaca\/#primaryimage"},"thumbnailUrl":"https:\/\/spartasportcenter.com\/jaca\/wp-content\/uploads\/2024\/07\/artes-marciales-ninos-jaca.webp","datePublished":"2021-05-18T14:24:48+00:00","dateModified":"2025-12-22T11:52:15+00:00","description":"Ponemos a disposici\u00f3n de los m\u00e1s peque\u00f1os de la casa CLASES DE ARTE MARCIALES DIRIGIDAS en Jaca, impartidas por profesores especializados.","breadcrumb":{"@id":"https:\/\/spartasportcenter.com\/jaca\/artes-marciales-ninos-jaca\/#breadcrumb"},"inLanguage":"es","potentialAction":[{"@type":"ReadAction","target":["https:\/\/spartasportcenter.com\/jaca\/artes-marciales-ninos-jaca\/"]}]},{"@type":"ImageObject","inLanguage":"es","@id":"https:\/\/spartasportcenter.com\/jaca\/artes-marciales-ninos-jaca\/#primaryimage","url":"https:\/\/spartasportcenter.com\/jaca\/wp-content\/uploads\/2024\/07\/artes-marciales-ninos-jaca.webp","contentUrl":"https:\/\/spartasportcenter.com\/jaca\/wp-content\/uploads\/2024\/07\/artes-marciales-ninos-jaca.webp","width":2000,"height":1333,"caption":"artes marciales ninos jaca"},{"@type":"BreadcrumbList","@id":"https:\/\/spartasportcenter.com\/jaca\/artes-marciales-ninos-jaca\/#breadcrumb","itemListElement":[{"@type":"ListItem","position":1,"name":"Portada","item":"https:\/\/spartasportcenter.com\/jaca\/"},{"@type":"ListItem","position":2,"name":"Artes Marciales Infantil Jaca"}]},{"@type":"WebSite","@id":"https:\/\/spartasportcenter.com\/jaca\/#website","url":"https:\/\/spartasportcenter.com\/jaca\/","name":"Sparta Sport Center Jaca","description":"Gimnasios en Jaca","potentialAction":[{"@type":"SearchAction","target":{"@type":"EntryPoint","urlTemplate":"https:\/\/spartasportcenter.com\/jaca\/?s={search_term_string}"},"query-input":{"@type":"PropertyValueSpecification","valueRequired":true,"valueName":"search_term_string"}}],"inLanguage":"es"}]}},"_links":{"self":[{"href":"https:\/\/spartasportcenter.com\/jaca\/wp-json\/wp\/v2\/pages\/215686","targetHints":{"allow":["GET"]}}],"collection":[{"href":"https:\/\/spartasportcenter.com\/jaca\/wp-json\/wp\/v2\/pages"}],"about":[{"href":"https:\/\/spartasportcenter.com\/jaca\/wp-json\/wp\/v2\/types\/page"}],"author":[{"embeddable":true,"href":"https:\/\/spartasportcenter.com\/jaca\/wp-json\/wp\/v2\/users\/1"}],"replies":[{"embeddable":true,"href":"https:\/\/spartasportcenter.com\/jaca\/wp-json\/wp\/v2\/comments?post=215686"}],"version-history":[{"count":2,"href":"https:\/\/spartasportcenter.com\/jaca\/wp-json\/wp\/v2\/pages\/215686\/revisions"}],"predecessor-version":[{"id":220406,"href":"https:\/\/spartasportcenter.com\/jaca\/wp-json\/wp\/v2\/pages\/215686\/revisions\/220406"}],"wp:featuredmedia":[{"embeddable":true,"href":"https:\/\/spartasportcenter.com\/jaca\/wp-json\/wp\/v2\/media\/219127"}],"wp:attachment":[{"href":"https:\/\/spartasportcenter.com\/jaca\/wp-json\/wp\/v2\/media?parent=215686"}],"curies":[{"name":"wp","href":"https:\/\/api.w.org\/{rel}","templated":true}]}}