{"id":206563,"date":"2018-08-20T15:59:41","date_gmt":"2018-08-20T15:59:41","guid":{"rendered":"https:\/\/pamplona.spartasportcenter.com\/?page_id=206563"},"modified":"2025-12-22T12:44:17","modified_gmt":"2025-12-22T11:44:17","slug":"yoga-jaca","status":"publish","type":"page","link":"https:\/\/spartasportcenter.com\/jaca\/yoga-jaca\/","title":{"rendered":"Yoga Jaca"},"content":{"rendered":"<p>[et_pb_section fb_built=\u00bb1&#8243; custom_padding_last_edited=\u00bbon|phone\u00bb disabled_on=\u00bboff|off|off\u00bb _builder_version=\u00bb4.27.4&#8243; background_color=\u00bb#000000&#8243; background_enable_image=\u00bboff\u00bb custom_margin=\u00bb||||false|false\u00bb custom_padding=\u00bb80px|0px|0px|0px|false|false\u00bb custom_padding_tablet=\u00bb\u00bb custom_padding_phone=\u00bb30px||50px||false|false\u00bb hover_enabled=\u00bb0&#8243; global_colors_info=\u00bb{}\u00bb sticky_enabled=\u00bb0&#8243;][et_pb_row column_structure=\u00bb1_3,2_3&#8243; custom_padding_last_edited=\u00bbon|desktop\u00bb _builder_version=\u00bb4.16&#8243; _module_preset=\u00bbdefault\u00bb custom_padding=\u00bb0px||||false|false\u00bb custom_padding_tablet=\u00bb\u00bb custom_padding_phone=\u00bb0px||||false|false\u00bb global_colors_info=\u00bb{}\u00bb][et_pb_column type=\u00bb1_3&#8243; _builder_version=\u00bb4.16&#8243; _module_preset=\u00bbdefault\u00bb global_colors_info=\u00bb{}\u00bb][et_pb_text _builder_version=\u00bb4.16&#8243; text_font=\u00bb||||||||\u00bb header_font=\u00bb||||||||\u00bb header_text_align=\u00bbcenter\u00bb header_2_font=\u00bb|300||on|||||\u00bb header_2_text_align=\u00bbright\u00bb header_2_font_size=\u00bb29px\u00bb custom_margin=\u00bb||0px||false|false\u00bb custom_padding=\u00bb|15%|0px||false|false\u00bb header_2_text_align_tablet=\u00bb\u00bb header_2_text_align_phone=\u00bbleft\u00bb header_2_text_align_last_edited=\u00bbon|phone\u00bb header_2_font_size_tablet=\u00bb51px\u00bb header_2_font_size_phone=\u00bb25px\u00bb header_2_font_size_last_edited=\u00bbon|phone\u00bb border_width_right=\u00bb2px\u00bb border_color_right=\u00bb#cccccc\u00bb border_width_right_tablet=\u00bb\u00bb border_width_right_phone=\u00bb0px\u00bb border_width_right_last_edited=\u00bbon|phone\u00bb locked=\u00bboff\u00bb global_colors_info=\u00bb{}\u00bb]<\/p>\n<h2>clases de<br \/>\nyoga en Jaca<\/h2>\n<p>[\/et_pb_text][\/et_pb_column][et_pb_column type=\u00bb2_3&#8243; _builder_version=\u00bb4.16&#8243; _module_preset=\u00bbdefault\u00bb global_colors_info=\u00bb{}\u00bb][et_pb_text _builder_version=\u00bb4.16&#8243; text_font=\u00bb|300|||||||\u00bb text_text_color=\u00bb#cccccc\u00bb text_line_height=\u00bb1.1em\u00bb header_font=\u00bb|300|||||||\u00bb header_2_font=\u00bb|300||on|||||\u00bb header_2_text_color=\u00bb#cccccc\u00bb header_2_font_size=\u00bb36px\u00bb header_2_letter_spacing=\u00bb2px\u00bb background_layout=\u00bbdark\u00bb global_colors_info=\u00bb{}\u00bb]<\/p>\n<p><span>El Yoga es una de las pr\u00e1cticas venidas desde oriente que mejor recepci\u00f3n tiene en nuestra sociedad. Con un creciente n\u00famero de practicantes,\u00a0<strong>el Yoga tiene grandes beneficios para la salud y para mantenimiento f\u00edsico<\/strong>\u00a0que proporciona, son elementos que lo vuelven una excelente alternativa para mejorar la calidad de vida.<\/span><\/p>\n<p><span>Nuestras\u00a0<strong>clases de Yoga en Jaca<\/strong>\u00a0son impartidas por instructores especializados en la disciplina y que han dedicado su vida a esta. Conocen cada detalle de la cultura y tradici\u00f3n que el Yoga trae consigo, por lo que aprender\u00e1s con gran fidelidad todos los conocimientos que envuelven a esta bella pr\u00e1ctica.<\/span><\/p>\n<p><span>Finalmente,\u00a0<strong>contamos con espacios plenamente acondicionados para el desarrollo \u00f3ptimo del Yoga<\/strong>. Salas especialmente dise\u00f1adas para que tu experiencia sea lo m\u00e1s c\u00f3moda y reconfortante posible, y con el fin de que puedas cumplir con todos los objetivos que te has propuesto.<\/span><\/p>\n<p>[\/et_pb_text][\/et_pb_column][\/et_pb_row][et_pb_row column_structure=\u00bb1_3,2_3&#8243; custom_padding_last_edited=\u00bbon|phone\u00bb _builder_version=\u00bb4.16&#8243; _module_preset=\u00bbdefault\u00bb custom_margin=\u00bb||0px||false|false\u00bb custom_padding=\u00bb||||false|false\u00bb custom_padding_tablet=\u00bb\u00bb custom_padding_phone=\u00bb0px||0px||false|false\u00bb global_colors_info=\u00bb{}\u00bb][et_pb_column type=\u00bb1_3&#8243; _builder_version=\u00bb4.16&#8243; _module_preset=\u00bbdefault\u00bb global_colors_info=\u00bb{}\u00bb][et_pb_text _builder_version=\u00bb4.16&#8243; text_font=\u00bb||||||||\u00bb header_font=\u00bb||||||||\u00bb header_text_align=\u00bbcenter\u00bb header_2_font=\u00bb|300||on|||||\u00bb header_2_text_align=\u00bbright\u00bb header_2_font_size=\u00bb29px\u00bb custom_margin=\u00bb||0px||false|false\u00bb custom_padding=\u00bb|15%|0px||false|false\u00bb header_2_text_align_tablet=\u00bb\u00bb header_2_text_align_phone=\u00bbleft\u00bb header_2_text_align_last_edited=\u00bbon|phone\u00bb header_2_font_size_tablet=\u00bb51px\u00bb header_2_font_size_phone=\u00bb25px\u00bb header_2_font_size_last_edited=\u00bbon|phone\u00bb border_width_right=\u00bb2px\u00bb border_color_right=\u00bb#cccccc\u00bb border_width_right_tablet=\u00bb\u00bb border_width_right_phone=\u00bb0px\u00bb border_width_right_last_edited=\u00bbon|phone\u00bb locked=\u00bboff\u00bb global_colors_info=\u00bb{}\u00bb]<\/p>\n<h2>Beneficios del yoga en Jaca<\/h2>\n<p>[\/et_pb_text][\/et_pb_column][et_pb_column type=\u00bb2_3&#8243; _builder_version=\u00bb4.16&#8243; _module_preset=\u00bbdefault\u00bb global_colors_info=\u00bb{}\u00bb][et_pb_text _builder_version=\u00bb4.16&#8243; text_font=\u00bb|300|||||||\u00bb text_text_color=\u00bb#cccccc\u00bb text_line_height=\u00bb1.1em\u00bb header_font=\u00bb|300|||||||\u00bb header_2_font=\u00bb|300||on|||||\u00bb header_2_text_color=\u00bb#cccccc\u00bb header_2_font_size=\u00bb36px\u00bb header_2_letter_spacing=\u00bb2px\u00bb background_layout=\u00bbdark\u00bb global_colors_info=\u00bb{}\u00bb]Las<strong><span>\u00a0<\/span>clases de Yoga en Jaca<\/strong><span>\u00a0<\/span>te permitir\u00e1n tomar consciencia sobre diferentes aspectos de tu cuerpo que hasta ahora pasaban desapercibidos.<\/p>\n<p>Sus ejercicios de bajo impacto f\u00edsico te otorgar\u00e1n gran fuerza en los m\u00fasculos, adem\u00e1s de llenarte de una flexibilidad que jam\u00e1s antes hab\u00edas experimentado.<\/p>\n<p><strong>El Yoga se compone en gran medida de la meditaci\u00f3n y el conocimiento<\/strong>. Esto te ayudar\u00e1 a mejorar considerablemente tu concentraci\u00f3n y a reducir los niveles de estr\u00e9s de tu vida. Por lo dem\u00e1s, corregir\u00e1s r\u00e1pidamente todos tus problemas de espalda y evitar\u00e1s que vuelvan a surgir en el futuro.[\/et_pb_text][\/et_pb_column][\/et_pb_row][\/et_pb_section][et_pb_section fb_built=\u00bb1&#8243; custom_padding_last_edited=\u00bbon|phone\u00bb _builder_version=\u00bb4.27.4&#8243; _module_preset=\u00bbdefault\u00bb background_color=\u00bb#000000&#8243; custom_padding=\u00bb0px||50px||false|false\u00bb custom_padding_tablet=\u00bb\u00bb custom_padding_phone=\u00bb||30px||false|false\u00bb hover_enabled=\u00bb0&#8243; global_colors_info=\u00bb{}\u00bb sticky_enabled=\u00bb0&#8243;][et_pb_row column_structure=\u00bb1_3,2_3&#8243; custom_padding_last_edited=\u00bbon|phone\u00bb _builder_version=\u00bb4.16&#8243; _module_preset=\u00bbdefault\u00bb custom_padding_tablet=\u00bb\u00bb custom_padding_phone=\u00bb0px||0px||false|false\u00bb global_colors_info=\u00bb{}\u00bb][et_pb_column type=\u00bb1_3&#8243; _builder_version=\u00bb4.16&#8243; _module_preset=\u00bbdefault\u00bb global_colors_info=\u00bb{}\u00bb][et_pb_text _builder_version=\u00bb4.16&#8243; text_font=\u00bb||||||||\u00bb header_font=\u00bb||||||||\u00bb header_text_align=\u00bbcenter\u00bb header_2_font=\u00bb|300||on|||||\u00bb header_2_text_align=\u00bbright\u00bb header_2_font_size=\u00bb29px\u00bb custom_margin=\u00bb||0px||false|false\u00bb custom_padding=\u00bb|15%|0px||false|false\u00bb header_2_text_align_tablet=\u00bb\u00bb header_2_text_align_phone=\u00bbleft\u00bb header_2_text_align_last_edited=\u00bbon|phone\u00bb header_2_font_size_tablet=\u00bb51px\u00bb header_2_font_size_phone=\u00bb25px\u00bb header_2_font_size_last_edited=\u00bbon|phone\u00bb border_width_right=\u00bb2px\u00bb border_color_right=\u00bb#cccccc\u00bb border_width_right_tablet=\u00bb\u00bb border_width_right_phone=\u00bb0px\u00bb border_width_right_last_edited=\u00bbon|phone\u00bb locked=\u00bboff\u00bb global_colors_info=\u00bb{}\u00bb]<\/p>\n<h2>Por qu\u00e9 yoga en Sparta Sport Center Jaca<\/h2>\n<p>[\/et_pb_text][\/et_pb_column][et_pb_column type=\u00bb2_3&#8243; _builder_version=\u00bb4.16&#8243; _module_preset=\u00bbdefault\u00bb global_colors_info=\u00bb{}\u00bb][et_pb_text _builder_version=\u00bb4.16&#8243; text_font=\u00bb|300|||||||\u00bb text_text_color=\u00bb#cccccc\u00bb text_line_height=\u00bb1.1em\u00bb header_font=\u00bb|300|||||||\u00bb header_2_font=\u00bb|300||on|||||\u00bb header_2_text_color=\u00bb#cccccc\u00bb header_2_font_size=\u00bb36px\u00bb header_2_letter_spacing=\u00bb2px\u00bb background_layout=\u00bbdark\u00bb global_colors_info=\u00bb{}\u00bb]<span>En Sparta respetamos profundamente las tradiciones de oriente y es por eso que queremos entreg\u00e1rtelas con la mayor fidelidad posible.<\/span><\/p>\n<p><strong>Nuestros instructores son especialistas en la disciplina del Yoga<\/strong>, lo que te asegura un aprendizaje claro, eficaz y correctamente enfocado, para que cumplas todas las expectativas que tengas en relaci\u00f3n al Yoga.<\/p>\n<p>No esperes m\u00e1s e<span>\u00a0<\/span><strong>inscr\u00edbete a nuestras clases de Yoga en Jaca.<\/strong>[\/et_pb_text][\/et_pb_column][\/et_pb_row][\/et_pb_section]<\/p>\n","protected":false},"excerpt":{"rendered":"<p>clases de yoga en JacaEl Yoga es una de las pr\u00e1cticas venidas desde oriente que mejor recepci\u00f3n tiene en nuestra sociedad. Con un creciente n\u00famero de practicantes,\u00a0el Yoga tiene grandes beneficios para la salud y para mantenimiento f\u00edsico\u00a0que proporciona, son elementos que lo vuelven una excelente alternativa para mejorar la calidad de vida. Nuestras\u00a0clases de [&hellip;]<\/p>\n","protected":false},"author":1,"featured_media":219020,"parent":0,"menu_order":0,"comment_status":"closed","ping_status":"closed","template":"","meta":{"_et_pb_use_builder":"on","_et_pb_old_content":"","_et_gb_content_width":"","footnotes":""},"class_list":["post-206563","page","type-page","status-publish","has-post-thumbnail","hentry"],"yoast_head":"<!-- This site is optimized with the Yoast SEO plugin v27.4 - https:\/\/yoast.com\/product\/yoast-seo-wordpress\/ -->\n<title>Yoga en Jaca \u00a11 D\u00cdA GRATIS! | Sparta Sport Center Jaca<\/title>\n<meta name=\"description\" content=\"Mantente equilibrado, mejora tu condici\u00f3n f\u00edsica y espiritual con nuestras CLASES DE YOGA DIRIGIDAS en Jaca. Gana elasticidad y prev\u00e9 lesiones.\" \/>\n<meta name=\"robots\" content=\"index, follow, max-snippet:-1, max-image-preview:large, max-video-preview:-1\" \/>\n<link rel=\"canonical\" href=\"https:\/\/spartasportcenter.com\/jaca\/yoga-jaca\/\" \/>\n<meta property=\"og:locale\" content=\"es_ES\" \/>\n<meta property=\"og:type\" content=\"article\" \/>\n<meta property=\"og:title\" content=\"Yoga en Jaca \u00a11 D\u00cdA GRATIS! | Sparta Sport Center Jaca\" \/>\n<meta property=\"og:description\" content=\"Mantente equilibrado, mejora tu condici\u00f3n f\u00edsica y espiritual con nuestras CLASES DE YOGA DIRIGIDAS en Jaca. Gana elasticidad y prev\u00e9 lesiones.\" \/>\n<meta property=\"og:url\" content=\"https:\/\/spartasportcenter.com\/jaca\/yoga-jaca\/\" \/>\n<meta property=\"og:site_name\" content=\"Sparta Sport Center Jaca\" \/>\n<meta property=\"article:modified_time\" content=\"2025-12-22T11:44:17+00:00\" \/>\n<meta property=\"og:image\" content=\"https:\/\/spartasportcenter.com\/jaca\/wp-content\/uploads\/2024\/05\/yoga-jaca.webp\" \/>\n\t<meta property=\"og:image:width\" content=\"2000\" \/>\n\t<meta property=\"og:image:height\" content=\"1333\" \/>\n\t<meta property=\"og:image:type\" content=\"image\/webp\" \/>\n<meta name=\"twitter:card\" content=\"summary_large_image\" \/>\n<meta name=\"twitter:label1\" content=\"Tiempo de lectura\" \/>\n\t<meta name=\"twitter:data1\" content=\"2 minutos\" \/>\n<script type=\"application\/ld+json\" class=\"yoast-schema-graph\">{\"@context\":\"https:\\\/\\\/schema.org\",\"@graph\":[{\"@type\":\"WebPage\",\"@id\":\"https:\\\/\\\/spartasportcenter.com\\\/jaca\\\/yoga-jaca\\\/\",\"url\":\"https:\\\/\\\/spartasportcenter.com\\\/jaca\\\/yoga-jaca\\\/\",\"name\":\"Yoga en Jaca \u00a11 D\u00cdA GRATIS! | Sparta Sport Center Jaca\",\"isPartOf\":{\"@id\":\"https:\\\/\\\/spartasportcenter.com\\\/jaca\\\/#website\"},\"primaryImageOfPage\":{\"@id\":\"https:\\\/\\\/spartasportcenter.com\\\/jaca\\\/yoga-jaca\\\/#primaryimage\"},\"image\":{\"@id\":\"https:\\\/\\\/spartasportcenter.com\\\/jaca\\\/yoga-jaca\\\/#primaryimage\"},\"thumbnailUrl\":\"https:\\\/\\\/spartasportcenter.com\\\/jaca\\\/wp-content\\\/uploads\\\/2024\\\/05\\\/yoga-jaca.webp\",\"datePublished\":\"2018-08-20T15:59:41+00:00\",\"dateModified\":\"2025-12-22T11:44:17+00:00\",\"description\":\"Mantente equilibrado, mejora tu condici\u00f3n f\u00edsica y espiritual con nuestras CLASES DE YOGA DIRIGIDAS en Jaca. Gana elasticidad y prev\u00e9 lesiones.\",\"breadcrumb\":{\"@id\":\"https:\\\/\\\/spartasportcenter.com\\\/jaca\\\/yoga-jaca\\\/#breadcrumb\"},\"inLanguage\":\"es\",\"potentialAction\":[{\"@type\":\"ReadAction\",\"target\":[\"https:\\\/\\\/spartasportcenter.com\\\/jaca\\\/yoga-jaca\\\/\"]}]},{\"@type\":\"ImageObject\",\"inLanguage\":\"es\",\"@id\":\"https:\\\/\\\/spartasportcenter.com\\\/jaca\\\/yoga-jaca\\\/#primaryimage\",\"url\":\"https:\\\/\\\/spartasportcenter.com\\\/jaca\\\/wp-content\\\/uploads\\\/2024\\\/05\\\/yoga-jaca.webp\",\"contentUrl\":\"https:\\\/\\\/spartasportcenter.com\\\/jaca\\\/wp-content\\\/uploads\\\/2024\\\/05\\\/yoga-jaca.webp\",\"width\":2000,\"height\":1333,\"caption\":\"yoga jaca\"},{\"@type\":\"BreadcrumbList\",\"@id\":\"https:\\\/\\\/spartasportcenter.com\\\/jaca\\\/yoga-jaca\\\/#breadcrumb\",\"itemListElement\":[{\"@type\":\"ListItem\",\"position\":1,\"name\":\"Portada\",\"item\":\"https:\\\/\\\/spartasportcenter.com\\\/jaca\\\/\"},{\"@type\":\"ListItem\",\"position\":2,\"name\":\"Yoga Jaca\"}]},{\"@type\":\"WebSite\",\"@id\":\"https:\\\/\\\/spartasportcenter.com\\\/jaca\\\/#website\",\"url\":\"https:\\\/\\\/spartasportcenter.com\\\/jaca\\\/\",\"name\":\"Sparta Sport Center Jaca\",\"description\":\"Gimnasios en Jaca\",\"potentialAction\":[{\"@type\":\"SearchAction\",\"target\":{\"@type\":\"EntryPoint\",\"urlTemplate\":\"https:\\\/\\\/spartasportcenter.com\\\/jaca\\\/?s={search_term_string}\"},\"query-input\":{\"@type\":\"PropertyValueSpecification\",\"valueRequired\":true,\"valueName\":\"search_term_string\"}}],\"inLanguage\":\"es\"}]}<\/script>\n<!-- \/ Yoast SEO plugin. -->","yoast_head_json":{"title":"Yoga en Jaca \u00a11 D\u00cdA GRATIS! | Sparta Sport Center Jaca","description":"Mantente equilibrado, mejora tu condici\u00f3n f\u00edsica y espiritual con nuestras CLASES DE YOGA DIRIGIDAS en Jaca. Gana elasticidad y prev\u00e9 lesiones.","robots":{"index":"index","follow":"follow","max-snippet":"max-snippet:-1","max-image-preview":"max-image-preview:large","max-video-preview":"max-video-preview:-1"},"canonical":"https:\/\/spartasportcenter.com\/jaca\/yoga-jaca\/","og_locale":"es_ES","og_type":"article","og_title":"Yoga en Jaca \u00a11 D\u00cdA GRATIS! | Sparta Sport Center Jaca","og_description":"Mantente equilibrado, mejora tu condici\u00f3n f\u00edsica y espiritual con nuestras CLASES DE YOGA DIRIGIDAS en Jaca. Gana elasticidad y prev\u00e9 lesiones.","og_url":"https:\/\/spartasportcenter.com\/jaca\/yoga-jaca\/","og_site_name":"Sparta Sport Center Jaca","article_modified_time":"2025-12-22T11:44:17+00:00","og_image":[{"width":2000,"height":1333,"url":"https:\/\/spartasportcenter.com\/jaca\/wp-content\/uploads\/2024\/05\/yoga-jaca.webp","type":"image\/webp"}],"twitter_card":"summary_large_image","twitter_misc":{"Tiempo de lectura":"2 minutos"},"schema":{"@context":"https:\/\/schema.org","@graph":[{"@type":"WebPage","@id":"https:\/\/spartasportcenter.com\/jaca\/yoga-jaca\/","url":"https:\/\/spartasportcenter.com\/jaca\/yoga-jaca\/","name":"Yoga en Jaca \u00a11 D\u00cdA GRATIS! | Sparta Sport Center Jaca","isPartOf":{"@id":"https:\/\/spartasportcenter.com\/jaca\/#website"},"primaryImageOfPage":{"@id":"https:\/\/spartasportcenter.com\/jaca\/yoga-jaca\/#primaryimage"},"image":{"@id":"https:\/\/spartasportcenter.com\/jaca\/yoga-jaca\/#primaryimage"},"thumbnailUrl":"https:\/\/spartasportcenter.com\/jaca\/wp-content\/uploads\/2024\/05\/yoga-jaca.webp","datePublished":"2018-08-20T15:59:41+00:00","dateModified":"2025-12-22T11:44:17+00:00","description":"Mantente equilibrado, mejora tu condici\u00f3n f\u00edsica y espiritual con nuestras CLASES DE YOGA DIRIGIDAS en Jaca. Gana elasticidad y prev\u00e9 lesiones.","breadcrumb":{"@id":"https:\/\/spartasportcenter.com\/jaca\/yoga-jaca\/#breadcrumb"},"inLanguage":"es","potentialAction":[{"@type":"ReadAction","target":["https:\/\/spartasportcenter.com\/jaca\/yoga-jaca\/"]}]},{"@type":"ImageObject","inLanguage":"es","@id":"https:\/\/spartasportcenter.com\/jaca\/yoga-jaca\/#primaryimage","url":"https:\/\/spartasportcenter.com\/jaca\/wp-content\/uploads\/2024\/05\/yoga-jaca.webp","contentUrl":"https:\/\/spartasportcenter.com\/jaca\/wp-content\/uploads\/2024\/05\/yoga-jaca.webp","width":2000,"height":1333,"caption":"yoga jaca"},{"@type":"BreadcrumbList","@id":"https:\/\/spartasportcenter.com\/jaca\/yoga-jaca\/#breadcrumb","itemListElement":[{"@type":"ListItem","position":1,"name":"Portada","item":"https:\/\/spartasportcenter.com\/jaca\/"},{"@type":"ListItem","position":2,"name":"Yoga Jaca"}]},{"@type":"WebSite","@id":"https:\/\/spartasportcenter.com\/jaca\/#website","url":"https:\/\/spartasportcenter.com\/jaca\/","name":"Sparta Sport Center Jaca","description":"Gimnasios en Jaca","potentialAction":[{"@type":"SearchAction","target":{"@type":"EntryPoint","urlTemplate":"https:\/\/spartasportcenter.com\/jaca\/?s={search_term_string}"},"query-input":{"@type":"PropertyValueSpecification","valueRequired":true,"valueName":"search_term_string"}}],"inLanguage":"es"}]}},"_links":{"self":[{"href":"https:\/\/spartasportcenter.com\/jaca\/wp-json\/wp\/v2\/pages\/206563","targetHints":{"allow":["GET"]}}],"collection":[{"href":"https:\/\/spartasportcenter.com\/jaca\/wp-json\/wp\/v2\/pages"}],"about":[{"href":"https:\/\/spartasportcenter.com\/jaca\/wp-json\/wp\/v2\/types\/page"}],"author":[{"embeddable":true,"href":"https:\/\/spartasportcenter.com\/jaca\/wp-json\/wp\/v2\/users\/1"}],"replies":[{"embeddable":true,"href":"https:\/\/spartasportcenter.com\/jaca\/wp-json\/wp\/v2\/comments?post=206563"}],"version-history":[{"count":2,"href":"https:\/\/spartasportcenter.com\/jaca\/wp-json\/wp\/v2\/pages\/206563\/revisions"}],"predecessor-version":[{"id":220398,"href":"https:\/\/spartasportcenter.com\/jaca\/wp-json\/wp\/v2\/pages\/206563\/revisions\/220398"}],"wp:featuredmedia":[{"embeddable":true,"href":"https:\/\/spartasportcenter.com\/jaca\/wp-json\/wp\/v2\/media\/219020"}],"wp:attachment":[{"href":"https:\/\/spartasportcenter.com\/jaca\/wp-json\/wp\/v2\/media?parent=206563"}],"curies":[{"name":"wp","href":"https:\/\/api.w.org\/{rel}","templated":true}]}}