{"id":205762,"date":"2018-08-08T16:24:44","date_gmt":"2018-08-08T16:24:44","guid":{"rendered":"https:\/\/pamplona.spartasportcenter.com\/?page_id=205762"},"modified":"2025-12-22T12:43:09","modified_gmt":"2025-12-22T11:43:09","slug":"pilates-jaca","status":"publish","type":"page","link":"https:\/\/spartasportcenter.com\/jaca\/pilates-jaca\/","title":{"rendered":"Pilates Jaca"},"content":{"rendered":"<p>[et_pb_section fb_built=\u00bb1&#8243; custom_padding_last_edited=\u00bbon|phone\u00bb disabled_on=\u00bboff|off|off\u00bb _builder_version=\u00bb4.27.4&#8243; background_color=\u00bb#000000&#8243; background_enable_image=\u00bboff\u00bb custom_margin=\u00bb||||false|false\u00bb custom_padding=\u00bb80px|0px|0px|0px|false|false\u00bb custom_padding_tablet=\u00bb\u00bb custom_padding_phone=\u00bb30px||50px||false|false\u00bb hover_enabled=\u00bb0&#8243; global_colors_info=\u00bb{}\u00bb sticky_enabled=\u00bb0&#8243;][et_pb_row column_structure=\u00bb1_3,2_3&#8243; custom_padding_last_edited=\u00bbon|desktop\u00bb _builder_version=\u00bb4.16&#8243; _module_preset=\u00bbdefault\u00bb custom_padding=\u00bb0px||||false|false\u00bb custom_padding_tablet=\u00bb\u00bb custom_padding_phone=\u00bb0px||||false|false\u00bb global_colors_info=\u00bb{}\u00bb][et_pb_column type=\u00bb1_3&#8243; _builder_version=\u00bb4.16&#8243; _module_preset=\u00bbdefault\u00bb global_colors_info=\u00bb{}\u00bb][et_pb_text _builder_version=\u00bb4.16&#8243; text_font=\u00bb||||||||\u00bb header_font=\u00bb||||||||\u00bb header_text_align=\u00bbcenter\u00bb header_2_font=\u00bb|300||on|||||\u00bb header_2_text_align=\u00bbright\u00bb header_2_font_size=\u00bb29px\u00bb custom_margin=\u00bb||0px||false|false\u00bb custom_padding=\u00bb|15%|0px||false|false\u00bb header_2_text_align_tablet=\u00bb\u00bb header_2_text_align_phone=\u00bbleft\u00bb header_2_text_align_last_edited=\u00bbon|phone\u00bb header_2_font_size_tablet=\u00bb51px\u00bb header_2_font_size_phone=\u00bb25px\u00bb header_2_font_size_last_edited=\u00bbon|phone\u00bb border_width_right=\u00bb2px\u00bb border_color_right=\u00bb#cccccc\u00bb border_width_right_tablet=\u00bb\u00bb border_width_right_phone=\u00bb0px\u00bb border_width_right_last_edited=\u00bbon|phone\u00bb locked=\u00bboff\u00bb global_colors_info=\u00bb{}\u00bb]<\/p>\n<h2>clases de pilates en Jaca<\/h2>\n<p>[\/et_pb_text][\/et_pb_column][et_pb_column type=\u00bb2_3&#8243; _builder_version=\u00bb4.16&#8243; _module_preset=\u00bbdefault\u00bb global_colors_info=\u00bb{}\u00bb][et_pb_text _builder_version=\u00bb4.16&#8243; text_font=\u00bb|300|||||||\u00bb text_text_color=\u00bb#cccccc\u00bb text_line_height=\u00bb1.1em\u00bb header_font=\u00bb|300|||||||\u00bb header_2_font=\u00bb|300||on|||||\u00bb header_2_text_color=\u00bb#cccccc\u00bb header_2_font_size=\u00bb36px\u00bb header_2_letter_spacing=\u00bb2px\u00bb background_layout=\u00bbdark\u00bb global_colors_info=\u00bb{}\u00bb]<span>La pr\u00e1ctica de Pilates es una de las alternativas preferidas al momento de comenzar con rutinas de acondicionamiento f\u00edsico. Sus ejercicios de bajo impacto para nuestro cuerpo y los resultados r\u00e1pidos que se pueden apreciar, la convierten en una disciplina bastante llamativa para muchas personas.<\/span>[\/et_pb_text][et_pb_button button_text=\u00bb+\u00bb button_alignment=\u00bbcenter\u00bb module_class=\u00bbrv_button closed\u00bb _builder_version=\u00bb4.16&#8243; custom_button=\u00bbon\u00bb button_text_size=\u00bb39px\u00bb button_text_color=\u00bb#cccccc\u00bb button_border_width=\u00bb0px\u00bb button_border_radius=\u00bb0px\u00bb button_font=\u00bbOswald|700|||||||\u00bb button_use_icon=\u00bboff\u00bb custom_margin=\u00bb-40px|0px|-10px|0px|false|false\u00bb custom_margin_tablet=\u00bb\u00bb custom_margin_phone=\u00bb\u00bb custom_margin_last_edited=\u00bbon|phone\u00bb custom_padding=\u00bb0px|0px|0px|0px|true|\u00bb button_text_color_hover=\u00bbrgba(224,43,32,0.76)\u00bb button_border_color_hover=\u00bbrgba(0,0,0,0)\u00bb button_border_radius_hover=\u00bb0px\u00bb button_bg_color_hover=\u00bbrgba(0,0,0,0)\u00bb global_colors_info=\u00bb{}\u00bb button_text_size__hover_enabled=\u00bboff\u00bb button_one_text_size__hover_enabled=\u00bboff\u00bb button_two_text_size__hover_enabled=\u00bboff\u00bb button_text_color__hover_enabled=\u00bbon|desktop\u00bb button_text_color__hover=\u00bbrgba(255,255,255,0.5)\u00bb button_one_text_color__hover_enabled=\u00bboff\u00bb button_two_text_color__hover_enabled=\u00bboff\u00bb button_border_width__hover_enabled=\u00bboff\u00bb button_one_border_width__hover_enabled=\u00bboff\u00bb button_two_border_width__hover_enabled=\u00bboff\u00bb button_border_color__hover_enabled=\u00bbon\u00bb button_border_color__hover=\u00bbrgba(0,0,0,0)\u00bb button_one_border_color__hover_enabled=\u00bboff\u00bb button_two_border_color__hover_enabled=\u00bboff\u00bb button_border_radius__hover_enabled=\u00bbon\u00bb button_border_radius__hover=\u00bb0px\u00bb button_one_border_radius__hover_enabled=\u00bboff\u00bb button_two_border_radius__hover_enabled=\u00bboff\u00bb button_letter_spacing__hover_enabled=\u00bboff\u00bb button_one_letter_spacing__hover_enabled=\u00bboff\u00bb button_two_letter_spacing__hover_enabled=\u00bboff\u00bb button_bg_color__hover_enabled=\u00bbon\u00bb button_bg_color__hover=\u00bbrgba(255,255,255,0)\u00bb button_one_bg_color__hover_enabled=\u00bboff\u00bb button_two_bg_color__hover_enabled=\u00bboff\u00bb][\/et_pb_button][et_pb_text module_id=\u00bbreveal\u00bb _builder_version=\u00bb4.16&#8243; text_font=\u00bb|300|||||||\u00bb text_text_color=\u00bb#cccccc\u00bb text_line_height=\u00bb1.1em\u00bb header_font=\u00bb|300|||||||\u00bb header_2_font=\u00bb|300||on|||||\u00bb header_2_text_color=\u00bb#cccccc\u00bb header_2_font_size=\u00bb36px\u00bb header_2_letter_spacing=\u00bb2px\u00bb background_layout=\u00bbdark\u00bb global_colors_info=\u00bb{}\u00bb]<span>Nuestro\u00a0<strong>estudio de Pilates en Jaca<\/strong>\u00a0se encuentra a cargo de un equipo altamente cualificado para la ense\u00f1anza de esta pr\u00e1ctica.\u00a0<strong>Con ayuda de nuestros profesionales de Pilates encontrar\u00e1s una rutina de ejercicios adecuada a tus necesidades<\/strong>\u00a0que te permita alcanzar las metas que te hayas propuesto inicialmente.<\/span><\/p>\n<p><span>Finalmente, tambi\u00e9n tenemos a tu disposici\u00f3n espacios perfectamente acondicionados para las clases de Pilates en Jaca, adem\u00e1s de todas las herramientas necesarias para su perfecta ejecuci\u00f3n. Gracias a todo esto podr\u00e1s sacar a flote tu m\u00e1ximo rendimiento y tener una experiencia acorde a tus expectativas.<\/span>[\/et_pb_text][\/et_pb_column][\/et_pb_row][et_pb_row column_structure=\u00bb1_3,2_3&#8243; custom_padding_last_edited=\u00bbon|phone\u00bb _builder_version=\u00bb4.16&#8243; _module_preset=\u00bbdefault\u00bb custom_margin=\u00bb||0px||false|false\u00bb custom_padding=\u00bb||||false|false\u00bb custom_padding_tablet=\u00bb\u00bb custom_padding_phone=\u00bb0px||0px||false|false\u00bb global_colors_info=\u00bb{}\u00bb][et_pb_column type=\u00bb1_3&#8243; _builder_version=\u00bb4.16&#8243; _module_preset=\u00bbdefault\u00bb global_colors_info=\u00bb{}\u00bb][et_pb_text _builder_version=\u00bb4.16&#8243; text_font=\u00bb||||||||\u00bb header_font=\u00bb||||||||\u00bb header_text_align=\u00bbcenter\u00bb header_2_font=\u00bb|300||on|||||\u00bb header_2_text_align=\u00bbright\u00bb header_2_font_size=\u00bb29px\u00bb custom_margin=\u00bb||0px||false|false\u00bb custom_padding=\u00bb|15%|0px||false|false\u00bb header_2_text_align_tablet=\u00bb\u00bb header_2_text_align_phone=\u00bbleft\u00bb header_2_text_align_last_edited=\u00bbon|phone\u00bb header_2_font_size_tablet=\u00bb51px\u00bb header_2_font_size_phone=\u00bb25px\u00bb header_2_font_size_last_edited=\u00bbon|phone\u00bb border_width_right=\u00bb2px\u00bb border_color_right=\u00bb#cccccc\u00bb border_width_right_tablet=\u00bb\u00bb border_width_right_phone=\u00bb0px\u00bb border_width_right_last_edited=\u00bbon|phone\u00bb locked=\u00bboff\u00bb global_colors_info=\u00bb{}\u00bb]<\/p>\n<h2>Beneficios del Pilates en Jaca <\/h2>\n<p>[\/et_pb_text][\/et_pb_column][et_pb_column type=\u00bb2_3&#8243; _builder_version=\u00bb4.16&#8243; _module_preset=\u00bbdefault\u00bb global_colors_info=\u00bb{}\u00bb][et_pb_text _builder_version=\u00bb4.16&#8243; text_font=\u00bb|300|||||||\u00bb text_text_color=\u00bb#cccccc\u00bb text_line_height=\u00bb1.1em\u00bb header_font=\u00bb|300|||||||\u00bb header_2_font=\u00bb|300||on|||||\u00bb header_2_text_color=\u00bb#cccccc\u00bb header_2_font_size=\u00bb36px\u00bb header_2_letter_spacing=\u00bb2px\u00bb background_layout=\u00bbdark\u00bb global_colors_info=\u00bb{}\u00bb]<span><strong>En clases de Pilates en Jaca desarrollar\u00e1s flexibilidad y fuerza f\u00edsica<\/strong>. Esto se debe a las diferentes rutinas de ejercicios que enfocan sus objetivos en otorgarte vitalidad y destreza, al tiempo que tomas una completa consciencia de tu corporalidad.<\/span>[\/et_pb_text][et_pb_button button_text=\u00bb+\u00bb button_alignment=\u00bbcenter\u00bb module_class=\u00bbrv_button2 closed\u00bb _builder_version=\u00bb4.16&#8243; custom_button=\u00bbon\u00bb button_text_size=\u00bb39px\u00bb button_text_color=\u00bb#cccccc\u00bb button_border_width=\u00bb0px\u00bb button_border_radius=\u00bb0px\u00bb button_font=\u00bbOswald|700|||||||\u00bb button_use_icon=\u00bboff\u00bb custom_margin=\u00bb-40px|0px|-10px|0px|false|false\u00bb custom_margin_tablet=\u00bb\u00bb custom_margin_phone=\u00bb\u00bb custom_margin_last_edited=\u00bbon|phone\u00bb custom_padding=\u00bb0px|0px|0px|0px|true|\u00bb button_text_color_hover=\u00bbrgba(224,43,32,0.76)\u00bb button_border_color_hover=\u00bbrgba(0,0,0,0)\u00bb button_border_radius_hover=\u00bb0px\u00bb button_bg_color_hover=\u00bbrgba(0,0,0,0)\u00bb global_colors_info=\u00bb{}\u00bb button_text_size__hover_enabled=\u00bboff\u00bb button_one_text_size__hover_enabled=\u00bboff\u00bb button_two_text_size__hover_enabled=\u00bboff\u00bb button_text_color__hover_enabled=\u00bbon|desktop\u00bb button_text_color__hover=\u00bbrgba(255,255,255,0.5)\u00bb button_one_text_color__hover_enabled=\u00bboff\u00bb button_two_text_color__hover_enabled=\u00bboff\u00bb button_border_width__hover_enabled=\u00bboff\u00bb button_one_border_width__hover_enabled=\u00bboff\u00bb button_two_border_width__hover_enabled=\u00bboff\u00bb button_border_color__hover_enabled=\u00bbon\u00bb button_border_color__hover=\u00bbrgba(0,0,0,0)\u00bb button_one_border_color__hover_enabled=\u00bboff\u00bb button_two_border_color__hover_enabled=\u00bboff\u00bb button_border_radius__hover_enabled=\u00bbon\u00bb button_border_radius__hover=\u00bb0px\u00bb button_one_border_radius__hover_enabled=\u00bboff\u00bb button_two_border_radius__hover_enabled=\u00bboff\u00bb button_letter_spacing__hover_enabled=\u00bboff\u00bb button_one_letter_spacing__hover_enabled=\u00bboff\u00bb button_two_letter_spacing__hover_enabled=\u00bboff\u00bb button_bg_color__hover_enabled=\u00bbon\u00bb button_bg_color__hover=\u00bbrgba(255,255,255,0)\u00bb button_one_bg_color__hover_enabled=\u00bboff\u00bb button_two_bg_color__hover_enabled=\u00bboff\u00bb][\/et_pb_button][et_pb_text module_id=\u00bbreveal2&#8243; _builder_version=\u00bb4.16&#8243; text_font=\u00bb|300|||||||\u00bb text_text_color=\u00bb#cccccc\u00bb text_line_height=\u00bb1.1em\u00bb header_font=\u00bb|300|||||||\u00bb header_2_font=\u00bb|300||on|||||\u00bb header_2_text_color=\u00bb#cccccc\u00bb header_2_font_size=\u00bb36px\u00bb header_2_letter_spacing=\u00bb2px\u00bb background_layout=\u00bbdark\u00bb global_colors_info=\u00bb{}\u00bb]<span>Una de las grandes ventajas de acudir a nuestro centro de Pilates en Jaca es que reparar\u00e1s todos tus problemas de postura, evitando cualquier tipo de molestias y lesiones a futuro. Tu torrente sangu\u00edneo se mantendr\u00e1 activo y proporcionar\u00e1 un mejor funcionamiento del sistema cardiovascular.<\/span><\/p>\n<p><span>Por lo dem\u00e1s,\u00a0<strong>el Pilates mejorar\u00e1 tu estado de \u00e1nimo<\/strong>\u00a0y te permitir\u00e1 afrontar la vida con una nueva mirada.<\/span><\/p>\n<p><strong>En clases de Pilates en Jaca desarrollar\u00e1s flexibilidad y fuerza f\u00edsica<\/strong>. Esto se debe a las diferentes rutinas de ejercicios que enfocan sus objetivos en otorgarte vitalidad y destreza, al tiempo que tomas una completa consciencia de tu corporalidad.<\/p>\n<p><span>Una de las grandes ventajas de acudir a nuestro centro de Pilates en Jaca es que reparar\u00e1s todos tus problemas de postura, evitando cualquier tipo de molestias y lesiones a futuro. Tu torrente sangu\u00edneo se mantendr\u00e1 activo y proporcionar\u00e1 un mejor funcionamiento del sistema cardiovascular.<\/span><\/p>\n<p><span>Por lo dem\u00e1s,\u00a0<strong>el Pilates mejorar\u00e1 tu estado de \u00e1nimo<\/strong>\u00a0y te permitir\u00e1 afrontar la vida con una nueva mirada.<\/span>[\/et_pb_text][\/et_pb_column][\/et_pb_row][\/et_pb_section][et_pb_section fb_built=\u00bb1&#8243; custom_padding_last_edited=\u00bbon|phone\u00bb _builder_version=\u00bb4.27.4&#8243; _module_preset=\u00bbdefault\u00bb background_color=\u00bb#000000&#8243; custom_padding=\u00bb0px||50px||false|false\u00bb custom_padding_tablet=\u00bb\u00bb custom_padding_phone=\u00bb||30px||false|false\u00bb hover_enabled=\u00bb0&#8243; global_colors_info=\u00bb{}\u00bb sticky_enabled=\u00bb0&#8243;][et_pb_row column_structure=\u00bb1_3,2_3&#8243; custom_padding_last_edited=\u00bbon|phone\u00bb _builder_version=\u00bb4.16&#8243; _module_preset=\u00bbdefault\u00bb custom_padding_tablet=\u00bb\u00bb custom_padding_phone=\u00bb0px||0px||false|false\u00bb global_colors_info=\u00bb{}\u00bb][et_pb_column type=\u00bb1_3&#8243; _builder_version=\u00bb4.16&#8243; _module_preset=\u00bbdefault\u00bb global_colors_info=\u00bb{}\u00bb][et_pb_text _builder_version=\u00bb4.16&#8243; text_font=\u00bb||||||||\u00bb header_font=\u00bb||||||||\u00bb header_text_align=\u00bbcenter\u00bb header_2_font=\u00bb|300||on|||||\u00bb header_2_text_align=\u00bbright\u00bb header_2_font_size=\u00bb29px\u00bb custom_margin=\u00bb||0px||false|false\u00bb custom_padding=\u00bb|15%|0px||false|false\u00bb header_2_text_align_tablet=\u00bb\u00bb header_2_text_align_phone=\u00bbleft\u00bb header_2_text_align_last_edited=\u00bbon|phone\u00bb header_2_font_size_tablet=\u00bb51px\u00bb header_2_font_size_phone=\u00bb25px\u00bb header_2_font_size_last_edited=\u00bbon|phone\u00bb border_width_right=\u00bb2px\u00bb border_color_right=\u00bb#cccccc\u00bb border_width_right_tablet=\u00bb\u00bb border_width_right_phone=\u00bb0px\u00bb border_width_right_last_edited=\u00bbon|phone\u00bb locked=\u00bboff\u00bb global_colors_info=\u00bb{}\u00bb]<\/p>\n<h2>Por qu\u00e9 Pilates en Sparta Sport Center Jaca <\/h2>\n<p>[\/et_pb_text][\/et_pb_column][et_pb_column type=\u00bb2_3&#8243; _builder_version=\u00bb4.16&#8243; _module_preset=\u00bbdefault\u00bb global_colors_info=\u00bb{}\u00bb][et_pb_text _builder_version=\u00bb4.16&#8243; text_font=\u00bb|300|||||||\u00bb text_text_color=\u00bb#cccccc\u00bb text_line_height=\u00bb1.1em\u00bb header_font=\u00bb|300|||||||\u00bb header_2_font=\u00bb|300||on|||||\u00bb header_2_text_color=\u00bb#cccccc\u00bb header_2_font_size=\u00bb36px\u00bb header_2_letter_spacing=\u00bb2px\u00bb background_layout=\u00bbdark\u00bb global_colors_info=\u00bb{}\u00bb]<span><strong>En Sparta Jaca contamos con un sistema de entrenamiento personalizado<\/strong>\u00a0que nos permite conocer de manera detallada las necesidades de nuestros clientes.<\/span><\/p>\n<p><span>De esta manera, podemos evaluar y programar ejercicios espec\u00edficamente pensados para ti y mantenerte informado de todos los progresos que obtengas en nuestro gimnasio.<\/span><\/p>\n<p><span>No esperes m\u00e1s y\u00a0<strong>s\u00famate a nuestras clases de Pilates en Jaca.<\/strong><\/span>[\/et_pb_text][\/et_pb_column][\/et_pb_row][\/et_pb_section]<\/p>\n","protected":false},"excerpt":{"rendered":"<p>clases de pilates en JacaLa pr\u00e1ctica de Pilates es una de las alternativas preferidas al momento de comenzar con rutinas de acondicionamiento f\u00edsico. Sus ejercicios de bajo impacto para nuestro cuerpo y los resultados r\u00e1pidos que se pueden apreciar, la convierten en una disciplina bastante llamativa para muchas personas.Nuestro\u00a0estudio de Pilates en Jaca\u00a0se encuentra a [&hellip;]<\/p>\n","protected":false},"author":1,"featured_media":219018,"parent":0,"menu_order":0,"comment_status":"closed","ping_status":"closed","template":"","meta":{"_et_pb_use_builder":"on","_et_pb_old_content":"","_et_gb_content_width":"","footnotes":""},"class_list":["post-205762","page","type-page","status-publish","has-post-thumbnail","hentry"],"yoast_head":"<!-- This site is optimized with the Yoast SEO plugin v27.4 - https:\/\/yoast.com\/product\/yoast-seo-wordpress\/ -->\n<title>Pilates en Jaca \u00a11 D\u00cdA GRATIS! | Sparta Sport Center Jaca<\/title>\n<meta name=\"description\" content=\"Inscr\u00edbete y disfruta de nuestras CLASES DE PILATES DIRIGIDAS en Jaca, contamos con un Equipo de Instructores 100% dedicados a tu bienestar.\" \/>\n<meta name=\"robots\" content=\"index, follow, max-snippet:-1, max-image-preview:large, max-video-preview:-1\" \/>\n<link rel=\"canonical\" href=\"https:\/\/spartasportcenter.com\/jaca\/pilates-jaca\/\" \/>\n<meta property=\"og:locale\" content=\"es_ES\" \/>\n<meta property=\"og:type\" content=\"article\" \/>\n<meta property=\"og:title\" content=\"Pilates en Jaca \u00a11 D\u00cdA GRATIS! | Sparta Sport Center Jaca\" \/>\n<meta property=\"og:description\" content=\"Inscr\u00edbete y disfruta de nuestras CLASES DE PILATES DIRIGIDAS en Jaca, contamos con un Equipo de Instructores 100% dedicados a tu bienestar.\" \/>\n<meta property=\"og:url\" content=\"https:\/\/spartasportcenter.com\/jaca\/pilates-jaca\/\" \/>\n<meta property=\"og:site_name\" content=\"Sparta Sport Center Jaca\" \/>\n<meta property=\"article:modified_time\" content=\"2025-12-22T11:43:09+00:00\" \/>\n<meta property=\"og:image\" content=\"https:\/\/spartasportcenter.com\/jaca\/wp-content\/uploads\/2024\/05\/pilates-jaca.webp\" \/>\n\t<meta property=\"og:image:width\" content=\"2000\" \/>\n\t<meta property=\"og:image:height\" content=\"1333\" \/>\n\t<meta property=\"og:image:type\" content=\"image\/webp\" \/>\n<meta name=\"twitter:card\" content=\"summary_large_image\" \/>\n<meta name=\"twitter:label1\" content=\"Tiempo de lectura\" \/>\n\t<meta name=\"twitter:data1\" content=\"3 minutos\" \/>\n<script type=\"application\/ld+json\" class=\"yoast-schema-graph\">{\"@context\":\"https:\\\/\\\/schema.org\",\"@graph\":[{\"@type\":\"WebPage\",\"@id\":\"https:\\\/\\\/spartasportcenter.com\\\/jaca\\\/pilates-jaca\\\/\",\"url\":\"https:\\\/\\\/spartasportcenter.com\\\/jaca\\\/pilates-jaca\\\/\",\"name\":\"Pilates en Jaca \u00a11 D\u00cdA GRATIS! | Sparta Sport Center Jaca\",\"isPartOf\":{\"@id\":\"https:\\\/\\\/spartasportcenter.com\\\/jaca\\\/#website\"},\"primaryImageOfPage\":{\"@id\":\"https:\\\/\\\/spartasportcenter.com\\\/jaca\\\/pilates-jaca\\\/#primaryimage\"},\"image\":{\"@id\":\"https:\\\/\\\/spartasportcenter.com\\\/jaca\\\/pilates-jaca\\\/#primaryimage\"},\"thumbnailUrl\":\"https:\\\/\\\/spartasportcenter.com\\\/jaca\\\/wp-content\\\/uploads\\\/2024\\\/05\\\/pilates-jaca.webp\",\"datePublished\":\"2018-08-08T16:24:44+00:00\",\"dateModified\":\"2025-12-22T11:43:09+00:00\",\"description\":\"Inscr\u00edbete y disfruta de nuestras CLASES DE PILATES DIRIGIDAS en Jaca, contamos con un Equipo de Instructores 100% dedicados a tu bienestar.\",\"breadcrumb\":{\"@id\":\"https:\\\/\\\/spartasportcenter.com\\\/jaca\\\/pilates-jaca\\\/#breadcrumb\"},\"inLanguage\":\"es\",\"potentialAction\":[{\"@type\":\"ReadAction\",\"target\":[\"https:\\\/\\\/spartasportcenter.com\\\/jaca\\\/pilates-jaca\\\/\"]}]},{\"@type\":\"ImageObject\",\"inLanguage\":\"es\",\"@id\":\"https:\\\/\\\/spartasportcenter.com\\\/jaca\\\/pilates-jaca\\\/#primaryimage\",\"url\":\"https:\\\/\\\/spartasportcenter.com\\\/jaca\\\/wp-content\\\/uploads\\\/2024\\\/05\\\/pilates-jaca.webp\",\"contentUrl\":\"https:\\\/\\\/spartasportcenter.com\\\/jaca\\\/wp-content\\\/uploads\\\/2024\\\/05\\\/pilates-jaca.webp\",\"width\":2000,\"height\":1333,\"caption\":\"pilates jaca\"},{\"@type\":\"BreadcrumbList\",\"@id\":\"https:\\\/\\\/spartasportcenter.com\\\/jaca\\\/pilates-jaca\\\/#breadcrumb\",\"itemListElement\":[{\"@type\":\"ListItem\",\"position\":1,\"name\":\"Portada\",\"item\":\"https:\\\/\\\/spartasportcenter.com\\\/jaca\\\/\"},{\"@type\":\"ListItem\",\"position\":2,\"name\":\"Pilates Jaca\"}]},{\"@type\":\"WebSite\",\"@id\":\"https:\\\/\\\/spartasportcenter.com\\\/jaca\\\/#website\",\"url\":\"https:\\\/\\\/spartasportcenter.com\\\/jaca\\\/\",\"name\":\"Sparta Sport Center Jaca\",\"description\":\"Gimnasios en Jaca\",\"potentialAction\":[{\"@type\":\"SearchAction\",\"target\":{\"@type\":\"EntryPoint\",\"urlTemplate\":\"https:\\\/\\\/spartasportcenter.com\\\/jaca\\\/?s={search_term_string}\"},\"query-input\":{\"@type\":\"PropertyValueSpecification\",\"valueRequired\":true,\"valueName\":\"search_term_string\"}}],\"inLanguage\":\"es\"}]}<\/script>\n<!-- \/ Yoast SEO plugin. -->","yoast_head_json":{"title":"Pilates en Jaca \u00a11 D\u00cdA GRATIS! | Sparta Sport Center Jaca","description":"Inscr\u00edbete y disfruta de nuestras CLASES DE PILATES DIRIGIDAS en Jaca, contamos con un Equipo de Instructores 100% dedicados a tu bienestar.","robots":{"index":"index","follow":"follow","max-snippet":"max-snippet:-1","max-image-preview":"max-image-preview:large","max-video-preview":"max-video-preview:-1"},"canonical":"https:\/\/spartasportcenter.com\/jaca\/pilates-jaca\/","og_locale":"es_ES","og_type":"article","og_title":"Pilates en Jaca \u00a11 D\u00cdA GRATIS! | Sparta Sport Center Jaca","og_description":"Inscr\u00edbete y disfruta de nuestras CLASES DE PILATES DIRIGIDAS en Jaca, contamos con un Equipo de Instructores 100% dedicados a tu bienestar.","og_url":"https:\/\/spartasportcenter.com\/jaca\/pilates-jaca\/","og_site_name":"Sparta Sport Center Jaca","article_modified_time":"2025-12-22T11:43:09+00:00","og_image":[{"width":2000,"height":1333,"url":"https:\/\/spartasportcenter.com\/jaca\/wp-content\/uploads\/2024\/05\/pilates-jaca.webp","type":"image\/webp"}],"twitter_card":"summary_large_image","twitter_misc":{"Tiempo de lectura":"3 minutos"},"schema":{"@context":"https:\/\/schema.org","@graph":[{"@type":"WebPage","@id":"https:\/\/spartasportcenter.com\/jaca\/pilates-jaca\/","url":"https:\/\/spartasportcenter.com\/jaca\/pilates-jaca\/","name":"Pilates en Jaca \u00a11 D\u00cdA GRATIS! | Sparta Sport Center Jaca","isPartOf":{"@id":"https:\/\/spartasportcenter.com\/jaca\/#website"},"primaryImageOfPage":{"@id":"https:\/\/spartasportcenter.com\/jaca\/pilates-jaca\/#primaryimage"},"image":{"@id":"https:\/\/spartasportcenter.com\/jaca\/pilates-jaca\/#primaryimage"},"thumbnailUrl":"https:\/\/spartasportcenter.com\/jaca\/wp-content\/uploads\/2024\/05\/pilates-jaca.webp","datePublished":"2018-08-08T16:24:44+00:00","dateModified":"2025-12-22T11:43:09+00:00","description":"Inscr\u00edbete y disfruta de nuestras CLASES DE PILATES DIRIGIDAS en Jaca, contamos con un Equipo de Instructores 100% dedicados a tu bienestar.","breadcrumb":{"@id":"https:\/\/spartasportcenter.com\/jaca\/pilates-jaca\/#breadcrumb"},"inLanguage":"es","potentialAction":[{"@type":"ReadAction","target":["https:\/\/spartasportcenter.com\/jaca\/pilates-jaca\/"]}]},{"@type":"ImageObject","inLanguage":"es","@id":"https:\/\/spartasportcenter.com\/jaca\/pilates-jaca\/#primaryimage","url":"https:\/\/spartasportcenter.com\/jaca\/wp-content\/uploads\/2024\/05\/pilates-jaca.webp","contentUrl":"https:\/\/spartasportcenter.com\/jaca\/wp-content\/uploads\/2024\/05\/pilates-jaca.webp","width":2000,"height":1333,"caption":"pilates jaca"},{"@type":"BreadcrumbList","@id":"https:\/\/spartasportcenter.com\/jaca\/pilates-jaca\/#breadcrumb","itemListElement":[{"@type":"ListItem","position":1,"name":"Portada","item":"https:\/\/spartasportcenter.com\/jaca\/"},{"@type":"ListItem","position":2,"name":"Pilates Jaca"}]},{"@type":"WebSite","@id":"https:\/\/spartasportcenter.com\/jaca\/#website","url":"https:\/\/spartasportcenter.com\/jaca\/","name":"Sparta Sport Center Jaca","description":"Gimnasios en Jaca","potentialAction":[{"@type":"SearchAction","target":{"@type":"EntryPoint","urlTemplate":"https:\/\/spartasportcenter.com\/jaca\/?s={search_term_string}"},"query-input":{"@type":"PropertyValueSpecification","valueRequired":true,"valueName":"search_term_string"}}],"inLanguage":"es"}]}},"_links":{"self":[{"href":"https:\/\/spartasportcenter.com\/jaca\/wp-json\/wp\/v2\/pages\/205762","targetHints":{"allow":["GET"]}}],"collection":[{"href":"https:\/\/spartasportcenter.com\/jaca\/wp-json\/wp\/v2\/pages"}],"about":[{"href":"https:\/\/spartasportcenter.com\/jaca\/wp-json\/wp\/v2\/types\/page"}],"author":[{"embeddable":true,"href":"https:\/\/spartasportcenter.com\/jaca\/wp-json\/wp\/v2\/users\/1"}],"replies":[{"embeddable":true,"href":"https:\/\/spartasportcenter.com\/jaca\/wp-json\/wp\/v2\/comments?post=205762"}],"version-history":[{"count":2,"href":"https:\/\/spartasportcenter.com\/jaca\/wp-json\/wp\/v2\/pages\/205762\/revisions"}],"predecessor-version":[{"id":220396,"href":"https:\/\/spartasportcenter.com\/jaca\/wp-json\/wp\/v2\/pages\/205762\/revisions\/220396"}],"wp:featuredmedia":[{"embeddable":true,"href":"https:\/\/spartasportcenter.com\/jaca\/wp-json\/wp\/v2\/media\/219018"}],"wp:attachment":[{"href":"https:\/\/spartasportcenter.com\/jaca\/wp-json\/wp\/v2\/media?parent=205762"}],"curies":[{"name":"wp","href":"https:\/\/api.w.org\/{rel}","templated":true}]}}