{"id":216017,"date":"2021-07-22T13:42:08","date_gmt":"2021-07-22T11:42:08","guid":{"rendered":"https:\/\/spartasportcenter.com\/zamora\/?page_id=216017"},"modified":"2024-05-28T10:31:03","modified_gmt":"2024-05-28T08:31:03","slug":"combat-irun","status":"publish","type":"page","link":"https:\/\/spartasportcenter.com\/irun\/combat-irun\/","title":{"rendered":"Body Combat Ir\u00fan"},"content":{"rendered":"\n[et_pb_section fb_built=\u00bb1&#8243; custom_padding_last_edited=\u00bbon|phone\u00bb disabled_on=\u00bboff|off|off\u00bb _builder_version=\u00bb4.16&#8243; background_color=\u00bb#262626&#8243; background_enable_image=\u00bboff\u00bb custom_margin=\u00bb||||false|false\u00bb custom_padding=\u00bb80px|0px|0px|0px|false|false\u00bb custom_padding_tablet=\u00bb\u00bb custom_padding_phone=\u00bb30px||50px||false|false\u00bb global_colors_info=\u00bb{}\u00bb][et_pb_row column_structure=\u00bb1_3,2_3&#8243; custom_padding_last_edited=\u00bbon|desktop\u00bb _builder_version=\u00bb4.16&#8243; _module_preset=\u00bbdefault\u00bb custom_padding=\u00bb0px||||false|false\u00bb custom_padding_tablet=\u00bb\u00bb custom_padding_phone=\u00bb0px||||false|false\u00bb global_colors_info=\u00bb{}\u00bb][et_pb_column type=\u00bb1_3&#8243; _builder_version=\u00bb4.16&#8243; _module_preset=\u00bbdefault\u00bb global_colors_info=\u00bb{}\u00bb][et_pb_text _builder_version=\u00bb4.17.6&#8243; text_font=\u00bb||||||||\u00bb header_font=\u00bb||||||||\u00bb header_text_align=\u00bbcenter\u00bb header_2_font=\u00bb|300||on|||||\u00bb header_2_text_align=\u00bbright\u00bb header_2_font_size=\u00bb29px\u00bb custom_margin=\u00bb||0px||false|false\u00bb custom_padding=\u00bb|15%|0px||false|false\u00bb header_2_text_align_tablet=\u00bb\u00bb header_2_text_align_phone=\u00bbleft\u00bb header_2_text_align_last_edited=\u00bbon|phone\u00bb header_2_font_size_tablet=\u00bb51px\u00bb header_2_font_size_phone=\u00bb25px\u00bb header_2_font_size_last_edited=\u00bbon|phone\u00bb border_width_right=\u00bb2px\u00bb border_color_right=\u00bb#cccccc\u00bb border_width_right_tablet=\u00bb\u00bb border_width_right_phone=\u00bb0px\u00bb border_width_right_last_edited=\u00bbon|phone\u00bb locked=\u00bboff\u00bb global_colors_info=\u00bb{}\u00bb]<h2>clases de Body Combat en Ir\u00fan<\/h2>[\/et_pb_text][\/et_pb_column][et_pb_column type=\u00bb2_3&#8243; _builder_version=\u00bb4.16&#8243; _module_preset=\u00bbdefault\u00bb global_colors_info=\u00bb{}\u00bb][et_pb_text _builder_version=\u00bb4.17.6&#8243; text_font=\u00bb|300|||||||\u00bb text_text_color=\u00bb#cccccc\u00bb text_line_height=\u00bb1.1em\u00bb header_font=\u00bb|300|||||||\u00bb header_2_font=\u00bb|300||on|||||\u00bb header_2_text_color=\u00bb#cccccc\u00bb header_2_font_size=\u00bb36px\u00bb header_2_letter_spacing=\u00bb2px\u00bb background_layout=\u00bbdark\u00bb global_colors_info=\u00bb{}\u00bb]<p><span style=\"font-weight: 400;\">Sparta Sport Center es un centro especializado en <\/span><b>body combat en Ir\u00fan<\/b><span style=\"font-weight: 400;\"> que cuenta con entrenadores especializados dispuestos a acompa\u00f1arte en tu proceso. Ya ver\u00e1s que con nosotros conseguir\u00e1s resultados que nunca pensar\u00edas que llegar\u00edas a tener.\u00a0<\/span><\/p>\n<p><span style=\"font-weight: 400;\">Body combat es una clase basada en un entrenamiento aer\u00f3bico en el que emplear\u00e1s un mont\u00f3n de fuerza y energ\u00eda. <\/span><b>Con este programa podr\u00e1s estar seguro de que lo dar\u00e1s todo<\/b><span style=\"font-weight: 400;\">. Est\u00e1 inspirado en las artes marciales orientales y es una mezcla de muchas disciplinas diferentes, tales como el k\u00e1rate, el boxeo, el taekwondo, el tai chi y el muay thai.<\/span><\/p>\n<p><span style=\"font-weight: 400;\">Nuestras clases de body combat son impartidas por monitores preparados. Ellos te ofrecer\u00e1n todo el asesoramiento que necesites y <\/span><b>estar\u00e1s s\u00faper motivado<\/b><span style=\"font-weight: 400;\"> para que puedas dar lo mejor de ti mismo en cada coreograf\u00eda.\u00a0<\/span><\/p>\n<p><span style=\"font-weight: 400;\">Con base en una excelente m\u00fasica y magn\u00edficos movimientos de artes marciales en lo que realizar\u00e1s golpes, pu\u00f1etazos, patadas y katas, <\/span><b>quemar\u00e1s muchas calor\u00edas<\/b><span style=\"font-weight: 400;\"> y conseguir\u00e1s una mejor resistencia cardiovascular.<\/span><\/p>\n<p><span style=\"font-weight: 400;\">Las rutinas de body combat que llevamos a cabo en nuestro gimnasio combinan ejercicios con los que conseguir\u00e1s trabajar los m\u00fasculos de la espalda, hombros, brazos y piernas. Adem\u00e1s, har\u00e1n <\/span><b>aumentar tu coordinaci\u00f3n y resistencia<\/b><span style=\"font-weight: 400;\">.\u00a0<\/span><\/p>[\/et_pb_text][\/et_pb_column][\/et_pb_row][et_pb_row column_structure=\u00bb1_3,2_3&#8243; custom_padding_last_edited=\u00bbon|phone\u00bb _builder_version=\u00bb4.16&#8243; _module_preset=\u00bbdefault\u00bb custom_margin=\u00bb||0px||false|false\u00bb custom_padding=\u00bb||||false|false\u00bb custom_padding_tablet=\u00bb\u00bb custom_padding_phone=\u00bb0px||0px||false|false\u00bb global_colors_info=\u00bb{}\u00bb][et_pb_column type=\u00bb1_3&#8243; _builder_version=\u00bb4.16&#8243; _module_preset=\u00bbdefault\u00bb global_colors_info=\u00bb{}\u00bb][et_pb_text _builder_version=\u00bb4.16&#8243; text_font=\u00bb||||||||\u00bb header_font=\u00bb||||||||\u00bb header_text_align=\u00bbcenter\u00bb header_2_font=\u00bb|300||on|||||\u00bb header_2_text_align=\u00bbright\u00bb header_2_font_size=\u00bb29px\u00bb custom_margin=\u00bb||0px||false|false\u00bb custom_padding=\u00bb|15%|0px||false|false\u00bb header_2_text_align_tablet=\u00bb\u00bb header_2_text_align_phone=\u00bbleft\u00bb header_2_text_align_last_edited=\u00bbon|phone\u00bb header_2_font_size_tablet=\u00bb51px\u00bb header_2_font_size_phone=\u00bb25px\u00bb header_2_font_size_last_edited=\u00bbon|phone\u00bb border_width_right=\u00bb2px\u00bb border_color_right=\u00bb#cccccc\u00bb border_width_right_tablet=\u00bb\u00bb border_width_right_phone=\u00bb0px\u00bb border_width_right_last_edited=\u00bbon|phone\u00bb locked=\u00bboff\u00bb global_colors_info=\u00bb{}\u00bb]<h2>Beneficios del Body Combat en Ir\u00fan<\/h2>[\/et_pb_text][\/et_pb_column][et_pb_column type=\u00bb2_3&#8243; _builder_version=\u00bb4.16&#8243; _module_preset=\u00bbdefault\u00bb global_colors_info=\u00bb{}\u00bb][et_pb_text _builder_version=\u00bb4.17.6&#8243; text_font=\u00bb|300|||||||\u00bb text_text_color=\u00bb#cccccc\u00bb text_line_height=\u00bb1.1em\u00bb header_font=\u00bb|300|||||||\u00bb header_2_font=\u00bb|300||on|||||\u00bb header_2_text_color=\u00bb#cccccc\u00bb header_2_font_size=\u00bb36px\u00bb header_2_letter_spacing=\u00bb2px\u00bb background_layout=\u00bbdark\u00bb global_colors_info=\u00bb{}\u00bb]<p><span style=\"font-weight: 400;\">Estos son algunos de los beneficios que obtendr\u00e1s si entrenas body combat con nosotros:\u00a0<\/span><\/p>\n<ul>\n<li style=\"font-weight: 400;\" aria-level=\"1\"><b>Te ayuda a quemar grasa:<\/b><span style=\"font-weight: 400;\"> si te interesa perder peso, el body combat es perfecto para ello. En solo una sesi\u00f3n, puedes quemar hasta 800 calor\u00edas.\u00a0<\/span><\/li>\n<li style=\"font-weight: 400;\" aria-level=\"1\"><b>Entrenas todo el cuerpo:<\/b><span style=\"font-weight: 400;\"> el body combat no es una actividad centrada en un grupo muscular en concreto, sino que todo tu cuerpo se pone a trabajar en toda sesi\u00f3n.\u00a0<\/span><\/li>\n<li style=\"font-weight: 400;\" aria-level=\"1\"><b>Libera del estr\u00e9s:<\/b><span style=\"font-weight: 400;\"> en cada clase de body combat vas a liberar un mont\u00f3n de adrenalina. El coraz\u00f3n se te pondr\u00e1 a mil por hora, as\u00ed que ya puedes ir despidi\u00e9ndote del estr\u00e9s.<\/span><\/li>\n<li style=\"font-weight: 400;\" aria-level=\"1\"><b>Las sesiones son muy amenas:<\/b><span style=\"font-weight: 400;\"> se trata de una pr\u00e1ctica muy din\u00e1mica, pues al acompa\u00f1arse de m\u00fasica, el tiempo se pasar\u00e1 volando.<\/span><\/li>\n<li style=\"font-weight: 400;\" aria-level=\"1\"><b>Favorece tu capacidad de resistencia y flexibilidad:<\/b><span style=\"font-weight: 400;\"> esta disciplina har\u00e1 que tu resistencia aumente, gracias a que favorece la capacidad pulmonar. Tambi\u00e9n ganar\u00e1s en flexibilidad.<\/span><\/li>\n<\/ul>[\/et_pb_text][\/et_pb_column][\/et_pb_row][\/et_pb_section][et_pb_section fb_built=\u00bb1&#8243; custom_padding_last_edited=\u00bbon|phone\u00bb _builder_version=\u00bb4.16&#8243; _module_preset=\u00bbdefault\u00bb background_color=\u00bb#262626&#8243; custom_padding=\u00bb0px||50px||false|false\u00bb custom_padding_tablet=\u00bb\u00bb custom_padding_phone=\u00bb||30px||false|false\u00bb global_colors_info=\u00bb{}\u00bb][et_pb_row column_structure=\u00bb1_3,2_3&#8243; custom_padding_last_edited=\u00bbon|phone\u00bb _builder_version=\u00bb4.16&#8243; _module_preset=\u00bbdefault\u00bb custom_padding_tablet=\u00bb\u00bb custom_padding_phone=\u00bb0px||0px||false|false\u00bb global_colors_info=\u00bb{}\u00bb][et_pb_column type=\u00bb1_3&#8243; _builder_version=\u00bb4.16&#8243; _module_preset=\u00bbdefault\u00bb global_colors_info=\u00bb{}\u00bb][et_pb_text _builder_version=\u00bb4.16&#8243; text_font=\u00bb||||||||\u00bb header_font=\u00bb||||||||\u00bb header_text_align=\u00bbcenter\u00bb header_2_font=\u00bb|300||on|||||\u00bb header_2_text_align=\u00bbright\u00bb header_2_font_size=\u00bb29px\u00bb custom_margin=\u00bb||0px||false|false\u00bb custom_padding=\u00bb|15%|0px||false|false\u00bb header_2_text_align_tablet=\u00bb\u00bb header_2_text_align_phone=\u00bbleft\u00bb header_2_text_align_last_edited=\u00bbon|phone\u00bb header_2_font_size_tablet=\u00bb51px\u00bb header_2_font_size_phone=\u00bb25px\u00bb header_2_font_size_last_edited=\u00bbon|phone\u00bb border_width_right=\u00bb2px\u00bb border_color_right=\u00bb#cccccc\u00bb border_width_right_tablet=\u00bb\u00bb border_width_right_phone=\u00bb0px\u00bb border_width_right_last_edited=\u00bbon|phone\u00bb locked=\u00bboff\u00bb global_colors_info=\u00bb{}\u00bb]<h2>Por qu\u00e9 Body Combat en Sparta Sport Center Ir\u00fan<\/h2>[\/et_pb_text][\/et_pb_column][et_pb_column type=\u00bb2_3&#8243; _builder_version=\u00bb4.16&#8243; _module_preset=\u00bbdefault\u00bb global_colors_info=\u00bb{}\u00bb][et_pb_text _builder_version=\u00bb4.17.6&#8243; text_font=\u00bb|300|||||||\u00bb text_text_color=\u00bb#cccccc\u00bb text_line_height=\u00bb1.1em\u00bb header_font=\u00bb|300|||||||\u00bb header_2_font=\u00bb|300||on|||||\u00bb header_2_text_color=\u00bb#cccccc\u00bb header_2_font_size=\u00bb36px\u00bb header_2_letter_spacing=\u00bb2px\u00bb background_layout=\u00bbdark\u00bb global_colors_info=\u00bb{}\u00bb]<p><span style=\"font-weight: 400;\">Si lo que buscas es un gimnasio en el que puedas entrenar body combat de la mejor manera y vivir una experiencia m\u00e1s cercana y especializada, <\/span><b>Sparta Sport Center en Ir\u00fan es tu centro<\/b><span style=\"font-weight: 400;\">.<\/span><\/p>\n<p><span style=\"font-weight: 400;\">Aqu\u00ed no solo te ofrecemos herramientas b\u00e1sicas para que logres desempe\u00f1ar este estilo de entrenamiento. Si no que adem\u00e1s tendr\u00e1s a tu disposici\u00f3n a un equipo de nutricionistas que <\/span><b>te ayudar\u00e1n a dise\u00f1ar un plan de alimentaci\u00f3n<\/b><span style=\"font-weight: 400;\"> acorde a tus necesidades.\u00a0<\/span><\/p>\n<p><span style=\"font-weight: 400;\">Contamos con una inmejorable infraestructura e <\/span><b>instalaciones en perfecto estado<\/b><span style=\"font-weight: 400;\">, acordes para el ejercicio f\u00edsico y en las que te sentir\u00e1s c\u00f3modo y a gusto en todo momento.\u00a0<\/span><\/p>\n<p><span style=\"font-weight: 400;\">\u00a1As\u00ed que ya lo sabes! Ac\u00e9rcate ahora mismo a Sparta Sport Center Ir\u00fan para que nos conozcas. Te aseguramos que <\/span><b>podemos ayudarte a lograr tus objetivos<\/b><span style=\"font-weight: 400;\">.<\/span><\/p>[\/et_pb_text][\/et_pb_column][\/et_pb_row][\/et_pb_section][et_pb_section fb_built=\u00bb1&#8243; admin_label=\u00bbbanner footer prueba un dia\u00bb _builder_version=\u00bb4.20.1&#8243; background_color=\u00bb#363636&#8243; background_image=\u00bbhttps:\/\/spartasportcenter.com\/irun\/wp-content\/uploads\/2019\/09\/instalaciones-gimnasio-sparta-sport-center-pamplona-11.jpg\u00bb background_enable_image=\u00bboff\u00bb background_blend=\u00bbmultiply\u00bb custom_margin=\u00bb||||false|false\u00bb custom_padding=\u00bb0px|0px|0|0px|false|false\u00bb top_divider_flip=\u00bbhorizontal\u00bb global_module=\u00bb206679&#8243; global_colors_info=\u00bb{}\u00bb locked=\u00bboff\u00bb][et_pb_row _builder_version=\u00bb4.16&#8243; width=\u00bb100%\u00bb custom_padding=\u00bb40px|0px|40px|0px|false|false\u00bb global_colors_info=\u00bb{}\u00bb][et_pb_column type=\u00bb4_4&#8243; _builder_version=\u00bb4.16&#8243; custom_padding=\u00bb|||\u00bb global_colors_info=\u00bb{}\u00bb custom_padding__hover=\u00bb|||\u00bb][et_pb_text _builder_version=\u00bb4.16&#8243; text_font=\u00bb|300|||||||\u00bb text_text_color=\u00bb#cccccc\u00bb text_font_size=\u00bb36px\u00bb text_line_height=\u00bb1.3em\u00bb header_font=\u00bb||||||||\u00bb header_text_align=\u00bbcenter\u00bb header_text_color=\u00bb#ffffff\u00bb header_2_font=\u00bbStencilia-A||||||||\u00bb header_2_text_align=\u00bbcenter\u00bb header_2_text_color=\u00bb#ffffff\u00bb header_2_font_size=\u00bb61px\u00bb custom_margin=\u00bb||0px|\u00bb custom_padding=\u00bb||2%||false|false\u00bb text_font_size_tablet=\u00bb51px\u00bb text_font_size_phone=\u00bb25px\u00bb text_font_size_last_edited=\u00bbon|phone\u00bb header_2_font_size_tablet=\u00bb51px\u00bb header_2_font_size_phone=\u00bb24px\u00bb header_2_font_size_last_edited=\u00bbon|phone\u00bb text_text_shadow_style=\u00bbpreset1&#8243; header_text_shadow_style=\u00bbpreset1&#8243; header_2_text_shadow_style=\u00bbpreset1&#8243; global_colors_info=\u00bb{}\u00bb]<p style=\"text-align: center;\">\u00a1PRUEBA UN D\u00cdA GRATIS!<\/p>[\/et_pb_text][et_pb_button button_url=\u00bbhttps:\/\/spartasportcenter.com\/irun\/prueba-un-dia-gratis\/\u00bb button_text=\u00bbSOLICITAR PRUEBA\u00bb button_alignment=\u00bbcenter\u00bb _builder_version=\u00bb4.16&#8243; custom_button=\u00bbon\u00bb button_text_color=\u00bb#FFFFFF\u00bb button_bg_color=\u00bb#d23d45&#8243; button_border_width=\u00bb1px\u00bb button_border_color=\u00bb#d23d45&#8243; button_border_radius=\u00bb0px\u00bb button_letter_spacing=\u00bb1px\u00bb button_font=\u00bb|300|||||||\u00bb button_use_icon=\u00bboff\u00bb custom_margin=\u00bb0%|||\u00bb custom_padding=\u00bb|||\u00bb button_text_size_tablet=\u00bb\u00bb button_text_size_phone=\u00bb16px\u00bb button_text_size_last_edited=\u00bbon|desktop\u00bb button_border_radius_hover=\u00bb0px\u00bb button_letter_spacing_hover=\u00bb3px\u00bb global_colors_info=\u00bb{}\u00bb button_text_size__hover_enabled=\u00bboff\u00bb button_text_size__hover=\u00bbnull\u00bb button_one_text_size__hover_enabled=\u00bboff\u00bb button_one_text_size__hover=\u00bbnull\u00bb button_two_text_size__hover_enabled=\u00bboff\u00bb button_two_text_size__hover=\u00bbnull\u00bb button_text_color__hover_enabled=\u00bbon|hover\u00bb button_text_color__hover=\u00bb#ffffff\u00bb button_one_text_color__hover_enabled=\u00bboff\u00bb button_one_text_color__hover=\u00bbnull\u00bb button_two_text_color__hover_enabled=\u00bboff\u00bb button_two_text_color__hover=\u00bbnull\u00bb button_border_width__hover_enabled=\u00bboff\u00bb button_border_width__hover=\u00bbnull\u00bb button_one_border_width__hover_enabled=\u00bboff\u00bb button_one_border_width__hover=\u00bbnull\u00bb button_two_border_width__hover_enabled=\u00bboff\u00bb button_two_border_width__hover=\u00bbnull\u00bb button_border_color__hover_enabled=\u00bbon|hover\u00bb button_border_color__hover=\u00bb#FFFFFF\u00bb button_one_border_color__hover_enabled=\u00bboff\u00bb button_one_border_color__hover=\u00bbnull\u00bb button_two_border_color__hover_enabled=\u00bboff\u00bb button_two_border_color__hover=\u00bbnull\u00bb button_border_radius__hover_enabled=\u00bboff|hover\u00bb button_border_radius__hover=\u00bb0px\u00bb button_one_border_radius__hover_enabled=\u00bboff\u00bb button_one_border_radius__hover=\u00bbnull\u00bb button_two_border_radius__hover_enabled=\u00bboff\u00bb button_two_border_radius__hover=\u00bbnull\u00bb button_letter_spacing__hover_enabled=\u00bboff|hover\u00bb button_letter_spacing__hover=\u00bb3px\u00bb button_one_letter_spacing__hover_enabled=\u00bboff\u00bb button_one_letter_spacing__hover=\u00bbnull\u00bb button_two_letter_spacing__hover_enabled=\u00bboff\u00bb button_two_letter_spacing__hover=\u00bbnull\u00bb button_bg_color__hover_enabled=\u00bbon|hover\u00bb button_bg_color__hover=\u00bbRGBA(0,0,0,0)\u00bb button_one_bg_color__hover_enabled=\u00bboff\u00bb button_one_bg_color__hover=\u00bbnull\u00bb button_two_bg_color__hover_enabled=\u00bboff\u00bb button_two_bg_color__hover=\u00bbnull\u00bb button_bg_enable_color__hover=\u00bbon\u00bb][\/et_pb_button][\/et_pb_column][\/et_pb_row][\/et_pb_section]\n","protected":false},"excerpt":{"rendered":"<p>clases de Body Combat en Ir\u00fanSparta Sport Center es un centro especializado en body combat en Ir\u00fan que cuenta con entrenadores especializados dispuestos a acompa\u00f1arte en tu proceso. Ya ver\u00e1s que con nosotros conseguir\u00e1s resultados que nunca pensar\u00edas que llegar\u00edas a tener.\u00a0 Body combat es una clase basada en un entrenamiento aer\u00f3bico en el que [&hellip;]<\/p>\n","protected":false},"author":1,"featured_media":220745,"parent":0,"menu_order":0,"comment_status":"closed","ping_status":"closed","template":"","meta":{"_et_pb_use_builder":"on","_et_pb_old_content":"<!-- wp:divi\/placeholder \/-->","_et_gb_content_width":"","footnotes":""},"class_list":["post-216017","page","type-page","status-publish","has-post-thumbnail","hentry"],"yoast_head":"<!-- This site is optimized with the Yoast SEO plugin v27.4 - https:\/\/yoast.com\/product\/yoast-seo-wordpress\/ -->\n<title>Body Combat Ir\u00fan - \u00a11 D\u00cdA GRATIS! | Sparta Sport Center<\/title>\n<meta name=\"description\" content=\"Ap\u00fantate a nuestras CLASES DE BODY COMBAT en Ir\u00fan. Ideal para ganar resistencia, fuerza y elasticidad. Disfruta de nuestra primera clase gratuita\" \/>\n<meta name=\"robots\" content=\"index, follow, max-snippet:-1, max-image-preview:large, max-video-preview:-1\" \/>\n<link rel=\"canonical\" href=\"https:\/\/spartasportcenter.com\/irun\/combat-irun\/\" \/>\n<meta property=\"og:locale\" content=\"es_ES\" \/>\n<meta property=\"og:type\" content=\"article\" \/>\n<meta property=\"og:title\" content=\"Body Combat Ir\u00fan - \u00a11 D\u00cdA GRATIS! | Sparta Sport Center\" \/>\n<meta property=\"og:description\" content=\"Ap\u00fantate a nuestras CLASES DE BODY COMBAT en Ir\u00fan. Ideal para ganar resistencia, fuerza y elasticidad. Disfruta de nuestra primera clase gratuita\" \/>\n<meta property=\"og:url\" content=\"https:\/\/spartasportcenter.com\/irun\/combat-irun\/\" \/>\n<meta property=\"og:site_name\" content=\"Sparta Sport Center Ir\u00fan\" \/>\n<meta property=\"article:modified_time\" content=\"2024-05-28T08:31:03+00:00\" \/>\n<meta property=\"og:image\" content=\"https:\/\/spartasportcenter.com\/irun\/wp-content\/uploads\/2024\/05\/body-combat-irun-1.webp\" \/>\n\t<meta property=\"og:image:width\" content=\"2000\" \/>\n\t<meta property=\"og:image:height\" content=\"1333\" \/>\n\t<meta property=\"og:image:type\" content=\"image\/webp\" \/>\n<meta name=\"twitter:card\" content=\"summary_large_image\" \/>\n<meta name=\"twitter:label1\" content=\"Tiempo de lectura\" \/>\n\t<meta name=\"twitter:data1\" content=\"3 minutos\" \/>\n<script type=\"application\/ld+json\" class=\"yoast-schema-graph\">{\"@context\":\"https:\\\/\\\/schema.org\",\"@graph\":[{\"@type\":\"WebPage\",\"@id\":\"https:\\\/\\\/spartasportcenter.com\\\/irun\\\/combat-irun\\\/\",\"url\":\"https:\\\/\\\/spartasportcenter.com\\\/irun\\\/combat-irun\\\/\",\"name\":\"Body Combat Ir\u00fan - \u00a11 D\u00cdA GRATIS! | Sparta Sport Center\",\"isPartOf\":{\"@id\":\"https:\\\/\\\/spartasportcenter.com\\\/irun\\\/#website\"},\"primaryImageOfPage\":{\"@id\":\"https:\\\/\\\/spartasportcenter.com\\\/irun\\\/combat-irun\\\/#primaryimage\"},\"image\":{\"@id\":\"https:\\\/\\\/spartasportcenter.com\\\/irun\\\/combat-irun\\\/#primaryimage\"},\"thumbnailUrl\":\"https:\\\/\\\/spartasportcenter.com\\\/irun\\\/wp-content\\\/uploads\\\/2024\\\/05\\\/body-combat-irun-1.webp\",\"datePublished\":\"2021-07-22T11:42:08+00:00\",\"dateModified\":\"2024-05-28T08:31:03+00:00\",\"description\":\"Ap\u00fantate a nuestras CLASES DE BODY COMBAT en Ir\u00fan. Ideal para ganar resistencia, fuerza y elasticidad. Disfruta de nuestra primera clase gratuita\",\"breadcrumb\":{\"@id\":\"https:\\\/\\\/spartasportcenter.com\\\/irun\\\/combat-irun\\\/#breadcrumb\"},\"inLanguage\":\"es\",\"potentialAction\":[{\"@type\":\"ReadAction\",\"target\":[\"https:\\\/\\\/spartasportcenter.com\\\/irun\\\/combat-irun\\\/\"]}]},{\"@type\":\"ImageObject\",\"inLanguage\":\"es\",\"@id\":\"https:\\\/\\\/spartasportcenter.com\\\/irun\\\/combat-irun\\\/#primaryimage\",\"url\":\"https:\\\/\\\/spartasportcenter.com\\\/irun\\\/wp-content\\\/uploads\\\/2024\\\/05\\\/body-combat-irun-1.webp\",\"contentUrl\":\"https:\\\/\\\/spartasportcenter.com\\\/irun\\\/wp-content\\\/uploads\\\/2024\\\/05\\\/body-combat-irun-1.webp\",\"width\":2000,\"height\":1333,\"caption\":\"body combat irun\"},{\"@type\":\"BreadcrumbList\",\"@id\":\"https:\\\/\\\/spartasportcenter.com\\\/irun\\\/combat-irun\\\/#breadcrumb\",\"itemListElement\":[{\"@type\":\"ListItem\",\"position\":1,\"name\":\"Portada\",\"item\":\"https:\\\/\\\/spartasportcenter.com\\\/irun\\\/\"},{\"@type\":\"ListItem\",\"position\":2,\"name\":\"Body Combat Ir\u00fan\"}]},{\"@type\":\"WebSite\",\"@id\":\"https:\\\/\\\/spartasportcenter.com\\\/irun\\\/#website\",\"url\":\"https:\\\/\\\/spartasportcenter.com\\\/irun\\\/\",\"name\":\"Sparta Sport Center Ir\u00fan\",\"description\":\"Gimnasios en Ir\u00fan\",\"potentialAction\":[{\"@type\":\"SearchAction\",\"target\":{\"@type\":\"EntryPoint\",\"urlTemplate\":\"https:\\\/\\\/spartasportcenter.com\\\/irun\\\/?s={search_term_string}\"},\"query-input\":{\"@type\":\"PropertyValueSpecification\",\"valueRequired\":true,\"valueName\":\"search_term_string\"}}],\"inLanguage\":\"es\"}]}<\/script>\n<!-- \/ Yoast SEO plugin. -->","yoast_head_json":{"title":"Body Combat Ir\u00fan - \u00a11 D\u00cdA GRATIS! | Sparta Sport Center","description":"Ap\u00fantate a nuestras CLASES DE BODY COMBAT en Ir\u00fan. Ideal para ganar resistencia, fuerza y elasticidad. Disfruta de nuestra primera clase gratuita","robots":{"index":"index","follow":"follow","max-snippet":"max-snippet:-1","max-image-preview":"max-image-preview:large","max-video-preview":"max-video-preview:-1"},"canonical":"https:\/\/spartasportcenter.com\/irun\/combat-irun\/","og_locale":"es_ES","og_type":"article","og_title":"Body Combat Ir\u00fan - \u00a11 D\u00cdA GRATIS! | Sparta Sport Center","og_description":"Ap\u00fantate a nuestras CLASES DE BODY COMBAT en Ir\u00fan. Ideal para ganar resistencia, fuerza y elasticidad. Disfruta de nuestra primera clase gratuita","og_url":"https:\/\/spartasportcenter.com\/irun\/combat-irun\/","og_site_name":"Sparta Sport Center Ir\u00fan","article_modified_time":"2024-05-28T08:31:03+00:00","og_image":[{"width":2000,"height":1333,"url":"https:\/\/spartasportcenter.com\/irun\/wp-content\/uploads\/2024\/05\/body-combat-irun-1.webp","type":"image\/webp"}],"twitter_card":"summary_large_image","twitter_misc":{"Tiempo de lectura":"3 minutos"},"schema":{"@context":"https:\/\/schema.org","@graph":[{"@type":"WebPage","@id":"https:\/\/spartasportcenter.com\/irun\/combat-irun\/","url":"https:\/\/spartasportcenter.com\/irun\/combat-irun\/","name":"Body Combat Ir\u00fan - \u00a11 D\u00cdA GRATIS! | Sparta Sport Center","isPartOf":{"@id":"https:\/\/spartasportcenter.com\/irun\/#website"},"primaryImageOfPage":{"@id":"https:\/\/spartasportcenter.com\/irun\/combat-irun\/#primaryimage"},"image":{"@id":"https:\/\/spartasportcenter.com\/irun\/combat-irun\/#primaryimage"},"thumbnailUrl":"https:\/\/spartasportcenter.com\/irun\/wp-content\/uploads\/2024\/05\/body-combat-irun-1.webp","datePublished":"2021-07-22T11:42:08+00:00","dateModified":"2024-05-28T08:31:03+00:00","description":"Ap\u00fantate a nuestras CLASES DE BODY COMBAT en Ir\u00fan. Ideal para ganar resistencia, fuerza y elasticidad. Disfruta de nuestra primera clase gratuita","breadcrumb":{"@id":"https:\/\/spartasportcenter.com\/irun\/combat-irun\/#breadcrumb"},"inLanguage":"es","potentialAction":[{"@type":"ReadAction","target":["https:\/\/spartasportcenter.com\/irun\/combat-irun\/"]}]},{"@type":"ImageObject","inLanguage":"es","@id":"https:\/\/spartasportcenter.com\/irun\/combat-irun\/#primaryimage","url":"https:\/\/spartasportcenter.com\/irun\/wp-content\/uploads\/2024\/05\/body-combat-irun-1.webp","contentUrl":"https:\/\/spartasportcenter.com\/irun\/wp-content\/uploads\/2024\/05\/body-combat-irun-1.webp","width":2000,"height":1333,"caption":"body combat irun"},{"@type":"BreadcrumbList","@id":"https:\/\/spartasportcenter.com\/irun\/combat-irun\/#breadcrumb","itemListElement":[{"@type":"ListItem","position":1,"name":"Portada","item":"https:\/\/spartasportcenter.com\/irun\/"},{"@type":"ListItem","position":2,"name":"Body Combat Ir\u00fan"}]},{"@type":"WebSite","@id":"https:\/\/spartasportcenter.com\/irun\/#website","url":"https:\/\/spartasportcenter.com\/irun\/","name":"Sparta Sport Center Ir\u00fan","description":"Gimnasios en Ir\u00fan","potentialAction":[{"@type":"SearchAction","target":{"@type":"EntryPoint","urlTemplate":"https:\/\/spartasportcenter.com\/irun\/?s={search_term_string}"},"query-input":{"@type":"PropertyValueSpecification","valueRequired":true,"valueName":"search_term_string"}}],"inLanguage":"es"}]}},"_links":{"self":[{"href":"https:\/\/spartasportcenter.com\/irun\/wp-json\/wp\/v2\/pages\/216017","targetHints":{"allow":["GET"]}}],"collection":[{"href":"https:\/\/spartasportcenter.com\/irun\/wp-json\/wp\/v2\/pages"}],"about":[{"href":"https:\/\/spartasportcenter.com\/irun\/wp-json\/wp\/v2\/types\/page"}],"author":[{"embeddable":true,"href":"https:\/\/spartasportcenter.com\/irun\/wp-json\/wp\/v2\/users\/1"}],"replies":[{"embeddable":true,"href":"https:\/\/spartasportcenter.com\/irun\/wp-json\/wp\/v2\/comments?post=216017"}],"version-history":[{"count":7,"href":"https:\/\/spartasportcenter.com\/irun\/wp-json\/wp\/v2\/pages\/216017\/revisions"}],"predecessor-version":[{"id":220777,"href":"https:\/\/spartasportcenter.com\/irun\/wp-json\/wp\/v2\/pages\/216017\/revisions\/220777"}],"wp:featuredmedia":[{"embeddable":true,"href":"https:\/\/spartasportcenter.com\/irun\/wp-json\/wp\/v2\/media\/220745"}],"wp:attachment":[{"href":"https:\/\/spartasportcenter.com\/irun\/wp-json\/wp\/v2\/media?parent=216017"}],"curies":[{"name":"wp","href":"https:\/\/api.w.org\/{rel}","templated":true}]}}