{"id":209780,"date":"2019-01-29T15:41:35","date_gmt":"2019-01-29T14:41:35","guid":{"rendered":"https:\/\/spartasportcenter.com\/pamplona\/?page_id=209780"},"modified":"2025-09-22T11:00:06","modified_gmt":"2025-09-22T09:00:06","slug":"nutricionista-irun","status":"publish","type":"page","link":"https:\/\/spartasportcenter.com\/irun\/nutricionista-irun\/","title":{"rendered":"Nutricionista Ir\u00fan"},"content":{"rendered":"<p>[et_pb_section fb_built=\u00bb1&#8243; custom_padding_last_edited=\u00bbon|phone\u00bb disabled_on=\u00bboff|off|off\u00bb _builder_version=\u00bb4.16&#8243; background_color=\u00bb#262626&#8243; background_enable_image=\u00bboff\u00bb custom_margin=\u00bb||||false|false\u00bb custom_padding=\u00bb80px|0px|0px|0px|false|false\u00bb custom_padding_tablet=\u00bb\u00bb custom_padding_phone=\u00bb30px||50px||false|false\u00bb global_colors_info=\u00bb{}\u00bb][et_pb_row column_structure=\u00bb1_3,2_3&#8243; custom_padding_last_edited=\u00bbon|desktop\u00bb _builder_version=\u00bb4.16&#8243; _module_preset=\u00bbdefault\u00bb custom_padding=\u00bb0px||||false|false\u00bb custom_padding_tablet=\u00bb\u00bb custom_padding_phone=\u00bb0px||||false|false\u00bb global_colors_info=\u00bb{}\u00bb][et_pb_column type=\u00bb1_3&#8243; _builder_version=\u00bb4.16&#8243; _module_preset=\u00bbdefault\u00bb global_colors_info=\u00bb{}\u00bb][et_pb_text _builder_version=\u00bb4.27.4&#8243; text_font=\u00bb||||||||\u00bb header_font=\u00bb||||||||\u00bb header_text_align=\u00bbcenter\u00bb header_2_font=\u00bb|300||on|||||\u00bb header_2_text_align=\u00bbright\u00bb header_2_font_size=\u00bb29px\u00bb custom_margin=\u00bb||0px||false|false\u00bb custom_padding=\u00bb|15%|0px||false|false\u00bb hover_enabled=\u00bb0&#8243; header_2_text_align_tablet=\u00bb\u00bb header_2_text_align_phone=\u00bbleft\u00bb header_2_text_align_last_edited=\u00bbon|phone\u00bb header_2_font_size_tablet=\u00bb51px\u00bb header_2_font_size_phone=\u00bb25px\u00bb header_2_font_size_last_edited=\u00bbon|phone\u00bb border_width_right=\u00bb2px\u00bb border_color_right=\u00bb#cccccc\u00bb border_width_right_tablet=\u00bb\u00bb border_width_right_phone=\u00bb0px\u00bb border_width_right_last_edited=\u00bbon|phone\u00bb locked=\u00bboff\u00bb global_colors_info=\u00bb{}\u00bb sticky_enabled=\u00bb0&#8243;]<\/p>\n<h2>Nutricionista en Ir\u00fan<\/h2>\n<p>[\/et_pb_text][\/et_pb_column][et_pb_column type=\u00bb2_3&#8243; _builder_version=\u00bb4.16&#8243; _module_preset=\u00bbdefault\u00bb global_colors_info=\u00bb{}\u00bb][et_pb_text _builder_version=\u00bb4.17.6&#8243; text_font=\u00bb|300|||||||\u00bb text_text_color=\u00bb#cccccc\u00bb text_line_height=\u00bb1.1em\u00bb header_font=\u00bb|300|||||||\u00bb header_2_font=\u00bb|300||on|||||\u00bb header_2_text_color=\u00bb#cccccc\u00bb header_2_font_size=\u00bb36px\u00bb header_2_letter_spacing=\u00bb2px\u00bb background_layout=\u00bbdark\u00bb global_colors_info=\u00bb{}\u00bb]<\/p>\n<p><span style=\"font-weight: 400;\">\u00bfBuscas un <\/span><b>nutricionista en Ir\u00fan<\/b><span style=\"font-weight: 400;\">? Para que puedas rendir al m\u00e1ximo en tu deporte es necesario que, adem\u00e1s de seguir un correcto entrenamiento, incluyas pautas nutricionales espec\u00edficas para ti y que se ajusten a tu planificaci\u00f3n. As\u00ed, que si eres runner, juegas en alg\u00fan equipo o simplemente quieres ganar m\u00e1s fuerza y masa muscular, nuestros dietistas deportivos te ayudar\u00e1n a conseguir h\u00e1bitos m\u00e1s saludables.\u00a0<\/span><\/p>\n<p><span style=\"font-weight: 400;\">Nuestros planes de entrenamiento incluyen nutricionistas deportivos que van a dise\u00f1ar una <\/span><b>dieta totalmente personalizada para ti<\/b><span style=\"font-weight: 400;\">. Nuestros nutricionistas profesionales crear\u00e1n un plan de alimentaci\u00f3n en el que no pasar\u00e1s hambre.\u00a0<\/span><\/p>\n<p><span style=\"font-weight: 400;\">Ellos te guiar\u00e1n paso a paso y te ense\u00f1ar\u00e1n a comer bien, para que consigas perder peso, aumentar la masa muscular y adoptar un estilo de vida sana. Tambi\u00e9n, te proporcionar\u00e1n las mejores herramientas <\/span><b>para que alcances r\u00e1pidamente resultados<\/b><span style=\"font-weight: 400;\"> de forma saludable.\u00a0<\/span><\/p>\n<p><span style=\"font-weight: 400;\">Por supuesto <\/span><b>todo con alimentos naturales<\/b><span style=\"font-weight: 400;\">, ya que nuestros nutricionistas personales en Ir\u00fan nunca te recomendar\u00e1n sustitutivos ni productos adelgazantes. Solo comida a base de prote\u00ednas, frutas y verduras y suplementos alimenticios.\u00a0<\/span><\/p>\n<p>[\/et_pb_text][\/et_pb_column][\/et_pb_row][et_pb_row column_structure=\u00bb1_3,2_3&#8243; custom_padding_last_edited=\u00bbon|phone\u00bb _builder_version=\u00bb4.16&#8243; _module_preset=\u00bbdefault\u00bb custom_margin=\u00bb||0px||false|false\u00bb custom_padding=\u00bb||||false|false\u00bb custom_padding_tablet=\u00bb\u00bb custom_padding_phone=\u00bb0px||0px||false|false\u00bb global_colors_info=\u00bb{}\u00bb][et_pb_column type=\u00bb1_3&#8243; _builder_version=\u00bb4.16&#8243; _module_preset=\u00bbdefault\u00bb global_colors_info=\u00bb{}\u00bb][et_pb_text _builder_version=\u00bb4.16&#8243; text_font=\u00bb||||||||\u00bb header_font=\u00bb||||||||\u00bb header_text_align=\u00bbcenter\u00bb header_2_font=\u00bb|300||on|||||\u00bb header_2_text_align=\u00bbright\u00bb header_2_font_size=\u00bb29px\u00bb custom_margin=\u00bb||0px||false|false\u00bb custom_padding=\u00bb|15%|0px||false|false\u00bb header_2_text_align_tablet=\u00bb\u00bb header_2_text_align_phone=\u00bbleft\u00bb header_2_text_align_last_edited=\u00bbon|phone\u00bb header_2_font_size_tablet=\u00bb51px\u00bb header_2_font_size_phone=\u00bb25px\u00bb header_2_font_size_last_edited=\u00bbon|phone\u00bb border_width_right=\u00bb2px\u00bb border_color_right=\u00bb#cccccc\u00bb border_width_right_tablet=\u00bb\u00bb border_width_right_phone=\u00bb0px\u00bb border_width_right_last_edited=\u00bbon|phone\u00bb locked=\u00bboff\u00bb global_colors_info=\u00bb{}\u00bb]<\/p>\n<h2>Planes personalizados de nutrici\u00f3n en Ir\u00fan<\/h2>\n<p>[\/et_pb_text][\/et_pb_column][et_pb_column type=\u00bb2_3&#8243; _builder_version=\u00bb4.16&#8243; _module_preset=\u00bbdefault\u00bb global_colors_info=\u00bb{}\u00bb][et_pb_text _builder_version=\u00bb4.17.6&#8243; text_font=\u00bb|300|||||||\u00bb text_text_color=\u00bb#cccccc\u00bb text_line_height=\u00bb1.1em\u00bb header_font=\u00bb|300|||||||\u00bb header_2_font=\u00bb|300||on|||||\u00bb header_2_text_color=\u00bb#cccccc\u00bb header_2_font_size=\u00bb36px\u00bb header_2_letter_spacing=\u00bb2px\u00bb background_layout=\u00bbdark\u00bb global_colors_info=\u00bb{}\u00bb]<\/p>\n<p><span style=\"font-weight: 400;\">Nuestros nutricionistas deportivos se encargar\u00e1n de establecer un plan de alimentaci\u00f3n que tendr\u00e1s que cumplir todos los d\u00edas si quieres mejorar tu rendimiento deportivo. Ellos <\/span><b>te indicar\u00e1n qu\u00e9 consumir, qu\u00e9 cosas tienes que evitar<\/b><span style=\"font-weight: 400;\"> y qu\u00e9 alimentos de manera definitiva debes dejar de consumir.\u00a0<\/span><\/p>\n<p><span style=\"font-weight: 400;\">Lo primero que vas a concretar con nuestro equipo son tus metas. Juntos podr\u00e9is analizar si esas metas ser\u00e1n posibles de alcanzar y lo que es m\u00e1s importante, en base a estos tu entrenador formar\u00e1 todas tus sesiones de ejercicio f\u00edsico. De esta manera <\/span><b>conseguir\u00e1s tus fines de la forma m\u00e1s segura y r\u00e1pida posible<\/b><span style=\"font-weight: 400;\">.<\/span><\/p>\n<p><span style=\"font-weight: 400;\">En caso de que tus objetivos sean alcanzar una dieta sana y mantener un peso ideal,\u00a0 tenemos que decirte que <\/span><b>somos tu decisi\u00f3n perfecta<\/b><span style=\"font-weight: 400;\">. Pues, nuestros nutricionistas crear\u00e1n un plan nutricional dirigido a tus gustos y ajustado para que tengas un estilo de vida saludable.\u00a0<\/span><\/p>\n<p><span style=\"font-weight: 400;\">\u00bfNo tienes casi tiempo para hacer ciertas comidas? Pues esto no es un problema porque te daremos <\/span><b>men\u00fas s\u00faper sencillos<\/b><span style=\"font-weight: 400;\"> para que los prepares en tu casa.\u00a0<\/span><\/p>\n<p>[\/et_pb_text][\/et_pb_column][\/et_pb_row][\/et_pb_section][et_pb_section fb_built=\u00bb1&#8243; custom_padding_last_edited=\u00bbon|phone\u00bb _builder_version=\u00bb4.16&#8243; _module_preset=\u00bbdefault\u00bb background_color=\u00bb#262626&#8243; custom_padding=\u00bb0px||50px||false|false\u00bb custom_padding_tablet=\u00bb\u00bb custom_padding_phone=\u00bb||30px||false|false\u00bb global_colors_info=\u00bb{}\u00bb][et_pb_row column_structure=\u00bb1_3,2_3&#8243; custom_padding_last_edited=\u00bbon|phone\u00bb _builder_version=\u00bb4.16&#8243; _module_preset=\u00bbdefault\u00bb custom_padding_tablet=\u00bb\u00bb custom_padding_phone=\u00bb0px||0px||false|false\u00bb global_colors_info=\u00bb{}\u00bb][et_pb_column type=\u00bb1_3&#8243; _builder_version=\u00bb4.16&#8243; _module_preset=\u00bbdefault\u00bb global_colors_info=\u00bb{}\u00bb][et_pb_text _builder_version=\u00bb4.27.4&#8243; text_font=\u00bb||||||||\u00bb header_font=\u00bb||||||||\u00bb header_text_align=\u00bbcenter\u00bb header_2_font=\u00bb|300||on|||||\u00bb header_2_text_align=\u00bbright\u00bb header_2_font_size=\u00bb29px\u00bb custom_margin=\u00bb||0px||false|false\u00bb custom_padding=\u00bb|15%|0px||false|false\u00bb hover_enabled=\u00bb0&#8243; header_2_text_align_tablet=\u00bb\u00bb header_2_text_align_phone=\u00bbleft\u00bb header_2_text_align_last_edited=\u00bbon|phone\u00bb header_2_font_size_tablet=\u00bb51px\u00bb header_2_font_size_phone=\u00bb25px\u00bb header_2_font_size_last_edited=\u00bbon|phone\u00bb border_width_right=\u00bb2px\u00bb border_color_right=\u00bb#cccccc\u00bb border_width_right_tablet=\u00bb\u00bb border_width_right_phone=\u00bb0px\u00bb border_width_right_last_edited=\u00bbon|phone\u00bb locked=\u00bboff\u00bb global_colors_info=\u00bb{}\u00bb sticky_enabled=\u00bb0&#8243;]<\/p>\n<h2>Los mejores nutricionistas en Ir\u00fan<\/h2>\n<p>[\/et_pb_text][\/et_pb_column][et_pb_column type=\u00bb2_3&#8243; _builder_version=\u00bb4.16&#8243; _module_preset=\u00bbdefault\u00bb global_colors_info=\u00bb{}\u00bb][et_pb_text _builder_version=\u00bb4.17.6&#8243; text_font=\u00bb|300|||||||\u00bb text_text_color=\u00bb#cccccc\u00bb text_line_height=\u00bb1.1em\u00bb header_font=\u00bb|300|||||||\u00bb header_2_font=\u00bb|300||on|||||\u00bb header_2_text_color=\u00bb#cccccc\u00bb header_2_font_size=\u00bb36px\u00bb header_2_letter_spacing=\u00bb2px\u00bb background_layout=\u00bbdark\u00bb global_colors_info=\u00bb{}\u00bb]<\/p>\n<p><span style=\"font-weight: 400;\">M\u00e1s que un gimnasio, en Sparta Sport Center nos concentramos para que alcances tus metas. Por eso <\/span><b>te ofrecemos el mejor equipo de nutricionistas de Ir\u00fan<\/b><span style=\"font-weight: 400;\"> quienes con gusto te ense\u00f1ar\u00e1n a c\u00f3mo adquirir buenos h\u00e1bitos de diet\u00e9tica y nutrici\u00f3n.\u00a0<\/span><\/p>\n<p><span style=\"font-weight: 400;\">Nuestros especialistas te realizar\u00e1n una evaluaci\u00f3n inicial para determinar cu\u00e1l es tu \u00edndice de masa corporal, alimentos favoritos, con qu\u00e9 regularidad entrenas, etc. Dicha informaci\u00f3n les ser\u00e1 de gran utilidad para dise\u00f1ar un plan nutricional <\/span><b>adaptado a tus necesidades<\/b><span style=\"font-weight: 400;\">.\u00a0<\/span><\/p>\n<p><span style=\"font-weight: 400;\">\u00bfQu\u00e9 est\u00e1s esperando? Ven cuanto antes a Sparta Sport Center Ir\u00fan para que comiences a entrenar de la mano de los mejores entrenadores y nutricionistas. Ya ver\u00e1s que con nuestros consejos <\/span><b>lograr\u00e1s crear una dieta sana y equilibrada<\/b><span style=\"font-weight: 400;\">. \u00a1Cont\u00e1ctanos!\u00a0<\/span><\/p>\n<p>[\/et_pb_text][\/et_pb_column][\/et_pb_row][et_pb_row _builder_version=\u00bb4.16&#8243; custom_margin=\u00bb||5%||false|false\u00bb custom_padding=\u00bb||0px||false|false\u00bb locked=\u00bboff\u00bb global_colors_info=\u00bb{}\u00bb][et_pb_column type=\u00bb4_4&#8243; _builder_version=\u00bb4.16&#8243; global_colors_info=\u00bb{}\u00bb][et_pb_button button_url=\u00bbhttps:\/\/spartasportcenter.com\/irun\/wp-content\/uploads\/2022\/07\/nutricionista-en-sparta-sport-center-irun.jpeg\u00bb url_new_window=\u00bbon\u00bb button_text=\u00bbDESCARGAR PDF INFORMATIVO\u00bb button_alignment=\u00bbcenter\u00bb _builder_version=\u00bb4.17.6&#8243; custom_button=\u00bbon\u00bb button_text_color=\u00bb#cccccc\u00bb button_border_width=\u00bb1px\u00bb button_border_color=\u00bb#cccccc\u00bb button_border_radius=\u00bb0px\u00bb button_letter_spacing=\u00bb1px\u00bb button_font=\u00bb|300||on|||||\u00bb button_use_icon=\u00bboff\u00bb custom_margin=\u00bb0%|||\u00bb custom_padding=\u00bb|||\u00bb button_text_size_tablet=\u00bb\u00bb button_text_size_phone=\u00bb16px\u00bb button_text_size_last_edited=\u00bbon|phone\u00bb button_border_radius_hover=\u00bb0px\u00bb button_letter_spacing_hover=\u00bb3px\u00bb global_colors_info=\u00bb{}\u00bb button_text_size__hover_enabled=\u00bboff\u00bb button_text_size__hover=\u00bbnull\u00bb button_one_text_size__hover_enabled=\u00bboff\u00bb button_one_text_size__hover=\u00bbnull\u00bb button_two_text_size__hover_enabled=\u00bboff\u00bb button_two_text_size__hover=\u00bbnull\u00bb button_text_color__hover_enabled=\u00bbon|hover\u00bb button_text_color__hover=\u00bb#ffffff\u00bb button_one_text_color__hover_enabled=\u00bboff\u00bb button_one_text_color__hover=\u00bbnull\u00bb button_two_text_color__hover_enabled=\u00bboff\u00bb button_two_text_color__hover=\u00bbnull\u00bb button_border_width__hover_enabled=\u00bboff\u00bb button_border_width__hover=\u00bbnull\u00bb button_one_border_width__hover_enabled=\u00bboff\u00bb button_one_border_width__hover=\u00bbnull\u00bb button_two_border_width__hover_enabled=\u00bboff\u00bb button_two_border_width__hover=\u00bbnull\u00bb button_border_color__hover_enabled=\u00bboff\u00bb button_border_color__hover=\u00bbnull\u00bb button_one_border_color__hover_enabled=\u00bboff\u00bb button_one_border_color__hover=\u00bbnull\u00bb button_two_border_color__hover_enabled=\u00bboff\u00bb button_two_border_color__hover=\u00bbnull\u00bb button_border_radius__hover_enabled=\u00bboff|hover\u00bb button_border_radius__hover=\u00bb0px\u00bb button_one_border_radius__hover_enabled=\u00bboff\u00bb button_one_border_radius__hover=\u00bbnull\u00bb button_two_border_radius__hover_enabled=\u00bboff\u00bb button_two_border_radius__hover=\u00bbnull\u00bb button_letter_spacing__hover_enabled=\u00bboff|hover\u00bb button_letter_spacing__hover=\u00bb3px\u00bb button_one_letter_spacing__hover_enabled=\u00bboff\u00bb button_one_letter_spacing__hover=\u00bbnull\u00bb button_two_letter_spacing__hover_enabled=\u00bboff\u00bb button_two_letter_spacing__hover=\u00bbnull\u00bb button_bg_color__hover_enabled=\u00bboff\u00bb button_bg_color__hover=\u00bbnull\u00bb button_one_bg_color__hover_enabled=\u00bboff\u00bb button_one_bg_color__hover=\u00bbnull\u00bb button_two_bg_color__hover_enabled=\u00bboff\u00bb button_two_bg_color__hover=\u00bbnull\u00bb][\/et_pb_button][\/et_pb_column][\/et_pb_row][\/et_pb_section][et_pb_section fb_built=\u00bb1&#8243; admin_label=\u00bbbanner footer prueba un dia\u00bb _builder_version=\u00bb4.20.1&#8243; background_color=\u00bb#363636&#8243; background_image=\u00bbhttps:\/\/spartasportcenter.com\/irun\/wp-content\/uploads\/2019\/09\/instalaciones-gimnasio-sparta-sport-center-pamplona-11.jpg\u00bb background_enable_image=\u00bboff\u00bb background_blend=\u00bbmultiply\u00bb custom_margin=\u00bb||||false|false\u00bb custom_padding=\u00bb0px|0px|0|0px|false|false\u00bb top_divider_flip=\u00bbhorizontal\u00bb global_module=\u00bb206679&#8243; locked=\u00bboff\u00bb global_colors_info=\u00bb{}\u00bb][\/et_pb_section]<\/p>\n","protected":false},"excerpt":{"rendered":"<p>Nutricionista en Ir\u00fan\u00bfBuscas un nutricionista en Ir\u00fan? Para que puedas rendir al m\u00e1ximo en tu deporte es necesario que, adem\u00e1s de seguir un correcto entrenamiento, incluyas pautas nutricionales espec\u00edficas para ti y que se ajusten a tu planificaci\u00f3n. As\u00ed, que si eres runner, juegas en alg\u00fan equipo o simplemente quieres ganar m\u00e1s fuerza y masa [&hellip;]<\/p>\n","protected":false},"author":1,"featured_media":220471,"parent":0,"menu_order":0,"comment_status":"closed","ping_status":"closed","template":"","meta":{"_et_pb_use_builder":"on","_et_pb_old_content":"","_et_gb_content_width":"","footnotes":""},"class_list":["post-209780","page","type-page","status-publish","has-post-thumbnail","hentry"],"yoast_head":"<!-- This site is optimized with the Yoast SEO plugin v27.4 - https:\/\/yoast.com\/product\/yoast-seo-wordpress\/ -->\n<title>Nutricionista en Ir\u00fan \u00a11 D\u00cdA GRATIS! | Sparta Sport Ir\u00fan<\/title>\n<meta name=\"description\" content=\"Controla tu alimentaci\u00f3n con nuestro ASESORAMIENTO NUTRICIONAL en Ir\u00fan. Alim\u00e9ntate adecuadamente y empieza a conseguir resultados.\" \/>\n<meta name=\"robots\" content=\"index, follow, max-snippet:-1, max-image-preview:large, max-video-preview:-1\" \/>\n<link rel=\"canonical\" href=\"https:\/\/spartasportcenter.com\/irun\/nutricionista-irun\/\" \/>\n<meta property=\"og:locale\" content=\"es_ES\" \/>\n<meta property=\"og:type\" content=\"article\" \/>\n<meta property=\"og:title\" content=\"Nutricionista en Ir\u00fan \u00a11 D\u00cdA GRATIS! | Sparta Sport Ir\u00fan\" \/>\n<meta property=\"og:description\" content=\"Controla tu alimentaci\u00f3n con nuestro ASESORAMIENTO NUTRICIONAL en Ir\u00fan. Alim\u00e9ntate adecuadamente y empieza a conseguir resultados.\" \/>\n<meta property=\"og:url\" content=\"https:\/\/spartasportcenter.com\/irun\/nutricionista-irun\/\" \/>\n<meta property=\"og:site_name\" content=\"Sparta Sport Center Ir\u00fan\" \/>\n<meta property=\"article:modified_time\" content=\"2025-09-22T09:00:06+00:00\" \/>\n<meta property=\"og:image\" content=\"https:\/\/spartasportcenter.com\/irun\/wp-content\/uploads\/2024\/03\/nutricionista-cabecera.jpg\" \/>\n\t<meta property=\"og:image:width\" content=\"2000\" \/>\n\t<meta property=\"og:image:height\" content=\"1333\" \/>\n\t<meta property=\"og:image:type\" content=\"image\/jpeg\" \/>\n<meta name=\"twitter:card\" content=\"summary_large_image\" \/>\n<meta name=\"twitter:label1\" content=\"Tiempo de lectura\" \/>\n\t<meta name=\"twitter:data1\" content=\"3 minutos\" \/>\n<script type=\"application\/ld+json\" class=\"yoast-schema-graph\">{\"@context\":\"https:\\\/\\\/schema.org\",\"@graph\":[{\"@type\":\"WebPage\",\"@id\":\"https:\\\/\\\/spartasportcenter.com\\\/irun\\\/nutricionista-irun\\\/\",\"url\":\"https:\\\/\\\/spartasportcenter.com\\\/irun\\\/nutricionista-irun\\\/\",\"name\":\"Nutricionista en Ir\u00fan \u00a11 D\u00cdA GRATIS! | Sparta Sport Ir\u00fan\",\"isPartOf\":{\"@id\":\"https:\\\/\\\/spartasportcenter.com\\\/irun\\\/#website\"},\"primaryImageOfPage\":{\"@id\":\"https:\\\/\\\/spartasportcenter.com\\\/irun\\\/nutricionista-irun\\\/#primaryimage\"},\"image\":{\"@id\":\"https:\\\/\\\/spartasportcenter.com\\\/irun\\\/nutricionista-irun\\\/#primaryimage\"},\"thumbnailUrl\":\"https:\\\/\\\/spartasportcenter.com\\\/irun\\\/wp-content\\\/uploads\\\/2024\\\/03\\\/nutricionista-cabecera.jpg\",\"datePublished\":\"2019-01-29T14:41:35+00:00\",\"dateModified\":\"2025-09-22T09:00:06+00:00\",\"description\":\"Controla tu alimentaci\u00f3n con nuestro ASESORAMIENTO NUTRICIONAL en Ir\u00fan. Alim\u00e9ntate adecuadamente y empieza a conseguir resultados.\",\"breadcrumb\":{\"@id\":\"https:\\\/\\\/spartasportcenter.com\\\/irun\\\/nutricionista-irun\\\/#breadcrumb\"},\"inLanguage\":\"es\",\"potentialAction\":[{\"@type\":\"ReadAction\",\"target\":[\"https:\\\/\\\/spartasportcenter.com\\\/irun\\\/nutricionista-irun\\\/\"]}]},{\"@type\":\"ImageObject\",\"inLanguage\":\"es\",\"@id\":\"https:\\\/\\\/spartasportcenter.com\\\/irun\\\/nutricionista-irun\\\/#primaryimage\",\"url\":\"https:\\\/\\\/spartasportcenter.com\\\/irun\\\/wp-content\\\/uploads\\\/2024\\\/03\\\/nutricionista-cabecera.jpg\",\"contentUrl\":\"https:\\\/\\\/spartasportcenter.com\\\/irun\\\/wp-content\\\/uploads\\\/2024\\\/03\\\/nutricionista-cabecera.jpg\",\"width\":2000,\"height\":1333,\"caption\":\"nutricionista cabecera\"},{\"@type\":\"BreadcrumbList\",\"@id\":\"https:\\\/\\\/spartasportcenter.com\\\/irun\\\/nutricionista-irun\\\/#breadcrumb\",\"itemListElement\":[{\"@type\":\"ListItem\",\"position\":1,\"name\":\"Portada\",\"item\":\"https:\\\/\\\/spartasportcenter.com\\\/irun\\\/\"},{\"@type\":\"ListItem\",\"position\":2,\"name\":\"Nutricionista Ir\u00fan\"}]},{\"@type\":\"WebSite\",\"@id\":\"https:\\\/\\\/spartasportcenter.com\\\/irun\\\/#website\",\"url\":\"https:\\\/\\\/spartasportcenter.com\\\/irun\\\/\",\"name\":\"Sparta Sport Center Ir\u00fan\",\"description\":\"Gimnasios en Ir\u00fan\",\"potentialAction\":[{\"@type\":\"SearchAction\",\"target\":{\"@type\":\"EntryPoint\",\"urlTemplate\":\"https:\\\/\\\/spartasportcenter.com\\\/irun\\\/?s={search_term_string}\"},\"query-input\":{\"@type\":\"PropertyValueSpecification\",\"valueRequired\":true,\"valueName\":\"search_term_string\"}}],\"inLanguage\":\"es\"}]}<\/script>\n<!-- \/ Yoast SEO plugin. -->","yoast_head_json":{"title":"Nutricionista en Ir\u00fan \u00a11 D\u00cdA GRATIS! | Sparta Sport Ir\u00fan","description":"Controla tu alimentaci\u00f3n con nuestro ASESORAMIENTO NUTRICIONAL en Ir\u00fan. Alim\u00e9ntate adecuadamente y empieza a conseguir resultados.","robots":{"index":"index","follow":"follow","max-snippet":"max-snippet:-1","max-image-preview":"max-image-preview:large","max-video-preview":"max-video-preview:-1"},"canonical":"https:\/\/spartasportcenter.com\/irun\/nutricionista-irun\/","og_locale":"es_ES","og_type":"article","og_title":"Nutricionista en Ir\u00fan \u00a11 D\u00cdA GRATIS! | Sparta Sport Ir\u00fan","og_description":"Controla tu alimentaci\u00f3n con nuestro ASESORAMIENTO NUTRICIONAL en Ir\u00fan. Alim\u00e9ntate adecuadamente y empieza a conseguir resultados.","og_url":"https:\/\/spartasportcenter.com\/irun\/nutricionista-irun\/","og_site_name":"Sparta Sport Center Ir\u00fan","article_modified_time":"2025-09-22T09:00:06+00:00","og_image":[{"width":2000,"height":1333,"url":"https:\/\/spartasportcenter.com\/irun\/wp-content\/uploads\/2024\/03\/nutricionista-cabecera.jpg","type":"image\/jpeg"}],"twitter_card":"summary_large_image","twitter_misc":{"Tiempo de lectura":"3 minutos"},"schema":{"@context":"https:\/\/schema.org","@graph":[{"@type":"WebPage","@id":"https:\/\/spartasportcenter.com\/irun\/nutricionista-irun\/","url":"https:\/\/spartasportcenter.com\/irun\/nutricionista-irun\/","name":"Nutricionista en Ir\u00fan \u00a11 D\u00cdA GRATIS! | Sparta Sport Ir\u00fan","isPartOf":{"@id":"https:\/\/spartasportcenter.com\/irun\/#website"},"primaryImageOfPage":{"@id":"https:\/\/spartasportcenter.com\/irun\/nutricionista-irun\/#primaryimage"},"image":{"@id":"https:\/\/spartasportcenter.com\/irun\/nutricionista-irun\/#primaryimage"},"thumbnailUrl":"https:\/\/spartasportcenter.com\/irun\/wp-content\/uploads\/2024\/03\/nutricionista-cabecera.jpg","datePublished":"2019-01-29T14:41:35+00:00","dateModified":"2025-09-22T09:00:06+00:00","description":"Controla tu alimentaci\u00f3n con nuestro ASESORAMIENTO NUTRICIONAL en Ir\u00fan. Alim\u00e9ntate adecuadamente y empieza a conseguir resultados.","breadcrumb":{"@id":"https:\/\/spartasportcenter.com\/irun\/nutricionista-irun\/#breadcrumb"},"inLanguage":"es","potentialAction":[{"@type":"ReadAction","target":["https:\/\/spartasportcenter.com\/irun\/nutricionista-irun\/"]}]},{"@type":"ImageObject","inLanguage":"es","@id":"https:\/\/spartasportcenter.com\/irun\/nutricionista-irun\/#primaryimage","url":"https:\/\/spartasportcenter.com\/irun\/wp-content\/uploads\/2024\/03\/nutricionista-cabecera.jpg","contentUrl":"https:\/\/spartasportcenter.com\/irun\/wp-content\/uploads\/2024\/03\/nutricionista-cabecera.jpg","width":2000,"height":1333,"caption":"nutricionista cabecera"},{"@type":"BreadcrumbList","@id":"https:\/\/spartasportcenter.com\/irun\/nutricionista-irun\/#breadcrumb","itemListElement":[{"@type":"ListItem","position":1,"name":"Portada","item":"https:\/\/spartasportcenter.com\/irun\/"},{"@type":"ListItem","position":2,"name":"Nutricionista Ir\u00fan"}]},{"@type":"WebSite","@id":"https:\/\/spartasportcenter.com\/irun\/#website","url":"https:\/\/spartasportcenter.com\/irun\/","name":"Sparta Sport Center Ir\u00fan","description":"Gimnasios en Ir\u00fan","potentialAction":[{"@type":"SearchAction","target":{"@type":"EntryPoint","urlTemplate":"https:\/\/spartasportcenter.com\/irun\/?s={search_term_string}"},"query-input":{"@type":"PropertyValueSpecification","valueRequired":true,"valueName":"search_term_string"}}],"inLanguage":"es"}]}},"_links":{"self":[{"href":"https:\/\/spartasportcenter.com\/irun\/wp-json\/wp\/v2\/pages\/209780","targetHints":{"allow":["GET"]}}],"collection":[{"href":"https:\/\/spartasportcenter.com\/irun\/wp-json\/wp\/v2\/pages"}],"about":[{"href":"https:\/\/spartasportcenter.com\/irun\/wp-json\/wp\/v2\/types\/page"}],"author":[{"embeddable":true,"href":"https:\/\/spartasportcenter.com\/irun\/wp-json\/wp\/v2\/users\/1"}],"replies":[{"embeddable":true,"href":"https:\/\/spartasportcenter.com\/irun\/wp-json\/wp\/v2\/comments?post=209780"}],"version-history":[{"count":17,"href":"https:\/\/spartasportcenter.com\/irun\/wp-json\/wp\/v2\/pages\/209780\/revisions"}],"predecessor-version":[{"id":223088,"href":"https:\/\/spartasportcenter.com\/irun\/wp-json\/wp\/v2\/pages\/209780\/revisions\/223088"}],"wp:featuredmedia":[{"embeddable":true,"href":"https:\/\/spartasportcenter.com\/irun\/wp-json\/wp\/v2\/media\/220471"}],"wp:attachment":[{"href":"https:\/\/spartasportcenter.com\/irun\/wp-json\/wp\/v2\/media?parent=209780"}],"curies":[{"name":"wp","href":"https:\/\/api.w.org\/{rel}","templated":true}]}}