{"id":209159,"date":"2018-12-04T15:58:36","date_gmt":"2018-12-04T14:58:36","guid":{"rendered":"https:\/\/spartasportcenter.com\/pamplona\/?page_id=209159"},"modified":"2025-06-25T14:30:40","modified_gmt":"2025-06-25T12:30:40","slug":"mapa-web-gimnasios-irun-calle-aduana","status":"publish","type":"page","link":"https:\/\/spartasportcenter.com\/irun-calle-aduana\/mapa-web-gimnasios-irun-calle-aduana\/","title":{"rendered":"Mapa Web Ir\u00fan Calle Aduana"},"content":{"rendered":"<p><a href=\"https:\/\/spartasportcenter.com\/irun-calle-aduana\/\">Gimnasio Ir\u00fan Aduana Sparta Sport Center<\/a><\/p>\n<p><a href=\"https:\/\/spartasportcenter.com\/irun-calle-aduana\/yoga-irun-calle-aduana\/\">Yoga Ir\u00fan Aduana<\/a><\/p>\n<p><a href=\"https:\/\/spartasportcenter.com\/irun-calle-aduana\/nutricionista-irun-calle-aduana\/\">Nutricionista Ir\u00fan Aduana<\/a><\/p>\n<p><a href=\"https:\/\/spartasportcenter.com\/irun-calle-aduana\/core-irun-calle-aduana\/\">Core Ir\u00fan Aduana<\/a><\/p>\n<p><a href=\"https:\/\/spartasportcenter.com\/irun-calle-aduana\/pilates-irun-calle-aduana\/\">Pilates Ir\u00fan Aduana<\/a><\/p>\n<p><a href=\"https:\/\/spartasportcenter.com\/irun-calle-aduana\/entrenador-personal-irun-calle-aduana\/\">Entrenador Personal Ir\u00fan Aduana<\/a><\/p>\n<p><a href=\"https:\/\/spartasportcenter.com\/irun-calle-aduana\/spinning-irun-calle-aduana\/\">Spinning Ir\u00fan Aduana<\/a><\/p>\n<p><a href=\"https:\/\/spartasportcenter.com\/irun-calle-aduana\/zumba-irun-calle-aduana\/\">Zumba Ir\u00fan Aduana<\/a><\/p>\n<p><a href=\"https:\/\/spartasportcenter.com\/irun-calle-aduana\/gap-irun-calle-aduana\/\">Gap Ir\u00fan Aduana<\/a><\/p>\n<p><a href=\"https:\/\/spartasportcenter.com\/irun-calle-aduana\/body-combat-irun-calle-aduana\/\">Body combat Ir\u00fan Aduana<\/a><\/p>\n<p><a href=\"https:\/\/spartasportcenter.com\/irun-calle-aduana\/entrenamiento-funcional-irun-calle-aduana\/\">Entrenamiento Funcional Ir\u00fan Aduana<\/a><\/p>\n<p><a href=\"https:\/\/spartasportcenter.com\/irun-calle-aduana\/body-pump-irun-calle-aduana\/\">Body Pump Ir\u00fan Aduana<\/a><\/p>\n<p><a href=\"https:\/\/spartasportcenter.com\/irun-calle-aduana\/body-balance-irun-calle-aduana\/\">Body balance Ir\u00fan Aduana<\/a><\/p>\n<p><a href=\"https:\/\/spartasportcenter.com\/irun-calle-aduana\/body-attack-irun-calle-aduana\/\">Body attack Ir\u00fan Aduana<\/a><\/p>\n<p><a href=\"https:\/\/spartasportcenter.com\/irun-calle-aduana\/cross-training-irun-calle-aduana\/\">Cross Training Ir\u00fan Aduana<\/a><\/p>\n<p><a href=\"https:\/\/spartasportcenter.com\/irun-calle-aduana\/strong-irun-calle-aduana\/\">Strong Ir\u00fan Aduana<\/a><\/p>\n<p><a href=\"https:\/\/spartasportcenter.com\/irun-calle-aduana\/horarios\/\">Horario de actividades<\/a><\/p>\n<p><a href=\"https:\/\/spartasportcenter.com\/irun-calle-aduana\/instalaciones\/\">Instalaciones<\/a><\/p>\n<p><a href=\"https:\/\/spartasportcenter.com\/irun-calle-aduana\/actividades\/\">Actividades<\/a><\/p>\n<p><a href=\"https:\/\/spartasportcenter.com\/irun-calle-aduana\/servicios\/\">Servicios<\/a><\/p>\n<p><a href=\"https:\/\/spartasportcenter.com\/irun-calle-aduana\/prueba-un-dia-gratis\/\">Prueba un d\u00eda gratis<\/a><\/p>\n<p><a href=\"https:\/\/spartasportcenter.com\/irun-calle-aduana\/contacto\/\">Contacto<\/a><\/p>\n","protected":false},"excerpt":{"rendered":"<p>   &#8211;<\/p>\n","protected":false},"author":1,"featured_media":222230,"parent":0,"menu_order":0,"comment_status":"closed","ping_status":"closed","template":"","meta":{"_et_pb_use_builder":"off","_et_pb_old_content":"<a href=\"https:\/\/spartasportcenter.com\/irun-calle-aduana\/\">Gimnasio Ir\u00fan Aduana Sparta Sport Center<\/a>\n\n<a href=\"https:\/\/spartasportcenter.com\/irun-calle-aduana\/yoga-irun-aduana\/\">Yoga Ir\u00fan Aduana<\/a>\n\n<a href=\"https:\/\/spartasportcenter.com\/irun-calle-aduana\/nutricionista-irun-aduana\/\">Nutricionista Ir\u00fan Aduana<\/a>\n\n<a href=\"https:\/\/spartasportcenter.com\/irun-calle-aduana\/core-irun-aduana\/\">Core Ir\u00fan Aduana<\/a>\n\n<a href=\"https:\/\/spartasportcenter.com\/irun-calle-aduana\/pilates-irun-aduana\/\">Pilates Ir\u00fan Aduana<\/a>\n\n<a href=\"https:\/\/spartasportcenter.com\/irun-calle-aduana\/entrenador-personal-irun-aduana\/\">Entrenador Personal Ir\u00fan Aduana<\/a>\n\n<a href=\"https:\/\/spartasportcenter.com\/irun-calle-aduana\/spinning-irun-aduana\/\">Spinning Ir\u00fan Aduana<\/a>\n\n<a href=\"https:\/\/spartasportcenter.com\/irun-calle-aduana\/zumba-irun-aduana\/\">Zumba Ir\u00fan Aduana<\/a>\n\n<a href=\"https:\/\/spartasportcenter.com\/irun-calle-aduana\/gap-irun-aduana\/\">Gap Ir\u00fan Aduana<\/a>\n\n<a href=\"https:\/\/spartasportcenter.com\/irun-calle-aduana\/combat-irun-aduana\/\">Body combat Ir\u00fan Aduana<\/a>\n\n<a href=\"https:\/\/spartasportcenter.com\/irun-calle-aduana\/entrenamiento-funcional-irun-aduana\/\">Entrenamiento Funcional Ir\u00fan Aduana<\/a>\n\n<a href=\"https:\/\/spartasportcenter.com\/irun-calle-aduana\/body-tonic-irun-aduana\/\">Body Pump Ir\u00fan Aduana<\/a>\n\n<a href=\"https:\/\/spartasportcenter.com\/irun-calle-aduana\/body-balance-irun-aduana\/\">Body balance Ir\u00fan Aduana<\/a>\n\n<a href=\"https:\/\/spartasportcenter.com\/irun-calle-aduana\/attack-irun-aduana\/\">Body attack Ir\u00fan Aduana<\/a>\n\n<a href=\"https:\/\/spartasportcenter.com\/irun-calle-aduana\/cross-training-irun-aduana\/\">Cross Training Ir\u00fan Aduana<\/a>\n\n<a href=\"https:\/\/spartasportcenter.com\/irun-calle-aduana\/strong-irun-aduana\/\">Strong Ir\u00fan Aduana<\/a>\n\n<a href=\"https:\/\/spartasportcenter.com\/irun-calle-aduana\/horarios\/\">Horario de actividades<\/a>\n\n<a href=\"https:\/\/spartasportcenter.com\/irun-calle-aduana\/instalaciones\/\">Instalaciones<\/a>\n\n<a href=\"https:\/\/spartasportcenter.com\/irun-calle-aduana\/tarifas\/\">Tarifas<\/a>\n\n<a href=\"https:\/\/spartasportcenter.com\/irun-calle-aduana\/actividades\/\">Actividades<\/a>\n\n<a href=\"https:\/\/spartasportcenter.com\/irun-calle-aduana\/servicios\/\">Servicios<\/a>\n\n<a href=\"https:\/\/spartasportcenter.com\/irun-calle-aduana\/prueba-un-dia-gratis\/\">Prueba un d\u00eda gratis<\/a>\n\n<a href=\"https:\/\/spartasportcenter.com\/irun-calle-aduana\/contacto\/\">Contacto<\/a>","_et_gb_content_width":"","footnotes":""},"class_list":["post-209159","page","type-page","status-publish","has-post-thumbnail","hentry"],"yoast_head":"<!-- This site is optimized with the Yoast SEO plugin v27.4 - https:\/\/yoast.com\/product\/yoast-seo-wordpress\/ -->\n<title>Mapa Web Ir\u00fan Calle Aduana - Sparta Sport Center Ir\u00fan calle Aduana<\/title>\n<meta name=\"description\" content=\"Consulta el mapa web del gimnasio Sparta Sport Center Ir\u00fan Calle Aduana. Encuentra toda la informaci\u00f3n que necesitas sobre nuestra web.\" \/>\n<meta name=\"robots\" content=\"index, follow, max-snippet:-1, max-image-preview:large, max-video-preview:-1\" \/>\n<link rel=\"canonical\" href=\"https:\/\/spartasportcenter.com\/irun-calle-aduana\/mapa-web-gimnasios-irun-calle-aduana\/\" \/>\n<meta property=\"og:locale\" content=\"es_ES\" \/>\n<meta property=\"og:type\" content=\"article\" \/>\n<meta property=\"og:title\" content=\"Mapa Web Ir\u00fan Calle Aduana - Sparta Sport Center Ir\u00fan calle Aduana\" \/>\n<meta property=\"og:description\" content=\"Consulta el mapa web del gimnasio Sparta Sport Center Ir\u00fan Calle Aduana. Encuentra toda la informaci\u00f3n que necesitas sobre nuestra web.\" \/>\n<meta property=\"og:url\" content=\"https:\/\/spartasportcenter.com\/irun-calle-aduana\/mapa-web-gimnasios-irun-calle-aduana\/\" \/>\n<meta property=\"og:site_name\" content=\"Sparta Sport Center Ir\u00fan calle Aduana\" \/>\n<meta property=\"article:modified_time\" content=\"2025-06-25T12:30:40+00:00\" \/>\n<meta property=\"og:image\" content=\"https:\/\/spartasportcenter.com\/irun-calle-aduana\/wp-content\/uploads\/2025\/06\/material-deportivo-de-colores.jpg\" \/>\n\t<meta property=\"og:image:width\" content=\"2000\" \/>\n\t<meta property=\"og:image:height\" content=\"1333\" \/>\n\t<meta property=\"og:image:type\" content=\"image\/jpeg\" \/>\n<meta name=\"twitter:card\" content=\"summary_large_image\" \/>\n<meta name=\"twitter:label1\" content=\"Tiempo de lectura\" \/>\n\t<meta name=\"twitter:data1\" content=\"1 minuto\" \/>\n<script type=\"application\/ld+json\" class=\"yoast-schema-graph\">{\"@context\":\"https:\\\/\\\/schema.org\",\"@graph\":[{\"@type\":\"WebPage\",\"@id\":\"https:\\\/\\\/spartasportcenter.com\\\/irun-calle-aduana\\\/mapa-web-gimnasios-irun-calle-aduana\\\/\",\"url\":\"https:\\\/\\\/spartasportcenter.com\\\/irun-calle-aduana\\\/mapa-web-gimnasios-irun-calle-aduana\\\/\",\"name\":\"Mapa Web Ir\u00fan Calle Aduana - Sparta Sport Center Ir\u00fan calle Aduana\",\"isPartOf\":{\"@id\":\"https:\\\/\\\/spartasportcenter.com\\\/irun-calle-aduana\\\/#website\"},\"primaryImageOfPage\":{\"@id\":\"https:\\\/\\\/spartasportcenter.com\\\/irun-calle-aduana\\\/mapa-web-gimnasios-irun-calle-aduana\\\/#primaryimage\"},\"image\":{\"@id\":\"https:\\\/\\\/spartasportcenter.com\\\/irun-calle-aduana\\\/mapa-web-gimnasios-irun-calle-aduana\\\/#primaryimage\"},\"thumbnailUrl\":\"https:\\\/\\\/spartasportcenter.com\\\/irun-calle-aduana\\\/wp-content\\\/uploads\\\/2025\\\/06\\\/material-deportivo-de-colores.jpg\",\"datePublished\":\"2018-12-04T14:58:36+00:00\",\"dateModified\":\"2025-06-25T12:30:40+00:00\",\"description\":\"Consulta el mapa web del gimnasio Sparta Sport Center Ir\u00fan Calle Aduana. Encuentra toda la informaci\u00f3n que necesitas sobre nuestra web.\",\"breadcrumb\":{\"@id\":\"https:\\\/\\\/spartasportcenter.com\\\/irun-calle-aduana\\\/mapa-web-gimnasios-irun-calle-aduana\\\/#breadcrumb\"},\"inLanguage\":\"es\",\"potentialAction\":[{\"@type\":\"ReadAction\",\"target\":[\"https:\\\/\\\/spartasportcenter.com\\\/irun-calle-aduana\\\/mapa-web-gimnasios-irun-calle-aduana\\\/\"]}]},{\"@type\":\"ImageObject\",\"inLanguage\":\"es\",\"@id\":\"https:\\\/\\\/spartasportcenter.com\\\/irun-calle-aduana\\\/mapa-web-gimnasios-irun-calle-aduana\\\/#primaryimage\",\"url\":\"https:\\\/\\\/spartasportcenter.com\\\/irun-calle-aduana\\\/wp-content\\\/uploads\\\/2025\\\/06\\\/material-deportivo-de-colores.jpg\",\"contentUrl\":\"https:\\\/\\\/spartasportcenter.com\\\/irun-calle-aduana\\\/wp-content\\\/uploads\\\/2025\\\/06\\\/material-deportivo-de-colores.jpg\",\"width\":2000,\"height\":1333,\"caption\":\"material deportivo de colores\"},{\"@type\":\"BreadcrumbList\",\"@id\":\"https:\\\/\\\/spartasportcenter.com\\\/irun-calle-aduana\\\/mapa-web-gimnasios-irun-calle-aduana\\\/#breadcrumb\",\"itemListElement\":[{\"@type\":\"ListItem\",\"position\":1,\"name\":\"Portada\",\"item\":\"https:\\\/\\\/spartasportcenter.com\\\/irun-calle-aduana\\\/\"},{\"@type\":\"ListItem\",\"position\":2,\"name\":\"Mapa Web Ir\u00fan Calle Aduana\"}]},{\"@type\":\"WebSite\",\"@id\":\"https:\\\/\\\/spartasportcenter.com\\\/irun-calle-aduana\\\/#website\",\"url\":\"https:\\\/\\\/spartasportcenter.com\\\/irun-calle-aduana\\\/\",\"name\":\"Sparta Sport Center Ir\u00fan calle Aduana\",\"description\":\"Gimnasios en Ir\u00fan calle Aduana\",\"potentialAction\":[{\"@type\":\"SearchAction\",\"target\":{\"@type\":\"EntryPoint\",\"urlTemplate\":\"https:\\\/\\\/spartasportcenter.com\\\/irun-calle-aduana\\\/?s={search_term_string}\"},\"query-input\":{\"@type\":\"PropertyValueSpecification\",\"valueRequired\":true,\"valueName\":\"search_term_string\"}}],\"inLanguage\":\"es\"}]}<\/script>\n<!-- \/ Yoast SEO plugin. -->","yoast_head_json":{"title":"Mapa Web Ir\u00fan Calle Aduana - Sparta Sport Center Ir\u00fan calle Aduana","description":"Consulta el mapa web del gimnasio Sparta Sport Center Ir\u00fan Calle Aduana. Encuentra toda la informaci\u00f3n que necesitas sobre nuestra web.","robots":{"index":"index","follow":"follow","max-snippet":"max-snippet:-1","max-image-preview":"max-image-preview:large","max-video-preview":"max-video-preview:-1"},"canonical":"https:\/\/spartasportcenter.com\/irun-calle-aduana\/mapa-web-gimnasios-irun-calle-aduana\/","og_locale":"es_ES","og_type":"article","og_title":"Mapa Web Ir\u00fan Calle Aduana - Sparta Sport Center Ir\u00fan calle Aduana","og_description":"Consulta el mapa web del gimnasio Sparta Sport Center Ir\u00fan Calle Aduana. Encuentra toda la informaci\u00f3n que necesitas sobre nuestra web.","og_url":"https:\/\/spartasportcenter.com\/irun-calle-aduana\/mapa-web-gimnasios-irun-calle-aduana\/","og_site_name":"Sparta Sport Center Ir\u00fan calle Aduana","article_modified_time":"2025-06-25T12:30:40+00:00","og_image":[{"width":2000,"height":1333,"url":"https:\/\/spartasportcenter.com\/irun-calle-aduana\/wp-content\/uploads\/2025\/06\/material-deportivo-de-colores.jpg","type":"image\/jpeg"}],"twitter_card":"summary_large_image","twitter_misc":{"Tiempo de lectura":"1 minuto"},"schema":{"@context":"https:\/\/schema.org","@graph":[{"@type":"WebPage","@id":"https:\/\/spartasportcenter.com\/irun-calle-aduana\/mapa-web-gimnasios-irun-calle-aduana\/","url":"https:\/\/spartasportcenter.com\/irun-calle-aduana\/mapa-web-gimnasios-irun-calle-aduana\/","name":"Mapa Web Ir\u00fan Calle Aduana - Sparta Sport Center Ir\u00fan calle Aduana","isPartOf":{"@id":"https:\/\/spartasportcenter.com\/irun-calle-aduana\/#website"},"primaryImageOfPage":{"@id":"https:\/\/spartasportcenter.com\/irun-calle-aduana\/mapa-web-gimnasios-irun-calle-aduana\/#primaryimage"},"image":{"@id":"https:\/\/spartasportcenter.com\/irun-calle-aduana\/mapa-web-gimnasios-irun-calle-aduana\/#primaryimage"},"thumbnailUrl":"https:\/\/spartasportcenter.com\/irun-calle-aduana\/wp-content\/uploads\/2025\/06\/material-deportivo-de-colores.jpg","datePublished":"2018-12-04T14:58:36+00:00","dateModified":"2025-06-25T12:30:40+00:00","description":"Consulta el mapa web del gimnasio Sparta Sport Center Ir\u00fan Calle Aduana. Encuentra toda la informaci\u00f3n que necesitas sobre nuestra web.","breadcrumb":{"@id":"https:\/\/spartasportcenter.com\/irun-calle-aduana\/mapa-web-gimnasios-irun-calle-aduana\/#breadcrumb"},"inLanguage":"es","potentialAction":[{"@type":"ReadAction","target":["https:\/\/spartasportcenter.com\/irun-calle-aduana\/mapa-web-gimnasios-irun-calle-aduana\/"]}]},{"@type":"ImageObject","inLanguage":"es","@id":"https:\/\/spartasportcenter.com\/irun-calle-aduana\/mapa-web-gimnasios-irun-calle-aduana\/#primaryimage","url":"https:\/\/spartasportcenter.com\/irun-calle-aduana\/wp-content\/uploads\/2025\/06\/material-deportivo-de-colores.jpg","contentUrl":"https:\/\/spartasportcenter.com\/irun-calle-aduana\/wp-content\/uploads\/2025\/06\/material-deportivo-de-colores.jpg","width":2000,"height":1333,"caption":"material deportivo de colores"},{"@type":"BreadcrumbList","@id":"https:\/\/spartasportcenter.com\/irun-calle-aduana\/mapa-web-gimnasios-irun-calle-aduana\/#breadcrumb","itemListElement":[{"@type":"ListItem","position":1,"name":"Portada","item":"https:\/\/spartasportcenter.com\/irun-calle-aduana\/"},{"@type":"ListItem","position":2,"name":"Mapa Web Ir\u00fan Calle Aduana"}]},{"@type":"WebSite","@id":"https:\/\/spartasportcenter.com\/irun-calle-aduana\/#website","url":"https:\/\/spartasportcenter.com\/irun-calle-aduana\/","name":"Sparta Sport Center Ir\u00fan calle Aduana","description":"Gimnasios en Ir\u00fan calle Aduana","potentialAction":[{"@type":"SearchAction","target":{"@type":"EntryPoint","urlTemplate":"https:\/\/spartasportcenter.com\/irun-calle-aduana\/?s={search_term_string}"},"query-input":{"@type":"PropertyValueSpecification","valueRequired":true,"valueName":"search_term_string"}}],"inLanguage":"es"}]}},"_links":{"self":[{"href":"https:\/\/spartasportcenter.com\/irun-calle-aduana\/wp-json\/wp\/v2\/pages\/209159","targetHints":{"allow":["GET"]}}],"collection":[{"href":"https:\/\/spartasportcenter.com\/irun-calle-aduana\/wp-json\/wp\/v2\/pages"}],"about":[{"href":"https:\/\/spartasportcenter.com\/irun-calle-aduana\/wp-json\/wp\/v2\/types\/page"}],"author":[{"embeddable":true,"href":"https:\/\/spartasportcenter.com\/irun-calle-aduana\/wp-json\/wp\/v2\/users\/1"}],"replies":[{"embeddable":true,"href":"https:\/\/spartasportcenter.com\/irun-calle-aduana\/wp-json\/wp\/v2\/comments?post=209159"}],"version-history":[{"count":28,"href":"https:\/\/spartasportcenter.com\/irun-calle-aduana\/wp-json\/wp\/v2\/pages\/209159\/revisions"}],"predecessor-version":[{"id":221396,"href":"https:\/\/spartasportcenter.com\/irun-calle-aduana\/wp-json\/wp\/v2\/pages\/209159\/revisions\/221396"}],"wp:featuredmedia":[{"embeddable":true,"href":"https:\/\/spartasportcenter.com\/irun-calle-aduana\/wp-json\/wp\/v2\/media\/222230"}],"wp:attachment":[{"href":"https:\/\/spartasportcenter.com\/irun-calle-aduana\/wp-json\/wp\/v2\/media?parent=209159"}],"curies":[{"name":"wp","href":"https:\/\/api.w.org\/{rel}","templated":true}]}}