{"id":206563,"date":"2018-08-20T15:59:41","date_gmt":"2018-08-20T15:59:41","guid":{"rendered":"https:\/\/pamplona.spartasportcenter.com\/?page_id=206563"},"modified":"2024-07-22T14:02:30","modified_gmt":"2024-07-22T12:02:30","slug":"yoga-irun-calle-aduana","status":"publish","type":"page","link":"https:\/\/spartasportcenter.com\/irun-calle-aduana\/yoga-irun-calle-aduana\/","title":{"rendered":"Yoga Ir\u00fan calle Aduana"},"content":{"rendered":"<p>[et_pb_section fb_built=\u00bb1&#8243; custom_padding_last_edited=\u00bbon|phone\u00bb disabled_on=\u00bboff|off|off\u00bb _builder_version=\u00bb4.16&#8243; background_color=\u00bb#262626&#8243; background_enable_image=\u00bboff\u00bb custom_margin=\u00bb||||false|false\u00bb custom_padding=\u00bb80px|0px|0px|0px|false|false\u00bb custom_padding_tablet=\u00bb\u00bb custom_padding_phone=\u00bb30px||50px||false|false\u00bb global_colors_info=\u00bb{}\u00bb][et_pb_row column_structure=\u00bb1_3,2_3&#8243; custom_padding_last_edited=\u00bbon|desktop\u00bb _builder_version=\u00bb4.16&#8243; _module_preset=\u00bbdefault\u00bb custom_padding=\u00bb0px||||false|false\u00bb custom_padding_tablet=\u00bb\u00bb custom_padding_phone=\u00bb0px||||false|false\u00bb global_colors_info=\u00bb{}\u00bb][et_pb_column type=\u00bb1_3&#8243; _builder_version=\u00bb4.16&#8243; _module_preset=\u00bbdefault\u00bb global_colors_info=\u00bb{}\u00bb][et_pb_text _builder_version=\u00bb4.27.0&#8243; text_font=\u00bb||||||||\u00bb header_font=\u00bb||||||||\u00bb header_text_align=\u00bbcenter\u00bb header_2_font=\u00bb|300||on|||||\u00bb header_2_text_align=\u00bbright\u00bb header_2_font_size=\u00bb29px\u00bb custom_margin=\u00bb||0px||false|false\u00bb custom_padding=\u00bb|15%|0px||false|false\u00bb hover_enabled=\u00bb0&#8243; header_2_text_align_tablet=\u00bb\u00bb header_2_text_align_phone=\u00bbleft\u00bb header_2_text_align_last_edited=\u00bbon|phone\u00bb header_2_font_size_tablet=\u00bb51px\u00bb header_2_font_size_phone=\u00bb25px\u00bb header_2_font_size_last_edited=\u00bbon|phone\u00bb border_width_right=\u00bb2px\u00bb border_color_right=\u00bb#cccccc\u00bb border_width_right_tablet=\u00bb\u00bb border_width_right_phone=\u00bb0px\u00bb border_width_right_last_edited=\u00bbon|phone\u00bb locked=\u00bboff\u00bb global_colors_info=\u00bb{}\u00bb sticky_enabled=\u00bb0&#8243;]<\/p>\n<h2>Clases de Yoga en Ir\u00fan calle Aduana<\/h2>\n<p>[\/et_pb_text][\/et_pb_column][et_pb_column type=\u00bb2_3&#8243; _builder_version=\u00bb4.16&#8243; _module_preset=\u00bbdefault\u00bb global_colors_info=\u00bb{}\u00bb][et_pb_text _builder_version=\u00bb4.27.0&#8243; text_font=\u00bb|300|||||||\u00bb text_text_color=\u00bb#cccccc\u00bb text_line_height=\u00bb1.1em\u00bb header_font=\u00bb|300|||||||\u00bb header_2_font=\u00bb|300||on|||||\u00bb header_2_text_color=\u00bb#cccccc\u00bb header_2_font_size=\u00bb36px\u00bb header_2_letter_spacing=\u00bb2px\u00bb background_layout=\u00bbdark\u00bb hover_enabled=\u00bb0&#8243; global_colors_info=\u00bb{}\u00bb sticky_enabled=\u00bb0&#8243;]<\/p>\n<p>Las clases de yoga en Ir\u00fan calle Aduana son variadas y adaptadas para satisfacer las necesidades de todos los niveles de habilidad. Ya sea que seas un principiante entusiasta o un practicante experimentado, seguro encontrar\u00e1s una clase adecuada para ti en nuestras instalaciones.<\/p>\n<p>Haciendo Yoga en Sparta Sport Center Ir\u00fan calle Aduana combinar\u00e1s<span>\u00a0<\/span><strong>fuerza y flexibilidad<span>\u00a0<\/span><\/strong>y promover\u00e1s la desintoxicaci\u00f3n del cuerpo. Sea cual sea tu preferencia, las clases de yoga en Ir\u00fan calle Aduana te proporcionar\u00e1n una experiencia enriquecedora y beneficiosa para tu<span>\u00a0<\/span><strong>bienestar f\u00edsico y mental<\/strong>.<\/p>\n<p>[\/et_pb_text][et_pb_button button_text=\u00bb+\u00bb button_alignment=\u00bbcenter\u00bb module_class=\u00bbrv_button closed\u00bb _builder_version=\u00bb4.16&#8243; custom_button=\u00bbon\u00bb button_text_size=\u00bb39px\u00bb button_text_color=\u00bb#cccccc\u00bb button_border_width=\u00bb0px\u00bb button_border_radius=\u00bb0px\u00bb button_font=\u00bbOswald|700|||||||\u00bb button_use_icon=\u00bboff\u00bb custom_margin=\u00bb-40px|0px|-10px|0px|false|false\u00bb custom_margin_tablet=\u00bb\u00bb custom_margin_phone=\u00bb\u00bb custom_margin_last_edited=\u00bbon|phone\u00bb custom_padding=\u00bb0px|0px|0px|0px|true|\u00bb button_text_color_hover=\u00bbrgba(224,43,32,0.76)\u00bb button_border_color_hover=\u00bbrgba(0,0,0,0)\u00bb button_border_radius_hover=\u00bb0px\u00bb button_bg_color_hover=\u00bbrgba(0,0,0,0)\u00bb global_colors_info=\u00bb{}\u00bb button_text_size__hover_enabled=\u00bboff\u00bb button_one_text_size__hover_enabled=\u00bboff\u00bb button_two_text_size__hover_enabled=\u00bboff\u00bb button_text_color__hover_enabled=\u00bbon|desktop\u00bb button_text_color__hover=\u00bbrgba(255,255,255,0.5)\u00bb button_one_text_color__hover_enabled=\u00bboff\u00bb button_two_text_color__hover_enabled=\u00bboff\u00bb button_border_width__hover_enabled=\u00bboff\u00bb button_one_border_width__hover_enabled=\u00bboff\u00bb button_two_border_width__hover_enabled=\u00bboff\u00bb button_border_color__hover_enabled=\u00bbon\u00bb button_border_color__hover=\u00bbrgba(0,0,0,0)\u00bb button_one_border_color__hover_enabled=\u00bboff\u00bb button_two_border_color__hover_enabled=\u00bboff\u00bb button_border_radius__hover_enabled=\u00bbon\u00bb button_border_radius__hover=\u00bb0px\u00bb button_one_border_radius__hover_enabled=\u00bboff\u00bb button_two_border_radius__hover_enabled=\u00bboff\u00bb button_letter_spacing__hover_enabled=\u00bboff\u00bb button_one_letter_spacing__hover_enabled=\u00bboff\u00bb button_two_letter_spacing__hover_enabled=\u00bboff\u00bb button_bg_color__hover_enabled=\u00bbon\u00bb button_bg_color__hover=\u00bbrgba(255,255,255,0)\u00bb button_one_bg_color__hover_enabled=\u00bboff\u00bb button_two_bg_color__hover_enabled=\u00bboff\u00bb][\/et_pb_button][et_pb_text module_id=\u00bbreveal\u00bb _builder_version=\u00bb4.27.0&#8243; text_font=\u00bb|300|||||||\u00bb text_text_color=\u00bb#cccccc\u00bb text_line_height=\u00bb1.1em\u00bb header_font=\u00bb|300|||||||\u00bb header_2_font=\u00bb|300||on|||||\u00bb header_2_text_color=\u00bb#cccccc\u00bb header_2_font_size=\u00bb36px\u00bb header_2_letter_spacing=\u00bb2px\u00bb background_layout=\u00bbdark\u00bb hover_enabled=\u00bb0&#8243; global_colors_info=\u00bb{}\u00bb sticky_enabled=\u00bb0&#8243;]<\/p>\n<p>La meditaci\u00f3n del yoga puede ayudarte a<span>\u00a0<\/span><strong>calmar la mente<\/strong>,<span>\u00a0<\/span><strong>reducir el estr\u00e9s<\/strong><span>\u00a0<\/span>y<span>\u00a0<\/span><strong>mejorar tu enfoque y claridad mental<\/strong>. Esta pr\u00e1ctica combinada con el yoga f\u00edsico puede darte un equilibrio completo entre cuerpo y mente, promoviendo as\u00ed un estado de bienestar integral.<\/p>\n<p>Nuestras clases de yoga en Ir\u00fan calle Aduana son una excelente oportunidad para expandir tus conocimientos y profundizar en tu pr\u00e1ctica, explorando diferentes aspectos del yoga que quiz\u00e1s no hayas experimentado antes. Sum\u00e9rgete en la diversidad y riqueza de las clases de yoga en Sparta Sport Center y descubre un camino hacia la salud y la armon\u00eda interior.<\/p>\n<p>[\/et_pb_text][\/et_pb_column][\/et_pb_row][et_pb_row column_structure=\u00bb1_3,2_3&#8243; custom_padding_last_edited=\u00bbon|phone\u00bb _builder_version=\u00bb4.16&#8243; _module_preset=\u00bbdefault\u00bb custom_margin=\u00bb||0px||false|false\u00bb custom_padding=\u00bb||||false|false\u00bb custom_padding_tablet=\u00bb\u00bb custom_padding_phone=\u00bb0px||0px||false|false\u00bb global_colors_info=\u00bb{}\u00bb][et_pb_column type=\u00bb1_3&#8243; _builder_version=\u00bb4.16&#8243; _module_preset=\u00bbdefault\u00bb global_colors_info=\u00bb{}\u00bb][et_pb_text _builder_version=\u00bb4.27.0&#8243; text_font=\u00bb||||||||\u00bb header_font=\u00bb||||||||\u00bb header_text_align=\u00bbcenter\u00bb header_2_font=\u00bb|300||on|||||\u00bb header_2_text_align=\u00bbright\u00bb header_2_font_size=\u00bb29px\u00bb custom_margin=\u00bb||0px||false|false\u00bb custom_padding=\u00bb|15%|0px||false|false\u00bb hover_enabled=\u00bb0&#8243; header_2_text_align_tablet=\u00bb\u00bb header_2_text_align_phone=\u00bbleft\u00bb header_2_text_align_last_edited=\u00bbon|phone\u00bb header_2_font_size_tablet=\u00bb51px\u00bb header_2_font_size_phone=\u00bb25px\u00bb header_2_font_size_last_edited=\u00bbon|phone\u00bb border_width_right=\u00bb2px\u00bb border_color_right=\u00bb#cccccc\u00bb border_width_right_tablet=\u00bb\u00bb border_width_right_phone=\u00bb0px\u00bb border_width_right_last_edited=\u00bbon|phone\u00bb locked=\u00bboff\u00bb global_colors_info=\u00bb{}\u00bb sticky_enabled=\u00bb0&#8243;]<\/p>\n<h2>Beneficios del Yoga en Ir\u00fan calle Aduana<\/h2>\n<p>[\/et_pb_text][\/et_pb_column][et_pb_column type=\u00bb2_3&#8243; _builder_version=\u00bb4.16&#8243; _module_preset=\u00bbdefault\u00bb global_colors_info=\u00bb{}\u00bb][et_pb_text _builder_version=\u00bb4.27.0&#8243; text_font=\u00bb|300|||||||\u00bb text_text_color=\u00bb#cccccc\u00bb text_line_height=\u00bb1.1em\u00bb header_font=\u00bb|300|||||||\u00bb header_2_font=\u00bb|300||on|||||\u00bb header_2_text_color=\u00bb#cccccc\u00bb header_2_font_size=\u00bb36px\u00bb header_2_letter_spacing=\u00bb2px\u00bb background_layout=\u00bbdark\u00bb hover_enabled=\u00bb0&#8243; global_colors_info=\u00bb{}\u00bb sticky_enabled=\u00bb0&#8243;]<\/p>\n<p>El yoga, como disciplina hol\u00edstica, ofrece<strong><span>\u00a0<\/span>numerosos beneficios<\/strong><span>\u00a0<\/span>para quienes lo practican. Algunos de los beneficios m\u00e1s destacados incluyen:<\/p>\n<ul>\n<li><strong>Estabilidad f\u00edsica y mental:<\/strong><span>\u00a0<\/span>El yoga ayuda a fortalecer el cuerpo y mejorar la concentraci\u00f3n y el equilibrio. Al practicar regularmente, se experimenta un aumento en la estabilidad f\u00edsica y mental.<\/li>\n<li><strong>Flexibilidad y movilidad:<\/strong><span>\u00a0<\/span>Los ejercicios y posturas del yoga ayudan a estirar y fortalecer los m\u00fasculos, mejorando as\u00ed la flexibilidad y la movilidad articular.<\/li>\n<li><strong>Gesti\u00f3n del estr\u00e9s:<\/strong><span>\u00a0<\/span>La pr\u00e1ctica del yoga se enfoca en la respiraci\u00f3n consciente y en la relajaci\u00f3n, lo que ayuda a reducir los niveles de estr\u00e9s y promover la calma y el bienestar emocional.<\/li>\n<li><strong>Mejora de la salud general:<\/strong><span>\u00a0<\/span>El yoga puede contribuir a reducir la presi\u00f3n arterial, mejorar la calidad del sue\u00f1o y fortalecer el sistema inmunol\u00f3gico, entre otros beneficios para la salud en general.<\/li>\n<\/ul>\n<p>En definitiva, el yoga en Ir\u00fan calle Aduana no solo aporta<span>\u00a0<\/span><strong>beneficios f\u00edsicos<\/strong>, sino tambi\u00e9n<span>\u00a0<\/span><strong>emocionales y mentales<\/strong>, ayud\u00e1ndote a encontrar un equilibrio integral en tu vida.<\/p>\n<p>[\/et_pb_text][\/et_pb_column][\/et_pb_row][\/et_pb_section][et_pb_section fb_built=\u00bb1&#8243; custom_padding_last_edited=\u00bbon|phone\u00bb _builder_version=\u00bb4.16&#8243; _module_preset=\u00bbdefault\u00bb background_color=\u00bb#262626&#8243; custom_padding=\u00bb0px||50px||false|false\u00bb custom_padding_tablet=\u00bb\u00bb custom_padding_phone=\u00bb||30px||false|false\u00bb global_colors_info=\u00bb{}\u00bb][et_pb_row column_structure=\u00bb1_3,2_3&#8243; custom_padding_last_edited=\u00bbon|phone\u00bb _builder_version=\u00bb4.16&#8243; _module_preset=\u00bbdefault\u00bb custom_padding_tablet=\u00bb\u00bb custom_padding_phone=\u00bb0px||0px||false|false\u00bb global_colors_info=\u00bb{}\u00bb][et_pb_column type=\u00bb1_3&#8243; _builder_version=\u00bb4.16&#8243; _module_preset=\u00bbdefault\u00bb global_colors_info=\u00bb{}\u00bb][et_pb_text _builder_version=\u00bb4.27.0&#8243; text_font=\u00bb||||||||\u00bb header_font=\u00bb||||||||\u00bb header_text_align=\u00bbcenter\u00bb header_2_font=\u00bb|300||on|||||\u00bb header_2_text_align=\u00bbright\u00bb header_2_font_size=\u00bb29px\u00bb custom_margin=\u00bb||0px||false|false\u00bb custom_padding=\u00bb|15%|0px||false|false\u00bb hover_enabled=\u00bb0&#8243; header_2_text_align_tablet=\u00bb\u00bb header_2_text_align_phone=\u00bbleft\u00bb header_2_text_align_last_edited=\u00bbon|phone\u00bb header_2_font_size_tablet=\u00bb51px\u00bb header_2_font_size_phone=\u00bb25px\u00bb header_2_font_size_last_edited=\u00bbon|phone\u00bb border_width_right=\u00bb2px\u00bb border_color_right=\u00bb#cccccc\u00bb border_width_right_tablet=\u00bb\u00bb border_width_right_phone=\u00bb0px\u00bb border_width_right_last_edited=\u00bbon|phone\u00bb locked=\u00bboff\u00bb global_colors_info=\u00bb{}\u00bb sticky_enabled=\u00bb0&#8243;]<\/p>\n<h2>Por qu\u00e9 Yoga en Sparta Sport Center Ir\u00fan calle Aduana<\/h2>\n<p>[\/et_pb_text][\/et_pb_column][et_pb_column type=\u00bb2_3&#8243; _builder_version=\u00bb4.16&#8243; _module_preset=\u00bbdefault\u00bb global_colors_info=\u00bb{}\u00bb][et_pb_text _builder_version=\u00bb4.27.0&#8243; text_font=\u00bb|300|||||||\u00bb text_text_color=\u00bb#cccccc\u00bb text_line_height=\u00bb1.1em\u00bb header_font=\u00bb|300|||||||\u00bb header_2_font=\u00bb|300||on|||||\u00bb header_2_text_color=\u00bb#cccccc\u00bb header_2_font_size=\u00bb36px\u00bb header_2_letter_spacing=\u00bb2px\u00bb background_layout=\u00bbdark\u00bb hover_enabled=\u00bb0&#8243; global_colors_info=\u00bb{}\u00bb sticky_enabled=\u00bb0&#8243;]<\/p>\n<p>Si est\u00e1s buscando un lugar donde practicar yoga en Ir\u00fan, Sparta Sport Center calle Aduana es la elecci\u00f3n perfecta. Nuestro gimnasio ofrece una<span>\u00a0<\/span><strong>amplia variedad de clases de yoga<\/strong><strong>dirigidas<span>\u00a0<\/span><\/strong>por instructores altamente capacitados y apasionados.<\/p>\n<p>En Sparta Sport Center Ir\u00fan calle Aduana te encontrar\u00e1s inmerso en un<span>\u00a0<\/span><strong>entorno acogedor y tranquilo<\/strong>, propicio para la concentraci\u00f3n y el crecimiento personal. Nuestras instalaciones son modernas y est\u00e1n equipadas con todo lo necesario para que tu experiencia de yoga sea c\u00f3moda y placentera.<\/p>\n<p><span>Sum\u00e9rgete en la filosof\u00eda del yoga y descubre c\u00f3mo esta disciplina milenaria puede impactar positivamente no solo tu cuerpo, sino tambi\u00e9n tu mente y esp\u00edritu. En Sparta Sport Center, el yoga lo vivimos como una experiencia hol\u00edstica que te invita a\u00a0<\/span><strong>conectar contigo mismo<\/strong><strong>y con el mundo que te rodea<\/strong><span>, fomentando la armon\u00eda y el bienestar integral.<\/span><\/p>\n<p>[\/et_pb_text][\/et_pb_column][\/et_pb_row][\/et_pb_section]<\/p>\n","protected":false},"excerpt":{"rendered":"<p>Clases de Yoga en Ir\u00fan calle AduanaLas clases de yoga en Ir\u00fan calle Aduana son variadas y adaptadas para satisfacer las necesidades de todos los niveles de habilidad. Ya sea que seas un principiante entusiasta o un practicante experimentado, seguro encontrar\u00e1s una clase adecuada para ti en nuestras instalaciones. Haciendo Yoga en Sparta Sport Center [&hellip;]<\/p>\n","protected":false},"author":1,"featured_media":220537,"parent":0,"menu_order":0,"comment_status":"closed","ping_status":"closed","template":"","meta":{"_et_pb_use_builder":"on","_et_pb_old_content":"","_et_gb_content_width":"","footnotes":""},"class_list":["post-206563","page","type-page","status-publish","has-post-thumbnail","hentry"],"yoast_head":"<!-- This site is optimized with the Yoast SEO plugin v27.4 - https:\/\/yoast.com\/product\/yoast-seo-wordpress\/ -->\n<title>Yoga Ir\u00fan calle Aduana | Sparta Sport Center<\/title>\n<meta name=\"description\" content=\"\u00bfEst\u00e1s buscando un gimnasio para hacer Yoga en Ir\u00fan? Entra y ap\u00fantate ya a Sparta Sport Center Ir\u00fan calle Aduana. \u00a1Te esperamos!\" \/>\n<meta name=\"robots\" content=\"index, follow, max-snippet:-1, max-image-preview:large, max-video-preview:-1\" \/>\n<link rel=\"canonical\" href=\"https:\/\/spartasportcenter.com\/irun-calle-aduana\/yoga-irun-calle-aduana\/\" \/>\n<meta property=\"og:locale\" content=\"es_ES\" \/>\n<meta property=\"og:type\" content=\"article\" \/>\n<meta property=\"og:title\" content=\"Yoga Ir\u00fan calle Aduana | Sparta Sport Center\" \/>\n<meta property=\"og:description\" content=\"\u00bfEst\u00e1s buscando un gimnasio para hacer Yoga en Ir\u00fan? Entra y ap\u00fantate ya a Sparta Sport Center Ir\u00fan calle Aduana. \u00a1Te esperamos!\" \/>\n<meta property=\"og:url\" content=\"https:\/\/spartasportcenter.com\/irun-calle-aduana\/yoga-irun-calle-aduana\/\" \/>\n<meta property=\"og:site_name\" content=\"Sparta Sport Center Ir\u00fan calle Aduana\" \/>\n<meta property=\"article:modified_time\" content=\"2024-07-22T12:02:30+00:00\" \/>\n<meta property=\"og:image\" content=\"https:\/\/spartasportcenter.com\/irun-calle-aduana\/wp-content\/uploads\/2024\/07\/yoga-irun-aduana.webp\" \/>\n\t<meta property=\"og:image:width\" content=\"2000\" \/>\n\t<meta property=\"og:image:height\" content=\"1333\" \/>\n\t<meta property=\"og:image:type\" content=\"image\/webp\" \/>\n<meta name=\"twitter:card\" content=\"summary_large_image\" \/>\n<meta name=\"twitter:label1\" content=\"Tiempo de lectura\" \/>\n\t<meta name=\"twitter:data1\" content=\"3 minutos\" \/>\n<script type=\"application\/ld+json\" class=\"yoast-schema-graph\">{\"@context\":\"https:\\\/\\\/schema.org\",\"@graph\":[{\"@type\":\"WebPage\",\"@id\":\"https:\\\/\\\/spartasportcenter.com\\\/irun-calle-aduana\\\/yoga-irun-calle-aduana\\\/\",\"url\":\"https:\\\/\\\/spartasportcenter.com\\\/irun-calle-aduana\\\/yoga-irun-calle-aduana\\\/\",\"name\":\"Yoga Ir\u00fan calle Aduana | Sparta Sport Center\",\"isPartOf\":{\"@id\":\"https:\\\/\\\/spartasportcenter.com\\\/irun-calle-aduana\\\/#website\"},\"primaryImageOfPage\":{\"@id\":\"https:\\\/\\\/spartasportcenter.com\\\/irun-calle-aduana\\\/yoga-irun-calle-aduana\\\/#primaryimage\"},\"image\":{\"@id\":\"https:\\\/\\\/spartasportcenter.com\\\/irun-calle-aduana\\\/yoga-irun-calle-aduana\\\/#primaryimage\"},\"thumbnailUrl\":\"https:\\\/\\\/spartasportcenter.com\\\/irun-calle-aduana\\\/wp-content\\\/uploads\\\/2024\\\/07\\\/yoga-irun-aduana.webp\",\"datePublished\":\"2018-08-20T15:59:41+00:00\",\"dateModified\":\"2024-07-22T12:02:30+00:00\",\"description\":\"\u00bfEst\u00e1s buscando un gimnasio para hacer Yoga en Ir\u00fan? Entra y ap\u00fantate ya a Sparta Sport Center Ir\u00fan calle Aduana. \u00a1Te esperamos!\",\"breadcrumb\":{\"@id\":\"https:\\\/\\\/spartasportcenter.com\\\/irun-calle-aduana\\\/yoga-irun-calle-aduana\\\/#breadcrumb\"},\"inLanguage\":\"es\",\"potentialAction\":[{\"@type\":\"ReadAction\",\"target\":[\"https:\\\/\\\/spartasportcenter.com\\\/irun-calle-aduana\\\/yoga-irun-calle-aduana\\\/\"]}]},{\"@type\":\"ImageObject\",\"inLanguage\":\"es\",\"@id\":\"https:\\\/\\\/spartasportcenter.com\\\/irun-calle-aduana\\\/yoga-irun-calle-aduana\\\/#primaryimage\",\"url\":\"https:\\\/\\\/spartasportcenter.com\\\/irun-calle-aduana\\\/wp-content\\\/uploads\\\/2024\\\/07\\\/yoga-irun-aduana.webp\",\"contentUrl\":\"https:\\\/\\\/spartasportcenter.com\\\/irun-calle-aduana\\\/wp-content\\\/uploads\\\/2024\\\/07\\\/yoga-irun-aduana.webp\",\"width\":2000,\"height\":1333,\"caption\":\"yoga irun aduana\"},{\"@type\":\"BreadcrumbList\",\"@id\":\"https:\\\/\\\/spartasportcenter.com\\\/irun-calle-aduana\\\/yoga-irun-calle-aduana\\\/#breadcrumb\",\"itemListElement\":[{\"@type\":\"ListItem\",\"position\":1,\"name\":\"Portada\",\"item\":\"https:\\\/\\\/spartasportcenter.com\\\/irun-calle-aduana\\\/\"},{\"@type\":\"ListItem\",\"position\":2,\"name\":\"Yoga Ir\u00fan calle Aduana\"}]},{\"@type\":\"WebSite\",\"@id\":\"https:\\\/\\\/spartasportcenter.com\\\/irun-calle-aduana\\\/#website\",\"url\":\"https:\\\/\\\/spartasportcenter.com\\\/irun-calle-aduana\\\/\",\"name\":\"Sparta Sport Center Ir\u00fan calle Aduana\",\"description\":\"Gimnasios en Ir\u00fan calle Aduana\",\"potentialAction\":[{\"@type\":\"SearchAction\",\"target\":{\"@type\":\"EntryPoint\",\"urlTemplate\":\"https:\\\/\\\/spartasportcenter.com\\\/irun-calle-aduana\\\/?s={search_term_string}\"},\"query-input\":{\"@type\":\"PropertyValueSpecification\",\"valueRequired\":true,\"valueName\":\"search_term_string\"}}],\"inLanguage\":\"es\"}]}<\/script>\n<!-- \/ Yoast SEO plugin. -->","yoast_head_json":{"title":"Yoga Ir\u00fan calle Aduana | Sparta Sport Center","description":"\u00bfEst\u00e1s buscando un gimnasio para hacer Yoga en Ir\u00fan? Entra y ap\u00fantate ya a Sparta Sport Center Ir\u00fan calle Aduana. \u00a1Te esperamos!","robots":{"index":"index","follow":"follow","max-snippet":"max-snippet:-1","max-image-preview":"max-image-preview:large","max-video-preview":"max-video-preview:-1"},"canonical":"https:\/\/spartasportcenter.com\/irun-calle-aduana\/yoga-irun-calle-aduana\/","og_locale":"es_ES","og_type":"article","og_title":"Yoga Ir\u00fan calle Aduana | Sparta Sport Center","og_description":"\u00bfEst\u00e1s buscando un gimnasio para hacer Yoga en Ir\u00fan? Entra y ap\u00fantate ya a Sparta Sport Center Ir\u00fan calle Aduana. \u00a1Te esperamos!","og_url":"https:\/\/spartasportcenter.com\/irun-calle-aduana\/yoga-irun-calle-aduana\/","og_site_name":"Sparta Sport Center Ir\u00fan calle Aduana","article_modified_time":"2024-07-22T12:02:30+00:00","og_image":[{"width":2000,"height":1333,"url":"https:\/\/spartasportcenter.com\/irun-calle-aduana\/wp-content\/uploads\/2024\/07\/yoga-irun-aduana.webp","type":"image\/webp"}],"twitter_card":"summary_large_image","twitter_misc":{"Tiempo de lectura":"3 minutos"},"schema":{"@context":"https:\/\/schema.org","@graph":[{"@type":"WebPage","@id":"https:\/\/spartasportcenter.com\/irun-calle-aduana\/yoga-irun-calle-aduana\/","url":"https:\/\/spartasportcenter.com\/irun-calle-aduana\/yoga-irun-calle-aduana\/","name":"Yoga Ir\u00fan calle Aduana | Sparta Sport Center","isPartOf":{"@id":"https:\/\/spartasportcenter.com\/irun-calle-aduana\/#website"},"primaryImageOfPage":{"@id":"https:\/\/spartasportcenter.com\/irun-calle-aduana\/yoga-irun-calle-aduana\/#primaryimage"},"image":{"@id":"https:\/\/spartasportcenter.com\/irun-calle-aduana\/yoga-irun-calle-aduana\/#primaryimage"},"thumbnailUrl":"https:\/\/spartasportcenter.com\/irun-calle-aduana\/wp-content\/uploads\/2024\/07\/yoga-irun-aduana.webp","datePublished":"2018-08-20T15:59:41+00:00","dateModified":"2024-07-22T12:02:30+00:00","description":"\u00bfEst\u00e1s buscando un gimnasio para hacer Yoga en Ir\u00fan? Entra y ap\u00fantate ya a Sparta Sport Center Ir\u00fan calle Aduana. \u00a1Te esperamos!","breadcrumb":{"@id":"https:\/\/spartasportcenter.com\/irun-calle-aduana\/yoga-irun-calle-aduana\/#breadcrumb"},"inLanguage":"es","potentialAction":[{"@type":"ReadAction","target":["https:\/\/spartasportcenter.com\/irun-calle-aduana\/yoga-irun-calle-aduana\/"]}]},{"@type":"ImageObject","inLanguage":"es","@id":"https:\/\/spartasportcenter.com\/irun-calle-aduana\/yoga-irun-calle-aduana\/#primaryimage","url":"https:\/\/spartasportcenter.com\/irun-calle-aduana\/wp-content\/uploads\/2024\/07\/yoga-irun-aduana.webp","contentUrl":"https:\/\/spartasportcenter.com\/irun-calle-aduana\/wp-content\/uploads\/2024\/07\/yoga-irun-aduana.webp","width":2000,"height":1333,"caption":"yoga irun aduana"},{"@type":"BreadcrumbList","@id":"https:\/\/spartasportcenter.com\/irun-calle-aduana\/yoga-irun-calle-aduana\/#breadcrumb","itemListElement":[{"@type":"ListItem","position":1,"name":"Portada","item":"https:\/\/spartasportcenter.com\/irun-calle-aduana\/"},{"@type":"ListItem","position":2,"name":"Yoga Ir\u00fan calle Aduana"}]},{"@type":"WebSite","@id":"https:\/\/spartasportcenter.com\/irun-calle-aduana\/#website","url":"https:\/\/spartasportcenter.com\/irun-calle-aduana\/","name":"Sparta Sport Center Ir\u00fan calle Aduana","description":"Gimnasios en Ir\u00fan calle Aduana","potentialAction":[{"@type":"SearchAction","target":{"@type":"EntryPoint","urlTemplate":"https:\/\/spartasportcenter.com\/irun-calle-aduana\/?s={search_term_string}"},"query-input":{"@type":"PropertyValueSpecification","valueRequired":true,"valueName":"search_term_string"}}],"inLanguage":"es"}]}},"_links":{"self":[{"href":"https:\/\/spartasportcenter.com\/irun-calle-aduana\/wp-json\/wp\/v2\/pages\/206563","targetHints":{"allow":["GET"]}}],"collection":[{"href":"https:\/\/spartasportcenter.com\/irun-calle-aduana\/wp-json\/wp\/v2\/pages"}],"about":[{"href":"https:\/\/spartasportcenter.com\/irun-calle-aduana\/wp-json\/wp\/v2\/types\/page"}],"author":[{"embeddable":true,"href":"https:\/\/spartasportcenter.com\/irun-calle-aduana\/wp-json\/wp\/v2\/users\/1"}],"replies":[{"embeddable":true,"href":"https:\/\/spartasportcenter.com\/irun-calle-aduana\/wp-json\/wp\/v2\/comments?post=206563"}],"version-history":[{"count":25,"href":"https:\/\/spartasportcenter.com\/irun-calle-aduana\/wp-json\/wp\/v2\/pages\/206563\/revisions"}],"predecessor-version":[{"id":220626,"href":"https:\/\/spartasportcenter.com\/irun-calle-aduana\/wp-json\/wp\/v2\/pages\/206563\/revisions\/220626"}],"wp:featuredmedia":[{"embeddable":true,"href":"https:\/\/spartasportcenter.com\/irun-calle-aduana\/wp-json\/wp\/v2\/media\/220537"}],"wp:attachment":[{"href":"https:\/\/spartasportcenter.com\/irun-calle-aduana\/wp-json\/wp\/v2\/media?parent=206563"}],"curies":[{"name":"wp","href":"https:\/\/api.w.org\/{rel}","templated":true}]}}