{"id":205894,"date":"2018-08-14T15:29:15","date_gmt":"2018-08-14T15:29:15","guid":{"rendered":"https:\/\/pamplona.spartasportcenter.com\/?page_id=205894"},"modified":"2025-11-10T12:17:46","modified_gmt":"2025-11-10T11:17:46","slug":"instalaciones","status":"publish","type":"page","link":"https:\/\/spartasportcenter.com\/irun-calle-aduana\/instalaciones\/","title":{"rendered":"Instalaciones de Sparta Sport Center Ir\u00fan Calle Aduana"},"content":{"rendered":"<p>[et_pb_section fb_built=\u00bb1&#8243; custom_padding_last_edited=\u00bbon|phone\u00bb _builder_version=\u00bb4.16&#8243; background_color=\u00bb#262626&#8243; background_enable_image=\u00bboff\u00bb custom_padding=\u00bb80px|0px|80px|0px|true|false\u00bb custom_padding_tablet=\u00bb\u00bb custom_padding_phone=\u00bb30px||30px||true|false\u00bb bottom_divider_color=\u00bb#cf0a2c\u00bb custom_css_main_element=\u00bb\/*&#8212;&#8212;&#8212;-Custom Divi Gallery&#8212;&#8212;&#8212;-*\/|| ||.et_overlay {|| display: none;||}|| ||.mfp-title {|| display: none;||}|| ||.et_pb_gallery_grid .et_pb_gallery_item img {|| transform: scale(1.03);|| transition: transform 0.5s, opacity 0.5s;||}|| ||.et_pb_gallery_grid .et_pb_gallery_item img:hover {|| transform: scale(1.15);|| opacity: 1;||}|| ||.et_pb_gallery_grid .et_pb_gallery_item {|| padding: 2px;|| width: 20%!important;|| clear: right!important;||}|| ||@media only screen and (max-width: 479px) {|| ||.et_pb_column .et_pb_grid_item:nth-child(n) {|| width: 33%!important;||}||}\u00bb global_colors_info=\u00bb{}\u00bb][et_pb_row use_custom_gutter=\u00bbon\u00bb gutter_width=\u00bb1&#8243; _builder_version=\u00bb4.16&#8243; width_tablet=\u00bb\u00bb width_phone=\u00bb90%\u00bb width_last_edited=\u00bbon|phone\u00bb custom_margin=\u00bb||||false|false\u00bb custom_padding=\u00bb0px|0px|0px|0px|true|false\u00bb global_colors_info=\u00bb{}\u00bb][et_pb_column type=\u00bb4_4&#8243; _builder_version=\u00bb4.16&#8243; custom_padding=\u00bb|||\u00bb global_colors_info=\u00bb{}\u00bb custom_padding__hover=\u00bb|||\u00bb][et_pb_gallery gallery_ids=\u00bb220856,220862,220859,220860,220863,220864,220858,220868,220869,220867,220865,220866,220861,220870,220857&#8243; posts_number=\u00bb30&#8243; show_title_and_caption=\u00bboff\u00bb show_pagination=\u00bboff\u00bb _builder_version=\u00bb4.27.0&#8243; caption_font=\u00bb||||||||\u00bb hover_enabled=\u00bb0&#8243; locked=\u00bboff\u00bb global_colors_info=\u00bb{}\u00bb sticky_enabled=\u00bb0&#8243;][\/et_pb_gallery][\/et_pb_column][\/et_pb_row][\/et_pb_section][et_pb_section fb_built=\u00bb1&#8243; admin_label=\u00bbbanner footer prueba un dia\u00bb _builder_version=\u00bb4.20.0&#8243; background_color=\u00bb#363636&#8243; background_image=\u00bbhttps:\/\/spartasportcenter.com\/irun-calle-aduana\/wp-content\/uploads\/2019\/09\/instalaciones-gimnasio-sparta-sport-center-pamplona-11.jpg\u00bb background_enable_image=\u00bboff\u00bb background_blend=\u00bbmultiply\u00bb custom_margin=\u00bb||||false|false\u00bb custom_padding=\u00bb0px|0px|0|0px|false|false\u00bb top_divider_flip=\u00bbhorizontal\u00bb global_module=\u00bb206679&#8243; global_colors_info=\u00bb{}\u00bb][\/et_pb_section]<\/p>\n","protected":false},"excerpt":{"rendered":"<p>Amplias y completas instalaciones para tu bienestar y actividad deportiva. Nuestra casa es tu casa.<\/p>\n","protected":false},"author":1,"featured_media":0,"parent":0,"menu_order":0,"comment_status":"closed","ping_status":"closed","template":"","meta":{"_et_pb_use_builder":"on","_et_pb_old_content":"","_et_gb_content_width":"","footnotes":""},"class_list":["post-205894","page","type-page","status-publish","hentry"],"yoast_head":"<!-- This site is optimized with the Yoast SEO plugin v27.4 - https:\/\/yoast.com\/product\/yoast-seo-wordpress\/ -->\n<title>Instalaciones de Sparta Sport Center Ir\u00fan Calle Aduana - Sparta Sport Center Ir\u00fan calle Aduana<\/title>\n<meta name=\"description\" content=\"Explora las modernas instalaciones de Sparta Sport Center Ir\u00fan Calle Aduana. Gimnasio equipado con lo \u00faltimo en fitness y bienestar.\" \/>\n<meta name=\"robots\" content=\"index, follow, max-snippet:-1, max-image-preview:large, max-video-preview:-1\" \/>\n<link rel=\"canonical\" href=\"https:\/\/spartasportcenter.com\/irun-calle-aduana\/instalaciones\/\" \/>\n<meta property=\"og:locale\" content=\"es_ES\" \/>\n<meta property=\"og:type\" content=\"article\" \/>\n<meta property=\"og:title\" content=\"Instalaciones de Sparta Sport Center Ir\u00fan Calle Aduana - Sparta Sport Center Ir\u00fan calle Aduana\" \/>\n<meta property=\"og:description\" content=\"Explora las modernas instalaciones de Sparta Sport Center Ir\u00fan Calle Aduana. Gimnasio equipado con lo \u00faltimo en fitness y bienestar.\" \/>\n<meta property=\"og:url\" content=\"https:\/\/spartasportcenter.com\/irun-calle-aduana\/instalaciones\/\" \/>\n<meta property=\"og:site_name\" content=\"Sparta Sport Center Ir\u00fan calle Aduana\" \/>\n<meta property=\"article:modified_time\" content=\"2025-11-10T11:17:46+00:00\" \/>\n<meta name=\"twitter:card\" content=\"summary_large_image\" \/>\n<meta name=\"twitter:label1\" content=\"Tiempo de lectura\" \/>\n\t<meta name=\"twitter:data1\" content=\"3 minutos\" \/>\n<script type=\"application\/ld+json\" class=\"yoast-schema-graph\">{\"@context\":\"https:\\\/\\\/schema.org\",\"@graph\":[{\"@type\":\"WebPage\",\"@id\":\"https:\\\/\\\/spartasportcenter.com\\\/irun-calle-aduana\\\/instalaciones\\\/\",\"url\":\"https:\\\/\\\/spartasportcenter.com\\\/irun-calle-aduana\\\/instalaciones\\\/\",\"name\":\"Instalaciones de Sparta Sport Center Ir\u00fan Calle Aduana - Sparta Sport Center Ir\u00fan calle Aduana\",\"isPartOf\":{\"@id\":\"https:\\\/\\\/spartasportcenter.com\\\/irun-calle-aduana\\\/#website\"},\"datePublished\":\"2018-08-14T15:29:15+00:00\",\"dateModified\":\"2025-11-10T11:17:46+00:00\",\"description\":\"Explora las modernas instalaciones de Sparta Sport Center Ir\u00fan Calle Aduana. Gimnasio equipado con lo \u00faltimo en fitness y bienestar.\",\"breadcrumb\":{\"@id\":\"https:\\\/\\\/spartasportcenter.com\\\/irun-calle-aduana\\\/instalaciones\\\/#breadcrumb\"},\"inLanguage\":\"es\",\"potentialAction\":[{\"@type\":\"ReadAction\",\"target\":[\"https:\\\/\\\/spartasportcenter.com\\\/irun-calle-aduana\\\/instalaciones\\\/\"]}]},{\"@type\":\"BreadcrumbList\",\"@id\":\"https:\\\/\\\/spartasportcenter.com\\\/irun-calle-aduana\\\/instalaciones\\\/#breadcrumb\",\"itemListElement\":[{\"@type\":\"ListItem\",\"position\":1,\"name\":\"Portada\",\"item\":\"https:\\\/\\\/spartasportcenter.com\\\/irun-calle-aduana\\\/\"},{\"@type\":\"ListItem\",\"position\":2,\"name\":\"Instalaciones de Sparta Sport Center Ir\u00fan Calle Aduana\"}]},{\"@type\":\"WebSite\",\"@id\":\"https:\\\/\\\/spartasportcenter.com\\\/irun-calle-aduana\\\/#website\",\"url\":\"https:\\\/\\\/spartasportcenter.com\\\/irun-calle-aduana\\\/\",\"name\":\"Sparta Sport Center Ir\u00fan calle Aduana\",\"description\":\"Gimnasios en Ir\u00fan calle Aduana\",\"potentialAction\":[{\"@type\":\"SearchAction\",\"target\":{\"@type\":\"EntryPoint\",\"urlTemplate\":\"https:\\\/\\\/spartasportcenter.com\\\/irun-calle-aduana\\\/?s={search_term_string}\"},\"query-input\":{\"@type\":\"PropertyValueSpecification\",\"valueRequired\":true,\"valueName\":\"search_term_string\"}}],\"inLanguage\":\"es\"}]}<\/script>\n<!-- \/ Yoast SEO plugin. -->","yoast_head_json":{"title":"Instalaciones de Sparta Sport Center Ir\u00fan Calle Aduana - Sparta Sport Center Ir\u00fan calle Aduana","description":"Explora las modernas instalaciones de Sparta Sport Center Ir\u00fan Calle Aduana. Gimnasio equipado con lo \u00faltimo en fitness y bienestar.","robots":{"index":"index","follow":"follow","max-snippet":"max-snippet:-1","max-image-preview":"max-image-preview:large","max-video-preview":"max-video-preview:-1"},"canonical":"https:\/\/spartasportcenter.com\/irun-calle-aduana\/instalaciones\/","og_locale":"es_ES","og_type":"article","og_title":"Instalaciones de Sparta Sport Center Ir\u00fan Calle Aduana - Sparta Sport Center Ir\u00fan calle Aduana","og_description":"Explora las modernas instalaciones de Sparta Sport Center Ir\u00fan Calle Aduana. Gimnasio equipado con lo \u00faltimo en fitness y bienestar.","og_url":"https:\/\/spartasportcenter.com\/irun-calle-aduana\/instalaciones\/","og_site_name":"Sparta Sport Center Ir\u00fan calle Aduana","article_modified_time":"2025-11-10T11:17:46+00:00","twitter_card":"summary_large_image","twitter_misc":{"Tiempo de lectura":"3 minutos"},"schema":{"@context":"https:\/\/schema.org","@graph":[{"@type":"WebPage","@id":"https:\/\/spartasportcenter.com\/irun-calle-aduana\/instalaciones\/","url":"https:\/\/spartasportcenter.com\/irun-calle-aduana\/instalaciones\/","name":"Instalaciones de Sparta Sport Center Ir\u00fan Calle Aduana - Sparta Sport Center Ir\u00fan calle Aduana","isPartOf":{"@id":"https:\/\/spartasportcenter.com\/irun-calle-aduana\/#website"},"datePublished":"2018-08-14T15:29:15+00:00","dateModified":"2025-11-10T11:17:46+00:00","description":"Explora las modernas instalaciones de Sparta Sport Center Ir\u00fan Calle Aduana. Gimnasio equipado con lo \u00faltimo en fitness y bienestar.","breadcrumb":{"@id":"https:\/\/spartasportcenter.com\/irun-calle-aduana\/instalaciones\/#breadcrumb"},"inLanguage":"es","potentialAction":[{"@type":"ReadAction","target":["https:\/\/spartasportcenter.com\/irun-calle-aduana\/instalaciones\/"]}]},{"@type":"BreadcrumbList","@id":"https:\/\/spartasportcenter.com\/irun-calle-aduana\/instalaciones\/#breadcrumb","itemListElement":[{"@type":"ListItem","position":1,"name":"Portada","item":"https:\/\/spartasportcenter.com\/irun-calle-aduana\/"},{"@type":"ListItem","position":2,"name":"Instalaciones de Sparta Sport Center Ir\u00fan Calle Aduana"}]},{"@type":"WebSite","@id":"https:\/\/spartasportcenter.com\/irun-calle-aduana\/#website","url":"https:\/\/spartasportcenter.com\/irun-calle-aduana\/","name":"Sparta Sport Center Ir\u00fan calle Aduana","description":"Gimnasios en Ir\u00fan calle Aduana","potentialAction":[{"@type":"SearchAction","target":{"@type":"EntryPoint","urlTemplate":"https:\/\/spartasportcenter.com\/irun-calle-aduana\/?s={search_term_string}"},"query-input":{"@type":"PropertyValueSpecification","valueRequired":true,"valueName":"search_term_string"}}],"inLanguage":"es"}]}},"_links":{"self":[{"href":"https:\/\/spartasportcenter.com\/irun-calle-aduana\/wp-json\/wp\/v2\/pages\/205894","targetHints":{"allow":["GET"]}}],"collection":[{"href":"https:\/\/spartasportcenter.com\/irun-calle-aduana\/wp-json\/wp\/v2\/pages"}],"about":[{"href":"https:\/\/spartasportcenter.com\/irun-calle-aduana\/wp-json\/wp\/v2\/types\/page"}],"author":[{"embeddable":true,"href":"https:\/\/spartasportcenter.com\/irun-calle-aduana\/wp-json\/wp\/v2\/users\/1"}],"replies":[{"embeddable":true,"href":"https:\/\/spartasportcenter.com\/irun-calle-aduana\/wp-json\/wp\/v2\/comments?post=205894"}],"version-history":[{"count":31,"href":"https:\/\/spartasportcenter.com\/irun-calle-aduana\/wp-json\/wp\/v2\/pages\/205894\/revisions"}],"predecessor-version":[{"id":222680,"href":"https:\/\/spartasportcenter.com\/irun-calle-aduana\/wp-json\/wp\/v2\/pages\/205894\/revisions\/222680"}],"wp:attachment":[{"href":"https:\/\/spartasportcenter.com\/irun-calle-aduana\/wp-json\/wp\/v2\/media?parent=205894"}],"curies":[{"name":"wp","href":"https:\/\/api.w.org\/{rel}","templated":true}]}}