{"id":215999,"date":"2021-07-29T09:33:35","date_gmt":"2021-07-29T07:33:35","guid":{"rendered":"https:\/\/spartasportcenter.com\/cuenca\/?page_id=215999"},"modified":"2024-08-27T13:40:56","modified_gmt":"2024-08-27T11:40:56","slug":"body-attack-huarte-itaroa","status":"publish","type":"page","link":"https:\/\/spartasportcenter.com\/huarte-itaroa\/body-attack-huarte-itaroa\/","title":{"rendered":"Body Attack Huarte"},"content":{"rendered":"<p>[et_pb_section fb_built=\u00bb1&#8243; custom_padding_last_edited=\u00bbon|phone\u00bb disabled_on=\u00bboff|off|off\u00bb _builder_version=\u00bb4.16&#8243; background_color=\u00bb#262626&#8243; background_enable_image=\u00bboff\u00bb custom_margin=\u00bb||||false|false\u00bb custom_padding=\u00bb80px|0px|0px|0px|false|false\u00bb custom_padding_tablet=\u00bb\u00bb custom_padding_phone=\u00bb30px||50px||false|false\u00bb global_colors_info=\u00bb{}\u00bb][et_pb_row column_structure=\u00bb1_3,2_3&#8243; custom_padding_last_edited=\u00bbon|desktop\u00bb _builder_version=\u00bb4.16&#8243; _module_preset=\u00bbdefault\u00bb custom_padding=\u00bb0px||||false|false\u00bb custom_padding_tablet=\u00bb\u00bb custom_padding_phone=\u00bb0px||||false|false\u00bb global_colors_info=\u00bb{}\u00bb][et_pb_column type=\u00bb1_3&#8243; _builder_version=\u00bb4.16&#8243; _module_preset=\u00bbdefault\u00bb global_colors_info=\u00bb{}\u00bb][et_pb_text _builder_version=\u00bb4.20.0&#8243; text_font=\u00bb||||||||\u00bb header_font=\u00bb||||||||\u00bb header_text_align=\u00bbcenter\u00bb header_2_font=\u00bb|300||on|||||\u00bb header_2_text_align=\u00bbright\u00bb header_2_font_size=\u00bb29px\u00bb custom_margin=\u00bb||0px||false|false\u00bb custom_padding=\u00bb|15%|0px||false|false\u00bb header_2_text_align_tablet=\u00bb\u00bb header_2_text_align_phone=\u00bbleft\u00bb header_2_text_align_last_edited=\u00bbon|phone\u00bb header_2_font_size_tablet=\u00bb51px\u00bb header_2_font_size_phone=\u00bb25px\u00bb header_2_font_size_last_edited=\u00bbon|phone\u00bb border_width_right=\u00bb2px\u00bb border_color_right=\u00bb#cccccc\u00bb border_width_right_tablet=\u00bb\u00bb border_width_right_phone=\u00bb0px\u00bb border_width_right_last_edited=\u00bbon|phone\u00bb locked=\u00bboff\u00bb global_colors_info=\u00bb{}\u00bb]<\/p>\n<h2>Clases de body attack en Huarte<\/h2>\n<p>[\/et_pb_text][\/et_pb_column][et_pb_column type=\u00bb2_3&#8243; _builder_version=\u00bb4.16&#8243; _module_preset=\u00bbdefault\u00bb global_colors_info=\u00bb{}\u00bb][et_pb_text _builder_version=\u00bb4.27.0&#8243; text_font=\u00bb|300|||||||\u00bb text_text_color=\u00bb#cccccc\u00bb text_line_height=\u00bb1.1em\u00bb header_font=\u00bb|300|||||||\u00bb header_2_font=\u00bb|300||on|||||\u00bb header_2_text_color=\u00bb#cccccc\u00bb header_2_font_size=\u00bb36px\u00bb header_2_letter_spacing=\u00bb2px\u00bb background_layout=\u00bbdark\u00bb hover_enabled=\u00bb0&#8243; global_colors_info=\u00bb{}\u00bb sticky_enabled=\u00bb0&#8243;]<\/p>\n<p>El Body Attack en Huarte es una actividad que ofrecemos en el gimnasio Sparta Sport Center. Esta disciplina se ha convertido en una opci\u00f3n cada vez m\u00e1s popular para aquellos que buscan una<span>\u00a0<\/span><strong>forma divertida y efectiva de mantenerse en forma<\/strong>.<\/p>\n<p><span>Las clases de Body Attack en Huarte son impartidas por profesores que te guiar\u00e1n a trav\u00e9s de un entrenamiento din\u00e1mico y energ\u00e9tico. Durante nuestras clases, te mover\u00e1s al ritmo de la m\u00fasica, realizando una serie de movimientos aer\u00f3bicos que van desde sencillos saltos hasta movimientos m\u00e1s complejos.<\/span><\/p>\n<p>[\/et_pb_text][et_pb_button button_text=\u00bb+\u00bb button_alignment=\u00bbcenter\u00bb module_class=\u00bbrv_button closed\u00bb _builder_version=\u00bb4.20.0&#8243; custom_button=\u00bbon\u00bb button_text_size=\u00bb39px\u00bb button_text_color=\u00bb#cccccc\u00bb button_border_width=\u00bb0px\u00bb button_border_radius=\u00bb0px\u00bb button_font=\u00bbOswald|700|||||||\u00bb button_use_icon=\u00bboff\u00bb custom_margin=\u00bb-40px|0px|-10px|0px|false|false\u00bb custom_margin_tablet=\u00bb\u00bb custom_margin_phone=\u00bb\u00bb custom_margin_last_edited=\u00bbon|phone\u00bb custom_padding=\u00bb0px|0px|0px|0px|true|\u00bb button_text_color_hover=\u00bbrgba(224,43,32,0.76)\u00bb button_border_color_hover=\u00bbrgba(0,0,0,0)\u00bb button_border_radius_hover=\u00bb0px\u00bb button_bg_color_hover=\u00bbrgba(0,0,0,0)\u00bb locked=\u00bboff\u00bb global_colors_info=\u00bb{}\u00bb button_text_size__hover_enabled=\u00bboff\u00bb button_one_text_size__hover_enabled=\u00bboff\u00bb button_two_text_size__hover_enabled=\u00bboff\u00bb button_text_color__hover_enabled=\u00bbon|desktop\u00bb button_text_color__hover=\u00bbrgba(255,255,255,0.5)\u00bb button_one_text_color__hover_enabled=\u00bboff\u00bb button_two_text_color__hover_enabled=\u00bboff\u00bb button_border_width__hover_enabled=\u00bboff\u00bb button_one_border_width__hover_enabled=\u00bboff\u00bb button_two_border_width__hover_enabled=\u00bboff\u00bb button_border_color__hover_enabled=\u00bbon\u00bb button_border_color__hover=\u00bbrgba(0,0,0,0)\u00bb button_one_border_color__hover_enabled=\u00bboff\u00bb button_two_border_color__hover_enabled=\u00bboff\u00bb button_border_radius__hover_enabled=\u00bbon\u00bb button_border_radius__hover=\u00bb0px\u00bb button_one_border_radius__hover_enabled=\u00bboff\u00bb button_two_border_radius__hover_enabled=\u00bboff\u00bb button_letter_spacing__hover_enabled=\u00bboff\u00bb button_one_letter_spacing__hover_enabled=\u00bboff\u00bb button_two_letter_spacing__hover_enabled=\u00bboff\u00bb button_bg_color__hover_enabled=\u00bbon\u00bb button_bg_color__hover=\u00bbrgba(255,255,255,0)\u00bb button_one_bg_color__hover_enabled=\u00bboff\u00bb button_two_bg_color__hover_enabled=\u00bboff\u00bb][\/et_pb_button][et_pb_text module_id=\u00bbreveal\u00bb _builder_version=\u00bb4.27.0&#8243; text_font=\u00bb|300|||||||\u00bb text_text_color=\u00bb#cccccc\u00bb text_line_height=\u00bb1.1em\u00bb header_font=\u00bb|300|||||||\u00bb header_2_font=\u00bb|300||on|||||\u00bb header_2_text_color=\u00bb#cccccc\u00bb header_2_font_size=\u00bb36px\u00bb header_2_letter_spacing=\u00bb2px\u00bb background_layout=\u00bbdark\u00bb hover_enabled=\u00bb0&#8243; locked=\u00bboff\u00bb global_colors_info=\u00bb{}\u00bb sticky_enabled=\u00bb0&#8243;]<\/p>\n<p>La<span>\u00a0<\/span><strong>combinaci\u00f3n de ejercicios de cardio y resistencia<\/strong><span>\u00a0<\/span>te ayudar\u00e1 a quemar calor\u00edas de manera eficiente, aumentando tu resistencia cardiovascular y fortaleciendo tus m\u00fasculos. Adem\u00e1s, el ambiente motivador y divertido de nuestras clases har\u00e1 que el tiempo pase volando, lo que te permitir\u00e1 disfrutar de una experiencia \u00fanica en cada sesi\u00f3n.<\/p>\n<p>El Body Attack es una disciplina fitness que combina movimientos de alta intensidad con m\u00fasica en\u00e9rgica, dise\u00f1ada para mejorar la resistencia cardiovascular y la fuerza muscular. Durante la clase, trabajar\u00e1s diferentes grupos musculares, incluyendo piernas, gl\u00fateos, brazos y abdomen, logrando as\u00ed un entrenamiento completo y efectivo.<\/p>\n<p>[\/et_pb_text][\/et_pb_column][\/et_pb_row][et_pb_row column_structure=\u00bb1_3,2_3&#8243; custom_padding_last_edited=\u00bbon|phone\u00bb _builder_version=\u00bb4.16&#8243; _module_preset=\u00bbdefault\u00bb custom_margin=\u00bb||0px||false|false\u00bb custom_padding=\u00bb||||false|false\u00bb custom_padding_tablet=\u00bb\u00bb custom_padding_phone=\u00bb0px||0px||false|false\u00bb global_colors_info=\u00bb{}\u00bb][et_pb_column type=\u00bb1_3&#8243; _builder_version=\u00bb4.16&#8243; _module_preset=\u00bbdefault\u00bb global_colors_info=\u00bb{}\u00bb][et_pb_text _builder_version=\u00bb4.27.0&#8243; text_font=\u00bb||||||||\u00bb header_font=\u00bb||||||||\u00bb header_text_align=\u00bbcenter\u00bb header_2_font=\u00bb|300||on|||||\u00bb header_2_text_align=\u00bbright\u00bb header_2_font_size=\u00bb29px\u00bb custom_margin=\u00bb||0px||false|false\u00bb custom_padding=\u00bb|15%|0px||false|false\u00bb hover_enabled=\u00bb0&#8243; header_2_text_align_tablet=\u00bb\u00bb header_2_text_align_phone=\u00bbleft\u00bb header_2_text_align_last_edited=\u00bbon|phone\u00bb header_2_font_size_tablet=\u00bb51px\u00bb header_2_font_size_phone=\u00bb25px\u00bb header_2_font_size_last_edited=\u00bbon|phone\u00bb border_width_right=\u00bb2px\u00bb border_color_right=\u00bb#cccccc\u00bb border_width_right_tablet=\u00bb\u00bb border_width_right_phone=\u00bb0px\u00bb border_width_right_last_edited=\u00bbon|phone\u00bb locked=\u00bboff\u00bb global_colors_info=\u00bb{}\u00bb sticky_enabled=\u00bb0&#8243;]<\/p>\n<h2>Beneficios del Body Attack en Huarte<\/h2>\n<p>[\/et_pb_text][\/et_pb_column][et_pb_column type=\u00bb2_3&#8243; _builder_version=\u00bb4.16&#8243; _module_preset=\u00bbdefault\u00bb global_colors_info=\u00bb{}\u00bb][et_pb_text _builder_version=\u00bb4.27.0&#8243; text_font=\u00bb|300|||||||\u00bb text_text_color=\u00bb#cccccc\u00bb text_line_height=\u00bb1.1em\u00bb header_font=\u00bb|300|||||||\u00bb header_2_font=\u00bb|300||on|||||\u00bb header_2_text_color=\u00bb#cccccc\u00bb header_2_font_size=\u00bb36px\u00bb header_2_letter_spacing=\u00bb2px\u00bb background_layout=\u00bbdark\u00bb hover_enabled=\u00bb0&#8243; global_colors_info=\u00bb{}\u00bb sticky_enabled=\u00bb0&#8243;]<\/p>\n<p>El Body Attack en Huarte ofrece una amplia variedad de beneficios para tu salud f\u00edsica y mental.<\/p>\n<p>En primer lugar, este tipo de entrenamiento te ayudar\u00e1 a<span>\u00a0<\/span><strong>mejorar tu condici\u00f3n cardiovascular<\/strong>. Mediante movimientos de alta intensidad, aumentar\u00e1s tu ritmo card\u00edaco y fortalecer\u00e1s tu sistema cardiovascular, lo que te permitir\u00e1 disfrutar de una mayor resistencia en tus actividades diarias.<\/p>\n<p>Adem\u00e1s, el Body Attack es una<span>\u00a0<\/span><strong>excelente forma de quemar calor\u00edas<\/strong>. Durante una clase intensa de Body Attack, puedes llegar a quemar hasta 600 calor\u00edas, lo que te ayudar\u00e1 a mantener un peso saludable y a perder grasa corporal.<\/p>\n<p>[\/et_pb_text][\/et_pb_column][\/et_pb_row][\/et_pb_section][et_pb_section fb_built=\u00bb1&#8243; custom_padding_last_edited=\u00bbon|phone\u00bb _builder_version=\u00bb4.24.2&#8243; _module_preset=\u00bbdefault\u00bb background_color=\u00bb#262626&#8243; custom_padding=\u00bb0px||50px||false|false\u00bb custom_padding_tablet=\u00bb\u00bb custom_padding_phone=\u00bb||30px||false|false\u00bb global_colors_info=\u00bb{}\u00bb][et_pb_row column_structure=\u00bb1_3,2_3&#8243; custom_padding_last_edited=\u00bbon|phone\u00bb _builder_version=\u00bb4.16&#8243; _module_preset=\u00bbdefault\u00bb custom_padding_tablet=\u00bb\u00bb custom_padding_phone=\u00bb0px||0px||false|false\u00bb global_colors_info=\u00bb{}\u00bb][et_pb_column type=\u00bb1_3&#8243; _builder_version=\u00bb4.16&#8243; _module_preset=\u00bbdefault\u00bb global_colors_info=\u00bb{}\u00bb][et_pb_text _builder_version=\u00bb4.27.0&#8243; text_font=\u00bb||||||||\u00bb header_font=\u00bb||||||||\u00bb header_text_align=\u00bbcenter\u00bb header_2_font=\u00bb|300||on|||||\u00bb header_2_text_align=\u00bbright\u00bb header_2_font_size=\u00bb29px\u00bb custom_margin=\u00bb||0px||false|false\u00bb custom_padding=\u00bb|15%|0px||false|false\u00bb hover_enabled=\u00bb0&#8243; header_2_text_align_tablet=\u00bb\u00bb header_2_text_align_phone=\u00bbleft\u00bb header_2_text_align_last_edited=\u00bbon|phone\u00bb header_2_font_size_tablet=\u00bb51px\u00bb header_2_font_size_phone=\u00bb25px\u00bb header_2_font_size_last_edited=\u00bbon|phone\u00bb border_width_right=\u00bb2px\u00bb border_color_right=\u00bb#cccccc\u00bb border_width_right_tablet=\u00bb\u00bb border_width_right_phone=\u00bb0px\u00bb border_width_right_last_edited=\u00bbon|phone\u00bb locked=\u00bboff\u00bb global_colors_info=\u00bb{}\u00bb sticky_enabled=\u00bb0&#8243;]<\/p>\n<h2>Por qu\u00e9 Body Attack en Sparta Sport Center Huarte<\/h2>\n<p>[\/et_pb_text][\/et_pb_column][et_pb_column type=\u00bb2_3&#8243; _builder_version=\u00bb4.16&#8243; _module_preset=\u00bbdefault\u00bb global_colors_info=\u00bb{}\u00bb][et_pb_text _builder_version=\u00bb4.27.0&#8243; text_font=\u00bb|300|||||||\u00bb text_text_color=\u00bb#cccccc\u00bb text_line_height=\u00bb1.1em\u00bb header_font=\u00bb|300|||||||\u00bb header_2_font=\u00bb|300||on|||||\u00bb header_2_text_color=\u00bb#cccccc\u00bb header_2_font_size=\u00bb36px\u00bb header_2_letter_spacing=\u00bb2px\u00bb background_layout=\u00bbdark\u00bb hover_enabled=\u00bb0&#8243; global_colors_info=\u00bb{}\u00bb sticky_enabled=\u00bb0&#8243;]<\/p>\n<p>Si est\u00e1s buscando una experiencia \u00fanica y motivadora, no hay mejor lugar para practicar el Body Attack en Huarte que en el gimnasio Sparta Sport Center, ubicado en el Huarte. Aqu\u00ed encontrar\u00e1s un ambiente acogedor y lleno de energ\u00eda. Cada clase te dar\u00e1 una experiencia \u00fanica, en la que podr\u00e1s disfrutar de la m\u00fasica y los movimientos sincronizados con otros participantes.<\/p>\n<p>Adem\u00e1s, en Sparta Sport Center tendr\u00e1s acceso a las<span>\u00a0<\/span><strong>mejores instalaciones y equipos de \u00faltima generaci\u00f3n<\/strong>. Esto te permitir\u00e1 realizar los ejercicios con seguridad y comodidad, potenciando a\u00fan m\u00e1s tus resultados.<\/p>\n<p>As\u00ed que, si est\u00e1s buscando una forma divertida y efectiva de ponerte en forma, no dudes en probar las clases de Body Attack en Huarte de Sparta Sport Center. \u00a1Te aseguramos que no te arrepentir\u00e1s!<\/p>\n<p>[\/et_pb_text][\/et_pb_column][\/et_pb_row][\/et_pb_section]<\/p>\n","protected":false},"excerpt":{"rendered":"<p>Clases de body attack en HuarteEl Body Attack en Huarte es una actividad que ofrecemos en el gimnasio Sparta Sport Center. Esta disciplina se ha convertido en una opci\u00f3n cada vez m\u00e1s popular para aquellos que buscan una\u00a0forma divertida y efectiva de mantenerse en forma. Las clases de Body Attack en Huarte son impartidas por [&hellip;]<\/p>\n","protected":false},"author":1,"featured_media":220474,"parent":0,"menu_order":0,"comment_status":"closed","ping_status":"closed","template":"","meta":{"_et_pb_use_builder":"on","_et_pb_old_content":"","_et_gb_content_width":"","footnotes":""},"class_list":["post-215999","page","type-page","status-publish","has-post-thumbnail","hentry"],"yoast_head":"<!-- This site is optimized with the Yoast SEO plugin v26.6 - https:\/\/yoast.com\/wordpress\/plugins\/seo\/ -->\n<title>Body Attack Huarte | Sparta Sport Center<\/title>\n<meta name=\"description\" content=\"\u00bfEst\u00e1s buscando un gimnasio para hacer body attack en Huarte? Entra y ap\u00fantate ya a Sparta Sport Center en el Huarte. \u00a1Te esperamos!\" \/>\n<meta name=\"robots\" content=\"index, follow, max-snippet:-1, max-image-preview:large, max-video-preview:-1\" \/>\n<link rel=\"canonical\" href=\"https:\/\/spartasportcenter.com\/huarte-itaroa\/body-attack-huarte-itaroa\/\" \/>\n<meta property=\"og:locale\" content=\"es_ES\" \/>\n<meta property=\"og:type\" content=\"article\" \/>\n<meta property=\"og:title\" content=\"Body Attack Huarte | Sparta Sport Center\" \/>\n<meta property=\"og:description\" content=\"\u00bfEst\u00e1s buscando un gimnasio para hacer body attack en Huarte? Entra y ap\u00fantate ya a Sparta Sport Center en el Huarte. \u00a1Te esperamos!\" \/>\n<meta property=\"og:url\" content=\"https:\/\/spartasportcenter.com\/huarte-itaroa\/body-attack-huarte-itaroa\/\" \/>\n<meta property=\"og:site_name\" content=\"Sparta Sport Center Huarte Itaroa\" \/>\n<meta property=\"article:modified_time\" content=\"2024-08-27T11:40:56+00:00\" \/>\n<meta property=\"og:image\" content=\"https:\/\/spartasportcenter.com\/huarte-itaroa\/wp-content\/uploads\/2024\/08\/body-attack-huarte-itaroa.webp\" \/>\n\t<meta property=\"og:image:width\" content=\"2000\" \/>\n\t<meta property=\"og:image:height\" content=\"1333\" \/>\n\t<meta property=\"og:image:type\" content=\"image\/webp\" \/>\n<meta name=\"twitter:card\" content=\"summary_large_image\" \/>\n<meta name=\"twitter:label1\" content=\"Tiempo de lectura\" \/>\n\t<meta name=\"twitter:data1\" content=\"4 minutos\" \/>\n<script type=\"application\/ld+json\" class=\"yoast-schema-graph\">{\"@context\":\"https:\/\/schema.org\",\"@graph\":[{\"@type\":\"WebPage\",\"@id\":\"https:\/\/spartasportcenter.com\/huarte-itaroa\/body-attack-huarte-itaroa\/\",\"url\":\"https:\/\/spartasportcenter.com\/huarte-itaroa\/body-attack-huarte-itaroa\/\",\"name\":\"Body Attack Huarte | Sparta Sport Center\",\"isPartOf\":{\"@id\":\"https:\/\/spartasportcenter.com\/huarte-itaroa\/#website\"},\"primaryImageOfPage\":{\"@id\":\"https:\/\/spartasportcenter.com\/huarte-itaroa\/body-attack-huarte-itaroa\/#primaryimage\"},\"image\":{\"@id\":\"https:\/\/spartasportcenter.com\/huarte-itaroa\/body-attack-huarte-itaroa\/#primaryimage\"},\"thumbnailUrl\":\"https:\/\/spartasportcenter.com\/huarte-itaroa\/wp-content\/uploads\/2024\/08\/body-attack-huarte-itaroa.webp\",\"datePublished\":\"2021-07-29T07:33:35+00:00\",\"dateModified\":\"2024-08-27T11:40:56+00:00\",\"description\":\"\u00bfEst\u00e1s buscando un gimnasio para hacer body attack en Huarte? Entra y ap\u00fantate ya a Sparta Sport Center en el Huarte. \u00a1Te esperamos!\",\"breadcrumb\":{\"@id\":\"https:\/\/spartasportcenter.com\/huarte-itaroa\/body-attack-huarte-itaroa\/#breadcrumb\"},\"inLanguage\":\"es\",\"potentialAction\":[{\"@type\":\"ReadAction\",\"target\":[\"https:\/\/spartasportcenter.com\/huarte-itaroa\/body-attack-huarte-itaroa\/\"]}]},{\"@type\":\"ImageObject\",\"inLanguage\":\"es\",\"@id\":\"https:\/\/spartasportcenter.com\/huarte-itaroa\/body-attack-huarte-itaroa\/#primaryimage\",\"url\":\"https:\/\/spartasportcenter.com\/huarte-itaroa\/wp-content\/uploads\/2024\/08\/body-attack-huarte-itaroa.webp\",\"contentUrl\":\"https:\/\/spartasportcenter.com\/huarte-itaroa\/wp-content\/uploads\/2024\/08\/body-attack-huarte-itaroa.webp\",\"width\":2000,\"height\":1333,\"caption\":\"body attack huarte itaroa\"},{\"@type\":\"BreadcrumbList\",\"@id\":\"https:\/\/spartasportcenter.com\/huarte-itaroa\/body-attack-huarte-itaroa\/#breadcrumb\",\"itemListElement\":[{\"@type\":\"ListItem\",\"position\":1,\"name\":\"Portada\",\"item\":\"https:\/\/spartasportcenter.com\/huarte-itaroa\/\"},{\"@type\":\"ListItem\",\"position\":2,\"name\":\"Body Attack Huarte\"}]},{\"@type\":\"WebSite\",\"@id\":\"https:\/\/spartasportcenter.com\/huarte-itaroa\/#website\",\"url\":\"https:\/\/spartasportcenter.com\/huarte-itaroa\/\",\"name\":\"Sparta Sport Center Huarte Itaroa\",\"description\":\"Gimnasios en Huarte\",\"potentialAction\":[{\"@type\":\"SearchAction\",\"target\":{\"@type\":\"EntryPoint\",\"urlTemplate\":\"https:\/\/spartasportcenter.com\/huarte-itaroa\/?s={search_term_string}\"},\"query-input\":{\"@type\":\"PropertyValueSpecification\",\"valueRequired\":true,\"valueName\":\"search_term_string\"}}],\"inLanguage\":\"es\"}]}<\/script>\n<!-- \/ Yoast SEO plugin. -->","yoast_head_json":{"title":"Body Attack Huarte | Sparta Sport Center","description":"\u00bfEst\u00e1s buscando un gimnasio para hacer body attack en Huarte? Entra y ap\u00fantate ya a Sparta Sport Center en el Huarte. \u00a1Te esperamos!","robots":{"index":"index","follow":"follow","max-snippet":"max-snippet:-1","max-image-preview":"max-image-preview:large","max-video-preview":"max-video-preview:-1"},"canonical":"https:\/\/spartasportcenter.com\/huarte-itaroa\/body-attack-huarte-itaroa\/","og_locale":"es_ES","og_type":"article","og_title":"Body Attack Huarte | Sparta Sport Center","og_description":"\u00bfEst\u00e1s buscando un gimnasio para hacer body attack en Huarte? Entra y ap\u00fantate ya a Sparta Sport Center en el Huarte. \u00a1Te esperamos!","og_url":"https:\/\/spartasportcenter.com\/huarte-itaroa\/body-attack-huarte-itaroa\/","og_site_name":"Sparta Sport Center Huarte Itaroa","article_modified_time":"2024-08-27T11:40:56+00:00","og_image":[{"width":2000,"height":1333,"url":"https:\/\/spartasportcenter.com\/huarte-itaroa\/wp-content\/uploads\/2024\/08\/body-attack-huarte-itaroa.webp","type":"image\/webp"}],"twitter_card":"summary_large_image","twitter_misc":{"Tiempo de lectura":"4 minutos"},"schema":{"@context":"https:\/\/schema.org","@graph":[{"@type":"WebPage","@id":"https:\/\/spartasportcenter.com\/huarte-itaroa\/body-attack-huarte-itaroa\/","url":"https:\/\/spartasportcenter.com\/huarte-itaroa\/body-attack-huarte-itaroa\/","name":"Body Attack Huarte | Sparta Sport Center","isPartOf":{"@id":"https:\/\/spartasportcenter.com\/huarte-itaroa\/#website"},"primaryImageOfPage":{"@id":"https:\/\/spartasportcenter.com\/huarte-itaroa\/body-attack-huarte-itaroa\/#primaryimage"},"image":{"@id":"https:\/\/spartasportcenter.com\/huarte-itaroa\/body-attack-huarte-itaroa\/#primaryimage"},"thumbnailUrl":"https:\/\/spartasportcenter.com\/huarte-itaroa\/wp-content\/uploads\/2024\/08\/body-attack-huarte-itaroa.webp","datePublished":"2021-07-29T07:33:35+00:00","dateModified":"2024-08-27T11:40:56+00:00","description":"\u00bfEst\u00e1s buscando un gimnasio para hacer body attack en Huarte? Entra y ap\u00fantate ya a Sparta Sport Center en el Huarte. \u00a1Te esperamos!","breadcrumb":{"@id":"https:\/\/spartasportcenter.com\/huarte-itaroa\/body-attack-huarte-itaroa\/#breadcrumb"},"inLanguage":"es","potentialAction":[{"@type":"ReadAction","target":["https:\/\/spartasportcenter.com\/huarte-itaroa\/body-attack-huarte-itaroa\/"]}]},{"@type":"ImageObject","inLanguage":"es","@id":"https:\/\/spartasportcenter.com\/huarte-itaroa\/body-attack-huarte-itaroa\/#primaryimage","url":"https:\/\/spartasportcenter.com\/huarte-itaroa\/wp-content\/uploads\/2024\/08\/body-attack-huarte-itaroa.webp","contentUrl":"https:\/\/spartasportcenter.com\/huarte-itaroa\/wp-content\/uploads\/2024\/08\/body-attack-huarte-itaroa.webp","width":2000,"height":1333,"caption":"body attack huarte itaroa"},{"@type":"BreadcrumbList","@id":"https:\/\/spartasportcenter.com\/huarte-itaroa\/body-attack-huarte-itaroa\/#breadcrumb","itemListElement":[{"@type":"ListItem","position":1,"name":"Portada","item":"https:\/\/spartasportcenter.com\/huarte-itaroa\/"},{"@type":"ListItem","position":2,"name":"Body Attack Huarte"}]},{"@type":"WebSite","@id":"https:\/\/spartasportcenter.com\/huarte-itaroa\/#website","url":"https:\/\/spartasportcenter.com\/huarte-itaroa\/","name":"Sparta Sport Center Huarte Itaroa","description":"Gimnasios en Huarte","potentialAction":[{"@type":"SearchAction","target":{"@type":"EntryPoint","urlTemplate":"https:\/\/spartasportcenter.com\/huarte-itaroa\/?s={search_term_string}"},"query-input":{"@type":"PropertyValueSpecification","valueRequired":true,"valueName":"search_term_string"}}],"inLanguage":"es"}]}},"_links":{"self":[{"href":"https:\/\/spartasportcenter.com\/huarte-itaroa\/wp-json\/wp\/v2\/pages\/215999","targetHints":{"allow":["GET"]}}],"collection":[{"href":"https:\/\/spartasportcenter.com\/huarte-itaroa\/wp-json\/wp\/v2\/pages"}],"about":[{"href":"https:\/\/spartasportcenter.com\/huarte-itaroa\/wp-json\/wp\/v2\/types\/page"}],"author":[{"embeddable":true,"href":"https:\/\/spartasportcenter.com\/huarte-itaroa\/wp-json\/wp\/v2\/users\/1"}],"replies":[{"embeddable":true,"href":"https:\/\/spartasportcenter.com\/huarte-itaroa\/wp-json\/wp\/v2\/comments?post=215999"}],"version-history":[{"count":17,"href":"https:\/\/spartasportcenter.com\/huarte-itaroa\/wp-json\/wp\/v2\/pages\/215999\/revisions"}],"predecessor-version":[{"id":220530,"href":"https:\/\/spartasportcenter.com\/huarte-itaroa\/wp-json\/wp\/v2\/pages\/215999\/revisions\/220530"}],"wp:featuredmedia":[{"embeddable":true,"href":"https:\/\/spartasportcenter.com\/huarte-itaroa\/wp-json\/wp\/v2\/media\/220474"}],"wp:attachment":[{"href":"https:\/\/spartasportcenter.com\/huarte-itaroa\/wp-json\/wp\/v2\/media?parent=215999"}],"curies":[{"name":"wp","href":"https:\/\/api.w.org\/{rel}","templated":true}]}}