{"id":215994,"date":"2021-07-29T09:22:37","date_gmt":"2021-07-29T07:22:37","guid":{"rendered":"https:\/\/spartasportcenter.com\/cuenca\/?page_id=215994"},"modified":"2024-08-27T13:48:14","modified_gmt":"2024-08-27T11:48:14","slug":"body-balance-huarte-itaroa","status":"publish","type":"page","link":"https:\/\/spartasportcenter.com\/huarte-itaroa\/body-balance-huarte-itaroa\/","title":{"rendered":"Body Balance Huarte"},"content":{"rendered":"<p>[et_pb_section fb_built=\u00bb1&#8243; custom_padding_last_edited=\u00bbon|phone\u00bb disabled_on=\u00bboff|off|off\u00bb _builder_version=\u00bb4.16&#8243; background_color=\u00bb#262626&#8243; background_enable_image=\u00bboff\u00bb custom_margin=\u00bb||||false|false\u00bb custom_padding=\u00bb80px|0px|0px|0px|false|false\u00bb custom_padding_tablet=\u00bb\u00bb custom_padding_phone=\u00bb30px||50px||false|false\u00bb global_colors_info=\u00bb{}\u00bb][et_pb_row column_structure=\u00bb1_3,2_3&#8243; custom_padding_last_edited=\u00bbon|desktop\u00bb _builder_version=\u00bb4.16&#8243; _module_preset=\u00bbdefault\u00bb custom_padding=\u00bb0px||||false|false\u00bb custom_padding_tablet=\u00bb\u00bb custom_padding_phone=\u00bb0px||||false|false\u00bb global_colors_info=\u00bb{}\u00bb][et_pb_column type=\u00bb1_3&#8243; _builder_version=\u00bb4.16&#8243; _module_preset=\u00bbdefault\u00bb global_colors_info=\u00bb{}\u00bb][et_pb_text _builder_version=\u00bb4.27.0&#8243; text_font=\u00bb||||||||\u00bb header_font=\u00bb||||||||\u00bb header_text_align=\u00bbcenter\u00bb header_2_font=\u00bb|300||on|||||\u00bb header_2_text_align=\u00bbright\u00bb header_2_font_size=\u00bb29px\u00bb custom_margin=\u00bb||0px||false|false\u00bb custom_padding=\u00bb|15%|0px||false|false\u00bb header_2_text_align_tablet=\u00bb\u00bb header_2_text_align_phone=\u00bbleft\u00bb header_2_text_align_last_edited=\u00bbon|phone\u00bb header_2_font_size_tablet=\u00bb51px\u00bb header_2_font_size_phone=\u00bb25px\u00bb header_2_font_size_last_edited=\u00bbon|phone\u00bb border_width_right=\u00bb2px\u00bb border_color_right=\u00bb#cccccc\u00bb border_width_right_tablet=\u00bb\u00bb border_width_right_phone=\u00bb0px\u00bb border_width_right_last_edited=\u00bbon|phone\u00bb locked=\u00bboff\u00bb global_colors_info=\u00bb{}\u00bb]<\/p>\n<h2>Clases de body balance en Huarte<\/h2>\n<p>[\/et_pb_text][\/et_pb_column][et_pb_column type=\u00bb2_3&#8243; _builder_version=\u00bb4.16&#8243; _module_preset=\u00bbdefault\u00bb global_colors_info=\u00bb{}\u00bb][et_pb_text _builder_version=\u00bb4.27.0&#8243; text_font=\u00bb|300|||||||\u00bb text_text_color=\u00bb#cccccc\u00bb text_line_height=\u00bb1.1em\u00bb header_font=\u00bb|300|||||||\u00bb header_2_font=\u00bb|300||on|||||\u00bb header_2_text_color=\u00bb#cccccc\u00bb header_2_font_size=\u00bb36px\u00bb header_2_letter_spacing=\u00bb2px\u00bb background_layout=\u00bbdark\u00bb hover_enabled=\u00bb0&#8243; global_colors_info=\u00bb{}\u00bb sticky_enabled=\u00bb0&#8243;]<\/p>\n<p>El Body Balance en Huarte es una<span>\u00a0<\/span><strong>combinaci\u00f3n perfecta de fuerza, flexibilidad y tranquilidad<\/strong>. Este programa de ejercicios se ha convertido en una pr\u00e1ctica muy popular entre aquellos que buscan equilibrar su mente y su cuerpo en el gimnasio Sparta Sport Center.<\/p>\n<p><span>Las clases de Body Balance en Huarte est\u00e1n dise\u00f1adas para ayudarte a alcanzar el equilibrio tanto f\u00edsico como mental. Cada una de nuestras sesiones combina elementos de yoga, tai chi y pilates, creando una experiencia armoniosa y enriquecedora.<\/span><\/p>\n<p>[\/et_pb_text][et_pb_button button_text=\u00bb+\u00bb button_alignment=\u00bbcenter\u00bb module_class=\u00bbrv_button closed\u00bb _builder_version=\u00bb4.20.0&#8243; custom_button=\u00bbon\u00bb button_text_size=\u00bb39px\u00bb button_text_color=\u00bb#cccccc\u00bb button_border_width=\u00bb0px\u00bb button_border_radius=\u00bb0px\u00bb button_font=\u00bbOswald|700|||||||\u00bb button_use_icon=\u00bboff\u00bb custom_margin=\u00bb-40px|0px|-10px|0px|false|false\u00bb custom_margin_tablet=\u00bb\u00bb custom_margin_phone=\u00bb\u00bb custom_margin_last_edited=\u00bbon|phone\u00bb custom_padding=\u00bb0px|0px|0px|0px|true|\u00bb button_text_color_hover=\u00bbrgba(224,43,32,0.76)\u00bb button_border_color_hover=\u00bbrgba(0,0,0,0)\u00bb button_border_radius_hover=\u00bb0px\u00bb button_bg_color_hover=\u00bbrgba(0,0,0,0)\u00bb locked=\u00bboff\u00bb global_colors_info=\u00bb{}\u00bb button_text_size__hover_enabled=\u00bboff\u00bb button_one_text_size__hover_enabled=\u00bboff\u00bb button_two_text_size__hover_enabled=\u00bboff\u00bb button_text_color__hover_enabled=\u00bbon|desktop\u00bb button_text_color__hover=\u00bbrgba(255,255,255,0.5)\u00bb button_one_text_color__hover_enabled=\u00bboff\u00bb button_two_text_color__hover_enabled=\u00bboff\u00bb button_border_width__hover_enabled=\u00bboff\u00bb button_one_border_width__hover_enabled=\u00bboff\u00bb button_two_border_width__hover_enabled=\u00bboff\u00bb button_border_color__hover_enabled=\u00bbon\u00bb button_border_color__hover=\u00bbrgba(0,0,0,0)\u00bb button_one_border_color__hover_enabled=\u00bboff\u00bb button_two_border_color__hover_enabled=\u00bboff\u00bb button_border_radius__hover_enabled=\u00bbon\u00bb button_border_radius__hover=\u00bb0px\u00bb button_one_border_radius__hover_enabled=\u00bboff\u00bb button_two_border_radius__hover_enabled=\u00bboff\u00bb button_letter_spacing__hover_enabled=\u00bboff\u00bb button_one_letter_spacing__hover_enabled=\u00bboff\u00bb button_two_letter_spacing__hover_enabled=\u00bboff\u00bb button_bg_color__hover_enabled=\u00bbon\u00bb button_bg_color__hover=\u00bbrgba(255,255,255,0)\u00bb button_one_bg_color__hover_enabled=\u00bboff\u00bb button_two_bg_color__hover_enabled=\u00bboff\u00bb][\/et_pb_button][et_pb_text module_id=\u00bbreveal\u00bb _builder_version=\u00bb4.27.0&#8243; text_font=\u00bb|300|||||||\u00bb text_text_color=\u00bb#cccccc\u00bb text_line_height=\u00bb1.1em\u00bb header_font=\u00bb|300|||||||\u00bb header_2_font=\u00bb|300||on|||||\u00bb header_2_text_color=\u00bb#cccccc\u00bb header_2_font_size=\u00bb36px\u00bb header_2_letter_spacing=\u00bb2px\u00bb background_layout=\u00bbdark\u00bb hover_enabled=\u00bb0&#8243; locked=\u00bboff\u00bb global_colors_info=\u00bb{}\u00bb sticky_enabled=\u00bb0&#8243;]<\/p>\n<p>En estas clases, ser\u00e1s guiado por nuestros profesores que te ayudar\u00e1n a<span>\u00a0<\/span><strong>perfeccionar tus posturas y movimientos<\/strong>. Adem\u00e1s, nuestras clases se adaptan a todos los niveles de condici\u00f3n f\u00edsica, desde principiantes hasta avanzados. Esto significa que tanto si eres nuevo en la pr\u00e1ctica como si ya tienes experiencia, podr\u00e1s disfrutar de los beneficios del Body Balance.<\/p>\n<p>El ambiente de las clases es relajado y acogedor, lo que te permitir\u00e1 desconectar del estr\u00e9s diario y concentrarte en ti mismo. La m\u00fasica suave y tranquilizante te transportar\u00e1 a un estado de serenidad mientras te sumerges en la pr\u00e1ctica del Body Balance.<\/p>\n<p>[\/et_pb_text][\/et_pb_column][\/et_pb_row][et_pb_row column_structure=\u00bb1_3,2_3&#8243; custom_padding_last_edited=\u00bbon|phone\u00bb _builder_version=\u00bb4.16&#8243; _module_preset=\u00bbdefault\u00bb custom_margin=\u00bb||0px||false|false\u00bb custom_padding=\u00bb||||false|false\u00bb custom_padding_tablet=\u00bb\u00bb custom_padding_phone=\u00bb0px||0px||false|false\u00bb global_colors_info=\u00bb{}\u00bb][et_pb_column type=\u00bb1_3&#8243; _builder_version=\u00bb4.16&#8243; _module_preset=\u00bbdefault\u00bb global_colors_info=\u00bb{}\u00bb][et_pb_text _builder_version=\u00bb4.24.2&#8243; text_font=\u00bb||||||||\u00bb header_font=\u00bb||||||||\u00bb header_text_align=\u00bbcenter\u00bb header_2_font=\u00bb|300||on|||||\u00bb header_2_text_align=\u00bbright\u00bb header_2_font_size=\u00bb29px\u00bb custom_margin=\u00bb||0px||false|false\u00bb custom_padding=\u00bb|15%|0px||false|false\u00bb header_2_text_align_tablet=\u00bb\u00bb header_2_text_align_phone=\u00bbleft\u00bb header_2_text_align_last_edited=\u00bbon|phone\u00bb header_2_font_size_tablet=\u00bb51px\u00bb header_2_font_size_phone=\u00bb25px\u00bb header_2_font_size_last_edited=\u00bbon|phone\u00bb border_width_right=\u00bb2px\u00bb border_color_right=\u00bb#cccccc\u00bb border_width_right_tablet=\u00bb\u00bb border_width_right_phone=\u00bb0px\u00bb border_width_right_last_edited=\u00bbon|phone\u00bb locked=\u00bboff\u00bb global_colors_info=\u00bb{}\u00bb]<\/p>\n<h2>Beneficios del Body Balance en Huarte<\/h2>\n<p>[\/et_pb_text][\/et_pb_column][et_pb_column type=\u00bb2_3&#8243; _builder_version=\u00bb4.16&#8243; _module_preset=\u00bbdefault\u00bb global_colors_info=\u00bb{}\u00bb][et_pb_text _builder_version=\u00bb4.27.0&#8243; text_font=\u00bb|300|||||||\u00bb text_text_color=\u00bb#cccccc\u00bb text_line_height=\u00bb1.1em\u00bb header_font=\u00bb|300|||||||\u00bb header_2_font=\u00bb|300||on|||||\u00bb header_2_text_color=\u00bb#cccccc\u00bb header_2_font_size=\u00bb36px\u00bb header_2_letter_spacing=\u00bb2px\u00bb background_layout=\u00bbdark\u00bb hover_enabled=\u00bb0&#8243; global_colors_info=\u00bb{}\u00bb sticky_enabled=\u00bb0&#8243;]<\/p>\n<p><span>Uno de los principales beneficios del Body Balance en Huarte es que\u00a0<\/span><strong>mejora tu flexibilidad<\/strong><span>. Los movimientos suaves y fluidos te ayudar\u00e1n a estirar y elongar los m\u00fasculos, lo que a su vez mejorar\u00e1 tu rango de movimiento y reducir\u00e1 el riesgo de lesiones.<\/span><\/p>\n<p>[\/et_pb_text][et_pb_button button_text=\u00bb+\u00bb button_alignment=\u00bbcenter\u00bb module_class=\u00bbrv_button3 closed\u00bb _builder_version=\u00bb4.24.2&#8243; custom_button=\u00bbon\u00bb button_text_size=\u00bb39px\u00bb button_text_color=\u00bb#cccccc\u00bb button_border_width=\u00bb0px\u00bb button_border_radius=\u00bb0px\u00bb button_font=\u00bbOswald|700|||||||\u00bb button_use_icon=\u00bboff\u00bb custom_margin=\u00bb-40px|0px|-10px|0px|false|false\u00bb custom_margin_tablet=\u00bb\u00bb custom_margin_phone=\u00bb\u00bb custom_margin_last_edited=\u00bbon|phone\u00bb custom_padding=\u00bb0px|0px|0px|0px|true|\u00bb button_text_color_hover=\u00bbrgba(224,43,32,0.76)\u00bb button_border_color_hover=\u00bbrgba(0,0,0,0)\u00bb button_border_radius_hover=\u00bb0px\u00bb button_bg_color_hover=\u00bbrgba(0,0,0,0)\u00bb locked=\u00bboff\u00bb global_colors_info=\u00bb{}\u00bb button_text_size__hover_enabled=\u00bboff\u00bb button_one_text_size__hover_enabled=\u00bboff\u00bb button_two_text_size__hover_enabled=\u00bboff\u00bb button_text_color__hover_enabled=\u00bbon|desktop\u00bb button_text_color__hover=\u00bbrgba(255,255,255,0.5)\u00bb button_one_text_color__hover_enabled=\u00bboff\u00bb button_two_text_color__hover_enabled=\u00bboff\u00bb button_border_width__hover_enabled=\u00bboff\u00bb button_one_border_width__hover_enabled=\u00bboff\u00bb button_two_border_width__hover_enabled=\u00bboff\u00bb button_border_color__hover_enabled=\u00bbon\u00bb button_border_color__hover=\u00bbrgba(0,0,0,0)\u00bb button_one_border_color__hover_enabled=\u00bboff\u00bb button_two_border_color__hover_enabled=\u00bboff\u00bb button_border_radius__hover_enabled=\u00bbon\u00bb button_border_radius__hover=\u00bb0px\u00bb button_one_border_radius__hover_enabled=\u00bboff\u00bb button_two_border_radius__hover_enabled=\u00bboff\u00bb button_letter_spacing__hover_enabled=\u00bboff\u00bb button_one_letter_spacing__hover_enabled=\u00bboff\u00bb button_two_letter_spacing__hover_enabled=\u00bboff\u00bb button_bg_color__hover_enabled=\u00bbon\u00bb button_bg_color__hover=\u00bbrgba(255,255,255,0)\u00bb button_one_bg_color__hover_enabled=\u00bboff\u00bb button_two_bg_color__hover_enabled=\u00bboff\u00bb][\/et_pb_button][et_pb_text module_id=\u00bbreveal3&#8243; _builder_version=\u00bb4.27.0&#8243; text_font=\u00bb|300|||||||\u00bb text_text_color=\u00bb#cccccc\u00bb text_line_height=\u00bb1.1em\u00bb header_font=\u00bb|300|||||||\u00bb header_2_font=\u00bb|300||on|||||\u00bb header_2_text_color=\u00bb#cccccc\u00bb header_2_font_size=\u00bb36px\u00bb header_2_letter_spacing=\u00bb2px\u00bb background_layout=\u00bbdark\u00bb hover_enabled=\u00bb0&#8243; locked=\u00bboff\u00bb global_colors_info=\u00bb{}\u00bb sticky_enabled=\u00bb0&#8243;]<\/p>\n<p>Otro beneficio importante es el<span>\u00a0<\/span><strong>fortalecimiento de los m\u00fasculos centrales<\/strong>. A trav\u00e9s de los ejercicios de pilates incorporados en el Body Balance, trabajar\u00e1s los m\u00fasculos del abdomen y de la espalda, fortaleci\u00e9ndolos y mejorando tu postura.<\/p>\n<p>El Body Balance tambi\u00e9n es<strong><span>\u00a0<\/span>beneficioso para la salud mental<\/strong>. Durante la pr\u00e1ctica, te centrar\u00e1s en la respiraci\u00f3n y en estar presente en el momento. Esto te ayudar\u00e1 a reducir el estr\u00e9s, mejorar tu concentraci\u00f3n y promover un estado de calma y bienestar.<\/p>\n<p>[\/et_pb_text][\/et_pb_column][\/et_pb_row][\/et_pb_section][et_pb_section fb_built=\u00bb1&#8243; custom_padding_last_edited=\u00bbon|phone\u00bb _builder_version=\u00bb4.16&#8243; _module_preset=\u00bbdefault\u00bb background_color=\u00bb#262626&#8243; custom_padding=\u00bb0px||50px||false|false\u00bb custom_padding_tablet=\u00bb\u00bb custom_padding_phone=\u00bb||30px||false|false\u00bb global_colors_info=\u00bb{}\u00bb][et_pb_row column_structure=\u00bb1_3,2_3&#8243; custom_padding_last_edited=\u00bbon|phone\u00bb _builder_version=\u00bb4.16&#8243; _module_preset=\u00bbdefault\u00bb custom_padding_tablet=\u00bb\u00bb custom_padding_phone=\u00bb0px||0px||false|false\u00bb global_colors_info=\u00bb{}\u00bb][et_pb_column type=\u00bb1_3&#8243; _builder_version=\u00bb4.16&#8243; _module_preset=\u00bbdefault\u00bb global_colors_info=\u00bb{}\u00bb][et_pb_text _builder_version=\u00bb4.26.1&#8243; text_font=\u00bb||||||||\u00bb header_font=\u00bb||||||||\u00bb header_text_align=\u00bbcenter\u00bb header_2_font=\u00bb|300||on|||||\u00bb header_2_text_align=\u00bbright\u00bb header_2_font_size=\u00bb29px\u00bb custom_margin=\u00bb||0px||false|false\u00bb custom_padding=\u00bb|15%|0px||false|false\u00bb header_2_text_align_tablet=\u00bb\u00bb header_2_text_align_phone=\u00bbleft\u00bb header_2_text_align_last_edited=\u00bbon|phone\u00bb header_2_font_size_tablet=\u00bb51px\u00bb header_2_font_size_phone=\u00bb25px\u00bb header_2_font_size_last_edited=\u00bbon|phone\u00bb border_width_right=\u00bb2px\u00bb border_color_right=\u00bb#cccccc\u00bb border_width_right_tablet=\u00bb\u00bb border_width_right_phone=\u00bb0px\u00bb border_width_right_last_edited=\u00bbon|phone\u00bb locked=\u00bboff\u00bb global_colors_info=\u00bb{}\u00bb]<\/p>\n<h2>Por qu\u00e9 Body Balance en Sparta Sport Center Huarte<\/h2>\n<p>[\/et_pb_text][\/et_pb_column][et_pb_column type=\u00bb2_3&#8243; _builder_version=\u00bb4.16&#8243; _module_preset=\u00bbdefault\u00bb global_colors_info=\u00bb{}\u00bb][et_pb_text _builder_version=\u00bb4.27.0&#8243; text_font=\u00bb|300|||||||\u00bb text_text_color=\u00bb#cccccc\u00bb text_line_height=\u00bb1.1em\u00bb header_font=\u00bb|300|||||||\u00bb header_2_font=\u00bb|300||on|||||\u00bb header_2_text_color=\u00bb#cccccc\u00bb header_2_font_size=\u00bb36px\u00bb header_2_letter_spacing=\u00bb2px\u00bb background_layout=\u00bbdark\u00bb hover_enabled=\u00bb0&#8243; global_colors_info=\u00bb{}\u00bb sticky_enabled=\u00bb0&#8243;]<\/p>\n<p>Si est\u00e1s buscando un lugar para practicar Body Balance en Huarte, el gimnasio Sparta Sport Center en el Centro Comercial Itaroa es la elecci\u00f3n perfecta. Nuestro centro deportivo cuenta con amplias instalaciones y equipamiento de calidad, ofreciendo un ambiente propicio para tu pr\u00e1ctica. Nuestros profesores se dedican a<span>\u00a0<\/span><strong>ayudarte a alcanzar tus objetivos de fitness de manera segura y efectiva<\/strong>.\u00a0<\/p>\n<p>Adem\u00e1s, en Sparta Sport Center encontrar\u00e1s una comunidad de personas comprometidas con su bienestar y salud. Esto te permitir\u00e1 conectarte con personas que comparten tus intereses y te motivar\u00e1n a seguir practicando Body Balance en Huarte.<\/p>\n<p>[\/et_pb_text][\/et_pb_column][\/et_pb_row][\/et_pb_section]<\/p>\n","protected":false},"excerpt":{"rendered":"<p>Clases de body balance en HuarteEl Body Balance en Huarte es una\u00a0combinaci\u00f3n perfecta de fuerza, flexibilidad y tranquilidad. Este programa de ejercicios se ha convertido en una pr\u00e1ctica muy popular entre aquellos que buscan equilibrar su mente y su cuerpo en el gimnasio Sparta Sport Center. Las clases de Body Balance en Huarte est\u00e1n dise\u00f1adas [&hellip;]<\/p>\n","protected":false},"author":1,"featured_media":220475,"parent":0,"menu_order":0,"comment_status":"closed","ping_status":"closed","template":"","meta":{"_et_pb_use_builder":"on","_et_pb_old_content":"","_et_gb_content_width":"","footnotes":""},"class_list":["post-215994","page","type-page","status-publish","has-post-thumbnail","hentry"],"yoast_head":"<!-- This site is optimized with the Yoast SEO plugin v27.4 - https:\/\/yoast.com\/product\/yoast-seo-wordpress\/ -->\n<title>Body Balance Huarte | Sparta Sport Center<\/title>\n<meta name=\"description\" content=\"\u00bfEst\u00e1s buscando un gimnasio para hacer Body Balance en Huarte? Entra y ap\u00fantate ya a Sparta Sport Center. \u00a1Te esperamos con los brazos abiertos!\" \/>\n<meta name=\"robots\" content=\"index, follow, max-snippet:-1, max-image-preview:large, max-video-preview:-1\" \/>\n<link rel=\"canonical\" href=\"https:\/\/spartasportcenter.com\/huarte-itaroa\/body-balance-huarte-itaroa\/\" \/>\n<meta property=\"og:locale\" content=\"es_ES\" \/>\n<meta property=\"og:type\" content=\"article\" \/>\n<meta property=\"og:title\" content=\"Body Balance Huarte | Sparta Sport Center\" \/>\n<meta property=\"og:description\" content=\"\u00bfEst\u00e1s buscando un gimnasio para hacer Body Balance en Huarte? Entra y ap\u00fantate ya a Sparta Sport Center. \u00a1Te esperamos con los brazos abiertos!\" \/>\n<meta property=\"og:url\" content=\"https:\/\/spartasportcenter.com\/huarte-itaroa\/body-balance-huarte-itaroa\/\" \/>\n<meta property=\"og:site_name\" content=\"Sparta Sport Center Huarte Itaroa\" \/>\n<meta property=\"article:modified_time\" content=\"2024-08-27T11:48:14+00:00\" \/>\n<meta property=\"og:image\" content=\"https:\/\/spartasportcenter.com\/huarte-itaroa\/wp-content\/uploads\/2024\/08\/body-balance-huarte-itaroa.webp\" \/>\n\t<meta property=\"og:image:width\" content=\"2000\" \/>\n\t<meta property=\"og:image:height\" content=\"1333\" \/>\n\t<meta property=\"og:image:type\" content=\"image\/webp\" \/>\n<meta name=\"twitter:card\" content=\"summary_large_image\" \/>\n<meta name=\"twitter:label1\" content=\"Tiempo de lectura\" \/>\n\t<meta name=\"twitter:data1\" content=\"3 minutos\" \/>\n<script type=\"application\/ld+json\" class=\"yoast-schema-graph\">{\"@context\":\"https:\\\/\\\/schema.org\",\"@graph\":[{\"@type\":\"WebPage\",\"@id\":\"https:\\\/\\\/spartasportcenter.com\\\/huarte-itaroa\\\/body-balance-huarte-itaroa\\\/\",\"url\":\"https:\\\/\\\/spartasportcenter.com\\\/huarte-itaroa\\\/body-balance-huarte-itaroa\\\/\",\"name\":\"Body Balance Huarte | Sparta Sport Center\",\"isPartOf\":{\"@id\":\"https:\\\/\\\/spartasportcenter.com\\\/huarte-itaroa\\\/#website\"},\"primaryImageOfPage\":{\"@id\":\"https:\\\/\\\/spartasportcenter.com\\\/huarte-itaroa\\\/body-balance-huarte-itaroa\\\/#primaryimage\"},\"image\":{\"@id\":\"https:\\\/\\\/spartasportcenter.com\\\/huarte-itaroa\\\/body-balance-huarte-itaroa\\\/#primaryimage\"},\"thumbnailUrl\":\"https:\\\/\\\/spartasportcenter.com\\\/huarte-itaroa\\\/wp-content\\\/uploads\\\/2024\\\/08\\\/body-balance-huarte-itaroa.webp\",\"datePublished\":\"2021-07-29T07:22:37+00:00\",\"dateModified\":\"2024-08-27T11:48:14+00:00\",\"description\":\"\u00bfEst\u00e1s buscando un gimnasio para hacer Body Balance en Huarte? Entra y ap\u00fantate ya a Sparta Sport Center. \u00a1Te esperamos con los brazos abiertos!\",\"breadcrumb\":{\"@id\":\"https:\\\/\\\/spartasportcenter.com\\\/huarte-itaroa\\\/body-balance-huarte-itaroa\\\/#breadcrumb\"},\"inLanguage\":\"es\",\"potentialAction\":[{\"@type\":\"ReadAction\",\"target\":[\"https:\\\/\\\/spartasportcenter.com\\\/huarte-itaroa\\\/body-balance-huarte-itaroa\\\/\"]}]},{\"@type\":\"ImageObject\",\"inLanguage\":\"es\",\"@id\":\"https:\\\/\\\/spartasportcenter.com\\\/huarte-itaroa\\\/body-balance-huarte-itaroa\\\/#primaryimage\",\"url\":\"https:\\\/\\\/spartasportcenter.com\\\/huarte-itaroa\\\/wp-content\\\/uploads\\\/2024\\\/08\\\/body-balance-huarte-itaroa.webp\",\"contentUrl\":\"https:\\\/\\\/spartasportcenter.com\\\/huarte-itaroa\\\/wp-content\\\/uploads\\\/2024\\\/08\\\/body-balance-huarte-itaroa.webp\",\"width\":2000,\"height\":1333,\"caption\":\"body balance huarte itaroa\"},{\"@type\":\"BreadcrumbList\",\"@id\":\"https:\\\/\\\/spartasportcenter.com\\\/huarte-itaroa\\\/body-balance-huarte-itaroa\\\/#breadcrumb\",\"itemListElement\":[{\"@type\":\"ListItem\",\"position\":1,\"name\":\"Portada\",\"item\":\"https:\\\/\\\/spartasportcenter.com\\\/huarte-itaroa\\\/\"},{\"@type\":\"ListItem\",\"position\":2,\"name\":\"Body Balance Huarte\"}]},{\"@type\":\"WebSite\",\"@id\":\"https:\\\/\\\/spartasportcenter.com\\\/huarte-itaroa\\\/#website\",\"url\":\"https:\\\/\\\/spartasportcenter.com\\\/huarte-itaroa\\\/\",\"name\":\"Sparta Sport Center Huarte Itaroa\",\"description\":\"Gimnasios en Huarte\",\"potentialAction\":[{\"@type\":\"SearchAction\",\"target\":{\"@type\":\"EntryPoint\",\"urlTemplate\":\"https:\\\/\\\/spartasportcenter.com\\\/huarte-itaroa\\\/?s={search_term_string}\"},\"query-input\":{\"@type\":\"PropertyValueSpecification\",\"valueRequired\":true,\"valueName\":\"search_term_string\"}}],\"inLanguage\":\"es\"}]}<\/script>\n<!-- \/ Yoast SEO plugin. -->","yoast_head_json":{"title":"Body Balance Huarte | Sparta Sport Center","description":"\u00bfEst\u00e1s buscando un gimnasio para hacer Body Balance en Huarte? Entra y ap\u00fantate ya a Sparta Sport Center. \u00a1Te esperamos con los brazos abiertos!","robots":{"index":"index","follow":"follow","max-snippet":"max-snippet:-1","max-image-preview":"max-image-preview:large","max-video-preview":"max-video-preview:-1"},"canonical":"https:\/\/spartasportcenter.com\/huarte-itaroa\/body-balance-huarte-itaroa\/","og_locale":"es_ES","og_type":"article","og_title":"Body Balance Huarte | Sparta Sport Center","og_description":"\u00bfEst\u00e1s buscando un gimnasio para hacer Body Balance en Huarte? Entra y ap\u00fantate ya a Sparta Sport Center. \u00a1Te esperamos con los brazos abiertos!","og_url":"https:\/\/spartasportcenter.com\/huarte-itaroa\/body-balance-huarte-itaroa\/","og_site_name":"Sparta Sport Center Huarte Itaroa","article_modified_time":"2024-08-27T11:48:14+00:00","og_image":[{"width":2000,"height":1333,"url":"https:\/\/spartasportcenter.com\/huarte-itaroa\/wp-content\/uploads\/2024\/08\/body-balance-huarte-itaroa.webp","type":"image\/webp"}],"twitter_card":"summary_large_image","twitter_misc":{"Tiempo de lectura":"3 minutos"},"schema":{"@context":"https:\/\/schema.org","@graph":[{"@type":"WebPage","@id":"https:\/\/spartasportcenter.com\/huarte-itaroa\/body-balance-huarte-itaroa\/","url":"https:\/\/spartasportcenter.com\/huarte-itaroa\/body-balance-huarte-itaroa\/","name":"Body Balance Huarte | Sparta Sport Center","isPartOf":{"@id":"https:\/\/spartasportcenter.com\/huarte-itaroa\/#website"},"primaryImageOfPage":{"@id":"https:\/\/spartasportcenter.com\/huarte-itaroa\/body-balance-huarte-itaroa\/#primaryimage"},"image":{"@id":"https:\/\/spartasportcenter.com\/huarte-itaroa\/body-balance-huarte-itaroa\/#primaryimage"},"thumbnailUrl":"https:\/\/spartasportcenter.com\/huarte-itaroa\/wp-content\/uploads\/2024\/08\/body-balance-huarte-itaroa.webp","datePublished":"2021-07-29T07:22:37+00:00","dateModified":"2024-08-27T11:48:14+00:00","description":"\u00bfEst\u00e1s buscando un gimnasio para hacer Body Balance en Huarte? Entra y ap\u00fantate ya a Sparta Sport Center. \u00a1Te esperamos con los brazos abiertos!","breadcrumb":{"@id":"https:\/\/spartasportcenter.com\/huarte-itaroa\/body-balance-huarte-itaroa\/#breadcrumb"},"inLanguage":"es","potentialAction":[{"@type":"ReadAction","target":["https:\/\/spartasportcenter.com\/huarte-itaroa\/body-balance-huarte-itaroa\/"]}]},{"@type":"ImageObject","inLanguage":"es","@id":"https:\/\/spartasportcenter.com\/huarte-itaroa\/body-balance-huarte-itaroa\/#primaryimage","url":"https:\/\/spartasportcenter.com\/huarte-itaroa\/wp-content\/uploads\/2024\/08\/body-balance-huarte-itaroa.webp","contentUrl":"https:\/\/spartasportcenter.com\/huarte-itaroa\/wp-content\/uploads\/2024\/08\/body-balance-huarte-itaroa.webp","width":2000,"height":1333,"caption":"body balance huarte itaroa"},{"@type":"BreadcrumbList","@id":"https:\/\/spartasportcenter.com\/huarte-itaroa\/body-balance-huarte-itaroa\/#breadcrumb","itemListElement":[{"@type":"ListItem","position":1,"name":"Portada","item":"https:\/\/spartasportcenter.com\/huarte-itaroa\/"},{"@type":"ListItem","position":2,"name":"Body Balance Huarte"}]},{"@type":"WebSite","@id":"https:\/\/spartasportcenter.com\/huarte-itaroa\/#website","url":"https:\/\/spartasportcenter.com\/huarte-itaroa\/","name":"Sparta Sport Center Huarte Itaroa","description":"Gimnasios en Huarte","potentialAction":[{"@type":"SearchAction","target":{"@type":"EntryPoint","urlTemplate":"https:\/\/spartasportcenter.com\/huarte-itaroa\/?s={search_term_string}"},"query-input":{"@type":"PropertyValueSpecification","valueRequired":true,"valueName":"search_term_string"}}],"inLanguage":"es"}]}},"_links":{"self":[{"href":"https:\/\/spartasportcenter.com\/huarte-itaroa\/wp-json\/wp\/v2\/pages\/215994","targetHints":{"allow":["GET"]}}],"collection":[{"href":"https:\/\/spartasportcenter.com\/huarte-itaroa\/wp-json\/wp\/v2\/pages"}],"about":[{"href":"https:\/\/spartasportcenter.com\/huarte-itaroa\/wp-json\/wp\/v2\/types\/page"}],"author":[{"embeddable":true,"href":"https:\/\/spartasportcenter.com\/huarte-itaroa\/wp-json\/wp\/v2\/users\/1"}],"replies":[{"embeddable":true,"href":"https:\/\/spartasportcenter.com\/huarte-itaroa\/wp-json\/wp\/v2\/comments?post=215994"}],"version-history":[{"count":18,"href":"https:\/\/spartasportcenter.com\/huarte-itaroa\/wp-json\/wp\/v2\/pages\/215994\/revisions"}],"predecessor-version":[{"id":220531,"href":"https:\/\/spartasportcenter.com\/huarte-itaroa\/wp-json\/wp\/v2\/pages\/215994\/revisions\/220531"}],"wp:featuredmedia":[{"embeddable":true,"href":"https:\/\/spartasportcenter.com\/huarte-itaroa\/wp-json\/wp\/v2\/media\/220475"}],"wp:attachment":[{"href":"https:\/\/spartasportcenter.com\/huarte-itaroa\/wp-json\/wp\/v2\/media?parent=215994"}],"curies":[{"name":"wp","href":"https:\/\/api.w.org\/{rel}","templated":true}]}}