{"id":209780,"date":"2019-01-29T15:41:35","date_gmt":"2019-01-29T14:41:35","guid":{"rendered":"https:\/\/spartasportcenter.com\/pamplona\/?page_id=209780"},"modified":"2025-09-22T11:33:11","modified_gmt":"2025-09-22T09:33:11","slug":"nutricionista-huarte-itaroa","status":"publish","type":"page","link":"https:\/\/spartasportcenter.com\/huarte-itaroa\/nutricionista-huarte-itaroa\/","title":{"rendered":"Nutricionista Huarte"},"content":{"rendered":"<p>[et_pb_section fb_built=\u00bb1&#8243; custom_padding_last_edited=\u00bbon|phone\u00bb disabled_on=\u00bboff|off|off\u00bb _builder_version=\u00bb4.16&#8243; background_color=\u00bb#262626&#8243; background_enable_image=\u00bboff\u00bb custom_margin=\u00bb||||false|false\u00bb custom_padding=\u00bb80px|0px|0px|0px|false|false\u00bb custom_padding_tablet=\u00bb\u00bb custom_padding_phone=\u00bb30px||50px||false|false\u00bb global_colors_info=\u00bb{}\u00bb][et_pb_row column_structure=\u00bb1_3,2_3&#8243; custom_padding_last_edited=\u00bbon|desktop\u00bb _builder_version=\u00bb4.16&#8243; _module_preset=\u00bbdefault\u00bb custom_padding=\u00bb0px||||false|false\u00bb custom_padding_tablet=\u00bb\u00bb custom_padding_phone=\u00bb0px||||false|false\u00bb global_colors_info=\u00bb{}\u00bb][et_pb_column type=\u00bb1_3&#8243; _builder_version=\u00bb4.16&#8243; _module_preset=\u00bbdefault\u00bb global_colors_info=\u00bb{}\u00bb][et_pb_text _builder_version=\u00bb4.27.4&#8243; text_font=\u00bb||||||||\u00bb header_font=\u00bb||||||||\u00bb header_text_align=\u00bbcenter\u00bb header_2_font=\u00bb|300||on|||||\u00bb header_2_text_align=\u00bbright\u00bb header_2_font_size=\u00bb29px\u00bb custom_margin=\u00bb||0px||false|false\u00bb custom_padding=\u00bb|15%|0px||false|false\u00bb hover_enabled=\u00bb0&#8243; header_2_text_align_tablet=\u00bb\u00bb header_2_text_align_phone=\u00bbleft\u00bb header_2_text_align_last_edited=\u00bbon|phone\u00bb header_2_font_size_tablet=\u00bb51px\u00bb header_2_font_size_phone=\u00bb25px\u00bb header_2_font_size_last_edited=\u00bbon|phone\u00bb border_width_right=\u00bb2px\u00bb border_color_right=\u00bb#cccccc\u00bb border_width_right_tablet=\u00bb\u00bb border_width_right_phone=\u00bb0px\u00bb border_width_right_last_edited=\u00bbon|phone\u00bb locked=\u00bboff\u00bb global_colors_info=\u00bb{}\u00bb sticky_enabled=\u00bb0&#8243;]<\/p>\n<h2>Nutricionista en Huarte<\/h2>\n<p>[\/et_pb_text][\/et_pb_column][et_pb_column type=\u00bb2_3&#8243; _builder_version=\u00bb4.16&#8243; _module_preset=\u00bbdefault\u00bb global_colors_info=\u00bb{}\u00bb][et_pb_text _builder_version=\u00bb4.27.0&#8243; text_font=\u00bb|300|||||||\u00bb text_text_color=\u00bb#cccccc\u00bb text_line_height=\u00bb1.1em\u00bb header_font=\u00bb|300|||||||\u00bb header_2_font=\u00bb|300||on|||||\u00bb header_2_text_color=\u00bb#cccccc\u00bb header_2_font_size=\u00bb36px\u00bb header_2_letter_spacing=\u00bb2px\u00bb background_layout=\u00bbdark\u00bb global_colors_info=\u00bb{}\u00bb]<\/p>\n<p>Descubre el servicio de nutricionista en Huarte de Sparta Sport Center. Aprovecha<span>\u00a0<\/span><strong>planes de nutrici\u00f3n personalizados y la orientaci\u00f3n de expertos<\/strong><span>\u00a0<\/span>para alcanzar tus objetivos de salud y fitness.\u00a0<\/p>\n<p>En el gimnasio Sparta Sport Center encontrar\u00e1s a los mejores expertos en el campo de la nutrici\u00f3n en Huarte. Nuestros nutricionistas cuentan con una amplia experiencia en ayudar a las personas a mejorar sus h\u00e1bitos alimenticios y alcanzar un estilo de vida saludable.<\/p>\n<p>[\/et_pb_text][et_pb_button button_text=\u00bb+\u00bb button_alignment=\u00bbcenter\u00bb module_class=\u00bbrv_button closed\u00bb _builder_version=\u00bb4.20.0&#8243; custom_button=\u00bbon\u00bb button_text_size=\u00bb39px\u00bb button_text_color=\u00bb#cccccc\u00bb button_border_width=\u00bb0px\u00bb button_border_radius=\u00bb0px\u00bb button_font=\u00bbOswald|700|||||||\u00bb button_use_icon=\u00bboff\u00bb custom_margin=\u00bb-40px|0px|-10px|0px|false|false\u00bb custom_margin_tablet=\u00bb\u00bb custom_margin_phone=\u00bb\u00bb custom_margin_last_edited=\u00bbon|phone\u00bb custom_padding=\u00bb0px|0px|0px|0px|true|\u00bb button_text_color_hover=\u00bbrgba(224,43,32,0.76)\u00bb button_border_color_hover=\u00bbrgba(0,0,0,0)\u00bb button_border_radius_hover=\u00bb0px\u00bb button_bg_color_hover=\u00bbrgba(0,0,0,0)\u00bb locked=\u00bboff\u00bb global_colors_info=\u00bb{}\u00bb button_text_size__hover_enabled=\u00bboff\u00bb button_one_text_size__hover_enabled=\u00bboff\u00bb button_two_text_size__hover_enabled=\u00bboff\u00bb button_text_color__hover_enabled=\u00bbon|desktop\u00bb button_text_color__hover=\u00bbrgba(255,255,255,0.5)\u00bb button_one_text_color__hover_enabled=\u00bboff\u00bb button_two_text_color__hover_enabled=\u00bboff\u00bb button_border_width__hover_enabled=\u00bboff\u00bb button_one_border_width__hover_enabled=\u00bboff\u00bb button_two_border_width__hover_enabled=\u00bboff\u00bb button_border_color__hover_enabled=\u00bbon\u00bb button_border_color__hover=\u00bbrgba(0,0,0,0)\u00bb button_one_border_color__hover_enabled=\u00bboff\u00bb button_two_border_color__hover_enabled=\u00bboff\u00bb button_border_radius__hover_enabled=\u00bbon\u00bb button_border_radius__hover=\u00bb0px\u00bb button_one_border_radius__hover_enabled=\u00bboff\u00bb button_two_border_radius__hover_enabled=\u00bboff\u00bb button_letter_spacing__hover_enabled=\u00bboff\u00bb button_one_letter_spacing__hover_enabled=\u00bboff\u00bb button_two_letter_spacing__hover_enabled=\u00bboff\u00bb button_bg_color__hover_enabled=\u00bbon\u00bb button_bg_color__hover=\u00bbrgba(255,255,255,0)\u00bb button_one_bg_color__hover_enabled=\u00bboff\u00bb button_two_bg_color__hover_enabled=\u00bboff\u00bb][\/et_pb_button][et_pb_text module_id=\u00bbreveal\u00bb _builder_version=\u00bb4.27.0&#8243; text_font=\u00bb|300|||||||\u00bb text_text_color=\u00bb#cccccc\u00bb text_line_height=\u00bb1.1em\u00bb header_font=\u00bb|300|||||||\u00bb header_2_font=\u00bb|300||on|||||\u00bb header_2_text_color=\u00bb#cccccc\u00bb header_2_font_size=\u00bb36px\u00bb header_2_letter_spacing=\u00bb2px\u00bb background_layout=\u00bbdark\u00bb locked=\u00bboff\u00bb global_colors_info=\u00bb{}\u00bb]<\/p>\n<p>Los nutricionistas de Sparta Sport Center trabajan de manera personalizada,<span>\u00a0<\/span><strong>adaptando los planes de nutrici\u00f3n a tus necesidades espec\u00edficas<\/strong>. Nuestro enfoque se centra en comprender a fondo las metas y las circunstancias \u00fanicas de cada persona, para ofrecerte un plan de alimentaci\u00f3n que se ajuste a tus necesidades y estilo de vida.<\/p>\n<p>[\/et_pb_text][\/et_pb_column][\/et_pb_row][et_pb_row column_structure=\u00bb1_3,2_3&#8243; custom_padding_last_edited=\u00bbon|phone\u00bb _builder_version=\u00bb4.16&#8243; _module_preset=\u00bbdefault\u00bb custom_margin=\u00bb||0px||false|false\u00bb custom_padding=\u00bb||||false|false\u00bb custom_padding_tablet=\u00bb\u00bb custom_padding_phone=\u00bb0px||0px||false|false\u00bb global_colors_info=\u00bb{}\u00bb][et_pb_column type=\u00bb1_3&#8243; _builder_version=\u00bb4.16&#8243; _module_preset=\u00bbdefault\u00bb global_colors_info=\u00bb{}\u00bb][et_pb_text _builder_version=\u00bb4.24.2&#8243; text_font=\u00bb||||||||\u00bb header_font=\u00bb||||||||\u00bb header_text_align=\u00bbcenter\u00bb header_2_font=\u00bb|300||on|||||\u00bb header_2_text_align=\u00bbright\u00bb header_2_font_size=\u00bb29px\u00bb custom_margin=\u00bb||0px||false|false\u00bb custom_padding=\u00bb|15%|0px||false|false\u00bb header_2_text_align_tablet=\u00bb\u00bb header_2_text_align_phone=\u00bbleft\u00bb header_2_text_align_last_edited=\u00bbon|phone\u00bb header_2_font_size_tablet=\u00bb51px\u00bb header_2_font_size_phone=\u00bb25px\u00bb header_2_font_size_last_edited=\u00bbon|phone\u00bb border_width_right=\u00bb2px\u00bb border_color_right=\u00bb#cccccc\u00bb border_width_right_tablet=\u00bb\u00bb border_width_right_phone=\u00bb0px\u00bb border_width_right_last_edited=\u00bbon|phone\u00bb locked=\u00bboff\u00bb global_colors_info=\u00bb{}\u00bb]<\/p>\n<h2>Planes personalizados de nutrici\u00f3n en Huarte<\/h2>\n<p>[\/et_pb_text][\/et_pb_column][et_pb_column type=\u00bb2_3&#8243; _builder_version=\u00bb4.16&#8243; _module_preset=\u00bbdefault\u00bb global_colors_info=\u00bb{}\u00bb][et_pb_text _builder_version=\u00bb4.27.0&#8243; text_font=\u00bb|300|||||||\u00bb text_text_color=\u00bb#cccccc\u00bb text_line_height=\u00bb1.1em\u00bb header_font=\u00bb|300|||||||\u00bb header_2_font=\u00bb|300||on|||||\u00bb header_2_text_color=\u00bb#cccccc\u00bb header_2_font_size=\u00bb36px\u00bb header_2_letter_spacing=\u00bb2px\u00bb background_layout=\u00bbdark\u00bb global_colors_info=\u00bb{}\u00bb]<\/p>\n<p>Sparta Sport Center en el Centro Comercial Itaroa es el lugar ideal para aquellos que desean obtener planes de nutrici\u00f3n personalizados en Huarte y un apoyo completo para mejorar su salud. Este centro deportivo ofrece una gama de servicios que incluyen evaluaciones nutricionales, consultas individuales y seguimiento continuo para ayudarte a alcanzar tus objetivos.<\/p>\n<p>Los dietistas nutricionistas en Sparta Sport Center entienden que<span>\u00a0<\/span><strong>cada individuo es \u00fanico y requiere un enfoque personalizado<\/strong>. Trabajando de la mano contigo, analizar\u00e1n tu estado de salud actual, tus necesidades nutricionales, tus preferencias alimentarias y tus metas a largo plazo.<\/p>\n<p>Bas\u00e1ndonos en esta informaci\u00f3n, creamos un plan de nutrici\u00f3n espec\u00edfico para ti. Este plan incluir\u00e1 recomendaciones sobre qu\u00e9 alimentos consumir, c\u00f3mo equilibrar tus comidas, qu\u00e9 porciones consumir y qu\u00e9 ajustes realizar en tu estilo de vida.<\/p>\n<p>[\/et_pb_text][\/et_pb_column][\/et_pb_row][\/et_pb_section][et_pb_section fb_built=\u00bb1&#8243; custom_padding_last_edited=\u00bbon|phone\u00bb _builder_version=\u00bb4.16&#8243; _module_preset=\u00bbdefault\u00bb background_color=\u00bb#262626&#8243; custom_padding=\u00bb0px||50px||false|false\u00bb custom_padding_tablet=\u00bb\u00bb custom_padding_phone=\u00bb||30px||false|false\u00bb global_colors_info=\u00bb{}\u00bb][et_pb_row column_structure=\u00bb1_3,2_3&#8243; custom_padding_last_edited=\u00bbon|phone\u00bb _builder_version=\u00bb4.16&#8243; _module_preset=\u00bbdefault\u00bb custom_padding_tablet=\u00bb\u00bb custom_padding_phone=\u00bb0px||0px||false|false\u00bb global_colors_info=\u00bb{}\u00bb][et_pb_column type=\u00bb1_3&#8243; _builder_version=\u00bb4.16&#8243; _module_preset=\u00bbdefault\u00bb global_colors_info=\u00bb{}\u00bb][et_pb_text _builder_version=\u00bb4.27.4&#8243; text_font=\u00bb||||||||\u00bb header_font=\u00bb||||||||\u00bb header_text_align=\u00bbcenter\u00bb header_2_font=\u00bb|300||on|||||\u00bb header_2_text_align=\u00bbright\u00bb header_2_font_size=\u00bb29px\u00bb header_2_letter_spacing=\u00bb-0.1px\u00bb custom_margin=\u00bb||0px||false|false\u00bb custom_padding=\u00bb|15%|0px||false|false\u00bb hover_enabled=\u00bb0&#8243; header_2_text_align_tablet=\u00bb\u00bb header_2_text_align_phone=\u00bbleft\u00bb header_2_text_align_last_edited=\u00bbon|phone\u00bb header_2_font_size_tablet=\u00bb51px\u00bb header_2_font_size_phone=\u00bb25px\u00bb header_2_font_size_last_edited=\u00bbon|phone\u00bb border_width_right=\u00bb2px\u00bb border_color_right=\u00bb#cccccc\u00bb border_width_right_tablet=\u00bb\u00bb border_width_right_phone=\u00bb0px\u00bb border_width_right_last_edited=\u00bbon|phone\u00bb locked=\u00bboff\u00bb global_colors_info=\u00bb{}\u00bb sticky_enabled=\u00bb0&#8243;]<\/p>\n<h2>Los mejores nutricionistas en Huarte<\/h2>\n<p>[\/et_pb_text][\/et_pb_column][et_pb_column type=\u00bb2_3&#8243; _builder_version=\u00bb4.16&#8243; _module_preset=\u00bbdefault\u00bb global_colors_info=\u00bb{}\u00bb][et_pb_text _builder_version=\u00bb4.27.0&#8243; text_font=\u00bb|300|||||||\u00bb text_text_color=\u00bb#cccccc\u00bb text_line_height=\u00bb1.1em\u00bb header_font=\u00bb|300|||||||\u00bb header_2_font=\u00bb|300||on|||||\u00bb header_2_text_color=\u00bb#cccccc\u00bb header_2_font_size=\u00bb36px\u00bb header_2_letter_spacing=\u00bb2px\u00bb background_layout=\u00bbdark\u00bb global_colors_info=\u00bb{}\u00bb]<\/p>\n<p>Si est\u00e1s buscando un nutricionista de confianza en Huarte, no busques m\u00e1s. Los dietistas nutricionistas de Sparta Sport Center\u00a0<strong>est\u00e1n comprometidos con tu bienestar y te acompa\u00f1ar\u00e1n en tu viaje hacia una vida m\u00e1s saludable<\/strong>.<\/p>\n<p>En Sparta Sport Center no solo recibir\u00e1s asesoramiento personalizado en cuanto a tu alimentaci\u00f3n, sino que tambi\u00e9n tendr\u00e1s la oportunidad de participar en talleres y charlas informativas sobre nutrici\u00f3n y h\u00e1bitos saludables. Estas actividades complementarias te dar\u00e1n herramientas adicionales para mantener un estilo de vida equilibrado y sostenible a largo plazo.<\/p>\n<p>[\/et_pb_text][\/et_pb_column][\/et_pb_row][et_pb_row _builder_version=\u00bb4.16&#8243; custom_margin=\u00bb||5%||false|false\u00bb custom_padding=\u00bb||0px||false|false\u00bb locked=\u00bboff\u00bb global_colors_info=\u00bb{}\u00bb][et_pb_column type=\u00bb4_4&#8243; _builder_version=\u00bb4.16&#8243; global_colors_info=\u00bb{}\u00bb][et_pb_button button_url=\u00bbhttps:\/\/spartasportcenter.com\/huarte-itaroa\/wp-content\/uploads\/2024\/08\/nutricionista-en-sparta-sport-center-huarte-itaroa.jpeg\u00bb url_new_window=\u00bbon\u00bb button_text=\u00bbDESCARGAR PDF INFORMATIVO\u00bb button_alignment=\u00bbcenter\u00bb _builder_version=\u00bb4.27.0&#8243; custom_button=\u00bbon\u00bb button_text_color=\u00bb#cccccc\u00bb button_border_width=\u00bb1px\u00bb button_border_color=\u00bb#cccccc\u00bb button_border_radius=\u00bb0px\u00bb button_letter_spacing=\u00bb1px\u00bb button_font=\u00bb|300||on|||||\u00bb button_use_icon=\u00bboff\u00bb custom_margin=\u00bb0%|||\u00bb custom_padding=\u00bb|||\u00bb button_text_size_tablet=\u00bb\u00bb button_text_size_phone=\u00bb16px\u00bb button_text_size_last_edited=\u00bbon|phone\u00bb button_border_radius_hover=\u00bb0px\u00bb button_letter_spacing_hover=\u00bb3px\u00bb global_colors_info=\u00bb{}\u00bb button_text_size__hover_enabled=\u00bboff\u00bb button_text_size__hover=\u00bbnull\u00bb button_one_text_size__hover_enabled=\u00bboff\u00bb button_one_text_size__hover=\u00bbnull\u00bb button_two_text_size__hover_enabled=\u00bboff\u00bb button_two_text_size__hover=\u00bbnull\u00bb button_text_color__hover_enabled=\u00bbon|hover\u00bb button_text_color__hover=\u00bb#ffffff\u00bb button_one_text_color__hover_enabled=\u00bboff\u00bb button_one_text_color__hover=\u00bbnull\u00bb button_two_text_color__hover_enabled=\u00bboff\u00bb button_two_text_color__hover=\u00bbnull\u00bb button_border_width__hover_enabled=\u00bboff\u00bb button_border_width__hover=\u00bbnull\u00bb button_one_border_width__hover_enabled=\u00bboff\u00bb button_one_border_width__hover=\u00bbnull\u00bb button_two_border_width__hover_enabled=\u00bboff\u00bb button_two_border_width__hover=\u00bbnull\u00bb button_border_color__hover_enabled=\u00bboff\u00bb button_border_color__hover=\u00bbnull\u00bb button_one_border_color__hover_enabled=\u00bboff\u00bb button_one_border_color__hover=\u00bbnull\u00bb button_two_border_color__hover_enabled=\u00bboff\u00bb button_two_border_color__hover=\u00bbnull\u00bb button_border_radius__hover_enabled=\u00bboff|hover\u00bb button_border_radius__hover=\u00bb0px\u00bb button_one_border_radius__hover_enabled=\u00bboff\u00bb button_one_border_radius__hover=\u00bbnull\u00bb button_two_border_radius__hover_enabled=\u00bboff\u00bb button_two_border_radius__hover=\u00bbnull\u00bb button_letter_spacing__hover_enabled=\u00bboff|hover\u00bb button_letter_spacing__hover=\u00bb3px\u00bb button_one_letter_spacing__hover_enabled=\u00bboff\u00bb button_one_letter_spacing__hover=\u00bbnull\u00bb button_two_letter_spacing__hover_enabled=\u00bboff\u00bb button_two_letter_spacing__hover=\u00bbnull\u00bb button_bg_color__hover_enabled=\u00bboff\u00bb button_bg_color__hover=\u00bbnull\u00bb button_one_bg_color__hover_enabled=\u00bboff\u00bb button_one_bg_color__hover=\u00bbnull\u00bb button_two_bg_color__hover_enabled=\u00bboff\u00bb button_two_bg_color__hover=\u00bbnull\u00bb][\/et_pb_button][\/et_pb_column][\/et_pb_row][\/et_pb_section]<\/p>\n","protected":false},"excerpt":{"rendered":"<p>Nutricionista en HuarteDescubre el servicio de nutricionista en Huarte de Sparta Sport Center. Aprovecha\u00a0planes de nutrici\u00f3n personalizados y la orientaci\u00f3n de expertos\u00a0para alcanzar tus objetivos de salud y fitness.\u00a0 En el gimnasio Sparta Sport Center encontrar\u00e1s a los mejores expertos en el campo de la nutrici\u00f3n en Huarte. Nuestros nutricionistas cuentan con una amplia experiencia [&hellip;]<\/p>\n","protected":false},"author":1,"featured_media":220311,"parent":0,"menu_order":0,"comment_status":"closed","ping_status":"closed","template":"","meta":{"_et_pb_use_builder":"on","_et_pb_old_content":"","_et_gb_content_width":"","footnotes":""},"class_list":["post-209780","page","type-page","status-publish","has-post-thumbnail","hentry"],"yoast_head":"<!-- This site is optimized with the Yoast SEO plugin v27.4 - https:\/\/yoast.com\/product\/yoast-seo-wordpress\/ -->\n<title>Nutricionista Huarte | Sparta Sport Center<\/title>\n<meta name=\"description\" content=\"\u00bfEst\u00e1s buscando un gimnasio con nutricionista en Huarte? Entra y ap\u00fantate ya a Sparta Sport Center. \u00a1Te esperamos con los brazos abiertos!\" \/>\n<meta name=\"robots\" content=\"index, follow, max-snippet:-1, max-image-preview:large, max-video-preview:-1\" \/>\n<link rel=\"canonical\" href=\"https:\/\/spartasportcenter.com\/huarte-itaroa\/nutricionista-huarte-itaroa\/\" \/>\n<meta property=\"og:locale\" content=\"es_ES\" \/>\n<meta property=\"og:type\" content=\"article\" \/>\n<meta property=\"og:title\" content=\"Nutricionista Huarte | Sparta Sport Center\" \/>\n<meta property=\"og:description\" content=\"\u00bfEst\u00e1s buscando un gimnasio con nutricionista en Huarte? Entra y ap\u00fantate ya a Sparta Sport Center. \u00a1Te esperamos con los brazos abiertos!\" \/>\n<meta property=\"og:url\" content=\"https:\/\/spartasportcenter.com\/huarte-itaroa\/nutricionista-huarte-itaroa\/\" \/>\n<meta property=\"og:site_name\" content=\"Sparta Sport Center Huarte Itaroa\" \/>\n<meta property=\"article:modified_time\" content=\"2025-09-22T09:33:11+00:00\" \/>\n<meta property=\"og:image\" content=\"https:\/\/spartasportcenter.com\/huarte-itaroa\/wp-content\/uploads\/2024\/03\/nutricionista-cabecera.jpg\" \/>\n\t<meta property=\"og:image:width\" content=\"2000\" \/>\n\t<meta property=\"og:image:height\" content=\"1333\" \/>\n\t<meta property=\"og:image:type\" content=\"image\/jpeg\" \/>\n<meta name=\"twitter:card\" content=\"summary_large_image\" \/>\n<meta name=\"twitter:label1\" content=\"Tiempo de lectura\" \/>\n\t<meta name=\"twitter:data1\" content=\"3 minutos\" \/>\n<script type=\"application\/ld+json\" class=\"yoast-schema-graph\">{\"@context\":\"https:\\\/\\\/schema.org\",\"@graph\":[{\"@type\":\"WebPage\",\"@id\":\"https:\\\/\\\/spartasportcenter.com\\\/huarte-itaroa\\\/nutricionista-huarte-itaroa\\\/\",\"url\":\"https:\\\/\\\/spartasportcenter.com\\\/huarte-itaroa\\\/nutricionista-huarte-itaroa\\\/\",\"name\":\"Nutricionista Huarte | Sparta Sport Center\",\"isPartOf\":{\"@id\":\"https:\\\/\\\/spartasportcenter.com\\\/huarte-itaroa\\\/#website\"},\"primaryImageOfPage\":{\"@id\":\"https:\\\/\\\/spartasportcenter.com\\\/huarte-itaroa\\\/nutricionista-huarte-itaroa\\\/#primaryimage\"},\"image\":{\"@id\":\"https:\\\/\\\/spartasportcenter.com\\\/huarte-itaroa\\\/nutricionista-huarte-itaroa\\\/#primaryimage\"},\"thumbnailUrl\":\"https:\\\/\\\/spartasportcenter.com\\\/huarte-itaroa\\\/wp-content\\\/uploads\\\/2024\\\/03\\\/nutricionista-cabecera.jpg\",\"datePublished\":\"2019-01-29T14:41:35+00:00\",\"dateModified\":\"2025-09-22T09:33:11+00:00\",\"description\":\"\u00bfEst\u00e1s buscando un gimnasio con nutricionista en Huarte? Entra y ap\u00fantate ya a Sparta Sport Center. \u00a1Te esperamos con los brazos abiertos!\",\"breadcrumb\":{\"@id\":\"https:\\\/\\\/spartasportcenter.com\\\/huarte-itaroa\\\/nutricionista-huarte-itaroa\\\/#breadcrumb\"},\"inLanguage\":\"es\",\"potentialAction\":[{\"@type\":\"ReadAction\",\"target\":[\"https:\\\/\\\/spartasportcenter.com\\\/huarte-itaroa\\\/nutricionista-huarte-itaroa\\\/\"]}]},{\"@type\":\"ImageObject\",\"inLanguage\":\"es\",\"@id\":\"https:\\\/\\\/spartasportcenter.com\\\/huarte-itaroa\\\/nutricionista-huarte-itaroa\\\/#primaryimage\",\"url\":\"https:\\\/\\\/spartasportcenter.com\\\/huarte-itaroa\\\/wp-content\\\/uploads\\\/2024\\\/03\\\/nutricionista-cabecera.jpg\",\"contentUrl\":\"https:\\\/\\\/spartasportcenter.com\\\/huarte-itaroa\\\/wp-content\\\/uploads\\\/2024\\\/03\\\/nutricionista-cabecera.jpg\",\"width\":2000,\"height\":1333},{\"@type\":\"BreadcrumbList\",\"@id\":\"https:\\\/\\\/spartasportcenter.com\\\/huarte-itaroa\\\/nutricionista-huarte-itaroa\\\/#breadcrumb\",\"itemListElement\":[{\"@type\":\"ListItem\",\"position\":1,\"name\":\"Portada\",\"item\":\"https:\\\/\\\/spartasportcenter.com\\\/huarte-itaroa\\\/\"},{\"@type\":\"ListItem\",\"position\":2,\"name\":\"Nutricionista Huarte\"}]},{\"@type\":\"WebSite\",\"@id\":\"https:\\\/\\\/spartasportcenter.com\\\/huarte-itaroa\\\/#website\",\"url\":\"https:\\\/\\\/spartasportcenter.com\\\/huarte-itaroa\\\/\",\"name\":\"Sparta Sport Center Huarte Itaroa\",\"description\":\"Gimnasios en Huarte\",\"potentialAction\":[{\"@type\":\"SearchAction\",\"target\":{\"@type\":\"EntryPoint\",\"urlTemplate\":\"https:\\\/\\\/spartasportcenter.com\\\/huarte-itaroa\\\/?s={search_term_string}\"},\"query-input\":{\"@type\":\"PropertyValueSpecification\",\"valueRequired\":true,\"valueName\":\"search_term_string\"}}],\"inLanguage\":\"es\"}]}<\/script>\n<!-- \/ Yoast SEO plugin. -->","yoast_head_json":{"title":"Nutricionista Huarte | Sparta Sport Center","description":"\u00bfEst\u00e1s buscando un gimnasio con nutricionista en Huarte? Entra y ap\u00fantate ya a Sparta Sport Center. \u00a1Te esperamos con los brazos abiertos!","robots":{"index":"index","follow":"follow","max-snippet":"max-snippet:-1","max-image-preview":"max-image-preview:large","max-video-preview":"max-video-preview:-1"},"canonical":"https:\/\/spartasportcenter.com\/huarte-itaroa\/nutricionista-huarte-itaroa\/","og_locale":"es_ES","og_type":"article","og_title":"Nutricionista Huarte | Sparta Sport Center","og_description":"\u00bfEst\u00e1s buscando un gimnasio con nutricionista en Huarte? Entra y ap\u00fantate ya a Sparta Sport Center. \u00a1Te esperamos con los brazos abiertos!","og_url":"https:\/\/spartasportcenter.com\/huarte-itaroa\/nutricionista-huarte-itaroa\/","og_site_name":"Sparta Sport Center Huarte Itaroa","article_modified_time":"2025-09-22T09:33:11+00:00","og_image":[{"width":2000,"height":1333,"url":"https:\/\/spartasportcenter.com\/huarte-itaroa\/wp-content\/uploads\/2024\/03\/nutricionista-cabecera.jpg","type":"image\/jpeg"}],"twitter_card":"summary_large_image","twitter_misc":{"Tiempo de lectura":"3 minutos"},"schema":{"@context":"https:\/\/schema.org","@graph":[{"@type":"WebPage","@id":"https:\/\/spartasportcenter.com\/huarte-itaroa\/nutricionista-huarte-itaroa\/","url":"https:\/\/spartasportcenter.com\/huarte-itaroa\/nutricionista-huarte-itaroa\/","name":"Nutricionista Huarte | Sparta Sport Center","isPartOf":{"@id":"https:\/\/spartasportcenter.com\/huarte-itaroa\/#website"},"primaryImageOfPage":{"@id":"https:\/\/spartasportcenter.com\/huarte-itaroa\/nutricionista-huarte-itaroa\/#primaryimage"},"image":{"@id":"https:\/\/spartasportcenter.com\/huarte-itaroa\/nutricionista-huarte-itaroa\/#primaryimage"},"thumbnailUrl":"https:\/\/spartasportcenter.com\/huarte-itaroa\/wp-content\/uploads\/2024\/03\/nutricionista-cabecera.jpg","datePublished":"2019-01-29T14:41:35+00:00","dateModified":"2025-09-22T09:33:11+00:00","description":"\u00bfEst\u00e1s buscando un gimnasio con nutricionista en Huarte? Entra y ap\u00fantate ya a Sparta Sport Center. \u00a1Te esperamos con los brazos abiertos!","breadcrumb":{"@id":"https:\/\/spartasportcenter.com\/huarte-itaroa\/nutricionista-huarte-itaroa\/#breadcrumb"},"inLanguage":"es","potentialAction":[{"@type":"ReadAction","target":["https:\/\/spartasportcenter.com\/huarte-itaroa\/nutricionista-huarte-itaroa\/"]}]},{"@type":"ImageObject","inLanguage":"es","@id":"https:\/\/spartasportcenter.com\/huarte-itaroa\/nutricionista-huarte-itaroa\/#primaryimage","url":"https:\/\/spartasportcenter.com\/huarte-itaroa\/wp-content\/uploads\/2024\/03\/nutricionista-cabecera.jpg","contentUrl":"https:\/\/spartasportcenter.com\/huarte-itaroa\/wp-content\/uploads\/2024\/03\/nutricionista-cabecera.jpg","width":2000,"height":1333},{"@type":"BreadcrumbList","@id":"https:\/\/spartasportcenter.com\/huarte-itaroa\/nutricionista-huarte-itaroa\/#breadcrumb","itemListElement":[{"@type":"ListItem","position":1,"name":"Portada","item":"https:\/\/spartasportcenter.com\/huarte-itaroa\/"},{"@type":"ListItem","position":2,"name":"Nutricionista Huarte"}]},{"@type":"WebSite","@id":"https:\/\/spartasportcenter.com\/huarte-itaroa\/#website","url":"https:\/\/spartasportcenter.com\/huarte-itaroa\/","name":"Sparta Sport Center Huarte Itaroa","description":"Gimnasios en Huarte","potentialAction":[{"@type":"SearchAction","target":{"@type":"EntryPoint","urlTemplate":"https:\/\/spartasportcenter.com\/huarte-itaroa\/?s={search_term_string}"},"query-input":{"@type":"PropertyValueSpecification","valueRequired":true,"valueName":"search_term_string"}}],"inLanguage":"es"}]}},"_links":{"self":[{"href":"https:\/\/spartasportcenter.com\/huarte-itaroa\/wp-json\/wp\/v2\/pages\/209780","targetHints":{"allow":["GET"]}}],"collection":[{"href":"https:\/\/spartasportcenter.com\/huarte-itaroa\/wp-json\/wp\/v2\/pages"}],"about":[{"href":"https:\/\/spartasportcenter.com\/huarte-itaroa\/wp-json\/wp\/v2\/types\/page"}],"author":[{"embeddable":true,"href":"https:\/\/spartasportcenter.com\/huarte-itaroa\/wp-json\/wp\/v2\/users\/1"}],"replies":[{"embeddable":true,"href":"https:\/\/spartasportcenter.com\/huarte-itaroa\/wp-json\/wp\/v2\/comments?post=209780"}],"version-history":[{"count":32,"href":"https:\/\/spartasportcenter.com\/huarte-itaroa\/wp-json\/wp\/v2\/pages\/209780\/revisions"}],"predecessor-version":[{"id":221799,"href":"https:\/\/spartasportcenter.com\/huarte-itaroa\/wp-json\/wp\/v2\/pages\/209780\/revisions\/221799"}],"wp:featuredmedia":[{"embeddable":true,"href":"https:\/\/spartasportcenter.com\/huarte-itaroa\/wp-json\/wp\/v2\/media\/220311"}],"wp:attachment":[{"href":"https:\/\/spartasportcenter.com\/huarte-itaroa\/wp-json\/wp\/v2\/media?parent=209780"}],"curies":[{"name":"wp","href":"https:\/\/api.w.org\/{rel}","templated":true}]}}