{"id":206550,"date":"2018-08-20T15:44:57","date_gmt":"2018-08-20T15:44:57","guid":{"rendered":"https:\/\/pamplona.spartasportcenter.com\/?page_id=206550"},"modified":"2024-08-27T14:29:56","modified_gmt":"2024-08-27T12:29:56","slug":"gap-huarte-itaroa","status":"publish","type":"page","link":"https:\/\/spartasportcenter.com\/huarte-itaroa\/gap-huarte-itaroa\/","title":{"rendered":"GAP Huarte"},"content":{"rendered":"<p>[et_pb_section fb_built=\u00bb1&#8243; custom_padding_last_edited=\u00bbon|phone\u00bb disabled_on=\u00bboff|off|off\u00bb _builder_version=\u00bb4.16&#8243; background_color=\u00bb#262626&#8243; background_enable_image=\u00bboff\u00bb custom_margin=\u00bb||||false|false\u00bb custom_padding=\u00bb80px|0px|0px|0px|false|false\u00bb custom_padding_tablet=\u00bb\u00bb custom_padding_phone=\u00bb30px||50px||false|false\u00bb global_colors_info=\u00bb{}\u00bb][et_pb_row column_structure=\u00bb1_3,2_3&#8243; custom_padding_last_edited=\u00bbon|desktop\u00bb _builder_version=\u00bb4.16&#8243; _module_preset=\u00bbdefault\u00bb custom_padding=\u00bb0px||||false|false\u00bb custom_padding_tablet=\u00bb\u00bb custom_padding_phone=\u00bb0px||||false|false\u00bb global_colors_info=\u00bb{}\u00bb][et_pb_column type=\u00bb1_3&#8243; _builder_version=\u00bb4.16&#8243; _module_preset=\u00bbdefault\u00bb global_colors_info=\u00bb{}\u00bb][et_pb_text _builder_version=\u00bb4.21.0&#8243; text_font=\u00bb||||||||\u00bb header_font=\u00bb||||||||\u00bb header_text_align=\u00bbcenter\u00bb header_2_font=\u00bb|300||on|||||\u00bb header_2_text_align=\u00bbright\u00bb header_2_font_size=\u00bb29px\u00bb custom_margin=\u00bb||0px||false|false\u00bb custom_padding=\u00bb|15%|0px||false|false\u00bb header_2_text_align_tablet=\u00bb\u00bb header_2_text_align_phone=\u00bbleft\u00bb header_2_text_align_last_edited=\u00bbon|phone\u00bb header_2_font_size_tablet=\u00bb51px\u00bb header_2_font_size_phone=\u00bb25px\u00bb header_2_font_size_last_edited=\u00bbon|phone\u00bb border_width_right=\u00bb2px\u00bb border_color_right=\u00bb#cccccc\u00bb border_width_right_tablet=\u00bb\u00bb border_width_right_phone=\u00bb0px\u00bb border_width_right_last_edited=\u00bbon|phone\u00bb locked=\u00bboff\u00bb global_colors_info=\u00bb{}\u00bb]<\/p>\n<h2>Clases de GAP en Huarte<\/h2>\n<p>[\/et_pb_text][\/et_pb_column][et_pb_column type=\u00bb2_3&#8243; _builder_version=\u00bb4.16&#8243; _module_preset=\u00bbdefault\u00bb global_colors_info=\u00bb{}\u00bb][et_pb_text _builder_version=\u00bb4.27.0&#8243; text_font=\u00bb|300|||||||\u00bb text_text_color=\u00bb#cccccc\u00bb text_line_height=\u00bb1.1em\u00bb header_font=\u00bb|300|||||||\u00bb header_2_font=\u00bb|300||on|||||\u00bb header_2_text_color=\u00bb#cccccc\u00bb header_2_font_size=\u00bb36px\u00bb header_2_letter_spacing=\u00bb2px\u00bb background_layout=\u00bbdark\u00bb hover_enabled=\u00bb0&#8243; global_colors_info=\u00bb{}\u00bb sticky_enabled=\u00bb0&#8243;]<\/p>\n<p>En Sparta Sport Center te ofrecemos una<span>\u00a0<\/span><strong>forma \u00fanica de ejercitarte y mantenerte en forma<\/strong>: el programa de entrenamiento GAP en Huarte. Este innovador programa, que combina ejercicios de gl\u00fateos, abdominales y piernas, es ideal para aquellos que desean tonificar y fortalecer su cuerpo de manera eficiente y divertida.<\/p>\n<p>[\/et_pb_text][et_pb_button button_text=\u00bb+\u00bb button_alignment=\u00bbcenter\u00bb module_class=\u00bbrv_button closed\u00bb _builder_version=\u00bb4.16&#8243; custom_button=\u00bbon\u00bb button_text_size=\u00bb39px\u00bb button_text_color=\u00bb#cccccc\u00bb button_border_width=\u00bb0px\u00bb button_border_radius=\u00bb0px\u00bb button_font=\u00bbOswald|700|||||||\u00bb button_use_icon=\u00bboff\u00bb custom_margin=\u00bb-40px|0px|-10px|0px|false|false\u00bb custom_margin_tablet=\u00bb\u00bb custom_margin_phone=\u00bb\u00bb custom_margin_last_edited=\u00bbon|phone\u00bb custom_padding=\u00bb0px|0px|0px|0px|true|\u00bb button_text_color_hover=\u00bbrgba(224,43,32,0.76)\u00bb button_border_color_hover=\u00bbrgba(0,0,0,0)\u00bb button_border_radius_hover=\u00bb0px\u00bb button_bg_color_hover=\u00bbrgba(0,0,0,0)\u00bb global_colors_info=\u00bb{}\u00bb button_text_size__hover_enabled=\u00bboff\u00bb button_one_text_size__hover_enabled=\u00bboff\u00bb button_two_text_size__hover_enabled=\u00bboff\u00bb button_text_color__hover_enabled=\u00bbon|desktop\u00bb button_text_color__hover=\u00bbrgba(255,255,255,0.5)\u00bb button_one_text_color__hover_enabled=\u00bboff\u00bb button_two_text_color__hover_enabled=\u00bboff\u00bb button_border_width__hover_enabled=\u00bboff\u00bb button_one_border_width__hover_enabled=\u00bboff\u00bb button_two_border_width__hover_enabled=\u00bboff\u00bb button_border_color__hover_enabled=\u00bbon\u00bb button_border_color__hover=\u00bbrgba(0,0,0,0)\u00bb button_one_border_color__hover_enabled=\u00bboff\u00bb button_two_border_color__hover_enabled=\u00bboff\u00bb button_border_radius__hover_enabled=\u00bbon\u00bb button_border_radius__hover=\u00bb0px\u00bb button_one_border_radius__hover_enabled=\u00bboff\u00bb button_two_border_radius__hover_enabled=\u00bboff\u00bb button_letter_spacing__hover_enabled=\u00bboff\u00bb button_one_letter_spacing__hover_enabled=\u00bboff\u00bb button_two_letter_spacing__hover_enabled=\u00bboff\u00bb button_bg_color__hover_enabled=\u00bbon\u00bb button_bg_color__hover=\u00bbrgba(255,255,255,0)\u00bb button_one_bg_color__hover_enabled=\u00bboff\u00bb button_two_bg_color__hover_enabled=\u00bboff\u00bb][\/et_pb_button][et_pb_text module_id=\u00bbreveal\u00bb _builder_version=\u00bb4.27.0&#8243; text_font=\u00bb|300|||||||\u00bb text_text_color=\u00bb#cccccc\u00bb text_line_height=\u00bb1.1em\u00bb header_font=\u00bb|300|||||||\u00bb header_2_font=\u00bb|300||on|||||\u00bb header_2_text_color=\u00bb#cccccc\u00bb header_2_font_size=\u00bb36px\u00bb header_2_letter_spacing=\u00bb2px\u00bb background_layout=\u00bbdark\u00bb hover_enabled=\u00bb0&#8243; global_colors_info=\u00bb{}\u00bb sticky_enabled=\u00bb0&#8243;]<\/p>\n<p>Nuestras clases de GAP en Huarte son impartidas por expertos entrenadores que te guiar\u00e1n a lo largo de cada ejercicio para que puedas obtener los mejores resultados. Nuestras clases se realizan en un ambiente motivador y amigable, donde podr\u00e1s disfrutar del apoyo y la compa\u00f1\u00eda de otros entusiastas del fitness.<\/p>\n<p><strong>El entrenamiento GAP se centra en el fortalecimiento de los gl\u00fateos, abdominales y piernas, \u00e1reas clave para un cuerpo tonificado y equilibrado<\/strong>. Durante las clases, se realizan una variedad de ejercicios dise\u00f1ados para trabajar estos grupos musculares, como sentadillas, estocadas, abdominales y muchos m\u00e1s.<\/p>\n<p>Cada ejercicio se adapta a diferentes niveles de condici\u00f3n f\u00edsica, lo que significa que tanto los principiantes como los m\u00e1s experimentados pueden beneficiarse de este entrenamiento.<\/p>\n<p>[\/et_pb_text][\/et_pb_column][\/et_pb_row][et_pb_row column_structure=\u00bb1_3,2_3&#8243; custom_padding_last_edited=\u00bbon|phone\u00bb _builder_version=\u00bb4.16&#8243; _module_preset=\u00bbdefault\u00bb custom_margin=\u00bb||0px||false|false\u00bb custom_padding=\u00bb||||false|false\u00bb custom_padding_tablet=\u00bb\u00bb custom_padding_phone=\u00bb0px||0px||false|false\u00bb global_colors_info=\u00bb{}\u00bb][et_pb_column type=\u00bb1_3&#8243; _builder_version=\u00bb4.16&#8243; _module_preset=\u00bbdefault\u00bb global_colors_info=\u00bb{}\u00bb][et_pb_text _builder_version=\u00bb4.24.2&#8243; text_font=\u00bb||||||||\u00bb header_font=\u00bb||||||||\u00bb header_text_align=\u00bbcenter\u00bb header_2_font=\u00bb|300||on|||||\u00bb header_2_text_align=\u00bbright\u00bb header_2_font_size=\u00bb29px\u00bb custom_margin=\u00bb||0px||false|false\u00bb custom_padding=\u00bb|15%|0px||false|false\u00bb header_2_text_align_tablet=\u00bb\u00bb header_2_text_align_phone=\u00bbleft\u00bb header_2_text_align_last_edited=\u00bbon|phone\u00bb header_2_font_size_tablet=\u00bb51px\u00bb header_2_font_size_phone=\u00bb25px\u00bb header_2_font_size_last_edited=\u00bbon|phone\u00bb border_width_right=\u00bb2px\u00bb border_color_right=\u00bb#cccccc\u00bb border_width_right_tablet=\u00bb\u00bb border_width_right_phone=\u00bb0px\u00bb border_width_right_last_edited=\u00bbon|phone\u00bb locked=\u00bboff\u00bb global_colors_info=\u00bb{}\u00bb]<\/p>\n<h2>Beneficios del GAP en Huarte<\/h2>\n<p>[\/et_pb_text][\/et_pb_column][et_pb_column type=\u00bb2_3&#8243; _builder_version=\u00bb4.16&#8243; _module_preset=\u00bbdefault\u00bb global_colors_info=\u00bb{}\u00bb][et_pb_text _builder_version=\u00bb4.27.0&#8243; text_font=\u00bb|300|||||||\u00bb text_text_color=\u00bb#cccccc\u00bb text_line_height=\u00bb1.1em\u00bb header_font=\u00bb|300|||||||\u00bb header_2_font=\u00bb|300||on|||||\u00bb header_2_text_color=\u00bb#cccccc\u00bb header_2_font_size=\u00bb36px\u00bb header_2_letter_spacing=\u00bb2px\u00bb background_layout=\u00bbdark\u00bb hover_enabled=\u00bb0&#8243; global_colors_info=\u00bb{}\u00bb sticky_enabled=\u00bb0&#8243;]<\/p>\n<p><span>El GAP en Huarte ofrece una amplia gama de beneficios para aquellos que participan en este programa de entrenamiento. Uno de los principales beneficios es la\u00a0<\/span><strong>tonificaci\u00f3n y fortalecimiento de los m\u00fasculos del gl\u00fateo, abdomen y piernas<\/strong><span>. A medida que te adentras en el programa, notar\u00e1s c\u00f3mo estos m\u00fasculos se vuelven m\u00e1s fuertes y definidos, lo que te dar\u00e1 una apariencia m\u00e1s estilizada y atl\u00e9tica.<\/span><\/p>\n<p>[\/et_pb_text][et_pb_button button_text=\u00bb+\u00bb button_alignment=\u00bbcenter\u00bb module_class=\u00bbrv_button2 closed\u00bb _builder_version=\u00bb4.16&#8243; custom_button=\u00bbon\u00bb button_text_size=\u00bb39px\u00bb button_text_color=\u00bb#cccccc\u00bb button_border_width=\u00bb0px\u00bb button_border_radius=\u00bb0px\u00bb button_font=\u00bbOswald|700|||||||\u00bb button_use_icon=\u00bboff\u00bb custom_margin=\u00bb-40px|0px|-10px|0px|false|false\u00bb custom_margin_tablet=\u00bb\u00bb custom_margin_phone=\u00bb\u00bb custom_margin_last_edited=\u00bbon|phone\u00bb custom_padding=\u00bb0px|0px|0px|0px|true|\u00bb button_text_color_hover=\u00bbrgba(224,43,32,0.76)\u00bb button_border_color_hover=\u00bbrgba(0,0,0,0)\u00bb button_border_radius_hover=\u00bb0px\u00bb button_bg_color_hover=\u00bbrgba(0,0,0,0)\u00bb global_colors_info=\u00bb{}\u00bb button_text_size__hover_enabled=\u00bboff\u00bb button_one_text_size__hover_enabled=\u00bboff\u00bb button_two_text_size__hover_enabled=\u00bboff\u00bb button_text_color__hover_enabled=\u00bbon|desktop\u00bb button_text_color__hover=\u00bbrgba(255,255,255,0.5)\u00bb button_one_text_color__hover_enabled=\u00bboff\u00bb button_two_text_color__hover_enabled=\u00bboff\u00bb button_border_width__hover_enabled=\u00bboff\u00bb button_one_border_width__hover_enabled=\u00bboff\u00bb button_two_border_width__hover_enabled=\u00bboff\u00bb button_border_color__hover_enabled=\u00bbon\u00bb button_border_color__hover=\u00bbrgba(0,0,0,0)\u00bb button_one_border_color__hover_enabled=\u00bboff\u00bb button_two_border_color__hover_enabled=\u00bboff\u00bb button_border_radius__hover_enabled=\u00bbon\u00bb button_border_radius__hover=\u00bb0px\u00bb button_one_border_radius__hover_enabled=\u00bboff\u00bb button_two_border_radius__hover_enabled=\u00bboff\u00bb button_letter_spacing__hover_enabled=\u00bboff\u00bb button_one_letter_spacing__hover_enabled=\u00bboff\u00bb button_two_letter_spacing__hover_enabled=\u00bboff\u00bb button_bg_color__hover_enabled=\u00bbon\u00bb button_bg_color__hover=\u00bbrgba(255,255,255,0)\u00bb button_one_bg_color__hover_enabled=\u00bboff\u00bb button_two_bg_color__hover_enabled=\u00bboff\u00bb][\/et_pb_button][et_pb_text module_id=\u00bbreveal2&#8243; _builder_version=\u00bb4.27.0&#8243; text_font=\u00bb|300|||||||\u00bb text_text_color=\u00bb#cccccc\u00bb text_line_height=\u00bb1.1em\u00bb header_font=\u00bb|300|||||||\u00bb header_2_font=\u00bb|300||on|||||\u00bb header_2_text_color=\u00bb#cccccc\u00bb header_2_font_size=\u00bb36px\u00bb header_2_letter_spacing=\u00bb2px\u00bb background_layout=\u00bbdark\u00bb hover_enabled=\u00bb0&#8243; global_colors_info=\u00bb{}\u00bb sticky_enabled=\u00bb0&#8243;]<\/p>\n<p>Adem\u00e1s, el entrenamiento GAP tambi\u00e9n ayuda a<span>\u00a0<\/span><strong>mejorar la resistencia y la flexibilidad<\/strong>. Los ejercicios din\u00e1micos y variados ayudan a fortalecer los m\u00fasculos de manera integral, lo que te permitir\u00e1 realizar actividades diarias con mayor facilidad y sin sentirte agotado.<\/p>\n<p>Otro beneficio importante del GAP es la<span>\u00a0<\/span><strong>quema de calor\u00edas<\/strong>. Durante una sesi\u00f3n de entrenamiento, tu cuerpo trabaja intensamente, lo que te ayuda a quemar calor\u00edas y perder peso de manera efectiva. A medida que te familiarices con el programa y aumentes tu nivel de intensidad, ver\u00e1s como los resultados se vuelven a\u00fan m\u00e1s visibles.<\/p>\n<p>[\/et_pb_text][\/et_pb_column][\/et_pb_row][\/et_pb_section][et_pb_section fb_built=\u00bb1&#8243; custom_padding_last_edited=\u00bbon|phone\u00bb _builder_version=\u00bb4.16&#8243; _module_preset=\u00bbdefault\u00bb background_color=\u00bb#262626&#8243; custom_padding=\u00bb0px||50px||false|false\u00bb custom_padding_tablet=\u00bb\u00bb custom_padding_phone=\u00bb||30px||false|false\u00bb global_colors_info=\u00bb{}\u00bb][et_pb_row column_structure=\u00bb1_3,2_3&#8243; custom_padding_last_edited=\u00bbon|phone\u00bb _builder_version=\u00bb4.16&#8243; _module_preset=\u00bbdefault\u00bb custom_padding_tablet=\u00bb\u00bb custom_padding_phone=\u00bb0px||0px||false|false\u00bb global_colors_info=\u00bb{}\u00bb][et_pb_column type=\u00bb1_3&#8243; _builder_version=\u00bb4.16&#8243; _module_preset=\u00bbdefault\u00bb global_colors_info=\u00bb{}\u00bb][et_pb_text _builder_version=\u00bb4.26.1&#8243; text_font=\u00bb||||||||\u00bb header_font=\u00bb||||||||\u00bb header_text_align=\u00bbcenter\u00bb header_2_font=\u00bb|300||on|||||\u00bb header_2_text_align=\u00bbright\u00bb header_2_font_size=\u00bb29px\u00bb custom_margin=\u00bb||0px||false|false\u00bb custom_padding=\u00bb|15%|0px||false|false\u00bb header_2_text_align_tablet=\u00bb\u00bb header_2_text_align_phone=\u00bbleft\u00bb header_2_text_align_last_edited=\u00bbon|phone\u00bb header_2_font_size_tablet=\u00bb51px\u00bb header_2_font_size_phone=\u00bb25px\u00bb header_2_font_size_last_edited=\u00bbon|phone\u00bb border_width_right=\u00bb2px\u00bb border_color_right=\u00bb#cccccc\u00bb border_width_right_tablet=\u00bb\u00bb border_width_right_phone=\u00bb0px\u00bb border_width_right_last_edited=\u00bbon|phone\u00bb locked=\u00bboff\u00bb global_colors_info=\u00bb{}\u00bb]<\/p>\n<h2>Por qu\u00e9 GAP en Sparta Sport Center Huarte<\/h2>\n<p>[\/et_pb_text][\/et_pb_column][et_pb_column type=\u00bb2_3&#8243; _builder_version=\u00bb4.16&#8243; _module_preset=\u00bbdefault\u00bb global_colors_info=\u00bb{}\u00bb][et_pb_text _builder_version=\u00bb4.27.0&#8243; text_font=\u00bb|300|||||||\u00bb text_text_color=\u00bb#cccccc\u00bb text_line_height=\u00bb1.1em\u00bb header_font=\u00bb|300|||||||\u00bb header_2_font=\u00bb|300||on|||||\u00bb header_2_text_color=\u00bb#cccccc\u00bb header_2_font_size=\u00bb36px\u00bb header_2_letter_spacing=\u00bb2px\u00bb background_layout=\u00bbdark\u00bb hover_enabled=\u00bb0&#8243; global_colors_info=\u00bb{}\u00bb sticky_enabled=\u00bb0&#8243;]<\/p>\n<p>El GAP en Huarte se lleva a cabo en Sparta Sport Center, un<span>\u00a0<\/span><strong>espacio moderno y equipado con todo lo necesario para tu entrenamiento<\/strong>. Nuestro centro deportivo en el Centro Comercial Itaroa cuenta con instalaciones de calidad y un equipo que est\u00e1 comprometido con tu satisfacci\u00f3n y bienestar.<\/p>\n<p>Adem\u00e1s, el GAP en Huarte te da la oportunidad de formar parte de una comunidad de personas comprometidas con su salud y bienestar. No importa tu nivel de condici\u00f3n f\u00edsica, aqu\u00ed encontrar\u00e1s un ambiente acogedor y estimulante que te motivar\u00e1 a alcanzar tus objetivos.<\/p>\n<p>No esperes m\u00e1s y aprovecha la oportunidad de disfrutar de todos los beneficios que el GAP en Huarte tiene para ofrecerte. \u00a1Inscr\u00edbete en una clase hoy mismo y<span>\u00a0<\/span><strong>descubre c\u00f3mo puedes transformar tu cuerpo y mejorar tu salud<\/strong>!<\/p>\n<p>[\/et_pb_text][\/et_pb_column][\/et_pb_row][\/et_pb_section]<\/p>\n","protected":false},"excerpt":{"rendered":"<p>Clases de GAP en HuarteEn Sparta Sport Center te ofrecemos una\u00a0forma \u00fanica de ejercitarte y mantenerte en forma: el programa de entrenamiento GAP en Huarte. Este innovador programa, que combina ejercicios de gl\u00fateos, abdominales y piernas, es ideal para aquellos que desean tonificar y fortalecer su cuerpo de manera eficiente y divertida.Nuestras clases de GAP [&hellip;]<\/p>\n","protected":false},"author":1,"featured_media":220481,"parent":0,"menu_order":0,"comment_status":"closed","ping_status":"closed","template":"","meta":{"_et_pb_use_builder":"on","_et_pb_old_content":"","_et_gb_content_width":"","footnotes":""},"class_list":["post-206550","page","type-page","status-publish","has-post-thumbnail","hentry"],"yoast_head":"<!-- This site is optimized with the Yoast SEO plugin v27.4 - https:\/\/yoast.com\/product\/yoast-seo-wordpress\/ -->\n<title>GAP Huarte | Sparta Sport Center<\/title>\n<meta name=\"description\" content=\"\u00bfEst\u00e1s buscando un gimnasio para hacer GAP en Huarte? No lo dejes pasar m\u00e1s y ap\u00fantate ya a Sparta Sport Center Huarte en el Centro Comercial Itaroa. \u00a1Ll\u00e1manos!\" \/>\n<meta name=\"robots\" content=\"index, follow, max-snippet:-1, max-image-preview:large, max-video-preview:-1\" \/>\n<link rel=\"canonical\" href=\"https:\/\/spartasportcenter.com\/huarte-itaroa\/gap-huarte-itaroa\/\" \/>\n<meta property=\"og:locale\" content=\"es_ES\" \/>\n<meta property=\"og:type\" content=\"article\" \/>\n<meta property=\"og:title\" content=\"GAP Huarte | Sparta Sport Center\" \/>\n<meta property=\"og:description\" content=\"\u00bfEst\u00e1s buscando un gimnasio para hacer GAP en Huarte? No lo dejes pasar m\u00e1s y ap\u00fantate ya a Sparta Sport Center Huarte en el Centro Comercial Itaroa. \u00a1Ll\u00e1manos!\" \/>\n<meta property=\"og:url\" content=\"https:\/\/spartasportcenter.com\/huarte-itaroa\/gap-huarte-itaroa\/\" \/>\n<meta property=\"og:site_name\" content=\"Sparta Sport Center Huarte Itaroa\" \/>\n<meta property=\"article:modified_time\" content=\"2024-08-27T12:29:56+00:00\" \/>\n<meta property=\"og:image\" content=\"https:\/\/spartasportcenter.com\/huarte-itaroa\/wp-content\/uploads\/2024\/08\/gap-huarte-itaroa.webp\" \/>\n\t<meta property=\"og:image:width\" content=\"2000\" \/>\n\t<meta property=\"og:image:height\" content=\"1333\" \/>\n\t<meta property=\"og:image:type\" content=\"image\/webp\" \/>\n<meta name=\"twitter:card\" content=\"summary_large_image\" \/>\n<meta name=\"twitter:label1\" content=\"Tiempo de lectura\" \/>\n\t<meta name=\"twitter:data1\" content=\"3 minutos\" \/>\n<script type=\"application\/ld+json\" class=\"yoast-schema-graph\">{\"@context\":\"https:\\\/\\\/schema.org\",\"@graph\":[{\"@type\":\"WebPage\",\"@id\":\"https:\\\/\\\/spartasportcenter.com\\\/huarte-itaroa\\\/gap-huarte-itaroa\\\/\",\"url\":\"https:\\\/\\\/spartasportcenter.com\\\/huarte-itaroa\\\/gap-huarte-itaroa\\\/\",\"name\":\"GAP Huarte | Sparta Sport Center\",\"isPartOf\":{\"@id\":\"https:\\\/\\\/spartasportcenter.com\\\/huarte-itaroa\\\/#website\"},\"primaryImageOfPage\":{\"@id\":\"https:\\\/\\\/spartasportcenter.com\\\/huarte-itaroa\\\/gap-huarte-itaroa\\\/#primaryimage\"},\"image\":{\"@id\":\"https:\\\/\\\/spartasportcenter.com\\\/huarte-itaroa\\\/gap-huarte-itaroa\\\/#primaryimage\"},\"thumbnailUrl\":\"https:\\\/\\\/spartasportcenter.com\\\/huarte-itaroa\\\/wp-content\\\/uploads\\\/2024\\\/08\\\/gap-huarte-itaroa.webp\",\"datePublished\":\"2018-08-20T15:44:57+00:00\",\"dateModified\":\"2024-08-27T12:29:56+00:00\",\"description\":\"\u00bfEst\u00e1s buscando un gimnasio para hacer GAP en Huarte? No lo dejes pasar m\u00e1s y ap\u00fantate ya a Sparta Sport Center Huarte en el Centro Comercial Itaroa. \u00a1Ll\u00e1manos!\",\"breadcrumb\":{\"@id\":\"https:\\\/\\\/spartasportcenter.com\\\/huarte-itaroa\\\/gap-huarte-itaroa\\\/#breadcrumb\"},\"inLanguage\":\"es\",\"potentialAction\":[{\"@type\":\"ReadAction\",\"target\":[\"https:\\\/\\\/spartasportcenter.com\\\/huarte-itaroa\\\/gap-huarte-itaroa\\\/\"]}]},{\"@type\":\"ImageObject\",\"inLanguage\":\"es\",\"@id\":\"https:\\\/\\\/spartasportcenter.com\\\/huarte-itaroa\\\/gap-huarte-itaroa\\\/#primaryimage\",\"url\":\"https:\\\/\\\/spartasportcenter.com\\\/huarte-itaroa\\\/wp-content\\\/uploads\\\/2024\\\/08\\\/gap-huarte-itaroa.webp\",\"contentUrl\":\"https:\\\/\\\/spartasportcenter.com\\\/huarte-itaroa\\\/wp-content\\\/uploads\\\/2024\\\/08\\\/gap-huarte-itaroa.webp\",\"width\":2000,\"height\":1333,\"caption\":\"gap huarte itaroa\"},{\"@type\":\"BreadcrumbList\",\"@id\":\"https:\\\/\\\/spartasportcenter.com\\\/huarte-itaroa\\\/gap-huarte-itaroa\\\/#breadcrumb\",\"itemListElement\":[{\"@type\":\"ListItem\",\"position\":1,\"name\":\"Portada\",\"item\":\"https:\\\/\\\/spartasportcenter.com\\\/huarte-itaroa\\\/\"},{\"@type\":\"ListItem\",\"position\":2,\"name\":\"GAP Huarte\"}]},{\"@type\":\"WebSite\",\"@id\":\"https:\\\/\\\/spartasportcenter.com\\\/huarte-itaroa\\\/#website\",\"url\":\"https:\\\/\\\/spartasportcenter.com\\\/huarte-itaroa\\\/\",\"name\":\"Sparta Sport Center Huarte Itaroa\",\"description\":\"Gimnasios en Huarte\",\"potentialAction\":[{\"@type\":\"SearchAction\",\"target\":{\"@type\":\"EntryPoint\",\"urlTemplate\":\"https:\\\/\\\/spartasportcenter.com\\\/huarte-itaroa\\\/?s={search_term_string}\"},\"query-input\":{\"@type\":\"PropertyValueSpecification\",\"valueRequired\":true,\"valueName\":\"search_term_string\"}}],\"inLanguage\":\"es\"}]}<\/script>\n<!-- \/ Yoast SEO plugin. -->","yoast_head_json":{"title":"GAP Huarte | Sparta Sport Center","description":"\u00bfEst\u00e1s buscando un gimnasio para hacer GAP en Huarte? No lo dejes pasar m\u00e1s y ap\u00fantate ya a Sparta Sport Center Huarte en el Centro Comercial Itaroa. \u00a1Ll\u00e1manos!","robots":{"index":"index","follow":"follow","max-snippet":"max-snippet:-1","max-image-preview":"max-image-preview:large","max-video-preview":"max-video-preview:-1"},"canonical":"https:\/\/spartasportcenter.com\/huarte-itaroa\/gap-huarte-itaroa\/","og_locale":"es_ES","og_type":"article","og_title":"GAP Huarte | Sparta Sport Center","og_description":"\u00bfEst\u00e1s buscando un gimnasio para hacer GAP en Huarte? No lo dejes pasar m\u00e1s y ap\u00fantate ya a Sparta Sport Center Huarte en el Centro Comercial Itaroa. \u00a1Ll\u00e1manos!","og_url":"https:\/\/spartasportcenter.com\/huarte-itaroa\/gap-huarte-itaroa\/","og_site_name":"Sparta Sport Center Huarte Itaroa","article_modified_time":"2024-08-27T12:29:56+00:00","og_image":[{"width":2000,"height":1333,"url":"https:\/\/spartasportcenter.com\/huarte-itaroa\/wp-content\/uploads\/2024\/08\/gap-huarte-itaroa.webp","type":"image\/webp"}],"twitter_card":"summary_large_image","twitter_misc":{"Tiempo de lectura":"3 minutos"},"schema":{"@context":"https:\/\/schema.org","@graph":[{"@type":"WebPage","@id":"https:\/\/spartasportcenter.com\/huarte-itaroa\/gap-huarte-itaroa\/","url":"https:\/\/spartasportcenter.com\/huarte-itaroa\/gap-huarte-itaroa\/","name":"GAP Huarte | Sparta Sport Center","isPartOf":{"@id":"https:\/\/spartasportcenter.com\/huarte-itaroa\/#website"},"primaryImageOfPage":{"@id":"https:\/\/spartasportcenter.com\/huarte-itaroa\/gap-huarte-itaroa\/#primaryimage"},"image":{"@id":"https:\/\/spartasportcenter.com\/huarte-itaroa\/gap-huarte-itaroa\/#primaryimage"},"thumbnailUrl":"https:\/\/spartasportcenter.com\/huarte-itaroa\/wp-content\/uploads\/2024\/08\/gap-huarte-itaroa.webp","datePublished":"2018-08-20T15:44:57+00:00","dateModified":"2024-08-27T12:29:56+00:00","description":"\u00bfEst\u00e1s buscando un gimnasio para hacer GAP en Huarte? No lo dejes pasar m\u00e1s y ap\u00fantate ya a Sparta Sport Center Huarte en el Centro Comercial Itaroa. \u00a1Ll\u00e1manos!","breadcrumb":{"@id":"https:\/\/spartasportcenter.com\/huarte-itaroa\/gap-huarte-itaroa\/#breadcrumb"},"inLanguage":"es","potentialAction":[{"@type":"ReadAction","target":["https:\/\/spartasportcenter.com\/huarte-itaroa\/gap-huarte-itaroa\/"]}]},{"@type":"ImageObject","inLanguage":"es","@id":"https:\/\/spartasportcenter.com\/huarte-itaroa\/gap-huarte-itaroa\/#primaryimage","url":"https:\/\/spartasportcenter.com\/huarte-itaroa\/wp-content\/uploads\/2024\/08\/gap-huarte-itaroa.webp","contentUrl":"https:\/\/spartasportcenter.com\/huarte-itaroa\/wp-content\/uploads\/2024\/08\/gap-huarte-itaroa.webp","width":2000,"height":1333,"caption":"gap huarte itaroa"},{"@type":"BreadcrumbList","@id":"https:\/\/spartasportcenter.com\/huarte-itaroa\/gap-huarte-itaroa\/#breadcrumb","itemListElement":[{"@type":"ListItem","position":1,"name":"Portada","item":"https:\/\/spartasportcenter.com\/huarte-itaroa\/"},{"@type":"ListItem","position":2,"name":"GAP Huarte"}]},{"@type":"WebSite","@id":"https:\/\/spartasportcenter.com\/huarte-itaroa\/#website","url":"https:\/\/spartasportcenter.com\/huarte-itaroa\/","name":"Sparta Sport Center Huarte Itaroa","description":"Gimnasios en Huarte","potentialAction":[{"@type":"SearchAction","target":{"@type":"EntryPoint","urlTemplate":"https:\/\/spartasportcenter.com\/huarte-itaroa\/?s={search_term_string}"},"query-input":{"@type":"PropertyValueSpecification","valueRequired":true,"valueName":"search_term_string"}}],"inLanguage":"es"}]}},"_links":{"self":[{"href":"https:\/\/spartasportcenter.com\/huarte-itaroa\/wp-json\/wp\/v2\/pages\/206550","targetHints":{"allow":["GET"]}}],"collection":[{"href":"https:\/\/spartasportcenter.com\/huarte-itaroa\/wp-json\/wp\/v2\/pages"}],"about":[{"href":"https:\/\/spartasportcenter.com\/huarte-itaroa\/wp-json\/wp\/v2\/types\/page"}],"author":[{"embeddable":true,"href":"https:\/\/spartasportcenter.com\/huarte-itaroa\/wp-json\/wp\/v2\/users\/1"}],"replies":[{"embeddable":true,"href":"https:\/\/spartasportcenter.com\/huarte-itaroa\/wp-json\/wp\/v2\/comments?post=206550"}],"version-history":[{"count":27,"href":"https:\/\/spartasportcenter.com\/huarte-itaroa\/wp-json\/wp\/v2\/pages\/206550\/revisions"}],"predecessor-version":[{"id":220544,"href":"https:\/\/spartasportcenter.com\/huarte-itaroa\/wp-json\/wp\/v2\/pages\/206550\/revisions\/220544"}],"wp:featuredmedia":[{"embeddable":true,"href":"https:\/\/spartasportcenter.com\/huarte-itaroa\/wp-json\/wp\/v2\/media\/220481"}],"wp:attachment":[{"href":"https:\/\/spartasportcenter.com\/huarte-itaroa\/wp-json\/wp\/v2\/media?parent=206550"}],"curies":[{"name":"wp","href":"https:\/\/api.w.org\/{rel}","templated":true}]}}