{"id":220096,"date":"2023-04-10T11:56:51","date_gmt":"2023-04-10T09:56:51","guid":{"rendered":"https:\/\/spartasportcenter.com\/guadalajara\/?page_id=220096"},"modified":"2023-04-12T09:52:29","modified_gmt":"2023-04-12T07:52:29","slug":"gimnasio-centro-comercial-ferial-plaza","status":"publish","type":"page","link":"https:\/\/spartasportcenter.com\/guadalajara\/gimnasio-centro-comercial-ferial-plaza\/","title":{"rendered":"Gimnasio Centro Comercial Ferial Plaza"},"content":{"rendered":"<p>[et_pb_section fb_built=\u00bb1&#8243; custom_padding_last_edited=\u00bbon|phone\u00bb disabled_on=\u00bboff|off|off\u00bb _builder_version=\u00bb4.16&#8243; background_color=\u00bb#262626&#8243; background_enable_image=\u00bboff\u00bb custom_margin=\u00bb||||false|false\u00bb custom_padding=\u00bb80px|0px|0px|0px|false|false\u00bb custom_padding_tablet=\u00bb\u00bb custom_padding_phone=\u00bb30px||50px||false|false\u00bb global_colors_info=\u00bb{}\u00bb][et_pb_row column_structure=\u00bb1_3,2_3&#8243; custom_padding_last_edited=\u00bbon|desktop\u00bb _builder_version=\u00bb4.16&#8243; _module_preset=\u00bbdefault\u00bb custom_padding=\u00bb0px||||false|false\u00bb custom_padding_tablet=\u00bb\u00bb custom_padding_phone=\u00bb0px||||false|false\u00bb global_colors_info=\u00bb{}\u00bb][et_pb_column type=\u00bb1_3&#8243; _builder_version=\u00bb4.16&#8243; _module_preset=\u00bbdefault\u00bb global_colors_info=\u00bb{}\u00bb][et_pb_text _builder_version=\u00bb4.20.1&#8243; text_font=\u00bb||||||||\u00bb header_font=\u00bb||||||||\u00bb header_text_align=\u00bbcenter\u00bb header_2_font=\u00bb|300||on|||||\u00bb header_2_text_align=\u00bbright\u00bb header_2_font_size=\u00bb29px\u00bb custom_margin=\u00bb||0px||false|false\u00bb custom_padding=\u00bb|15%|0px||false|false\u00bb header_2_text_align_tablet=\u00bb\u00bb header_2_text_align_phone=\u00bbleft\u00bb header_2_text_align_last_edited=\u00bbon|phone\u00bb header_2_font_size_tablet=\u00bb51px\u00bb header_2_font_size_phone=\u00bb25px\u00bb header_2_font_size_last_edited=\u00bbon|phone\u00bb border_width_right=\u00bb2px\u00bb border_color_right=\u00bb#cccccc\u00bb border_width_right_tablet=\u00bb\u00bb border_width_right_phone=\u00bb0px\u00bb border_width_right_last_edited=\u00bbon|phone\u00bb locked=\u00bboff\u00bb global_colors_info=\u00bb{}\u00bb]<\/p>\n<h2>Tu gimnasio de confianza<\/h2>\n<p>[\/et_pb_text][\/et_pb_column][et_pb_column type=\u00bb2_3&#8243; _builder_version=\u00bb4.16&#8243; _module_preset=\u00bbdefault\u00bb global_colors_info=\u00bb{}\u00bb][et_pb_text _builder_version=\u00bb4.20.1&#8243; text_font=\u00bb|300|||||||\u00bb text_text_color=\u00bb#cccccc\u00bb text_line_height=\u00bb1.1em\u00bb header_font=\u00bb|300|||||||\u00bb header_2_font=\u00bb|300||on|||||\u00bb header_2_text_color=\u00bb#cccccc\u00bb header_2_font_size=\u00bb36px\u00bb header_2_letter_spacing=\u00bb2px\u00bb background_layout=\u00bbdark\u00bb global_colors_info=\u00bb{}\u00bb]<\/p>\n<p><span style=\"font-weight: 400;\">Encontrar tu gimnasio de confianza puede ser dif\u00edcil, pero una vez que lo encuentras, es como encontrar un gran amigo. As\u00ed te sentir\u00e1s cuando elijas nuestro gimnasio en Centro Comercial Ferial Plaza.<\/span><\/p>\n<p><span style=\"font-weight: 400;\">Sparta Sport Center no s\u00f3lo tiene las instalaciones adecuadas para tus necesidades de entrenamiento, sino tambi\u00e9n un <\/span><b>personal amigable<\/b><span style=\"font-weight: 400;\"> que te har\u00e1 sentir como en casa.<\/span><\/p>\n<p><span style=\"font-weight: 400;\">Aqu\u00ed es donde puedes dar lo mejor de ti mismo, desafiarte y superarte cada d\u00eda. Adem\u00e1s, el ambiente es <\/span><b>acogedor <\/b><span style=\"font-weight: 400;\">y te sentir\u00e1s rodeado de personas que tienen tus mismas metas.<\/span><\/p>\n<p><span style=\"font-weight: 400;\">En resumen, nuestro gimnasio en Centro Comercial Ferial Plaza de Guadalajara se convertir\u00e1 en parte fundamental de tu estilo de vida saludable, adem\u00e1s de una gran influencia en tu salud f\u00edsica y mental.<\/span><\/p>\n<p>[\/et_pb_text][\/et_pb_column][\/et_pb_row][et_pb_row column_structure=\u00bb1_3,2_3&#8243; custom_padding_last_edited=\u00bbon|phone\u00bb _builder_version=\u00bb4.16&#8243; _module_preset=\u00bbdefault\u00bb custom_margin=\u00bb||0px||false|false\u00bb custom_padding=\u00bb||||false|false\u00bb custom_padding_tablet=\u00bb\u00bb custom_padding_phone=\u00bb0px||0px||false|false\u00bb global_colors_info=\u00bb{}\u00bb][et_pb_column type=\u00bb1_3&#8243; _builder_version=\u00bb4.16&#8243; _module_preset=\u00bbdefault\u00bb global_colors_info=\u00bb{}\u00bb][et_pb_text _builder_version=\u00bb4.20.1&#8243; text_font=\u00bb||||||||\u00bb header_font=\u00bb||||||||\u00bb header_text_align=\u00bbcenter\u00bb header_2_font=\u00bb|300||on|||||\u00bb header_2_text_align=\u00bbright\u00bb header_2_font_size=\u00bb29px\u00bb custom_margin=\u00bb||0px||false|false\u00bb custom_padding=\u00bb|15%|0px||false|false\u00bb header_2_text_align_tablet=\u00bb\u00bb header_2_text_align_phone=\u00bbleft\u00bb header_2_text_align_last_edited=\u00bbon|phone\u00bb header_2_font_size_tablet=\u00bb51px\u00bb header_2_font_size_phone=\u00bb25px\u00bb header_2_font_size_last_edited=\u00bbon|phone\u00bb border_width_right=\u00bb2px\u00bb border_color_right=\u00bb#cccccc\u00bb border_width_right_tablet=\u00bb\u00bb border_width_right_phone=\u00bb0px\u00bb border_width_right_last_edited=\u00bbon|phone\u00bb locked=\u00bboff\u00bb global_colors_info=\u00bb{}\u00bb]<\/p>\n<h2>Beneficios de entrenar en Sparta Sport Center<\/h2>\n<p>[\/et_pb_text][\/et_pb_column][et_pb_column type=\u00bb2_3&#8243; _builder_version=\u00bb4.16&#8243; _module_preset=\u00bbdefault\u00bb global_colors_info=\u00bb{}\u00bb][et_pb_text _builder_version=\u00bb4.20.1&#8243; text_font=\u00bb|300|||||||\u00bb text_text_color=\u00bb#cccccc\u00bb text_line_height=\u00bb1.1em\u00bb header_font=\u00bb|300|||||||\u00bb header_2_font=\u00bb|300||on|||||\u00bb header_2_text_color=\u00bb#cccccc\u00bb header_2_font_size=\u00bb36px\u00bb header_2_letter_spacing=\u00bb2px\u00bb background_layout=\u00bbdark\u00bb global_colors_info=\u00bb{}\u00bb]<\/p>\n<p><span style=\"font-weight: 400;\">Entre los beneficios de entrenar en Sparta Sport Center, podemos destacar la posibilidad de mejorar tu salud cardiovascular, reducir el riesgo de enfermedades cr\u00f3nicas y perder peso de manera efectiva.<\/span><\/p>\n<p><span style=\"font-weight: 400;\">Adem\u00e1s, nuestro personal te guiar\u00e1 en todo momento para que tengas un <\/span><b>entrenamiento seguro<\/b><span style=\"font-weight: 400;\"> y adecuado a tus necesidades y objetivos.<\/span><\/p>\n<p><span style=\"font-weight: 400;\">El servicio de <\/span><b>nutrici\u00f3n <\/b><span style=\"font-weight: 400;\">es uno de los aspectos m\u00e1s destacados de nuestro gimnasio en Centro Comercial Ferial Plaza.\u00a0<\/span><\/p>\n<p><span style=\"font-weight: 400;\">Nuestro equipo de nutricionistas trabajar\u00e1 contigo para dise\u00f1ar un plan de alimentaci\u00f3n personalizado que se ajuste a tus objetivos de fitness y salud.<\/span><\/p>\n<p><span style=\"font-weight: 400;\">En Sparta Sport Center tambi\u00e9n tendr\u00e1s a tu disposici\u00f3n <\/span><b>programas de nutrici\u00f3n especiales<\/b><span style=\"font-weight: 400;\"> en caso de que est\u00e9s buscando perder peso o ganar masa muscular.<\/span><\/p>\n<p><span style=\"font-weight: 400;\">Tambi\u00e9n ofrecemos una <\/span><b>amplia variedad de clases<\/b><span style=\"font-weight: 400;\">, equipos y herramientas para que siempre encuentres la motivaci\u00f3n y el desaf\u00edo que necesitas.\u00a0<\/span><\/p>\n<p><span style=\"font-weight: 400;\">\u00a1\u00danete a nuestro gimnasio en Centro Comercial Ferial Plaza y comienza tu transformaci\u00f3n!<\/span><\/p>\n<p>[\/et_pb_text][\/et_pb_column][\/et_pb_row][\/et_pb_section][et_pb_section fb_built=\u00bb1&#8243; custom_padding_last_edited=\u00bbon|phone\u00bb _builder_version=\u00bb4.16&#8243; _module_preset=\u00bbdefault\u00bb background_color=\u00bb#262626&#8243; custom_padding=\u00bb0px||50px||false|false\u00bb custom_padding_tablet=\u00bb\u00bb custom_padding_phone=\u00bb||30px||false|false\u00bb global_colors_info=\u00bb{}\u00bb][et_pb_row column_structure=\u00bb1_3,2_3&#8243; custom_padding_last_edited=\u00bbon|phone\u00bb _builder_version=\u00bb4.16&#8243; _module_preset=\u00bbdefault\u00bb custom_padding_tablet=\u00bb\u00bb custom_padding_phone=\u00bb0px||0px||false|false\u00bb global_colors_info=\u00bb{}\u00bb][et_pb_column type=\u00bb1_3&#8243; _builder_version=\u00bb4.16&#8243; _module_preset=\u00bbdefault\u00bb global_colors_info=\u00bb{}\u00bb][et_pb_text _builder_version=\u00bb4.20.1&#8243; text_font=\u00bb||||||||\u00bb header_font=\u00bb||||||||\u00bb header_text_align=\u00bbcenter\u00bb header_2_font=\u00bb|300||on|||||\u00bb header_2_text_align=\u00bbright\u00bb header_2_font_size=\u00bb29px\u00bb custom_margin=\u00bb||0px||false|false\u00bb custom_padding=\u00bb|15%|0px||false|false\u00bb header_2_text_align_tablet=\u00bb\u00bb header_2_text_align_phone=\u00bbleft\u00bb header_2_text_align_last_edited=\u00bbon|phone\u00bb header_2_font_size_tablet=\u00bb51px\u00bb header_2_font_size_phone=\u00bb25px\u00bb header_2_font_size_last_edited=\u00bbon|phone\u00bb border_width_right=\u00bb2px\u00bb border_color_right=\u00bb#cccccc\u00bb border_width_right_tablet=\u00bb\u00bb border_width_right_phone=\u00bb0px\u00bb border_width_right_last_edited=\u00bbon|phone\u00bb locked=\u00bboff\u00bb global_colors_info=\u00bb{}\u00bb]<\/p>\n<h2>Por qu\u00e9 elegir nuestro gimnasio de Centro Comercial Ferial Plaza<\/h2>\n<p>[\/et_pb_text][\/et_pb_column][et_pb_column type=\u00bb2_3&#8243; _builder_version=\u00bb4.16&#8243; _module_preset=\u00bbdefault\u00bb global_colors_info=\u00bb{}\u00bb][et_pb_text _builder_version=\u00bb4.20.1&#8243; text_font=\u00bb|300|||||||\u00bb text_text_color=\u00bb#cccccc\u00bb text_line_height=\u00bb1.1em\u00bb header_font=\u00bb|300|||||||\u00bb header_2_font=\u00bb|300||on|||||\u00bb header_2_text_color=\u00bb#cccccc\u00bb header_2_font_size=\u00bb36px\u00bb header_2_letter_spacing=\u00bb2px\u00bb background_layout=\u00bbdark\u00bb global_colors_info=\u00bb{}\u00bb]<\/p>\n<p><span style=\"font-weight: 400;\">Si todav\u00eda tienes dudas acerca de escoger el gimnasio Sparta Sport Center del Centro Comercial Ferial Plaza, aqu\u00ed te damos m\u00e1s razones para decidirte por nuestro gimnasio.<\/span><\/p>\n<p><span style=\"font-weight: 400;\">En primer lugar, nuestra amplia gama de <\/span><b>equipos de \u00faltima generaci\u00f3n<\/b><span style=\"font-weight: 400;\"> va a satisfacer todas tus necesidades de entrenamiento.\u00a0<\/span><\/p>\n<p><span style=\"font-weight: 400;\">Adem\u00e1s, nuestro personal te brindar\u00e1 el apoyo y la motivaci\u00f3n que necesitas para alcanzar tus objetivos fitness.<\/span><\/p>\n<p><span style=\"font-weight: 400;\">De igual modo, abrir <\/span><b>todos los d\u00edas de la semana<\/b><span style=\"font-weight: 400;\"> implica que siempre podr\u00e1s encontrar un momento para entrenar, incluso en los d\u00edas m\u00e1s ocupados.<\/span><\/p>\n<p><span style=\"font-weight: 400;\">As\u00ed que ven a visitarnos y \u00fanete al<\/span><a href=\"https:\/\/spartasportcenter.com\/guadalajara\/\">\u00a0<b>gimnasio Sparta Sport Center en Guadalajara<\/b><\/a><span style=\"font-weight: 400;\">. \u00a1Te esperamos con los brazos abiertos!<\/span><\/p>\n<p>[\/et_pb_text][\/et_pb_column][\/et_pb_row][\/et_pb_section][et_pb_section fb_built=\u00bb1&#8243; admin_label=\u00bbbanner footer prueba un dia\u00bb _builder_version=\u00bb4.20.1&#8243; background_color=\u00bb#363636&#8243; background_image=\u00bbhttps:\/\/spartasportcenter.com\/guadalajara\/wp-content\/uploads\/2019\/09\/instalaciones-gimnasio-sparta-sport-center-pamplona-11.jpg\u00bb background_enable_image=\u00bboff\u00bb background_blend=\u00bbmultiply\u00bb custom_margin=\u00bb||||false|false\u00bb custom_padding=\u00bb0px|0px|0|0px|false|false\u00bb top_divider_flip=\u00bbhorizontal\u00bb global_module=\u00bb206679&#8243; locked=\u00bboff\u00bb global_colors_info=\u00bb{}\u00bb][et_pb_row _builder_version=\u00bb4.16&#8243; width=\u00bb100%\u00bb custom_padding=\u00bb40px|0px|40px|0px|false|false\u00bb global_colors_info=\u00bb{}\u00bb][et_pb_column type=\u00bb4_4&#8243; _builder_version=\u00bb4.16&#8243; custom_padding=\u00bb|||\u00bb global_colors_info=\u00bb{}\u00bb custom_padding__hover=\u00bb|||\u00bb][et_pb_text _builder_version=\u00bb4.16&#8243; text_font=\u00bb|300|||||||\u00bb text_text_color=\u00bb#cccccc\u00bb text_font_size=\u00bb36px\u00bb text_line_height=\u00bb1.3em\u00bb header_font=\u00bb||||||||\u00bb header_text_align=\u00bbcenter\u00bb header_text_color=\u00bb#ffffff\u00bb header_2_font=\u00bbStencilia-A||||||||\u00bb header_2_text_align=\u00bbcenter\u00bb header_2_text_color=\u00bb#ffffff\u00bb header_2_font_size=\u00bb61px\u00bb custom_margin=\u00bb||0px|\u00bb custom_padding=\u00bb||2%||false|false\u00bb text_font_size_tablet=\u00bb51px\u00bb text_font_size_phone=\u00bb25px\u00bb text_font_size_last_edited=\u00bbon|phone\u00bb header_2_font_size_tablet=\u00bb51px\u00bb header_2_font_size_phone=\u00bb24px\u00bb header_2_font_size_last_edited=\u00bbon|phone\u00bb text_text_shadow_style=\u00bbpreset1&#8243; header_text_shadow_style=\u00bbpreset1&#8243; header_2_text_shadow_style=\u00bbpreset1&#8243; global_colors_info=\u00bb{}\u00bb]<\/p>\n<p style=\"text-align: center;\">\u00a1PRUEBA UN D\u00cdA GRATIS!<\/p>\n<p>[\/et_pb_text][et_pb_button button_url=\u00bbhttps:\/\/spartasportcenter.com\/guadalajara\/prueba-un-dia-gratis\/\u00bb button_text=\u00bbSOLICITAR PRUEBA\u00bb button_alignment=\u00bbcenter\u00bb _builder_version=\u00bb4.18.0&#8243; custom_button=\u00bbon\u00bb button_text_color=\u00bb#FFFFFF\u00bb button_bg_color=\u00bb#d23d45&#8243; button_border_width=\u00bb1px\u00bb button_border_color=\u00bb#d23d45&#8243; button_border_radius=\u00bb0px\u00bb button_letter_spacing=\u00bb1px\u00bb button_font=\u00bb|300|||||||\u00bb button_use_icon=\u00bboff\u00bb custom_margin=\u00bb0%|||\u00bb custom_padding=\u00bb|||\u00bb button_text_size_tablet=\u00bb\u00bb button_text_size_phone=\u00bb16px\u00bb button_text_size_last_edited=\u00bbon|desktop\u00bb button_border_radius_hover=\u00bb0px\u00bb button_letter_spacing_hover=\u00bb3px\u00bb global_colors_info=\u00bb{}\u00bb button_text_size__hover_enabled=\u00bboff\u00bb button_text_size__hover=\u00bbnull\u00bb button_one_text_size__hover_enabled=\u00bboff\u00bb button_one_text_size__hover=\u00bbnull\u00bb button_two_text_size__hover_enabled=\u00bboff\u00bb button_two_text_size__hover=\u00bbnull\u00bb button_text_color__hover_enabled=\u00bbon|hover\u00bb button_text_color__hover=\u00bb#ffffff\u00bb button_one_text_color__hover_enabled=\u00bboff\u00bb button_one_text_color__hover=\u00bbnull\u00bb button_two_text_color__hover_enabled=\u00bboff\u00bb button_two_text_color__hover=\u00bbnull\u00bb button_border_width__hover_enabled=\u00bboff\u00bb button_border_width__hover=\u00bbnull\u00bb button_one_border_width__hover_enabled=\u00bboff\u00bb button_one_border_width__hover=\u00bbnull\u00bb button_two_border_width__hover_enabled=\u00bboff\u00bb button_two_border_width__hover=\u00bbnull\u00bb button_border_color__hover_enabled=\u00bbon|hover\u00bb button_border_color__hover=\u00bb#FFFFFF\u00bb button_one_border_color__hover_enabled=\u00bboff\u00bb button_one_border_color__hover=\u00bbnull\u00bb button_two_border_color__hover_enabled=\u00bboff\u00bb button_two_border_color__hover=\u00bbnull\u00bb button_border_radius__hover_enabled=\u00bboff|hover\u00bb button_border_radius__hover=\u00bb0px\u00bb button_one_border_radius__hover_enabled=\u00bboff\u00bb button_one_border_radius__hover=\u00bbnull\u00bb button_two_border_radius__hover_enabled=\u00bboff\u00bb button_two_border_radius__hover=\u00bbnull\u00bb button_letter_spacing__hover_enabled=\u00bboff|hover\u00bb button_letter_spacing__hover=\u00bb3px\u00bb button_one_letter_spacing__hover_enabled=\u00bboff\u00bb button_one_letter_spacing__hover=\u00bbnull\u00bb button_two_letter_spacing__hover_enabled=\u00bboff\u00bb button_two_letter_spacing__hover=\u00bbnull\u00bb button_bg_color__hover_enabled=\u00bbon|hover\u00bb button_bg_color__hover=\u00bbRGBA(0,0,0,0)\u00bb button_one_bg_color__hover_enabled=\u00bboff\u00bb button_one_bg_color__hover=\u00bbnull\u00bb button_two_bg_color__hover_enabled=\u00bboff\u00bb button_two_bg_color__hover=\u00bbnull\u00bb button_bg_enable_color__hover=\u00bbon\u00bb][\/et_pb_button][\/et_pb_column][\/et_pb_row][\/et_pb_section]<\/p>\n","protected":false},"excerpt":{"rendered":"<p>Tu gimnasio de confianzaEncontrar tu gimnasio de confianza puede ser dif\u00edcil, pero una vez que lo encuentras, es como encontrar un gran amigo. As\u00ed te sentir\u00e1s cuando elijas nuestro gimnasio en Centro Comercial Ferial Plaza. Sparta Sport Center no s\u00f3lo tiene las instalaciones adecuadas para tus necesidades de entrenamiento, sino tambi\u00e9n un personal amigable que [&hellip;]<\/p>\n","protected":false},"author":1,"featured_media":220097,"parent":0,"menu_order":0,"comment_status":"closed","ping_status":"closed","template":"","meta":{"_et_pb_use_builder":"on","_et_pb_old_content":"","_et_gb_content_width":"","footnotes":""},"class_list":["post-220096","page","type-page","status-publish","has-post-thumbnail","hentry"],"yoast_head":"<!-- This site is optimized with the Yoast SEO plugin v27.4 - https:\/\/yoast.com\/product\/yoast-seo-wordpress\/ -->\n<title>Gimnasio Centro Comercial Ferial Plaza | Sparta Sport Center<\/title>\n<meta name=\"description\" content=\"\u00bfEst\u00e1s buscando un gimnasio en el Centro Comercial Ferial Plaza en Guadalajara? En Sparta Sport Center podemos ayudarte. \u00a1Pide informaci\u00f3n!\" \/>\n<meta name=\"robots\" content=\"index, follow, max-snippet:-1, max-image-preview:large, max-video-preview:-1\" \/>\n<link rel=\"canonical\" href=\"https:\/\/spartasportcenter.com\/guadalajara\/gimnasio-centro-comercial-ferial-plaza\/\" \/>\n<meta property=\"og:locale\" content=\"es_ES\" \/>\n<meta property=\"og:type\" content=\"article\" \/>\n<meta property=\"og:title\" content=\"Gimnasio Centro Comercial Ferial Plaza | Sparta Sport Center\" \/>\n<meta property=\"og:description\" content=\"\u00bfEst\u00e1s buscando un gimnasio en el Centro Comercial Ferial Plaza en Guadalajara? En Sparta Sport Center podemos ayudarte. \u00a1Pide informaci\u00f3n!\" \/>\n<meta property=\"og:url\" content=\"https:\/\/spartasportcenter.com\/guadalajara\/gimnasio-centro-comercial-ferial-plaza\/\" \/>\n<meta property=\"og:site_name\" content=\"Sparta Sport Center Guadalajara\" \/>\n<meta property=\"article:modified_time\" content=\"2023-04-12T07:52:29+00:00\" \/>\n<meta property=\"og:image\" content=\"https:\/\/spartasportcenter.com\/guadalajara\/wp-content\/uploads\/2023\/04\/gimnasios-en-centro-comercial-ferial-plaza.jpg\" \/>\n\t<meta property=\"og:image:width\" content=\"2000\" \/>\n\t<meta property=\"og:image:height\" content=\"1331\" \/>\n\t<meta property=\"og:image:type\" content=\"image\/jpeg\" \/>\n<meta name=\"twitter:card\" content=\"summary_large_image\" \/>\n<script type=\"application\/ld+json\" class=\"yoast-schema-graph\">{\"@context\":\"https:\\\/\\\/schema.org\",\"@graph\":[{\"@type\":\"WebPage\",\"@id\":\"https:\\\/\\\/spartasportcenter.com\\\/guadalajara\\\/gimnasio-centro-comercial-ferial-plaza\\\/\",\"url\":\"https:\\\/\\\/spartasportcenter.com\\\/guadalajara\\\/gimnasio-centro-comercial-ferial-plaza\\\/\",\"name\":\"Gimnasio Centro Comercial Ferial Plaza | Sparta Sport Center\",\"isPartOf\":{\"@id\":\"https:\\\/\\\/spartasportcenter.com\\\/guadalajara\\\/#website\"},\"primaryImageOfPage\":{\"@id\":\"https:\\\/\\\/spartasportcenter.com\\\/guadalajara\\\/gimnasio-centro-comercial-ferial-plaza\\\/#primaryimage\"},\"image\":{\"@id\":\"https:\\\/\\\/spartasportcenter.com\\\/guadalajara\\\/gimnasio-centro-comercial-ferial-plaza\\\/#primaryimage\"},\"thumbnailUrl\":\"https:\\\/\\\/spartasportcenter.com\\\/guadalajara\\\/wp-content\\\/uploads\\\/2023\\\/04\\\/gimnasios-en-centro-comercial-ferial-plaza.jpg\",\"datePublished\":\"2023-04-10T09:56:51+00:00\",\"dateModified\":\"2023-04-12T07:52:29+00:00\",\"description\":\"\u00bfEst\u00e1s buscando un gimnasio en el Centro Comercial Ferial Plaza en Guadalajara? En Sparta Sport Center podemos ayudarte. \u00a1Pide informaci\u00f3n!\",\"breadcrumb\":{\"@id\":\"https:\\\/\\\/spartasportcenter.com\\\/guadalajara\\\/gimnasio-centro-comercial-ferial-plaza\\\/#breadcrumb\"},\"inLanguage\":\"es\",\"potentialAction\":[{\"@type\":\"ReadAction\",\"target\":[\"https:\\\/\\\/spartasportcenter.com\\\/guadalajara\\\/gimnasio-centro-comercial-ferial-plaza\\\/\"]}]},{\"@type\":\"ImageObject\",\"inLanguage\":\"es\",\"@id\":\"https:\\\/\\\/spartasportcenter.com\\\/guadalajara\\\/gimnasio-centro-comercial-ferial-plaza\\\/#primaryimage\",\"url\":\"https:\\\/\\\/spartasportcenter.com\\\/guadalajara\\\/wp-content\\\/uploads\\\/2023\\\/04\\\/gimnasios-en-centro-comercial-ferial-plaza.jpg\",\"contentUrl\":\"https:\\\/\\\/spartasportcenter.com\\\/guadalajara\\\/wp-content\\\/uploads\\\/2023\\\/04\\\/gimnasios-en-centro-comercial-ferial-plaza.jpg\",\"width\":2000,\"height\":1331,\"caption\":\"Gimnasio Centro Comercial Ferial Plaza\"},{\"@type\":\"BreadcrumbList\",\"@id\":\"https:\\\/\\\/spartasportcenter.com\\\/guadalajara\\\/gimnasio-centro-comercial-ferial-plaza\\\/#breadcrumb\",\"itemListElement\":[{\"@type\":\"ListItem\",\"position\":1,\"name\":\"Portada\",\"item\":\"https:\\\/\\\/spartasportcenter.com\\\/guadalajara\\\/\"},{\"@type\":\"ListItem\",\"position\":2,\"name\":\"Gimnasio Centro Comercial Ferial Plaza\"}]},{\"@type\":\"WebSite\",\"@id\":\"https:\\\/\\\/spartasportcenter.com\\\/guadalajara\\\/#website\",\"url\":\"https:\\\/\\\/spartasportcenter.com\\\/guadalajara\\\/\",\"name\":\"Sparta Sport Center Guadalajara\",\"description\":\"Gimnasios en Guadalajara\",\"potentialAction\":[{\"@type\":\"SearchAction\",\"target\":{\"@type\":\"EntryPoint\",\"urlTemplate\":\"https:\\\/\\\/spartasportcenter.com\\\/guadalajara\\\/?s={search_term_string}\"},\"query-input\":{\"@type\":\"PropertyValueSpecification\",\"valueRequired\":true,\"valueName\":\"search_term_string\"}}],\"inLanguage\":\"es\"}]}<\/script>\n<!-- \/ Yoast SEO plugin. -->","yoast_head_json":{"title":"Gimnasio Centro Comercial Ferial Plaza | Sparta Sport Center","description":"\u00bfEst\u00e1s buscando un gimnasio en el Centro Comercial Ferial Plaza en Guadalajara? En Sparta Sport Center podemos ayudarte. \u00a1Pide informaci\u00f3n!","robots":{"index":"index","follow":"follow","max-snippet":"max-snippet:-1","max-image-preview":"max-image-preview:large","max-video-preview":"max-video-preview:-1"},"canonical":"https:\/\/spartasportcenter.com\/guadalajara\/gimnasio-centro-comercial-ferial-plaza\/","og_locale":"es_ES","og_type":"article","og_title":"Gimnasio Centro Comercial Ferial Plaza | Sparta Sport Center","og_description":"\u00bfEst\u00e1s buscando un gimnasio en el Centro Comercial Ferial Plaza en Guadalajara? En Sparta Sport Center podemos ayudarte. \u00a1Pide informaci\u00f3n!","og_url":"https:\/\/spartasportcenter.com\/guadalajara\/gimnasio-centro-comercial-ferial-plaza\/","og_site_name":"Sparta Sport Center Guadalajara","article_modified_time":"2023-04-12T07:52:29+00:00","og_image":[{"width":2000,"height":1331,"url":"https:\/\/spartasportcenter.com\/guadalajara\/wp-content\/uploads\/2023\/04\/gimnasios-en-centro-comercial-ferial-plaza.jpg","type":"image\/jpeg"}],"twitter_card":"summary_large_image","schema":{"@context":"https:\/\/schema.org","@graph":[{"@type":"WebPage","@id":"https:\/\/spartasportcenter.com\/guadalajara\/gimnasio-centro-comercial-ferial-plaza\/","url":"https:\/\/spartasportcenter.com\/guadalajara\/gimnasio-centro-comercial-ferial-plaza\/","name":"Gimnasio Centro Comercial Ferial Plaza | Sparta Sport Center","isPartOf":{"@id":"https:\/\/spartasportcenter.com\/guadalajara\/#website"},"primaryImageOfPage":{"@id":"https:\/\/spartasportcenter.com\/guadalajara\/gimnasio-centro-comercial-ferial-plaza\/#primaryimage"},"image":{"@id":"https:\/\/spartasportcenter.com\/guadalajara\/gimnasio-centro-comercial-ferial-plaza\/#primaryimage"},"thumbnailUrl":"https:\/\/spartasportcenter.com\/guadalajara\/wp-content\/uploads\/2023\/04\/gimnasios-en-centro-comercial-ferial-plaza.jpg","datePublished":"2023-04-10T09:56:51+00:00","dateModified":"2023-04-12T07:52:29+00:00","description":"\u00bfEst\u00e1s buscando un gimnasio en el Centro Comercial Ferial Plaza en Guadalajara? En Sparta Sport Center podemos ayudarte. \u00a1Pide informaci\u00f3n!","breadcrumb":{"@id":"https:\/\/spartasportcenter.com\/guadalajara\/gimnasio-centro-comercial-ferial-plaza\/#breadcrumb"},"inLanguage":"es","potentialAction":[{"@type":"ReadAction","target":["https:\/\/spartasportcenter.com\/guadalajara\/gimnasio-centro-comercial-ferial-plaza\/"]}]},{"@type":"ImageObject","inLanguage":"es","@id":"https:\/\/spartasportcenter.com\/guadalajara\/gimnasio-centro-comercial-ferial-plaza\/#primaryimage","url":"https:\/\/spartasportcenter.com\/guadalajara\/wp-content\/uploads\/2023\/04\/gimnasios-en-centro-comercial-ferial-plaza.jpg","contentUrl":"https:\/\/spartasportcenter.com\/guadalajara\/wp-content\/uploads\/2023\/04\/gimnasios-en-centro-comercial-ferial-plaza.jpg","width":2000,"height":1331,"caption":"Gimnasio Centro Comercial Ferial Plaza"},{"@type":"BreadcrumbList","@id":"https:\/\/spartasportcenter.com\/guadalajara\/gimnasio-centro-comercial-ferial-plaza\/#breadcrumb","itemListElement":[{"@type":"ListItem","position":1,"name":"Portada","item":"https:\/\/spartasportcenter.com\/guadalajara\/"},{"@type":"ListItem","position":2,"name":"Gimnasio Centro Comercial Ferial Plaza"}]},{"@type":"WebSite","@id":"https:\/\/spartasportcenter.com\/guadalajara\/#website","url":"https:\/\/spartasportcenter.com\/guadalajara\/","name":"Sparta Sport Center Guadalajara","description":"Gimnasios en Guadalajara","potentialAction":[{"@type":"SearchAction","target":{"@type":"EntryPoint","urlTemplate":"https:\/\/spartasportcenter.com\/guadalajara\/?s={search_term_string}"},"query-input":{"@type":"PropertyValueSpecification","valueRequired":true,"valueName":"search_term_string"}}],"inLanguage":"es"}]}},"_links":{"self":[{"href":"https:\/\/spartasportcenter.com\/guadalajara\/wp-json\/wp\/v2\/pages\/220096","targetHints":{"allow":["GET"]}}],"collection":[{"href":"https:\/\/spartasportcenter.com\/guadalajara\/wp-json\/wp\/v2\/pages"}],"about":[{"href":"https:\/\/spartasportcenter.com\/guadalajara\/wp-json\/wp\/v2\/types\/page"}],"author":[{"embeddable":true,"href":"https:\/\/spartasportcenter.com\/guadalajara\/wp-json\/wp\/v2\/users\/1"}],"replies":[{"embeddable":true,"href":"https:\/\/spartasportcenter.com\/guadalajara\/wp-json\/wp\/v2\/comments?post=220096"}],"version-history":[{"count":0,"href":"https:\/\/spartasportcenter.com\/guadalajara\/wp-json\/wp\/v2\/pages\/220096\/revisions"}],"wp:featuredmedia":[{"embeddable":true,"href":"https:\/\/spartasportcenter.com\/guadalajara\/wp-json\/wp\/v2\/media\/220097"}],"wp:attachment":[{"href":"https:\/\/spartasportcenter.com\/guadalajara\/wp-json\/wp\/v2\/media?parent=220096"}],"curies":[{"name":"wp","href":"https:\/\/api.w.org\/{rel}","templated":true}]}}