{"id":216017,"date":"2021-07-22T13:42:08","date_gmt":"2021-07-22T11:42:08","guid":{"rendered":"https:\/\/spartasportcenter.com\/zamora\/?page_id=216017"},"modified":"2024-05-24T10:24:23","modified_gmt":"2024-05-24T08:24:23","slug":"combat-guadalajara","status":"publish","type":"page","link":"https:\/\/spartasportcenter.com\/guadalajara\/combat-guadalajara\/","title":{"rendered":"Body Combat Guadalajara"},"content":{"rendered":"\n[et_pb_section fb_built=\u00bb1&#8243; custom_padding_last_edited=\u00bbon|phone\u00bb disabled_on=\u00bboff|off|off\u00bb _builder_version=\u00bb4.16&#8243; background_color=\u00bb#262626&#8243; background_enable_image=\u00bboff\u00bb custom_margin=\u00bb||||false|false\u00bb custom_padding=\u00bb80px|0px|0px|0px|false|false\u00bb custom_padding_tablet=\u00bb\u00bb custom_padding_phone=\u00bb30px||50px||false|false\u00bb global_colors_info=\u00bb{}\u00bb][et_pb_row column_structure=\u00bb1_3,2_3&#8243; custom_padding_last_edited=\u00bbon|desktop\u00bb _builder_version=\u00bb4.16&#8243; _module_preset=\u00bbdefault\u00bb custom_padding=\u00bb0px||||false|false\u00bb custom_padding_tablet=\u00bb\u00bb custom_padding_phone=\u00bb0px||||false|false\u00bb global_colors_info=\u00bb{}\u00bb][et_pb_column type=\u00bb1_3&#8243; _builder_version=\u00bb4.16&#8243; _module_preset=\u00bbdefault\u00bb global_colors_info=\u00bb{}\u00bb][et_pb_text _builder_version=\u00bb4.16&#8243; text_font=\u00bb||||||||\u00bb header_font=\u00bb||||||||\u00bb header_text_align=\u00bbcenter\u00bb header_2_font=\u00bb|300||on|||||\u00bb header_2_text_align=\u00bbright\u00bb header_2_font_size=\u00bb29px\u00bb custom_margin=\u00bb||0px||false|false\u00bb custom_padding=\u00bb|15%|0px||false|false\u00bb header_2_text_align_tablet=\u00bb\u00bb header_2_text_align_phone=\u00bbleft\u00bb header_2_text_align_last_edited=\u00bbon|phone\u00bb header_2_font_size_tablet=\u00bb51px\u00bb header_2_font_size_phone=\u00bb25px\u00bb header_2_font_size_last_edited=\u00bbon|phone\u00bb border_width_right=\u00bb2px\u00bb border_color_right=\u00bb#cccccc\u00bb border_width_right_tablet=\u00bb\u00bb border_width_right_phone=\u00bb0px\u00bb border_width_right_last_edited=\u00bbon|phone\u00bb locked=\u00bboff\u00bb global_colors_info=\u00bb{}\u00bb]<h2>clases de Body Combat en Guadalajara<\/h2>[\/et_pb_text][\/et_pb_column][et_pb_column type=\u00bb2_3&#8243; _builder_version=\u00bb4.16&#8243; _module_preset=\u00bbdefault\u00bb global_colors_info=\u00bb{}\u00bb][et_pb_text _builder_version=\u00bb4.17.5&#8243; text_font=\u00bb|300|||||||\u00bb text_text_color=\u00bb#cccccc\u00bb text_line_height=\u00bb1.1em\u00bb header_font=\u00bb|300|||||||\u00bb header_2_font=\u00bb|300||on|||||\u00bb header_2_text_color=\u00bb#cccccc\u00bb header_2_font_size=\u00bb36px\u00bb header_2_letter_spacing=\u00bb2px\u00bb background_layout=\u00bbdark\u00bb global_colors_info=\u00bb{}\u00bb]<p><span style=\"font-weight: 400;\">En las rutinas de body combat que trabajamos en Sparta Sport Center <\/span><b>liberar\u00e1s grandes dosis de adrenalina<\/b><span style=\"font-weight: 400;\"> y descubrir\u00e1s tu fuerza interior. Este ejercicio f\u00edsico implica movimientos que derivan de una gran variedad de deportes como karate, boxeo, taekwondo, tai chi y muay thai.<\/span><\/p>\n<p><span style=\"font-weight: 400;\">Nuestras sesiones de body combat son dirigidas por <\/span><b>profesores certificados<\/b><span style=\"font-weight: 400;\">. Con ellos recibir\u00e1s todo el asesoramiento que necesites para que logres ejercitar todos los m\u00fasculos del cuerpo y te mantengas s\u00faper motivado. De manera que siempre lograr\u00e1s dar lo mejor de ti.<\/span><\/p>\n<p><span style=\"font-weight: 400;\">Aunque no requiere de contacto f\u00edsico, durante las clases visualizar\u00e1s a tu oponente (el instructor) y podr\u00e1s comenzar a simular una pelea. Por lo que <\/span><b>tendr\u00e1s que lanzar bastantes golpes y patadas al aire<\/b><span style=\"font-weight: 400;\">. Al final, estirar\u00e1s los m\u00fasculos de tu espalda, brazos, piernas y hombros y habr\u00e1s completado un entrenamiento estupendo.<\/span><\/p>[\/et_pb_text][\/et_pb_column][\/et_pb_row][et_pb_row column_structure=\u00bb1_3,2_3&#8243; custom_padding_last_edited=\u00bbon|phone\u00bb _builder_version=\u00bb4.16&#8243; _module_preset=\u00bbdefault\u00bb custom_margin=\u00bb||0px||false|false\u00bb custom_padding=\u00bb||||false|false\u00bb custom_padding_tablet=\u00bb\u00bb custom_padding_phone=\u00bb0px||0px||false|false\u00bb global_colors_info=\u00bb{}\u00bb][et_pb_column type=\u00bb1_3&#8243; _builder_version=\u00bb4.16&#8243; _module_preset=\u00bbdefault\u00bb global_colors_info=\u00bb{}\u00bb][et_pb_text _builder_version=\u00bb4.17.5&#8243; text_font=\u00bb||||||||\u00bb header_font=\u00bb||||||||\u00bb header_text_align=\u00bbcenter\u00bb header_2_font=\u00bb|300||on|||||\u00bb header_2_text_align=\u00bbright\u00bb header_2_font_size=\u00bb29px\u00bb custom_margin=\u00bb||0px||false|false\u00bb custom_padding=\u00bb|15%|0px||false|false\u00bb header_2_text_align_tablet=\u00bb\u00bb header_2_text_align_phone=\u00bbleft\u00bb header_2_text_align_last_edited=\u00bbon|phone\u00bb header_2_font_size_tablet=\u00bb51px\u00bb header_2_font_size_phone=\u00bb25px\u00bb header_2_font_size_last_edited=\u00bbon|phone\u00bb border_width_right=\u00bb2px\u00bb border_color_right=\u00bb#cccccc\u00bb border_width_right_tablet=\u00bb\u00bb border_width_right_phone=\u00bb0px\u00bb border_width_right_last_edited=\u00bbon|phone\u00bb locked=\u00bboff\u00bb global_colors_info=\u00bb{}\u00bb]<h2>Beneficios \ndel Body Combat en Guadalajara<\/h2>[\/et_pb_text][\/et_pb_column][et_pb_column type=\u00bb2_3&#8243; _builder_version=\u00bb4.16&#8243; _module_preset=\u00bbdefault\u00bb global_colors_info=\u00bb{}\u00bb][et_pb_text _builder_version=\u00bb4.17.5&#8243; text_font=\u00bb|300|||||||\u00bb text_text_color=\u00bb#cccccc\u00bb text_line_height=\u00bb1.1em\u00bb header_font=\u00bb|300|||||||\u00bb header_2_font=\u00bb|300||on|||||\u00bb header_2_text_color=\u00bb#cccccc\u00bb header_2_font_size=\u00bb36px\u00bb header_2_letter_spacing=\u00bb2px\u00bb background_layout=\u00bbdark\u00bb global_colors_info=\u00bb{}\u00bb]<p><span style=\"font-weight: 400;\">Los <\/span><b>principales beneficios<\/b><span style=\"font-weight: 400;\"> que obtendr\u00e1s al entrenar rutinas de body combat con nosotros son las siguientes:<\/span><\/p>\n<ul>\n<li style=\"font-weight: 400;\" aria-level=\"1\"><span style=\"font-weight: 400;\">En solo una sesi\u00f3n, que suele durar algo menos de una hora, <\/span><b>puedes quemar hasta 800 calor\u00edas<\/b><span style=\"font-weight: 400;\">.<\/span><\/li>\n<li style=\"font-weight: 400;\" aria-level=\"1\"><span style=\"font-weight: 400;\">Ofrece un entrenamiento y bienestar integral. No es una actividad centrada en un grupo muscular en concreto, sino que todo <\/span><b>tu cuerpo se pone a trabajar durante cada sesi\u00f3n<\/b><span style=\"font-weight: 400;\">. Por lo que es una opci\u00f3n ideal para tonificar.<\/span><\/li>\n<li style=\"font-weight: 400;\" aria-level=\"1\"><b>Liberar\u00e1s un mont\u00f3n de adrenalina<\/b><span style=\"font-weight: 400;\">. El coraz\u00f3n se te pondr\u00e1 a mil por hora, as\u00ed que ya puedes ir despidi\u00e9ndote del estr\u00e9s. Tras la sesi\u00f3n, seguro que todas tus preocupaciones se han esfumado.<\/span><\/li>\n<li style=\"font-weight: 400;\" aria-level=\"1\"><span style=\"font-weight: 400;\">Se trata de una pr\u00e1ctica muy din\u00e1mica, ya que <\/span><b>viene acompa\u00f1ada de m\u00fasica<\/b><span style=\"font-weight: 400;\">, de manera que el tiempo se te pasar\u00e1 volando.<\/span><\/li>\n<li style=\"font-weight: 400;\" aria-level=\"1\"><span style=\"font-weight: 400;\">Esta disciplina <\/span><b>har\u00e1 que tu resistencia aumente<\/b><span style=\"font-weight: 400;\">, gracias a que favorece la capacidad pulmonar.<\/span><\/li>\n<li style=\"font-weight: 400;\" aria-level=\"1\"><b>Mejora la coordinaci\u00f3n<\/b><span style=\"font-weight: 400;\">. Aunque al principio no des ni una, enseguida ser\u00e1s capaz de seguir la clase y de ejecutar todos los movimientos que vayan present\u00e1ndose.<\/span><\/li>\n<\/ul>[\/et_pb_text][\/et_pb_column][\/et_pb_row][\/et_pb_section][et_pb_section fb_built=\u00bb1&#8243; custom_padding_last_edited=\u00bbon|phone\u00bb _builder_version=\u00bb4.16&#8243; _module_preset=\u00bbdefault\u00bb background_color=\u00bb#262626&#8243; custom_padding=\u00bb0px||50px||false|false\u00bb custom_padding_tablet=\u00bb\u00bb custom_padding_phone=\u00bb||30px||false|false\u00bb global_colors_info=\u00bb{}\u00bb][et_pb_row column_structure=\u00bb1_3,2_3&#8243; custom_padding_last_edited=\u00bbon|phone\u00bb _builder_version=\u00bb4.16&#8243; _module_preset=\u00bbdefault\u00bb custom_padding_tablet=\u00bb\u00bb custom_padding_phone=\u00bb0px||0px||false|false\u00bb global_colors_info=\u00bb{}\u00bb][et_pb_column type=\u00bb1_3&#8243; _builder_version=\u00bb4.16&#8243; _module_preset=\u00bbdefault\u00bb global_colors_info=\u00bb{}\u00bb][et_pb_text _builder_version=\u00bb4.16&#8243; text_font=\u00bb||||||||\u00bb header_font=\u00bb||||||||\u00bb header_text_align=\u00bbcenter\u00bb header_2_font=\u00bb|300||on|||||\u00bb header_2_text_align=\u00bbright\u00bb header_2_font_size=\u00bb29px\u00bb custom_margin=\u00bb||0px||false|false\u00bb custom_padding=\u00bb|15%|0px||false|false\u00bb header_2_text_align_tablet=\u00bb\u00bb header_2_text_align_phone=\u00bbleft\u00bb header_2_text_align_last_edited=\u00bbon|phone\u00bb header_2_font_size_tablet=\u00bb51px\u00bb header_2_font_size_phone=\u00bb25px\u00bb header_2_font_size_last_edited=\u00bbon|phone\u00bb border_width_right=\u00bb2px\u00bb border_color_right=\u00bb#cccccc\u00bb border_width_right_tablet=\u00bb\u00bb border_width_right_phone=\u00bb0px\u00bb border_width_right_last_edited=\u00bbon|phone\u00bb locked=\u00bboff\u00bb global_colors_info=\u00bb{}\u00bb]<h2>Por qu\u00e9 Body Combat en Sparta Sport Center Guadalajara<\/h2>[\/et_pb_text][\/et_pb_column][et_pb_column type=\u00bb2_3&#8243; _builder_version=\u00bb4.16&#8243; _module_preset=\u00bbdefault\u00bb global_colors_info=\u00bb{}\u00bb][et_pb_text _builder_version=\u00bb4.17.5&#8243; text_font=\u00bb|300|||||||\u00bb text_text_color=\u00bb#cccccc\u00bb text_line_height=\u00bb1.1em\u00bb header_font=\u00bb|300|||||||\u00bb header_2_font=\u00bb|300||on|||||\u00bb header_2_text_color=\u00bb#cccccc\u00bb header_2_font_size=\u00bb36px\u00bb header_2_letter_spacing=\u00bb2px\u00bb background_layout=\u00bbdark\u00bb global_colors_info=\u00bb{}\u00bb]<p><span style=\"font-weight: 400;\">Nuestras clases de body combat en Guadalajara <\/span><b>combinan m\u00fasica en\u00e9rgica con movimientos f\u00e1ciles<\/b><span style=\"font-weight: 400;\"> y efectivos de distintas t\u00e9cnicas de combate y artes marciales. Creando as\u00ed un entrenamiento grupal f\u00e1cil, seguro, divertido y que da resultados.<\/span><\/p>\n<p><span style=\"font-weight: 400;\">Cada entrenamiento est\u00e1 lleno de movimientos explosivos que reducen la tensi\u00f3n, dan sensaci\u00f3n de bienestar, influyendo en la autoestima y la confianza y <\/span><b>mejorando la salud<\/b><span style=\"font-weight: 400;\">. Al mismo tiempo, mejora la capacidad cardiovascular, la coordinaci\u00f3n, incrementa la fuerza, y desarrolla el tono muscular.<\/span><\/p>\n<p><span style=\"font-weight: 400;\">Tambi\u00e9n, pondremos a tu disposici\u00f3n un grupo de nutricionistas que te asesoran para que complementes tus rutinas de ejercicios con una dieta balanceada. <\/span><b>\u00a1No lo pienses m\u00e1s y ven a entrenar con nosotros!<\/b><\/p>[\/et_pb_text][\/et_pb_column][\/et_pb_row][\/et_pb_section][et_pb_section fb_built=\u00bb1&#8243; _builder_version=\u00bb4.18.0&#8243; background_color=\u00bb#363636&#8243; background_image=\u00bbhttps:\/\/spartasportcenter.com\/guadalajara\/wp-content\/uploads\/2019\/09\/instalaciones-gimnasio-sparta-sport-center-pamplona-11.jpg\u00bb background_enable_image=\u00bboff\u00bb background_blend=\u00bbmultiply\u00bb custom_margin=\u00bb||||false|false\u00bb custom_padding=\u00bb0px|0px|0|0px|false|false\u00bb top_divider_flip=\u00bbhorizontal\u00bb global_module=\u00bb206679&#8243; global_colors_info=\u00bb{}\u00bb locked=\u00bboff\u00bb][et_pb_row _builder_version=\u00bb4.16&#8243; width=\u00bb100%\u00bb custom_padding=\u00bb40px|0px|40px|0px|false|false\u00bb global_colors_info=\u00bb{}\u00bb][et_pb_column type=\u00bb4_4&#8243; _builder_version=\u00bb4.16&#8243; custom_padding=\u00bb|||\u00bb global_colors_info=\u00bb{}\u00bb custom_padding__hover=\u00bb|||\u00bb][et_pb_text _builder_version=\u00bb4.16&#8243; text_font=\u00bb|300|||||||\u00bb text_text_color=\u00bb#cccccc\u00bb text_font_size=\u00bb36px\u00bb text_line_height=\u00bb1.3em\u00bb header_font=\u00bb||||||||\u00bb header_text_align=\u00bbcenter\u00bb header_text_color=\u00bb#ffffff\u00bb header_2_font=\u00bbStencilia-A||||||||\u00bb header_2_text_align=\u00bbcenter\u00bb header_2_text_color=\u00bb#ffffff\u00bb header_2_font_size=\u00bb61px\u00bb custom_margin=\u00bb||0px|\u00bb custom_padding=\u00bb||2%||false|false\u00bb text_font_size_tablet=\u00bb51px\u00bb text_font_size_phone=\u00bb25px\u00bb text_font_size_last_edited=\u00bbon|phone\u00bb header_2_font_size_tablet=\u00bb51px\u00bb header_2_font_size_phone=\u00bb24px\u00bb header_2_font_size_last_edited=\u00bbon|phone\u00bb text_text_shadow_style=\u00bbpreset1&#8243; header_text_shadow_style=\u00bbpreset1&#8243; header_2_text_shadow_style=\u00bbpreset1&#8243; global_colors_info=\u00bb{}\u00bb]<p style=\"text-align: center;\">\u00a1PRUEBA UN D\u00cdA GRATIS!<\/p>[\/et_pb_text][et_pb_button button_url=\u00bbhttps:\/\/spartasportcenter.com\/guadalajara\/prueba-un-dia-gratis\/\u00bb button_text=\u00bbSOLICITAR PRUEBA\u00bb button_alignment=\u00bbcenter\u00bb _builder_version=\u00bb4.17.5&#8243; custom_button=\u00bbon\u00bb button_text_color=\u00bb#FFFFFF\u00bb button_bg_color=\u00bb#d23d45&#8243; button_border_width=\u00bb1px\u00bb button_border_color=\u00bb#d23d45&#8243; button_border_radius=\u00bb0px\u00bb button_letter_spacing=\u00bb1px\u00bb button_font=\u00bb|300|||||||\u00bb button_use_icon=\u00bboff\u00bb custom_margin=\u00bb0%|||\u00bb custom_padding=\u00bb|||\u00bb button_text_size_tablet=\u00bb\u00bb button_text_size_phone=\u00bb16px\u00bb button_text_size_last_edited=\u00bbon|desktop\u00bb button_border_radius_hover=\u00bb0px\u00bb button_letter_spacing_hover=\u00bb3px\u00bb global_colors_info=\u00bb{}\u00bb button_text_size__hover_enabled=\u00bboff\u00bb button_text_size__hover=\u00bbnull\u00bb button_one_text_size__hover_enabled=\u00bboff\u00bb button_one_text_size__hover=\u00bbnull\u00bb button_two_text_size__hover_enabled=\u00bboff\u00bb button_two_text_size__hover=\u00bbnull\u00bb button_text_color__hover_enabled=\u00bbon|hover\u00bb button_text_color__hover=\u00bb#ffffff\u00bb button_one_text_color__hover_enabled=\u00bboff\u00bb button_one_text_color__hover=\u00bbnull\u00bb button_two_text_color__hover_enabled=\u00bboff\u00bb button_two_text_color__hover=\u00bbnull\u00bb button_border_width__hover_enabled=\u00bboff\u00bb button_border_width__hover=\u00bbnull\u00bb button_one_border_width__hover_enabled=\u00bboff\u00bb button_one_border_width__hover=\u00bbnull\u00bb button_two_border_width__hover_enabled=\u00bboff\u00bb button_two_border_width__hover=\u00bbnull\u00bb button_border_color__hover_enabled=\u00bbon|hover\u00bb button_border_color__hover=\u00bb#FFFFFF\u00bb button_one_border_color__hover_enabled=\u00bboff\u00bb button_one_border_color__hover=\u00bbnull\u00bb button_two_border_color__hover_enabled=\u00bboff\u00bb button_two_border_color__hover=\u00bbnull\u00bb button_border_radius__hover_enabled=\u00bboff|hover\u00bb button_border_radius__hover=\u00bb0px\u00bb button_one_border_radius__hover_enabled=\u00bboff\u00bb button_one_border_radius__hover=\u00bbnull\u00bb button_two_border_radius__hover_enabled=\u00bboff\u00bb button_two_border_radius__hover=\u00bbnull\u00bb button_letter_spacing__hover_enabled=\u00bboff|hover\u00bb button_letter_spacing__hover=\u00bb3px\u00bb button_one_letter_spacing__hover_enabled=\u00bboff\u00bb button_one_letter_spacing__hover=\u00bbnull\u00bb button_two_letter_spacing__hover_enabled=\u00bboff\u00bb button_two_letter_spacing__hover=\u00bbnull\u00bb button_bg_color__hover_enabled=\u00bbon|hover\u00bb button_bg_color__hover=\u00bbRGBA(0,0,0,0)\u00bb button_one_bg_color__hover_enabled=\u00bboff\u00bb button_one_bg_color__hover=\u00bbnull\u00bb button_two_bg_color__hover_enabled=\u00bboff\u00bb button_two_bg_color__hover=\u00bbnull\u00bb button_bg_enable_color__hover=\u00bbon\u00bb][\/et_pb_button][\/et_pb_column][\/et_pb_row][\/et_pb_section]\n","protected":false},"excerpt":{"rendered":"<p>clases de Body Combat en GuadalajaraEn las rutinas de body combat que trabajamos en Sparta Sport Center liberar\u00e1s grandes dosis de adrenalina y descubrir\u00e1s tu fuerza interior. Este ejercicio f\u00edsico implica movimientos que derivan de una gran variedad de deportes como karate, boxeo, taekwondo, tai chi y muay thai. Nuestras sesiones de body combat son [&hellip;]<\/p>\n","protected":false},"author":1,"featured_media":222255,"parent":0,"menu_order":0,"comment_status":"closed","ping_status":"closed","template":"","meta":{"_et_pb_use_builder":"on","_et_pb_old_content":"<!-- wp:divi\/placeholder \/-->","_et_gb_content_width":"","footnotes":""},"class_list":["post-216017","page","type-page","status-publish","has-post-thumbnail","hentry"],"yoast_head":"<!-- This site is optimized with the Yoast SEO plugin v27.4 - https:\/\/yoast.com\/product\/yoast-seo-wordpress\/ -->\n<title>Body Combat en Guadalajara | Sparta Sport Center<\/title>\n<meta name=\"description\" content=\"Ap\u00fantate a nuestras CLASES DE BODY COMBAT en Guadalajara. Ideal para ganar resistencia, fuerza y elasticidad. Disfruta de nuestra primera clase gratuita\" \/>\n<meta name=\"robots\" content=\"index, follow, max-snippet:-1, max-image-preview:large, max-video-preview:-1\" \/>\n<link rel=\"canonical\" href=\"https:\/\/spartasportcenter.com\/guadalajara\/combat-guadalajara\/\" \/>\n<meta property=\"og:locale\" content=\"es_ES\" \/>\n<meta property=\"og:type\" content=\"article\" \/>\n<meta property=\"og:title\" content=\"Body Combat en Guadalajara | Sparta Sport Center\" \/>\n<meta property=\"og:description\" content=\"Ap\u00fantate a nuestras CLASES DE BODY COMBAT en Guadalajara. Ideal para ganar resistencia, fuerza y elasticidad. Disfruta de nuestra primera clase gratuita\" \/>\n<meta property=\"og:url\" content=\"https:\/\/spartasportcenter.com\/guadalajara\/combat-guadalajara\/\" \/>\n<meta property=\"og:site_name\" content=\"Sparta Sport Center Guadalajara\" \/>\n<meta property=\"article:modified_time\" content=\"2024-05-24T08:24:23+00:00\" \/>\n<meta property=\"og:image\" content=\"https:\/\/spartasportcenter.com\/guadalajara\/wp-content\/uploads\/2024\/05\/body-combat-guadalajara.webp\" \/>\n\t<meta property=\"og:image:width\" content=\"2000\" \/>\n\t<meta property=\"og:image:height\" content=\"1333\" \/>\n\t<meta property=\"og:image:type\" content=\"image\/webp\" \/>\n<meta name=\"twitter:card\" content=\"summary_large_image\" \/>\n<meta name=\"twitter:label1\" content=\"Tiempo de lectura\" \/>\n\t<meta name=\"twitter:data1\" content=\"3 minutos\" \/>\n<script type=\"application\/ld+json\" class=\"yoast-schema-graph\">{\"@context\":\"https:\\\/\\\/schema.org\",\"@graph\":[{\"@type\":\"WebPage\",\"@id\":\"https:\\\/\\\/spartasportcenter.com\\\/guadalajara\\\/combat-guadalajara\\\/\",\"url\":\"https:\\\/\\\/spartasportcenter.com\\\/guadalajara\\\/combat-guadalajara\\\/\",\"name\":\"Body Combat en Guadalajara | Sparta Sport Center\",\"isPartOf\":{\"@id\":\"https:\\\/\\\/spartasportcenter.com\\\/guadalajara\\\/#website\"},\"primaryImageOfPage\":{\"@id\":\"https:\\\/\\\/spartasportcenter.com\\\/guadalajara\\\/combat-guadalajara\\\/#primaryimage\"},\"image\":{\"@id\":\"https:\\\/\\\/spartasportcenter.com\\\/guadalajara\\\/combat-guadalajara\\\/#primaryimage\"},\"thumbnailUrl\":\"https:\\\/\\\/spartasportcenter.com\\\/guadalajara\\\/wp-content\\\/uploads\\\/2024\\\/05\\\/body-combat-guadalajara.webp\",\"datePublished\":\"2021-07-22T11:42:08+00:00\",\"dateModified\":\"2024-05-24T08:24:23+00:00\",\"description\":\"Ap\u00fantate a nuestras CLASES DE BODY COMBAT en Guadalajara. Ideal para ganar resistencia, fuerza y elasticidad. Disfruta de nuestra primera clase gratuita\",\"breadcrumb\":{\"@id\":\"https:\\\/\\\/spartasportcenter.com\\\/guadalajara\\\/combat-guadalajara\\\/#breadcrumb\"},\"inLanguage\":\"es\",\"potentialAction\":[{\"@type\":\"ReadAction\",\"target\":[\"https:\\\/\\\/spartasportcenter.com\\\/guadalajara\\\/combat-guadalajara\\\/\"]}]},{\"@type\":\"ImageObject\",\"inLanguage\":\"es\",\"@id\":\"https:\\\/\\\/spartasportcenter.com\\\/guadalajara\\\/combat-guadalajara\\\/#primaryimage\",\"url\":\"https:\\\/\\\/spartasportcenter.com\\\/guadalajara\\\/wp-content\\\/uploads\\\/2024\\\/05\\\/body-combat-guadalajara.webp\",\"contentUrl\":\"https:\\\/\\\/spartasportcenter.com\\\/guadalajara\\\/wp-content\\\/uploads\\\/2024\\\/05\\\/body-combat-guadalajara.webp\",\"width\":2000,\"height\":1333,\"caption\":\"body combat guadalajara\"},{\"@type\":\"BreadcrumbList\",\"@id\":\"https:\\\/\\\/spartasportcenter.com\\\/guadalajara\\\/combat-guadalajara\\\/#breadcrumb\",\"itemListElement\":[{\"@type\":\"ListItem\",\"position\":1,\"name\":\"Portada\",\"item\":\"https:\\\/\\\/spartasportcenter.com\\\/guadalajara\\\/\"},{\"@type\":\"ListItem\",\"position\":2,\"name\":\"Body Combat Guadalajara\"}]},{\"@type\":\"WebSite\",\"@id\":\"https:\\\/\\\/spartasportcenter.com\\\/guadalajara\\\/#website\",\"url\":\"https:\\\/\\\/spartasportcenter.com\\\/guadalajara\\\/\",\"name\":\"Sparta Sport Center Guadalajara\",\"description\":\"Gimnasios en Guadalajara\",\"potentialAction\":[{\"@type\":\"SearchAction\",\"target\":{\"@type\":\"EntryPoint\",\"urlTemplate\":\"https:\\\/\\\/spartasportcenter.com\\\/guadalajara\\\/?s={search_term_string}\"},\"query-input\":{\"@type\":\"PropertyValueSpecification\",\"valueRequired\":true,\"valueName\":\"search_term_string\"}}],\"inLanguage\":\"es\"}]}<\/script>\n<!-- \/ Yoast SEO plugin. -->","yoast_head_json":{"title":"Body Combat en Guadalajara | Sparta Sport Center","description":"Ap\u00fantate a nuestras CLASES DE BODY COMBAT en Guadalajara. Ideal para ganar resistencia, fuerza y elasticidad. Disfruta de nuestra primera clase gratuita","robots":{"index":"index","follow":"follow","max-snippet":"max-snippet:-1","max-image-preview":"max-image-preview:large","max-video-preview":"max-video-preview:-1"},"canonical":"https:\/\/spartasportcenter.com\/guadalajara\/combat-guadalajara\/","og_locale":"es_ES","og_type":"article","og_title":"Body Combat en Guadalajara | Sparta Sport Center","og_description":"Ap\u00fantate a nuestras CLASES DE BODY COMBAT en Guadalajara. Ideal para ganar resistencia, fuerza y elasticidad. Disfruta de nuestra primera clase gratuita","og_url":"https:\/\/spartasportcenter.com\/guadalajara\/combat-guadalajara\/","og_site_name":"Sparta Sport Center Guadalajara","article_modified_time":"2024-05-24T08:24:23+00:00","og_image":[{"width":2000,"height":1333,"url":"https:\/\/spartasportcenter.com\/guadalajara\/wp-content\/uploads\/2024\/05\/body-combat-guadalajara.webp","type":"image\/webp"}],"twitter_card":"summary_large_image","twitter_misc":{"Tiempo de lectura":"3 minutos"},"schema":{"@context":"https:\/\/schema.org","@graph":[{"@type":"WebPage","@id":"https:\/\/spartasportcenter.com\/guadalajara\/combat-guadalajara\/","url":"https:\/\/spartasportcenter.com\/guadalajara\/combat-guadalajara\/","name":"Body Combat en Guadalajara | Sparta Sport Center","isPartOf":{"@id":"https:\/\/spartasportcenter.com\/guadalajara\/#website"},"primaryImageOfPage":{"@id":"https:\/\/spartasportcenter.com\/guadalajara\/combat-guadalajara\/#primaryimage"},"image":{"@id":"https:\/\/spartasportcenter.com\/guadalajara\/combat-guadalajara\/#primaryimage"},"thumbnailUrl":"https:\/\/spartasportcenter.com\/guadalajara\/wp-content\/uploads\/2024\/05\/body-combat-guadalajara.webp","datePublished":"2021-07-22T11:42:08+00:00","dateModified":"2024-05-24T08:24:23+00:00","description":"Ap\u00fantate a nuestras CLASES DE BODY COMBAT en Guadalajara. Ideal para ganar resistencia, fuerza y elasticidad. Disfruta de nuestra primera clase gratuita","breadcrumb":{"@id":"https:\/\/spartasportcenter.com\/guadalajara\/combat-guadalajara\/#breadcrumb"},"inLanguage":"es","potentialAction":[{"@type":"ReadAction","target":["https:\/\/spartasportcenter.com\/guadalajara\/combat-guadalajara\/"]}]},{"@type":"ImageObject","inLanguage":"es","@id":"https:\/\/spartasportcenter.com\/guadalajara\/combat-guadalajara\/#primaryimage","url":"https:\/\/spartasportcenter.com\/guadalajara\/wp-content\/uploads\/2024\/05\/body-combat-guadalajara.webp","contentUrl":"https:\/\/spartasportcenter.com\/guadalajara\/wp-content\/uploads\/2024\/05\/body-combat-guadalajara.webp","width":2000,"height":1333,"caption":"body combat guadalajara"},{"@type":"BreadcrumbList","@id":"https:\/\/spartasportcenter.com\/guadalajara\/combat-guadalajara\/#breadcrumb","itemListElement":[{"@type":"ListItem","position":1,"name":"Portada","item":"https:\/\/spartasportcenter.com\/guadalajara\/"},{"@type":"ListItem","position":2,"name":"Body Combat Guadalajara"}]},{"@type":"WebSite","@id":"https:\/\/spartasportcenter.com\/guadalajara\/#website","url":"https:\/\/spartasportcenter.com\/guadalajara\/","name":"Sparta Sport Center Guadalajara","description":"Gimnasios en Guadalajara","potentialAction":[{"@type":"SearchAction","target":{"@type":"EntryPoint","urlTemplate":"https:\/\/spartasportcenter.com\/guadalajara\/?s={search_term_string}"},"query-input":{"@type":"PropertyValueSpecification","valueRequired":true,"valueName":"search_term_string"}}],"inLanguage":"es"}]}},"_links":{"self":[{"href":"https:\/\/spartasportcenter.com\/guadalajara\/wp-json\/wp\/v2\/pages\/216017","targetHints":{"allow":["GET"]}}],"collection":[{"href":"https:\/\/spartasportcenter.com\/guadalajara\/wp-json\/wp\/v2\/pages"}],"about":[{"href":"https:\/\/spartasportcenter.com\/guadalajara\/wp-json\/wp\/v2\/types\/page"}],"author":[{"embeddable":true,"href":"https:\/\/spartasportcenter.com\/guadalajara\/wp-json\/wp\/v2\/users\/1"}],"replies":[{"embeddable":true,"href":"https:\/\/spartasportcenter.com\/guadalajara\/wp-json\/wp\/v2\/comments?post=216017"}],"version-history":[{"count":1,"href":"https:\/\/spartasportcenter.com\/guadalajara\/wp-json\/wp\/v2\/pages\/216017\/revisions"}],"predecessor-version":[{"id":222272,"href":"https:\/\/spartasportcenter.com\/guadalajara\/wp-json\/wp\/v2\/pages\/216017\/revisions\/222272"}],"wp:featuredmedia":[{"embeddable":true,"href":"https:\/\/spartasportcenter.com\/guadalajara\/wp-json\/wp\/v2\/media\/222255"}],"wp:attachment":[{"href":"https:\/\/spartasportcenter.com\/guadalajara\/wp-json\/wp\/v2\/media?parent=216017"}],"curies":[{"name":"wp","href":"https:\/\/api.w.org\/{rel}","templated":true}]}}