{"id":206541,"date":"2018-08-20T15:40:03","date_gmt":"2018-08-20T15:40:03","guid":{"rendered":"https:\/\/pamplona.spartasportcenter.com\/?page_id=206541"},"modified":"2024-05-24T10:24:34","modified_gmt":"2024-05-24T08:24:34","slug":"spinning-guadalajara","status":"publish","type":"page","link":"https:\/\/spartasportcenter.com\/guadalajara\/spinning-guadalajara\/","title":{"rendered":"Spinning Guadalajara"},"content":{"rendered":"\n[et_pb_section fb_built=\u00bb1&#8243; custom_padding_last_edited=\u00bbon|phone\u00bb disabled_on=\u00bboff|off|off\u00bb _builder_version=\u00bb4.16&#8243; background_color=\u00bb#262626&#8243; background_enable_image=\u00bboff\u00bb custom_margin=\u00bb||||false|false\u00bb custom_padding=\u00bb80px|0px|0px|0px|false|false\u00bb custom_padding_tablet=\u00bb\u00bb custom_padding_phone=\u00bb30px||50px||false|false\u00bb global_colors_info=\u00bb{}\u00bb][et_pb_row column_structure=\u00bb1_3,2_3&#8243; custom_padding_last_edited=\u00bbon|desktop\u00bb _builder_version=\u00bb4.16&#8243; _module_preset=\u00bbdefault\u00bb custom_padding=\u00bb0px||||false|false\u00bb custom_padding_tablet=\u00bb\u00bb custom_padding_phone=\u00bb0px||||false|false\u00bb global_colors_info=\u00bb{}\u00bb][et_pb_column type=\u00bb1_3&#8243; _builder_version=\u00bb4.16&#8243; _module_preset=\u00bbdefault\u00bb global_colors_info=\u00bb{}\u00bb][et_pb_text _builder_version=\u00bb4.16&#8243; text_font=\u00bb||||||||\u00bb header_font=\u00bb||||||||\u00bb header_text_align=\u00bbcenter\u00bb header_2_font=\u00bb|300||on|||||\u00bb header_2_text_align=\u00bbright\u00bb header_2_font_size=\u00bb29px\u00bb custom_margin=\u00bb||0px||false|false\u00bb custom_padding=\u00bb|15%|0px||false|false\u00bb header_2_text_align_tablet=\u00bb\u00bb header_2_text_align_phone=\u00bbleft\u00bb header_2_text_align_last_edited=\u00bbon|phone\u00bb header_2_font_size_tablet=\u00bb51px\u00bb header_2_font_size_phone=\u00bb25px\u00bb header_2_font_size_last_edited=\u00bbon|phone\u00bb border_width_right=\u00bb2px\u00bb border_color_right=\u00bb#cccccc\u00bb border_width_right_tablet=\u00bb\u00bb border_width_right_phone=\u00bb0px\u00bb border_width_right_last_edited=\u00bbon|phone\u00bb locked=\u00bboff\u00bb global_colors_info=\u00bb{}\u00bb]<h2>clases de Spinning en Guadalajara<\/h2>[\/et_pb_text][\/et_pb_column][et_pb_column type=\u00bb2_3&#8243; _builder_version=\u00bb4.16&#8243; _module_preset=\u00bbdefault\u00bb global_colors_info=\u00bb{}\u00bb][et_pb_text _builder_version=\u00bb4.17.5&#8243; text_font=\u00bb|300|||||||\u00bb text_text_color=\u00bb#cccccc\u00bb text_line_height=\u00bb1.1em\u00bb header_font=\u00bb|300|||||||\u00bb header_2_font=\u00bb|300||on|||||\u00bb header_2_text_color=\u00bb#cccccc\u00bb header_2_font_size=\u00bb36px\u00bb header_2_letter_spacing=\u00bb2px\u00bb background_layout=\u00bbdark\u00bb global_colors_info=\u00bb{}\u00bb]<p><span style=\"font-weight: 400;\">En las clases de spinning en Guadalajara que te proponemos en Sparta Sport Center, vas a poder entrenar mientras te lo pasas bien. Somos un <\/span><b>gimnasio especializado en el rendimiento del ciclo indoor<\/b><span style=\"font-weight: 400;\">, en donde hacemos de esta actividad algo innovador, saludable y divertido, algo que nunca antes hab\u00edas practicado.<\/span><\/p>\n<p><span style=\"font-weight: 400;\">Nuestras clases est\u00e1n dise\u00f1adas para todas aquellas personas amantes del ejercicio cardiovascular<\/span><b>. \u00a1No importa si nunca antes has practicado ciclismo!\u00a0<\/b><\/p>\n<p><span style=\"font-weight: 400;\">El ambiente que ofrecemos es el m\u00e1s adecuado para el desarrollo de esta actividad. M\u00fasica alta, oscuridad y luces de colores. Los grupos de personas son reducidos para as\u00ed poder ofrecerle a cada uno, el <\/span><b>servicio exclusivo<\/b><span style=\"font-weight: 400;\"> que tanto buscan y por el que tanto destacamos.<\/span><\/p>\n<p><span style=\"font-weight: 400;\">Un monitor personalizado es todo lo que necesitas para alcanzar tus metas. Por eso, nuestros profesores se encargar\u00e1n de prepararte <\/span><b>para que logres aquello que cre\u00edas imposible<\/b><span style=\"font-weight: 400;\">. Creamos planes adaptados a tus necesidades y te acompa\u00f1aremos en cada etapa con profesionalidad y pasi\u00f3n.<\/span><\/p>[\/et_pb_text][\/et_pb_column][\/et_pb_row][et_pb_row column_structure=\u00bb1_3,2_3&#8243; custom_padding_last_edited=\u00bbon|phone\u00bb _builder_version=\u00bb4.16&#8243; _module_preset=\u00bbdefault\u00bb custom_margin=\u00bb||0px||false|false\u00bb custom_padding=\u00bb||||false|false\u00bb custom_padding_tablet=\u00bb\u00bb custom_padding_phone=\u00bb0px||0px||false|false\u00bb global_colors_info=\u00bb{}\u00bb][et_pb_column type=\u00bb1_3&#8243; _builder_version=\u00bb4.16&#8243; _module_preset=\u00bbdefault\u00bb global_colors_info=\u00bb{}\u00bb][et_pb_text _builder_version=\u00bb4.16&#8243; text_font=\u00bb||||||||\u00bb header_font=\u00bb||||||||\u00bb header_text_align=\u00bbcenter\u00bb header_2_font=\u00bb|300||on|||||\u00bb header_2_text_align=\u00bbright\u00bb header_2_font_size=\u00bb29px\u00bb custom_margin=\u00bb||0px||false|false\u00bb custom_padding=\u00bb|15%|0px||false|false\u00bb header_2_text_align_tablet=\u00bb\u00bb header_2_text_align_phone=\u00bbleft\u00bb header_2_text_align_last_edited=\u00bbon|phone\u00bb header_2_font_size_tablet=\u00bb51px\u00bb header_2_font_size_phone=\u00bb25px\u00bb header_2_font_size_last_edited=\u00bbon|phone\u00bb border_width_right=\u00bb2px\u00bb border_color_right=\u00bb#cccccc\u00bb border_width_right_tablet=\u00bb\u00bb border_width_right_phone=\u00bb0px\u00bb border_width_right_last_edited=\u00bbon|phone\u00bb locked=\u00bboff\u00bb global_colors_info=\u00bb{}\u00bb]<h2>Beneficios del Spinning en Guadalajara<\/h2>[\/et_pb_text][\/et_pb_column][et_pb_column type=\u00bb2_3&#8243; _builder_version=\u00bb4.16&#8243; _module_preset=\u00bbdefault\u00bb global_colors_info=\u00bb{}\u00bb][et_pb_text _builder_version=\u00bb4.17.5&#8243; text_font=\u00bb|300|||||||\u00bb text_text_color=\u00bb#cccccc\u00bb text_line_height=\u00bb1.1em\u00bb header_font=\u00bb|300|||||||\u00bb header_2_font=\u00bb|300||on|||||\u00bb header_2_text_color=\u00bb#cccccc\u00bb header_2_font_size=\u00bb36px\u00bb header_2_letter_spacing=\u00bb2px\u00bb background_layout=\u00bbdark\u00bb global_colors_info=\u00bb{}\u00bb]<p><span style=\"font-weight: 400;\">Estos son algunos de los <\/span><b>beneficios que obtendr\u00e1s<\/b><span style=\"font-weight: 400;\"> con nuestras clases de spinning en Guadalajara:\u00a0<\/span><\/p>\n<ul>\n<li style=\"font-weight: 400;\" aria-level=\"1\"><span style=\"font-weight: 400;\">Ayuda a <\/span><b>combatir el estr\u00e9s<\/b><span style=\"font-weight: 400;\">, ya que elimina la tensi\u00f3n acumulada.\u00a0<\/span><\/li>\n<li style=\"font-weight: 400;\" aria-level=\"1\"><span style=\"font-weight: 400;\">Contribuye a la <\/span><b>tonificaci\u00f3n simult\u00e1nea de varias zonas del cuerpo,<\/b><span style=\"font-weight: 400;\"> en especial piernas y gl\u00fateos.<\/span><\/li>\n<li style=\"font-weight: 400;\" aria-level=\"1\"><span style=\"font-weight: 400;\">Es uno de los deportes m\u00e1s completos para <\/span><b>quemar grasa<\/b><span style=\"font-weight: 400;\">. Una sesi\u00f3n de intensidad normal puede llegar a quemar hasta 700 calor\u00edas.<\/span><\/li>\n<li style=\"font-weight: 400;\" aria-level=\"1\"><b>Mejora la salud del coraz\u00f3n<\/b><span style=\"font-weight: 400;\"> y, por tanto, se ve reducido el riesgo de padecer enfermedades card\u00edacas.<\/span><\/li>\n<li style=\"font-weight: 400;\" aria-level=\"1\"><b>Sube la autoestima,<\/b><span style=\"font-weight: 400;\"> lo que permite obtener una mayor fortaleza mental.<\/span><\/li>\n<li style=\"font-weight: 400;\" aria-level=\"1\"><span style=\"font-weight: 400;\">Al ser entrenamientos grupales, son m\u00e1s agradables y <\/span><b>ayudan a empatizar con los dem\u00e1s<\/b><span style=\"font-weight: 400;\">.\u00a0<\/span><\/li>\n<\/ul>[\/et_pb_text][\/et_pb_column][\/et_pb_row][\/et_pb_section][et_pb_section fb_built=\u00bb1&#8243; custom_padding_last_edited=\u00bbon|phone\u00bb _builder_version=\u00bb4.16&#8243; _module_preset=\u00bbdefault\u00bb background_color=\u00bb#262626&#8243; custom_padding=\u00bb0px||50px||false|false\u00bb custom_padding_tablet=\u00bb\u00bb custom_padding_phone=\u00bb||30px||false|false\u00bb global_colors_info=\u00bb{}\u00bb][et_pb_row column_structure=\u00bb1_3,2_3&#8243; custom_padding_last_edited=\u00bbon|phone\u00bb _builder_version=\u00bb4.16&#8243; _module_preset=\u00bbdefault\u00bb custom_padding_tablet=\u00bb\u00bb custom_padding_phone=\u00bb0px||0px||false|false\u00bb global_colors_info=\u00bb{}\u00bb][et_pb_column type=\u00bb1_3&#8243; _builder_version=\u00bb4.16&#8243; _module_preset=\u00bbdefault\u00bb global_colors_info=\u00bb{}\u00bb][et_pb_text _builder_version=\u00bb4.16&#8243; text_font=\u00bb||||||||\u00bb header_font=\u00bb||||||||\u00bb header_text_align=\u00bbcenter\u00bb header_2_font=\u00bb|300||on|||||\u00bb header_2_text_align=\u00bbright\u00bb header_2_font_size=\u00bb29px\u00bb custom_margin=\u00bb||0px||false|false\u00bb custom_padding=\u00bb|15%|0px||false|false\u00bb header_2_text_align_tablet=\u00bb\u00bb header_2_text_align_phone=\u00bbleft\u00bb header_2_text_align_last_edited=\u00bbon|phone\u00bb header_2_font_size_tablet=\u00bb51px\u00bb header_2_font_size_phone=\u00bb25px\u00bb header_2_font_size_last_edited=\u00bbon|phone\u00bb border_width_right=\u00bb2px\u00bb border_color_right=\u00bb#cccccc\u00bb border_width_right_tablet=\u00bb\u00bb border_width_right_phone=\u00bb0px\u00bb border_width_right_last_edited=\u00bbon|phone\u00bb locked=\u00bboff\u00bb global_colors_info=\u00bb{}\u00bb]<h2>Por qu\u00e9 Spinning en Sparta Sport Center Guadalajara<\/h2>[\/et_pb_text][\/et_pb_column][et_pb_column type=\u00bb2_3&#8243; _builder_version=\u00bb4.16&#8243; _module_preset=\u00bbdefault\u00bb global_colors_info=\u00bb{}\u00bb][et_pb_text _builder_version=\u00bb4.17.5&#8243; text_font=\u00bb|300|||||||\u00bb text_text_color=\u00bb#cccccc\u00bb text_line_height=\u00bb1.1em\u00bb header_font=\u00bb|300|||||||\u00bb header_2_font=\u00bb|300||on|||||\u00bb header_2_text_color=\u00bb#cccccc\u00bb header_2_font_size=\u00bb36px\u00bb header_2_letter_spacing=\u00bb2px\u00bb background_layout=\u00bbdark\u00bb global_colors_info=\u00bb{}\u00bb]<p><span style=\"font-weight: 400;\">Sparta Sport Center Guadalajara nace de la idea de crear un ambiente donde se disfrute por completo de cada sesi\u00f3n de spinning, y acabes con una grata sensaci\u00f3n de bienestar. En nuestro moderno box <\/span><b>disfrutar\u00e1s de unas clases privilegiadas<\/b><span style=\"font-weight: 400;\"> y practicar diferentes rutinas de la mano de profesores experimentados.<\/span><\/p>\n<p><span style=\"font-weight: 400;\">Gracias a que nuestras sesiones son reducidas, podemos controlar mucho mejor a cada persona, <\/span><b>evitando al m\u00e1ximo que cometa equivocaciones<\/b><span style=\"font-weight: 400;\"> en la ejecuci\u00f3n de los ejercicios.<\/span><\/p>\n<p><span style=\"font-weight: 400;\">Si tienes dudas sobre si este es tu deporte definitivo, <\/span><b>ac\u00e9rcate y comprueba por ti mismo<\/b><span style=\"font-weight: 400;\"> lo divertidas y entretenidas que son nuestras clases de spinning en Guadalajara. Si deseas hacer spinning, en Sparta Sport Center Guadalajara somos tu mejor opci\u00f3n.<\/span><\/p>[\/et_pb_text][\/et_pb_column][\/et_pb_row][\/et_pb_section][et_pb_section fb_built=\u00bb1&#8243; _builder_version=\u00bb4.18.0&#8243; background_color=\u00bb#363636&#8243; background_image=\u00bbhttps:\/\/spartasportcenter.com\/guadalajara\/wp-content\/uploads\/2019\/09\/instalaciones-gimnasio-sparta-sport-center-pamplona-11.jpg\u00bb background_enable_image=\u00bboff\u00bb background_blend=\u00bbmultiply\u00bb custom_margin=\u00bb||||false|false\u00bb custom_padding=\u00bb0px|0px|0|0px|false|false\u00bb top_divider_flip=\u00bbhorizontal\u00bb global_module=\u00bb206679&#8243; global_colors_info=\u00bb{}\u00bb locked=\u00bboff\u00bb][et_pb_row _builder_version=\u00bb4.16&#8243; width=\u00bb100%\u00bb custom_padding=\u00bb40px|0px|40px|0px|false|false\u00bb global_colors_info=\u00bb{}\u00bb][et_pb_column type=\u00bb4_4&#8243; _builder_version=\u00bb4.16&#8243; custom_padding=\u00bb|||\u00bb global_colors_info=\u00bb{}\u00bb custom_padding__hover=\u00bb|||\u00bb][et_pb_text _builder_version=\u00bb4.16&#8243; text_font=\u00bb|300|||||||\u00bb text_text_color=\u00bb#cccccc\u00bb text_font_size=\u00bb36px\u00bb text_line_height=\u00bb1.3em\u00bb header_font=\u00bb||||||||\u00bb header_text_align=\u00bbcenter\u00bb header_text_color=\u00bb#ffffff\u00bb header_2_font=\u00bbStencilia-A||||||||\u00bb header_2_text_align=\u00bbcenter\u00bb header_2_text_color=\u00bb#ffffff\u00bb header_2_font_size=\u00bb61px\u00bb custom_margin=\u00bb||0px|\u00bb custom_padding=\u00bb||2%||false|false\u00bb text_font_size_tablet=\u00bb51px\u00bb text_font_size_phone=\u00bb25px\u00bb text_font_size_last_edited=\u00bbon|phone\u00bb header_2_font_size_tablet=\u00bb51px\u00bb header_2_font_size_phone=\u00bb24px\u00bb header_2_font_size_last_edited=\u00bbon|phone\u00bb text_text_shadow_style=\u00bbpreset1&#8243; header_text_shadow_style=\u00bbpreset1&#8243; header_2_text_shadow_style=\u00bbpreset1&#8243; global_colors_info=\u00bb{}\u00bb]<p style=\"text-align: center;\">\u00a1PRUEBA UN D\u00cdA GRATIS!<\/p>[\/et_pb_text][et_pb_button button_url=\u00bbhttps:\/\/spartasportcenter.com\/guadalajara\/prueba-un-dia-gratis\/\u00bb button_text=\u00bbSOLICITAR PRUEBA\u00bb button_alignment=\u00bbcenter\u00bb _builder_version=\u00bb4.18.0&#8243; custom_button=\u00bbon\u00bb button_text_color=\u00bb#FFFFFF\u00bb button_bg_color=\u00bb#d23d45&#8243; button_border_width=\u00bb1px\u00bb button_border_color=\u00bb#d23d45&#8243; button_border_radius=\u00bb0px\u00bb button_letter_spacing=\u00bb1px\u00bb button_font=\u00bb|300|||||||\u00bb button_use_icon=\u00bboff\u00bb custom_margin=\u00bb0%|||\u00bb custom_padding=\u00bb|||\u00bb hover_enabled=\u00bb0&#8243; button_text_size_tablet=\u00bb\u00bb button_text_size_phone=\u00bb16px\u00bb button_text_size_last_edited=\u00bbon|desktop\u00bb button_border_radius_hover=\u00bb0px\u00bb button_letter_spacing_hover=\u00bb3px\u00bb global_colors_info=\u00bb{}\u00bb button_text_size__hover_enabled=\u00bboff\u00bb button_text_size__hover=\u00bbnull\u00bb button_one_text_size__hover_enabled=\u00bboff\u00bb button_one_text_size__hover=\u00bbnull\u00bb button_two_text_size__hover_enabled=\u00bboff\u00bb button_two_text_size__hover=\u00bbnull\u00bb button_text_color__hover_enabled=\u00bbon|hover\u00bb button_text_color__hover=\u00bb#ffffff\u00bb button_one_text_color__hover_enabled=\u00bboff\u00bb button_one_text_color__hover=\u00bbnull\u00bb button_two_text_color__hover_enabled=\u00bboff\u00bb button_two_text_color__hover=\u00bbnull\u00bb button_border_width__hover_enabled=\u00bboff\u00bb button_border_width__hover=\u00bbnull\u00bb button_one_border_width__hover_enabled=\u00bboff\u00bb button_one_border_width__hover=\u00bbnull\u00bb button_two_border_width__hover_enabled=\u00bboff\u00bb button_two_border_width__hover=\u00bbnull\u00bb button_border_color__hover_enabled=\u00bbon|hover\u00bb button_border_color__hover=\u00bb#FFFFFF\u00bb button_one_border_color__hover_enabled=\u00bboff\u00bb button_one_border_color__hover=\u00bbnull\u00bb button_two_border_color__hover_enabled=\u00bboff\u00bb button_two_border_color__hover=\u00bbnull\u00bb button_border_radius__hover_enabled=\u00bboff|hover\u00bb button_border_radius__hover=\u00bb0px\u00bb button_one_border_radius__hover_enabled=\u00bboff\u00bb button_one_border_radius__hover=\u00bbnull\u00bb button_two_border_radius__hover_enabled=\u00bboff\u00bb button_two_border_radius__hover=\u00bbnull\u00bb button_letter_spacing__hover_enabled=\u00bboff|hover\u00bb button_letter_spacing__hover=\u00bb3px\u00bb button_one_letter_spacing__hover_enabled=\u00bboff\u00bb button_one_letter_spacing__hover=\u00bbnull\u00bb button_two_letter_spacing__hover_enabled=\u00bboff\u00bb button_two_letter_spacing__hover=\u00bbnull\u00bb button_bg_color__hover_enabled=\u00bbon|hover\u00bb button_bg_color__hover=\u00bbRGBA(0,0,0,0)\u00bb button_one_bg_color__hover_enabled=\u00bboff\u00bb button_one_bg_color__hover=\u00bbnull\u00bb button_two_bg_color__hover_enabled=\u00bboff\u00bb button_two_bg_color__hover=\u00bbnull\u00bb button_bg_enable_color__hover=\u00bbon\u00bb sticky_enabled=\u00bb0&#8243;][\/et_pb_button][\/et_pb_column][\/et_pb_row][\/et_pb_section]\n","protected":false},"excerpt":{"rendered":"<p>clases de Spinning en GuadalajaraEn las clases de spinning en Guadalajara que te proponemos en Sparta Sport Center, vas a poder entrenar mientras te lo pasas bien. Somos un gimnasio especializado en el rendimiento del ciclo indoor, en donde hacemos de esta actividad algo innovador, saludable y divertido, algo que nunca antes hab\u00edas practicado. Nuestras [&hellip;]<\/p>\n","protected":false},"author":1,"featured_media":222261,"parent":0,"menu_order":0,"comment_status":"closed","ping_status":"closed","template":"","meta":{"_et_pb_use_builder":"on","_et_pb_old_content":"","_et_gb_content_width":"","footnotes":""},"class_list":["post-206541","page","type-page","status-publish","has-post-thumbnail","hentry"],"yoast_head":"<!-- This site is optimized with the Yoast SEO plugin v27.4 - https:\/\/yoast.com\/product\/yoast-seo-wordpress\/ -->\n<title>Spinning en Guadalajara | Sparta Sport Center<\/title>\n<meta name=\"description\" content=\"\u00bfBuscas un gimnasio para hacer Spinning en Guadalajara? En Sparta Sport Center podemos ayudarte. \u00a1Vis\u00edtanos y descubre nuestras clases!\" \/>\n<meta name=\"robots\" content=\"index, follow, max-snippet:-1, max-image-preview:large, max-video-preview:-1\" \/>\n<link rel=\"canonical\" href=\"https:\/\/spartasportcenter.com\/guadalajara\/spinning-guadalajara\/\" \/>\n<meta property=\"og:locale\" content=\"es_ES\" \/>\n<meta property=\"og:type\" content=\"article\" \/>\n<meta property=\"og:title\" content=\"Spinning en Guadalajara | Sparta Sport Center\" \/>\n<meta property=\"og:description\" content=\"\u00bfBuscas un gimnasio para hacer Spinning en Guadalajara? En Sparta Sport Center podemos ayudarte. \u00a1Vis\u00edtanos y descubre nuestras clases!\" \/>\n<meta property=\"og:url\" content=\"https:\/\/spartasportcenter.com\/guadalajara\/spinning-guadalajara\/\" \/>\n<meta property=\"og:site_name\" content=\"Sparta Sport Center Guadalajara\" \/>\n<meta property=\"article:modified_time\" content=\"2024-05-24T08:24:34+00:00\" \/>\n<meta property=\"og:image\" content=\"https:\/\/spartasportcenter.com\/guadalajara\/wp-content\/uploads\/2024\/05\/spinning-guadalajara.webp\" \/>\n\t<meta property=\"og:image:width\" content=\"2000\" \/>\n\t<meta property=\"og:image:height\" content=\"1333\" \/>\n\t<meta property=\"og:image:type\" content=\"image\/webp\" \/>\n<meta name=\"twitter:card\" content=\"summary_large_image\" \/>\n<meta name=\"twitter:label1\" content=\"Tiempo de lectura\" \/>\n\t<meta name=\"twitter:data1\" content=\"3 minutos\" \/>\n<script type=\"application\/ld+json\" class=\"yoast-schema-graph\">{\"@context\":\"https:\\\/\\\/schema.org\",\"@graph\":[{\"@type\":\"WebPage\",\"@id\":\"https:\\\/\\\/spartasportcenter.com\\\/guadalajara\\\/spinning-guadalajara\\\/\",\"url\":\"https:\\\/\\\/spartasportcenter.com\\\/guadalajara\\\/spinning-guadalajara\\\/\",\"name\":\"Spinning en Guadalajara | Sparta Sport Center\",\"isPartOf\":{\"@id\":\"https:\\\/\\\/spartasportcenter.com\\\/guadalajara\\\/#website\"},\"primaryImageOfPage\":{\"@id\":\"https:\\\/\\\/spartasportcenter.com\\\/guadalajara\\\/spinning-guadalajara\\\/#primaryimage\"},\"image\":{\"@id\":\"https:\\\/\\\/spartasportcenter.com\\\/guadalajara\\\/spinning-guadalajara\\\/#primaryimage\"},\"thumbnailUrl\":\"https:\\\/\\\/spartasportcenter.com\\\/guadalajara\\\/wp-content\\\/uploads\\\/2024\\\/05\\\/spinning-guadalajara.webp\",\"datePublished\":\"2018-08-20T15:40:03+00:00\",\"dateModified\":\"2024-05-24T08:24:34+00:00\",\"description\":\"\u00bfBuscas un gimnasio para hacer Spinning en Guadalajara? En Sparta Sport Center podemos ayudarte. \u00a1Vis\u00edtanos y descubre nuestras clases!\",\"breadcrumb\":{\"@id\":\"https:\\\/\\\/spartasportcenter.com\\\/guadalajara\\\/spinning-guadalajara\\\/#breadcrumb\"},\"inLanguage\":\"es\",\"potentialAction\":[{\"@type\":\"ReadAction\",\"target\":[\"https:\\\/\\\/spartasportcenter.com\\\/guadalajara\\\/spinning-guadalajara\\\/\"]}]},{\"@type\":\"ImageObject\",\"inLanguage\":\"es\",\"@id\":\"https:\\\/\\\/spartasportcenter.com\\\/guadalajara\\\/spinning-guadalajara\\\/#primaryimage\",\"url\":\"https:\\\/\\\/spartasportcenter.com\\\/guadalajara\\\/wp-content\\\/uploads\\\/2024\\\/05\\\/spinning-guadalajara.webp\",\"contentUrl\":\"https:\\\/\\\/spartasportcenter.com\\\/guadalajara\\\/wp-content\\\/uploads\\\/2024\\\/05\\\/spinning-guadalajara.webp\",\"width\":2000,\"height\":1333,\"caption\":\"spinning guadalajara\"},{\"@type\":\"BreadcrumbList\",\"@id\":\"https:\\\/\\\/spartasportcenter.com\\\/guadalajara\\\/spinning-guadalajara\\\/#breadcrumb\",\"itemListElement\":[{\"@type\":\"ListItem\",\"position\":1,\"name\":\"Portada\",\"item\":\"https:\\\/\\\/spartasportcenter.com\\\/guadalajara\\\/\"},{\"@type\":\"ListItem\",\"position\":2,\"name\":\"Spinning Guadalajara\"}]},{\"@type\":\"WebSite\",\"@id\":\"https:\\\/\\\/spartasportcenter.com\\\/guadalajara\\\/#website\",\"url\":\"https:\\\/\\\/spartasportcenter.com\\\/guadalajara\\\/\",\"name\":\"Sparta Sport Center Guadalajara\",\"description\":\"Gimnasios en Guadalajara\",\"potentialAction\":[{\"@type\":\"SearchAction\",\"target\":{\"@type\":\"EntryPoint\",\"urlTemplate\":\"https:\\\/\\\/spartasportcenter.com\\\/guadalajara\\\/?s={search_term_string}\"},\"query-input\":{\"@type\":\"PropertyValueSpecification\",\"valueRequired\":true,\"valueName\":\"search_term_string\"}}],\"inLanguage\":\"es\"}]}<\/script>\n<!-- \/ Yoast SEO plugin. -->","yoast_head_json":{"title":"Spinning en Guadalajara | Sparta Sport Center","description":"\u00bfBuscas un gimnasio para hacer Spinning en Guadalajara? En Sparta Sport Center podemos ayudarte. \u00a1Vis\u00edtanos y descubre nuestras clases!","robots":{"index":"index","follow":"follow","max-snippet":"max-snippet:-1","max-image-preview":"max-image-preview:large","max-video-preview":"max-video-preview:-1"},"canonical":"https:\/\/spartasportcenter.com\/guadalajara\/spinning-guadalajara\/","og_locale":"es_ES","og_type":"article","og_title":"Spinning en Guadalajara | Sparta Sport Center","og_description":"\u00bfBuscas un gimnasio para hacer Spinning en Guadalajara? En Sparta Sport Center podemos ayudarte. \u00a1Vis\u00edtanos y descubre nuestras clases!","og_url":"https:\/\/spartasportcenter.com\/guadalajara\/spinning-guadalajara\/","og_site_name":"Sparta Sport Center Guadalajara","article_modified_time":"2024-05-24T08:24:34+00:00","og_image":[{"width":2000,"height":1333,"url":"https:\/\/spartasportcenter.com\/guadalajara\/wp-content\/uploads\/2024\/05\/spinning-guadalajara.webp","type":"image\/webp"}],"twitter_card":"summary_large_image","twitter_misc":{"Tiempo de lectura":"3 minutos"},"schema":{"@context":"https:\/\/schema.org","@graph":[{"@type":"WebPage","@id":"https:\/\/spartasportcenter.com\/guadalajara\/spinning-guadalajara\/","url":"https:\/\/spartasportcenter.com\/guadalajara\/spinning-guadalajara\/","name":"Spinning en Guadalajara | Sparta Sport Center","isPartOf":{"@id":"https:\/\/spartasportcenter.com\/guadalajara\/#website"},"primaryImageOfPage":{"@id":"https:\/\/spartasportcenter.com\/guadalajara\/spinning-guadalajara\/#primaryimage"},"image":{"@id":"https:\/\/spartasportcenter.com\/guadalajara\/spinning-guadalajara\/#primaryimage"},"thumbnailUrl":"https:\/\/spartasportcenter.com\/guadalajara\/wp-content\/uploads\/2024\/05\/spinning-guadalajara.webp","datePublished":"2018-08-20T15:40:03+00:00","dateModified":"2024-05-24T08:24:34+00:00","description":"\u00bfBuscas un gimnasio para hacer Spinning en Guadalajara? En Sparta Sport Center podemos ayudarte. \u00a1Vis\u00edtanos y descubre nuestras clases!","breadcrumb":{"@id":"https:\/\/spartasportcenter.com\/guadalajara\/spinning-guadalajara\/#breadcrumb"},"inLanguage":"es","potentialAction":[{"@type":"ReadAction","target":["https:\/\/spartasportcenter.com\/guadalajara\/spinning-guadalajara\/"]}]},{"@type":"ImageObject","inLanguage":"es","@id":"https:\/\/spartasportcenter.com\/guadalajara\/spinning-guadalajara\/#primaryimage","url":"https:\/\/spartasportcenter.com\/guadalajara\/wp-content\/uploads\/2024\/05\/spinning-guadalajara.webp","contentUrl":"https:\/\/spartasportcenter.com\/guadalajara\/wp-content\/uploads\/2024\/05\/spinning-guadalajara.webp","width":2000,"height":1333,"caption":"spinning guadalajara"},{"@type":"BreadcrumbList","@id":"https:\/\/spartasportcenter.com\/guadalajara\/spinning-guadalajara\/#breadcrumb","itemListElement":[{"@type":"ListItem","position":1,"name":"Portada","item":"https:\/\/spartasportcenter.com\/guadalajara\/"},{"@type":"ListItem","position":2,"name":"Spinning Guadalajara"}]},{"@type":"WebSite","@id":"https:\/\/spartasportcenter.com\/guadalajara\/#website","url":"https:\/\/spartasportcenter.com\/guadalajara\/","name":"Sparta Sport Center Guadalajara","description":"Gimnasios en Guadalajara","potentialAction":[{"@type":"SearchAction","target":{"@type":"EntryPoint","urlTemplate":"https:\/\/spartasportcenter.com\/guadalajara\/?s={search_term_string}"},"query-input":{"@type":"PropertyValueSpecification","valueRequired":true,"valueName":"search_term_string"}}],"inLanguage":"es"}]}},"_links":{"self":[{"href":"https:\/\/spartasportcenter.com\/guadalajara\/wp-json\/wp\/v2\/pages\/206541","targetHints":{"allow":["GET"]}}],"collection":[{"href":"https:\/\/spartasportcenter.com\/guadalajara\/wp-json\/wp\/v2\/pages"}],"about":[{"href":"https:\/\/spartasportcenter.com\/guadalajara\/wp-json\/wp\/v2\/types\/page"}],"author":[{"embeddable":true,"href":"https:\/\/spartasportcenter.com\/guadalajara\/wp-json\/wp\/v2\/users\/1"}],"replies":[{"embeddable":true,"href":"https:\/\/spartasportcenter.com\/guadalajara\/wp-json\/wp\/v2\/comments?post=206541"}],"version-history":[{"count":1,"href":"https:\/\/spartasportcenter.com\/guadalajara\/wp-json\/wp\/v2\/pages\/206541\/revisions"}],"predecessor-version":[{"id":222273,"href":"https:\/\/spartasportcenter.com\/guadalajara\/wp-json\/wp\/v2\/pages\/206541\/revisions\/222273"}],"wp:featuredmedia":[{"embeddable":true,"href":"https:\/\/spartasportcenter.com\/guadalajara\/wp-json\/wp\/v2\/media\/222261"}],"wp:attachment":[{"href":"https:\/\/spartasportcenter.com\/guadalajara\/wp-json\/wp\/v2\/media?parent=206541"}],"curies":[{"name":"wp","href":"https:\/\/api.w.org\/{rel}","templated":true}]}}