{"id":206533,"date":"2018-08-20T15:24:35","date_gmt":"2018-08-20T15:24:35","guid":{"rendered":"https:\/\/pamplona.spartasportcenter.com\/?page_id=206533"},"modified":"2025-09-22T09:35:51","modified_gmt":"2025-09-22T07:35:51","slug":"entrenador-personal-guadalajara","status":"publish","type":"page","link":"https:\/\/spartasportcenter.com\/guadalajara\/entrenador-personal-guadalajara\/","title":{"rendered":"Entrenador Personal Guadalajara"},"content":{"rendered":"<p>[et_pb_section fb_built=\u00bb1&#8243; custom_padding_last_edited=\u00bbon|phone\u00bb disabled_on=\u00bboff|off|off\u00bb _builder_version=\u00bb4.16&#8243; background_color=\u00bb#262626&#8243; background_enable_image=\u00bboff\u00bb custom_margin=\u00bb||||false|false\u00bb custom_padding=\u00bb80px|0px|0px|0px|false|false\u00bb custom_padding_tablet=\u00bb\u00bb custom_padding_phone=\u00bb30px||50px||false|false\u00bb global_colors_info=\u00bb{}\u00bb][et_pb_row column_structure=\u00bb1_3,2_3&#8243; custom_padding_last_edited=\u00bbon|desktop\u00bb _builder_version=\u00bb4.16&#8243; _module_preset=\u00bbdefault\u00bb custom_padding=\u00bb0px||||false|false\u00bb custom_padding_tablet=\u00bb\u00bb custom_padding_phone=\u00bb0px||||false|false\u00bb global_colors_info=\u00bb{}\u00bb][et_pb_column type=\u00bb1_3&#8243; _builder_version=\u00bb4.16&#8243; _module_preset=\u00bbdefault\u00bb global_colors_info=\u00bb{}\u00bb][et_pb_text _builder_version=\u00bb4.27.4&#8243; text_font=\u00bb||||||||\u00bb header_font=\u00bb||||||||\u00bb header_text_align=\u00bbcenter\u00bb header_2_font=\u00bb|300||on|||||\u00bb header_2_text_align=\u00bbright\u00bb header_2_font_size=\u00bb29px\u00bb custom_margin=\u00bb||0px||false|false\u00bb custom_padding=\u00bb|15%|0px||false|false\u00bb hover_enabled=\u00bb0&#8243; header_2_text_align_tablet=\u00bb\u00bb header_2_text_align_phone=\u00bbleft\u00bb header_2_text_align_last_edited=\u00bbon|phone\u00bb header_2_font_size_tablet=\u00bb51px\u00bb header_2_font_size_phone=\u00bb25px\u00bb header_2_font_size_last_edited=\u00bbon|phone\u00bb border_width_right=\u00bb2px\u00bb border_color_right=\u00bb#cccccc\u00bb border_width_right_tablet=\u00bb\u00bb border_width_right_phone=\u00bb0px\u00bb border_width_right_last_edited=\u00bbon|phone\u00bb locked=\u00bboff\u00bb global_colors_info=\u00bb{}\u00bb sticky_enabled=\u00bb0&#8243;]<\/p>\n<h2>Alcanza tus objetivos<br \/>\n<\/h2>\n<p>[\/et_pb_text][\/et_pb_column][et_pb_column type=\u00bb2_3&#8243; _builder_version=\u00bb4.16&#8243; _module_preset=\u00bbdefault\u00bb global_colors_info=\u00bb{}\u00bb][et_pb_text _builder_version=\u00bb4.17.5&#8243; text_font=\u00bb|300|||||||\u00bb text_text_color=\u00bb#cccccc\u00bb text_line_height=\u00bb1.1em\u00bb header_font=\u00bb|300|||||||\u00bb header_2_font=\u00bb|300||on|||||\u00bb header_2_text_color=\u00bb#cccccc\u00bb header_2_font_size=\u00bb36px\u00bb header_2_letter_spacing=\u00bb2px\u00bb background_layout=\u00bbdark\u00bb global_colors_info=\u00bb{}\u00bb]<\/p>\n<p><span style=\"font-weight: 400;\">En nuestro centro impartimos entrenamientos personalizados en Guadalajara, nos adaptamos a las necesidades personales y emocionales de cada persona con la <\/span><b>mejor y m\u00e1s individualizada de las atenciones<\/b><span style=\"font-weight: 400;\">.<\/span><\/p>\n<p><span style=\"font-weight: 400;\">Adem\u00e1s, hemos creado <\/span><b>un espacio \u00fanico y exclusivo<\/b><span style=\"font-weight: 400;\"> en donde para cada entrenamiento te ofrecemos todas las instalaciones y m\u00e1quinas. Sea cual sea el tipo de ejercicio que deseas hacer, en nuestro gimnasio podr\u00e1s hacerlo.<\/span><\/p>\n<p><span style=\"font-weight: 400;\">Contamos con un <\/span><b>equipo de entrenadores profesionales<\/b><span style=\"font-weight: 400;\"> que se encargar\u00e1n de que llegues a tus objetivos personales de la manera m\u00e1s eficaz. De manera que lograr\u00e1s ese bienestar y condici\u00f3n f\u00edsica que tanto has deseado tener.<\/span><\/p>\n<p>[\/et_pb_text][\/et_pb_column][\/et_pb_row][et_pb_row column_structure=\u00bb1_3,2_3&#8243; custom_padding_last_edited=\u00bbon|phone\u00bb _builder_version=\u00bb4.16&#8243; _module_preset=\u00bbdefault\u00bb custom_margin=\u00bb||0px||false|false\u00bb custom_padding=\u00bb||||false|false\u00bb custom_padding_tablet=\u00bb\u00bb custom_padding_phone=\u00bb0px||0px||false|false\u00bb global_colors_info=\u00bb{}\u00bb][et_pb_column type=\u00bb1_3&#8243; _builder_version=\u00bb4.16&#8243; _module_preset=\u00bbdefault\u00bb global_colors_info=\u00bb{}\u00bb][et_pb_text _builder_version=\u00bb4.16&#8243; text_font=\u00bb||||||||\u00bb header_font=\u00bb||||||||\u00bb header_text_align=\u00bbcenter\u00bb header_2_font=\u00bb|300||on|||||\u00bb header_2_text_align=\u00bbright\u00bb header_2_font_size=\u00bb29px\u00bb custom_margin=\u00bb||0px||false|false\u00bb custom_padding=\u00bb|15%|0px||false|false\u00bb header_2_text_align_tablet=\u00bb\u00bb header_2_text_align_phone=\u00bbleft\u00bb header_2_text_align_last_edited=\u00bbon|phone\u00bb header_2_font_size_tablet=\u00bb51px\u00bb header_2_font_size_phone=\u00bb25px\u00bb header_2_font_size_last_edited=\u00bbon|phone\u00bb border_width_right=\u00bb2px\u00bb border_color_right=\u00bb#cccccc\u00bb border_width_right_tablet=\u00bb\u00bb border_width_right_phone=\u00bb0px\u00bb border_width_right_last_edited=\u00bbon|phone\u00bb locked=\u00bboff\u00bb global_colors_info=\u00bb{}\u00bb]<\/p>\n<h2>Beneficios del entrenador personal en Guadalajara<\/h2>\n<p>[\/et_pb_text][\/et_pb_column][et_pb_column type=\u00bb2_3&#8243; _builder_version=\u00bb4.16&#8243; _module_preset=\u00bbdefault\u00bb global_colors_info=\u00bb{}\u00bb][et_pb_text _builder_version=\u00bb4.17.5&#8243; text_font=\u00bb|300|||||||\u00bb text_text_color=\u00bb#cccccc\u00bb text_line_height=\u00bb1.1em\u00bb header_font=\u00bb|300|||||||\u00bb header_2_font=\u00bb|300||on|||||\u00bb header_2_text_color=\u00bb#cccccc\u00bb header_2_font_size=\u00bb36px\u00bb header_2_letter_spacing=\u00bb2px\u00bb background_layout=\u00bbdark\u00bb global_colors_info=\u00bb{}\u00bb]<\/p>\n<p><span style=\"font-weight: 400;\">A continuaci\u00f3n, te contamos las\u00a0 <\/span><b>ventajas m\u00e1s importantes<\/b><span style=\"font-weight: 400;\"> de tener un entrenador personal como solo en Sparta Sport Center podr\u00e1s encontrar:\u00a0<\/span><\/p>\n<ul>\n<li style=\"font-weight: 400;\" aria-level=\"1\"><span style=\"font-weight: 400;\">Un entrenador personal <\/span><b>crea un programa espec\u00edfico para tus necesidades<\/b><span style=\"font-weight: 400;\">, y te aconseja con h\u00e1bitos saludables para que puedas alcanzar tus metas a\u00fan m\u00e1s r\u00e1pido.<\/span><\/li>\n<li style=\"font-weight: 400;\" aria-level=\"1\"><span style=\"font-weight: 400;\">Todos empezamos en el gimnasio con mucha <\/span><b>motivaci\u00f3n y entusiasmo<\/b><span style=\"font-weight: 400;\">, pero despu\u00e9s de unas semanas la motivaci\u00f3n decae y empiezan las excusas. Con un entrenador personal esto no pasa.<\/span><\/li>\n<li style=\"font-weight: 400;\" aria-level=\"1\"><span style=\"font-weight: 400;\">El personal trainer <\/span><b>normalmente se convierte en un modelo a seguir<\/b><span style=\"font-weight: 400;\">. Quieres seguir entrenando para estar tan saludable y tener un cuerpo como \u00e9l y en cada sesi\u00f3n, est\u00e1s viendo un ejemplo de que con perseverancia todo se puede.<\/span><\/li>\n<li style=\"font-weight: 400;\" aria-level=\"1\"><span style=\"font-weight: 400;\">El entrenador personal es un profesional que conoce perfectamente las ventajas y desventajas de cada ejercicio y <\/span><b>c\u00f3mo prevenir las lesiones<\/b><span style=\"font-weight: 400;\">. Adem\u00e1s, conoce tu situaci\u00f3n particular y sabe hasta d\u00f3nde puedes forzar.<\/span><\/li>\n<li style=\"font-weight: 400;\" aria-level=\"1\"><span style=\"font-weight: 400;\">Con un personal trainer <\/span><b>ahorras tiempo<\/b><span style=\"font-weight: 400;\">, porque solo realizas los ejercicios que m\u00e1s te ayudan a lograr tu objetivo. Adem\u00e1s, te aseguras de que est\u00e1s haciendo cada ejercicio de forma correcta, ya que si tu postura, tus movimientos o la intensidad no son adecuados estar\u00e1n all\u00ed para corregirte.<\/span><\/li>\n<\/ul>\n<p>[\/et_pb_text][\/et_pb_column][\/et_pb_row][\/et_pb_section][et_pb_section fb_built=\u00bb1&#8243; custom_padding_last_edited=\u00bbon|phone\u00bb _builder_version=\u00bb4.16&#8243; _module_preset=\u00bbdefault\u00bb background_color=\u00bb#262626&#8243; custom_padding=\u00bb0px||50px||false|false\u00bb custom_padding_tablet=\u00bb\u00bb custom_padding_phone=\u00bb||30px||false|false\u00bb global_colors_info=\u00bb{}\u00bb][et_pb_row column_structure=\u00bb1_3,2_3&#8243; custom_padding_last_edited=\u00bbon|phone\u00bb _builder_version=\u00bb4.16&#8243; _module_preset=\u00bbdefault\u00bb custom_padding_tablet=\u00bb\u00bb custom_padding_phone=\u00bb0px||0px||false|false\u00bb global_colors_info=\u00bb{}\u00bb][et_pb_column type=\u00bb1_3&#8243; _builder_version=\u00bb4.16&#8243; _module_preset=\u00bbdefault\u00bb global_colors_info=\u00bb{}\u00bb][et_pb_text _builder_version=\u00bb4.16&#8243; text_font=\u00bb||||||||\u00bb header_font=\u00bb||||||||\u00bb header_text_align=\u00bbcenter\u00bb header_2_font=\u00bb|300||on|||||\u00bb header_2_text_align=\u00bbright\u00bb header_2_font_size=\u00bb29px\u00bb custom_margin=\u00bb||0px||false|false\u00bb custom_padding=\u00bb|15%|0px||false|false\u00bb header_2_text_align_tablet=\u00bb\u00bb header_2_text_align_phone=\u00bbleft\u00bb header_2_text_align_last_edited=\u00bbon|phone\u00bb header_2_font_size_tablet=\u00bb51px\u00bb header_2_font_size_phone=\u00bb25px\u00bb header_2_font_size_last_edited=\u00bbon|phone\u00bb border_width_right=\u00bb2px\u00bb border_color_right=\u00bb#cccccc\u00bb border_width_right_tablet=\u00bb\u00bb border_width_right_phone=\u00bb0px\u00bb border_width_right_last_edited=\u00bbon|phone\u00bb locked=\u00bboff\u00bb global_colors_info=\u00bb{}\u00bb]<\/p>\n<h2>Por qu\u00e9 Entrenador Personal en Sparta Sport Center Guadalajara<\/h2>\n<p>[\/et_pb_text][\/et_pb_column][et_pb_column type=\u00bb2_3&#8243; _builder_version=\u00bb4.16&#8243; _module_preset=\u00bbdefault\u00bb global_colors_info=\u00bb{}\u00bb][et_pb_text _builder_version=\u00bb4.17.5&#8243; text_font=\u00bb|300|||||||\u00bb text_text_color=\u00bb#cccccc\u00bb text_line_height=\u00bb1.1em\u00bb header_font=\u00bb|300|||||||\u00bb header_2_font=\u00bb|300||on|||||\u00bb header_2_text_color=\u00bb#cccccc\u00bb header_2_font_size=\u00bb36px\u00bb header_2_letter_spacing=\u00bb2px\u00bb background_layout=\u00bbdark\u00bb global_colors_info=\u00bb{}\u00bb]<\/p>\n<p><span style=\"font-weight: 400;\">Nuestros entrenadores personales son todos titulados, cualificados y con una gran experiencia. Al tener un equipo de profesionales a tu disposici\u00f3n, cada objetivo es estudiado para crearte un <\/span><b>plan espec\u00edfico para ti<\/b><span style=\"font-weight: 400;\">, que ir\u00e1 cambiando todas las semanas seg\u00fan tu evoluci\u00f3n, objetivos y estado.<\/span><\/p>\n<p><span style=\"font-weight: 400;\">Contamos con unas <\/span><b>instalaciones modernas<\/b><span style=\"font-weight: 400;\">. Nuestros entrenadores personales entrenan exclusivamente a una persona o m\u00e1ximo una pareja por sesi\u00f3n, por lo que pueden concentrarse en ti por completo.\u00a0<\/span><\/p>\n<p><span style=\"font-weight: 400;\">Nuestros planes de entrenamiento <\/span><b>incluyen nutricionistas<\/b><span style=\"font-weight: 400;\"> deportivos que te van a dise\u00f1ar una dieta totalmente personalizada, para que obtengas una vida m\u00e1s sana. \u00bfA qu\u00e9 esperas? En <\/span><b>Sparta Sport Center Guadalajara<\/b><span style=\"font-weight: 400;\"> tu personal trainer te espera.<\/span><\/p>\n<p>[\/et_pb_text][\/et_pb_column][\/et_pb_row][\/et_pb_section][et_pb_section fb_built=\u00bb1&#8243; admin_label=\u00bbbanner footer prueba un dia\u00bb _builder_version=\u00bb4.20.1&#8243; background_color=\u00bb#363636&#8243; background_image=\u00bbhttps:\/\/spartasportcenter.com\/guadalajara\/wp-content\/uploads\/2019\/09\/instalaciones-gimnasio-sparta-sport-center-pamplona-11.jpg\u00bb background_enable_image=\u00bboff\u00bb background_blend=\u00bbmultiply\u00bb custom_margin=\u00bb||||false|false\u00bb custom_padding=\u00bb0px|0px|0|0px|false|false\u00bb top_divider_flip=\u00bbhorizontal\u00bb global_module=\u00bb206679&#8243; locked=\u00bboff\u00bb global_colors_info=\u00bb{}\u00bb][\/et_pb_section]<\/p>\n","protected":false},"excerpt":{"rendered":"<p>Alcanza tus objetivos En nuestro centro impartimos entrenamientos personalizados en Guadalajara, nos adaptamos a las necesidades personales y emocionales de cada persona con la mejor y m\u00e1s individualizada de las atenciones. Adem\u00e1s, hemos creado un espacio \u00fanico y exclusivo en donde para cada entrenamiento te ofrecemos todas las instalaciones y m\u00e1quinas. Sea cual sea el [&hellip;]<\/p>\n","protected":false},"author":1,"featured_media":221995,"parent":0,"menu_order":0,"comment_status":"closed","ping_status":"closed","template":"","meta":{"_et_pb_use_builder":"on","_et_pb_old_content":"","_et_gb_content_width":"","footnotes":""},"class_list":["post-206533","page","type-page","status-publish","has-post-thumbnail","hentry"],"yoast_head":"<!-- This site is optimized with the Yoast SEO plugin v27.4 - https:\/\/yoast.com\/product\/yoast-seo-wordpress\/ -->\n<title>Entrenador Personal Guadalajara | Sparta Sport Center<\/title>\n<meta name=\"description\" content=\"\u00bfBuscas un gimnasio con entrenador personal inclu\u00eddo en Guadalajara? En Sparta Sport Center podemos ayudarte. \u00a1Vis\u00edtanos ya, no lo dudes!\" \/>\n<meta name=\"robots\" content=\"index, follow, max-snippet:-1, max-image-preview:large, max-video-preview:-1\" \/>\n<link rel=\"canonical\" href=\"https:\/\/spartasportcenter.com\/guadalajara\/entrenador-personal-guadalajara\/\" \/>\n<meta property=\"og:locale\" content=\"es_ES\" \/>\n<meta property=\"og:type\" content=\"article\" \/>\n<meta property=\"og:title\" content=\"Entrenador Personal Guadalajara | Sparta Sport Center\" \/>\n<meta property=\"og:description\" content=\"\u00bfBuscas un gimnasio con entrenador personal inclu\u00eddo en Guadalajara? En Sparta Sport Center podemos ayudarte. \u00a1Vis\u00edtanos ya, no lo dudes!\" \/>\n<meta property=\"og:url\" content=\"https:\/\/spartasportcenter.com\/guadalajara\/entrenador-personal-guadalajara\/\" \/>\n<meta property=\"og:site_name\" content=\"Sparta Sport Center Guadalajara\" \/>\n<meta property=\"article:modified_time\" content=\"2025-09-22T07:35:51+00:00\" \/>\n<meta property=\"og:image\" content=\"https:\/\/spartasportcenter.com\/guadalajara\/wp-content\/uploads\/2024\/03\/entrenador-personal-cabecera.jpg\" \/>\n\t<meta property=\"og:image:width\" content=\"2000\" \/>\n\t<meta property=\"og:image:height\" content=\"1333\" \/>\n\t<meta property=\"og:image:type\" content=\"image\/jpeg\" \/>\n<meta name=\"twitter:card\" content=\"summary_large_image\" \/>\n<meta name=\"twitter:label1\" content=\"Tiempo de lectura\" \/>\n\t<meta name=\"twitter:data1\" content=\"3 minutos\" \/>\n<script type=\"application\/ld+json\" class=\"yoast-schema-graph\">{\"@context\":\"https:\\\/\\\/schema.org\",\"@graph\":[{\"@type\":\"WebPage\",\"@id\":\"https:\\\/\\\/spartasportcenter.com\\\/guadalajara\\\/entrenador-personal-guadalajara\\\/\",\"url\":\"https:\\\/\\\/spartasportcenter.com\\\/guadalajara\\\/entrenador-personal-guadalajara\\\/\",\"name\":\"Entrenador Personal Guadalajara | Sparta Sport Center\",\"isPartOf\":{\"@id\":\"https:\\\/\\\/spartasportcenter.com\\\/guadalajara\\\/#website\"},\"primaryImageOfPage\":{\"@id\":\"https:\\\/\\\/spartasportcenter.com\\\/guadalajara\\\/entrenador-personal-guadalajara\\\/#primaryimage\"},\"image\":{\"@id\":\"https:\\\/\\\/spartasportcenter.com\\\/guadalajara\\\/entrenador-personal-guadalajara\\\/#primaryimage\"},\"thumbnailUrl\":\"https:\\\/\\\/spartasportcenter.com\\\/guadalajara\\\/wp-content\\\/uploads\\\/2024\\\/03\\\/entrenador-personal-cabecera.jpg\",\"datePublished\":\"2018-08-20T15:24:35+00:00\",\"dateModified\":\"2025-09-22T07:35:51+00:00\",\"description\":\"\u00bfBuscas un gimnasio con entrenador personal inclu\u00eddo en Guadalajara? En Sparta Sport Center podemos ayudarte. \u00a1Vis\u00edtanos ya, no lo dudes!\",\"breadcrumb\":{\"@id\":\"https:\\\/\\\/spartasportcenter.com\\\/guadalajara\\\/entrenador-personal-guadalajara\\\/#breadcrumb\"},\"inLanguage\":\"es\",\"potentialAction\":[{\"@type\":\"ReadAction\",\"target\":[\"https:\\\/\\\/spartasportcenter.com\\\/guadalajara\\\/entrenador-personal-guadalajara\\\/\"]}]},{\"@type\":\"ImageObject\",\"inLanguage\":\"es\",\"@id\":\"https:\\\/\\\/spartasportcenter.com\\\/guadalajara\\\/entrenador-personal-guadalajara\\\/#primaryimage\",\"url\":\"https:\\\/\\\/spartasportcenter.com\\\/guadalajara\\\/wp-content\\\/uploads\\\/2024\\\/03\\\/entrenador-personal-cabecera.jpg\",\"contentUrl\":\"https:\\\/\\\/spartasportcenter.com\\\/guadalajara\\\/wp-content\\\/uploads\\\/2024\\\/03\\\/entrenador-personal-cabecera.jpg\",\"width\":2000,\"height\":1333,\"caption\":\"entrenador personal cabecera\"},{\"@type\":\"BreadcrumbList\",\"@id\":\"https:\\\/\\\/spartasportcenter.com\\\/guadalajara\\\/entrenador-personal-guadalajara\\\/#breadcrumb\",\"itemListElement\":[{\"@type\":\"ListItem\",\"position\":1,\"name\":\"Portada\",\"item\":\"https:\\\/\\\/spartasportcenter.com\\\/guadalajara\\\/\"},{\"@type\":\"ListItem\",\"position\":2,\"name\":\"Entrenador Personal Guadalajara\"}]},{\"@type\":\"WebSite\",\"@id\":\"https:\\\/\\\/spartasportcenter.com\\\/guadalajara\\\/#website\",\"url\":\"https:\\\/\\\/spartasportcenter.com\\\/guadalajara\\\/\",\"name\":\"Sparta Sport Center Guadalajara\",\"description\":\"Gimnasios en Guadalajara\",\"potentialAction\":[{\"@type\":\"SearchAction\",\"target\":{\"@type\":\"EntryPoint\",\"urlTemplate\":\"https:\\\/\\\/spartasportcenter.com\\\/guadalajara\\\/?s={search_term_string}\"},\"query-input\":{\"@type\":\"PropertyValueSpecification\",\"valueRequired\":true,\"valueName\":\"search_term_string\"}}],\"inLanguage\":\"es\"}]}<\/script>\n<!-- \/ Yoast SEO plugin. -->","yoast_head_json":{"title":"Entrenador Personal Guadalajara | Sparta Sport Center","description":"\u00bfBuscas un gimnasio con entrenador personal inclu\u00eddo en Guadalajara? En Sparta Sport Center podemos ayudarte. \u00a1Vis\u00edtanos ya, no lo dudes!","robots":{"index":"index","follow":"follow","max-snippet":"max-snippet:-1","max-image-preview":"max-image-preview:large","max-video-preview":"max-video-preview:-1"},"canonical":"https:\/\/spartasportcenter.com\/guadalajara\/entrenador-personal-guadalajara\/","og_locale":"es_ES","og_type":"article","og_title":"Entrenador Personal Guadalajara | Sparta Sport Center","og_description":"\u00bfBuscas un gimnasio con entrenador personal inclu\u00eddo en Guadalajara? En Sparta Sport Center podemos ayudarte. \u00a1Vis\u00edtanos ya, no lo dudes!","og_url":"https:\/\/spartasportcenter.com\/guadalajara\/entrenador-personal-guadalajara\/","og_site_name":"Sparta Sport Center Guadalajara","article_modified_time":"2025-09-22T07:35:51+00:00","og_image":[{"width":2000,"height":1333,"url":"https:\/\/spartasportcenter.com\/guadalajara\/wp-content\/uploads\/2024\/03\/entrenador-personal-cabecera.jpg","type":"image\/jpeg"}],"twitter_card":"summary_large_image","twitter_misc":{"Tiempo de lectura":"3 minutos"},"schema":{"@context":"https:\/\/schema.org","@graph":[{"@type":"WebPage","@id":"https:\/\/spartasportcenter.com\/guadalajara\/entrenador-personal-guadalajara\/","url":"https:\/\/spartasportcenter.com\/guadalajara\/entrenador-personal-guadalajara\/","name":"Entrenador Personal Guadalajara | Sparta Sport Center","isPartOf":{"@id":"https:\/\/spartasportcenter.com\/guadalajara\/#website"},"primaryImageOfPage":{"@id":"https:\/\/spartasportcenter.com\/guadalajara\/entrenador-personal-guadalajara\/#primaryimage"},"image":{"@id":"https:\/\/spartasportcenter.com\/guadalajara\/entrenador-personal-guadalajara\/#primaryimage"},"thumbnailUrl":"https:\/\/spartasportcenter.com\/guadalajara\/wp-content\/uploads\/2024\/03\/entrenador-personal-cabecera.jpg","datePublished":"2018-08-20T15:24:35+00:00","dateModified":"2025-09-22T07:35:51+00:00","description":"\u00bfBuscas un gimnasio con entrenador personal inclu\u00eddo en Guadalajara? En Sparta Sport Center podemos ayudarte. \u00a1Vis\u00edtanos ya, no lo dudes!","breadcrumb":{"@id":"https:\/\/spartasportcenter.com\/guadalajara\/entrenador-personal-guadalajara\/#breadcrumb"},"inLanguage":"es","potentialAction":[{"@type":"ReadAction","target":["https:\/\/spartasportcenter.com\/guadalajara\/entrenador-personal-guadalajara\/"]}]},{"@type":"ImageObject","inLanguage":"es","@id":"https:\/\/spartasportcenter.com\/guadalajara\/entrenador-personal-guadalajara\/#primaryimage","url":"https:\/\/spartasportcenter.com\/guadalajara\/wp-content\/uploads\/2024\/03\/entrenador-personal-cabecera.jpg","contentUrl":"https:\/\/spartasportcenter.com\/guadalajara\/wp-content\/uploads\/2024\/03\/entrenador-personal-cabecera.jpg","width":2000,"height":1333,"caption":"entrenador personal cabecera"},{"@type":"BreadcrumbList","@id":"https:\/\/spartasportcenter.com\/guadalajara\/entrenador-personal-guadalajara\/#breadcrumb","itemListElement":[{"@type":"ListItem","position":1,"name":"Portada","item":"https:\/\/spartasportcenter.com\/guadalajara\/"},{"@type":"ListItem","position":2,"name":"Entrenador Personal Guadalajara"}]},{"@type":"WebSite","@id":"https:\/\/spartasportcenter.com\/guadalajara\/#website","url":"https:\/\/spartasportcenter.com\/guadalajara\/","name":"Sparta Sport Center Guadalajara","description":"Gimnasios en Guadalajara","potentialAction":[{"@type":"SearchAction","target":{"@type":"EntryPoint","urlTemplate":"https:\/\/spartasportcenter.com\/guadalajara\/?s={search_term_string}"},"query-input":{"@type":"PropertyValueSpecification","valueRequired":true,"valueName":"search_term_string"}}],"inLanguage":"es"}]}},"_links":{"self":[{"href":"https:\/\/spartasportcenter.com\/guadalajara\/wp-json\/wp\/v2\/pages\/206533","targetHints":{"allow":["GET"]}}],"collection":[{"href":"https:\/\/spartasportcenter.com\/guadalajara\/wp-json\/wp\/v2\/pages"}],"about":[{"href":"https:\/\/spartasportcenter.com\/guadalajara\/wp-json\/wp\/v2\/types\/page"}],"author":[{"embeddable":true,"href":"https:\/\/spartasportcenter.com\/guadalajara\/wp-json\/wp\/v2\/users\/1"}],"replies":[{"embeddable":true,"href":"https:\/\/spartasportcenter.com\/guadalajara\/wp-json\/wp\/v2\/comments?post=206533"}],"version-history":[{"count":2,"href":"https:\/\/spartasportcenter.com\/guadalajara\/wp-json\/wp\/v2\/pages\/206533\/revisions"}],"predecessor-version":[{"id":223418,"href":"https:\/\/spartasportcenter.com\/guadalajara\/wp-json\/wp\/v2\/pages\/206533\/revisions\/223418"}],"wp:featuredmedia":[{"embeddable":true,"href":"https:\/\/spartasportcenter.com\/guadalajara\/wp-json\/wp\/v2\/media\/221995"}],"wp:attachment":[{"href":"https:\/\/spartasportcenter.com\/guadalajara\/wp-json\/wp\/v2\/media?parent=206533"}],"curies":[{"name":"wp","href":"https:\/\/api.w.org\/{rel}","templated":true}]}}