{"id":205762,"date":"2018-08-08T16:24:44","date_gmt":"2018-08-08T16:24:44","guid":{"rendered":"https:\/\/pamplona.spartasportcenter.com\/?page_id=205762"},"modified":"2024-05-24T10:21:16","modified_gmt":"2024-05-24T08:21:16","slug":"pilates-guadalajara","status":"publish","type":"page","link":"https:\/\/spartasportcenter.com\/guadalajara\/pilates-guadalajara\/","title":{"rendered":"Pilates Guadalajara"},"content":{"rendered":"\n[et_pb_section fb_built=\u00bb1&#8243; custom_padding_last_edited=\u00bbon|phone\u00bb disabled_on=\u00bboff|off|off\u00bb _builder_version=\u00bb4.16&#8243; background_color=\u00bb#262626&#8243; background_enable_image=\u00bboff\u00bb custom_margin=\u00bb||||false|false\u00bb custom_padding=\u00bb80px|0px|0px|0px|false|false\u00bb custom_padding_tablet=\u00bb\u00bb custom_padding_phone=\u00bb30px||50px||false|false\u00bb global_colors_info=\u00bb{}\u00bb][et_pb_row column_structure=\u00bb1_3,2_3&#8243; custom_padding_last_edited=\u00bbon|desktop\u00bb _builder_version=\u00bb4.16&#8243; _module_preset=\u00bbdefault\u00bb custom_padding=\u00bb0px||||false|false\u00bb custom_padding_tablet=\u00bb\u00bb custom_padding_phone=\u00bb0px||||false|false\u00bb global_colors_info=\u00bb{}\u00bb][et_pb_column type=\u00bb1_3&#8243; _builder_version=\u00bb4.16&#8243; _module_preset=\u00bbdefault\u00bb global_colors_info=\u00bb{}\u00bb][et_pb_text _builder_version=\u00bb4.16&#8243; text_font=\u00bb||||||||\u00bb header_font=\u00bb||||||||\u00bb header_text_align=\u00bbcenter\u00bb header_2_font=\u00bb|300||on|||||\u00bb header_2_text_align=\u00bbright\u00bb header_2_font_size=\u00bb29px\u00bb custom_margin=\u00bb||0px||false|false\u00bb custom_padding=\u00bb|15%|0px||false|false\u00bb header_2_text_align_tablet=\u00bb\u00bb header_2_text_align_phone=\u00bbleft\u00bb header_2_text_align_last_edited=\u00bbon|phone\u00bb header_2_font_size_tablet=\u00bb51px\u00bb header_2_font_size_phone=\u00bb25px\u00bb header_2_font_size_last_edited=\u00bbon|phone\u00bb border_width_right=\u00bb2px\u00bb border_color_right=\u00bb#cccccc\u00bb border_width_right_tablet=\u00bb\u00bb border_width_right_phone=\u00bb0px\u00bb border_width_right_last_edited=\u00bbon|phone\u00bb locked=\u00bboff\u00bb global_colors_info=\u00bb{}\u00bb]<h2>clases de pilates en Guadalajara<\/h2>[\/et_pb_text][\/et_pb_column][et_pb_column type=\u00bb2_3&#8243; _builder_version=\u00bb4.16&#8243; _module_preset=\u00bbdefault\u00bb global_colors_info=\u00bb{}\u00bb][et_pb_text _builder_version=\u00bb4.17.5&#8243; text_font=\u00bb|300|||||||\u00bb text_text_color=\u00bb#cccccc\u00bb text_line_height=\u00bb1.1em\u00bb header_font=\u00bb|300|||||||\u00bb header_2_font=\u00bb|300||on|||||\u00bb header_2_text_color=\u00bb#cccccc\u00bb header_2_font_size=\u00bb36px\u00bb header_2_letter_spacing=\u00bb2px\u00bb background_layout=\u00bbdark\u00bb global_colors_info=\u00bb{}\u00bb]<p><span style=\"font-weight: 400;\">En Sparta Sport Center ofrecemos <\/span><b>clases de pilates dirigidas<\/b><span style=\"font-weight: 400;\"> por profesores expertos. Te ayudamos a fortalecer tu cuerpo, a mejorar tu salud y bienestar. En nuestro gimnasio podr\u00e1s entrenar hasta obtener el desarrollo muscular que buscas.<\/span><\/p>\n<p><span style=\"font-weight: 400;\">Ofrecemos un <\/span><b>servicio de pilates personalizado<\/b><span style=\"font-weight: 400;\">, adaptado a tu cuerpo, bienestar y salud. No importa tu edad o condici\u00f3n f\u00edsica, el pilates fue creado para cualquier edad y sexo. Te daremos la orientaci\u00f3n que necesitas para ir progresando con tus ejercicios de pilates. Adem\u00e1s, te ense\u00f1aremos a comprender el equilibrio interno de los diversos grupos musculares de tu cuerpo, para que as\u00ed mejores tu coordinaci\u00f3n diaria.<\/span><\/p>\n<p><span style=\"font-weight: 400;\">Junto a tu <\/span><b>monitor de pilates<\/b><span style=\"font-weight: 400;\"> podr\u00e1s ver tu rendimiento y evoluci\u00f3n para generar una estrategia y una serie de movimientos que incrementen tu capacidad corporal. Es una mezcla de movimientos utilizados en ballet cl\u00e1sico, yoga y artes marciales. Este tipo de fusi\u00f3n te ayuda a desarrollar tu musculatura interna y as\u00ed obtener mejores resultados en tu cuerpo.<\/span><\/p>[\/et_pb_text][\/et_pb_column][\/et_pb_row][et_pb_row column_structure=\u00bb1_3,2_3&#8243; custom_padding_last_edited=\u00bbon|phone\u00bb _builder_version=\u00bb4.16&#8243; _module_preset=\u00bbdefault\u00bb custom_margin=\u00bb||0px||false|false\u00bb custom_padding=\u00bb||||false|false\u00bb custom_padding_tablet=\u00bb\u00bb custom_padding_phone=\u00bb0px||0px||false|false\u00bb global_colors_info=\u00bb{}\u00bb][et_pb_column type=\u00bb1_3&#8243; _builder_version=\u00bb4.16&#8243; _module_preset=\u00bbdefault\u00bb global_colors_info=\u00bb{}\u00bb][et_pb_text _builder_version=\u00bb4.16&#8243; text_font=\u00bb||||||||\u00bb header_font=\u00bb||||||||\u00bb header_text_align=\u00bbcenter\u00bb header_2_font=\u00bb|300||on|||||\u00bb header_2_text_align=\u00bbright\u00bb header_2_font_size=\u00bb29px\u00bb custom_margin=\u00bb||0px||false|false\u00bb custom_padding=\u00bb|15%|0px||false|false\u00bb header_2_text_align_tablet=\u00bb\u00bb header_2_text_align_phone=\u00bbleft\u00bb header_2_text_align_last_edited=\u00bbon|phone\u00bb header_2_font_size_tablet=\u00bb51px\u00bb header_2_font_size_phone=\u00bb25px\u00bb header_2_font_size_last_edited=\u00bbon|phone\u00bb border_width_right=\u00bb2px\u00bb border_color_right=\u00bb#cccccc\u00bb border_width_right_tablet=\u00bb\u00bb border_width_right_phone=\u00bb0px\u00bb border_width_right_last_edited=\u00bbon|phone\u00bb locked=\u00bboff\u00bb global_colors_info=\u00bb{}\u00bb]<h2>Beneficios del Pilates en Guadalajara<\/h2>[\/et_pb_text][\/et_pb_column][et_pb_column type=\u00bb2_3&#8243; _builder_version=\u00bb4.16&#8243; _module_preset=\u00bbdefault\u00bb global_colors_info=\u00bb{}\u00bb][et_pb_text _builder_version=\u00bb4.17.5&#8243; text_font=\u00bb|300|||||||\u00bb text_text_color=\u00bb#cccccc\u00bb text_line_height=\u00bb1.1em\u00bb header_font=\u00bb|300|||||||\u00bb header_2_font=\u00bb|300||on|||||\u00bb header_2_text_color=\u00bb#cccccc\u00bb header_2_font_size=\u00bb36px\u00bb header_2_letter_spacing=\u00bb2px\u00bb background_layout=\u00bbdark\u00bb global_colors_info=\u00bb{}\u00bb]<p><span style=\"font-weight: 400;\">Entre los <\/span><b>beneficios del pilates<\/b> <b>en Guadalajara <\/b><span style=\"font-weight: 400;\">que ofrecemos en<\/span><b> Sparta Sport Center<\/b><span style=\"font-weight: 400;\"> se encuentran:<\/span><\/p>\n<ul>\n<li style=\"font-weight: 400;\" aria-level=\"1\"><span style=\"font-weight: 400;\">Tu <\/span><b>desarrollo muscular<\/b><span style=\"font-weight: 400;\"> ser\u00e1 incrementado considerablemente con ayuda de todos los equipos especializados y de la mano de profesores expertos en pilates.<\/span><\/li>\n<li style=\"font-weight: 400;\" aria-level=\"1\"><b>Aprender\u00e1s a conocer tu cuerpo<\/b><span style=\"font-weight: 400;\">, tu centro de gravedad y otras cosas importantes a la hora de hacer pilates.<\/span><\/li>\n<li style=\"font-weight: 400;\" aria-level=\"1\"><b>Tonificar\u00e1s y activar\u00e1s los m\u00fasculos. <\/b><span style=\"font-weight: 400;\">Entre ellos, los abdominales, espalda, suelo p\u00e9lvico, entre otros.<\/span><\/li>\n<li style=\"font-weight: 400;\" aria-level=\"1\"><span style=\"font-weight: 400;\">Trabajar\u00e1s con tu propio peso, lo que te ayudar\u00e1 a <\/span><b>mejorar el equilibrio<\/b><span style=\"font-weight: 400;\"> y la coordinaci\u00f3n motriz de mente y cuerpo.<\/span><\/li>\n<li style=\"font-weight: 400;\" aria-level=\"1\"><span style=\"font-weight: 400;\">Tendr\u00e1s a disposici\u00f3n todo el equipo de m\u00e1quinas para intensificar a\u00fan m\u00e1s los resultados y <\/span><b>mejorar tu resistencia<\/b><span style=\"font-weight: 400;\">.<\/span><\/li>\n<li style=\"font-weight: 400;\" aria-level=\"1\"><span style=\"font-weight: 400;\">Te mostraremos cu\u00e1l es la mejor manera de <\/span><b>cuidar tu salud f\u00edsica<\/b><span style=\"font-weight: 400;\"> y as\u00ed evitar lesiones o mejorar las ya existentes en tu cuerpo.<\/span><\/li>\n<li style=\"font-weight: 400;\" aria-level=\"1\"><span style=\"font-weight: 400;\">En Sparta Sport Center Guadalajara garantizamos la ayuda necesaria para <\/span><b>desaparecer dolores cr\u00f3nicos<\/b><span style=\"font-weight: 400;\"> que est\u00e9n alojados en tu cuerpo.<\/span><\/li>\n<li style=\"font-weight: 400;\" aria-level=\"1\"><span style=\"font-weight: 400;\">Te adaptar\u00e1s a un nuevo estilo de vida donde tus l\u00edmites ser\u00e1n dictados por tus capacidades. Nuestros profesores de pilates te ense\u00f1ar\u00e1n a superar esos l\u00edmites, mejorando tus capacidades y puliendo todo tu potencial.<\/span><\/li>\n<li style=\"font-weight: 400;\" aria-level=\"1\"><span style=\"font-weight: 400;\">Hacer pilates <\/span><b>mejora tu respiraci\u00f3n <\/b><span style=\"font-weight: 400;\">y ayuda a eliminar el estr\u00e9s y la ansiedad.<\/span><\/li>\n<li style=\"font-weight: 400;\" aria-level=\"1\"><b>\u00a0Aumenta tus energ\u00edas y capacidades f\u00edsicas<\/b><span style=\"font-weight: 400;\">.<\/span><\/li>\n<\/ul>[\/et_pb_text][\/et_pb_column][\/et_pb_row][\/et_pb_section][et_pb_section fb_built=\u00bb1&#8243; custom_padding_last_edited=\u00bbon|phone\u00bb _builder_version=\u00bb4.16&#8243; _module_preset=\u00bbdefault\u00bb background_color=\u00bb#262626&#8243; custom_padding=\u00bb0px||50px||false|false\u00bb custom_padding_tablet=\u00bb\u00bb custom_padding_phone=\u00bb||30px||false|false\u00bb global_colors_info=\u00bb{}\u00bb][et_pb_row column_structure=\u00bb1_3,2_3&#8243; custom_padding_last_edited=\u00bbon|phone\u00bb _builder_version=\u00bb4.16&#8243; _module_preset=\u00bbdefault\u00bb custom_padding_tablet=\u00bb\u00bb custom_padding_phone=\u00bb0px||0px||false|false\u00bb global_colors_info=\u00bb{}\u00bb][et_pb_column type=\u00bb1_3&#8243; _builder_version=\u00bb4.16&#8243; _module_preset=\u00bbdefault\u00bb global_colors_info=\u00bb{}\u00bb][et_pb_text _builder_version=\u00bb4.16&#8243; text_font=\u00bb||||||||\u00bb header_font=\u00bb||||||||\u00bb header_text_align=\u00bbcenter\u00bb header_2_font=\u00bb|300||on|||||\u00bb header_2_text_align=\u00bbright\u00bb header_2_font_size=\u00bb29px\u00bb custom_margin=\u00bb||0px||false|false\u00bb custom_padding=\u00bb|15%|0px||false|false\u00bb header_2_text_align_tablet=\u00bb\u00bb header_2_text_align_phone=\u00bbleft\u00bb header_2_text_align_last_edited=\u00bbon|phone\u00bb header_2_font_size_tablet=\u00bb51px\u00bb header_2_font_size_phone=\u00bb25px\u00bb header_2_font_size_last_edited=\u00bbon|phone\u00bb border_width_right=\u00bb2px\u00bb border_color_right=\u00bb#cccccc\u00bb border_width_right_tablet=\u00bb\u00bb border_width_right_phone=\u00bb0px\u00bb border_width_right_last_edited=\u00bbon|phone\u00bb locked=\u00bboff\u00bb global_colors_info=\u00bb{}\u00bb]<h2>Por qu\u00e9 Pilates en Sparta Sport Center Guadalajara<\/h2>[\/et_pb_text][\/et_pb_column][et_pb_column type=\u00bb2_3&#8243; _builder_version=\u00bb4.16&#8243; _module_preset=\u00bbdefault\u00bb global_colors_info=\u00bb{}\u00bb][et_pb_text _builder_version=\u00bb4.17.5&#8243; text_font=\u00bb|300|||||||\u00bb text_text_color=\u00bb#cccccc\u00bb text_line_height=\u00bb1.1em\u00bb header_font=\u00bb|300|||||||\u00bb header_2_font=\u00bb|300||on|||||\u00bb header_2_text_color=\u00bb#cccccc\u00bb header_2_font_size=\u00bb36px\u00bb header_2_letter_spacing=\u00bb2px\u00bb background_layout=\u00bbdark\u00bb global_colors_info=\u00bb{}\u00bb]<p><span style=\"font-weight: 400;\">En Sparta Sport Center contamos con las <\/span><b>mejores instalaciones de pilates de Guadalajara<\/b><span style=\"font-weight: 400;\">, un espacio perfecto y totalmente acondicionado para hacer pilates. Tambi\u00e9n, te ofrecemos la gu\u00eda y orientaci\u00f3n de la mano de profesores expertos en pilates.<\/span><\/p>\n<p><span style=\"font-weight: 400;\">Podr\u00e1s asistir a nuestras clases y te ayudaremos a conseguir los resultados que buscas. Adem\u00e1s, mejorar\u00e1s tu respiraci\u00f3n, liberar\u00e1s el estr\u00e9s y <\/span><b>tu autoestima aumentar\u00e1<\/b><span style=\"font-weight: 400;\">.<\/span><\/p>\n<p><span style=\"font-weight: 400;\">Si deseas conocer m\u00e1s sobre todo lo que ofrecemos en <\/span><b>Sparta Sport Center Guadalajara<\/b><span style=\"font-weight: 400;\">, \u00a1Cont\u00e1ctanos! Te ofrecemos el mejor servicio de pilates personalizado. \u00bfA qu\u00e9 esperas?<\/span><\/p>[\/et_pb_text][\/et_pb_column][\/et_pb_row][\/et_pb_section][et_pb_section fb_built=\u00bb1&#8243; _builder_version=\u00bb4.18.0&#8243; background_color=\u00bb#363636&#8243; background_image=\u00bbhttps:\/\/spartasportcenter.com\/guadalajara\/wp-content\/uploads\/2019\/09\/instalaciones-gimnasio-sparta-sport-center-pamplona-11.jpg\u00bb background_enable_image=\u00bboff\u00bb background_blend=\u00bbmultiply\u00bb custom_margin=\u00bb||||false|false\u00bb custom_padding=\u00bb0px|0px|0|0px|false|false\u00bb top_divider_flip=\u00bbhorizontal\u00bb global_module=\u00bb206679&#8243; global_colors_info=\u00bb{}\u00bb locked=\u00bboff\u00bb][et_pb_row _builder_version=\u00bb4.16&#8243; width=\u00bb100%\u00bb custom_padding=\u00bb40px|0px|40px|0px|false|false\u00bb global_colors_info=\u00bb{}\u00bb][et_pb_column type=\u00bb4_4&#8243; _builder_version=\u00bb4.16&#8243; custom_padding=\u00bb|||\u00bb global_colors_info=\u00bb{}\u00bb custom_padding__hover=\u00bb|||\u00bb][et_pb_text _builder_version=\u00bb4.16&#8243; text_font=\u00bb|300|||||||\u00bb text_text_color=\u00bb#cccccc\u00bb text_font_size=\u00bb36px\u00bb text_line_height=\u00bb1.3em\u00bb header_font=\u00bb||||||||\u00bb header_text_align=\u00bbcenter\u00bb header_text_color=\u00bb#ffffff\u00bb header_2_font=\u00bbStencilia-A||||||||\u00bb header_2_text_align=\u00bbcenter\u00bb header_2_text_color=\u00bb#ffffff\u00bb header_2_font_size=\u00bb61px\u00bb custom_margin=\u00bb||0px|\u00bb custom_padding=\u00bb||2%||false|false\u00bb text_font_size_tablet=\u00bb51px\u00bb text_font_size_phone=\u00bb25px\u00bb text_font_size_last_edited=\u00bbon|phone\u00bb header_2_font_size_tablet=\u00bb51px\u00bb header_2_font_size_phone=\u00bb24px\u00bb header_2_font_size_last_edited=\u00bbon|phone\u00bb text_text_shadow_style=\u00bbpreset1&#8243; header_text_shadow_style=\u00bbpreset1&#8243; header_2_text_shadow_style=\u00bbpreset1&#8243; global_colors_info=\u00bb{}\u00bb]<p style=\"text-align: center;\">\u00a1PRUEBA UN D\u00cdA GRATIS!<\/p>[\/et_pb_text][et_pb_button button_url=\u00bbhttps:\/\/spartasportcenter.com\/guadalajara\/prueba-un-dia-gratis\/\u00bb button_text=\u00bbSOLICITAR PRUEBA\u00bb button_alignment=\u00bbcenter\u00bb _builder_version=\u00bb4.17.5&#8243; custom_button=\u00bbon\u00bb button_text_color=\u00bb#FFFFFF\u00bb button_bg_color=\u00bb#d23d45&#8243; button_border_width=\u00bb1px\u00bb button_border_color=\u00bb#d23d45&#8243; button_border_radius=\u00bb0px\u00bb button_letter_spacing=\u00bb1px\u00bb button_font=\u00bb|300|||||||\u00bb button_use_icon=\u00bboff\u00bb custom_margin=\u00bb0%|||\u00bb custom_padding=\u00bb|||\u00bb button_text_size_tablet=\u00bb\u00bb button_text_size_phone=\u00bb16px\u00bb button_text_size_last_edited=\u00bbon|desktop\u00bb button_border_radius_hover=\u00bb0px\u00bb button_letter_spacing_hover=\u00bb3px\u00bb global_colors_info=\u00bb{}\u00bb button_text_size__hover_enabled=\u00bboff\u00bb button_text_size__hover=\u00bbnull\u00bb button_one_text_size__hover_enabled=\u00bboff\u00bb button_one_text_size__hover=\u00bbnull\u00bb button_two_text_size__hover_enabled=\u00bboff\u00bb button_two_text_size__hover=\u00bbnull\u00bb button_text_color__hover_enabled=\u00bbon|hover\u00bb button_text_color__hover=\u00bb#ffffff\u00bb button_one_text_color__hover_enabled=\u00bboff\u00bb button_one_text_color__hover=\u00bbnull\u00bb button_two_text_color__hover_enabled=\u00bboff\u00bb button_two_text_color__hover=\u00bbnull\u00bb button_border_width__hover_enabled=\u00bboff\u00bb button_border_width__hover=\u00bbnull\u00bb button_one_border_width__hover_enabled=\u00bboff\u00bb button_one_border_width__hover=\u00bbnull\u00bb button_two_border_width__hover_enabled=\u00bboff\u00bb button_two_border_width__hover=\u00bbnull\u00bb button_border_color__hover_enabled=\u00bbon|hover\u00bb button_border_color__hover=\u00bb#FFFFFF\u00bb button_one_border_color__hover_enabled=\u00bboff\u00bb button_one_border_color__hover=\u00bbnull\u00bb button_two_border_color__hover_enabled=\u00bboff\u00bb button_two_border_color__hover=\u00bbnull\u00bb button_border_radius__hover_enabled=\u00bboff|hover\u00bb button_border_radius__hover=\u00bb0px\u00bb button_one_border_radius__hover_enabled=\u00bboff\u00bb button_one_border_radius__hover=\u00bbnull\u00bb button_two_border_radius__hover_enabled=\u00bboff\u00bb button_two_border_radius__hover=\u00bbnull\u00bb button_letter_spacing__hover_enabled=\u00bboff|hover\u00bb button_letter_spacing__hover=\u00bb3px\u00bb button_one_letter_spacing__hover_enabled=\u00bboff\u00bb button_one_letter_spacing__hover=\u00bbnull\u00bb button_two_letter_spacing__hover_enabled=\u00bboff\u00bb button_two_letter_spacing__hover=\u00bbnull\u00bb button_bg_color__hover_enabled=\u00bbon|hover\u00bb button_bg_color__hover=\u00bbRGBA(0,0,0,0)\u00bb button_one_bg_color__hover_enabled=\u00bboff\u00bb button_one_bg_color__hover=\u00bbnull\u00bb button_two_bg_color__hover_enabled=\u00bboff\u00bb button_two_bg_color__hover=\u00bbnull\u00bb button_bg_enable_color__hover=\u00bbon\u00bb][\/et_pb_button][\/et_pb_column][\/et_pb_row][\/et_pb_section]\n","protected":false},"excerpt":{"rendered":"<p>clases de pilates en GuadalajaraEn Sparta Sport Center ofrecemos clases de pilates dirigidas por profesores expertos. Te ayudamos a fortalecer tu cuerpo, a mejorar tu salud y bienestar. En nuestro gimnasio podr\u00e1s entrenar hasta obtener el desarrollo muscular que buscas. Ofrecemos un servicio de pilates personalizado, adaptado a tu cuerpo, bienestar y salud. No importa [&hellip;]<\/p>\n","protected":false},"author":1,"featured_media":222260,"parent":0,"menu_order":0,"comment_status":"closed","ping_status":"closed","template":"","meta":{"_et_pb_use_builder":"on","_et_pb_old_content":"","_et_gb_content_width":"","footnotes":""},"class_list":["post-205762","page","type-page","status-publish","has-post-thumbnail","hentry"],"yoast_head":"<!-- This site is optimized with the Yoast SEO plugin v27.4 - https:\/\/yoast.com\/product\/yoast-seo-wordpress\/ -->\n<title>Pilates en Guadalajara | Sparta Sport Center<\/title>\n<meta name=\"description\" content=\"Inscr\u00edbete y disfruta de nuestras CLASES DE PILATES DIRIGIDAS en Guadalajara, contamos con un Equipo de Instructores 100% dedicados a tu bienestar.\" \/>\n<meta name=\"robots\" content=\"index, follow, max-snippet:-1, max-image-preview:large, max-video-preview:-1\" \/>\n<link rel=\"canonical\" href=\"https:\/\/spartasportcenter.com\/guadalajara\/pilates-guadalajara\/\" \/>\n<meta property=\"og:locale\" content=\"es_ES\" \/>\n<meta property=\"og:type\" content=\"article\" \/>\n<meta property=\"og:title\" content=\"Pilates en Guadalajara | Sparta Sport Center\" \/>\n<meta property=\"og:description\" content=\"Inscr\u00edbete y disfruta de nuestras CLASES DE PILATES DIRIGIDAS en Guadalajara, contamos con un Equipo de Instructores 100% dedicados a tu bienestar.\" \/>\n<meta property=\"og:url\" content=\"https:\/\/spartasportcenter.com\/guadalajara\/pilates-guadalajara\/\" \/>\n<meta property=\"og:site_name\" content=\"Sparta Sport Center Guadalajara\" \/>\n<meta property=\"article:modified_time\" content=\"2024-05-24T08:21:16+00:00\" \/>\n<meta property=\"og:image\" content=\"https:\/\/spartasportcenter.com\/guadalajara\/wp-content\/uploads\/2024\/05\/pilates-guadalajara.webp\" \/>\n\t<meta property=\"og:image:width\" content=\"2000\" \/>\n\t<meta property=\"og:image:height\" content=\"1333\" \/>\n\t<meta property=\"og:image:type\" content=\"image\/webp\" \/>\n<meta name=\"twitter:card\" content=\"summary_large_image\" \/>\n<meta name=\"twitter:label1\" content=\"Tiempo de lectura\" \/>\n\t<meta name=\"twitter:data1\" content=\"3 minutos\" \/>\n<script type=\"application\/ld+json\" class=\"yoast-schema-graph\">{\"@context\":\"https:\\\/\\\/schema.org\",\"@graph\":[{\"@type\":\"WebPage\",\"@id\":\"https:\\\/\\\/spartasportcenter.com\\\/guadalajara\\\/pilates-guadalajara\\\/\",\"url\":\"https:\\\/\\\/spartasportcenter.com\\\/guadalajara\\\/pilates-guadalajara\\\/\",\"name\":\"Pilates en Guadalajara | Sparta Sport Center\",\"isPartOf\":{\"@id\":\"https:\\\/\\\/spartasportcenter.com\\\/guadalajara\\\/#website\"},\"primaryImageOfPage\":{\"@id\":\"https:\\\/\\\/spartasportcenter.com\\\/guadalajara\\\/pilates-guadalajara\\\/#primaryimage\"},\"image\":{\"@id\":\"https:\\\/\\\/spartasportcenter.com\\\/guadalajara\\\/pilates-guadalajara\\\/#primaryimage\"},\"thumbnailUrl\":\"https:\\\/\\\/spartasportcenter.com\\\/guadalajara\\\/wp-content\\\/uploads\\\/2024\\\/05\\\/pilates-guadalajara.webp\",\"datePublished\":\"2018-08-08T16:24:44+00:00\",\"dateModified\":\"2024-05-24T08:21:16+00:00\",\"description\":\"Inscr\u00edbete y disfruta de nuestras CLASES DE PILATES DIRIGIDAS en Guadalajara, contamos con un Equipo de Instructores 100% dedicados a tu bienestar.\",\"breadcrumb\":{\"@id\":\"https:\\\/\\\/spartasportcenter.com\\\/guadalajara\\\/pilates-guadalajara\\\/#breadcrumb\"},\"inLanguage\":\"es\",\"potentialAction\":[{\"@type\":\"ReadAction\",\"target\":[\"https:\\\/\\\/spartasportcenter.com\\\/guadalajara\\\/pilates-guadalajara\\\/\"]}]},{\"@type\":\"ImageObject\",\"inLanguage\":\"es\",\"@id\":\"https:\\\/\\\/spartasportcenter.com\\\/guadalajara\\\/pilates-guadalajara\\\/#primaryimage\",\"url\":\"https:\\\/\\\/spartasportcenter.com\\\/guadalajara\\\/wp-content\\\/uploads\\\/2024\\\/05\\\/pilates-guadalajara.webp\",\"contentUrl\":\"https:\\\/\\\/spartasportcenter.com\\\/guadalajara\\\/wp-content\\\/uploads\\\/2024\\\/05\\\/pilates-guadalajara.webp\",\"width\":2000,\"height\":1333,\"caption\":\"pilates guadalajara\"},{\"@type\":\"BreadcrumbList\",\"@id\":\"https:\\\/\\\/spartasportcenter.com\\\/guadalajara\\\/pilates-guadalajara\\\/#breadcrumb\",\"itemListElement\":[{\"@type\":\"ListItem\",\"position\":1,\"name\":\"Portada\",\"item\":\"https:\\\/\\\/spartasportcenter.com\\\/guadalajara\\\/\"},{\"@type\":\"ListItem\",\"position\":2,\"name\":\"Pilates Guadalajara\"}]},{\"@type\":\"WebSite\",\"@id\":\"https:\\\/\\\/spartasportcenter.com\\\/guadalajara\\\/#website\",\"url\":\"https:\\\/\\\/spartasportcenter.com\\\/guadalajara\\\/\",\"name\":\"Sparta Sport Center Guadalajara\",\"description\":\"Gimnasios en Guadalajara\",\"potentialAction\":[{\"@type\":\"SearchAction\",\"target\":{\"@type\":\"EntryPoint\",\"urlTemplate\":\"https:\\\/\\\/spartasportcenter.com\\\/guadalajara\\\/?s={search_term_string}\"},\"query-input\":{\"@type\":\"PropertyValueSpecification\",\"valueRequired\":true,\"valueName\":\"search_term_string\"}}],\"inLanguage\":\"es\"}]}<\/script>\n<!-- \/ Yoast SEO plugin. -->","yoast_head_json":{"title":"Pilates en Guadalajara | Sparta Sport Center","description":"Inscr\u00edbete y disfruta de nuestras CLASES DE PILATES DIRIGIDAS en Guadalajara, contamos con un Equipo de Instructores 100% dedicados a tu bienestar.","robots":{"index":"index","follow":"follow","max-snippet":"max-snippet:-1","max-image-preview":"max-image-preview:large","max-video-preview":"max-video-preview:-1"},"canonical":"https:\/\/spartasportcenter.com\/guadalajara\/pilates-guadalajara\/","og_locale":"es_ES","og_type":"article","og_title":"Pilates en Guadalajara | Sparta Sport Center","og_description":"Inscr\u00edbete y disfruta de nuestras CLASES DE PILATES DIRIGIDAS en Guadalajara, contamos con un Equipo de Instructores 100% dedicados a tu bienestar.","og_url":"https:\/\/spartasportcenter.com\/guadalajara\/pilates-guadalajara\/","og_site_name":"Sparta Sport Center Guadalajara","article_modified_time":"2024-05-24T08:21:16+00:00","og_image":[{"width":2000,"height":1333,"url":"https:\/\/spartasportcenter.com\/guadalajara\/wp-content\/uploads\/2024\/05\/pilates-guadalajara.webp","type":"image\/webp"}],"twitter_card":"summary_large_image","twitter_misc":{"Tiempo de lectura":"3 minutos"},"schema":{"@context":"https:\/\/schema.org","@graph":[{"@type":"WebPage","@id":"https:\/\/spartasportcenter.com\/guadalajara\/pilates-guadalajara\/","url":"https:\/\/spartasportcenter.com\/guadalajara\/pilates-guadalajara\/","name":"Pilates en Guadalajara | Sparta Sport Center","isPartOf":{"@id":"https:\/\/spartasportcenter.com\/guadalajara\/#website"},"primaryImageOfPage":{"@id":"https:\/\/spartasportcenter.com\/guadalajara\/pilates-guadalajara\/#primaryimage"},"image":{"@id":"https:\/\/spartasportcenter.com\/guadalajara\/pilates-guadalajara\/#primaryimage"},"thumbnailUrl":"https:\/\/spartasportcenter.com\/guadalajara\/wp-content\/uploads\/2024\/05\/pilates-guadalajara.webp","datePublished":"2018-08-08T16:24:44+00:00","dateModified":"2024-05-24T08:21:16+00:00","description":"Inscr\u00edbete y disfruta de nuestras CLASES DE PILATES DIRIGIDAS en Guadalajara, contamos con un Equipo de Instructores 100% dedicados a tu bienestar.","breadcrumb":{"@id":"https:\/\/spartasportcenter.com\/guadalajara\/pilates-guadalajara\/#breadcrumb"},"inLanguage":"es","potentialAction":[{"@type":"ReadAction","target":["https:\/\/spartasportcenter.com\/guadalajara\/pilates-guadalajara\/"]}]},{"@type":"ImageObject","inLanguage":"es","@id":"https:\/\/spartasportcenter.com\/guadalajara\/pilates-guadalajara\/#primaryimage","url":"https:\/\/spartasportcenter.com\/guadalajara\/wp-content\/uploads\/2024\/05\/pilates-guadalajara.webp","contentUrl":"https:\/\/spartasportcenter.com\/guadalajara\/wp-content\/uploads\/2024\/05\/pilates-guadalajara.webp","width":2000,"height":1333,"caption":"pilates guadalajara"},{"@type":"BreadcrumbList","@id":"https:\/\/spartasportcenter.com\/guadalajara\/pilates-guadalajara\/#breadcrumb","itemListElement":[{"@type":"ListItem","position":1,"name":"Portada","item":"https:\/\/spartasportcenter.com\/guadalajara\/"},{"@type":"ListItem","position":2,"name":"Pilates Guadalajara"}]},{"@type":"WebSite","@id":"https:\/\/spartasportcenter.com\/guadalajara\/#website","url":"https:\/\/spartasportcenter.com\/guadalajara\/","name":"Sparta Sport Center Guadalajara","description":"Gimnasios en Guadalajara","potentialAction":[{"@type":"SearchAction","target":{"@type":"EntryPoint","urlTemplate":"https:\/\/spartasportcenter.com\/guadalajara\/?s={search_term_string}"},"query-input":{"@type":"PropertyValueSpecification","valueRequired":true,"valueName":"search_term_string"}}],"inLanguage":"es"}]}},"_links":{"self":[{"href":"https:\/\/spartasportcenter.com\/guadalajara\/wp-json\/wp\/v2\/pages\/205762","targetHints":{"allow":["GET"]}}],"collection":[{"href":"https:\/\/spartasportcenter.com\/guadalajara\/wp-json\/wp\/v2\/pages"}],"about":[{"href":"https:\/\/spartasportcenter.com\/guadalajara\/wp-json\/wp\/v2\/types\/page"}],"author":[{"embeddable":true,"href":"https:\/\/spartasportcenter.com\/guadalajara\/wp-json\/wp\/v2\/users\/1"}],"replies":[{"embeddable":true,"href":"https:\/\/spartasportcenter.com\/guadalajara\/wp-json\/wp\/v2\/comments?post=205762"}],"version-history":[{"count":1,"href":"https:\/\/spartasportcenter.com\/guadalajara\/wp-json\/wp\/v2\/pages\/205762\/revisions"}],"predecessor-version":[{"id":222265,"href":"https:\/\/spartasportcenter.com\/guadalajara\/wp-json\/wp\/v2\/pages\/205762\/revisions\/222265"}],"wp:featuredmedia":[{"embeddable":true,"href":"https:\/\/spartasportcenter.com\/guadalajara\/wp-json\/wp\/v2\/media\/222260"}],"wp:attachment":[{"href":"https:\/\/spartasportcenter.com\/guadalajara\/wp-json\/wp\/v2\/media?parent=205762"}],"curies":[{"name":"wp","href":"https:\/\/api.w.org\/{rel}","templated":true}]}}