{"id":209780,"date":"2019-01-29T15:41:35","date_gmt":"2019-01-29T14:41:35","guid":{"rendered":"https:\/\/spartasportcenter.com\/pamplona\/?page_id=209780"},"modified":"2025-09-22T11:30:33","modified_gmt":"2025-09-22T09:30:33","slug":"nutricionista","status":"publish","type":"page","link":"https:\/\/spartasportcenter.com\/duranguesado\/nutricionista\/","title":{"rendered":"Nutricionista Duranguesado"},"content":{"rendered":"<p>[et_pb_section fb_built=\u00bb1&#8243; custom_padding_last_edited=\u00bbon|phone\u00bb disabled_on=\u00bboff|off|off\u00bb _builder_version=\u00bb4.16&#8243; background_color=\u00bb#262626&#8243; background_enable_image=\u00bboff\u00bb custom_margin=\u00bb||||false|false\u00bb custom_padding=\u00bb80px|0px|0px|0px|false|false\u00bb custom_padding_tablet=\u00bb\u00bb custom_padding_phone=\u00bb30px||50px||false|false\u00bb global_colors_info=\u00bb{}\u00bb][et_pb_row column_structure=\u00bb1_3,2_3&#8243; custom_padding_last_edited=\u00bbon|desktop\u00bb _builder_version=\u00bb4.16&#8243; _module_preset=\u00bbdefault\u00bb custom_padding=\u00bb0px||||false|false\u00bb custom_padding_tablet=\u00bb\u00bb custom_padding_phone=\u00bb0px||||false|false\u00bb global_colors_info=\u00bb{}\u00bb][et_pb_column type=\u00bb1_3&#8243; _builder_version=\u00bb4.16&#8243; _module_preset=\u00bbdefault\u00bb global_colors_info=\u00bb{}\u00bb][et_pb_text _builder_version=\u00bb4.27.4&#8243; text_font=\u00bb||||||||\u00bb header_font=\u00bb||||||||\u00bb header_text_align=\u00bbcenter\u00bb header_2_font=\u00bb|300||on|||||\u00bb header_2_text_align=\u00bbright\u00bb header_2_font_size=\u00bb29px\u00bb custom_margin=\u00bb||0px||false|false\u00bb custom_padding=\u00bb|15%|0px||false|false\u00bb hover_enabled=\u00bb0&#8243; header_2_text_align_tablet=\u00bb\u00bb header_2_text_align_phone=\u00bbleft\u00bb header_2_text_align_last_edited=\u00bbon|phone\u00bb header_2_font_size_tablet=\u00bb51px\u00bb header_2_font_size_phone=\u00bb25px\u00bb header_2_font_size_last_edited=\u00bbon|phone\u00bb border_width_right=\u00bb2px\u00bb border_color_right=\u00bb#cccccc\u00bb border_width_right_tablet=\u00bb\u00bb border_width_right_phone=\u00bb0px\u00bb border_width_right_last_edited=\u00bbon|phone\u00bb locked=\u00bboff\u00bb global_colors_info=\u00bb{}\u00bb sticky_enabled=\u00bb0&#8243;]<\/p>\n<h2>Nutricionista en Durango<\/h2>\n<p>[\/et_pb_text][\/et_pb_column][et_pb_column type=\u00bb2_3&#8243; _builder_version=\u00bb4.16&#8243; _module_preset=\u00bbdefault\u00bb global_colors_info=\u00bb{}\u00bb][et_pb_text _builder_version=\u00bb4.27.4&#8243; text_font=\u00bb|300|||||||\u00bb text_text_color=\u00bb#cccccc\u00bb text_line_height=\u00bb1.1em\u00bb header_font=\u00bb|300|||||||\u00bb header_2_font=\u00bb|300||on|||||\u00bb header_2_text_color=\u00bb#cccccc\u00bb header_2_font_size=\u00bb36px\u00bb header_2_letter_spacing=\u00bb2px\u00bb background_layout=\u00bbdark\u00bb global_colors_info=\u00bb{}\u00bb]<\/p>\n<p><span style=\"font-weight: 400;\">En Sparta Sport Center sabemos que una buena alimentaci\u00f3n es la base para disfrutar de una vida activa y equilibrada. Comer bien no siempre resulta sencillo, sobre todo cuando intentamos hacerlo sin orientaci\u00f3n profesional. Por eso ponemos a tu disposici\u00f3n un equipo de <\/span><strong>nutricionistas especializados<\/strong> <span style=\"font-weight: 400;\">en Durango, preparados para ayudarte a cuidar tu salud de manera pr\u00e1ctica y sostenible.<\/span><\/p>\n<p>[\/et_pb_text][et_pb_button button_text=\u00bb+\u00bb button_alignment=\u00bbcenter\u00bb module_class=\u00bbrv_button closed\u00bb _builder_version=\u00bb4.20.0&#8243; custom_button=\u00bbon\u00bb button_text_size=\u00bb39px\u00bb button_text_color=\u00bb#cccccc\u00bb button_border_width=\u00bb0px\u00bb button_border_radius=\u00bb0px\u00bb button_font=\u00bbOswald|700|||||||\u00bb button_use_icon=\u00bboff\u00bb custom_margin=\u00bb-40px|0px|-10px|0px|false|false\u00bb custom_margin_tablet=\u00bb\u00bb custom_margin_phone=\u00bb\u00bb custom_margin_last_edited=\u00bbon|phone\u00bb custom_padding=\u00bb0px|0px|0px|0px|true|\u00bb button_text_color_hover=\u00bbrgba(224,43,32,0.76)\u00bb button_border_color_hover=\u00bbrgba(0,0,0,0)\u00bb button_border_radius_hover=\u00bb0px\u00bb button_bg_color_hover=\u00bbrgba(0,0,0,0)\u00bb locked=\u00bboff\u00bb global_colors_info=\u00bb{}\u00bb button_text_size__hover_enabled=\u00bboff\u00bb button_one_text_size__hover_enabled=\u00bboff\u00bb button_two_text_size__hover_enabled=\u00bboff\u00bb button_text_color__hover_enabled=\u00bbon|desktop\u00bb button_text_color__hover=\u00bbrgba(255,255,255,0.5)\u00bb button_one_text_color__hover_enabled=\u00bboff\u00bb button_two_text_color__hover_enabled=\u00bboff\u00bb button_border_width__hover_enabled=\u00bboff\u00bb button_one_border_width__hover_enabled=\u00bboff\u00bb button_two_border_width__hover_enabled=\u00bboff\u00bb button_border_color__hover_enabled=\u00bbon\u00bb button_border_color__hover=\u00bbrgba(0,0,0,0)\u00bb button_one_border_color__hover_enabled=\u00bboff\u00bb button_two_border_color__hover_enabled=\u00bboff\u00bb button_border_radius__hover_enabled=\u00bbon\u00bb button_border_radius__hover=\u00bb0px\u00bb button_one_border_radius__hover_enabled=\u00bboff\u00bb button_two_border_radius__hover_enabled=\u00bboff\u00bb button_letter_spacing__hover_enabled=\u00bboff\u00bb button_one_letter_spacing__hover_enabled=\u00bboff\u00bb button_two_letter_spacing__hover_enabled=\u00bboff\u00bb button_bg_color__hover_enabled=\u00bbon\u00bb button_bg_color__hover=\u00bbrgba(255,255,255,0)\u00bb button_one_bg_color__hover_enabled=\u00bboff\u00bb button_two_bg_color__hover_enabled=\u00bboff\u00bb][\/et_pb_button][et_pb_text module_id=\u00bbreveal\u00bb _builder_version=\u00bb4.27.4&#8243; text_font=\u00bb|300|||||||\u00bb text_text_color=\u00bb#cccccc\u00bb text_line_height=\u00bb1.1em\u00bb header_font=\u00bb|300|||||||\u00bb header_2_font=\u00bb|300||on|||||\u00bb header_2_text_color=\u00bb#cccccc\u00bb header_2_font_size=\u00bb36px\u00bb header_2_letter_spacing=\u00bb2px\u00bb background_layout=\u00bbdark\u00bb locked=\u00bboff\u00bb global_colors_info=\u00bb{}\u00bb]<\/p>\n<p><span style=\"font-weight: 400;\">Confiamos \u00fanicamente en profesionales con formaci\u00f3n s\u00f3lida, experiencia real y una clara vocaci\u00f3n por mejorar la calidad de vida de las personas. Nuestros expertos en nutrici\u00f3n no solo elaboran planes personalizados: tambi\u00e9n se convierten en un apoyo cercano que te gu\u00eda y motiva en cada paso hacia tus objetivos.<\/span><\/p>\n<p>[\/et_pb_text][\/et_pb_column][\/et_pb_row][et_pb_row column_structure=\u00bb1_3,2_3&#8243; custom_padding_last_edited=\u00bbon|phone\u00bb _builder_version=\u00bb4.16&#8243; _module_preset=\u00bbdefault\u00bb custom_margin=\u00bb||0px||false|false\u00bb custom_padding=\u00bb||||false|false\u00bb custom_padding_tablet=\u00bb\u00bb custom_padding_phone=\u00bb0px||0px||false|false\u00bb global_colors_info=\u00bb{}\u00bb][et_pb_column type=\u00bb1_3&#8243; _builder_version=\u00bb4.16&#8243; _module_preset=\u00bbdefault\u00bb global_colors_info=\u00bb{}\u00bb][et_pb_text _builder_version=\u00bb4.27.4&#8243; text_font=\u00bb||||||||\u00bb header_font=\u00bb||||||||\u00bb header_text_align=\u00bbcenter\u00bb header_2_font=\u00bb|300||on|||||\u00bb header_2_text_align=\u00bbright\u00bb header_2_font_size=\u00bb29px\u00bb custom_margin=\u00bb||0px||false|false\u00bb custom_padding=\u00bb|15%|0px||false|false\u00bb header_2_text_align_tablet=\u00bb\u00bb header_2_text_align_phone=\u00bbleft\u00bb header_2_text_align_last_edited=\u00bbon|phone\u00bb header_2_font_size_tablet=\u00bb51px\u00bb header_2_font_size_phone=\u00bb25px\u00bb header_2_font_size_last_edited=\u00bbon|phone\u00bb border_width_right=\u00bb2px\u00bb border_color_right=\u00bb#cccccc\u00bb border_width_right_tablet=\u00bb\u00bb border_width_right_phone=\u00bb0px\u00bb border_width_right_last_edited=\u00bbon|phone\u00bb locked=\u00bboff\u00bb global_colors_info=\u00bb{}\u00bb]<\/p>\n<h2>Planes personalizados de nutrici\u00f3n en Iurreta<\/h2>\n<p>[\/et_pb_text][\/et_pb_column][et_pb_column type=\u00bb2_3&#8243; _builder_version=\u00bb4.16&#8243; _module_preset=\u00bbdefault\u00bb global_colors_info=\u00bb{}\u00bb][et_pb_text _builder_version=\u00bb4.27.4&#8243; text_font=\u00bb|300|||||||\u00bb text_text_color=\u00bb#cccccc\u00bb text_line_height=\u00bb1.1em\u00bb header_font=\u00bb|300|||||||\u00bb header_2_font=\u00bb|300||on|||||\u00bb header_2_text_color=\u00bb#cccccc\u00bb header_2_font_size=\u00bb36px\u00bb header_2_letter_spacing=\u00bb2px\u00bb background_layout=\u00bbdark\u00bb global_colors_info=\u00bb{}\u00bb]<\/p>\n<p><span style=\"font-weight: 400;\">Cada persona es \u00fanica, y as\u00ed debe ser tambi\u00e9n su plan alimenticio. En Sparta Sport Center realizamos una <\/span><strong>evaluaci\u00f3n completa de tu estado f\u00edsico, h\u00e1bitos, estilo de vida y metas<\/strong><span style=\"font-weight: 400;\">, para crear un plan de nutrici\u00f3n totalmente adaptado a ti.<\/span><\/p>\n<p><span style=\"font-weight: 400;\">Nuestros programas en Iurreta se ajustan a diferentes objetivos \u2014p\u00e9rdida de peso, aumento de masa muscular, mejora del rendimiento deportivo o control de condiciones espec\u00edficas de salud\u2014 y siempre tienen en cuenta tus gustos, horarios y preferencias alimentarias.\u00a0<\/span><\/p>\n<p><span style=\"font-weight: 400;\">Queremos que comer bien se convierta en un h\u00e1bito f\u00e1cil de mantener, agradable y duradero.<\/span><\/p>\n<p>[\/et_pb_text][\/et_pb_column][\/et_pb_row][\/et_pb_section][et_pb_section fb_built=\u00bb1&#8243; custom_padding_last_edited=\u00bbon|phone\u00bb _builder_version=\u00bb4.16&#8243; _module_preset=\u00bbdefault\u00bb background_color=\u00bb#262626&#8243; custom_padding=\u00bb0px||50px||false|false\u00bb custom_padding_tablet=\u00bb\u00bb custom_padding_phone=\u00bb||30px||false|false\u00bb global_colors_info=\u00bb{}\u00bb][et_pb_row column_structure=\u00bb1_3,2_3&#8243; custom_padding_last_edited=\u00bbon|phone\u00bb _builder_version=\u00bb4.16&#8243; _module_preset=\u00bbdefault\u00bb custom_padding_tablet=\u00bb\u00bb custom_padding_phone=\u00bb0px||0px||false|false\u00bb global_colors_info=\u00bb{}\u00bb][et_pb_column type=\u00bb1_3&#8243; _builder_version=\u00bb4.16&#8243; _module_preset=\u00bbdefault\u00bb global_colors_info=\u00bb{}\u00bb][et_pb_text _builder_version=\u00bb4.27.4&#8243; text_font=\u00bb||||||||\u00bb header_font=\u00bb||||||||\u00bb header_text_align=\u00bbcenter\u00bb header_2_font=\u00bb|300||on|||||\u00bb header_2_text_align=\u00bbright\u00bb header_2_font_size=\u00bb29px\u00bb header_2_letter_spacing=\u00bb-0.1px\u00bb custom_margin=\u00bb||0px||false|false\u00bb custom_padding=\u00bb|15%|0px||false|false\u00bb hover_enabled=\u00bb0&#8243; header_2_text_align_tablet=\u00bb\u00bb header_2_text_align_phone=\u00bbleft\u00bb header_2_text_align_last_edited=\u00bbon|phone\u00bb header_2_font_size_tablet=\u00bb51px\u00bb header_2_font_size_phone=\u00bb25px\u00bb header_2_font_size_last_edited=\u00bbon|phone\u00bb border_width_right=\u00bb2px\u00bb border_color_right=\u00bb#cccccc\u00bb border_width_right_tablet=\u00bb\u00bb border_width_right_phone=\u00bb0px\u00bb border_width_right_last_edited=\u00bbon|phone\u00bb locked=\u00bboff\u00bb global_colors_info=\u00bb{}\u00bb sticky_enabled=\u00bb0&#8243;]<\/p>\n<h2>Los mejores nutricionistas en Durango<\/h2>\n<p>[\/et_pb_text][\/et_pb_column][et_pb_column type=\u00bb2_3&#8243; _builder_version=\u00bb4.16&#8243; _module_preset=\u00bbdefault\u00bb global_colors_info=\u00bb{}\u00bb][et_pb_text _builder_version=\u00bb4.27.4&#8243; text_font=\u00bb|300|||||||\u00bb text_text_color=\u00bb#cccccc\u00bb text_line_height=\u00bb1.1em\u00bb header_font=\u00bb|300|||||||\u00bb header_2_font=\u00bb|300||on|||||\u00bb header_2_text_color=\u00bb#cccccc\u00bb header_2_font_size=\u00bb36px\u00bb header_2_letter_spacing=\u00bb2px\u00bb background_layout=\u00bbdark\u00bb global_colors_info=\u00bb{}\u00bb]<\/p>\n<p><span style=\"font-weight: 400;\">En Sparta Sport Center Duranguesado trabajamos en conjunto con entrenadores personales y otros profesionales de la salud para ofrecerte un enfoque integral. As\u00ed, conseguimos que tu progreso combine <\/span><strong>nutrici\u00f3n, ejercicio f\u00edsico y bienestar emocional<\/strong><span style=\"font-weight: 400;\"> en perfecta armon\u00eda.<\/span><\/p>\n<p><span style=\"font-weight: 400;\">Nuestros nutricionistas van m\u00e1s all\u00e1 de una simple lista de alimentos: te ense\u00f1an a construir una relaci\u00f3n saludable con la comida, basada en el equilibrio y la consciencia, sin recurrir a dietas extremas ni soluciones pasajeras. Te ayudamos a entender lo que realmente necesita tu cuerpo y a mantener una motivaci\u00f3n constante.<\/span><\/p>\n<p><span style=\"font-weight: 400;\">Mejorar tu alimentaci\u00f3n es una de las decisiones m\u00e1s transformadoras que puedes tomar. Con el apoyo de nuestros dietistas nutricionistas en Durango, tendr\u00e1s la orientaci\u00f3n profesional y el acompa\u00f1amiento necesario para lograr cambios reales y duraderos.<\/span><\/p>\n<p><span style=\"font-weight: 400;\">No se trata solo de comer mejor. Se trata de <\/span><strong>vivir mejor<\/strong><span style=\"font-weight: 400;\">, con m\u00e1s energ\u00eda, mayor rendimiento f\u00edsico y la confianza de sentirte bien contigo mismo cada d\u00eda.<\/span><\/p>\n<p>&nbsp;<\/p>\n<p>[\/et_pb_text][\/et_pb_column][\/et_pb_row][et_pb_row _builder_version=\u00bb4.16&#8243; custom_margin=\u00bb||5%||false|false\u00bb custom_padding=\u00bb||0px||false|false\u00bb locked=\u00bboff\u00bb global_colors_info=\u00bb{}\u00bb][et_pb_column type=\u00bb4_4&#8243; _builder_version=\u00bb4.16&#8243; global_colors_info=\u00bb{}\u00bb][et_pb_button button_url=\u00bbhttps:\/\/spartasportcenter.com\/duranguesado\/wp-content\/uploads\/2024\/08\/nutricionista-en-sparta-sport-center-durango.jpeg\u00bb url_new_window=\u00bbon\u00bb button_text=\u00bbDESCARGAR PDF INFORMATIVO\u00bb button_alignment=\u00bbcenter\u00bb _builder_version=\u00bb4.27.4&#8243; custom_button=\u00bbon\u00bb button_text_color=\u00bb#cccccc\u00bb button_border_width=\u00bb1px\u00bb button_border_color=\u00bb#cccccc\u00bb button_border_radius=\u00bb0px\u00bb button_letter_spacing=\u00bb1px\u00bb button_font=\u00bb|300||on|||||\u00bb button_use_icon=\u00bboff\u00bb custom_margin=\u00bb0%|||\u00bb custom_padding=\u00bb|||\u00bb button_text_size_tablet=\u00bb\u00bb button_text_size_phone=\u00bb16px\u00bb button_text_size_last_edited=\u00bbon|phone\u00bb button_border_radius_hover=\u00bb0px\u00bb button_letter_spacing_hover=\u00bb3px\u00bb global_colors_info=\u00bb{}\u00bb button_text_size__hover_enabled=\u00bboff\u00bb button_text_size__hover=\u00bbnull\u00bb button_one_text_size__hover_enabled=\u00bboff\u00bb button_one_text_size__hover=\u00bbnull\u00bb button_two_text_size__hover_enabled=\u00bboff\u00bb button_two_text_size__hover=\u00bbnull\u00bb button_text_color__hover_enabled=\u00bbon|hover\u00bb button_text_color__hover=\u00bb#ffffff\u00bb button_one_text_color__hover_enabled=\u00bboff\u00bb button_one_text_color__hover=\u00bbnull\u00bb button_two_text_color__hover_enabled=\u00bboff\u00bb button_two_text_color__hover=\u00bbnull\u00bb button_border_width__hover_enabled=\u00bboff\u00bb button_border_width__hover=\u00bbnull\u00bb button_one_border_width__hover_enabled=\u00bboff\u00bb button_one_border_width__hover=\u00bbnull\u00bb button_two_border_width__hover_enabled=\u00bboff\u00bb button_two_border_width__hover=\u00bbnull\u00bb button_border_color__hover_enabled=\u00bboff\u00bb button_border_color__hover=\u00bbnull\u00bb button_one_border_color__hover_enabled=\u00bboff\u00bb button_one_border_color__hover=\u00bbnull\u00bb button_two_border_color__hover_enabled=\u00bboff\u00bb button_two_border_color__hover=\u00bbnull\u00bb button_border_radius__hover_enabled=\u00bboff|hover\u00bb button_border_radius__hover=\u00bb0px\u00bb button_one_border_radius__hover_enabled=\u00bboff\u00bb button_one_border_radius__hover=\u00bbnull\u00bb button_two_border_radius__hover_enabled=\u00bboff\u00bb button_two_border_radius__hover=\u00bbnull\u00bb button_letter_spacing__hover_enabled=\u00bboff|hover\u00bb button_letter_spacing__hover=\u00bb3px\u00bb button_one_letter_spacing__hover_enabled=\u00bboff\u00bb button_one_letter_spacing__hover=\u00bbnull\u00bb button_two_letter_spacing__hover_enabled=\u00bboff\u00bb button_two_letter_spacing__hover=\u00bbnull\u00bb button_bg_color__hover_enabled=\u00bboff\u00bb button_bg_color__hover=\u00bbnull\u00bb button_one_bg_color__hover_enabled=\u00bboff\u00bb button_one_bg_color__hover=\u00bbnull\u00bb button_two_bg_color__hover_enabled=\u00bboff\u00bb button_two_bg_color__hover=\u00bbnull\u00bb][\/et_pb_button][\/et_pb_column][\/et_pb_row][\/et_pb_section]<\/p>\n","protected":false},"excerpt":{"rendered":"<p>Nutricionista en DurangoEn Sparta Sport Center sabemos que una buena alimentaci\u00f3n es la base para disfrutar de una vida activa y equilibrada. Comer bien no siempre resulta sencillo, sobre todo cuando intentamos hacerlo sin orientaci\u00f3n profesional. Por eso ponemos a tu disposici\u00f3n un equipo de nutricionistas especializados en Durango, preparados para ayudarte a cuidar tu [&hellip;]<\/p>\n","protected":false},"author":1,"featured_media":220311,"parent":0,"menu_order":0,"comment_status":"closed","ping_status":"closed","template":"","meta":{"_et_pb_use_builder":"on","_et_pb_old_content":"","_et_gb_content_width":"","footnotes":""},"class_list":["post-209780","page","type-page","status-publish","has-post-thumbnail","hentry"],"yoast_head":"<!-- This site is optimized with the Yoast SEO plugin v27.4 - https:\/\/yoast.com\/product\/yoast-seo-wordpress\/ -->\n<title>Nutricionista en Duranguesado | Sparta Sport Center<\/title>\n<meta name=\"description\" content=\"\u00bfEst\u00e1s buscando un gimnasio con nutricionista en Duranguesado? Sparta Sport Center somos tu mejor opci\u00f3n. \u00a1Ap\u00fantate ya y disfruta del d\u00eda gratis!\" \/>\n<meta name=\"robots\" content=\"index, follow, max-snippet:-1, max-image-preview:large, max-video-preview:-1\" \/>\n<link rel=\"canonical\" href=\"https:\/\/spartasportcenter.com\/duranguesado\/nutricionista\/\" \/>\n<meta property=\"og:locale\" content=\"es_ES\" \/>\n<meta property=\"og:type\" content=\"article\" \/>\n<meta property=\"og:title\" content=\"Nutricionista en Duranguesado | Sparta Sport Center\" \/>\n<meta property=\"og:description\" content=\"\u00bfEst\u00e1s buscando un gimnasio con nutricionista en Duranguesado? Sparta Sport Center somos tu mejor opci\u00f3n. \u00a1Ap\u00fantate ya y disfruta del d\u00eda gratis!\" \/>\n<meta property=\"og:url\" content=\"https:\/\/spartasportcenter.com\/duranguesado\/nutricionista\/\" \/>\n<meta property=\"og:site_name\" content=\"Sparta Sport Center Durango\" \/>\n<meta property=\"article:modified_time\" content=\"2025-09-22T09:30:33+00:00\" \/>\n<meta property=\"og:image\" content=\"https:\/\/spartasportcenter.com\/duranguesado\/wp-content\/uploads\/2024\/03\/nutricionista-cabecera.jpg\" \/>\n\t<meta property=\"og:image:width\" content=\"2000\" \/>\n\t<meta property=\"og:image:height\" content=\"1333\" \/>\n\t<meta property=\"og:image:type\" content=\"image\/jpeg\" \/>\n<meta name=\"twitter:card\" content=\"summary_large_image\" \/>\n<meta name=\"twitter:label1\" content=\"Tiempo de lectura\" \/>\n\t<meta name=\"twitter:data1\" content=\"2 minutos\" \/>\n<script type=\"application\/ld+json\" class=\"yoast-schema-graph\">{\"@context\":\"https:\\\/\\\/schema.org\",\"@graph\":[{\"@type\":\"WebPage\",\"@id\":\"https:\\\/\\\/spartasportcenter.com\\\/duranguesado\\\/nutricionista\\\/\",\"url\":\"https:\\\/\\\/spartasportcenter.com\\\/duranguesado\\\/nutricionista\\\/\",\"name\":\"Nutricionista en Duranguesado | Sparta Sport Center\",\"isPartOf\":{\"@id\":\"https:\\\/\\\/spartasportcenter.com\\\/duranguesado\\\/#website\"},\"primaryImageOfPage\":{\"@id\":\"https:\\\/\\\/spartasportcenter.com\\\/duranguesado\\\/nutricionista\\\/#primaryimage\"},\"image\":{\"@id\":\"https:\\\/\\\/spartasportcenter.com\\\/duranguesado\\\/nutricionista\\\/#primaryimage\"},\"thumbnailUrl\":\"https:\\\/\\\/spartasportcenter.com\\\/duranguesado\\\/wp-content\\\/uploads\\\/2024\\\/03\\\/nutricionista-cabecera.jpg\",\"datePublished\":\"2019-01-29T14:41:35+00:00\",\"dateModified\":\"2025-09-22T09:30:33+00:00\",\"description\":\"\u00bfEst\u00e1s buscando un gimnasio con nutricionista en Duranguesado? Sparta Sport Center somos tu mejor opci\u00f3n. \u00a1Ap\u00fantate ya y disfruta del d\u00eda gratis!\",\"breadcrumb\":{\"@id\":\"https:\\\/\\\/spartasportcenter.com\\\/duranguesado\\\/nutricionista\\\/#breadcrumb\"},\"inLanguage\":\"es\",\"potentialAction\":[{\"@type\":\"ReadAction\",\"target\":[\"https:\\\/\\\/spartasportcenter.com\\\/duranguesado\\\/nutricionista\\\/\"]}]},{\"@type\":\"ImageObject\",\"inLanguage\":\"es\",\"@id\":\"https:\\\/\\\/spartasportcenter.com\\\/duranguesado\\\/nutricionista\\\/#primaryimage\",\"url\":\"https:\\\/\\\/spartasportcenter.com\\\/duranguesado\\\/wp-content\\\/uploads\\\/2024\\\/03\\\/nutricionista-cabecera.jpg\",\"contentUrl\":\"https:\\\/\\\/spartasportcenter.com\\\/duranguesado\\\/wp-content\\\/uploads\\\/2024\\\/03\\\/nutricionista-cabecera.jpg\",\"width\":2000,\"height\":1333},{\"@type\":\"BreadcrumbList\",\"@id\":\"https:\\\/\\\/spartasportcenter.com\\\/duranguesado\\\/nutricionista\\\/#breadcrumb\",\"itemListElement\":[{\"@type\":\"ListItem\",\"position\":1,\"name\":\"Portada\",\"item\":\"https:\\\/\\\/spartasportcenter.com\\\/duranguesado\\\/\"},{\"@type\":\"ListItem\",\"position\":2,\"name\":\"Nutricionista Duranguesado\"}]},{\"@type\":\"WebSite\",\"@id\":\"https:\\\/\\\/spartasportcenter.com\\\/duranguesado\\\/#website\",\"url\":\"https:\\\/\\\/spartasportcenter.com\\\/duranguesado\\\/\",\"name\":\"Sparta Sport Center Durango\",\"description\":\"Gimnasios en durango\",\"potentialAction\":[{\"@type\":\"SearchAction\",\"target\":{\"@type\":\"EntryPoint\",\"urlTemplate\":\"https:\\\/\\\/spartasportcenter.com\\\/duranguesado\\\/?s={search_term_string}\"},\"query-input\":{\"@type\":\"PropertyValueSpecification\",\"valueRequired\":true,\"valueName\":\"search_term_string\"}}],\"inLanguage\":\"es\"}]}<\/script>\n<!-- \/ Yoast SEO plugin. -->","yoast_head_json":{"title":"Nutricionista en Duranguesado | Sparta Sport Center","description":"\u00bfEst\u00e1s buscando un gimnasio con nutricionista en Duranguesado? Sparta Sport Center somos tu mejor opci\u00f3n. \u00a1Ap\u00fantate ya y disfruta del d\u00eda gratis!","robots":{"index":"index","follow":"follow","max-snippet":"max-snippet:-1","max-image-preview":"max-image-preview:large","max-video-preview":"max-video-preview:-1"},"canonical":"https:\/\/spartasportcenter.com\/duranguesado\/nutricionista\/","og_locale":"es_ES","og_type":"article","og_title":"Nutricionista en Duranguesado | Sparta Sport Center","og_description":"\u00bfEst\u00e1s buscando un gimnasio con nutricionista en Duranguesado? Sparta Sport Center somos tu mejor opci\u00f3n. \u00a1Ap\u00fantate ya y disfruta del d\u00eda gratis!","og_url":"https:\/\/spartasportcenter.com\/duranguesado\/nutricionista\/","og_site_name":"Sparta Sport Center Durango","article_modified_time":"2025-09-22T09:30:33+00:00","og_image":[{"width":2000,"height":1333,"url":"https:\/\/spartasportcenter.com\/duranguesado\/wp-content\/uploads\/2024\/03\/nutricionista-cabecera.jpg","type":"image\/jpeg"}],"twitter_card":"summary_large_image","twitter_misc":{"Tiempo de lectura":"2 minutos"},"schema":{"@context":"https:\/\/schema.org","@graph":[{"@type":"WebPage","@id":"https:\/\/spartasportcenter.com\/duranguesado\/nutricionista\/","url":"https:\/\/spartasportcenter.com\/duranguesado\/nutricionista\/","name":"Nutricionista en Duranguesado | Sparta Sport Center","isPartOf":{"@id":"https:\/\/spartasportcenter.com\/duranguesado\/#website"},"primaryImageOfPage":{"@id":"https:\/\/spartasportcenter.com\/duranguesado\/nutricionista\/#primaryimage"},"image":{"@id":"https:\/\/spartasportcenter.com\/duranguesado\/nutricionista\/#primaryimage"},"thumbnailUrl":"https:\/\/spartasportcenter.com\/duranguesado\/wp-content\/uploads\/2024\/03\/nutricionista-cabecera.jpg","datePublished":"2019-01-29T14:41:35+00:00","dateModified":"2025-09-22T09:30:33+00:00","description":"\u00bfEst\u00e1s buscando un gimnasio con nutricionista en Duranguesado? Sparta Sport Center somos tu mejor opci\u00f3n. \u00a1Ap\u00fantate ya y disfruta del d\u00eda gratis!","breadcrumb":{"@id":"https:\/\/spartasportcenter.com\/duranguesado\/nutricionista\/#breadcrumb"},"inLanguage":"es","potentialAction":[{"@type":"ReadAction","target":["https:\/\/spartasportcenter.com\/duranguesado\/nutricionista\/"]}]},{"@type":"ImageObject","inLanguage":"es","@id":"https:\/\/spartasportcenter.com\/duranguesado\/nutricionista\/#primaryimage","url":"https:\/\/spartasportcenter.com\/duranguesado\/wp-content\/uploads\/2024\/03\/nutricionista-cabecera.jpg","contentUrl":"https:\/\/spartasportcenter.com\/duranguesado\/wp-content\/uploads\/2024\/03\/nutricionista-cabecera.jpg","width":2000,"height":1333},{"@type":"BreadcrumbList","@id":"https:\/\/spartasportcenter.com\/duranguesado\/nutricionista\/#breadcrumb","itemListElement":[{"@type":"ListItem","position":1,"name":"Portada","item":"https:\/\/spartasportcenter.com\/duranguesado\/"},{"@type":"ListItem","position":2,"name":"Nutricionista Duranguesado"}]},{"@type":"WebSite","@id":"https:\/\/spartasportcenter.com\/duranguesado\/#website","url":"https:\/\/spartasportcenter.com\/duranguesado\/","name":"Sparta Sport Center Durango","description":"Gimnasios en durango","potentialAction":[{"@type":"SearchAction","target":{"@type":"EntryPoint","urlTemplate":"https:\/\/spartasportcenter.com\/duranguesado\/?s={search_term_string}"},"query-input":{"@type":"PropertyValueSpecification","valueRequired":true,"valueName":"search_term_string"}}],"inLanguage":"es"}]}},"_links":{"self":[{"href":"https:\/\/spartasportcenter.com\/duranguesado\/wp-json\/wp\/v2\/pages\/209780","targetHints":{"allow":["GET"]}}],"collection":[{"href":"https:\/\/spartasportcenter.com\/duranguesado\/wp-json\/wp\/v2\/pages"}],"about":[{"href":"https:\/\/spartasportcenter.com\/duranguesado\/wp-json\/wp\/v2\/types\/page"}],"author":[{"embeddable":true,"href":"https:\/\/spartasportcenter.com\/duranguesado\/wp-json\/wp\/v2\/users\/1"}],"replies":[{"embeddable":true,"href":"https:\/\/spartasportcenter.com\/duranguesado\/wp-json\/wp\/v2\/comments?post=209780"}],"version-history":[{"count":37,"href":"https:\/\/spartasportcenter.com\/duranguesado\/wp-json\/wp\/v2\/pages\/209780\/revisions"}],"predecessor-version":[{"id":221554,"href":"https:\/\/spartasportcenter.com\/duranguesado\/wp-json\/wp\/v2\/pages\/209780\/revisions\/221554"}],"wp:featuredmedia":[{"embeddable":true,"href":"https:\/\/spartasportcenter.com\/duranguesado\/wp-json\/wp\/v2\/media\/220311"}],"wp:attachment":[{"href":"https:\/\/spartasportcenter.com\/duranguesado\/wp-json\/wp\/v2\/media?parent=209780"}],"curies":[{"name":"wp","href":"https:\/\/api.w.org\/{rel}","templated":true}]}}