{"id":206555,"date":"2018-08-20T15:49:40","date_gmt":"2018-08-20T15:49:40","guid":{"rendered":"https:\/\/pamplona.spartasportcenter.com\/?page_id=206555"},"modified":"2025-09-19T09:48:17","modified_gmt":"2025-09-19T07:48:17","slug":"body-pump","status":"publish","type":"page","link":"https:\/\/spartasportcenter.com\/duranguesado\/body-pump\/","title":{"rendered":"Body Pump Duranguesado"},"content":{"rendered":"<p>[et_pb_section fb_built=\u00bb1&#8243; custom_padding_last_edited=\u00bbon|phone\u00bb disabled_on=\u00bboff|off|off\u00bb _builder_version=\u00bb4.16&#8243; background_color=\u00bb#262626&#8243; background_enable_image=\u00bboff\u00bb custom_margin=\u00bb||||false|false\u00bb custom_padding=\u00bb80px|0px|0px|0px|false|false\u00bb custom_padding_tablet=\u00bb\u00bb custom_padding_phone=\u00bb30px||50px||false|false\u00bb global_colors_info=\u00bb{}\u00bb][et_pb_row column_structure=\u00bb1_3,2_3&#8243; custom_padding_last_edited=\u00bbon|desktop\u00bb _builder_version=\u00bb4.16&#8243; _module_preset=\u00bbdefault\u00bb custom_padding=\u00bb0px||||false|false\u00bb custom_padding_tablet=\u00bb\u00bb custom_padding_phone=\u00bb0px||||false|false\u00bb global_colors_info=\u00bb{}\u00bb][et_pb_column type=\u00bb1_3&#8243; _builder_version=\u00bb4.16&#8243; _module_preset=\u00bbdefault\u00bb global_colors_info=\u00bb{}\u00bb][et_pb_text _builder_version=\u00bb4.27.4&#8243; text_font=\u00bb||||||||\u00bb header_font=\u00bb||||||||\u00bb header_text_align=\u00bbcenter\u00bb header_2_font=\u00bb|300||on|||||\u00bb header_2_text_align=\u00bbright\u00bb header_2_font_size=\u00bb29px\u00bb custom_margin=\u00bb||0px||false|false\u00bb custom_padding=\u00bb|15%|0px||false|false\u00bb hover_enabled=\u00bb0&#8243; header_2_text_align_tablet=\u00bb\u00bb header_2_text_align_phone=\u00bbleft\u00bb header_2_text_align_last_edited=\u00bbon|phone\u00bb header_2_font_size_tablet=\u00bb51px\u00bb header_2_font_size_phone=\u00bb25px\u00bb header_2_font_size_last_edited=\u00bbon|phone\u00bb border_width_right=\u00bb2px\u00bb border_color_right=\u00bb#cccccc\u00bb border_width_right_tablet=\u00bb\u00bb border_width_right_phone=\u00bb0px\u00bb border_width_right_last_edited=\u00bbon|phone\u00bb locked=\u00bboff\u00bb global_colors_info=\u00bb{}\u00bb sticky_enabled=\u00bb0&#8243;]<\/p>\n<h2>Clases de Body Pump en Iurreta<br \/>\n<\/h2>\n<p>[\/et_pb_text][\/et_pb_column][et_pb_column type=\u00bb2_3&#8243; _builder_version=\u00bb4.16&#8243; _module_preset=\u00bbdefault\u00bb global_colors_info=\u00bb{}\u00bb][et_pb_text _builder_version=\u00bb4.27.4&#8243; text_font=\u00bb|300|||||||\u00bb text_text_color=\u00bb#cccccc\u00bb text_line_height=\u00bb1.1em\u00bb header_font=\u00bb|300|||||||\u00bb header_2_font=\u00bb|300||on|||||\u00bb header_2_text_color=\u00bb#cccccc\u00bb header_2_font_size=\u00bb36px\u00bb header_2_letter_spacing=\u00bb2px\u00bb background_layout=\u00bbdark\u00bb hover_enabled=\u00bb0&#8243; global_colors_info=\u00bb{}\u00bb sticky_enabled=\u00bb0&#8243;]<\/p>\n<p><span style=\"font-weight: 400;\">En Sparta Sport Center creemos en entrenamientos que aporten cambios reales. Por eso, hemos incorporado a nuestra programaci\u00f3n las <\/span><strong>clases de Body Pump en Iurreta<\/strong><span style=\"font-weight: 400;\">, una disciplina que combina fuerza y m\u00fasica para ofrecer sesiones din\u00e1micas, intensas y muy efectivas.<\/span><\/p>\n<p>[\/et_pb_text][et_pb_button button_text=\u00bb+\u00bb button_alignment=\u00bbcenter\u00bb module_class=\u00bbrv_button closed\u00bb _builder_version=\u00bb4.20.0&#8243; custom_button=\u00bbon\u00bb button_text_size=\u00bb39px\u00bb button_text_color=\u00bb#cccccc\u00bb button_border_width=\u00bb0px\u00bb button_border_radius=\u00bb0px\u00bb button_font=\u00bbOswald|700|||||||\u00bb button_use_icon=\u00bboff\u00bb custom_margin=\u00bb-40px|0px|-10px|0px|false|false\u00bb custom_margin_tablet=\u00bb\u00bb custom_margin_phone=\u00bb\u00bb custom_margin_last_edited=\u00bbon|phone\u00bb custom_padding=\u00bb0px|0px|0px|0px|true|\u00bb button_text_color_hover=\u00bbrgba(224,43,32,0.76)\u00bb button_border_color_hover=\u00bbrgba(0,0,0,0)\u00bb button_border_radius_hover=\u00bb0px\u00bb button_bg_color_hover=\u00bbrgba(0,0,0,0)\u00bb locked=\u00bboff\u00bb global_colors_info=\u00bb{}\u00bb button_text_size__hover_enabled=\u00bboff\u00bb button_one_text_size__hover_enabled=\u00bboff\u00bb button_two_text_size__hover_enabled=\u00bboff\u00bb button_text_color__hover_enabled=\u00bbon|desktop\u00bb button_text_color__hover=\u00bbrgba(255,255,255,0.5)\u00bb button_one_text_color__hover_enabled=\u00bboff\u00bb button_two_text_color__hover_enabled=\u00bboff\u00bb button_border_width__hover_enabled=\u00bboff\u00bb button_one_border_width__hover_enabled=\u00bboff\u00bb button_two_border_width__hover_enabled=\u00bboff\u00bb button_border_color__hover_enabled=\u00bbon\u00bb button_border_color__hover=\u00bbrgba(0,0,0,0)\u00bb button_one_border_color__hover_enabled=\u00bboff\u00bb button_two_border_color__hover_enabled=\u00bboff\u00bb button_border_radius__hover_enabled=\u00bbon\u00bb button_border_radius__hover=\u00bb0px\u00bb button_one_border_radius__hover_enabled=\u00bboff\u00bb button_two_border_radius__hover_enabled=\u00bboff\u00bb button_letter_spacing__hover_enabled=\u00bboff\u00bb button_one_letter_spacing__hover_enabled=\u00bboff\u00bb button_two_letter_spacing__hover_enabled=\u00bboff\u00bb button_bg_color__hover_enabled=\u00bbon\u00bb button_bg_color__hover=\u00bbrgba(255,255,255,0)\u00bb button_one_bg_color__hover_enabled=\u00bboff\u00bb button_two_bg_color__hover_enabled=\u00bboff\u00bb][\/et_pb_button][et_pb_text module_id=\u00bbreveal\u00bb _builder_version=\u00bb4.27.4&#8243; text_font=\u00bb|300|||||||\u00bb text_text_color=\u00bb#cccccc\u00bb text_line_height=\u00bb1.1em\u00bb header_font=\u00bb|300|||||||\u00bb header_2_font=\u00bb|300||on|||||\u00bb header_2_text_color=\u00bb#cccccc\u00bb header_2_font_size=\u00bb36px\u00bb header_2_letter_spacing=\u00bb2px\u00bb background_layout=\u00bbdark\u00bb hover_enabled=\u00bb0&#8243; locked=\u00bboff\u00bb global_colors_info=\u00bb{}\u00bb sticky_enabled=\u00bb0&#8243;]<\/p>\n<p><span style=\"font-weight: 400;\">Durante cada entrenamiento utilizamos <\/span><strong>barras y discos de peso ajustable<\/strong><span style=\"font-weight: 400;\">, trabajando todos los grupos musculares en una sola clase. Nuestros instructores te gu\u00edan con <\/span><strong>coreograf\u00edas sincronizadas al ritmo de la m\u00fasica<\/strong><span style=\"font-weight: 400;\">, creando una experiencia motivadora y llena de energ\u00eda.<\/span><\/p>\n<p><span style=\"font-weight: 400;\">Estas clases est\u00e1n pensadas para todos los niveles: desde quienes dan sus primeros pasos en el entrenamiento con peso hasta quienes buscan un nuevo reto. Lo importante es que avances a tu propio ritmo, con seguridad y con el acompa\u00f1amiento constante de nuestro equipo.<\/span><\/p>\n<p>[\/et_pb_text][\/et_pb_column][\/et_pb_row][et_pb_row column_structure=\u00bb1_3,2_3&#8243; custom_padding_last_edited=\u00bbon|phone\u00bb _builder_version=\u00bb4.16&#8243; _module_preset=\u00bbdefault\u00bb custom_margin=\u00bb||0px||false|false\u00bb custom_padding=\u00bb||||false|false\u00bb custom_padding_tablet=\u00bb\u00bb custom_padding_phone=\u00bb0px||0px||false|false\u00bb global_colors_info=\u00bb{}\u00bb][et_pb_column type=\u00bb1_3&#8243; _builder_version=\u00bb4.16&#8243; _module_preset=\u00bbdefault\u00bb global_colors_info=\u00bb{}\u00bb][et_pb_text _builder_version=\u00bb4.27.4&#8243; text_font=\u00bb||||||||\u00bb header_font=\u00bb||||||||\u00bb header_text_align=\u00bbcenter\u00bb header_2_font=\u00bb|300||on|||||\u00bb header_2_text_align=\u00bbright\u00bb header_2_font_size=\u00bb29px\u00bb custom_margin=\u00bb||0px||false|false\u00bb custom_padding=\u00bb|15%|0px||false|false\u00bb hover_enabled=\u00bb0&#8243; header_2_text_align_tablet=\u00bb\u00bb header_2_text_align_phone=\u00bbleft\u00bb header_2_text_align_last_edited=\u00bbon|phone\u00bb header_2_font_size_tablet=\u00bb51px\u00bb header_2_font_size_phone=\u00bb25px\u00bb header_2_font_size_last_edited=\u00bbon|phone\u00bb border_width_right=\u00bb2px\u00bb border_color_right=\u00bb#cccccc\u00bb border_width_right_tablet=\u00bb\u00bb border_width_right_phone=\u00bb0px\u00bb border_width_right_last_edited=\u00bbon|phone\u00bb locked=\u00bboff\u00bb global_colors_info=\u00bb{}\u00bb sticky_enabled=\u00bb0&#8243;]<\/p>\n<h2>Beneficios del Body Pump en Durango<br \/>\n<\/h2>\n<p>[\/et_pb_text][\/et_pb_column][et_pb_column type=\u00bb2_3&#8243; _builder_version=\u00bb4.16&#8243; _module_preset=\u00bbdefault\u00bb global_colors_info=\u00bb{}\u00bb][et_pb_text _builder_version=\u00bb4.27.4&#8243; text_font=\u00bb|300|||||||\u00bb text_text_color=\u00bb#cccccc\u00bb text_line_height=\u00bb1.1em\u00bb header_font=\u00bb|300|||||||\u00bb header_2_font=\u00bb|300||on|||||\u00bb header_2_text_color=\u00bb#cccccc\u00bb header_2_font_size=\u00bb36px\u00bb header_2_letter_spacing=\u00bb2px\u00bb background_layout=\u00bbdark\u00bb hover_enabled=\u00bb0&#8243; global_colors_info=\u00bb{}\u00bb sticky_enabled=\u00bb0&#8243;]<\/p>\n<p><span style=\"font-weight: 400;\">Practicar Body Pump de manera regular no solo transforma tu f\u00edsico, tambi\u00e9n potencia tu bienestar mental. Algunos de sus beneficios m\u00e1s destacados son:<\/span><\/p>\n<ul>\n<li style=\"font-weight: 400;\" aria-level=\"1\"><b>Tonificaci\u00f3n global:<\/b><span style=\"font-weight: 400;\"> trabajamos todos los grupos musculares para lograr un cuerpo m\u00e1s definido y equilibrado.<\/span><\/li>\n<li style=\"font-weight: 400;\" aria-level=\"1\"><b>Alta quema cal\u00f3rica:<\/b><span style=\"font-weight: 400;\"> en cada sesi\u00f3n puedes eliminar cientos de calor\u00edas, ideal para quienes buscan perder grasa corporal.<\/span><\/li>\n<li style=\"font-weight: 400;\" aria-level=\"1\"><b>Fuerza y resistencia mejoradas:<\/b><span style=\"font-weight: 400;\"> la combinaci\u00f3n de repeticiones y carga desarrolla tanto la fuerza muscular como la capacidad cardiovascular.<\/span><\/li>\n<li style=\"font-weight: 400;\" aria-level=\"1\"><b>Fortalecimiento de los huesos:<\/b><span style=\"font-weight: 400;\"> el entrenamiento con peso incrementa la densidad \u00f3sea y ayuda a prevenir lesiones asociadas al sedentarismo o la edad.<\/span><\/li>\n<li style=\"font-weight: 400;\" aria-level=\"1\"><b>Bienestar emocional:<\/b><span style=\"font-weight: 400;\"> el ambiente din\u00e1mico y la liberaci\u00f3n de endorfinas hacen que cada clase sea una recarga de energ\u00eda y buen humor.<\/span><\/li>\n<\/ul>\n<ul><\/ul>\n<p>[\/et_pb_text][\/et_pb_column][\/et_pb_row][\/et_pb_section][et_pb_section fb_built=\u00bb1&#8243; custom_padding_last_edited=\u00bbon|phone\u00bb _builder_version=\u00bb4.16&#8243; _module_preset=\u00bbdefault\u00bb background_color=\u00bb#262626&#8243; custom_padding=\u00bb0px||50px||false|false\u00bb custom_padding_tablet=\u00bb\u00bb custom_padding_phone=\u00bb||30px||false|false\u00bb global_colors_info=\u00bb{}\u00bb][et_pb_row column_structure=\u00bb1_3,2_3&#8243; custom_padding_last_edited=\u00bbon|phone\u00bb _builder_version=\u00bb4.16&#8243; _module_preset=\u00bbdefault\u00bb custom_padding_tablet=\u00bb\u00bb custom_padding_phone=\u00bb0px||0px||false|false\u00bb global_colors_info=\u00bb{}\u00bb][et_pb_column type=\u00bb1_3&#8243; _builder_version=\u00bb4.16&#8243; _module_preset=\u00bbdefault\u00bb global_colors_info=\u00bb{}\u00bb][et_pb_text _builder_version=\u00bb4.27.4&#8243; text_font=\u00bb||||||||\u00bb header_font=\u00bb||||||||\u00bb header_text_align=\u00bbcenter\u00bb header_2_font=\u00bb|300||on|||||\u00bb header_2_text_align=\u00bbright\u00bb header_2_font_size=\u00bb29px\u00bb custom_margin=\u00bb||0px||false|false\u00bb custom_padding=\u00bb|15%|0px||false|false\u00bb hover_enabled=\u00bb0&#8243; header_2_text_align_tablet=\u00bb\u00bb header_2_text_align_phone=\u00bbleft\u00bb header_2_text_align_last_edited=\u00bbon|phone\u00bb header_2_font_size_tablet=\u00bb51px\u00bb header_2_font_size_phone=\u00bb25px\u00bb header_2_font_size_last_edited=\u00bbon|phone\u00bb border_width_right=\u00bb2px\u00bb border_color_right=\u00bb#cccccc\u00bb border_width_right_tablet=\u00bb\u00bb border_width_right_phone=\u00bb0px\u00bb border_width_right_last_edited=\u00bbon|phone\u00bb locked=\u00bboff\u00bb global_colors_info=\u00bb{}\u00bb sticky_enabled=\u00bb0&#8243;]<\/p>\n<h2>Por qu\u00e9 Body Pump en Sparta Sport Center Duranguesado<br \/>\n<\/h2>\n<p>[\/et_pb_text][\/et_pb_column][et_pb_column type=\u00bb2_3&#8243; _builder_version=\u00bb4.16&#8243; _module_preset=\u00bbdefault\u00bb global_colors_info=\u00bb{}\u00bb][et_pb_text _builder_version=\u00bb4.27.4&#8243; text_font=\u00bb|300|||||||\u00bb text_text_color=\u00bb#cccccc\u00bb text_line_height=\u00bb1.1em\u00bb header_font=\u00bb|300|||||||\u00bb header_2_font=\u00bb|300||on|||||\u00bb header_2_text_color=\u00bb#cccccc\u00bb header_2_font_size=\u00bb36px\u00bb header_2_letter_spacing=\u00bb2px\u00bb background_layout=\u00bbdark\u00bb hover_enabled=\u00bb0&#8243; global_colors_info=\u00bb{}\u00bb sticky_enabled=\u00bb0&#8243;]<\/p>\n<p><span style=\"font-weight: 400;\">En Sparta Sport Center Duranguesado no solo ofrecemos clases: ofrecemos una experiencia completa que te conecta con una comunidad activa y motivada. Estas son algunas de las razones para elegirnos:<\/span><\/p>\n<ul>\n<li style=\"font-weight: 400;\" aria-level=\"1\"><b>Instructores especializados<\/b><span style=\"font-weight: 400;\">, que te corrigen, animan y acompa\u00f1an en cada repetici\u00f3n.<\/span><\/li>\n<li style=\"font-weight: 400;\" aria-level=\"1\"><b>Material de calidad profesional<\/b><span style=\"font-weight: 400;\">, con barras, discos y colchonetas que garantizan un entrenamiento seguro y eficiente.<\/span><\/li>\n<li style=\"font-weight: 400;\" aria-level=\"1\"><b>Entorno positivo y cercano<\/b><span style=\"font-weight: 400;\">, donde entrenar se convierte en un momento de motivaci\u00f3n compartida.<\/span><\/li>\n<li style=\"font-weight: 400;\" aria-level=\"1\"><b>Apoyo extra<\/b><span style=\"font-weight: 400;\">, con consejos sobre h\u00e1bitos saludables y nutrici\u00f3n para potenciar tus resultados.<\/span><\/li>\n<\/ul>\n<p><span style=\"font-weight: 400;\">Si buscas un entrenamiento que combine m\u00fasica, intensidad y resultados visibles, nuestras <\/span><strong>clases de Body Pump en Iurreta<\/strong><span style=\"font-weight: 400;\"> son para ti. En Sparta Sport Center Duranguesado ponemos a tu alcance todo lo que necesitas para avanzar hacia tu mejor versi\u00f3n.<\/span><\/p>\n<p>[\/et_pb_text][\/et_pb_column][\/et_pb_row][\/et_pb_section]<\/p>\n","protected":false},"excerpt":{"rendered":"<p>Clases de Body Pump en Iurreta En Sparta Sport Center creemos en entrenamientos que aporten cambios reales. Por eso, hemos incorporado a nuestra programaci\u00f3n las clases de Body Pump en Iurreta, una disciplina que combina fuerza y m\u00fasica para ofrecer sesiones din\u00e1micas, intensas y muy efectivas.Durante cada entrenamiento utilizamos barras y discos de peso ajustable, [&hellip;]<\/p>\n","protected":false},"author":1,"featured_media":220477,"parent":0,"menu_order":0,"comment_status":"closed","ping_status":"closed","template":"","meta":{"_et_pb_use_builder":"on","_et_pb_old_content":"","_et_gb_content_width":"","footnotes":""},"class_list":["post-206555","page","type-page","status-publish","has-post-thumbnail","hentry"],"yoast_head":"<!-- This site is optimized with the Yoast SEO plugin v27.4 - https:\/\/yoast.com\/product\/yoast-seo-wordpress\/ -->\n<title>Body Pump en Duranguesado | Sparta Sport Center<\/title>\n<meta name=\"description\" content=\"Inscr\u00edbete y disfruta de nuestras clases de Body Pump en Duranguesado, contamos con un equipo de Instructores 100% dedicados a tu bienestar.\" \/>\n<meta name=\"robots\" content=\"index, follow, max-snippet:-1, max-image-preview:large, max-video-preview:-1\" \/>\n<link rel=\"canonical\" href=\"https:\/\/spartasportcenter.com\/duranguesado\/body-pump\/\" \/>\n<meta property=\"og:locale\" content=\"es_ES\" \/>\n<meta property=\"og:type\" content=\"article\" \/>\n<meta property=\"og:title\" content=\"Body Pump en Duranguesado | Sparta Sport Center\" \/>\n<meta property=\"og:description\" content=\"Inscr\u00edbete y disfruta de nuestras clases de Body Pump en Duranguesado, contamos con un equipo de Instructores 100% dedicados a tu bienestar.\" \/>\n<meta property=\"og:url\" content=\"https:\/\/spartasportcenter.com\/duranguesado\/body-pump\/\" \/>\n<meta property=\"og:site_name\" content=\"Sparta Sport Center Durango\" \/>\n<meta property=\"article:modified_time\" content=\"2025-09-19T07:48:17+00:00\" \/>\n<meta property=\"og:image\" content=\"https:\/\/spartasportcenter.com\/duranguesado\/wp-content\/uploads\/2024\/08\/body-pump-durango.webp\" \/>\n\t<meta property=\"og:image:width\" content=\"2000\" \/>\n\t<meta property=\"og:image:height\" content=\"1333\" \/>\n\t<meta property=\"og:image:type\" content=\"image\/webp\" \/>\n<meta name=\"twitter:card\" content=\"summary_large_image\" \/>\n<meta name=\"twitter:label1\" content=\"Tiempo de lectura\" \/>\n\t<meta name=\"twitter:data1\" content=\"3 minutos\" \/>\n<script type=\"application\/ld+json\" class=\"yoast-schema-graph\">{\"@context\":\"https:\\\/\\\/schema.org\",\"@graph\":[{\"@type\":\"WebPage\",\"@id\":\"https:\\\/\\\/spartasportcenter.com\\\/duranguesado\\\/body-pump\\\/\",\"url\":\"https:\\\/\\\/spartasportcenter.com\\\/duranguesado\\\/body-pump\\\/\",\"name\":\"Body Pump en Duranguesado | Sparta Sport Center\",\"isPartOf\":{\"@id\":\"https:\\\/\\\/spartasportcenter.com\\\/duranguesado\\\/#website\"},\"primaryImageOfPage\":{\"@id\":\"https:\\\/\\\/spartasportcenter.com\\\/duranguesado\\\/body-pump\\\/#primaryimage\"},\"image\":{\"@id\":\"https:\\\/\\\/spartasportcenter.com\\\/duranguesado\\\/body-pump\\\/#primaryimage\"},\"thumbnailUrl\":\"https:\\\/\\\/spartasportcenter.com\\\/duranguesado\\\/wp-content\\\/uploads\\\/2024\\\/08\\\/body-pump-durango.webp\",\"datePublished\":\"2018-08-20T15:49:40+00:00\",\"dateModified\":\"2025-09-19T07:48:17+00:00\",\"description\":\"Inscr\u00edbete y disfruta de nuestras clases de Body Pump en Duranguesado, contamos con un equipo de Instructores 100% dedicados a tu bienestar.\",\"breadcrumb\":{\"@id\":\"https:\\\/\\\/spartasportcenter.com\\\/duranguesado\\\/body-pump\\\/#breadcrumb\"},\"inLanguage\":\"es\",\"potentialAction\":[{\"@type\":\"ReadAction\",\"target\":[\"https:\\\/\\\/spartasportcenter.com\\\/duranguesado\\\/body-pump\\\/\"]}]},{\"@type\":\"ImageObject\",\"inLanguage\":\"es\",\"@id\":\"https:\\\/\\\/spartasportcenter.com\\\/duranguesado\\\/body-pump\\\/#primaryimage\",\"url\":\"https:\\\/\\\/spartasportcenter.com\\\/duranguesado\\\/wp-content\\\/uploads\\\/2024\\\/08\\\/body-pump-durango.webp\",\"contentUrl\":\"https:\\\/\\\/spartasportcenter.com\\\/duranguesado\\\/wp-content\\\/uploads\\\/2024\\\/08\\\/body-pump-durango.webp\",\"width\":2000,\"height\":1333,\"caption\":\"body pump durango\"},{\"@type\":\"BreadcrumbList\",\"@id\":\"https:\\\/\\\/spartasportcenter.com\\\/duranguesado\\\/body-pump\\\/#breadcrumb\",\"itemListElement\":[{\"@type\":\"ListItem\",\"position\":1,\"name\":\"Portada\",\"item\":\"https:\\\/\\\/spartasportcenter.com\\\/duranguesado\\\/\"},{\"@type\":\"ListItem\",\"position\":2,\"name\":\"Body Pump Duranguesado\"}]},{\"@type\":\"WebSite\",\"@id\":\"https:\\\/\\\/spartasportcenter.com\\\/duranguesado\\\/#website\",\"url\":\"https:\\\/\\\/spartasportcenter.com\\\/duranguesado\\\/\",\"name\":\"Sparta Sport Center Durango\",\"description\":\"Gimnasios en durango\",\"potentialAction\":[{\"@type\":\"SearchAction\",\"target\":{\"@type\":\"EntryPoint\",\"urlTemplate\":\"https:\\\/\\\/spartasportcenter.com\\\/duranguesado\\\/?s={search_term_string}\"},\"query-input\":{\"@type\":\"PropertyValueSpecification\",\"valueRequired\":true,\"valueName\":\"search_term_string\"}}],\"inLanguage\":\"es\"}]}<\/script>\n<!-- \/ Yoast SEO plugin. -->","yoast_head_json":{"title":"Body Pump en Duranguesado | Sparta Sport Center","description":"Inscr\u00edbete y disfruta de nuestras clases de Body Pump en Duranguesado, contamos con un equipo de Instructores 100% dedicados a tu bienestar.","robots":{"index":"index","follow":"follow","max-snippet":"max-snippet:-1","max-image-preview":"max-image-preview:large","max-video-preview":"max-video-preview:-1"},"canonical":"https:\/\/spartasportcenter.com\/duranguesado\/body-pump\/","og_locale":"es_ES","og_type":"article","og_title":"Body Pump en Duranguesado | Sparta Sport Center","og_description":"Inscr\u00edbete y disfruta de nuestras clases de Body Pump en Duranguesado, contamos con un equipo de Instructores 100% dedicados a tu bienestar.","og_url":"https:\/\/spartasportcenter.com\/duranguesado\/body-pump\/","og_site_name":"Sparta Sport Center Durango","article_modified_time":"2025-09-19T07:48:17+00:00","og_image":[{"width":2000,"height":1333,"url":"https:\/\/spartasportcenter.com\/duranguesado\/wp-content\/uploads\/2024\/08\/body-pump-durango.webp","type":"image\/webp"}],"twitter_card":"summary_large_image","twitter_misc":{"Tiempo de lectura":"3 minutos"},"schema":{"@context":"https:\/\/schema.org","@graph":[{"@type":"WebPage","@id":"https:\/\/spartasportcenter.com\/duranguesado\/body-pump\/","url":"https:\/\/spartasportcenter.com\/duranguesado\/body-pump\/","name":"Body Pump en Duranguesado | Sparta Sport Center","isPartOf":{"@id":"https:\/\/spartasportcenter.com\/duranguesado\/#website"},"primaryImageOfPage":{"@id":"https:\/\/spartasportcenter.com\/duranguesado\/body-pump\/#primaryimage"},"image":{"@id":"https:\/\/spartasportcenter.com\/duranguesado\/body-pump\/#primaryimage"},"thumbnailUrl":"https:\/\/spartasportcenter.com\/duranguesado\/wp-content\/uploads\/2024\/08\/body-pump-durango.webp","datePublished":"2018-08-20T15:49:40+00:00","dateModified":"2025-09-19T07:48:17+00:00","description":"Inscr\u00edbete y disfruta de nuestras clases de Body Pump en Duranguesado, contamos con un equipo de Instructores 100% dedicados a tu bienestar.","breadcrumb":{"@id":"https:\/\/spartasportcenter.com\/duranguesado\/body-pump\/#breadcrumb"},"inLanguage":"es","potentialAction":[{"@type":"ReadAction","target":["https:\/\/spartasportcenter.com\/duranguesado\/body-pump\/"]}]},{"@type":"ImageObject","inLanguage":"es","@id":"https:\/\/spartasportcenter.com\/duranguesado\/body-pump\/#primaryimage","url":"https:\/\/spartasportcenter.com\/duranguesado\/wp-content\/uploads\/2024\/08\/body-pump-durango.webp","contentUrl":"https:\/\/spartasportcenter.com\/duranguesado\/wp-content\/uploads\/2024\/08\/body-pump-durango.webp","width":2000,"height":1333,"caption":"body pump durango"},{"@type":"BreadcrumbList","@id":"https:\/\/spartasportcenter.com\/duranguesado\/body-pump\/#breadcrumb","itemListElement":[{"@type":"ListItem","position":1,"name":"Portada","item":"https:\/\/spartasportcenter.com\/duranguesado\/"},{"@type":"ListItem","position":2,"name":"Body Pump Duranguesado"}]},{"@type":"WebSite","@id":"https:\/\/spartasportcenter.com\/duranguesado\/#website","url":"https:\/\/spartasportcenter.com\/duranguesado\/","name":"Sparta Sport Center Durango","description":"Gimnasios en durango","potentialAction":[{"@type":"SearchAction","target":{"@type":"EntryPoint","urlTemplate":"https:\/\/spartasportcenter.com\/duranguesado\/?s={search_term_string}"},"query-input":{"@type":"PropertyValueSpecification","valueRequired":true,"valueName":"search_term_string"}}],"inLanguage":"es"}]}},"_links":{"self":[{"href":"https:\/\/spartasportcenter.com\/duranguesado\/wp-json\/wp\/v2\/pages\/206555","targetHints":{"allow":["GET"]}}],"collection":[{"href":"https:\/\/spartasportcenter.com\/duranguesado\/wp-json\/wp\/v2\/pages"}],"about":[{"href":"https:\/\/spartasportcenter.com\/duranguesado\/wp-json\/wp\/v2\/types\/page"}],"author":[{"embeddable":true,"href":"https:\/\/spartasportcenter.com\/duranguesado\/wp-json\/wp\/v2\/users\/1"}],"replies":[{"embeddable":true,"href":"https:\/\/spartasportcenter.com\/duranguesado\/wp-json\/wp\/v2\/comments?post=206555"}],"version-history":[{"count":28,"href":"https:\/\/spartasportcenter.com\/duranguesado\/wp-json\/wp\/v2\/pages\/206555\/revisions"}],"predecessor-version":[{"id":221471,"href":"https:\/\/spartasportcenter.com\/duranguesado\/wp-json\/wp\/v2\/pages\/206555\/revisions\/221471"}],"wp:featuredmedia":[{"embeddable":true,"href":"https:\/\/spartasportcenter.com\/duranguesado\/wp-json\/wp\/v2\/media\/220477"}],"wp:attachment":[{"href":"https:\/\/spartasportcenter.com\/duranguesado\/wp-json\/wp\/v2\/media?parent=206555"}],"curies":[{"name":"wp","href":"https:\/\/api.w.org\/{rel}","templated":true}]}}