{"id":206541,"date":"2018-08-20T15:40:03","date_gmt":"2018-08-20T15:40:03","guid":{"rendered":"https:\/\/pamplona.spartasportcenter.com\/?page_id=206541"},"modified":"2025-09-19T11:24:22","modified_gmt":"2025-09-19T09:24:22","slug":"spinning","status":"publish","type":"page","link":"https:\/\/spartasportcenter.com\/duranguesado\/spinning\/","title":{"rendered":"Spinning Duranguesado"},"content":{"rendered":"<p>[et_pb_section fb_built=\u00bb1&#8243; custom_padding_last_edited=\u00bbon|phone\u00bb disabled_on=\u00bboff|off|off\u00bb _builder_version=\u00bb4.16&#8243; background_color=\u00bb#262626&#8243; background_enable_image=\u00bboff\u00bb custom_margin=\u00bb||||false|false\u00bb custom_padding=\u00bb80px|0px|0px|0px|false|false\u00bb custom_padding_tablet=\u00bb\u00bb custom_padding_phone=\u00bb30px||50px||false|false\u00bb global_colors_info=\u00bb{}\u00bb][et_pb_row column_structure=\u00bb1_3,2_3&#8243; custom_padding_last_edited=\u00bbon|desktop\u00bb _builder_version=\u00bb4.16&#8243; _module_preset=\u00bbdefault\u00bb custom_padding=\u00bb0px||||false|false\u00bb custom_padding_tablet=\u00bb\u00bb custom_padding_phone=\u00bb0px||||false|false\u00bb global_colors_info=\u00bb{}\u00bb][et_pb_column type=\u00bb1_3&#8243; _builder_version=\u00bb4.16&#8243; _module_preset=\u00bbdefault\u00bb global_colors_info=\u00bb{}\u00bb][et_pb_text _builder_version=\u00bb4.27.4&#8243; text_font=\u00bb||||||||\u00bb header_font=\u00bb||||||||\u00bb header_text_align=\u00bbcenter\u00bb header_2_font=\u00bb|300||on|||||\u00bb header_2_text_align=\u00bbright\u00bb header_2_font_size=\u00bb29px\u00bb custom_margin=\u00bb||0px||false|false\u00bb custom_padding=\u00bb|15%|0px||false|false\u00bb hover_enabled=\u00bb0&#8243; header_2_text_align_tablet=\u00bb\u00bb header_2_text_align_phone=\u00bbleft\u00bb header_2_text_align_last_edited=\u00bbon|phone\u00bb header_2_font_size_tablet=\u00bb51px\u00bb header_2_font_size_phone=\u00bb25px\u00bb header_2_font_size_last_edited=\u00bbon|phone\u00bb border_width_right=\u00bb2px\u00bb border_color_right=\u00bb#cccccc\u00bb border_width_right_tablet=\u00bb\u00bb border_width_right_phone=\u00bb0px\u00bb border_width_right_last_edited=\u00bbon|phone\u00bb locked=\u00bboff\u00bb global_colors_info=\u00bb{}\u00bb sticky_enabled=\u00bb0&#8243;]<\/p>\n<h2>Clases de spinning en Durango<br \/>\n<\/h2>\n<p>[\/et_pb_text][\/et_pb_column][et_pb_column type=\u00bb2_3&#8243; _builder_version=\u00bb4.16&#8243; _module_preset=\u00bbdefault\u00bb global_colors_info=\u00bb{}\u00bb][et_pb_text _builder_version=\u00bb4.27.4&#8243; text_font=\u00bb|300|||||||\u00bb text_text_color=\u00bb#cccccc\u00bb text_line_height=\u00bb1.1em\u00bb header_font=\u00bb|300|||||||\u00bb header_2_font=\u00bb|300||on|||||\u00bb header_2_text_color=\u00bb#cccccc\u00bb header_2_font_size=\u00bb36px\u00bb header_2_letter_spacing=\u00bb2px\u00bb background_layout=\u00bbdark\u00bb hover_enabled=\u00bb0&#8243; global_colors_info=\u00bb{}\u00bb sticky_enabled=\u00bb0&#8243;]<\/p>\n<p><span style=\"font-weight: 400;\">En Sparta Sport Center, entendemos el Spinning como mucho m\u00e1s que un entrenamiento: lo vivimos como una<\/span> <strong>experiencia llena de energ\u00eda, ritmo y superaci\u00f3n personal<\/strong><span style=\"font-weight: 400;\">. Esta disciplina cardiovascular, que simula recorridos de ciclismo en bicicletas est\u00e1ticas, es una de nuestras actividades m\u00e1s demandadas por su intensidad, dinamismo y capacidad de motivar desde el primer minuto.<\/span><\/p>\n<p>[\/et_pb_text][et_pb_button button_text=\u00bb+\u00bb button_alignment=\u00bbcenter\u00bb module_class=\u00bbrv_button closed\u00bb _builder_version=\u00bb4.16&#8243; custom_button=\u00bbon\u00bb button_text_size=\u00bb39px\u00bb button_text_color=\u00bb#cccccc\u00bb button_border_width=\u00bb0px\u00bb button_border_radius=\u00bb0px\u00bb button_font=\u00bbOswald|700|||||||\u00bb button_use_icon=\u00bboff\u00bb custom_margin=\u00bb-40px|0px|-10px|0px|false|false\u00bb custom_margin_tablet=\u00bb\u00bb custom_margin_phone=\u00bb\u00bb custom_margin_last_edited=\u00bbon|phone\u00bb custom_padding=\u00bb0px|0px|0px|0px|true|\u00bb button_text_color_hover=\u00bbrgba(224,43,32,0.76)\u00bb button_border_color_hover=\u00bbrgba(0,0,0,0)\u00bb button_border_radius_hover=\u00bb0px\u00bb button_bg_color_hover=\u00bbrgba(0,0,0,0)\u00bb locked=\u00bboff\u00bb global_colors_info=\u00bb{}\u00bb button_text_size__hover_enabled=\u00bboff\u00bb button_one_text_size__hover_enabled=\u00bboff\u00bb button_two_text_size__hover_enabled=\u00bboff\u00bb button_text_color__hover_enabled=\u00bbon|desktop\u00bb button_text_color__hover=\u00bbrgba(255,255,255,0.5)\u00bb button_one_text_color__hover_enabled=\u00bboff\u00bb button_two_text_color__hover_enabled=\u00bboff\u00bb button_border_width__hover_enabled=\u00bboff\u00bb button_one_border_width__hover_enabled=\u00bboff\u00bb button_two_border_width__hover_enabled=\u00bboff\u00bb button_border_color__hover_enabled=\u00bbon\u00bb button_border_color__hover=\u00bbrgba(0,0,0,0)\u00bb button_one_border_color__hover_enabled=\u00bboff\u00bb button_two_border_color__hover_enabled=\u00bboff\u00bb button_border_radius__hover_enabled=\u00bbon\u00bb button_border_radius__hover=\u00bb0px\u00bb button_one_border_radius__hover_enabled=\u00bboff\u00bb button_two_border_radius__hover_enabled=\u00bboff\u00bb button_letter_spacing__hover_enabled=\u00bboff\u00bb button_one_letter_spacing__hover_enabled=\u00bboff\u00bb button_two_letter_spacing__hover_enabled=\u00bboff\u00bb button_bg_color__hover_enabled=\u00bbon\u00bb button_bg_color__hover=\u00bbrgba(255,255,255,0)\u00bb button_one_bg_color__hover_enabled=\u00bboff\u00bb button_two_bg_color__hover_enabled=\u00bboff\u00bb][\/et_pb_button][et_pb_text module_id=\u00bbreveal\u00bb _builder_version=\u00bb4.27.4&#8243; text_font=\u00bb|300|||||||\u00bb text_text_color=\u00bb#cccccc\u00bb text_line_height=\u00bb1.1em\u00bb header_font=\u00bb|300|||||||\u00bb header_2_font=\u00bb|300||on|||||\u00bb header_2_text_color=\u00bb#cccccc\u00bb header_2_font_size=\u00bb36px\u00bb header_2_letter_spacing=\u00bb2px\u00bb background_layout=\u00bbdark\u00bb hover_enabled=\u00bb0&#8243; global_colors_info=\u00bb{}\u00bb sticky_enabled=\u00bb0&#8243;]<\/p>\n<p><span style=\"font-weight: 400;\">Cada sesi\u00f3n se desarrolla al comp\u00e1s de la m\u00fasica, con la gu\u00eda de instructores que te animan a dar lo mejor de ti. Tanto si est\u00e1s empezando como si ya tienes experiencia, nuestras clases se adaptan a tu nivel, garantizando progresi\u00f3n, seguridad y disfrute en cada pedaleada.<\/span><\/p>\n<p><span style=\"font-weight: 400;\">Disponemos de <\/span><b>bicicletas de \u00faltima generaci\u00f3n<\/b><span style=\"font-weight: 400;\">, equipadas con sistemas para controlar tu esfuerzo, tu frecuencia card\u00edaca y tu evoluci\u00f3n. De esta forma, cada clase en Durango se convierte en un reto personal respaldado por datos reales y una motivaci\u00f3n constante.<\/span><\/p>\n<p>[\/et_pb_text][\/et_pb_column][\/et_pb_row][et_pb_row column_structure=\u00bb1_3,2_3&#8243; custom_padding_last_edited=\u00bbon|phone\u00bb _builder_version=\u00bb4.16&#8243; _module_preset=\u00bbdefault\u00bb custom_margin=\u00bb||0px||false|false\u00bb custom_padding=\u00bb||||false|false\u00bb custom_padding_tablet=\u00bb\u00bb custom_padding_phone=\u00bb0px||0px||false|false\u00bb global_colors_info=\u00bb{}\u00bb][et_pb_column type=\u00bb1_3&#8243; _builder_version=\u00bb4.16&#8243; _module_preset=\u00bbdefault\u00bb global_colors_info=\u00bb{}\u00bb][et_pb_text _builder_version=\u00bb4.27.4&#8243; text_font=\u00bb||||||||\u00bb header_font=\u00bb||||||||\u00bb header_text_align=\u00bbcenter\u00bb header_2_font=\u00bb|300||on|||||\u00bb header_2_text_align=\u00bbright\u00bb header_2_font_size=\u00bb29px\u00bb custom_margin=\u00bb||0px||false|false\u00bb custom_padding=\u00bb|15%|0px||false|false\u00bb hover_enabled=\u00bb0&#8243; header_2_text_align_tablet=\u00bb\u00bb header_2_text_align_phone=\u00bbleft\u00bb header_2_text_align_last_edited=\u00bbon|phone\u00bb header_2_font_size_tablet=\u00bb51px\u00bb header_2_font_size_phone=\u00bb25px\u00bb header_2_font_size_last_edited=\u00bbon|phone\u00bb border_width_right=\u00bb2px\u00bb border_color_right=\u00bb#cccccc\u00bb border_width_right_tablet=\u00bb\u00bb border_width_right_phone=\u00bb0px\u00bb border_width_right_last_edited=\u00bbon|phone\u00bb locked=\u00bboff\u00bb global_colors_info=\u00bb{}\u00bb sticky_enabled=\u00bb0&#8243;]<\/p>\n<h2>Beneficios del Spinning en Iurreta<br \/>\n<\/h2>\n<p>[\/et_pb_text][\/et_pb_column][et_pb_column type=\u00bb2_3&#8243; _builder_version=\u00bb4.16&#8243; _module_preset=\u00bbdefault\u00bb global_colors_info=\u00bb{}\u00bb][et_pb_text _builder_version=\u00bb4.27.4&#8243; text_font=\u00bb|300|||||||\u00bb text_text_color=\u00bb#cccccc\u00bb text_line_height=\u00bb1.1em\u00bb header_font=\u00bb|300|||||||\u00bb header_2_font=\u00bb|300||on|||||\u00bb header_2_text_color=\u00bb#cccccc\u00bb header_2_font_size=\u00bb36px\u00bb header_2_letter_spacing=\u00bb2px\u00bb background_layout=\u00bbdark\u00bb hover_enabled=\u00bb0&#8243; global_colors_info=\u00bb{}\u00bb sticky_enabled=\u00bb0&#8243;]<\/p>\n<p><span style=\"font-weight: 400;\">Practicar Spinning de forma habitual en Iurreta ofrece m\u00faltiples beneficios, tanto f\u00edsicos como emocionales:<\/span><\/p>\n<ul>\n<li style=\"font-weight: 400;\" aria-level=\"1\"><b>Tonificaci\u00f3n muscular:<\/b><span style=\"font-weight: 400;\"> fortalecimiento de piernas y gl\u00fateos sin impacto sobre las articulaciones.<\/span><\/li>\n<li style=\"font-weight: 400;\" aria-level=\"1\"><b>Mejora cardiovascular:<\/b><span style=\"font-weight: 400;\"> mayor resistencia y capacidad pulmonar, cuidando la salud del coraz\u00f3n.<\/span><\/li>\n<li style=\"font-weight: 400;\" aria-level=\"1\"><b>Control de peso:<\/b><span style=\"font-weight: 400;\"> hasta 600 calor\u00edas quemadas por sesi\u00f3n, ideal para reducir grasa corporal.<\/span><\/li>\n<li style=\"font-weight: 400;\" aria-level=\"1\"><b>Bienestar emocional:<\/b><span style=\"font-weight: 400;\"> la m\u00fasica, el ambiente y el esfuerzo f\u00edsico generan endorfinas que combaten el estr\u00e9s.<\/span><\/li>\n<li style=\"font-weight: 400;\" aria-level=\"1\"><b>Entrenamiento a medida:<\/b><span style=\"font-weight: 400;\"> cada persona ajusta la resistencia, lo que lo convierte en un ejercicio accesible y adaptable.<\/span><\/li>\n<li style=\"font-weight: 400;\" aria-level=\"1\"><b>Motivaci\u00f3n en grupo:<\/b><span style=\"font-weight: 400;\"> compartir la clase con otros multiplica la energ\u00eda y ayuda a mantener el ritmo.<\/span><\/li>\n<\/ul>\n<p>[\/et_pb_text][\/et_pb_column][\/et_pb_row][\/et_pb_section][et_pb_section fb_built=\u00bb1&#8243; custom_padding_last_edited=\u00bbon|phone\u00bb _builder_version=\u00bb4.16&#8243; _module_preset=\u00bbdefault\u00bb background_color=\u00bb#262626&#8243; custom_padding=\u00bb0px||50px||false|false\u00bb custom_padding_tablet=\u00bb\u00bb custom_padding_phone=\u00bb||30px||false|false\u00bb global_colors_info=\u00bb{}\u00bb][et_pb_row column_structure=\u00bb1_3,2_3&#8243; custom_padding_last_edited=\u00bbon|phone\u00bb _builder_version=\u00bb4.16&#8243; _module_preset=\u00bbdefault\u00bb custom_padding_tablet=\u00bb\u00bb custom_padding_phone=\u00bb0px||0px||false|false\u00bb global_colors_info=\u00bb{}\u00bb][et_pb_column type=\u00bb1_3&#8243; _builder_version=\u00bb4.16&#8243; _module_preset=\u00bbdefault\u00bb global_colors_info=\u00bb{}\u00bb][et_pb_text _builder_version=\u00bb4.27.4&#8243; text_font=\u00bb||||||||\u00bb header_font=\u00bb||||||||\u00bb header_text_align=\u00bbcenter\u00bb header_2_font=\u00bb|300||on|||||\u00bb header_2_text_align=\u00bbright\u00bb header_2_font_size=\u00bb29px\u00bb custom_margin=\u00bb||0px||false|false\u00bb custom_padding=\u00bb|15%|0px||false|false\u00bb hover_enabled=\u00bb0&#8243; header_2_text_align_tablet=\u00bb\u00bb header_2_text_align_phone=\u00bbleft\u00bb header_2_text_align_last_edited=\u00bbon|phone\u00bb header_2_font_size_tablet=\u00bb51px\u00bb header_2_font_size_phone=\u00bb25px\u00bb header_2_font_size_last_edited=\u00bbon|phone\u00bb border_width_right=\u00bb2px\u00bb border_color_right=\u00bb#cccccc\u00bb border_width_right_tablet=\u00bb\u00bb border_width_right_phone=\u00bb0px\u00bb border_width_right_last_edited=\u00bbon|phone\u00bb locked=\u00bboff\u00bb global_colors_info=\u00bb{}\u00bb sticky_enabled=\u00bb0&#8243;]<\/p>\n<h2>Por qu\u00e9 Spinning en Sparta Sport Center Duranguesado<br \/>\n<\/h2>\n<p>[\/et_pb_text][\/et_pb_column][et_pb_column type=\u00bb2_3&#8243; _builder_version=\u00bb4.16&#8243; _module_preset=\u00bbdefault\u00bb global_colors_info=\u00bb{}\u00bb][et_pb_text _builder_version=\u00bb4.27.4&#8243; text_font=\u00bb|300|||||||\u00bb text_text_color=\u00bb#cccccc\u00bb text_line_height=\u00bb1.1em\u00bb header_font=\u00bb|300|||||||\u00bb header_2_font=\u00bb|300||on|||||\u00bb header_2_text_color=\u00bb#cccccc\u00bb header_2_font_size=\u00bb36px\u00bb header_2_letter_spacing=\u00bb2px\u00bb background_layout=\u00bbdark\u00bb hover_enabled=\u00bb0&#8243; global_colors_info=\u00bb{}\u00bb sticky_enabled=\u00bb0&#8243;]<\/p>\n<p><span style=\"font-weight: 400;\">Elegir Sparta Sport Center Duranguesado es unirse a un gimnasio en Durango que apuesta por calidad, innovaci\u00f3n y cercan\u00eda. Estas son algunas de las razones que nos diferencian:<\/span><\/p>\n<ul>\n<li style=\"font-weight: 400;\" aria-level=\"1\"><b>Instructores motivadores:<\/b><span style=\"font-weight: 400;\"> profesionales que no solo ense\u00f1an, tambi\u00e9n inspiran en cada sesi\u00f3n.<\/span><\/li>\n<li style=\"font-weight: 400;\" aria-level=\"1\"><b>Tecnolog\u00eda y comodidad:<\/b><span style=\"font-weight: 400;\"> contamos con bicicletas modernas y un espacio dise\u00f1ado para entrenar con eficacia y confort.<\/span><\/li>\n<li style=\"font-weight: 400;\" aria-level=\"1\"><b>Comunidad activa:<\/b><span style=\"font-weight: 400;\"> fomentamos un ambiente positivo en el que todos compartimos la pasi\u00f3n por el deporte y el bienestar.<\/span><\/li>\n<li style=\"font-weight: 400;\" aria-level=\"1\"><b>Enfoque integral:<\/b><span style=\"font-weight: 400;\"> puedes combinar tus clases de Spinning con yoga, pilates o entrenamiento personalizado para multiplicar tus resultados.<\/span><\/li>\n<\/ul>\n<p><span style=\"font-weight: 400;\">Si buscas mejorar tu estado f\u00edsico disfrutando de cada pedaleo, nuestras <\/span><strong>clases de Spinning en Duranguesado<\/strong><span style=\"font-weight: 400;\"> son tu mejor elecci\u00f3n. Aqu\u00ed no solo entrenas: construyes salud, energ\u00eda y comunidad.<\/span><\/p>\n<p>[\/et_pb_text][\/et_pb_column][\/et_pb_row][\/et_pb_section]<\/p>\n","protected":false},"excerpt":{"rendered":"<p>Clases de spinning en Durango En Sparta Sport Center, entendemos el Spinning como mucho m\u00e1s que un entrenamiento: lo vivimos como una experiencia llena de energ\u00eda, ritmo y superaci\u00f3n personal. Esta disciplina cardiovascular, que simula recorridos de ciclismo en bicicletas est\u00e1ticas, es una de nuestras actividades m\u00e1s demandadas por su intensidad, dinamismo y capacidad de [&hellip;]<\/p>\n","protected":false},"author":1,"featured_media":220483,"parent":0,"menu_order":0,"comment_status":"closed","ping_status":"closed","template":"","meta":{"_et_pb_use_builder":"on","_et_pb_old_content":"","_et_gb_content_width":"","footnotes":""},"class_list":["post-206541","page","type-page","status-publish","has-post-thumbnail","hentry"],"yoast_head":"<!-- This site is optimized with the Yoast SEO plugin v27.4 - https:\/\/yoast.com\/product\/yoast-seo-wordpress\/ -->\n<title>Spinning en Duranguesado | Sparta Sport Center<\/title>\n<meta name=\"description\" content=\"Inscr\u00edbete y disfruta de nuestras clases de spinning en Duranguesado, contamos con un equipo de Instructores 100% dedicados a tu bienestar.\" \/>\n<meta name=\"robots\" content=\"index, follow, max-snippet:-1, max-image-preview:large, max-video-preview:-1\" \/>\n<link rel=\"canonical\" href=\"https:\/\/spartasportcenter.com\/duranguesado\/spinning\/\" \/>\n<meta property=\"og:locale\" content=\"es_ES\" \/>\n<meta property=\"og:type\" content=\"article\" \/>\n<meta property=\"og:title\" content=\"Spinning en Duranguesado | Sparta Sport Center\" \/>\n<meta property=\"og:description\" content=\"Inscr\u00edbete y disfruta de nuestras clases de spinning en Duranguesado, contamos con un equipo de Instructores 100% dedicados a tu bienestar.\" \/>\n<meta property=\"og:url\" content=\"https:\/\/spartasportcenter.com\/duranguesado\/spinning\/\" \/>\n<meta property=\"og:site_name\" content=\"Sparta Sport Center Durango\" \/>\n<meta property=\"article:modified_time\" content=\"2025-09-19T09:24:22+00:00\" \/>\n<meta property=\"og:image\" content=\"https:\/\/spartasportcenter.com\/duranguesado\/wp-content\/uploads\/2024\/08\/spinning-durango.webp\" \/>\n\t<meta property=\"og:image:width\" content=\"2000\" \/>\n\t<meta property=\"og:image:height\" content=\"1333\" \/>\n\t<meta property=\"og:image:type\" content=\"image\/webp\" \/>\n<meta name=\"twitter:card\" content=\"summary_large_image\" \/>\n<meta name=\"twitter:label1\" content=\"Tiempo de lectura\" \/>\n\t<meta name=\"twitter:data1\" content=\"3 minutos\" \/>\n<script type=\"application\/ld+json\" class=\"yoast-schema-graph\">{\"@context\":\"https:\\\/\\\/schema.org\",\"@graph\":[{\"@type\":\"WebPage\",\"@id\":\"https:\\\/\\\/spartasportcenter.com\\\/duranguesado\\\/spinning\\\/\",\"url\":\"https:\\\/\\\/spartasportcenter.com\\\/duranguesado\\\/spinning\\\/\",\"name\":\"Spinning en Duranguesado | Sparta Sport Center\",\"isPartOf\":{\"@id\":\"https:\\\/\\\/spartasportcenter.com\\\/duranguesado\\\/#website\"},\"primaryImageOfPage\":{\"@id\":\"https:\\\/\\\/spartasportcenter.com\\\/duranguesado\\\/spinning\\\/#primaryimage\"},\"image\":{\"@id\":\"https:\\\/\\\/spartasportcenter.com\\\/duranguesado\\\/spinning\\\/#primaryimage\"},\"thumbnailUrl\":\"https:\\\/\\\/spartasportcenter.com\\\/duranguesado\\\/wp-content\\\/uploads\\\/2024\\\/08\\\/spinning-durango.webp\",\"datePublished\":\"2018-08-20T15:40:03+00:00\",\"dateModified\":\"2025-09-19T09:24:22+00:00\",\"description\":\"Inscr\u00edbete y disfruta de nuestras clases de spinning en Duranguesado, contamos con un equipo de Instructores 100% dedicados a tu bienestar.\",\"breadcrumb\":{\"@id\":\"https:\\\/\\\/spartasportcenter.com\\\/duranguesado\\\/spinning\\\/#breadcrumb\"},\"inLanguage\":\"es\",\"potentialAction\":[{\"@type\":\"ReadAction\",\"target\":[\"https:\\\/\\\/spartasportcenter.com\\\/duranguesado\\\/spinning\\\/\"]}]},{\"@type\":\"ImageObject\",\"inLanguage\":\"es\",\"@id\":\"https:\\\/\\\/spartasportcenter.com\\\/duranguesado\\\/spinning\\\/#primaryimage\",\"url\":\"https:\\\/\\\/spartasportcenter.com\\\/duranguesado\\\/wp-content\\\/uploads\\\/2024\\\/08\\\/spinning-durango.webp\",\"contentUrl\":\"https:\\\/\\\/spartasportcenter.com\\\/duranguesado\\\/wp-content\\\/uploads\\\/2024\\\/08\\\/spinning-durango.webp\",\"width\":2000,\"height\":1333,\"caption\":\"spinning durango\"},{\"@type\":\"BreadcrumbList\",\"@id\":\"https:\\\/\\\/spartasportcenter.com\\\/duranguesado\\\/spinning\\\/#breadcrumb\",\"itemListElement\":[{\"@type\":\"ListItem\",\"position\":1,\"name\":\"Portada\",\"item\":\"https:\\\/\\\/spartasportcenter.com\\\/duranguesado\\\/\"},{\"@type\":\"ListItem\",\"position\":2,\"name\":\"Spinning Duranguesado\"}]},{\"@type\":\"WebSite\",\"@id\":\"https:\\\/\\\/spartasportcenter.com\\\/duranguesado\\\/#website\",\"url\":\"https:\\\/\\\/spartasportcenter.com\\\/duranguesado\\\/\",\"name\":\"Sparta Sport Center Durango\",\"description\":\"Gimnasios en durango\",\"potentialAction\":[{\"@type\":\"SearchAction\",\"target\":{\"@type\":\"EntryPoint\",\"urlTemplate\":\"https:\\\/\\\/spartasportcenter.com\\\/duranguesado\\\/?s={search_term_string}\"},\"query-input\":{\"@type\":\"PropertyValueSpecification\",\"valueRequired\":true,\"valueName\":\"search_term_string\"}}],\"inLanguage\":\"es\"}]}<\/script>\n<!-- \/ Yoast SEO plugin. -->","yoast_head_json":{"title":"Spinning en Duranguesado | Sparta Sport Center","description":"Inscr\u00edbete y disfruta de nuestras clases de spinning en Duranguesado, contamos con un equipo de Instructores 100% dedicados a tu bienestar.","robots":{"index":"index","follow":"follow","max-snippet":"max-snippet:-1","max-image-preview":"max-image-preview:large","max-video-preview":"max-video-preview:-1"},"canonical":"https:\/\/spartasportcenter.com\/duranguesado\/spinning\/","og_locale":"es_ES","og_type":"article","og_title":"Spinning en Duranguesado | Sparta Sport Center","og_description":"Inscr\u00edbete y disfruta de nuestras clases de spinning en Duranguesado, contamos con un equipo de Instructores 100% dedicados a tu bienestar.","og_url":"https:\/\/spartasportcenter.com\/duranguesado\/spinning\/","og_site_name":"Sparta Sport Center Durango","article_modified_time":"2025-09-19T09:24:22+00:00","og_image":[{"width":2000,"height":1333,"url":"https:\/\/spartasportcenter.com\/duranguesado\/wp-content\/uploads\/2024\/08\/spinning-durango.webp","type":"image\/webp"}],"twitter_card":"summary_large_image","twitter_misc":{"Tiempo de lectura":"3 minutos"},"schema":{"@context":"https:\/\/schema.org","@graph":[{"@type":"WebPage","@id":"https:\/\/spartasportcenter.com\/duranguesado\/spinning\/","url":"https:\/\/spartasportcenter.com\/duranguesado\/spinning\/","name":"Spinning en Duranguesado | Sparta Sport Center","isPartOf":{"@id":"https:\/\/spartasportcenter.com\/duranguesado\/#website"},"primaryImageOfPage":{"@id":"https:\/\/spartasportcenter.com\/duranguesado\/spinning\/#primaryimage"},"image":{"@id":"https:\/\/spartasportcenter.com\/duranguesado\/spinning\/#primaryimage"},"thumbnailUrl":"https:\/\/spartasportcenter.com\/duranguesado\/wp-content\/uploads\/2024\/08\/spinning-durango.webp","datePublished":"2018-08-20T15:40:03+00:00","dateModified":"2025-09-19T09:24:22+00:00","description":"Inscr\u00edbete y disfruta de nuestras clases de spinning en Duranguesado, contamos con un equipo de Instructores 100% dedicados a tu bienestar.","breadcrumb":{"@id":"https:\/\/spartasportcenter.com\/duranguesado\/spinning\/#breadcrumb"},"inLanguage":"es","potentialAction":[{"@type":"ReadAction","target":["https:\/\/spartasportcenter.com\/duranguesado\/spinning\/"]}]},{"@type":"ImageObject","inLanguage":"es","@id":"https:\/\/spartasportcenter.com\/duranguesado\/spinning\/#primaryimage","url":"https:\/\/spartasportcenter.com\/duranguesado\/wp-content\/uploads\/2024\/08\/spinning-durango.webp","contentUrl":"https:\/\/spartasportcenter.com\/duranguesado\/wp-content\/uploads\/2024\/08\/spinning-durango.webp","width":2000,"height":1333,"caption":"spinning durango"},{"@type":"BreadcrumbList","@id":"https:\/\/spartasportcenter.com\/duranguesado\/spinning\/#breadcrumb","itemListElement":[{"@type":"ListItem","position":1,"name":"Portada","item":"https:\/\/spartasportcenter.com\/duranguesado\/"},{"@type":"ListItem","position":2,"name":"Spinning Duranguesado"}]},{"@type":"WebSite","@id":"https:\/\/spartasportcenter.com\/duranguesado\/#website","url":"https:\/\/spartasportcenter.com\/duranguesado\/","name":"Sparta Sport Center Durango","description":"Gimnasios en durango","potentialAction":[{"@type":"SearchAction","target":{"@type":"EntryPoint","urlTemplate":"https:\/\/spartasportcenter.com\/duranguesado\/?s={search_term_string}"},"query-input":{"@type":"PropertyValueSpecification","valueRequired":true,"valueName":"search_term_string"}}],"inLanguage":"es"}]}},"_links":{"self":[{"href":"https:\/\/spartasportcenter.com\/duranguesado\/wp-json\/wp\/v2\/pages\/206541","targetHints":{"allow":["GET"]}}],"collection":[{"href":"https:\/\/spartasportcenter.com\/duranguesado\/wp-json\/wp\/v2\/pages"}],"about":[{"href":"https:\/\/spartasportcenter.com\/duranguesado\/wp-json\/wp\/v2\/types\/page"}],"author":[{"embeddable":true,"href":"https:\/\/spartasportcenter.com\/duranguesado\/wp-json\/wp\/v2\/users\/1"}],"replies":[{"embeddable":true,"href":"https:\/\/spartasportcenter.com\/duranguesado\/wp-json\/wp\/v2\/comments?post=206541"}],"version-history":[{"count":31,"href":"https:\/\/spartasportcenter.com\/duranguesado\/wp-json\/wp\/v2\/pages\/206541\/revisions"}],"predecessor-version":[{"id":221531,"href":"https:\/\/spartasportcenter.com\/duranguesado\/wp-json\/wp\/v2\/pages\/206541\/revisions\/221531"}],"wp:featuredmedia":[{"embeddable":true,"href":"https:\/\/spartasportcenter.com\/duranguesado\/wp-json\/wp\/v2\/media\/220483"}],"wp:attachment":[{"href":"https:\/\/spartasportcenter.com\/duranguesado\/wp-json\/wp\/v2\/media?parent=206541"}],"curies":[{"name":"wp","href":"https:\/\/api.w.org\/{rel}","templated":true}]}}