{"id":206537,"date":"2018-08-20T15:25:27","date_gmt":"2018-08-20T15:25:27","guid":{"rendered":"https:\/\/pamplona.spartasportcenter.com\/?page_id=206537"},"modified":"2025-09-19T11:44:52","modified_gmt":"2025-09-19T09:44:52","slug":"zumba","status":"publish","type":"page","link":"https:\/\/spartasportcenter.com\/duranguesado\/zumba\/","title":{"rendered":"Zumba Duranguesado"},"content":{"rendered":"<p>[et_pb_section fb_built=\u00bb1&#8243; custom_padding_last_edited=\u00bbon|phone\u00bb disabled_on=\u00bboff|off|off\u00bb _builder_version=\u00bb4.16&#8243; background_color=\u00bb#262626&#8243; background_enable_image=\u00bboff\u00bb custom_margin=\u00bb||||false|false\u00bb custom_padding=\u00bb80px|0px|0px|0px|false|false\u00bb custom_padding_tablet=\u00bb\u00bb custom_padding_phone=\u00bb30px||50px||false|false\u00bb global_colors_info=\u00bb{}\u00bb][et_pb_row column_structure=\u00bb1_3,2_3&#8243; custom_padding_last_edited=\u00bbon|desktop\u00bb _builder_version=\u00bb4.16&#8243; _module_preset=\u00bbdefault\u00bb custom_padding=\u00bb0px||||false|false\u00bb custom_padding_tablet=\u00bb\u00bb custom_padding_phone=\u00bb0px||||false|false\u00bb global_colors_info=\u00bb{}\u00bb][et_pb_column type=\u00bb1_3&#8243; _builder_version=\u00bb4.16&#8243; _module_preset=\u00bbdefault\u00bb global_colors_info=\u00bb{}\u00bb][et_pb_text _builder_version=\u00bb4.27.4&#8243; text_font=\u00bb||||||||\u00bb header_font=\u00bb||||||||\u00bb header_text_align=\u00bbcenter\u00bb header_2_font=\u00bb|300||on|||||\u00bb header_2_text_align=\u00bbright\u00bb header_2_font_size=\u00bb29px\u00bb custom_margin=\u00bb||0px||false|false\u00bb custom_padding=\u00bb|15%|0px||false|false\u00bb hover_enabled=\u00bb0&#8243; header_2_text_align_tablet=\u00bb\u00bb header_2_text_align_phone=\u00bbleft\u00bb header_2_text_align_last_edited=\u00bbon|phone\u00bb header_2_font_size_tablet=\u00bb51px\u00bb header_2_font_size_phone=\u00bb25px\u00bb header_2_font_size_last_edited=\u00bbon|phone\u00bb border_width_right=\u00bb2px\u00bb border_color_right=\u00bb#cccccc\u00bb border_width_right_tablet=\u00bb\u00bb border_width_right_phone=\u00bb0px\u00bb border_width_right_last_edited=\u00bbon|phone\u00bb locked=\u00bboff\u00bb global_colors_info=\u00bb{}\u00bb sticky_enabled=\u00bb0&#8243;]<\/p>\n<h2>Clases de zumba en Iurreta<br \/>\n<\/h2>\n<p>[\/et_pb_text][\/et_pb_column][et_pb_column type=\u00bb2_3&#8243; _builder_version=\u00bb4.16&#8243; _module_preset=\u00bbdefault\u00bb global_colors_info=\u00bb{}\u00bb][et_pb_text _builder_version=\u00bb4.27.4&#8243; text_font=\u00bb|300|||||||\u00bb text_text_color=\u00bb#cccccc\u00bb text_line_height=\u00bb1.1em\u00bb header_font=\u00bb|300|||||||\u00bb header_2_font=\u00bb|300||on|||||\u00bb header_2_text_color=\u00bb#cccccc\u00bb header_2_font_size=\u00bb36px\u00bb header_2_letter_spacing=\u00bb2px\u00bb background_layout=\u00bbdark\u00bb hover_enabled=\u00bb0&#8243; global_colors_info=\u00bb{}\u00bb sticky_enabled=\u00bb0&#8243;]<\/p>\n<p><span style=\"font-weight: 400;\">En Sparta Sport Center creemos que entrenar puede ser tan divertido como efectivo. Por eso, nuestras <\/span><strong>clases de Zumba en Iurreta<\/strong><span style=\"font-weight: 400;\"> convierten cada sesi\u00f3n en una aut\u00e9ntica fiesta, donde la m\u00fasica y el movimiento se combinan para mantenerte activo, saludable y con la mejor energ\u00eda.<\/span><\/p>\n<p>[\/et_pb_text][et_pb_button button_text=\u00bb+\u00bb button_alignment=\u00bbcenter\u00bb module_class=\u00bbrv_button closed\u00bb _builder_version=\u00bb4.16&#8243; custom_button=\u00bbon\u00bb button_text_size=\u00bb39px\u00bb button_text_color=\u00bb#cccccc\u00bb button_border_width=\u00bb0px\u00bb button_border_radius=\u00bb0px\u00bb button_font=\u00bbOswald|700|||||||\u00bb button_use_icon=\u00bboff\u00bb custom_margin=\u00bb-40px|0px|-10px|0px|false|false\u00bb custom_margin_tablet=\u00bb\u00bb custom_margin_phone=\u00bb\u00bb custom_margin_last_edited=\u00bbon|phone\u00bb custom_padding=\u00bb0px|0px|0px|0px|true|\u00bb button_text_color_hover=\u00bbrgba(224,43,32,0.76)\u00bb button_border_color_hover=\u00bbrgba(0,0,0,0)\u00bb button_border_radius_hover=\u00bb0px\u00bb button_bg_color_hover=\u00bbrgba(0,0,0,0)\u00bb global_colors_info=\u00bb{}\u00bb button_text_size__hover_enabled=\u00bboff\u00bb button_one_text_size__hover_enabled=\u00bboff\u00bb button_two_text_size__hover_enabled=\u00bboff\u00bb button_text_color__hover_enabled=\u00bbon|desktop\u00bb button_text_color__hover=\u00bbrgba(255,255,255,0.5)\u00bb button_one_text_color__hover_enabled=\u00bboff\u00bb button_two_text_color__hover_enabled=\u00bboff\u00bb button_border_width__hover_enabled=\u00bboff\u00bb button_one_border_width__hover_enabled=\u00bboff\u00bb button_two_border_width__hover_enabled=\u00bboff\u00bb button_border_color__hover_enabled=\u00bbon\u00bb button_border_color__hover=\u00bbrgba(0,0,0,0)\u00bb button_one_border_color__hover_enabled=\u00bboff\u00bb button_two_border_color__hover_enabled=\u00bboff\u00bb button_border_radius__hover_enabled=\u00bbon\u00bb button_border_radius__hover=\u00bb0px\u00bb button_one_border_radius__hover_enabled=\u00bboff\u00bb button_two_border_radius__hover_enabled=\u00bboff\u00bb button_letter_spacing__hover_enabled=\u00bboff\u00bb button_one_letter_spacing__hover_enabled=\u00bboff\u00bb button_two_letter_spacing__hover_enabled=\u00bboff\u00bb button_bg_color__hover_enabled=\u00bbon\u00bb button_bg_color__hover=\u00bbrgba(255,255,255,0)\u00bb button_one_bg_color__hover_enabled=\u00bboff\u00bb button_two_bg_color__hover_enabled=\u00bboff\u00bb][\/et_pb_button][et_pb_text admin_label=\u00bbTexto\u00bb module_id=\u00bbreveal\u00bb _builder_version=\u00bb4.27.4&#8243; text_font=\u00bb|300|||||||\u00bb text_text_color=\u00bb#cccccc\u00bb text_line_height=\u00bb1.1em\u00bb header_font=\u00bb|300|||||||\u00bb header_2_font=\u00bb|300||on|||||\u00bb header_2_text_color=\u00bb#cccccc\u00bb header_2_font_size=\u00bb36px\u00bb header_2_letter_spacing=\u00bb2px\u00bb background_layout=\u00bbdark\u00bb hover_enabled=\u00bb0&#8243; global_colors_info=\u00bb{}\u00bb sticky_enabled=\u00bb0&#8243;]<\/p>\n<p><span style=\"font-weight: 400;\">La Zumba es mucho m\u00e1s que un simple entrenamiento: es una experiencia llena de ritmo y vitalidad que ayuda a liberar tensiones, mejorar la condici\u00f3n f\u00edsica y disfrutar mientras ejercitas todo el cuerpo. En nuestras clases integramos coreograf\u00edas f\u00e1ciles de seguir con ritmos latinos y actuales, para que cualquier persona, sin importar su edad o nivel, pueda sumarse.<\/span><\/p>\n<p><span style=\"font-weight: 400;\">Cada sesi\u00f3n est\u00e1 guiada por <\/span><strong>instructores cualificados<\/strong><span style=\"font-weight: 400;\">, que te acompa\u00f1an paso a paso para que disfrutes, te sientas seguro y avances a tu ritmo. Ya vengas por primera vez o lleves tiempo bailando, siempre encontrar\u00e1s un espacio para ti en nuestra comunidad.<\/span><\/p>\n<p><span style=\"font-weight: 400;\">Adem\u00e1s, entrenamos en un entorno din\u00e1mico, acogedor y lleno de buena vibra, donde resulta f\u00e1cil conectar con otras personas que, como t\u00fa, disfrutan de cuidarse bailando.<\/span><\/p>\n<p>[\/et_pb_text][\/et_pb_column][\/et_pb_row][et_pb_row column_structure=\u00bb1_3,2_3&#8243; custom_padding_last_edited=\u00bbon|phone\u00bb _builder_version=\u00bb4.16&#8243; _module_preset=\u00bbdefault\u00bb custom_margin=\u00bb||0px||false|false\u00bb custom_padding=\u00bb||||false|false\u00bb custom_padding_tablet=\u00bb\u00bb custom_padding_phone=\u00bb0px||0px||false|false\u00bb global_colors_info=\u00bb{}\u00bb][et_pb_column type=\u00bb1_3&#8243; _builder_version=\u00bb4.16&#8243; _module_preset=\u00bbdefault\u00bb global_colors_info=\u00bb{}\u00bb][et_pb_text _builder_version=\u00bb4.27.4&#8243; text_font=\u00bb||||||||\u00bb header_font=\u00bb||||||||\u00bb header_text_align=\u00bbcenter\u00bb header_2_font=\u00bb|300||on|||||\u00bb header_2_text_align=\u00bbright\u00bb header_2_font_size=\u00bb29px\u00bb custom_margin=\u00bb||0px||false|false\u00bb custom_padding=\u00bb|15%|0px||false|false\u00bb hover_enabled=\u00bb0&#8243; header_2_text_align_tablet=\u00bb\u00bb header_2_text_align_phone=\u00bbleft\u00bb header_2_text_align_last_edited=\u00bbon|phone\u00bb header_2_font_size_tablet=\u00bb51px\u00bb header_2_font_size_phone=\u00bb25px\u00bb header_2_font_size_last_edited=\u00bbon|phone\u00bb border_width_right=\u00bb2px\u00bb border_color_right=\u00bb#cccccc\u00bb border_width_right_tablet=\u00bb\u00bb border_width_right_phone=\u00bb0px\u00bb border_width_right_last_edited=\u00bbon|phone\u00bb locked=\u00bboff\u00bb global_colors_info=\u00bb{}\u00bb sticky_enabled=\u00bb0&#8243;]<\/p>\n<h2>Beneficios del Zumba en Durango<br \/>\n<\/h2>\n<p>[\/et_pb_text][\/et_pb_column][et_pb_column type=\u00bb2_3&#8243; _builder_version=\u00bb4.16&#8243; _module_preset=\u00bbdefault\u00bb global_colors_info=\u00bb{}\u00bb][et_pb_text _builder_version=\u00bb4.27.4&#8243; text_font=\u00bb|300|||||||\u00bb text_text_color=\u00bb#cccccc\u00bb text_line_height=\u00bb1.1em\u00bb header_font=\u00bb|300|||||||\u00bb header_2_font=\u00bb|300||on|||||\u00bb header_2_text_color=\u00bb#cccccc\u00bb header_2_font_size=\u00bb36px\u00bb header_2_letter_spacing=\u00bb2px\u00bb background_layout=\u00bbdark\u00bb hover_enabled=\u00bb0&#8243; global_colors_info=\u00bb{}\u00bb sticky_enabled=\u00bb0&#8243;]<\/p>\n<p><span style=\"font-weight: 400;\">Practicar Zumba de manera regular en Durango te ofrece m\u00faltiples ventajas, tanto f\u00edsicas como emocionales:<\/span><\/p>\n<ul>\n<li style=\"font-weight: 400;\" aria-level=\"1\"><b>Quema cal\u00f3rica intensa<\/b><span style=\"font-weight: 400;\">: en una clase puedes llegar a eliminar cientos de calor\u00edas mientras te diviertes.<\/span><\/li>\n<li style=\"font-weight: 400;\" aria-level=\"1\"><b>Mejora cardiovascular<\/b><span style=\"font-weight: 400;\">: al ser un ejercicio aer\u00f3bico, fortalece el coraz\u00f3n, los pulmones y la resistencia f\u00edsica.<\/span><\/li>\n<li style=\"font-weight: 400;\" aria-level=\"1\"><b>Tonificaci\u00f3n global<\/b><span style=\"font-weight: 400;\">: trabajamos piernas, gl\u00fateos, core y brazos de manera equilibrada.<\/span><\/li>\n<li style=\"font-weight: 400;\" aria-level=\"1\"><b>Reducci\u00f3n del estr\u00e9s<\/b><span style=\"font-weight: 400;\">: la m\u00fasica y el movimiento liberan endorfinas que elevan tu \u00e1nimo y energ\u00eda.<\/span><span style=\"font-weight: 400;\"><br \/><\/span><b>Conexi\u00f3n social<\/b><span style=\"font-weight: 400;\">: compartes cada sesi\u00f3n con personas motivadas, creando un ambiente positivo y enriquecedor.<\/span><\/li>\n<\/ul>\n<p>[\/et_pb_text][\/et_pb_column][\/et_pb_row][\/et_pb_section][et_pb_section fb_built=\u00bb1&#8243; custom_padding_last_edited=\u00bbon|phone\u00bb _builder_version=\u00bb4.16&#8243; _module_preset=\u00bbdefault\u00bb background_color=\u00bb#262626&#8243; custom_padding=\u00bb0px||50px||false|false\u00bb custom_padding_tablet=\u00bb\u00bb custom_padding_phone=\u00bb||30px||false|false\u00bb global_colors_info=\u00bb{}\u00bb][et_pb_row column_structure=\u00bb1_3,2_3&#8243; custom_padding_last_edited=\u00bbon|phone\u00bb _builder_version=\u00bb4.16&#8243; _module_preset=\u00bbdefault\u00bb custom_padding_tablet=\u00bb\u00bb custom_padding_phone=\u00bb0px||0px||false|false\u00bb global_colors_info=\u00bb{}\u00bb][et_pb_column type=\u00bb1_3&#8243; _builder_version=\u00bb4.16&#8243; _module_preset=\u00bbdefault\u00bb global_colors_info=\u00bb{}\u00bb][et_pb_text _builder_version=\u00bb4.27.4&#8243; text_font=\u00bb||||||||\u00bb header_font=\u00bb||||||||\u00bb header_text_align=\u00bbcenter\u00bb header_2_font=\u00bb|300||on|||||\u00bb header_2_text_align=\u00bbright\u00bb header_2_font_size=\u00bb29px\u00bb custom_margin=\u00bb||0px||false|false\u00bb custom_padding=\u00bb|15%|0px||false|false\u00bb hover_enabled=\u00bb0&#8243; header_2_text_align_tablet=\u00bb\u00bb header_2_text_align_phone=\u00bbleft\u00bb header_2_text_align_last_edited=\u00bbon|phone\u00bb header_2_font_size_tablet=\u00bb51px\u00bb header_2_font_size_phone=\u00bb25px\u00bb header_2_font_size_last_edited=\u00bbon|phone\u00bb border_width_right=\u00bb2px\u00bb border_color_right=\u00bb#cccccc\u00bb border_width_right_tablet=\u00bb\u00bb border_width_right_phone=\u00bb0px\u00bb border_width_right_last_edited=\u00bbon|phone\u00bb locked=\u00bboff\u00bb global_colors_info=\u00bb{}\u00bb sticky_enabled=\u00bb0&#8243;]<\/p>\n<h2>Por qu\u00e9 Zumba en Sparta Sport Center Duranguesado<br \/>\n<\/h2>\n<p>[\/et_pb_text][\/et_pb_column][et_pb_column type=\u00bb2_3&#8243; _builder_version=\u00bb4.16&#8243; _module_preset=\u00bbdefault\u00bb global_colors_info=\u00bb{}\u00bb][et_pb_text _builder_version=\u00bb4.27.4&#8243; text_font=\u00bb|300|||||||\u00bb text_text_color=\u00bb#cccccc\u00bb text_line_height=\u00bb1.1em\u00bb header_font=\u00bb|300|||||||\u00bb header_2_font=\u00bb|300||on|||||\u00bb header_2_text_color=\u00bb#cccccc\u00bb header_2_font_size=\u00bb36px\u00bb header_2_letter_spacing=\u00bb2px\u00bb background_layout=\u00bbdark\u00bb hover_enabled=\u00bb0&#8243; global_colors_info=\u00bb{}\u00bb sticky_enabled=\u00bb0&#8243;]<\/p>\n<p><span style=\"font-weight: 400;\">En <\/span><strong>Sparta Sport Center Duranguesado<\/strong><span style=\"font-weight: 400;\"> cuidamos cada detalle para que tus clases de Zumba sean una experiencia \u00fanica. Estas son algunas de las razones que nos diferencian:<\/span><\/p>\n<ul>\n<li style=\"font-weight: 400;\" aria-level=\"1\"><b>Instructores expertos en ritmo<\/b><span style=\"font-weight: 400;\">, que convierten cada sesi\u00f3n en divertida, segura y estimulante.<\/span><\/li>\n<li style=\"font-weight: 400;\" aria-level=\"1\"><b>Instalaciones modernas y c\u00f3modas<\/b><span style=\"font-weight: 400;\">, donde puedes moverte con libertad y disfrutar del espacio.<\/span><\/li>\n<li style=\"font-weight: 400;\" aria-level=\"1\"><b>Horarios flexibles<\/b><span style=\"font-weight: 400;\">, adaptados para que encuentres siempre un momento para entrenar.<\/span><\/li>\n<li style=\"font-weight: 400;\" aria-level=\"1\"><b>Acompa\u00f1amiento integral<\/b><span style=\"font-weight: 400;\">, con apoyo y orientaci\u00f3n para ayudarte a alcanzar tus objetivos de manera saludable.<\/span><\/li>\n<\/ul>\n<p><span style=\"font-weight: 400;\">Aqu\u00ed, transformamos el entrenamiento en una <\/span><strong>celebraci\u00f3n del cuerpo, la m\u00fasica y el bienestar<\/strong><span style=\"font-weight: 400;\">. Si buscas una forma entretenida, motivadora y efectiva de mantenerte en forma, nuestras clases de Zumba en Durango son la elecci\u00f3n perfecta.<\/span><\/p>\n<p>[\/et_pb_text][\/et_pb_column][\/et_pb_row][\/et_pb_section]<\/p>\n","protected":false},"excerpt":{"rendered":"<p>Clases de zumba en Iurreta En Sparta Sport Center creemos que entrenar puede ser tan divertido como efectivo. Por eso, nuestras clases de Zumba en Iurreta convierten cada sesi\u00f3n en una aut\u00e9ntica fiesta, donde la m\u00fasica y el movimiento se combinan para mantenerte activo, saludable y con la mejor energ\u00eda.La Zumba es mucho m\u00e1s que [&hellip;]<\/p>\n","protected":false},"author":1,"featured_media":220486,"parent":0,"menu_order":0,"comment_status":"closed","ping_status":"closed","template":"","meta":{"_et_pb_use_builder":"on","_et_pb_old_content":"","_et_gb_content_width":"","footnotes":""},"class_list":["post-206537","page","type-page","status-publish","has-post-thumbnail","hentry"],"yoast_head":"<!-- This site is optimized with the Yoast SEO plugin v27.4 - https:\/\/yoast.com\/product\/yoast-seo-wordpress\/ -->\n<title>Zumba en Duranguesado | Sparta Sport Center<\/title>\n<meta name=\"description\" content=\"Inscr\u00edbete y disfruta de nuestras clases de zumba en Duranguesado, contamos con un equipo de Instructores 100% dedicados a tu bienestar.\" \/>\n<meta name=\"robots\" content=\"index, follow, max-snippet:-1, max-image-preview:large, max-video-preview:-1\" \/>\n<link rel=\"canonical\" href=\"https:\/\/spartasportcenter.com\/duranguesado\/zumba\/\" \/>\n<meta property=\"og:locale\" content=\"es_ES\" \/>\n<meta property=\"og:type\" content=\"article\" \/>\n<meta property=\"og:title\" content=\"Zumba en Duranguesado | Sparta Sport Center\" \/>\n<meta property=\"og:description\" content=\"Inscr\u00edbete y disfruta de nuestras clases de zumba en Duranguesado, contamos con un equipo de Instructores 100% dedicados a tu bienestar.\" \/>\n<meta property=\"og:url\" content=\"https:\/\/spartasportcenter.com\/duranguesado\/zumba\/\" \/>\n<meta property=\"og:site_name\" content=\"Sparta Sport Center Durango\" \/>\n<meta property=\"article:modified_time\" content=\"2025-09-19T09:44:52+00:00\" \/>\n<meta property=\"og:image\" content=\"https:\/\/spartasportcenter.com\/duranguesado\/wp-content\/uploads\/2024\/08\/zumba-durango.webp\" \/>\n\t<meta property=\"og:image:width\" content=\"2000\" \/>\n\t<meta property=\"og:image:height\" content=\"1333\" \/>\n\t<meta property=\"og:image:type\" content=\"image\/webp\" \/>\n<meta name=\"twitter:card\" content=\"summary_large_image\" \/>\n<meta name=\"twitter:label1\" content=\"Tiempo de lectura\" \/>\n\t<meta name=\"twitter:data1\" content=\"3 minutos\" \/>\n<script type=\"application\/ld+json\" class=\"yoast-schema-graph\">{\"@context\":\"https:\\\/\\\/schema.org\",\"@graph\":[{\"@type\":\"WebPage\",\"@id\":\"https:\\\/\\\/spartasportcenter.com\\\/duranguesado\\\/zumba\\\/\",\"url\":\"https:\\\/\\\/spartasportcenter.com\\\/duranguesado\\\/zumba\\\/\",\"name\":\"Zumba en Duranguesado | Sparta Sport Center\",\"isPartOf\":{\"@id\":\"https:\\\/\\\/spartasportcenter.com\\\/duranguesado\\\/#website\"},\"primaryImageOfPage\":{\"@id\":\"https:\\\/\\\/spartasportcenter.com\\\/duranguesado\\\/zumba\\\/#primaryimage\"},\"image\":{\"@id\":\"https:\\\/\\\/spartasportcenter.com\\\/duranguesado\\\/zumba\\\/#primaryimage\"},\"thumbnailUrl\":\"https:\\\/\\\/spartasportcenter.com\\\/duranguesado\\\/wp-content\\\/uploads\\\/2024\\\/08\\\/zumba-durango.webp\",\"datePublished\":\"2018-08-20T15:25:27+00:00\",\"dateModified\":\"2025-09-19T09:44:52+00:00\",\"description\":\"Inscr\u00edbete y disfruta de nuestras clases de zumba en Duranguesado, contamos con un equipo de Instructores 100% dedicados a tu bienestar.\",\"breadcrumb\":{\"@id\":\"https:\\\/\\\/spartasportcenter.com\\\/duranguesado\\\/zumba\\\/#breadcrumb\"},\"inLanguage\":\"es\",\"potentialAction\":[{\"@type\":\"ReadAction\",\"target\":[\"https:\\\/\\\/spartasportcenter.com\\\/duranguesado\\\/zumba\\\/\"]}]},{\"@type\":\"ImageObject\",\"inLanguage\":\"es\",\"@id\":\"https:\\\/\\\/spartasportcenter.com\\\/duranguesado\\\/zumba\\\/#primaryimage\",\"url\":\"https:\\\/\\\/spartasportcenter.com\\\/duranguesado\\\/wp-content\\\/uploads\\\/2024\\\/08\\\/zumba-durango.webp\",\"contentUrl\":\"https:\\\/\\\/spartasportcenter.com\\\/duranguesado\\\/wp-content\\\/uploads\\\/2024\\\/08\\\/zumba-durango.webp\",\"width\":2000,\"height\":1333,\"caption\":\"zumba durango\"},{\"@type\":\"BreadcrumbList\",\"@id\":\"https:\\\/\\\/spartasportcenter.com\\\/duranguesado\\\/zumba\\\/#breadcrumb\",\"itemListElement\":[{\"@type\":\"ListItem\",\"position\":1,\"name\":\"Portada\",\"item\":\"https:\\\/\\\/spartasportcenter.com\\\/duranguesado\\\/\"},{\"@type\":\"ListItem\",\"position\":2,\"name\":\"Zumba Duranguesado\"}]},{\"@type\":\"WebSite\",\"@id\":\"https:\\\/\\\/spartasportcenter.com\\\/duranguesado\\\/#website\",\"url\":\"https:\\\/\\\/spartasportcenter.com\\\/duranguesado\\\/\",\"name\":\"Sparta Sport Center Durango\",\"description\":\"Gimnasios en durango\",\"potentialAction\":[{\"@type\":\"SearchAction\",\"target\":{\"@type\":\"EntryPoint\",\"urlTemplate\":\"https:\\\/\\\/spartasportcenter.com\\\/duranguesado\\\/?s={search_term_string}\"},\"query-input\":{\"@type\":\"PropertyValueSpecification\",\"valueRequired\":true,\"valueName\":\"search_term_string\"}}],\"inLanguage\":\"es\"}]}<\/script>\n<!-- \/ Yoast SEO plugin. -->","yoast_head_json":{"title":"Zumba en Duranguesado | Sparta Sport Center","description":"Inscr\u00edbete y disfruta de nuestras clases de zumba en Duranguesado, contamos con un equipo de Instructores 100% dedicados a tu bienestar.","robots":{"index":"index","follow":"follow","max-snippet":"max-snippet:-1","max-image-preview":"max-image-preview:large","max-video-preview":"max-video-preview:-1"},"canonical":"https:\/\/spartasportcenter.com\/duranguesado\/zumba\/","og_locale":"es_ES","og_type":"article","og_title":"Zumba en Duranguesado | Sparta Sport Center","og_description":"Inscr\u00edbete y disfruta de nuestras clases de zumba en Duranguesado, contamos con un equipo de Instructores 100% dedicados a tu bienestar.","og_url":"https:\/\/spartasportcenter.com\/duranguesado\/zumba\/","og_site_name":"Sparta Sport Center Durango","article_modified_time":"2025-09-19T09:44:52+00:00","og_image":[{"width":2000,"height":1333,"url":"https:\/\/spartasportcenter.com\/duranguesado\/wp-content\/uploads\/2024\/08\/zumba-durango.webp","type":"image\/webp"}],"twitter_card":"summary_large_image","twitter_misc":{"Tiempo de lectura":"3 minutos"},"schema":{"@context":"https:\/\/schema.org","@graph":[{"@type":"WebPage","@id":"https:\/\/spartasportcenter.com\/duranguesado\/zumba\/","url":"https:\/\/spartasportcenter.com\/duranguesado\/zumba\/","name":"Zumba en Duranguesado | Sparta Sport Center","isPartOf":{"@id":"https:\/\/spartasportcenter.com\/duranguesado\/#website"},"primaryImageOfPage":{"@id":"https:\/\/spartasportcenter.com\/duranguesado\/zumba\/#primaryimage"},"image":{"@id":"https:\/\/spartasportcenter.com\/duranguesado\/zumba\/#primaryimage"},"thumbnailUrl":"https:\/\/spartasportcenter.com\/duranguesado\/wp-content\/uploads\/2024\/08\/zumba-durango.webp","datePublished":"2018-08-20T15:25:27+00:00","dateModified":"2025-09-19T09:44:52+00:00","description":"Inscr\u00edbete y disfruta de nuestras clases de zumba en Duranguesado, contamos con un equipo de Instructores 100% dedicados a tu bienestar.","breadcrumb":{"@id":"https:\/\/spartasportcenter.com\/duranguesado\/zumba\/#breadcrumb"},"inLanguage":"es","potentialAction":[{"@type":"ReadAction","target":["https:\/\/spartasportcenter.com\/duranguesado\/zumba\/"]}]},{"@type":"ImageObject","inLanguage":"es","@id":"https:\/\/spartasportcenter.com\/duranguesado\/zumba\/#primaryimage","url":"https:\/\/spartasportcenter.com\/duranguesado\/wp-content\/uploads\/2024\/08\/zumba-durango.webp","contentUrl":"https:\/\/spartasportcenter.com\/duranguesado\/wp-content\/uploads\/2024\/08\/zumba-durango.webp","width":2000,"height":1333,"caption":"zumba durango"},{"@type":"BreadcrumbList","@id":"https:\/\/spartasportcenter.com\/duranguesado\/zumba\/#breadcrumb","itemListElement":[{"@type":"ListItem","position":1,"name":"Portada","item":"https:\/\/spartasportcenter.com\/duranguesado\/"},{"@type":"ListItem","position":2,"name":"Zumba Duranguesado"}]},{"@type":"WebSite","@id":"https:\/\/spartasportcenter.com\/duranguesado\/#website","url":"https:\/\/spartasportcenter.com\/duranguesado\/","name":"Sparta Sport Center Durango","description":"Gimnasios en durango","potentialAction":[{"@type":"SearchAction","target":{"@type":"EntryPoint","urlTemplate":"https:\/\/spartasportcenter.com\/duranguesado\/?s={search_term_string}"},"query-input":{"@type":"PropertyValueSpecification","valueRequired":true,"valueName":"search_term_string"}}],"inLanguage":"es"}]}},"_links":{"self":[{"href":"https:\/\/spartasportcenter.com\/duranguesado\/wp-json\/wp\/v2\/pages\/206537","targetHints":{"allow":["GET"]}}],"collection":[{"href":"https:\/\/spartasportcenter.com\/duranguesado\/wp-json\/wp\/v2\/pages"}],"about":[{"href":"https:\/\/spartasportcenter.com\/duranguesado\/wp-json\/wp\/v2\/types\/page"}],"author":[{"embeddable":true,"href":"https:\/\/spartasportcenter.com\/duranguesado\/wp-json\/wp\/v2\/users\/1"}],"replies":[{"embeddable":true,"href":"https:\/\/spartasportcenter.com\/duranguesado\/wp-json\/wp\/v2\/comments?post=206537"}],"version-history":[{"count":28,"href":"https:\/\/spartasportcenter.com\/duranguesado\/wp-json\/wp\/v2\/pages\/206537\/revisions"}],"predecessor-version":[{"id":221546,"href":"https:\/\/spartasportcenter.com\/duranguesado\/wp-json\/wp\/v2\/pages\/206537\/revisions\/221546"}],"wp:featuredmedia":[{"embeddable":true,"href":"https:\/\/spartasportcenter.com\/duranguesado\/wp-json\/wp\/v2\/media\/220486"}],"wp:attachment":[{"href":"https:\/\/spartasportcenter.com\/duranguesado\/wp-json\/wp\/v2\/media?parent=206537"}],"curies":[{"name":"wp","href":"https:\/\/api.w.org\/{rel}","templated":true}]}}