{"id":219998,"date":"2024-05-31T10:18:34","date_gmt":"2024-05-31T08:18:34","guid":{"rendered":"https:\/\/spartasportcenter.com\/donostia\/?page_id=219998"},"modified":"2024-05-31T10:50:56","modified_gmt":"2024-05-31T08:50:56","slug":"cross-training-donostia","status":"publish","type":"page","link":"https:\/\/spartasportcenter.com\/donostia\/cross-training-donostia\/","title":{"rendered":"Cross Training Donostia"},"content":{"rendered":"<p>[et_pb_section fb_built=\u00bb1&#8243; custom_padding_last_edited=\u00bbon|phone\u00bb disabled_on=\u00bboff|off|off\u00bb _builder_version=\u00bb4.16&#8243; background_color=\u00bb#262626&#8243; background_enable_image=\u00bboff\u00bb custom_margin=\u00bb||||false|false\u00bb custom_padding=\u00bb80px|0px|0px|0px|false|false\u00bb custom_padding_tablet=\u00bb\u00bb custom_padding_phone=\u00bb30px||50px||false|false\u00bb global_colors_info=\u00bb{}\u00bb][et_pb_row column_structure=\u00bb1_3,2_3&#8243; custom_padding_last_edited=\u00bbon|desktop\u00bb _builder_version=\u00bb4.16&#8243; _module_preset=\u00bbdefault\u00bb custom_padding=\u00bb0px||||false|false\u00bb custom_padding_tablet=\u00bb\u00bb custom_padding_phone=\u00bb0px||||false|false\u00bb global_colors_info=\u00bb{}\u00bb][et_pb_column type=\u00bb1_3&#8243; _builder_version=\u00bb4.16&#8243; _module_preset=\u00bbdefault\u00bb global_colors_info=\u00bb{}\u00bb][et_pb_text _builder_version=\u00bb4.25.1&#8243; text_font=\u00bb||||||||\u00bb header_font=\u00bb||||||||\u00bb header_text_align=\u00bbcenter\u00bb header_2_font=\u00bb|300||on|||||\u00bb header_2_text_align=\u00bbright\u00bb header_2_font_size=\u00bb29px\u00bb custom_margin=\u00bb||0px||false|false\u00bb custom_padding=\u00bb|15%|0px||false|false\u00bb header_2_text_align_tablet=\u00bb\u00bb header_2_text_align_phone=\u00bbleft\u00bb header_2_text_align_last_edited=\u00bbon|phone\u00bb header_2_font_size_tablet=\u00bb51px\u00bb header_2_font_size_phone=\u00bb25px\u00bb header_2_font_size_last_edited=\u00bbon|phone\u00bb border_width_right=\u00bb2px\u00bb border_color_right=\u00bb#cccccc\u00bb border_width_right_tablet=\u00bb\u00bb border_width_right_phone=\u00bb0px\u00bb border_width_right_last_edited=\u00bbon|phone\u00bb locked=\u00bboff\u00bb global_colors_info=\u00bb{}\u00bb]<\/p>\n<h2>Clases de cross training en Donostia<\/h2>\n<p>[\/et_pb_text][\/et_pb_column][et_pb_column type=\u00bb2_3&#8243; _builder_version=\u00bb4.16&#8243; _module_preset=\u00bbdefault\u00bb global_colors_info=\u00bb{}\u00bb][et_pb_text _builder_version=\u00bb4.25.1&#8243; text_font=\u00bb|300|||||||\u00bb text_text_color=\u00bb#cccccc\u00bb text_line_height=\u00bb1.1em\u00bb header_font=\u00bb|300|||||||\u00bb header_2_font=\u00bb|300||on|||||\u00bb header_2_text_color=\u00bb#cccccc\u00bb header_2_font_size=\u00bb36px\u00bb header_2_letter_spacing=\u00bb2px\u00bb background_layout=\u00bbdark\u00bb hover_enabled=\u00bb0&#8243; global_colors_info=\u00bb{}\u00bb sticky_enabled=\u00bb0&#8243;]<\/p>\n<p>El<span>\u00a0<\/span><strong>Cross Training<span>\u00a0<\/span><\/strong>es un tipo de entrenamiento que combina diferentes disciplinas para mejorar la condici\u00f3n f\u00edsica de manera integral. En<span>\u00a0<\/span><a href=\"https:\/\/spartasportcenter.com\/donostia\/\">Sparta Sport Center Donostia<\/a>\u00a0ofrecemos clases de cross training dise\u00f1adas para personas de todos los niveles de condici\u00f3n f\u00edsica.<\/p>\n<p>Nuestras clases est\u00e1n dise\u00f1adas para desafiar tanto a principiantes como a deportistas experimentados, proporcionando un ambiente motivador y estimulante para alcanzar tus objetivos de fitness.<\/p>\n<p>[\/et_pb_text][et_pb_button button_text=\u00bb+\u00bb button_alignment=\u00bbcenter\u00bb module_class=\u00bbrv_button closed\u00bb _builder_version=\u00bb4.16&#8243; custom_button=\u00bbon\u00bb button_text_size=\u00bb39px\u00bb button_text_color=\u00bb#cccccc\u00bb button_border_width=\u00bb0px\u00bb button_border_radius=\u00bb0px\u00bb button_font=\u00bbOswald|700|||||||\u00bb button_use_icon=\u00bboff\u00bb custom_margin=\u00bb-40px|0px|-10px|0px|false|false\u00bb custom_margin_tablet=\u00bb\u00bb custom_margin_phone=\u00bb\u00bb custom_margin_last_edited=\u00bbon|phone\u00bb custom_padding=\u00bb0px|0px|0px|0px|true|\u00bb button_text_color_hover=\u00bbrgba(224,43,32,0.76)\u00bb button_border_color_hover=\u00bbrgba(0,0,0,0)\u00bb button_border_radius_hover=\u00bb0px\u00bb button_bg_color_hover=\u00bbrgba(0,0,0,0)\u00bb global_colors_info=\u00bb{}\u00bb button_text_size__hover_enabled=\u00bboff\u00bb button_one_text_size__hover_enabled=\u00bboff\u00bb button_two_text_size__hover_enabled=\u00bboff\u00bb button_text_color__hover_enabled=\u00bbon|desktop\u00bb button_text_color__hover=\u00bbrgba(255,255,255,0.5)\u00bb button_one_text_color__hover_enabled=\u00bboff\u00bb button_two_text_color__hover_enabled=\u00bboff\u00bb button_border_width__hover_enabled=\u00bboff\u00bb button_one_border_width__hover_enabled=\u00bboff\u00bb button_two_border_width__hover_enabled=\u00bboff\u00bb button_border_color__hover_enabled=\u00bbon\u00bb button_border_color__hover=\u00bbrgba(0,0,0,0)\u00bb button_one_border_color__hover_enabled=\u00bboff\u00bb button_two_border_color__hover_enabled=\u00bboff\u00bb button_border_radius__hover_enabled=\u00bbon\u00bb button_border_radius__hover=\u00bb0px\u00bb button_one_border_radius__hover_enabled=\u00bboff\u00bb button_two_border_radius__hover_enabled=\u00bboff\u00bb button_letter_spacing__hover_enabled=\u00bboff\u00bb button_one_letter_spacing__hover_enabled=\u00bboff\u00bb button_two_letter_spacing__hover_enabled=\u00bboff\u00bb button_bg_color__hover_enabled=\u00bbon\u00bb button_bg_color__hover=\u00bbrgba(255,255,255,0)\u00bb button_one_bg_color__hover_enabled=\u00bboff\u00bb button_two_bg_color__hover_enabled=\u00bboff\u00bb locked=\u00bboff\u00bb][\/et_pb_button][et_pb_text _builder_version=\u00bb4.25.1&#8243; text_font=\u00bb|300|||||||\u00bb text_text_color=\u00bb#cccccc\u00bb text_line_height=\u00bb1.1em\u00bb header_font=\u00bb|300|||||||\u00bb header_2_font=\u00bb|300||on|||||\u00bb header_2_text_color=\u00bb#cccccc\u00bb header_2_font_size=\u00bb36px\u00bb header_2_letter_spacing=\u00bb2px\u00bb background_layout=\u00bbdark\u00bb hover_enabled=\u00bb0&#8243; global_colors_info=\u00bb{}\u00bb module_id=\u00bbreveal\u00bb sticky_enabled=\u00bb0&#8243;]<\/p>\n<p>Las clases de cross training en Donostia de Sparta Sport Center se basan en un enfoque multifac\u00e9tico que combina<span>\u00a0<\/span><strong>ejercicios de fuerza, resistencia cardiovascular y movimientos funcionales<\/strong>.<\/p>\n<p>Este<span>\u00a0<\/span><strong>enfoque integral<\/strong><span>\u00a0<\/span>garantiza un desarrollo equilibrado de todas las capacidades f\u00edsicas, incluyendo la fuerza, la resistencia, la flexibilidad y la velocidad.<\/p>\n<p>Son<span>\u00a0<\/span><strong>clases grupales<\/strong><span>\u00a0<\/span>y est\u00e1n<span>\u00a0<\/span><strong>dirigidas por entrenadores profesionales<\/strong><span>\u00a0<\/span>altamente capacitados, quienes gu\u00edan a los participantes a trav\u00e9s de<span>\u00a0<\/span><strong>diversos circuitos y rutinas de ejercicios<\/strong>.<\/p>\n<p>Estas rutinas est\u00e1n dise\u00f1adas para<strong><span>\u00a0<\/span>trabajar diferentes grupos musculares<\/strong><span>\u00a0<\/span>y<span>\u00a0<\/span><strong>mejorar la resistencia cardiovascular<\/strong>, lo que resulta en un entrenamiento completo y eficiente.<\/p>\n<p>[\/et_pb_text][\/et_pb_column][\/et_pb_row][et_pb_row column_structure=\u00bb1_3,2_3&#8243; custom_padding_last_edited=\u00bbon|phone\u00bb _builder_version=\u00bb4.16&#8243; _module_preset=\u00bbdefault\u00bb custom_margin=\u00bb||0px||false|false\u00bb custom_padding=\u00bb||||false|false\u00bb custom_padding_tablet=\u00bb\u00bb custom_padding_phone=\u00bb0px||0px||false|false\u00bb global_colors_info=\u00bb{}\u00bb][et_pb_column type=\u00bb1_3&#8243; _builder_version=\u00bb4.16&#8243; _module_preset=\u00bbdefault\u00bb global_colors_info=\u00bb{}\u00bb][et_pb_text _builder_version=\u00bb4.25.1&#8243; text_font=\u00bb||||||||\u00bb header_font=\u00bb||||||||\u00bb header_text_align=\u00bbcenter\u00bb header_2_font=\u00bb|300||on|||||\u00bb header_2_text_align=\u00bbright\u00bb header_2_font_size=\u00bb29px\u00bb custom_margin=\u00bb||0px||false|false\u00bb custom_padding=\u00bb|15%|0px||false|false\u00bb header_2_text_align_tablet=\u00bb\u00bb header_2_text_align_phone=\u00bbleft\u00bb header_2_text_align_last_edited=\u00bbon|phone\u00bb header_2_font_size_tablet=\u00bb51px\u00bb header_2_font_size_phone=\u00bb25px\u00bb header_2_font_size_last_edited=\u00bbon|phone\u00bb border_width_right=\u00bb2px\u00bb border_color_right=\u00bb#cccccc\u00bb border_width_right_tablet=\u00bb\u00bb border_width_right_phone=\u00bb0px\u00bb border_width_right_last_edited=\u00bbon|phone\u00bb locked=\u00bboff\u00bb global_colors_info=\u00bb{}\u00bb]<\/p>\n<h2>Beneficios del cross training en Donostia<br \/>\n<\/h2>\n<p>[\/et_pb_text][\/et_pb_column][et_pb_column type=\u00bb2_3&#8243; _builder_version=\u00bb4.16&#8243; _module_preset=\u00bbdefault\u00bb global_colors_info=\u00bb{}\u00bb][et_pb_text _builder_version=\u00bb4.25.1&#8243; text_font=\u00bb|300|||||||\u00bb text_text_color=\u00bb#cccccc\u00bb text_line_height=\u00bb1.1em\u00bb header_font=\u00bb|300|||||||\u00bb header_2_font=\u00bb|300||on|||||\u00bb header_2_text_color=\u00bb#cccccc\u00bb header_2_font_size=\u00bb36px\u00bb header_2_letter_spacing=\u00bb2px\u00bb background_layout=\u00bbdark\u00bb hover_enabled=\u00bb0&#8243; global_colors_info=\u00bb{}\u00bb sticky_enabled=\u00bb0&#8243;]<\/p>\n<p>El cross training en Donostia ofrece una amplia gama de<span>\u00a0<\/span><strong>beneficios<span>\u00a0<\/span><\/strong>para todos aquellos que se animan a probarlo. Uno de los principales beneficios es la<span>\u00a0<\/span><strong>mejora de la condici\u00f3n f\u00edsica general<\/strong>, ya que este tipo de entrenamiento trabaja de manera integral todos los aspectos del cuerpo.<\/p>\n<p>[\/et_pb_text][et_pb_button button_text=\u00bb+\u00bb button_alignment=\u00bbcenter\u00bb module_class=\u00bbrv_button2 closed\u00bb _builder_version=\u00bb4.16&#8243; custom_button=\u00bbon\u00bb button_text_size=\u00bb39px\u00bb button_text_color=\u00bb#cccccc\u00bb button_border_width=\u00bb0px\u00bb button_border_radius=\u00bb0px\u00bb button_font=\u00bbOswald|700|||||||\u00bb button_use_icon=\u00bboff\u00bb custom_margin=\u00bb-40px|0px|-10px|0px|false|false\u00bb custom_margin_tablet=\u00bb\u00bb custom_margin_phone=\u00bb\u00bb custom_margin_last_edited=\u00bbon|phone\u00bb custom_padding=\u00bb0px|0px|0px|0px|true|\u00bb button_text_color_hover=\u00bbrgba(224,43,32,0.76)\u00bb button_border_color_hover=\u00bbrgba(0,0,0,0)\u00bb button_border_radius_hover=\u00bb0px\u00bb button_bg_color_hover=\u00bbrgba(0,0,0,0)\u00bb global_colors_info=\u00bb{}\u00bb button_text_size__hover_enabled=\u00bboff\u00bb button_one_text_size__hover_enabled=\u00bboff\u00bb button_two_text_size__hover_enabled=\u00bboff\u00bb button_text_color__hover_enabled=\u00bbon|desktop\u00bb button_text_color__hover=\u00bbrgba(255,255,255,0.5)\u00bb button_one_text_color__hover_enabled=\u00bboff\u00bb button_two_text_color__hover_enabled=\u00bboff\u00bb button_border_width__hover_enabled=\u00bboff\u00bb button_one_border_width__hover_enabled=\u00bboff\u00bb button_two_border_width__hover_enabled=\u00bboff\u00bb button_border_color__hover_enabled=\u00bbon\u00bb button_border_color__hover=\u00bbrgba(0,0,0,0)\u00bb button_one_border_color__hover_enabled=\u00bboff\u00bb button_two_border_color__hover_enabled=\u00bboff\u00bb button_border_radius__hover_enabled=\u00bbon\u00bb button_border_radius__hover=\u00bb0px\u00bb button_one_border_radius__hover_enabled=\u00bboff\u00bb button_two_border_radius__hover_enabled=\u00bboff\u00bb button_letter_spacing__hover_enabled=\u00bboff\u00bb button_one_letter_spacing__hover_enabled=\u00bboff\u00bb button_two_letter_spacing__hover_enabled=\u00bboff\u00bb button_bg_color__hover_enabled=\u00bbon\u00bb button_bg_color__hover=\u00bbrgba(255,255,255,0)\u00bb button_one_bg_color__hover_enabled=\u00bboff\u00bb button_two_bg_color__hover_enabled=\u00bboff\u00bb locked=\u00bboff\u00bb][\/et_pb_button][et_pb_text _builder_version=\u00bb4.25.1&#8243; text_font=\u00bb|300|||||||\u00bb text_text_color=\u00bb#cccccc\u00bb text_line_height=\u00bb1.1em\u00bb header_font=\u00bb|300|||||||\u00bb header_2_font=\u00bb|300||on|||||\u00bb header_2_text_color=\u00bb#cccccc\u00bb header_2_font_size=\u00bb36px\u00bb header_2_letter_spacing=\u00bb2px\u00bb background_layout=\u00bbdark\u00bb hover_enabled=\u00bb0&#8243; global_colors_info=\u00bb{}\u00bb module_id=\u00bbreveal2&#8243; sticky_enabled=\u00bb0&#8243;]<\/p>\n<p>Adem\u00e1s de la mejora en la condici\u00f3n f\u00edsica, el cross training tambi\u00e9n ayuda a<span>\u00a0<\/span><strong>aumentar la resistencia cardiovascular<\/strong>, lo que se traduce en una mejor capacidad para realizar actividades f\u00edsicas de larga duraci\u00f3n sin fatigarse f\u00e1cilmente.<\/p>\n<p>Este tipo de entrenamiento tambi\u00e9n<span>\u00a0<\/span><strong>ayuda a mejorar la fuerza muscular, la flexibilidad y la coordinaci\u00f3n<\/strong>, lo que se traduce en un mejor rendimiento en otras actividades f\u00edsicas y reducci\u00f3n del riesgo de lesiones.<\/p>\n<p>Otro beneficio del cross training es la posibilidad de<span>\u00a0<\/span><strong>romper la monoton\u00eda de la rutina de entrenamiento<\/strong>. Al combinar diferentes disciplinas y ejercicios, el entrenamiento se vuelve m\u00e1s din\u00e1mico y entretenido, lo que ayuda a mantener la motivaci\u00f3n y el inter\u00e9s a largo plazo.<\/p>\n<p>[\/et_pb_text][\/et_pb_column][\/et_pb_row][\/et_pb_section][et_pb_section fb_built=\u00bb1&#8243; custom_padding_last_edited=\u00bbon|phone\u00bb _builder_version=\u00bb4.16&#8243; _module_preset=\u00bbdefault\u00bb background_color=\u00bb#262626&#8243; custom_padding=\u00bb0px||50px||false|false\u00bb custom_padding_tablet=\u00bb\u00bb custom_padding_phone=\u00bb||30px||false|false\u00bb global_colors_info=\u00bb{}\u00bb][et_pb_row column_structure=\u00bb1_3,2_3&#8243; custom_padding_last_edited=\u00bbon|phone\u00bb _builder_version=\u00bb4.16&#8243; _module_preset=\u00bbdefault\u00bb custom_padding_tablet=\u00bb\u00bb custom_padding_phone=\u00bb0px||0px||false|false\u00bb global_colors_info=\u00bb{}\u00bb][et_pb_column type=\u00bb1_3&#8243; _builder_version=\u00bb4.16&#8243; _module_preset=\u00bbdefault\u00bb global_colors_info=\u00bb{}\u00bb][et_pb_text _builder_version=\u00bb4.25.1&#8243; text_font=\u00bb||||||||\u00bb header_font=\u00bb||||||||\u00bb header_text_align=\u00bbcenter\u00bb header_2_font=\u00bb|300||on|||||\u00bb header_2_text_align=\u00bbright\u00bb header_2_font_size=\u00bb29px\u00bb custom_margin=\u00bb||0px||false|false\u00bb custom_padding=\u00bb|15%|0px||false|false\u00bb header_2_text_align_tablet=\u00bb\u00bb header_2_text_align_phone=\u00bbleft\u00bb header_2_text_align_last_edited=\u00bbon|phone\u00bb header_2_font_size_tablet=\u00bb51px\u00bb header_2_font_size_phone=\u00bb25px\u00bb header_2_font_size_last_edited=\u00bbon|phone\u00bb border_width_right=\u00bb2px\u00bb border_color_right=\u00bb#cccccc\u00bb border_width_right_tablet=\u00bb\u00bb border_width_right_phone=\u00bb0px\u00bb border_width_right_last_edited=\u00bbon|phone\u00bb locked=\u00bboff\u00bb global_colors_info=\u00bb{}\u00bb]<\/p>\n<h2>Por qu\u00e9 cross training en Sparta Sport Center Donostia<\/h2>\n<p>[\/et_pb_text][\/et_pb_column][et_pb_column type=\u00bb2_3&#8243; _builder_version=\u00bb4.16&#8243; _module_preset=\u00bbdefault\u00bb global_colors_info=\u00bb{}\u00bb][et_pb_text _builder_version=\u00bb4.25.1&#8243; text_font=\u00bb|300|||||||\u00bb text_text_color=\u00bb#cccccc\u00bb text_line_height=\u00bb1.1em\u00bb header_font=\u00bb|300|||||||\u00bb header_2_font=\u00bb|300||on|||||\u00bb header_2_text_color=\u00bb#cccccc\u00bb header_2_font_size=\u00bb36px\u00bb header_2_letter_spacing=\u00bb2px\u00bb background_layout=\u00bbdark\u00bb global_colors_info=\u00bb{}\u00bb]<\/p>\n<p><strong>Sparta Sport Center Donostia<\/strong><span>\u00a0<\/span>es el lugar ideal para practicar cross training en San Sebasti\u00e1n. Nuestro gimnasio cuenta con instalaciones modernas y equipos de alta calidad, asegurando un entorno seguro y propicio para el entrenamiento.<\/p>\n<p>Adem\u00e1s, en Sparta Sport Center Donostia, los<span>\u00a0<\/span><strong>entrenadores profesionales<\/strong><span>\u00a0<\/span>te ofrecen un<span>\u00a0<\/span><strong>acompa\u00f1amiento personalizado<span>\u00a0<\/span><\/strong>para cada participante, adaptando los ejercicios seg\u00fan las necesidades y los objetivos individuales. Esto garantiza que cada entrenamiento sea efectivo y seguro, evitando lesiones y maximizando los resultados.<\/p>\n<p>[\/et_pb_text][\/et_pb_column][\/et_pb_row][\/et_pb_section]<\/p>\n","protected":false},"excerpt":{"rendered":"<p>Clases de cross training en DonostiaEl\u00a0Cross Training\u00a0es un tipo de entrenamiento que combina diferentes disciplinas para mejorar la condici\u00f3n f\u00edsica de manera integral. En\u00a0Sparta Sport Center Donostia\u00a0ofrecemos clases de cross training dise\u00f1adas para personas de todos los niveles de condici\u00f3n f\u00edsica. Nuestras clases est\u00e1n dise\u00f1adas para desafiar tanto a principiantes como a deportistas experimentados, proporcionando [&hellip;]<\/p>\n","protected":false},"author":1,"featured_media":219958,"parent":0,"menu_order":0,"comment_status":"closed","ping_status":"closed","template":"","meta":{"_et_pb_use_builder":"on","_et_pb_old_content":"","_et_gb_content_width":"","footnotes":""},"class_list":["post-219998","page","type-page","status-publish","has-post-thumbnail","hentry"],"yoast_head":"<!-- This site is optimized with the Yoast SEO plugin v27.4 - https:\/\/yoast.com\/product\/yoast-seo-wordpress\/ -->\n<title>Cross Training en Donostia | Sparta Sport Center<\/title>\n<meta name=\"description\" content=\"Inscr\u00edbete y disfruta de nuestras clases de Cross Training en Donostia, contamos con un equipo de instructores 100% dedicados a tu bienestar.\" \/>\n<meta name=\"robots\" content=\"index, follow, max-snippet:-1, max-image-preview:large, max-video-preview:-1\" \/>\n<link rel=\"canonical\" href=\"https:\/\/spartasportcenter.com\/donostia\/cross-training-donostia\/\" \/>\n<meta property=\"og:locale\" content=\"es_ES\" \/>\n<meta property=\"og:type\" content=\"article\" \/>\n<meta property=\"og:title\" content=\"Cross Training en Donostia | Sparta Sport Center\" \/>\n<meta property=\"og:description\" content=\"Inscr\u00edbete y disfruta de nuestras clases de Cross Training en Donostia, contamos con un equipo de instructores 100% dedicados a tu bienestar.\" \/>\n<meta property=\"og:url\" content=\"https:\/\/spartasportcenter.com\/donostia\/cross-training-donostia\/\" \/>\n<meta property=\"og:site_name\" content=\"Sparta Sport Center Donostia\" \/>\n<meta property=\"article:modified_time\" content=\"2024-05-31T08:50:56+00:00\" \/>\n<meta property=\"og:image\" content=\"https:\/\/spartasportcenter.com\/donostia\/wp-content\/uploads\/2024\/05\/cross-training-donostia.webp\" \/>\n\t<meta property=\"og:image:width\" content=\"2000\" \/>\n\t<meta property=\"og:image:height\" content=\"1333\" \/>\n\t<meta property=\"og:image:type\" content=\"image\/webp\" \/>\n<meta name=\"twitter:card\" content=\"summary_large_image\" \/>\n<meta name=\"twitter:label1\" content=\"Tiempo de lectura\" \/>\n\t<meta name=\"twitter:data1\" content=\"1 minuto\" \/>\n<script type=\"application\/ld+json\" class=\"yoast-schema-graph\">{\"@context\":\"https:\\\/\\\/schema.org\",\"@graph\":[{\"@type\":\"WebPage\",\"@id\":\"https:\\\/\\\/spartasportcenter.com\\\/donostia\\\/cross-training-donostia\\\/\",\"url\":\"https:\\\/\\\/spartasportcenter.com\\\/donostia\\\/cross-training-donostia\\\/\",\"name\":\"Cross Training en Donostia | Sparta Sport Center\",\"isPartOf\":{\"@id\":\"https:\\\/\\\/spartasportcenter.com\\\/donostia\\\/#website\"},\"primaryImageOfPage\":{\"@id\":\"https:\\\/\\\/spartasportcenter.com\\\/donostia\\\/cross-training-donostia\\\/#primaryimage\"},\"image\":{\"@id\":\"https:\\\/\\\/spartasportcenter.com\\\/donostia\\\/cross-training-donostia\\\/#primaryimage\"},\"thumbnailUrl\":\"https:\\\/\\\/spartasportcenter.com\\\/donostia\\\/wp-content\\\/uploads\\\/2024\\\/05\\\/cross-training-donostia.webp\",\"datePublished\":\"2024-05-31T08:18:34+00:00\",\"dateModified\":\"2024-05-31T08:50:56+00:00\",\"description\":\"Inscr\u00edbete y disfruta de nuestras clases de Cross Training en Donostia, contamos con un equipo de instructores 100% dedicados a tu bienestar.\",\"breadcrumb\":{\"@id\":\"https:\\\/\\\/spartasportcenter.com\\\/donostia\\\/cross-training-donostia\\\/#breadcrumb\"},\"inLanguage\":\"es\",\"potentialAction\":[{\"@type\":\"ReadAction\",\"target\":[\"https:\\\/\\\/spartasportcenter.com\\\/donostia\\\/cross-training-donostia\\\/\"]}]},{\"@type\":\"ImageObject\",\"inLanguage\":\"es\",\"@id\":\"https:\\\/\\\/spartasportcenter.com\\\/donostia\\\/cross-training-donostia\\\/#primaryimage\",\"url\":\"https:\\\/\\\/spartasportcenter.com\\\/donostia\\\/wp-content\\\/uploads\\\/2024\\\/05\\\/cross-training-donostia.webp\",\"contentUrl\":\"https:\\\/\\\/spartasportcenter.com\\\/donostia\\\/wp-content\\\/uploads\\\/2024\\\/05\\\/cross-training-donostia.webp\",\"width\":2000,\"height\":1333,\"caption\":\"cross-training donostia\"},{\"@type\":\"BreadcrumbList\",\"@id\":\"https:\\\/\\\/spartasportcenter.com\\\/donostia\\\/cross-training-donostia\\\/#breadcrumb\",\"itemListElement\":[{\"@type\":\"ListItem\",\"position\":1,\"name\":\"Portada\",\"item\":\"https:\\\/\\\/spartasportcenter.com\\\/donostia\\\/\"},{\"@type\":\"ListItem\",\"position\":2,\"name\":\"Cross Training Donostia\"}]},{\"@type\":\"WebSite\",\"@id\":\"https:\\\/\\\/spartasportcenter.com\\\/donostia\\\/#website\",\"url\":\"https:\\\/\\\/spartasportcenter.com\\\/donostia\\\/\",\"name\":\"Sparta Sport Center Donostia\",\"description\":\"Gimnasios en Donostia\",\"potentialAction\":[{\"@type\":\"SearchAction\",\"target\":{\"@type\":\"EntryPoint\",\"urlTemplate\":\"https:\\\/\\\/spartasportcenter.com\\\/donostia\\\/?s={search_term_string}\"},\"query-input\":{\"@type\":\"PropertyValueSpecification\",\"valueRequired\":true,\"valueName\":\"search_term_string\"}}],\"inLanguage\":\"es\"}]}<\/script>\n<!-- \/ Yoast SEO plugin. -->","yoast_head_json":{"title":"Cross Training en Donostia | Sparta Sport Center","description":"Inscr\u00edbete y disfruta de nuestras clases de Cross Training en Donostia, contamos con un equipo de instructores 100% dedicados a tu bienestar.","robots":{"index":"index","follow":"follow","max-snippet":"max-snippet:-1","max-image-preview":"max-image-preview:large","max-video-preview":"max-video-preview:-1"},"canonical":"https:\/\/spartasportcenter.com\/donostia\/cross-training-donostia\/","og_locale":"es_ES","og_type":"article","og_title":"Cross Training en Donostia | Sparta Sport Center","og_description":"Inscr\u00edbete y disfruta de nuestras clases de Cross Training en Donostia, contamos con un equipo de instructores 100% dedicados a tu bienestar.","og_url":"https:\/\/spartasportcenter.com\/donostia\/cross-training-donostia\/","og_site_name":"Sparta Sport Center Donostia","article_modified_time":"2024-05-31T08:50:56+00:00","og_image":[{"width":2000,"height":1333,"url":"https:\/\/spartasportcenter.com\/donostia\/wp-content\/uploads\/2024\/05\/cross-training-donostia.webp","type":"image\/webp"}],"twitter_card":"summary_large_image","twitter_misc":{"Tiempo de lectura":"1 minuto"},"schema":{"@context":"https:\/\/schema.org","@graph":[{"@type":"WebPage","@id":"https:\/\/spartasportcenter.com\/donostia\/cross-training-donostia\/","url":"https:\/\/spartasportcenter.com\/donostia\/cross-training-donostia\/","name":"Cross Training en Donostia | Sparta Sport Center","isPartOf":{"@id":"https:\/\/spartasportcenter.com\/donostia\/#website"},"primaryImageOfPage":{"@id":"https:\/\/spartasportcenter.com\/donostia\/cross-training-donostia\/#primaryimage"},"image":{"@id":"https:\/\/spartasportcenter.com\/donostia\/cross-training-donostia\/#primaryimage"},"thumbnailUrl":"https:\/\/spartasportcenter.com\/donostia\/wp-content\/uploads\/2024\/05\/cross-training-donostia.webp","datePublished":"2024-05-31T08:18:34+00:00","dateModified":"2024-05-31T08:50:56+00:00","description":"Inscr\u00edbete y disfruta de nuestras clases de Cross Training en Donostia, contamos con un equipo de instructores 100% dedicados a tu bienestar.","breadcrumb":{"@id":"https:\/\/spartasportcenter.com\/donostia\/cross-training-donostia\/#breadcrumb"},"inLanguage":"es","potentialAction":[{"@type":"ReadAction","target":["https:\/\/spartasportcenter.com\/donostia\/cross-training-donostia\/"]}]},{"@type":"ImageObject","inLanguage":"es","@id":"https:\/\/spartasportcenter.com\/donostia\/cross-training-donostia\/#primaryimage","url":"https:\/\/spartasportcenter.com\/donostia\/wp-content\/uploads\/2024\/05\/cross-training-donostia.webp","contentUrl":"https:\/\/spartasportcenter.com\/donostia\/wp-content\/uploads\/2024\/05\/cross-training-donostia.webp","width":2000,"height":1333,"caption":"cross-training donostia"},{"@type":"BreadcrumbList","@id":"https:\/\/spartasportcenter.com\/donostia\/cross-training-donostia\/#breadcrumb","itemListElement":[{"@type":"ListItem","position":1,"name":"Portada","item":"https:\/\/spartasportcenter.com\/donostia\/"},{"@type":"ListItem","position":2,"name":"Cross Training Donostia"}]},{"@type":"WebSite","@id":"https:\/\/spartasportcenter.com\/donostia\/#website","url":"https:\/\/spartasportcenter.com\/donostia\/","name":"Sparta Sport Center Donostia","description":"Gimnasios en Donostia","potentialAction":[{"@type":"SearchAction","target":{"@type":"EntryPoint","urlTemplate":"https:\/\/spartasportcenter.com\/donostia\/?s={search_term_string}"},"query-input":{"@type":"PropertyValueSpecification","valueRequired":true,"valueName":"search_term_string"}}],"inLanguage":"es"}]}},"_links":{"self":[{"href":"https:\/\/spartasportcenter.com\/donostia\/wp-json\/wp\/v2\/pages\/219998","targetHints":{"allow":["GET"]}}],"collection":[{"href":"https:\/\/spartasportcenter.com\/donostia\/wp-json\/wp\/v2\/pages"}],"about":[{"href":"https:\/\/spartasportcenter.com\/donostia\/wp-json\/wp\/v2\/types\/page"}],"author":[{"embeddable":true,"href":"https:\/\/spartasportcenter.com\/donostia\/wp-json\/wp\/v2\/users\/1"}],"replies":[{"embeddable":true,"href":"https:\/\/spartasportcenter.com\/donostia\/wp-json\/wp\/v2\/comments?post=219998"}],"version-history":[{"count":5,"href":"https:\/\/spartasportcenter.com\/donostia\/wp-json\/wp\/v2\/pages\/219998\/revisions"}],"predecessor-version":[{"id":220009,"href":"https:\/\/spartasportcenter.com\/donostia\/wp-json\/wp\/v2\/pages\/219998\/revisions\/220009"}],"wp:featuredmedia":[{"embeddable":true,"href":"https:\/\/spartasportcenter.com\/donostia\/wp-json\/wp\/v2\/media\/219958"}],"wp:attachment":[{"href":"https:\/\/spartasportcenter.com\/donostia\/wp-json\/wp\/v2\/media?parent=219998"}],"curies":[{"name":"wp","href":"https:\/\/api.w.org\/{rel}","templated":true}]}}