{"id":206559,"date":"2018-08-20T15:51:28","date_gmt":"2018-08-20T15:51:28","guid":{"rendered":"https:\/\/pamplona.spartasportcenter.com\/?page_id=206559"},"modified":"2024-05-23T09:26:52","modified_gmt":"2024-05-23T07:26:52","slug":"core-donostia","status":"publish","type":"page","link":"https:\/\/spartasportcenter.com\/donostia\/core-donostia\/","title":{"rendered":"CORE Donostia"},"content":{"rendered":"\n[et_pb_section fb_built=\u00bb1&#8243; custom_padding_last_edited=\u00bbon|phone\u00bb disabled_on=\u00bboff|off|off\u00bb _builder_version=\u00bb4.16&#8243; background_color=\u00bb#262626&#8243; background_enable_image=\u00bboff\u00bb custom_margin=\u00bb||||false|false\u00bb custom_padding=\u00bb80px|0px|0px|0px|false|false\u00bb custom_padding_tablet=\u00bb\u00bb custom_padding_phone=\u00bb30px||50px||false|false\u00bb global_colors_info=\u00bb{}\u00bb][et_pb_row column_structure=\u00bb1_3,2_3&#8243; custom_padding_last_edited=\u00bbon|desktop\u00bb _builder_version=\u00bb4.16&#8243; _module_preset=\u00bbdefault\u00bb custom_padding=\u00bb0px||||false|false\u00bb custom_padding_tablet=\u00bb\u00bb custom_padding_phone=\u00bb0px||||false|false\u00bb global_colors_info=\u00bb{}\u00bb][et_pb_column type=\u00bb1_3&#8243; _builder_version=\u00bb4.16&#8243; _module_preset=\u00bbdefault\u00bb global_colors_info=\u00bb{}\u00bb][et_pb_text _builder_version=\u00bb4.16&#8243; text_font=\u00bb||||||||\u00bb header_font=\u00bb||||||||\u00bb header_text_align=\u00bbcenter\u00bb header_2_font=\u00bb|300||on|||||\u00bb header_2_text_align=\u00bbright\u00bb header_2_font_size=\u00bb29px\u00bb custom_margin=\u00bb||0px||false|false\u00bb custom_padding=\u00bb|15%|0px||false|false\u00bb header_2_text_align_tablet=\u00bb\u00bb header_2_text_align_phone=\u00bbleft\u00bb header_2_text_align_last_edited=\u00bbon|phone\u00bb header_2_font_size_tablet=\u00bb51px\u00bb header_2_font_size_phone=\u00bb25px\u00bb header_2_font_size_last_edited=\u00bbon|phone\u00bb border_width_right=\u00bb2px\u00bb border_color_right=\u00bb#cccccc\u00bb border_width_right_tablet=\u00bb\u00bb border_width_right_phone=\u00bb0px\u00bb border_width_right_last_edited=\u00bbon|phone\u00bb locked=\u00bboff\u00bb global_colors_info=\u00bb{}\u00bb]<h2>clases de core en Donostia<\/h2>[\/et_pb_text][\/et_pb_column][et_pb_column type=\u00bb2_3&#8243; _builder_version=\u00bb4.16&#8243; _module_preset=\u00bbdefault\u00bb global_colors_info=\u00bb{}\u00bb][et_pb_text _builder_version=\u00bb4.16&#8243; text_font=\u00bb|300|||||||\u00bb text_text_color=\u00bb#cccccc\u00bb text_line_height=\u00bb1.1em\u00bb header_font=\u00bb|300|||||||\u00bb header_2_font=\u00bb|300||on|||||\u00bb header_2_text_color=\u00bb#cccccc\u00bb header_2_font_size=\u00bb36px\u00bb header_2_letter_spacing=\u00bb2px\u00bb background_layout=\u00bbdark\u00bb global_colors_info=\u00bb{}\u00bb]Refuerza con \u00e9xito las zonas fundamentales de tu cuerpo y asegura un balance total en tu salud f\u00edsica. Nuestras clases de <strong>CORE Abdominal en Donostia<\/strong> se encuentran especialmente enfocadas en fortalecer los m\u00fasculos centrales de cuerpo, especialmente en lo que respecta al \u00e1rea abdominal.\n\nComo bien lo indica el vocablo anglosaj\u00f3n \u201cCORE\u201d, estos ejercicios est\u00e1n destinados a <strong>fortalecer el \u201cN\u00facleo\u201d de tu cuerpo<\/strong>. Para conseguir esto de manera r\u00e1pida y sin riesgos, contamos con una sala de musculaci\u00f3n perfectamente acondicionada para brindarte comodidad y confianza al momento de entrenarte.\n\nPor otra parte, tambi\u00e9n disponemos de un equipo de expertos en el acondicionamiento f\u00edsico, quienes te guiar\u00e1n a lo largo de tus sesiones para que logres los mejores resultados posibles. Sabemos que cada cuerpo es diferente y es por esto que nos tomaremos el tiempo necesario para entender qu\u00e9 es lo que necesita el tuyo.[\/et_pb_text][\/et_pb_column][\/et_pb_row][et_pb_row column_structure=\u00bb1_3,2_3&#8243; custom_padding_last_edited=\u00bbon|phone\u00bb _builder_version=\u00bb4.16&#8243; _module_preset=\u00bbdefault\u00bb custom_margin=\u00bb||0px||false|false\u00bb custom_padding=\u00bb||||false|false\u00bb custom_padding_tablet=\u00bb\u00bb custom_padding_phone=\u00bb0px||0px||false|false\u00bb global_colors_info=\u00bb{}\u00bb][et_pb_column type=\u00bb1_3&#8243; _builder_version=\u00bb4.16&#8243; _module_preset=\u00bbdefault\u00bb global_colors_info=\u00bb{}\u00bb][et_pb_text _builder_version=\u00bb4.16&#8243; text_font=\u00bb||||||||\u00bb header_font=\u00bb||||||||\u00bb header_text_align=\u00bbcenter\u00bb header_2_font=\u00bb|300||on|||||\u00bb header_2_text_align=\u00bbright\u00bb header_2_font_size=\u00bb29px\u00bb custom_margin=\u00bb||0px||false|false\u00bb custom_padding=\u00bb|15%|0px||false|false\u00bb header_2_text_align_tablet=\u00bb\u00bb header_2_text_align_phone=\u00bbleft\u00bb header_2_text_align_last_edited=\u00bbon|phone\u00bb header_2_font_size_tablet=\u00bb51px\u00bb header_2_font_size_phone=\u00bb25px\u00bb header_2_font_size_last_edited=\u00bbon|phone\u00bb border_width_right=\u00bb2px\u00bb border_color_right=\u00bb#cccccc\u00bb border_width_right_tablet=\u00bb\u00bb border_width_right_phone=\u00bb0px\u00bb border_width_right_last_edited=\u00bbon|phone\u00bb locked=\u00bboff\u00bb global_colors_info=\u00bb{}\u00bb]<h2>Beneficios \ndel Core en Donostia<\/h2>[\/et_pb_text][\/et_pb_column][et_pb_column type=\u00bb2_3&#8243; _builder_version=\u00bb4.16&#8243; _module_preset=\u00bbdefault\u00bb global_colors_info=\u00bb{}\u00bb][et_pb_text _builder_version=\u00bb4.16&#8243; text_font=\u00bb|300|||||||\u00bb text_text_color=\u00bb#cccccc\u00bb text_line_height=\u00bb1.1em\u00bb header_font=\u00bb|300|||||||\u00bb header_2_font=\u00bb|300||on|||||\u00bb header_2_text_color=\u00bb#cccccc\u00bb header_2_font_size=\u00bb36px\u00bb header_2_letter_spacing=\u00bb2px\u00bb background_layout=\u00bbdark\u00bb global_colors_info=\u00bb{}\u00bb]<p>Con nuestros<strong> ejercicios de CORE Abdominal en San Sebasti\u00e1n<\/strong> fortalecer\u00e1s enormemente los m\u00fasculos centrales de tu cuerpo.<\/p>\n<p>Esto significa que ganar\u00e1s gran estabilidad y equilibrio, adem\u00e1s de mejorar enormemente tu coordinaci\u00f3n motriz.<\/p>\n<p>Por lo dem\u00e1s, <strong>el CORE Abdominal corregir\u00e1 todos tus problemas de postura<\/strong> y evitar\u00e1 cualquier tipo de malestar relacionado en el futuro. Esto significa que las lesiones musculares y molestias ser\u00e1n aplacadas por el cuerpo fuerte y vitalizado que conseguir\u00e1s.<\/p>\n<p>Finalmente, notar\u00e1s c\u00f3mo tu rendimiento f\u00edsico se incrementa y las diferentes partes de cuerpo se esculpen y modelan de la forma que siempre has querido.<\/p>[\/et_pb_text][\/et_pb_column][\/et_pb_row][\/et_pb_section][et_pb_section fb_built=\u00bb1&#8243; custom_padding_last_edited=\u00bbon|phone\u00bb _builder_version=\u00bb4.16&#8243; _module_preset=\u00bbdefault\u00bb background_color=\u00bb#262626&#8243; custom_padding=\u00bb0px||50px||false|false\u00bb custom_padding_tablet=\u00bb\u00bb custom_padding_phone=\u00bb||30px||false|false\u00bb global_colors_info=\u00bb{}\u00bb][et_pb_row column_structure=\u00bb1_3,2_3&#8243; custom_padding_last_edited=\u00bbon|phone\u00bb _builder_version=\u00bb4.16&#8243; _module_preset=\u00bbdefault\u00bb custom_padding_tablet=\u00bb\u00bb custom_padding_phone=\u00bb0px||0px||false|false\u00bb global_colors_info=\u00bb{}\u00bb][et_pb_column type=\u00bb1_3&#8243; _builder_version=\u00bb4.16&#8243; _module_preset=\u00bbdefault\u00bb global_colors_info=\u00bb{}\u00bb][et_pb_text _builder_version=\u00bb4.16&#8243; text_font=\u00bb||||||||\u00bb header_font=\u00bb||||||||\u00bb header_text_align=\u00bbcenter\u00bb header_2_font=\u00bb|300||on|||||\u00bb header_2_text_align=\u00bbright\u00bb header_2_font_size=\u00bb29px\u00bb custom_margin=\u00bb||0px||false|false\u00bb custom_padding=\u00bb|15%|0px||false|false\u00bb header_2_text_align_tablet=\u00bb\u00bb header_2_text_align_phone=\u00bbleft\u00bb header_2_text_align_last_edited=\u00bbon|phone\u00bb header_2_font_size_tablet=\u00bb51px\u00bb header_2_font_size_phone=\u00bb25px\u00bb header_2_font_size_last_edited=\u00bbon|phone\u00bb border_width_right=\u00bb2px\u00bb border_color_right=\u00bb#cccccc\u00bb border_width_right_tablet=\u00bb\u00bb border_width_right_phone=\u00bb0px\u00bb border_width_right_last_edited=\u00bbon|phone\u00bb locked=\u00bboff\u00bb global_colors_info=\u00bb{}\u00bb]<h2>Por qu\u00e9 Core en Sparta Sport Center Donostia<\/h2>[\/et_pb_text][\/et_pb_column][et_pb_column type=\u00bb2_3&#8243; _builder_version=\u00bb4.16&#8243; _module_preset=\u00bbdefault\u00bb global_colors_info=\u00bb{}\u00bb][et_pb_text _builder_version=\u00bb4.16&#8243; text_font=\u00bb|300|||||||\u00bb text_text_color=\u00bb#cccccc\u00bb text_line_height=\u00bb1.1em\u00bb header_font=\u00bb|300|||||||\u00bb header_2_font=\u00bb|300||on|||||\u00bb header_2_text_color=\u00bb#cccccc\u00bb header_2_font_size=\u00bb36px\u00bb header_2_letter_spacing=\u00bb2px\u00bb background_layout=\u00bbdark\u00bb global_colors_info=\u00bb{}\u00bb]Porque somos un equipo de profesionales multidisciplinario y especializado en rescatar el m\u00e1ximo potencial de las personas.\n\nPara esto nos valemos de sistema de registro en el que detallamos todos los progresos que obtienes en cada sesi\u00f3n de entrenamiento.\n\nEstos datos estar\u00e1n a tu disposici\u00f3n en cada momento a trav\u00e9s de nuestra aplicaci\u00f3n para dispositivos m\u00f3viles, permiti\u00e9ndote comprobar de primera fuente c\u00f3mo vas alcanzando tus diferentes objetivos. No esperes m\u00e1s e inscr\u00edbete en nuestras clases de <strong>CORE Abdominal en Donostia<\/strong>.[\/et_pb_text][\/et_pb_column][\/et_pb_row][\/et_pb_section]\n","protected":false},"excerpt":{"rendered":"<p>clases de core en DonostiaRefuerza con \u00e9xito las zonas fundamentales de tu cuerpo y asegura un balance total en tu salud f\u00edsica. Nuestras clases de CORE Abdominal en Donostia se encuentran especialmente enfocadas en fortalecer los m\u00fasculos centrales de cuerpo, especialmente en lo que respecta al \u00e1rea abdominal. Como bien lo indica el vocablo anglosaj\u00f3n [&hellip;]<\/p>\n","protected":false},"author":1,"featured_media":219957,"parent":0,"menu_order":0,"comment_status":"closed","ping_status":"closed","template":"","meta":{"_et_pb_use_builder":"on","_et_pb_old_content":"","_et_gb_content_width":"","footnotes":""},"class_list":["post-206559","page","type-page","status-publish","has-post-thumbnail","hentry"],"yoast_head":"<!-- This site is optimized with the Yoast SEO plugin v27.4 - https:\/\/yoast.com\/product\/yoast-seo-wordpress\/ -->\n<title>CORE en Donostia - 1 D\u00cdA GRATIS | Sparta Sport Center<\/title>\n<meta name=\"description\" content=\"Ponte a prueba con nuestras CLASES DE CORE ABDOMINAL DIRIGIDAS en Donostia. Aumenta la fuerza de tu cuerpo y mejora tu rendimiento f\u00edsico.\" \/>\n<meta name=\"robots\" content=\"index, follow, max-snippet:-1, max-image-preview:large, max-video-preview:-1\" \/>\n<link rel=\"canonical\" href=\"https:\/\/spartasportcenter.com\/donostia\/core-donostia\/\" \/>\n<meta property=\"og:locale\" content=\"es_ES\" \/>\n<meta property=\"og:type\" content=\"article\" \/>\n<meta property=\"og:title\" content=\"CORE en Donostia - 1 D\u00cdA GRATIS | Sparta Sport Center\" \/>\n<meta property=\"og:description\" content=\"Ponte a prueba con nuestras CLASES DE CORE ABDOMINAL DIRIGIDAS en Donostia. Aumenta la fuerza de tu cuerpo y mejora tu rendimiento f\u00edsico.\" \/>\n<meta property=\"og:url\" content=\"https:\/\/spartasportcenter.com\/donostia\/core-donostia\/\" \/>\n<meta property=\"og:site_name\" content=\"Sparta Sport Center Donostia\" \/>\n<meta property=\"article:modified_time\" content=\"2024-05-23T07:26:52+00:00\" \/>\n<meta property=\"og:image\" content=\"https:\/\/spartasportcenter.com\/donostia\/wp-content\/uploads\/2024\/05\/core-donostia.webp\" \/>\n\t<meta property=\"og:image:width\" content=\"2000\" \/>\n\t<meta property=\"og:image:height\" content=\"1333\" \/>\n\t<meta property=\"og:image:type\" content=\"image\/webp\" \/>\n<meta name=\"twitter:card\" content=\"summary_large_image\" \/>\n<meta name=\"twitter:label1\" content=\"Tiempo de lectura\" \/>\n\t<meta name=\"twitter:data1\" content=\"2 minutos\" \/>\n<script type=\"application\/ld+json\" class=\"yoast-schema-graph\">{\"@context\":\"https:\\\/\\\/schema.org\",\"@graph\":[{\"@type\":\"WebPage\",\"@id\":\"https:\\\/\\\/spartasportcenter.com\\\/donostia\\\/core-donostia\\\/\",\"url\":\"https:\\\/\\\/spartasportcenter.com\\\/donostia\\\/core-donostia\\\/\",\"name\":\"CORE en Donostia - 1 D\u00cdA GRATIS | Sparta Sport Center\",\"isPartOf\":{\"@id\":\"https:\\\/\\\/spartasportcenter.com\\\/donostia\\\/#website\"},\"primaryImageOfPage\":{\"@id\":\"https:\\\/\\\/spartasportcenter.com\\\/donostia\\\/core-donostia\\\/#primaryimage\"},\"image\":{\"@id\":\"https:\\\/\\\/spartasportcenter.com\\\/donostia\\\/core-donostia\\\/#primaryimage\"},\"thumbnailUrl\":\"https:\\\/\\\/spartasportcenter.com\\\/donostia\\\/wp-content\\\/uploads\\\/2024\\\/05\\\/core-donostia.webp\",\"datePublished\":\"2018-08-20T15:51:28+00:00\",\"dateModified\":\"2024-05-23T07:26:52+00:00\",\"description\":\"Ponte a prueba con nuestras CLASES DE CORE ABDOMINAL DIRIGIDAS en Donostia. Aumenta la fuerza de tu cuerpo y mejora tu rendimiento f\u00edsico.\",\"breadcrumb\":{\"@id\":\"https:\\\/\\\/spartasportcenter.com\\\/donostia\\\/core-donostia\\\/#breadcrumb\"},\"inLanguage\":\"es\",\"potentialAction\":[{\"@type\":\"ReadAction\",\"target\":[\"https:\\\/\\\/spartasportcenter.com\\\/donostia\\\/core-donostia\\\/\"]}]},{\"@type\":\"ImageObject\",\"inLanguage\":\"es\",\"@id\":\"https:\\\/\\\/spartasportcenter.com\\\/donostia\\\/core-donostia\\\/#primaryimage\",\"url\":\"https:\\\/\\\/spartasportcenter.com\\\/donostia\\\/wp-content\\\/uploads\\\/2024\\\/05\\\/core-donostia.webp\",\"contentUrl\":\"https:\\\/\\\/spartasportcenter.com\\\/donostia\\\/wp-content\\\/uploads\\\/2024\\\/05\\\/core-donostia.webp\",\"width\":2000,\"height\":1333,\"caption\":\"core donostia\"},{\"@type\":\"BreadcrumbList\",\"@id\":\"https:\\\/\\\/spartasportcenter.com\\\/donostia\\\/core-donostia\\\/#breadcrumb\",\"itemListElement\":[{\"@type\":\"ListItem\",\"position\":1,\"name\":\"Portada\",\"item\":\"https:\\\/\\\/spartasportcenter.com\\\/donostia\\\/\"},{\"@type\":\"ListItem\",\"position\":2,\"name\":\"CORE Donostia\"}]},{\"@type\":\"WebSite\",\"@id\":\"https:\\\/\\\/spartasportcenter.com\\\/donostia\\\/#website\",\"url\":\"https:\\\/\\\/spartasportcenter.com\\\/donostia\\\/\",\"name\":\"Sparta Sport Center Donostia\",\"description\":\"Gimnasios en Donostia\",\"potentialAction\":[{\"@type\":\"SearchAction\",\"target\":{\"@type\":\"EntryPoint\",\"urlTemplate\":\"https:\\\/\\\/spartasportcenter.com\\\/donostia\\\/?s={search_term_string}\"},\"query-input\":{\"@type\":\"PropertyValueSpecification\",\"valueRequired\":true,\"valueName\":\"search_term_string\"}}],\"inLanguage\":\"es\"}]}<\/script>\n<!-- \/ Yoast SEO plugin. -->","yoast_head_json":{"title":"CORE en Donostia - 1 D\u00cdA GRATIS | Sparta Sport Center","description":"Ponte a prueba con nuestras CLASES DE CORE ABDOMINAL DIRIGIDAS en Donostia. Aumenta la fuerza de tu cuerpo y mejora tu rendimiento f\u00edsico.","robots":{"index":"index","follow":"follow","max-snippet":"max-snippet:-1","max-image-preview":"max-image-preview:large","max-video-preview":"max-video-preview:-1"},"canonical":"https:\/\/spartasportcenter.com\/donostia\/core-donostia\/","og_locale":"es_ES","og_type":"article","og_title":"CORE en Donostia - 1 D\u00cdA GRATIS | Sparta Sport Center","og_description":"Ponte a prueba con nuestras CLASES DE CORE ABDOMINAL DIRIGIDAS en Donostia. Aumenta la fuerza de tu cuerpo y mejora tu rendimiento f\u00edsico.","og_url":"https:\/\/spartasportcenter.com\/donostia\/core-donostia\/","og_site_name":"Sparta Sport Center Donostia","article_modified_time":"2024-05-23T07:26:52+00:00","og_image":[{"width":2000,"height":1333,"url":"https:\/\/spartasportcenter.com\/donostia\/wp-content\/uploads\/2024\/05\/core-donostia.webp","type":"image\/webp"}],"twitter_card":"summary_large_image","twitter_misc":{"Tiempo de lectura":"2 minutos"},"schema":{"@context":"https:\/\/schema.org","@graph":[{"@type":"WebPage","@id":"https:\/\/spartasportcenter.com\/donostia\/core-donostia\/","url":"https:\/\/spartasportcenter.com\/donostia\/core-donostia\/","name":"CORE en Donostia - 1 D\u00cdA GRATIS | Sparta Sport Center","isPartOf":{"@id":"https:\/\/spartasportcenter.com\/donostia\/#website"},"primaryImageOfPage":{"@id":"https:\/\/spartasportcenter.com\/donostia\/core-donostia\/#primaryimage"},"image":{"@id":"https:\/\/spartasportcenter.com\/donostia\/core-donostia\/#primaryimage"},"thumbnailUrl":"https:\/\/spartasportcenter.com\/donostia\/wp-content\/uploads\/2024\/05\/core-donostia.webp","datePublished":"2018-08-20T15:51:28+00:00","dateModified":"2024-05-23T07:26:52+00:00","description":"Ponte a prueba con nuestras CLASES DE CORE ABDOMINAL DIRIGIDAS en Donostia. Aumenta la fuerza de tu cuerpo y mejora tu rendimiento f\u00edsico.","breadcrumb":{"@id":"https:\/\/spartasportcenter.com\/donostia\/core-donostia\/#breadcrumb"},"inLanguage":"es","potentialAction":[{"@type":"ReadAction","target":["https:\/\/spartasportcenter.com\/donostia\/core-donostia\/"]}]},{"@type":"ImageObject","inLanguage":"es","@id":"https:\/\/spartasportcenter.com\/donostia\/core-donostia\/#primaryimage","url":"https:\/\/spartasportcenter.com\/donostia\/wp-content\/uploads\/2024\/05\/core-donostia.webp","contentUrl":"https:\/\/spartasportcenter.com\/donostia\/wp-content\/uploads\/2024\/05\/core-donostia.webp","width":2000,"height":1333,"caption":"core donostia"},{"@type":"BreadcrumbList","@id":"https:\/\/spartasportcenter.com\/donostia\/core-donostia\/#breadcrumb","itemListElement":[{"@type":"ListItem","position":1,"name":"Portada","item":"https:\/\/spartasportcenter.com\/donostia\/"},{"@type":"ListItem","position":2,"name":"CORE Donostia"}]},{"@type":"WebSite","@id":"https:\/\/spartasportcenter.com\/donostia\/#website","url":"https:\/\/spartasportcenter.com\/donostia\/","name":"Sparta Sport Center Donostia","description":"Gimnasios en Donostia","potentialAction":[{"@type":"SearchAction","target":{"@type":"EntryPoint","urlTemplate":"https:\/\/spartasportcenter.com\/donostia\/?s={search_term_string}"},"query-input":{"@type":"PropertyValueSpecification","valueRequired":true,"valueName":"search_term_string"}}],"inLanguage":"es"}]}},"_links":{"self":[{"href":"https:\/\/spartasportcenter.com\/donostia\/wp-json\/wp\/v2\/pages\/206559","targetHints":{"allow":["GET"]}}],"collection":[{"href":"https:\/\/spartasportcenter.com\/donostia\/wp-json\/wp\/v2\/pages"}],"about":[{"href":"https:\/\/spartasportcenter.com\/donostia\/wp-json\/wp\/v2\/types\/page"}],"author":[{"embeddable":true,"href":"https:\/\/spartasportcenter.com\/donostia\/wp-json\/wp\/v2\/users\/1"}],"replies":[{"embeddable":true,"href":"https:\/\/spartasportcenter.com\/donostia\/wp-json\/wp\/v2\/comments?post=206559"}],"version-history":[{"count":0,"href":"https:\/\/spartasportcenter.com\/donostia\/wp-json\/wp\/v2\/pages\/206559\/revisions"}],"wp:featuredmedia":[{"embeddable":true,"href":"https:\/\/spartasportcenter.com\/donostia\/wp-json\/wp\/v2\/media\/219957"}],"wp:attachment":[{"href":"https:\/\/spartasportcenter.com\/donostia\/wp-json\/wp\/v2\/media?parent=206559"}],"curies":[{"name":"wp","href":"https:\/\/api.w.org\/{rel}","templated":true}]}}