{"id":206555,"date":"2018-08-20T15:49:40","date_gmt":"2018-08-20T15:49:40","guid":{"rendered":"https:\/\/pamplona.spartasportcenter.com\/?page_id=206555"},"modified":"2025-06-05T15:20:54","modified_gmt":"2025-06-05T13:20:54","slug":"body-pump-donostia","status":"publish","type":"page","link":"https:\/\/spartasportcenter.com\/donostia\/body-pump-donostia\/","title":{"rendered":"Body Pump Donostia"},"content":{"rendered":"<p>[et_pb_section fb_built=\u00bb1&#8243; custom_padding_last_edited=\u00bbon|phone\u00bb disabled_on=\u00bboff|off|off\u00bb _builder_version=\u00bb4.16&#8243; background_color=\u00bb#262626&#8243; background_enable_image=\u00bboff\u00bb custom_margin=\u00bb||||false|false\u00bb custom_padding=\u00bb80px|0px|0px|0px|false|false\u00bb custom_padding_tablet=\u00bb\u00bb custom_padding_phone=\u00bb30px||50px||false|false\u00bb global_colors_info=\u00bb{}\u00bb][et_pb_row column_structure=\u00bb1_3,2_3&#8243; custom_padding_last_edited=\u00bbon|desktop\u00bb _builder_version=\u00bb4.16&#8243; _module_preset=\u00bbdefault\u00bb custom_padding=\u00bb0px||||false|false\u00bb custom_padding_tablet=\u00bb\u00bb custom_padding_phone=\u00bb0px||||false|false\u00bb global_colors_info=\u00bb{}\u00bb][et_pb_column type=\u00bb1_3&#8243; _builder_version=\u00bb4.16&#8243; _module_preset=\u00bbdefault\u00bb global_colors_info=\u00bb{}\u00bb][et_pb_text _builder_version=\u00bb4.16&#8243; text_font=\u00bb||||||||\u00bb header_font=\u00bb||||||||\u00bb header_text_align=\u00bbcenter\u00bb header_2_font=\u00bb|300||on|||||\u00bb header_2_text_align=\u00bbright\u00bb header_2_font_size=\u00bb29px\u00bb custom_margin=\u00bb||0px||false|false\u00bb custom_padding=\u00bb|15%|0px||false|false\u00bb header_2_text_align_tablet=\u00bb\u00bb header_2_text_align_phone=\u00bbleft\u00bb header_2_text_align_last_edited=\u00bbon|phone\u00bb header_2_font_size_tablet=\u00bb51px\u00bb header_2_font_size_phone=\u00bb25px\u00bb header_2_font_size_last_edited=\u00bbon|phone\u00bb border_width_right=\u00bb2px\u00bb border_color_right=\u00bb#cccccc\u00bb border_width_right_tablet=\u00bb\u00bb border_width_right_phone=\u00bb0px\u00bb border_width_right_last_edited=\u00bbon|phone\u00bb locked=\u00bboff\u00bb global_colors_info=\u00bb{}\u00bb]<\/p>\n<h2>clases de Body Pump en Donostia<\/h2>\n<p>[\/et_pb_text][\/et_pb_column][et_pb_column type=\u00bb2_3&#8243; _builder_version=\u00bb4.16&#8243; _module_preset=\u00bbdefault\u00bb global_colors_info=\u00bb{}\u00bb][et_pb_text _builder_version=\u00bb4.16&#8243; text_font=\u00bb|300|||||||\u00bb text_text_color=\u00bb#cccccc\u00bb text_line_height=\u00bb1.1em\u00bb header_font=\u00bb|300|||||||\u00bb header_2_font=\u00bb|300||on|||||\u00bb header_2_text_color=\u00bb#cccccc\u00bb header_2_font_size=\u00bb36px\u00bb header_2_letter_spacing=\u00bb2px\u00bb background_layout=\u00bbdark\u00bb global_colors_info=\u00bb{}\u00bb]Especialmente dirigido a aquellas personas que quieren tonificar su cuerpo y obtener resultados r\u00e1pidos y permanentes. Nuestro\u00a0<strong>centro de Body Pump en Donostia<\/strong>\u00a0cuenta con los mejores implementos para minimizar los tiempos necesarios para alcanzar las metas que nuestros clientes se propongan.<\/p>\n<p>Todos los ejercicios a realizar estar\u00e1n supervisados por un profesional del acondicionamiento f\u00edsico, quien se mantendr\u00e1 atento a cualquier tipo de duda o necesidad que te surja durante el entrenamiento. De esta manera, podemos garantizarte una atenci\u00f3n personalizada y que las sesiones se adapten a tus expectativas.<\/p>\n<p>Uno de los aspectos m\u00e1s destacables de nuestras\u00a0<strong>clases de BodyPump en San Sebasti\u00e1n<\/strong>\u00a0es que contamos con una maquinaria de primer nivel tecnol\u00f3gico. Con esto podr\u00e1s realizar todos tus ejercicios de manera segura y confiada, enfoc\u00e1ndote solo en conseguir los resultados que tanto anhelas.[\/et_pb_text][\/et_pb_column][\/et_pb_row][et_pb_row column_structure=\u00bb1_3,2_3&#8243; custom_padding_last_edited=\u00bbon|phone\u00bb _builder_version=\u00bb4.16&#8243; _module_preset=\u00bbdefault\u00bb custom_margin=\u00bb||0px||false|false\u00bb custom_padding=\u00bb||||false|false\u00bb custom_padding_tablet=\u00bb\u00bb custom_padding_phone=\u00bb0px||0px||false|false\u00bb global_colors_info=\u00bb{}\u00bb][et_pb_column type=\u00bb1_3&#8243; _builder_version=\u00bb4.16&#8243; _module_preset=\u00bbdefault\u00bb global_colors_info=\u00bb{}\u00bb][et_pb_text _builder_version=\u00bb4.16&#8243; text_font=\u00bb||||||||\u00bb header_font=\u00bb||||||||\u00bb header_text_align=\u00bbcenter\u00bb header_2_font=\u00bb|300||on|||||\u00bb header_2_text_align=\u00bbright\u00bb header_2_font_size=\u00bb29px\u00bb custom_margin=\u00bb||0px||false|false\u00bb custom_padding=\u00bb|15%|0px||false|false\u00bb header_2_text_align_tablet=\u00bb\u00bb header_2_text_align_phone=\u00bbleft\u00bb header_2_text_align_last_edited=\u00bbon|phone\u00bb header_2_font_size_tablet=\u00bb51px\u00bb header_2_font_size_phone=\u00bb25px\u00bb header_2_font_size_last_edited=\u00bbon|phone\u00bb border_width_right=\u00bb2px\u00bb border_color_right=\u00bb#cccccc\u00bb border_width_right_tablet=\u00bb\u00bb border_width_right_phone=\u00bb0px\u00bb border_width_right_last_edited=\u00bbon|phone\u00bb locked=\u00bboff\u00bb global_colors_info=\u00bb{}\u00bb]<\/p>\n<h2>Beneficios del Body Pump en Donostia<\/h2>\n<p>[\/et_pb_text][\/et_pb_column][et_pb_column type=\u00bb2_3&#8243; _builder_version=\u00bb4.16&#8243; _module_preset=\u00bbdefault\u00bb global_colors_info=\u00bb{}\u00bb][et_pb_text _builder_version=\u00bb4.16&#8243; text_font=\u00bb|300|||||||\u00bb text_text_color=\u00bb#cccccc\u00bb text_line_height=\u00bb1.1em\u00bb header_font=\u00bb|300|||||||\u00bb header_2_font=\u00bb|300||on|||||\u00bb header_2_text_color=\u00bb#cccccc\u00bb header_2_font_size=\u00bb36px\u00bb header_2_letter_spacing=\u00bb2px\u00bb background_layout=\u00bbdark\u00bb global_colors_info=\u00bb{}\u00bb]Los beneficios de asistir a nuestro centro de Body Pump en Donostia no se har\u00e1n esperar. Lo primero y m\u00e1s sustancial ser\u00e1 el fortalecimiento y tonificaci\u00f3n de varias zonas de tu cuerpo, especialmente aquellas en las que mayor \u00e9nfasis hagas durante los entrenamientos.<\/p>\n<p><strong>Con nuestras clases de Body Pump mejorar\u00e1s tu potencia, resistencia y flexibilidad corporal<\/strong>, reducir\u00e1s notoriamente tu \u00edndice de grasa corporal y fomentar\u00e1s el correcto funcionamiento de tu sistema cardiovascular. Por lo dem\u00e1s, notar\u00e1s como ganas energ\u00eda para el resto de actividades de tu vida y tu estado de \u00e1nimo se ver\u00e1 positivamente afectado.<\/p>\n<p>Es perfecto para modelar y tonificar tus m\u00fasculos, y para incrementar tu autoestima y confianza. Los beneficios de asistir a nuestro centro de Body Pump en Donosti no se har\u00e1n esperar.<\/p>\n<p>Lo primero y m\u00e1s sustancial ser\u00e1 el fortalecimiento y tonificaci\u00f3n de varias zonas de tu cuerpo, especialmente aquellas en las que mayor \u00e9nfasis hagas durante los entrenamientos.[\/et_pb_text][\/et_pb_column][\/et_pb_row][\/et_pb_section][et_pb_section fb_built=\u00bb1&#8243; custom_padding_last_edited=\u00bbon|phone\u00bb _builder_version=\u00bb4.16&#8243; _module_preset=\u00bbdefault\u00bb background_color=\u00bb#262626&#8243; custom_padding=\u00bb0px||50px||false|false\u00bb custom_padding_tablet=\u00bb\u00bb custom_padding_phone=\u00bb||30px||false|false\u00bb global_colors_info=\u00bb{}\u00bb][et_pb_row column_structure=\u00bb1_3,2_3&#8243; custom_padding_last_edited=\u00bbon|phone\u00bb _builder_version=\u00bb4.16&#8243; _module_preset=\u00bbdefault\u00bb custom_padding_tablet=\u00bb\u00bb custom_padding_phone=\u00bb0px||0px||false|false\u00bb global_colors_info=\u00bb{}\u00bb][et_pb_column type=\u00bb1_3&#8243; _builder_version=\u00bb4.16&#8243; _module_preset=\u00bbdefault\u00bb global_colors_info=\u00bb{}\u00bb][et_pb_text _builder_version=\u00bb4.16&#8243; text_font=\u00bb||||||||\u00bb header_font=\u00bb||||||||\u00bb header_text_align=\u00bbcenter\u00bb header_2_font=\u00bb|300||on|||||\u00bb header_2_text_align=\u00bbright\u00bb header_2_font_size=\u00bb29px\u00bb custom_margin=\u00bb||0px||false|false\u00bb custom_padding=\u00bb|15%|0px||false|false\u00bb header_2_text_align_tablet=\u00bb\u00bb header_2_text_align_phone=\u00bbleft\u00bb header_2_text_align_last_edited=\u00bbon|phone\u00bb header_2_font_size_tablet=\u00bb51px\u00bb header_2_font_size_phone=\u00bb25px\u00bb header_2_font_size_last_edited=\u00bbon|phone\u00bb border_width_right=\u00bb2px\u00bb border_color_right=\u00bb#cccccc\u00bb border_width_right_tablet=\u00bb\u00bb border_width_right_phone=\u00bb0px\u00bb border_width_right_last_edited=\u00bbon|phone\u00bb locked=\u00bboff\u00bb global_colors_info=\u00bb{}\u00bb]<\/p>\n<h2>Por qu\u00e9 Body Pump en Sparta Sport Center Donostia<\/h2>\n<p>[\/et_pb_text][\/et_pb_column][et_pb_column type=\u00bb2_3&#8243; _builder_version=\u00bb4.16&#8243; _module_preset=\u00bbdefault\u00bb global_colors_info=\u00bb{}\u00bb][et_pb_text _builder_version=\u00bb4.16&#8243; text_font=\u00bb|300|||||||\u00bb text_text_color=\u00bb#cccccc\u00bb text_line_height=\u00bb1.1em\u00bb header_font=\u00bb|300|||||||\u00bb header_2_font=\u00bb|300||on|||||\u00bb header_2_text_color=\u00bb#cccccc\u00bb header_2_font_size=\u00bb36px\u00bb header_2_letter_spacing=\u00bb2px\u00bb background_layout=\u00bbdark\u00bb global_colors_info=\u00bb{}\u00bb]<span>Porque estaremos siempre a tu lado, intentando que te superes a ti mismo y que logres todos los resultados que quieres obtener.<\/p>\n<p>Para esto contamos con un seguimiento y monitoreo personalizados, en los que detallamos cada uno de los progresos que tienes en nuestro gimnasio.<\/p>\n<p>Dicha informaci\u00f3n estar\u00e1 a tu disposici\u00f3n de forma f\u00edsica o a trav\u00e9s de la aplicaci\u00f3n que tenemos para ti. \u00a1No esperes m\u00e1s y<span>\u00a0<\/span><strong>reg\u00edstrate en nuestro centro de Body Pump en Donostia<\/strong>!<\/p>\n<\/div>\n<\/div>\n<p>[\/et_pb_text][\/et_pb_column][\/et_pb_row][\/et_pb_section]<\/p>\n","protected":false},"excerpt":{"rendered":"<p>clases de Body Pump en DonostiaEspecialmente dirigido a aquellas personas que quieren tonificar su cuerpo y obtener resultados r\u00e1pidos y permanentes. Nuestro\u00a0centro de Body Pump en Donostia\u00a0cuenta con los mejores implementos para minimizar los tiempos necesarios para alcanzar las metas que nuestros clientes se propongan. Todos los ejercicios a realizar estar\u00e1n supervisados por un profesional [&hellip;]<\/p>\n","protected":false},"author":1,"featured_media":219955,"parent":0,"menu_order":0,"comment_status":"closed","ping_status":"closed","template":"","meta":{"_et_pb_use_builder":"on","_et_pb_old_content":"","_et_gb_content_width":"","footnotes":""},"class_list":["post-206555","page","type-page","status-publish","has-post-thumbnail","hentry"],"yoast_head":"<!-- This site is optimized with the Yoast SEO plugin v27.4 - https:\/\/yoast.com\/product\/yoast-seo-wordpress\/ -->\n<title>Body Pump Donostia - 1 D\u00cdA GRATIS | Sparta Sport Center<\/title>\n<meta name=\"description\" content=\"Empieza a tonificar tu cuerpo con nuestras CLASES DE BODY PUMP DIRIGIDAS en Donostia. Gana fuerza y reduce tu \u00edndice de gras corporal.\" \/>\n<meta name=\"robots\" content=\"index, follow, max-snippet:-1, max-image-preview:large, max-video-preview:-1\" \/>\n<link rel=\"canonical\" href=\"https:\/\/spartasportcenter.com\/donostia\/body-pump-donostia\/\" \/>\n<meta property=\"og:locale\" content=\"es_ES\" \/>\n<meta property=\"og:type\" content=\"article\" \/>\n<meta property=\"og:title\" content=\"Body Pump Donostia - 1 D\u00cdA GRATIS | Sparta Sport Center\" \/>\n<meta property=\"og:description\" content=\"Empieza a tonificar tu cuerpo con nuestras CLASES DE BODY PUMP DIRIGIDAS en Donostia. Gana fuerza y reduce tu \u00edndice de gras corporal.\" \/>\n<meta property=\"og:url\" content=\"https:\/\/spartasportcenter.com\/donostia\/body-pump-donostia\/\" \/>\n<meta property=\"og:site_name\" content=\"Sparta Sport Center Donostia\" \/>\n<meta property=\"article:modified_time\" content=\"2025-06-05T13:20:54+00:00\" \/>\n<meta property=\"og:image\" content=\"https:\/\/spartasportcenter.com\/donostia\/wp-content\/uploads\/2024\/05\/body-pump-donostia.webp\" \/>\n\t<meta property=\"og:image:width\" content=\"2000\" \/>\n\t<meta property=\"og:image:height\" content=\"1333\" \/>\n\t<meta property=\"og:image:type\" content=\"image\/webp\" \/>\n<meta name=\"twitter:card\" content=\"summary_large_image\" \/>\n<meta name=\"twitter:label1\" content=\"Tiempo de lectura\" \/>\n\t<meta name=\"twitter:data1\" content=\"2 minutos\" \/>\n<script type=\"application\/ld+json\" class=\"yoast-schema-graph\">{\"@context\":\"https:\\\/\\\/schema.org\",\"@graph\":[{\"@type\":\"WebPage\",\"@id\":\"https:\\\/\\\/spartasportcenter.com\\\/donostia\\\/body-pump-donostia\\\/\",\"url\":\"https:\\\/\\\/spartasportcenter.com\\\/donostia\\\/body-pump-donostia\\\/\",\"name\":\"Body Pump Donostia - 1 D\u00cdA GRATIS | Sparta Sport Center\",\"isPartOf\":{\"@id\":\"https:\\\/\\\/spartasportcenter.com\\\/donostia\\\/#website\"},\"primaryImageOfPage\":{\"@id\":\"https:\\\/\\\/spartasportcenter.com\\\/donostia\\\/body-pump-donostia\\\/#primaryimage\"},\"image\":{\"@id\":\"https:\\\/\\\/spartasportcenter.com\\\/donostia\\\/body-pump-donostia\\\/#primaryimage\"},\"thumbnailUrl\":\"https:\\\/\\\/spartasportcenter.com\\\/donostia\\\/wp-content\\\/uploads\\\/2024\\\/05\\\/body-pump-donostia.webp\",\"datePublished\":\"2018-08-20T15:49:40+00:00\",\"dateModified\":\"2025-06-05T13:20:54+00:00\",\"description\":\"Empieza a tonificar tu cuerpo con nuestras CLASES DE BODY PUMP DIRIGIDAS en Donostia. Gana fuerza y reduce tu \u00edndice de gras corporal.\",\"breadcrumb\":{\"@id\":\"https:\\\/\\\/spartasportcenter.com\\\/donostia\\\/body-pump-donostia\\\/#breadcrumb\"},\"inLanguage\":\"es\",\"potentialAction\":[{\"@type\":\"ReadAction\",\"target\":[\"https:\\\/\\\/spartasportcenter.com\\\/donostia\\\/body-pump-donostia\\\/\"]}]},{\"@type\":\"ImageObject\",\"inLanguage\":\"es\",\"@id\":\"https:\\\/\\\/spartasportcenter.com\\\/donostia\\\/body-pump-donostia\\\/#primaryimage\",\"url\":\"https:\\\/\\\/spartasportcenter.com\\\/donostia\\\/wp-content\\\/uploads\\\/2024\\\/05\\\/body-pump-donostia.webp\",\"contentUrl\":\"https:\\\/\\\/spartasportcenter.com\\\/donostia\\\/wp-content\\\/uploads\\\/2024\\\/05\\\/body-pump-donostia.webp\",\"width\":2000,\"height\":1333,\"caption\":\"body pump donostia\"},{\"@type\":\"BreadcrumbList\",\"@id\":\"https:\\\/\\\/spartasportcenter.com\\\/donostia\\\/body-pump-donostia\\\/#breadcrumb\",\"itemListElement\":[{\"@type\":\"ListItem\",\"position\":1,\"name\":\"Portada\",\"item\":\"https:\\\/\\\/spartasportcenter.com\\\/donostia\\\/\"},{\"@type\":\"ListItem\",\"position\":2,\"name\":\"Body Pump Donostia\"}]},{\"@type\":\"WebSite\",\"@id\":\"https:\\\/\\\/spartasportcenter.com\\\/donostia\\\/#website\",\"url\":\"https:\\\/\\\/spartasportcenter.com\\\/donostia\\\/\",\"name\":\"Sparta Sport Center Donostia\",\"description\":\"Gimnasios en Donostia\",\"potentialAction\":[{\"@type\":\"SearchAction\",\"target\":{\"@type\":\"EntryPoint\",\"urlTemplate\":\"https:\\\/\\\/spartasportcenter.com\\\/donostia\\\/?s={search_term_string}\"},\"query-input\":{\"@type\":\"PropertyValueSpecification\",\"valueRequired\":true,\"valueName\":\"search_term_string\"}}],\"inLanguage\":\"es\"}]}<\/script>\n<!-- \/ Yoast SEO plugin. -->","yoast_head_json":{"title":"Body Pump Donostia - 1 D\u00cdA GRATIS | Sparta Sport Center","description":"Empieza a tonificar tu cuerpo con nuestras CLASES DE BODY PUMP DIRIGIDAS en Donostia. Gana fuerza y reduce tu \u00edndice de gras corporal.","robots":{"index":"index","follow":"follow","max-snippet":"max-snippet:-1","max-image-preview":"max-image-preview:large","max-video-preview":"max-video-preview:-1"},"canonical":"https:\/\/spartasportcenter.com\/donostia\/body-pump-donostia\/","og_locale":"es_ES","og_type":"article","og_title":"Body Pump Donostia - 1 D\u00cdA GRATIS | Sparta Sport Center","og_description":"Empieza a tonificar tu cuerpo con nuestras CLASES DE BODY PUMP DIRIGIDAS en Donostia. Gana fuerza y reduce tu \u00edndice de gras corporal.","og_url":"https:\/\/spartasportcenter.com\/donostia\/body-pump-donostia\/","og_site_name":"Sparta Sport Center Donostia","article_modified_time":"2025-06-05T13:20:54+00:00","og_image":[{"width":2000,"height":1333,"url":"https:\/\/spartasportcenter.com\/donostia\/wp-content\/uploads\/2024\/05\/body-pump-donostia.webp","type":"image\/webp"}],"twitter_card":"summary_large_image","twitter_misc":{"Tiempo de lectura":"2 minutos"},"schema":{"@context":"https:\/\/schema.org","@graph":[{"@type":"WebPage","@id":"https:\/\/spartasportcenter.com\/donostia\/body-pump-donostia\/","url":"https:\/\/spartasportcenter.com\/donostia\/body-pump-donostia\/","name":"Body Pump Donostia - 1 D\u00cdA GRATIS | Sparta Sport Center","isPartOf":{"@id":"https:\/\/spartasportcenter.com\/donostia\/#website"},"primaryImageOfPage":{"@id":"https:\/\/spartasportcenter.com\/donostia\/body-pump-donostia\/#primaryimage"},"image":{"@id":"https:\/\/spartasportcenter.com\/donostia\/body-pump-donostia\/#primaryimage"},"thumbnailUrl":"https:\/\/spartasportcenter.com\/donostia\/wp-content\/uploads\/2024\/05\/body-pump-donostia.webp","datePublished":"2018-08-20T15:49:40+00:00","dateModified":"2025-06-05T13:20:54+00:00","description":"Empieza a tonificar tu cuerpo con nuestras CLASES DE BODY PUMP DIRIGIDAS en Donostia. Gana fuerza y reduce tu \u00edndice de gras corporal.","breadcrumb":{"@id":"https:\/\/spartasportcenter.com\/donostia\/body-pump-donostia\/#breadcrumb"},"inLanguage":"es","potentialAction":[{"@type":"ReadAction","target":["https:\/\/spartasportcenter.com\/donostia\/body-pump-donostia\/"]}]},{"@type":"ImageObject","inLanguage":"es","@id":"https:\/\/spartasportcenter.com\/donostia\/body-pump-donostia\/#primaryimage","url":"https:\/\/spartasportcenter.com\/donostia\/wp-content\/uploads\/2024\/05\/body-pump-donostia.webp","contentUrl":"https:\/\/spartasportcenter.com\/donostia\/wp-content\/uploads\/2024\/05\/body-pump-donostia.webp","width":2000,"height":1333,"caption":"body pump donostia"},{"@type":"BreadcrumbList","@id":"https:\/\/spartasportcenter.com\/donostia\/body-pump-donostia\/#breadcrumb","itemListElement":[{"@type":"ListItem","position":1,"name":"Portada","item":"https:\/\/spartasportcenter.com\/donostia\/"},{"@type":"ListItem","position":2,"name":"Body Pump Donostia"}]},{"@type":"WebSite","@id":"https:\/\/spartasportcenter.com\/donostia\/#website","url":"https:\/\/spartasportcenter.com\/donostia\/","name":"Sparta Sport Center Donostia","description":"Gimnasios en Donostia","potentialAction":[{"@type":"SearchAction","target":{"@type":"EntryPoint","urlTemplate":"https:\/\/spartasportcenter.com\/donostia\/?s={search_term_string}"},"query-input":{"@type":"PropertyValueSpecification","valueRequired":true,"valueName":"search_term_string"}}],"inLanguage":"es"}]}},"_links":{"self":[{"href":"https:\/\/spartasportcenter.com\/donostia\/wp-json\/wp\/v2\/pages\/206555","targetHints":{"allow":["GET"]}}],"collection":[{"href":"https:\/\/spartasportcenter.com\/donostia\/wp-json\/wp\/v2\/pages"}],"about":[{"href":"https:\/\/spartasportcenter.com\/donostia\/wp-json\/wp\/v2\/types\/page"}],"author":[{"embeddable":true,"href":"https:\/\/spartasportcenter.com\/donostia\/wp-json\/wp\/v2\/users\/1"}],"replies":[{"embeddable":true,"href":"https:\/\/spartasportcenter.com\/donostia\/wp-json\/wp\/v2\/comments?post=206555"}],"version-history":[{"count":4,"href":"https:\/\/spartasportcenter.com\/donostia\/wp-json\/wp\/v2\/pages\/206555\/revisions"}],"predecessor-version":[{"id":221704,"href":"https:\/\/spartasportcenter.com\/donostia\/wp-json\/wp\/v2\/pages\/206555\/revisions\/221704"}],"wp:featuredmedia":[{"embeddable":true,"href":"https:\/\/spartasportcenter.com\/donostia\/wp-json\/wp\/v2\/media\/219955"}],"wp:attachment":[{"href":"https:\/\/spartasportcenter.com\/donostia\/wp-json\/wp\/v2\/media?parent=206555"}],"curies":[{"name":"wp","href":"https:\/\/api.w.org\/{rel}","templated":true}]}}