{"id":218406,"date":"2023-03-30T15:22:10","date_gmt":"2023-03-30T13:22:10","guid":{"rendered":"https:\/\/spartasportcenter.com\/cuenca\/?page_id=218406"},"modified":"2026-02-23T17:07:14","modified_gmt":"2026-02-23T16:07:14","slug":"strong-cuenca","status":"publish","type":"page","link":"https:\/\/spartasportcenter.com\/cuenca\/strong-cuenca\/","title":{"rendered":"Strong Cuenca"},"content":{"rendered":"<p>[et_pb_section fb_built=\u00bb1&#8243; custom_padding_last_edited=\u00bbon|phone\u00bb disabled_on=\u00bboff|off|off\u00bb _builder_version=\u00bb4.27.4&#8243; background_color=\u00bb#000000&#8243; background_enable_image=\u00bboff\u00bb custom_margin=\u00bb||||false|false\u00bb custom_padding=\u00bb80px|0px|0px|0px|false|false\u00bb custom_padding_tablet=\u00bb\u00bb custom_padding_phone=\u00bb30px||50px||false|false\u00bb hover_enabled=\u00bb0&#8243; locked=\u00bboff\u00bb global_colors_info=\u00bb{}\u00bb sticky_enabled=\u00bb0&#8243;][et_pb_row column_structure=\u00bb1_3,2_3&#8243; custom_padding_last_edited=\u00bbon|desktop\u00bb _builder_version=\u00bb4.16&#8243; _module_preset=\u00bbdefault\u00bb custom_padding=\u00bb0px||||false|false\u00bb custom_padding_tablet=\u00bb\u00bb custom_padding_phone=\u00bb0px||||false|false\u00bb global_colors_info=\u00bb{}\u00bb][et_pb_column type=\u00bb1_3&#8243; _builder_version=\u00bb4.16&#8243; _module_preset=\u00bbdefault\u00bb global_colors_info=\u00bb{}\u00bb][et_pb_text _builder_version=\u00bb4.20.1&#8243; text_font=\u00bb||||||||\u00bb header_font=\u00bb||||||||\u00bb header_text_align=\u00bbcenter\u00bb header_2_font=\u00bb|300||on|||||\u00bb header_2_text_align=\u00bbright\u00bb header_2_font_size=\u00bb29px\u00bb custom_margin=\u00bb||0px||false|false\u00bb custom_padding=\u00bb|15%|0px||false|false\u00bb header_2_text_align_tablet=\u00bb\u00bb header_2_text_align_phone=\u00bbleft\u00bb header_2_text_align_last_edited=\u00bbon|phone\u00bb header_2_font_size_tablet=\u00bb51px\u00bb header_2_font_size_phone=\u00bb25px\u00bb header_2_font_size_last_edited=\u00bbon|phone\u00bb border_width_right=\u00bb2px\u00bb border_color_right=\u00bb#cccccc\u00bb border_width_right_tablet=\u00bb\u00bb border_width_right_phone=\u00bb0px\u00bb border_width_right_last_edited=\u00bbon|phone\u00bb locked=\u00bboff\u00bb global_colors_info=\u00bb{}\u00bb]<\/p>\n<h2>Clases de strong en Cuenca<\/h2>\n<p>[\/et_pb_text][\/et_pb_column][et_pb_column type=\u00bb2_3&#8243; _builder_version=\u00bb4.16&#8243; _module_preset=\u00bbdefault\u00bb global_colors_info=\u00bb{}\u00bb][et_pb_text _builder_version=\u00bb4.20.1&#8243; text_font=\u00bb|300|||||||\u00bb text_text_color=\u00bb#cccccc\u00bb text_line_height=\u00bb1.1em\u00bb header_font=\u00bb|300|||||||\u00bb header_2_font=\u00bb|300||on|||||\u00bb header_2_text_color=\u00bb#cccccc\u00bb header_2_font_size=\u00bb36px\u00bb header_2_letter_spacing=\u00bb2px\u00bb background_layout=\u00bbdark\u00bb global_colors_info=\u00bb{}\u00bb]<\/p>\n<p><span style=\"font-weight: 400;\">Cada vez se est\u00e1n desarrollando disciplinas m\u00e1s divertidas y aqu\u00ed es donde entra el Strong en Cuenca, un deporte que aunque por su nombre puede parecer un ejercicio destinado a desarrollar una gran fuerza, no tiene nada que ver con ella.<\/span><\/p>\n<p><span style=\"font-weight: 400;\">El entrenamiento de Strong se asemeja mucho a la zumba y como ocurre con esta, se desarrolla en clases grupales en las que la m\u00fasica y el ritmo son los protagonistas, todo ello con una gran intensidad.<\/span><\/p>\n<p><span style=\"font-weight: 400;\">Aqu\u00ed el concepto es distinto, pues primero se idean los movimientos y despu\u00e9s se pone la m\u00fasica, de manera que la segunda se adapta a los primeros, a diferencia de la zumba en donde se realiza lo contrario.<\/span><\/p>\n<p><span style=\"font-weight: 400;\">En el entrenamiento basado en el Strong en Cuenca se trabaja con el peso corporal, se hacen ejercicios que tienen que ver con las contracciones y el protagonista es el entrenamiento cardiovascular, lo que nos permite tonificar y mejorar la masa muscular sin excesos.<\/span><\/p>\n<p><span style=\"font-weight: 400;\">Sobre todo, lo que se ejercita son los m\u00fasculos de las piernas, los gl\u00fateos y los abdominales, que son los que soportan la mayor parte del trabajo cuando hacemos Strong, una disciplina exigente y en la que se quema una cantidad de energ\u00eda enorme.<\/span><\/p>\n<p>[\/et_pb_text][\/et_pb_column][\/et_pb_row][et_pb_row column_structure=\u00bb1_3,2_3&#8243; custom_padding_last_edited=\u00bbon|phone\u00bb _builder_version=\u00bb4.16&#8243; _module_preset=\u00bbdefault\u00bb custom_margin=\u00bb||0px||false|false\u00bb custom_padding=\u00bb||||false|false\u00bb custom_padding_tablet=\u00bb\u00bb custom_padding_phone=\u00bb0px||0px||false|false\u00bb global_colors_info=\u00bb{}\u00bb][et_pb_column type=\u00bb1_3&#8243; _builder_version=\u00bb4.16&#8243; _module_preset=\u00bbdefault\u00bb global_colors_info=\u00bb{}\u00bb][et_pb_text _builder_version=\u00bb4.20.1&#8243; text_font=\u00bb||||||||\u00bb header_font=\u00bb||||||||\u00bb header_text_align=\u00bbcenter\u00bb header_2_font=\u00bb|300||on|||||\u00bb header_2_text_align=\u00bbright\u00bb header_2_font_size=\u00bb29px\u00bb custom_margin=\u00bb||0px||false|false\u00bb custom_padding=\u00bb|15%|0px||false|false\u00bb header_2_text_align_tablet=\u00bb\u00bb header_2_text_align_phone=\u00bbleft\u00bb header_2_text_align_last_edited=\u00bbon|phone\u00bb header_2_font_size_tablet=\u00bb51px\u00bb header_2_font_size_phone=\u00bb25px\u00bb header_2_font_size_last_edited=\u00bbon|phone\u00bb border_width_right=\u00bb2px\u00bb border_color_right=\u00bb#cccccc\u00bb border_width_right_tablet=\u00bb\u00bb border_width_right_phone=\u00bb0px\u00bb border_width_right_last_edited=\u00bbon|phone\u00bb locked=\u00bboff\u00bb global_colors_info=\u00bb{}\u00bb]<\/p>\n<h2>Beneficios del strong en Cuenca<\/h2>\n<p>[\/et_pb_text][\/et_pb_column][et_pb_column type=\u00bb2_3&#8243; _builder_version=\u00bb4.16&#8243; _module_preset=\u00bbdefault\u00bb global_colors_info=\u00bb{}\u00bb][et_pb_text _builder_version=\u00bb4.20.1&#8243; text_font=\u00bb|300|||||||\u00bb text_text_color=\u00bb#cccccc\u00bb text_line_height=\u00bb1.1em\u00bb header_font=\u00bb|300|||||||\u00bb header_2_font=\u00bb|300||on|||||\u00bb header_2_text_color=\u00bb#cccccc\u00bb header_2_font_size=\u00bb36px\u00bb header_2_letter_spacing=\u00bb2px\u00bb background_layout=\u00bbdark\u00bb global_colors_info=\u00bb{}\u00bb]<\/p>\n<p><span style=\"font-weight: 400;\">Como en toda actividad aer\u00f3bica, la resistencia y la mejora de la salud general son los primeros beneficios que obtendremos, pero no son los \u00fanicos, puesto que vamos a ganar una gran agilidad y a desarrollar una mejor coordinaci\u00f3n. \u00a0\u00a0\u00a0\u00a0\u00a0\u00a0\u00a0<\/span><\/p>\n<p><span style=\"font-weight: 400;\">Nuestro cuerpo ir\u00e1 consiguiendo una mayor flexibilidad, lo que se nota mucho en las primeras clases, y aunque parezca complicado por la m\u00fasica y el ritmo al que van estas, ganamos concentraci\u00f3n que nos ser\u00e1 necesaria a la hora de seguir la melod\u00eda, las indicaciones de los profesores, hacer bien los ejercicios, no equivocarnos con las repeticiones, etc.<\/span><\/p>\n<p><span style=\"font-weight: 400;\">Por supuesto, tambi\u00e9n notaremos m\u00e1s potencia en los movimientos y que nuestro peso baja si nos sobran algunos kilos, pues es un deporte muy exigente desde el inicio de la clase hasta que termina, en la que se nos pide que hagamos los ejercicios con una intensidad muy alta y sin apenas parar.<\/span><\/p>\n<p><span style=\"font-weight: 400;\">Todo ello sumado har\u00e1 que nos sintamos mejor y con un cuerpo tonificado, adem\u00e1s de dejar a un lado el estr\u00e9s diario como ocurre con estos deportes o disciplinas tan fuertes, en donde permitimos que fluyan todas las energ\u00edas que tenemos dentro en ese momento.<\/span><\/p>\n<p>[\/et_pb_text][\/et_pb_column][\/et_pb_row][\/et_pb_section][et_pb_section fb_built=\u00bb1&#8243; custom_padding_last_edited=\u00bbon|phone\u00bb _builder_version=\u00bb4.27.4&#8243; _module_preset=\u00bbdefault\u00bb background_color=\u00bb#000000&#8243; custom_padding=\u00bb0px||50px||false|false\u00bb custom_padding_tablet=\u00bb\u00bb custom_padding_phone=\u00bb||30px||false|false\u00bb hover_enabled=\u00bb0&#8243; locked=\u00bboff\u00bb global_colors_info=\u00bb{}\u00bb sticky_enabled=\u00bb0&#8243;][et_pb_row column_structure=\u00bb1_3,2_3&#8243; custom_padding_last_edited=\u00bbon|phone\u00bb _builder_version=\u00bb4.16&#8243; _module_preset=\u00bbdefault\u00bb custom_padding_tablet=\u00bb\u00bb custom_padding_phone=\u00bb0px||0px||false|false\u00bb global_colors_info=\u00bb{}\u00bb][et_pb_column type=\u00bb1_3&#8243; _builder_version=\u00bb4.16&#8243; _module_preset=\u00bbdefault\u00bb global_colors_info=\u00bb{}\u00bb][et_pb_text _builder_version=\u00bb4.20.1&#8243; text_font=\u00bb||||||||\u00bb header_font=\u00bb||||||||\u00bb header_text_align=\u00bbcenter\u00bb header_2_font=\u00bb|300||on|||||\u00bb header_2_text_align=\u00bbright\u00bb header_2_font_size=\u00bb29px\u00bb custom_margin=\u00bb||0px||false|false\u00bb custom_padding=\u00bb|15%|0px||false|false\u00bb header_2_text_align_tablet=\u00bb\u00bb header_2_text_align_phone=\u00bbleft\u00bb header_2_text_align_last_edited=\u00bbon|phone\u00bb header_2_font_size_tablet=\u00bb51px\u00bb header_2_font_size_phone=\u00bb25px\u00bb header_2_font_size_last_edited=\u00bbon|phone\u00bb border_width_right=\u00bb2px\u00bb border_color_right=\u00bb#cccccc\u00bb border_width_right_tablet=\u00bb\u00bb border_width_right_phone=\u00bb0px\u00bb border_width_right_last_edited=\u00bbon|phone\u00bb locked=\u00bboff\u00bb global_colors_info=\u00bb{}\u00bb]<\/p>\n<h2>Por qu\u00e9 strong en Sparta Sport Center Cuenca<\/h2>\n<p>[\/et_pb_text][\/et_pb_column][et_pb_column type=\u00bb2_3&#8243; _builder_version=\u00bb4.16&#8243; _module_preset=\u00bbdefault\u00bb global_colors_info=\u00bb{}\u00bb][et_pb_text _builder_version=\u00bb4.20.1&#8243; text_font=\u00bb|300|||||||\u00bb text_text_color=\u00bb#cccccc\u00bb text_line_height=\u00bb1.1em\u00bb header_font=\u00bb|300|||||||\u00bb header_2_font=\u00bb|300||on|||||\u00bb header_2_text_color=\u00bb#cccccc\u00bb header_2_font_size=\u00bb36px\u00bb header_2_letter_spacing=\u00bb2px\u00bb background_layout=\u00bbdark\u00bb global_colors_info=\u00bb{}\u00bb]<\/p>\n<p><span style=\"font-weight: 400;\">El Strong en Cuenca est\u00e1 en pleno auge y es muy divertido, de manera que en nuestro gimnasio vas a poder practicarlo siempre que quieras gracias al plantel de profesores del que disponemos, que seguro que consiguen dejarte sin una gota de energ\u00eda mientras te lo pasas bien.<\/span><\/p>\n<p><span style=\"font-weight: 400;\">Adem\u00e1s, esta disciplina se aleja mucho de los cl\u00e1sicos deportes de gimnasio, de manera que lo mejor es que vengas a nuestro centro de Cuenca a probar para ver si te gusta. Ponemos a tu disposici\u00f3n todo lo que necesitas, de forma que solo te tienes que preocupar de seguir la m\u00fasica y pas\u00e1rtelo bien.<\/span><\/p>\n<p>[\/et_pb_text][\/et_pb_column][\/et_pb_row][\/et_pb_section]<\/p>\n","protected":false},"excerpt":{"rendered":"<p>Clases de strong en CuencaCada vez se est\u00e1n desarrollando disciplinas m\u00e1s divertidas y aqu\u00ed es donde entra el Strong en Cuenca, un deporte que aunque por su nombre puede parecer un ejercicio destinado a desarrollar una gran fuerza, no tiene nada que ver con ella. El entrenamiento de Strong se asemeja mucho a la zumba [&hellip;]<\/p>\n","protected":false},"author":1,"featured_media":219717,"parent":0,"menu_order":0,"comment_status":"closed","ping_status":"closed","template":"","meta":{"_et_pb_use_builder":"on","_et_pb_old_content":"","_et_gb_content_width":"","footnotes":""},"class_list":["post-218406","page","type-page","status-publish","has-post-thumbnail","hentry"],"yoast_head":"<!-- This site is optimized with the Yoast SEO plugin v27.4 - https:\/\/yoast.com\/product\/yoast-seo-wordpress\/ -->\n<title>Strong Cuenca | Sparta Sport Center<\/title>\n<meta name=\"description\" content=\"\u00bfEst\u00e1s buscando un gimnasio para practicar strong en Cuenca? En Sparta Sport Center podemos ayudarte. \u00a1Reserva con nosotros!\" \/>\n<meta name=\"robots\" content=\"index, follow, max-snippet:-1, max-image-preview:large, max-video-preview:-1\" \/>\n<link rel=\"canonical\" href=\"https:\/\/spartasportcenter.com\/cuenca\/strong-cuenca\/\" \/>\n<meta property=\"og:locale\" content=\"es_ES\" \/>\n<meta property=\"og:type\" content=\"article\" \/>\n<meta property=\"og:title\" content=\"Strong Cuenca | Sparta Sport Center\" \/>\n<meta property=\"og:description\" content=\"\u00bfEst\u00e1s buscando un gimnasio para practicar strong en Cuenca? En Sparta Sport Center podemos ayudarte. \u00a1Reserva con nosotros!\" \/>\n<meta property=\"og:url\" content=\"https:\/\/spartasportcenter.com\/cuenca\/strong-cuenca\/\" \/>\n<meta property=\"og:site_name\" content=\"Sparta Sport Center Cuenca\" \/>\n<meta property=\"article:modified_time\" content=\"2026-02-23T16:07:14+00:00\" \/>\n<meta property=\"og:image\" content=\"https:\/\/spartasportcenter.com\/cuenca\/wp-content\/uploads\/2024\/05\/strong-cuenca.webp\" \/>\n\t<meta property=\"og:image:width\" content=\"2000\" \/>\n\t<meta property=\"og:image:height\" content=\"1333\" \/>\n\t<meta property=\"og:image:type\" content=\"image\/webp\" \/>\n<meta name=\"twitter:card\" content=\"summary_large_image\" \/>\n<meta name=\"twitter:label1\" content=\"Tiempo de lectura\" \/>\n\t<meta name=\"twitter:data1\" content=\"3 minutos\" \/>\n<script type=\"application\/ld+json\" class=\"yoast-schema-graph\">{\"@context\":\"https:\\\/\\\/schema.org\",\"@graph\":[{\"@type\":\"WebPage\",\"@id\":\"https:\\\/\\\/spartasportcenter.com\\\/cuenca\\\/strong-cuenca\\\/\",\"url\":\"https:\\\/\\\/spartasportcenter.com\\\/cuenca\\\/strong-cuenca\\\/\",\"name\":\"Strong Cuenca | Sparta Sport Center\",\"isPartOf\":{\"@id\":\"https:\\\/\\\/spartasportcenter.com\\\/cuenca\\\/#website\"},\"primaryImageOfPage\":{\"@id\":\"https:\\\/\\\/spartasportcenter.com\\\/cuenca\\\/strong-cuenca\\\/#primaryimage\"},\"image\":{\"@id\":\"https:\\\/\\\/spartasportcenter.com\\\/cuenca\\\/strong-cuenca\\\/#primaryimage\"},\"thumbnailUrl\":\"https:\\\/\\\/spartasportcenter.com\\\/cuenca\\\/wp-content\\\/uploads\\\/2024\\\/05\\\/strong-cuenca.webp\",\"datePublished\":\"2023-03-30T13:22:10+00:00\",\"dateModified\":\"2026-02-23T16:07:14+00:00\",\"description\":\"\u00bfEst\u00e1s buscando un gimnasio para practicar strong en Cuenca? En Sparta Sport Center podemos ayudarte. \u00a1Reserva con nosotros!\",\"breadcrumb\":{\"@id\":\"https:\\\/\\\/spartasportcenter.com\\\/cuenca\\\/strong-cuenca\\\/#breadcrumb\"},\"inLanguage\":\"es\",\"potentialAction\":[{\"@type\":\"ReadAction\",\"target\":[\"https:\\\/\\\/spartasportcenter.com\\\/cuenca\\\/strong-cuenca\\\/\"]}]},{\"@type\":\"ImageObject\",\"inLanguage\":\"es\",\"@id\":\"https:\\\/\\\/spartasportcenter.com\\\/cuenca\\\/strong-cuenca\\\/#primaryimage\",\"url\":\"https:\\\/\\\/spartasportcenter.com\\\/cuenca\\\/wp-content\\\/uploads\\\/2024\\\/05\\\/strong-cuenca.webp\",\"contentUrl\":\"https:\\\/\\\/spartasportcenter.com\\\/cuenca\\\/wp-content\\\/uploads\\\/2024\\\/05\\\/strong-cuenca.webp\",\"width\":2000,\"height\":1333,\"caption\":\"strong cuenca\"},{\"@type\":\"BreadcrumbList\",\"@id\":\"https:\\\/\\\/spartasportcenter.com\\\/cuenca\\\/strong-cuenca\\\/#breadcrumb\",\"itemListElement\":[{\"@type\":\"ListItem\",\"position\":1,\"name\":\"Portada\",\"item\":\"https:\\\/\\\/spartasportcenter.com\\\/cuenca\\\/\"},{\"@type\":\"ListItem\",\"position\":2,\"name\":\"Strong Cuenca\"}]},{\"@type\":\"WebSite\",\"@id\":\"https:\\\/\\\/spartasportcenter.com\\\/cuenca\\\/#website\",\"url\":\"https:\\\/\\\/spartasportcenter.com\\\/cuenca\\\/\",\"name\":\"Sparta Sport Center Cuenca\",\"description\":\"Gimnasios en Cuenca\",\"potentialAction\":[{\"@type\":\"SearchAction\",\"target\":{\"@type\":\"EntryPoint\",\"urlTemplate\":\"https:\\\/\\\/spartasportcenter.com\\\/cuenca\\\/?s={search_term_string}\"},\"query-input\":{\"@type\":\"PropertyValueSpecification\",\"valueRequired\":true,\"valueName\":\"search_term_string\"}}],\"inLanguage\":\"es\"}]}<\/script>\n<!-- \/ Yoast SEO plugin. -->","yoast_head_json":{"title":"Strong Cuenca | Sparta Sport Center","description":"\u00bfEst\u00e1s buscando un gimnasio para practicar strong en Cuenca? En Sparta Sport Center podemos ayudarte. \u00a1Reserva con nosotros!","robots":{"index":"index","follow":"follow","max-snippet":"max-snippet:-1","max-image-preview":"max-image-preview:large","max-video-preview":"max-video-preview:-1"},"canonical":"https:\/\/spartasportcenter.com\/cuenca\/strong-cuenca\/","og_locale":"es_ES","og_type":"article","og_title":"Strong Cuenca | Sparta Sport Center","og_description":"\u00bfEst\u00e1s buscando un gimnasio para practicar strong en Cuenca? En Sparta Sport Center podemos ayudarte. \u00a1Reserva con nosotros!","og_url":"https:\/\/spartasportcenter.com\/cuenca\/strong-cuenca\/","og_site_name":"Sparta Sport Center Cuenca","article_modified_time":"2026-02-23T16:07:14+00:00","og_image":[{"width":2000,"height":1333,"url":"https:\/\/spartasportcenter.com\/cuenca\/wp-content\/uploads\/2024\/05\/strong-cuenca.webp","type":"image\/webp"}],"twitter_card":"summary_large_image","twitter_misc":{"Tiempo de lectura":"3 minutos"},"schema":{"@context":"https:\/\/schema.org","@graph":[{"@type":"WebPage","@id":"https:\/\/spartasportcenter.com\/cuenca\/strong-cuenca\/","url":"https:\/\/spartasportcenter.com\/cuenca\/strong-cuenca\/","name":"Strong Cuenca | Sparta Sport Center","isPartOf":{"@id":"https:\/\/spartasportcenter.com\/cuenca\/#website"},"primaryImageOfPage":{"@id":"https:\/\/spartasportcenter.com\/cuenca\/strong-cuenca\/#primaryimage"},"image":{"@id":"https:\/\/spartasportcenter.com\/cuenca\/strong-cuenca\/#primaryimage"},"thumbnailUrl":"https:\/\/spartasportcenter.com\/cuenca\/wp-content\/uploads\/2024\/05\/strong-cuenca.webp","datePublished":"2023-03-30T13:22:10+00:00","dateModified":"2026-02-23T16:07:14+00:00","description":"\u00bfEst\u00e1s buscando un gimnasio para practicar strong en Cuenca? En Sparta Sport Center podemos ayudarte. \u00a1Reserva con nosotros!","breadcrumb":{"@id":"https:\/\/spartasportcenter.com\/cuenca\/strong-cuenca\/#breadcrumb"},"inLanguage":"es","potentialAction":[{"@type":"ReadAction","target":["https:\/\/spartasportcenter.com\/cuenca\/strong-cuenca\/"]}]},{"@type":"ImageObject","inLanguage":"es","@id":"https:\/\/spartasportcenter.com\/cuenca\/strong-cuenca\/#primaryimage","url":"https:\/\/spartasportcenter.com\/cuenca\/wp-content\/uploads\/2024\/05\/strong-cuenca.webp","contentUrl":"https:\/\/spartasportcenter.com\/cuenca\/wp-content\/uploads\/2024\/05\/strong-cuenca.webp","width":2000,"height":1333,"caption":"strong cuenca"},{"@type":"BreadcrumbList","@id":"https:\/\/spartasportcenter.com\/cuenca\/strong-cuenca\/#breadcrumb","itemListElement":[{"@type":"ListItem","position":1,"name":"Portada","item":"https:\/\/spartasportcenter.com\/cuenca\/"},{"@type":"ListItem","position":2,"name":"Strong Cuenca"}]},{"@type":"WebSite","@id":"https:\/\/spartasportcenter.com\/cuenca\/#website","url":"https:\/\/spartasportcenter.com\/cuenca\/","name":"Sparta Sport Center Cuenca","description":"Gimnasios en Cuenca","potentialAction":[{"@type":"SearchAction","target":{"@type":"EntryPoint","urlTemplate":"https:\/\/spartasportcenter.com\/cuenca\/?s={search_term_string}"},"query-input":{"@type":"PropertyValueSpecification","valueRequired":true,"valueName":"search_term_string"}}],"inLanguage":"es"}]}},"_links":{"self":[{"href":"https:\/\/spartasportcenter.com\/cuenca\/wp-json\/wp\/v2\/pages\/218406","targetHints":{"allow":["GET"]}}],"collection":[{"href":"https:\/\/spartasportcenter.com\/cuenca\/wp-json\/wp\/v2\/pages"}],"about":[{"href":"https:\/\/spartasportcenter.com\/cuenca\/wp-json\/wp\/v2\/types\/page"}],"author":[{"embeddable":true,"href":"https:\/\/spartasportcenter.com\/cuenca\/wp-json\/wp\/v2\/users\/1"}],"replies":[{"embeddable":true,"href":"https:\/\/spartasportcenter.com\/cuenca\/wp-json\/wp\/v2\/comments?post=218406"}],"version-history":[{"count":6,"href":"https:\/\/spartasportcenter.com\/cuenca\/wp-json\/wp\/v2\/pages\/218406\/revisions"}],"predecessor-version":[{"id":220845,"href":"https:\/\/spartasportcenter.com\/cuenca\/wp-json\/wp\/v2\/pages\/218406\/revisions\/220845"}],"wp:featuredmedia":[{"embeddable":true,"href":"https:\/\/spartasportcenter.com\/cuenca\/wp-json\/wp\/v2\/media\/219717"}],"wp:attachment":[{"href":"https:\/\/spartasportcenter.com\/cuenca\/wp-json\/wp\/v2\/media?parent=218406"}],"curies":[{"name":"wp","href":"https:\/\/api.w.org\/{rel}","templated":true}]}}