{"id":218400,"date":"2023-03-30T15:17:20","date_gmt":"2023-03-30T13:17:20","guid":{"rendered":"https:\/\/spartasportcenter.com\/cuenca\/?page_id=218400"},"modified":"2026-02-23T17:01:34","modified_gmt":"2026-02-23T16:01:34","slug":"cross-training-cuenca","status":"publish","type":"page","link":"https:\/\/spartasportcenter.com\/cuenca\/cross-training-cuenca\/","title":{"rendered":"Cross Training Cuenca"},"content":{"rendered":"<p>[et_pb_section fb_built=\u00bb1&#8243; custom_padding_last_edited=\u00bbon|phone\u00bb disabled_on=\u00bboff|off|off\u00bb _builder_version=\u00bb4.27.4&#8243; background_color=\u00bb#000000&#8243; background_enable_image=\u00bboff\u00bb custom_margin=\u00bb||||false|false\u00bb custom_padding=\u00bb80px|0px|0px|0px|false|false\u00bb custom_padding_tablet=\u00bb\u00bb custom_padding_phone=\u00bb30px||50px||false|false\u00bb hover_enabled=\u00bb0&#8243; locked=\u00bboff\u00bb global_colors_info=\u00bb{}\u00bb sticky_enabled=\u00bb0&#8243;][et_pb_row column_structure=\u00bb1_3,2_3&#8243; custom_padding_last_edited=\u00bbon|desktop\u00bb _builder_version=\u00bb4.16&#8243; _module_preset=\u00bbdefault\u00bb custom_padding=\u00bb0px||||false|false\u00bb custom_padding_tablet=\u00bb\u00bb custom_padding_phone=\u00bb0px||||false|false\u00bb global_colors_info=\u00bb{}\u00bb][et_pb_column type=\u00bb1_3&#8243; _builder_version=\u00bb4.16&#8243; _module_preset=\u00bbdefault\u00bb global_colors_info=\u00bb{}\u00bb][et_pb_text _builder_version=\u00bb4.20.1&#8243; text_font=\u00bb||||||||\u00bb header_font=\u00bb||||||||\u00bb header_text_align=\u00bbcenter\u00bb header_2_font=\u00bb|300||on|||||\u00bb header_2_text_align=\u00bbright\u00bb header_2_font_size=\u00bb29px\u00bb custom_margin=\u00bb||0px||false|false\u00bb custom_padding=\u00bb|15%|0px||false|false\u00bb header_2_text_align_tablet=\u00bb\u00bb header_2_text_align_phone=\u00bbleft\u00bb header_2_text_align_last_edited=\u00bbon|phone\u00bb header_2_font_size_tablet=\u00bb51px\u00bb header_2_font_size_phone=\u00bb25px\u00bb header_2_font_size_last_edited=\u00bbon|phone\u00bb border_width_right=\u00bb2px\u00bb border_color_right=\u00bb#cccccc\u00bb border_width_right_tablet=\u00bb\u00bb border_width_right_phone=\u00bb0px\u00bb border_width_right_last_edited=\u00bbon|phone\u00bb locked=\u00bboff\u00bb global_colors_info=\u00bb{}\u00bb]<\/p>\n<h2>Clases de cross training en Cuenca<\/h2>\n<p>[\/et_pb_text][\/et_pb_column][et_pb_column type=\u00bb2_3&#8243; _builder_version=\u00bb4.16&#8243; _module_preset=\u00bbdefault\u00bb global_colors_info=\u00bb{}\u00bb][et_pb_text _builder_version=\u00bb4.20.1&#8243; text_font=\u00bb|300|||||||\u00bb text_text_color=\u00bb#cccccc\u00bb text_line_height=\u00bb1.1em\u00bb header_font=\u00bb|300|||||||\u00bb header_2_font=\u00bb|300||on|||||\u00bb header_2_text_color=\u00bb#cccccc\u00bb header_2_font_size=\u00bb36px\u00bb header_2_letter_spacing=\u00bb2px\u00bb background_layout=\u00bbdark\u00bb global_colors_info=\u00bb{}\u00bb]<\/p>\n<p><span style=\"font-weight: 400;\">Uno de los deportes de los que ahora todo el mundo habla es del <\/span><b>Cross Training en Cuenca<\/b><span style=\"font-weight: 400;\">, ya que se aleja mucho de lo que se tiene en mente cuando se piensa en ir a un gimnasio, puesto que aqu\u00ed lo que prima es el dinamismo y la diversi\u00f3n.<\/span><\/p>\n<p><span style=\"font-weight: 400;\">Se trata de una disciplina que combina la gimnasia, la musculaci\u00f3n y los ejercicios aer\u00f3bicos, por lo que hay una gran variedad de rutinas diferentes que se plasman en lo que se conoce como wod o rutina diaria.<\/span><\/p>\n<p><span style=\"font-weight: 400;\">Aqu\u00ed no vas a pasar una hora en una m\u00e1quina ejercitando brazo o pierna, puesto que en las clases de <\/span><b>Cross Training en Cuenca vas a saltar, pedalear, levantar pesas rusas<\/b><span style=\"font-weight: 400;\"> o incluso ejecutar alg\u00fan ejercicio en las barras paralelas y las anillas.<\/span><\/p>\n<p><span style=\"font-weight: 400;\">Con esto se consigue un deporte diferente que desarrolla tu cuerpo y que te aporta una mejora en la fuerza, pero tambi\u00e9n en la agilidad y la resistencia, todo ello sin la necesidad de salir de nuestro box, en donde vas a tener lo necesario para practicar esta disciplina que gusta a aquel que la prueba.<\/span><\/p>\n<p><span style=\"font-weight: 400;\">Por tu parte, el \u00fanico equipamiento que necesitas es ropa de deporte y unas buenas zapatillas con una amortiguaci\u00f3n adecuada a tu peso. \u00a0\u00a0\u00a0\u00a0\u00a0<\/span><\/p>\n<p>[\/et_pb_text][\/et_pb_column][\/et_pb_row][et_pb_row column_structure=\u00bb1_3,2_3&#8243; custom_padding_last_edited=\u00bbon|phone\u00bb _builder_version=\u00bb4.16&#8243; _module_preset=\u00bbdefault\u00bb custom_margin=\u00bb||0px||false|false\u00bb custom_padding=\u00bb||||false|false\u00bb custom_padding_tablet=\u00bb\u00bb custom_padding_phone=\u00bb0px||0px||false|false\u00bb global_colors_info=\u00bb{}\u00bb][et_pb_column type=\u00bb1_3&#8243; _builder_version=\u00bb4.16&#8243; _module_preset=\u00bbdefault\u00bb global_colors_info=\u00bb{}\u00bb][et_pb_text _builder_version=\u00bb4.20.1&#8243; text_font=\u00bb||||||||\u00bb header_font=\u00bb||||||||\u00bb header_text_align=\u00bbcenter\u00bb header_2_font=\u00bb|300||on|||||\u00bb header_2_text_align=\u00bbright\u00bb header_2_font_size=\u00bb29px\u00bb custom_margin=\u00bb||0px||false|false\u00bb custom_padding=\u00bb|15%|0px||false|false\u00bb header_2_text_align_tablet=\u00bb\u00bb header_2_text_align_phone=\u00bbleft\u00bb header_2_text_align_last_edited=\u00bbon|phone\u00bb header_2_font_size_tablet=\u00bb51px\u00bb header_2_font_size_phone=\u00bb25px\u00bb header_2_font_size_last_edited=\u00bbon|phone\u00bb border_width_right=\u00bb2px\u00bb border_color_right=\u00bb#cccccc\u00bb border_width_right_tablet=\u00bb\u00bb border_width_right_phone=\u00bb0px\u00bb border_width_right_last_edited=\u00bbon|phone\u00bb locked=\u00bboff\u00bb global_colors_info=\u00bb{}\u00bb]<\/p>\n<h2>Beneficios del crosstraining en Cuenca <\/h2>\n<p>[\/et_pb_text][\/et_pb_column][et_pb_column type=\u00bb2_3&#8243; _builder_version=\u00bb4.16&#8243; _module_preset=\u00bbdefault\u00bb global_colors_info=\u00bb{}\u00bb][et_pb_text _builder_version=\u00bb4.20.1&#8243; text_font=\u00bb|300|||||||\u00bb text_text_color=\u00bb#cccccc\u00bb text_line_height=\u00bb1.1em\u00bb header_font=\u00bb|300|||||||\u00bb header_2_font=\u00bb|300||on|||||\u00bb header_2_text_color=\u00bb#cccccc\u00bb header_2_font_size=\u00bb36px\u00bb header_2_letter_spacing=\u00bb2px\u00bb background_layout=\u00bbdark\u00bb global_colors_info=\u00bb{}\u00bb]<\/p>\n<p><span style=\"font-weight: 400;\">El entrenamiento de Cross Training en Cuenca te aporta una enorme cantidad de beneficios, empezando porque a pesar de que es de una alta intensidad, los movimientos no son explosivos y por eso el riesgo de lesiones es muy bajo.<\/span><\/p>\n<p><b>Siguiendo los consejos de tu entrenador vas a ganar potencia y velocidad<\/b><span style=\"font-weight: 400;\">, adem\u00e1s de equilibrio, flexibilidad y coordinaci\u00f3n, todo ello derivado de la variedad de rutinas que har\u00e1s cada vez que vengas a nuestro gimnasio.<\/span><\/p>\n<p><span style=\"font-weight: 400;\">Tu salud va a mejorar en pocas sesiones y si tienes exceso de peso alcanzar\u00e1s el ideal en un periodo de tiempo corto, ya que se queman muchas calor\u00edas y a su vez se desarrollan los m\u00fasculos, algo que es la combinaci\u00f3n perfecta, para eliminar el exceso de grasa y ganar salud.<\/span><\/p>\n<p><span style=\"font-weight: 400;\">No hay que obviar que es un deporte muy divertido, m\u00e1s cuando se hace con otras personas con las que podemos medirnos, competir, ver qui\u00e9n consigue la mejor marca, etc., todo en un buen ambiente que ayuda a que te superes d\u00eda a d\u00eda.<\/span><\/p>\n<p><b>Vas a conseguir un cuerpo funcional<\/b><span style=\"font-weight: 400;\">, de ese tipo que viene bien a la hora de correr, salir en bici o incluso jugar en deportes de equipo, puesto que no te centras en la musculaci\u00f3n dejando a un lado lo dem\u00e1s.<\/span><\/p>\n<p>[\/et_pb_text][\/et_pb_column][\/et_pb_row][\/et_pb_section][et_pb_section fb_built=\u00bb1&#8243; custom_padding_last_edited=\u00bbon|phone\u00bb _builder_version=\u00bb4.27.4&#8243; _module_preset=\u00bbdefault\u00bb background_color=\u00bb#000000&#8243; custom_padding=\u00bb0px||50px||false|false\u00bb custom_padding_tablet=\u00bb\u00bb custom_padding_phone=\u00bb||30px||false|false\u00bb hover_enabled=\u00bb0&#8243; locked=\u00bboff\u00bb global_colors_info=\u00bb{}\u00bb sticky_enabled=\u00bb0&#8243;][et_pb_row column_structure=\u00bb1_3,2_3&#8243; custom_padding_last_edited=\u00bbon|phone\u00bb _builder_version=\u00bb4.16&#8243; _module_preset=\u00bbdefault\u00bb custom_padding_tablet=\u00bb\u00bb custom_padding_phone=\u00bb0px||0px||false|false\u00bb global_colors_info=\u00bb{}\u00bb][et_pb_column type=\u00bb1_3&#8243; _builder_version=\u00bb4.16&#8243; _module_preset=\u00bbdefault\u00bb global_colors_info=\u00bb{}\u00bb][et_pb_text _builder_version=\u00bb4.20.1&#8243; text_font=\u00bb||||||||\u00bb header_font=\u00bb||||||||\u00bb header_text_align=\u00bbcenter\u00bb header_2_font=\u00bb|300||on|||||\u00bb header_2_text_align=\u00bbright\u00bb header_2_font_size=\u00bb29px\u00bb custom_margin=\u00bb||0px||false|false\u00bb custom_padding=\u00bb|15%|0px||false|false\u00bb header_2_text_align_tablet=\u00bb\u00bb header_2_text_align_phone=\u00bbleft\u00bb header_2_text_align_last_edited=\u00bbon|phone\u00bb header_2_font_size_tablet=\u00bb51px\u00bb header_2_font_size_phone=\u00bb25px\u00bb header_2_font_size_last_edited=\u00bbon|phone\u00bb border_width_right=\u00bb2px\u00bb border_color_right=\u00bb#cccccc\u00bb border_width_right_tablet=\u00bb\u00bb border_width_right_phone=\u00bb0px\u00bb border_width_right_last_edited=\u00bbon|phone\u00bb locked=\u00bboff\u00bb global_colors_info=\u00bb{}\u00bb]<\/p>\n<h2>Por qu\u00e9 cross training en Sparta Sport Center Cuenca<\/h2>\n<p>[\/et_pb_text][\/et_pb_column][et_pb_column type=\u00bb2_3&#8243; _builder_version=\u00bb4.16&#8243; _module_preset=\u00bbdefault\u00bb global_colors_info=\u00bb{}\u00bb][et_pb_text _builder_version=\u00bb4.20.1&#8243; text_font=\u00bb|300|||||||\u00bb text_text_color=\u00bb#cccccc\u00bb text_line_height=\u00bb1.1em\u00bb header_font=\u00bb|300|||||||\u00bb header_2_font=\u00bb|300||on|||||\u00bb header_2_text_color=\u00bb#cccccc\u00bb header_2_font_size=\u00bb36px\u00bb header_2_letter_spacing=\u00bb2px\u00bb background_layout=\u00bbdark\u00bb global_colors_info=\u00bb{}\u00bb]<\/p>\n<p><b>Nuestro\u00a0centro de Crosstraining en Cuenca<\/b><span style=\"font-weight: 400;\"> est\u00e1 cerca de tu casa, en Cuenca puedes venir incluso dando un paseo, y en \u00e9l hemos preparado un buen box con el fin de que no te falte de nada y te ejercites siempre que quieras.<\/span><\/p>\n<p><span style=\"font-weight: 400;\">Tendr\u00e1s disponibles a nuestros monitores para ayudarte en todo lo que necesites, plantearte nuevos retos y te ense\u00f1ar\u00e1n c\u00f3mo se hacen los diferentes movimientos, lo que te vendr\u00e1 muy bien cuanto est\u00e9s empezando.<\/span><\/p>\n<p>[\/et_pb_text][\/et_pb_column][\/et_pb_row][\/et_pb_section]<\/p>\n","protected":false},"excerpt":{"rendered":"<p>Clases de cross training en CuencaUno de los deportes de los que ahora todo el mundo habla es del Cross Training en Cuenca, ya que se aleja mucho de lo que se tiene en mente cuando se piensa en ir a un gimnasio, puesto que aqu\u00ed lo que prima es el dinamismo y la diversi\u00f3n. [&hellip;]<\/p>\n","protected":false},"author":1,"featured_media":219713,"parent":0,"menu_order":0,"comment_status":"closed","ping_status":"closed","template":"","meta":{"_et_pb_use_builder":"on","_et_pb_old_content":"","_et_gb_content_width":"","footnotes":""},"class_list":["post-218400","page","type-page","status-publish","has-post-thumbnail","hentry"],"yoast_head":"<!-- This site is optimized with the Yoast SEO plugin v27.4 - https:\/\/yoast.com\/product\/yoast-seo-wordpress\/ -->\n<title>Cross Training Cuenca | Sparta Sport Center<\/title>\n<meta name=\"description\" content=\"\u00bfEst\u00e1s buscando un gimnasio para practicar cross training en Cuenca? En Sparta Sport Center podemos ayudarte. \u00a1Reserva con nosotros!\" \/>\n<meta name=\"robots\" content=\"index, follow, max-snippet:-1, max-image-preview:large, max-video-preview:-1\" \/>\n<link rel=\"canonical\" href=\"https:\/\/spartasportcenter.com\/cuenca\/cross-training-cuenca\/\" \/>\n<meta property=\"og:locale\" content=\"es_ES\" \/>\n<meta property=\"og:type\" content=\"article\" \/>\n<meta property=\"og:title\" content=\"Cross Training Cuenca | Sparta Sport Center\" \/>\n<meta property=\"og:description\" content=\"\u00bfEst\u00e1s buscando un gimnasio para practicar cross training en Cuenca? En Sparta Sport Center podemos ayudarte. \u00a1Reserva con nosotros!\" \/>\n<meta property=\"og:url\" content=\"https:\/\/spartasportcenter.com\/cuenca\/cross-training-cuenca\/\" \/>\n<meta property=\"og:site_name\" content=\"Sparta Sport Center Cuenca\" \/>\n<meta property=\"article:modified_time\" content=\"2026-02-23T16:01:34+00:00\" \/>\n<meta property=\"og:image\" content=\"https:\/\/spartasportcenter.com\/cuenca\/wp-content\/uploads\/2024\/05\/cross-training-cuenca.webp\" \/>\n\t<meta property=\"og:image:width\" content=\"2000\" \/>\n\t<meta property=\"og:image:height\" content=\"1333\" \/>\n\t<meta property=\"og:image:type\" content=\"image\/webp\" \/>\n<meta name=\"twitter:card\" content=\"summary_large_image\" \/>\n<meta name=\"twitter:label1\" content=\"Tiempo de lectura\" \/>\n\t<meta name=\"twitter:data1\" content=\"3 minutos\" \/>\n<script type=\"application\/ld+json\" class=\"yoast-schema-graph\">{\"@context\":\"https:\\\/\\\/schema.org\",\"@graph\":[{\"@type\":\"WebPage\",\"@id\":\"https:\\\/\\\/spartasportcenter.com\\\/cuenca\\\/cross-training-cuenca\\\/\",\"url\":\"https:\\\/\\\/spartasportcenter.com\\\/cuenca\\\/cross-training-cuenca\\\/\",\"name\":\"Cross Training Cuenca | Sparta Sport Center\",\"isPartOf\":{\"@id\":\"https:\\\/\\\/spartasportcenter.com\\\/cuenca\\\/#website\"},\"primaryImageOfPage\":{\"@id\":\"https:\\\/\\\/spartasportcenter.com\\\/cuenca\\\/cross-training-cuenca\\\/#primaryimage\"},\"image\":{\"@id\":\"https:\\\/\\\/spartasportcenter.com\\\/cuenca\\\/cross-training-cuenca\\\/#primaryimage\"},\"thumbnailUrl\":\"https:\\\/\\\/spartasportcenter.com\\\/cuenca\\\/wp-content\\\/uploads\\\/2024\\\/05\\\/cross-training-cuenca.webp\",\"datePublished\":\"2023-03-30T13:17:20+00:00\",\"dateModified\":\"2026-02-23T16:01:34+00:00\",\"description\":\"\u00bfEst\u00e1s buscando un gimnasio para practicar cross training en Cuenca? En Sparta Sport Center podemos ayudarte. \u00a1Reserva con nosotros!\",\"breadcrumb\":{\"@id\":\"https:\\\/\\\/spartasportcenter.com\\\/cuenca\\\/cross-training-cuenca\\\/#breadcrumb\"},\"inLanguage\":\"es\",\"potentialAction\":[{\"@type\":\"ReadAction\",\"target\":[\"https:\\\/\\\/spartasportcenter.com\\\/cuenca\\\/cross-training-cuenca\\\/\"]}]},{\"@type\":\"ImageObject\",\"inLanguage\":\"es\",\"@id\":\"https:\\\/\\\/spartasportcenter.com\\\/cuenca\\\/cross-training-cuenca\\\/#primaryimage\",\"url\":\"https:\\\/\\\/spartasportcenter.com\\\/cuenca\\\/wp-content\\\/uploads\\\/2024\\\/05\\\/cross-training-cuenca.webp\",\"contentUrl\":\"https:\\\/\\\/spartasportcenter.com\\\/cuenca\\\/wp-content\\\/uploads\\\/2024\\\/05\\\/cross-training-cuenca.webp\",\"width\":2000,\"height\":1333,\"caption\":\"cross training cuenca\"},{\"@type\":\"BreadcrumbList\",\"@id\":\"https:\\\/\\\/spartasportcenter.com\\\/cuenca\\\/cross-training-cuenca\\\/#breadcrumb\",\"itemListElement\":[{\"@type\":\"ListItem\",\"position\":1,\"name\":\"Portada\",\"item\":\"https:\\\/\\\/spartasportcenter.com\\\/cuenca\\\/\"},{\"@type\":\"ListItem\",\"position\":2,\"name\":\"Cross Training Cuenca\"}]},{\"@type\":\"WebSite\",\"@id\":\"https:\\\/\\\/spartasportcenter.com\\\/cuenca\\\/#website\",\"url\":\"https:\\\/\\\/spartasportcenter.com\\\/cuenca\\\/\",\"name\":\"Sparta Sport Center Cuenca\",\"description\":\"Gimnasios en Cuenca\",\"potentialAction\":[{\"@type\":\"SearchAction\",\"target\":{\"@type\":\"EntryPoint\",\"urlTemplate\":\"https:\\\/\\\/spartasportcenter.com\\\/cuenca\\\/?s={search_term_string}\"},\"query-input\":{\"@type\":\"PropertyValueSpecification\",\"valueRequired\":true,\"valueName\":\"search_term_string\"}}],\"inLanguage\":\"es\"}]}<\/script>\n<!-- \/ Yoast SEO plugin. -->","yoast_head_json":{"title":"Cross Training Cuenca | Sparta Sport Center","description":"\u00bfEst\u00e1s buscando un gimnasio para practicar cross training en Cuenca? En Sparta Sport Center podemos ayudarte. \u00a1Reserva con nosotros!","robots":{"index":"index","follow":"follow","max-snippet":"max-snippet:-1","max-image-preview":"max-image-preview:large","max-video-preview":"max-video-preview:-1"},"canonical":"https:\/\/spartasportcenter.com\/cuenca\/cross-training-cuenca\/","og_locale":"es_ES","og_type":"article","og_title":"Cross Training Cuenca | Sparta Sport Center","og_description":"\u00bfEst\u00e1s buscando un gimnasio para practicar cross training en Cuenca? En Sparta Sport Center podemos ayudarte. \u00a1Reserva con nosotros!","og_url":"https:\/\/spartasportcenter.com\/cuenca\/cross-training-cuenca\/","og_site_name":"Sparta Sport Center Cuenca","article_modified_time":"2026-02-23T16:01:34+00:00","og_image":[{"width":2000,"height":1333,"url":"https:\/\/spartasportcenter.com\/cuenca\/wp-content\/uploads\/2024\/05\/cross-training-cuenca.webp","type":"image\/webp"}],"twitter_card":"summary_large_image","twitter_misc":{"Tiempo de lectura":"3 minutos"},"schema":{"@context":"https:\/\/schema.org","@graph":[{"@type":"WebPage","@id":"https:\/\/spartasportcenter.com\/cuenca\/cross-training-cuenca\/","url":"https:\/\/spartasportcenter.com\/cuenca\/cross-training-cuenca\/","name":"Cross Training Cuenca | Sparta Sport Center","isPartOf":{"@id":"https:\/\/spartasportcenter.com\/cuenca\/#website"},"primaryImageOfPage":{"@id":"https:\/\/spartasportcenter.com\/cuenca\/cross-training-cuenca\/#primaryimage"},"image":{"@id":"https:\/\/spartasportcenter.com\/cuenca\/cross-training-cuenca\/#primaryimage"},"thumbnailUrl":"https:\/\/spartasportcenter.com\/cuenca\/wp-content\/uploads\/2024\/05\/cross-training-cuenca.webp","datePublished":"2023-03-30T13:17:20+00:00","dateModified":"2026-02-23T16:01:34+00:00","description":"\u00bfEst\u00e1s buscando un gimnasio para practicar cross training en Cuenca? En Sparta Sport Center podemos ayudarte. \u00a1Reserva con nosotros!","breadcrumb":{"@id":"https:\/\/spartasportcenter.com\/cuenca\/cross-training-cuenca\/#breadcrumb"},"inLanguage":"es","potentialAction":[{"@type":"ReadAction","target":["https:\/\/spartasportcenter.com\/cuenca\/cross-training-cuenca\/"]}]},{"@type":"ImageObject","inLanguage":"es","@id":"https:\/\/spartasportcenter.com\/cuenca\/cross-training-cuenca\/#primaryimage","url":"https:\/\/spartasportcenter.com\/cuenca\/wp-content\/uploads\/2024\/05\/cross-training-cuenca.webp","contentUrl":"https:\/\/spartasportcenter.com\/cuenca\/wp-content\/uploads\/2024\/05\/cross-training-cuenca.webp","width":2000,"height":1333,"caption":"cross training cuenca"},{"@type":"BreadcrumbList","@id":"https:\/\/spartasportcenter.com\/cuenca\/cross-training-cuenca\/#breadcrumb","itemListElement":[{"@type":"ListItem","position":1,"name":"Portada","item":"https:\/\/spartasportcenter.com\/cuenca\/"},{"@type":"ListItem","position":2,"name":"Cross Training Cuenca"}]},{"@type":"WebSite","@id":"https:\/\/spartasportcenter.com\/cuenca\/#website","url":"https:\/\/spartasportcenter.com\/cuenca\/","name":"Sparta Sport Center Cuenca","description":"Gimnasios en Cuenca","potentialAction":[{"@type":"SearchAction","target":{"@type":"EntryPoint","urlTemplate":"https:\/\/spartasportcenter.com\/cuenca\/?s={search_term_string}"},"query-input":{"@type":"PropertyValueSpecification","valueRequired":true,"valueName":"search_term_string"}}],"inLanguage":"es"}]}},"_links":{"self":[{"href":"https:\/\/spartasportcenter.com\/cuenca\/wp-json\/wp\/v2\/pages\/218400","targetHints":{"allow":["GET"]}}],"collection":[{"href":"https:\/\/spartasportcenter.com\/cuenca\/wp-json\/wp\/v2\/pages"}],"about":[{"href":"https:\/\/spartasportcenter.com\/cuenca\/wp-json\/wp\/v2\/types\/page"}],"author":[{"embeddable":true,"href":"https:\/\/spartasportcenter.com\/cuenca\/wp-json\/wp\/v2\/users\/1"}],"replies":[{"embeddable":true,"href":"https:\/\/spartasportcenter.com\/cuenca\/wp-json\/wp\/v2\/comments?post=218400"}],"version-history":[{"count":5,"href":"https:\/\/spartasportcenter.com\/cuenca\/wp-json\/wp\/v2\/pages\/218400\/revisions"}],"predecessor-version":[{"id":220832,"href":"https:\/\/spartasportcenter.com\/cuenca\/wp-json\/wp\/v2\/pages\/218400\/revisions\/220832"}],"wp:featuredmedia":[{"embeddable":true,"href":"https:\/\/spartasportcenter.com\/cuenca\/wp-json\/wp\/v2\/media\/219713"}],"wp:attachment":[{"href":"https:\/\/spartasportcenter.com\/cuenca\/wp-json\/wp\/v2\/media?parent=218400"}],"curies":[{"name":"wp","href":"https:\/\/api.w.org\/{rel}","templated":true}]}}