{"id":209780,"date":"2019-01-29T15:41:35","date_gmt":"2019-01-29T14:41:35","guid":{"rendered":"https:\/\/spartasportcenter.com\/pamplona\/?page_id=209780"},"modified":"2026-02-23T17:04:55","modified_gmt":"2026-02-23T16:04:55","slug":"nutricionista-cuenca","status":"publish","type":"page","link":"https:\/\/spartasportcenter.com\/cuenca\/nutricionista-cuenca\/","title":{"rendered":"Nutricionista Cuenca"},"content":{"rendered":"<p>[et_pb_section fb_built=\u00bb1&#8243; custom_padding_last_edited=\u00bbon|phone\u00bb disabled_on=\u00bboff|off|off\u00bb _builder_version=\u00bb4.27.4&#8243; background_color=\u00bb#000000&#8243; background_enable_image=\u00bboff\u00bb custom_margin=\u00bb||||false|false\u00bb custom_padding=\u00bb80px|0px|0px|0px|false|false\u00bb custom_padding_tablet=\u00bb\u00bb custom_padding_phone=\u00bb30px||50px||false|false\u00bb hover_enabled=\u00bb0&#8243; global_colors_info=\u00bb{}\u00bb sticky_enabled=\u00bb0&#8243;][et_pb_row column_structure=\u00bb1_3,2_3&#8243; custom_padding_last_edited=\u00bbon|desktop\u00bb _builder_version=\u00bb4.16&#8243; _module_preset=\u00bbdefault\u00bb custom_padding=\u00bb0px||||false|false\u00bb custom_padding_tablet=\u00bb\u00bb custom_padding_phone=\u00bb0px||||false|false\u00bb global_colors_info=\u00bb{}\u00bb][et_pb_column type=\u00bb1_3&#8243; _builder_version=\u00bb4.16&#8243; _module_preset=\u00bbdefault\u00bb global_colors_info=\u00bb{}\u00bb][et_pb_text _builder_version=\u00bb4.27.4&#8243; text_font=\u00bb||||||||\u00bb header_font=\u00bb||||||||\u00bb header_text_align=\u00bbcenter\u00bb header_2_font=\u00bb|300||on|||||\u00bb header_2_text_align=\u00bbright\u00bb header_2_font_size=\u00bb29px\u00bb custom_margin=\u00bb||0px||false|false\u00bb custom_padding=\u00bb|15%|0px||false|false\u00bb header_2_text_align_tablet=\u00bb\u00bb header_2_text_align_phone=\u00bbleft\u00bb header_2_text_align_last_edited=\u00bbon|phone\u00bb header_2_font_size_tablet=\u00bb51px\u00bb header_2_font_size_phone=\u00bb25px\u00bb header_2_font_size_last_edited=\u00bbon|phone\u00bb border_width_right=\u00bb2px\u00bb border_color_right=\u00bb#cccccc\u00bb border_width_right_tablet=\u00bb\u00bb border_width_right_phone=\u00bb0px\u00bb border_width_right_last_edited=\u00bbon|phone\u00bb locked=\u00bboff\u00bb global_colors_info=\u00bb{}\u00bb]<\/p>\n<h2>Nutricionista en Cuenca<\/h2>\n<p>[\/et_pb_text][\/et_pb_column][et_pb_column type=\u00bb2_3&#8243; _builder_version=\u00bb4.16&#8243; _module_preset=\u00bbdefault\u00bb global_colors_info=\u00bb{}\u00bb][et_pb_text _builder_version=\u00bb4.16&#8243; text_font=\u00bb|300|||||||\u00bb text_text_color=\u00bb#cccccc\u00bb text_line_height=\u00bb1.1em\u00bb header_font=\u00bb|300|||||||\u00bb header_2_font=\u00bb|300||on|||||\u00bb header_2_text_color=\u00bb#cccccc\u00bb header_2_font_size=\u00bb36px\u00bb header_2_letter_spacing=\u00bb2px\u00bb background_layout=\u00bbdark\u00bb global_colors_info=\u00bb{}\u00bb]Si quieres mejorar tus h\u00e1bitos alimenticios, la mejor forma que tenemos para apoyarte en Sparta Sport Center es con la presencia de profesionales en diet\u00e9tica. Es por esto que contamos con <b>nutricionistas en Cuenca<\/b>, puesto que podemos brindarte un servicio personalizado y orientado a tus objetivos personales. La atenci\u00f3n constante de nuestros especialistas te brindar\u00e1 todas las herramientas necesarias para alcanzar un \u00f3ptimo desarrollo.<\/p>\n<p>El primer paso ser\u00e1 realizar una evaluaci\u00f3n de tu estado de salud, lo que permitir\u00e1 establecer los objetivos iniciales que necesitas para tu desarrollo. Una vez realizado este proceso, el nutricionista te acompa\u00f1ar\u00e1 a lo largo de tu evoluci\u00f3n, para asegurar tu salud y bienestar. Por supuesto puedes consultar cualquier duda que tengas acerca de temas relacionados con la salud y alimentaci\u00f3n, estaremos encantados de ayudarte.\u00a0<\/p>\n<p><b>En Cuenca los nutricionistas <\/b>te impulsar\u00e1n a lograr un estilo de vida saludable, esto te llenar\u00e1 de vitalidad y energ\u00eda. Despu\u00e9s de la observaci\u00f3n inicial, el nutricionista podr\u00e1 establecer un plan de alimentaci\u00f3n que se adapte a las necesidades de tu cuerpo. Esto permitir\u00e1 que alcances todos tus objetivos de forma segura y sana, en una experiencia acorde a tus expectativas.[\/et_pb_text][\/et_pb_column][\/et_pb_row][et_pb_row column_structure=\u00bb1_3,2_3&#8243; custom_padding_last_edited=\u00bbon|phone\u00bb _builder_version=\u00bb4.16&#8243; _module_preset=\u00bbdefault\u00bb custom_margin=\u00bb||0px||false|false\u00bb custom_padding=\u00bb||||false|false\u00bb custom_padding_tablet=\u00bb\u00bb custom_padding_phone=\u00bb0px||0px||false|false\u00bb global_colors_info=\u00bb{}\u00bb][et_pb_column type=\u00bb1_3&#8243; _builder_version=\u00bb4.16&#8243; _module_preset=\u00bbdefault\u00bb global_colors_info=\u00bb{}\u00bb][et_pb_text _builder_version=\u00bb4.27.4&#8243; text_font=\u00bb||||||||\u00bb header_font=\u00bb||||||||\u00bb header_text_align=\u00bbcenter\u00bb header_2_font=\u00bb|300||on|||||\u00bb header_2_text_align=\u00bbright\u00bb header_2_font_size=\u00bb29px\u00bb custom_margin=\u00bb||0px||false|false\u00bb custom_padding=\u00bb|15%|0px||false|false\u00bb header_2_text_align_tablet=\u00bb\u00bb header_2_text_align_phone=\u00bbleft\u00bb header_2_text_align_last_edited=\u00bbon|phone\u00bb header_2_font_size_tablet=\u00bb51px\u00bb header_2_font_size_phone=\u00bb25px\u00bb header_2_font_size_last_edited=\u00bbon|phone\u00bb border_width_right=\u00bb2px\u00bb border_color_right=\u00bb#cccccc\u00bb border_width_right_tablet=\u00bb\u00bb border_width_right_phone=\u00bb0px\u00bb border_width_right_last_edited=\u00bbon|phone\u00bb locked=\u00bboff\u00bb global_colors_info=\u00bb{}\u00bb]<\/p>\n<h2>Planes personalizados de nutrici\u00f3n en Cuenca<\/h2>\n<p>[\/et_pb_text][\/et_pb_column][et_pb_column type=\u00bb2_3&#8243; _builder_version=\u00bb4.16&#8243; _module_preset=\u00bbdefault\u00bb global_colors_info=\u00bb{}\u00bb][et_pb_text _builder_version=\u00bb4.16&#8243; text_font=\u00bb|300|||||||\u00bb text_text_color=\u00bb#cccccc\u00bb text_line_height=\u00bb1.1em\u00bb header_font=\u00bb|300|||||||\u00bb header_2_font=\u00bb|300||on|||||\u00bb header_2_text_color=\u00bb#cccccc\u00bb header_2_font_size=\u00bb36px\u00bb header_2_letter_spacing=\u00bb2px\u00bb background_layout=\u00bbdark\u00bb global_colors_info=\u00bb{}\u00bb]Los <b>planes de nutrici\u00f3n<\/b> est\u00e1n evaluados acorde al metabolismo \u00fanico de cada usuario. Es decir, dependiendo de tu cuerpo y de la necesidad que tengas, se confeccionar\u00e1 una gu\u00eda adecuada de alimentaci\u00f3n que se adapte a tu organismo. Esto ayudar\u00e1 a que logres las metas que tanto has deseado poder cumplir, sin p\u00e9rdidas de tiempo y de forma saludable.\u00a0<\/p>\n<p>Una vez establecido los objetivos y un <b>plan individualizado<\/b>, nuestros dietistas profesionales proceder\u00e1n a supervisar y registrar con detalle los resultados obtenidos. Gracias a esto se podr\u00e1n realizar modificaciones a tu plan de nutrici\u00f3n, seg\u00fan lo vaya exigiendo tu cuerpo, sea desde subir o bajar de peso.\u00a0<\/p>\n<p>Con los <b>planes de nutrici\u00f3n en Cuenca<\/b> que ofrecemos en Sparta Sport Center conseguir\u00e1s m\u00faltiples beneficios que mejorar\u00e1n significativamente tu calidad de vida, como mayor vitalidad y energ\u00eda al momento de realizar tus actividades diarias, esto permitir\u00e1 que transformes los aspectos m\u00e1s relevantes de t\u00fa h\u00e1bitos cotidianos.[\/et_pb_text][\/et_pb_column][\/et_pb_row][\/et_pb_section][et_pb_section fb_built=\u00bb1&#8243; custom_padding_last_edited=\u00bbon|phone\u00bb _builder_version=\u00bb4.27.4&#8243; _module_preset=\u00bbdefault\u00bb background_color=\u00bb#000000&#8243; custom_padding=\u00bb0px||50px||false|false\u00bb custom_padding_tablet=\u00bb\u00bb custom_padding_phone=\u00bb||30px||false|false\u00bb hover_enabled=\u00bb0&#8243; global_colors_info=\u00bb{}\u00bb sticky_enabled=\u00bb0&#8243;][et_pb_row column_structure=\u00bb1_3,2_3&#8243; custom_padding_last_edited=\u00bbon|phone\u00bb _builder_version=\u00bb4.16&#8243; _module_preset=\u00bbdefault\u00bb custom_padding_tablet=\u00bb\u00bb custom_padding_phone=\u00bb0px||0px||false|false\u00bb global_colors_info=\u00bb{}\u00bb][et_pb_column type=\u00bb1_3&#8243; _builder_version=\u00bb4.16&#8243; _module_preset=\u00bbdefault\u00bb global_colors_info=\u00bb{}\u00bb][et_pb_text _builder_version=\u00bb4.16&#8243; text_font=\u00bb||||||||\u00bb header_font=\u00bb||||||||\u00bb header_text_align=\u00bbcenter\u00bb header_2_font=\u00bb|300||on|||||\u00bb header_2_text_align=\u00bbright\u00bb header_2_font_size=\u00bb29px\u00bb custom_margin=\u00bb||0px||false|false\u00bb custom_padding=\u00bb|15%|0px||false|false\u00bb header_2_text_align_tablet=\u00bb\u00bb header_2_text_align_phone=\u00bbleft\u00bb header_2_text_align_last_edited=\u00bbon|phone\u00bb header_2_font_size_tablet=\u00bb51px\u00bb header_2_font_size_phone=\u00bb25px\u00bb header_2_font_size_last_edited=\u00bbon|phone\u00bb border_width_right=\u00bb2px\u00bb border_color_right=\u00bb#cccccc\u00bb border_width_right_tablet=\u00bb\u00bb border_width_right_phone=\u00bb0px\u00bb border_width_right_last_edited=\u00bbon|phone\u00bb locked=\u00bboff\u00bb global_colors_info=\u00bb{}\u00bb]<\/p>\n<h2>Los mejores nutricionistas en Cuenca<\/h2>\n<p>[\/et_pb_text][\/et_pb_column][et_pb_column type=\u00bb2_3&#8243; _builder_version=\u00bb4.16&#8243; _module_preset=\u00bbdefault\u00bb global_colors_info=\u00bb{}\u00bb][et_pb_text _builder_version=\u00bb4.16&#8243; text_font=\u00bb|300|||||||\u00bb text_text_color=\u00bb#cccccc\u00bb text_line_height=\u00bb1.1em\u00bb header_font=\u00bb|300|||||||\u00bb header_2_font=\u00bb|300||on|||||\u00bb header_2_text_color=\u00bb#cccccc\u00bb header_2_font_size=\u00bb36px\u00bb header_2_letter_spacing=\u00bb2px\u00bb background_layout=\u00bbdark\u00bb global_colors_info=\u00bb{}\u00bb]Preparados en temas de salud y diet\u00e9tica, adem\u00e1s de contar con largas trayectorias, nuestros <b>nutricionistas en Cuenca <\/b>son el mejor personal calificado para el asesoramiento alimenticio. Gracias a sus conocimientos logran determinar con precisi\u00f3n cu\u00e1les son las necesidades de tu cuerpo y el camino que debes seguir para desarrollarte de la mejor forma posible.\u00a0<\/p>\n<p>La salud es lo m\u00e1s importante que tenemos, por ello, no podemos ponerla en manos de cualquiera, los profesionales en Cuenca trabajan de forma disciplinada. Tu bienestar es lo primero, es por este motivo que en <a href=\"https:\/\/spartasportcenter.com\/cuenca\/\"><b>Sparta Sport Center Cuenca<\/b><\/a> encontrar\u00e1s todas las herramientas que mereces con seguridad y confianza, para lograr de forma saludable, todos los objetivos que te has propuesto en mente.\u00a0<\/p>\n<p>Con la gu\u00eda y motivaci\u00f3n de los mejores especialistas, te ayudar\u00e1 a conseguir tu mejor figura, en este camino de alimentaci\u00f3n saludable. Ya que esto contribuye en el funcionamiento y progreso \u00f3ptimo de tu cuerpo para generar habilidades y funciones motoras con excelencia. \u00a1No esperes m\u00e1s! Ven y descubre todos los beneficios de ser asesorado por un <b>nutricionista profesional<\/b> en Cuenca.[\/et_pb_text][\/et_pb_column][\/et_pb_row][et_pb_row _builder_version=\u00bb4.16&#8243; custom_margin=\u00bb||5%||false|false\u00bb custom_padding=\u00bb||0px||false|false\u00bb locked=\u00bboff\u00bb global_colors_info=\u00bb{}\u00bb][et_pb_column type=\u00bb4_4&#8243; _builder_version=\u00bb4.16&#8243; global_colors_info=\u00bb{}\u00bb][et_pb_button button_url=\u00bbhttps:\/\/spartasportcenter.com\/cuenca\/wp-content\/uploads\/2021\/09\/nutricionista-en-cuenca-scaled.jpeg\u00bb button_text=\u00bbDESCARGAR PDF INFORMATIVO\u00bb button_alignment=\u00bbcenter\u00bb _builder_version=\u00bb4.16&#8243; custom_button=\u00bbon\u00bb button_text_color=\u00bb#cccccc\u00bb button_border_width=\u00bb1px\u00bb button_border_color=\u00bb#cccccc\u00bb button_border_radius=\u00bb0px\u00bb button_letter_spacing=\u00bb1px\u00bb button_font=\u00bb|300||on|||||\u00bb button_use_icon=\u00bboff\u00bb custom_margin=\u00bb0%|||\u00bb custom_padding=\u00bb|||\u00bb button_text_size_tablet=\u00bb\u00bb button_text_size_phone=\u00bb16px\u00bb button_text_size_last_edited=\u00bbon|phone\u00bb button_border_radius_hover=\u00bb0px\u00bb button_letter_spacing_hover=\u00bb3px\u00bb global_colors_info=\u00bb{}\u00bb button_text_size__hover_enabled=\u00bboff\u00bb button_text_size__hover=\u00bbnull\u00bb button_one_text_size__hover_enabled=\u00bboff\u00bb button_one_text_size__hover=\u00bbnull\u00bb button_two_text_size__hover_enabled=\u00bboff\u00bb button_two_text_size__hover=\u00bbnull\u00bb button_text_color__hover_enabled=\u00bbon|hover\u00bb button_text_color__hover=\u00bb#ffffff\u00bb button_one_text_color__hover_enabled=\u00bboff\u00bb button_one_text_color__hover=\u00bbnull\u00bb button_two_text_color__hover_enabled=\u00bboff\u00bb button_two_text_color__hover=\u00bbnull\u00bb button_border_width__hover_enabled=\u00bboff\u00bb button_border_width__hover=\u00bbnull\u00bb button_one_border_width__hover_enabled=\u00bboff\u00bb button_one_border_width__hover=\u00bbnull\u00bb button_two_border_width__hover_enabled=\u00bboff\u00bb button_two_border_width__hover=\u00bbnull\u00bb button_border_color__hover_enabled=\u00bboff\u00bb button_border_color__hover=\u00bbnull\u00bb button_one_border_color__hover_enabled=\u00bboff\u00bb button_one_border_color__hover=\u00bbnull\u00bb button_two_border_color__hover_enabled=\u00bboff\u00bb button_two_border_color__hover=\u00bbnull\u00bb button_border_radius__hover_enabled=\u00bboff|hover\u00bb button_border_radius__hover=\u00bb0px\u00bb button_one_border_radius__hover_enabled=\u00bboff\u00bb button_one_border_radius__hover=\u00bbnull\u00bb button_two_border_radius__hover_enabled=\u00bboff\u00bb button_two_border_radius__hover=\u00bbnull\u00bb button_letter_spacing__hover_enabled=\u00bboff|hover\u00bb button_letter_spacing__hover=\u00bb3px\u00bb button_one_letter_spacing__hover_enabled=\u00bboff\u00bb button_one_letter_spacing__hover=\u00bbnull\u00bb button_two_letter_spacing__hover_enabled=\u00bboff\u00bb button_two_letter_spacing__hover=\u00bbnull\u00bb button_bg_color__hover_enabled=\u00bboff\u00bb button_bg_color__hover=\u00bbnull\u00bb button_one_bg_color__hover_enabled=\u00bboff\u00bb button_one_bg_color__hover=\u00bbnull\u00bb button_two_bg_color__hover_enabled=\u00bboff\u00bb button_two_bg_color__hover=\u00bbnull\u00bb][\/et_pb_button][\/et_pb_column][\/et_pb_row][\/et_pb_section]<\/p>\n","protected":false},"excerpt":{"rendered":"<p>Nutricionista en CuencaSi quieres mejorar tus h\u00e1bitos alimenticios, la mejor forma que tenemos para apoyarte en Sparta Sport Center es con la presencia de profesionales en diet\u00e9tica. Es por esto que contamos con nutricionistas en Cuenca, puesto que podemos brindarte un servicio personalizado y orientado a tus objetivos personales. La atenci\u00f3n constante de nuestros especialistas [&hellip;]<\/p>\n","protected":false},"author":1,"featured_media":219576,"parent":0,"menu_order":0,"comment_status":"closed","ping_status":"closed","template":"","meta":{"_et_pb_use_builder":"on","_et_pb_old_content":"","_et_gb_content_width":"","footnotes":""},"class_list":["post-209780","page","type-page","status-publish","has-post-thumbnail","hentry"],"yoast_head":"<!-- This site is optimized with the Yoast SEO plugin v27.4 - https:\/\/yoast.com\/product\/yoast-seo-wordpress\/ -->\n<title>Nutricionista en Cuenca | Sparta Sport Cuenca<\/title>\n<meta name=\"description\" content=\"Controla tu alimentaci\u00f3n con nuestro ASESORAMIENTO NUTRICIONAL en Cuenca. Alim\u00e9ntate adecuadamente y empieza a conseguir resultados.\" \/>\n<meta name=\"robots\" content=\"index, follow, max-snippet:-1, max-image-preview:large, max-video-preview:-1\" \/>\n<link rel=\"canonical\" href=\"https:\/\/spartasportcenter.com\/cuenca\/nutricionista-cuenca\/\" \/>\n<meta property=\"og:locale\" content=\"es_ES\" \/>\n<meta property=\"og:type\" content=\"article\" \/>\n<meta property=\"og:title\" content=\"Nutricionista en Cuenca | Sparta Sport Cuenca\" \/>\n<meta property=\"og:description\" content=\"Controla tu alimentaci\u00f3n con nuestro ASESORAMIENTO NUTRICIONAL en Cuenca. Alim\u00e9ntate adecuadamente y empieza a conseguir resultados.\" \/>\n<meta property=\"og:url\" content=\"https:\/\/spartasportcenter.com\/cuenca\/nutricionista-cuenca\/\" \/>\n<meta property=\"og:site_name\" content=\"Sparta Sport Center Cuenca\" \/>\n<meta property=\"article:modified_time\" content=\"2026-02-23T16:04:55+00:00\" \/>\n<meta property=\"og:image\" content=\"https:\/\/spartasportcenter.com\/cuenca\/wp-content\/uploads\/2024\/03\/nutricionista-cabecera.jpg\" \/>\n\t<meta property=\"og:image:width\" content=\"2000\" \/>\n\t<meta property=\"og:image:height\" content=\"1333\" \/>\n\t<meta property=\"og:image:type\" content=\"image\/jpeg\" \/>\n<meta name=\"twitter:card\" content=\"summary_large_image\" \/>\n<meta name=\"twitter:label1\" content=\"Tiempo de lectura\" \/>\n\t<meta name=\"twitter:data1\" content=\"3 minutos\" \/>\n<script type=\"application\/ld+json\" class=\"yoast-schema-graph\">{\"@context\":\"https:\\\/\\\/schema.org\",\"@graph\":[{\"@type\":\"WebPage\",\"@id\":\"https:\\\/\\\/spartasportcenter.com\\\/cuenca\\\/nutricionista-cuenca\\\/\",\"url\":\"https:\\\/\\\/spartasportcenter.com\\\/cuenca\\\/nutricionista-cuenca\\\/\",\"name\":\"Nutricionista en Cuenca | Sparta Sport Cuenca\",\"isPartOf\":{\"@id\":\"https:\\\/\\\/spartasportcenter.com\\\/cuenca\\\/#website\"},\"primaryImageOfPage\":{\"@id\":\"https:\\\/\\\/spartasportcenter.com\\\/cuenca\\\/nutricionista-cuenca\\\/#primaryimage\"},\"image\":{\"@id\":\"https:\\\/\\\/spartasportcenter.com\\\/cuenca\\\/nutricionista-cuenca\\\/#primaryimage\"},\"thumbnailUrl\":\"https:\\\/\\\/spartasportcenter.com\\\/cuenca\\\/wp-content\\\/uploads\\\/2024\\\/03\\\/nutricionista-cabecera.jpg\",\"datePublished\":\"2019-01-29T14:41:35+00:00\",\"dateModified\":\"2026-02-23T16:04:55+00:00\",\"description\":\"Controla tu alimentaci\u00f3n con nuestro ASESORAMIENTO NUTRICIONAL en Cuenca. Alim\u00e9ntate adecuadamente y empieza a conseguir resultados.\",\"breadcrumb\":{\"@id\":\"https:\\\/\\\/spartasportcenter.com\\\/cuenca\\\/nutricionista-cuenca\\\/#breadcrumb\"},\"inLanguage\":\"es\",\"potentialAction\":[{\"@type\":\"ReadAction\",\"target\":[\"https:\\\/\\\/spartasportcenter.com\\\/cuenca\\\/nutricionista-cuenca\\\/\"]}]},{\"@type\":\"ImageObject\",\"inLanguage\":\"es\",\"@id\":\"https:\\\/\\\/spartasportcenter.com\\\/cuenca\\\/nutricionista-cuenca\\\/#primaryimage\",\"url\":\"https:\\\/\\\/spartasportcenter.com\\\/cuenca\\\/wp-content\\\/uploads\\\/2024\\\/03\\\/nutricionista-cabecera.jpg\",\"contentUrl\":\"https:\\\/\\\/spartasportcenter.com\\\/cuenca\\\/wp-content\\\/uploads\\\/2024\\\/03\\\/nutricionista-cabecera.jpg\",\"width\":2000,\"height\":1333,\"caption\":\"nutricionista cabecera\"},{\"@type\":\"BreadcrumbList\",\"@id\":\"https:\\\/\\\/spartasportcenter.com\\\/cuenca\\\/nutricionista-cuenca\\\/#breadcrumb\",\"itemListElement\":[{\"@type\":\"ListItem\",\"position\":1,\"name\":\"Portada\",\"item\":\"https:\\\/\\\/spartasportcenter.com\\\/cuenca\\\/\"},{\"@type\":\"ListItem\",\"position\":2,\"name\":\"Nutricionista Cuenca\"}]},{\"@type\":\"WebSite\",\"@id\":\"https:\\\/\\\/spartasportcenter.com\\\/cuenca\\\/#website\",\"url\":\"https:\\\/\\\/spartasportcenter.com\\\/cuenca\\\/\",\"name\":\"Sparta Sport Center Cuenca\",\"description\":\"Gimnasios en Cuenca\",\"potentialAction\":[{\"@type\":\"SearchAction\",\"target\":{\"@type\":\"EntryPoint\",\"urlTemplate\":\"https:\\\/\\\/spartasportcenter.com\\\/cuenca\\\/?s={search_term_string}\"},\"query-input\":{\"@type\":\"PropertyValueSpecification\",\"valueRequired\":true,\"valueName\":\"search_term_string\"}}],\"inLanguage\":\"es\"}]}<\/script>\n<!-- \/ Yoast SEO plugin. -->","yoast_head_json":{"title":"Nutricionista en Cuenca | Sparta Sport Cuenca","description":"Controla tu alimentaci\u00f3n con nuestro ASESORAMIENTO NUTRICIONAL en Cuenca. Alim\u00e9ntate adecuadamente y empieza a conseguir resultados.","robots":{"index":"index","follow":"follow","max-snippet":"max-snippet:-1","max-image-preview":"max-image-preview:large","max-video-preview":"max-video-preview:-1"},"canonical":"https:\/\/spartasportcenter.com\/cuenca\/nutricionista-cuenca\/","og_locale":"es_ES","og_type":"article","og_title":"Nutricionista en Cuenca | Sparta Sport Cuenca","og_description":"Controla tu alimentaci\u00f3n con nuestro ASESORAMIENTO NUTRICIONAL en Cuenca. Alim\u00e9ntate adecuadamente y empieza a conseguir resultados.","og_url":"https:\/\/spartasportcenter.com\/cuenca\/nutricionista-cuenca\/","og_site_name":"Sparta Sport Center Cuenca","article_modified_time":"2026-02-23T16:04:55+00:00","og_image":[{"width":2000,"height":1333,"url":"https:\/\/spartasportcenter.com\/cuenca\/wp-content\/uploads\/2024\/03\/nutricionista-cabecera.jpg","type":"image\/jpeg"}],"twitter_card":"summary_large_image","twitter_misc":{"Tiempo de lectura":"3 minutos"},"schema":{"@context":"https:\/\/schema.org","@graph":[{"@type":"WebPage","@id":"https:\/\/spartasportcenter.com\/cuenca\/nutricionista-cuenca\/","url":"https:\/\/spartasportcenter.com\/cuenca\/nutricionista-cuenca\/","name":"Nutricionista en Cuenca | Sparta Sport Cuenca","isPartOf":{"@id":"https:\/\/spartasportcenter.com\/cuenca\/#website"},"primaryImageOfPage":{"@id":"https:\/\/spartasportcenter.com\/cuenca\/nutricionista-cuenca\/#primaryimage"},"image":{"@id":"https:\/\/spartasportcenter.com\/cuenca\/nutricionista-cuenca\/#primaryimage"},"thumbnailUrl":"https:\/\/spartasportcenter.com\/cuenca\/wp-content\/uploads\/2024\/03\/nutricionista-cabecera.jpg","datePublished":"2019-01-29T14:41:35+00:00","dateModified":"2026-02-23T16:04:55+00:00","description":"Controla tu alimentaci\u00f3n con nuestro ASESORAMIENTO NUTRICIONAL en Cuenca. Alim\u00e9ntate adecuadamente y empieza a conseguir resultados.","breadcrumb":{"@id":"https:\/\/spartasportcenter.com\/cuenca\/nutricionista-cuenca\/#breadcrumb"},"inLanguage":"es","potentialAction":[{"@type":"ReadAction","target":["https:\/\/spartasportcenter.com\/cuenca\/nutricionista-cuenca\/"]}]},{"@type":"ImageObject","inLanguage":"es","@id":"https:\/\/spartasportcenter.com\/cuenca\/nutricionista-cuenca\/#primaryimage","url":"https:\/\/spartasportcenter.com\/cuenca\/wp-content\/uploads\/2024\/03\/nutricionista-cabecera.jpg","contentUrl":"https:\/\/spartasportcenter.com\/cuenca\/wp-content\/uploads\/2024\/03\/nutricionista-cabecera.jpg","width":2000,"height":1333,"caption":"nutricionista cabecera"},{"@type":"BreadcrumbList","@id":"https:\/\/spartasportcenter.com\/cuenca\/nutricionista-cuenca\/#breadcrumb","itemListElement":[{"@type":"ListItem","position":1,"name":"Portada","item":"https:\/\/spartasportcenter.com\/cuenca\/"},{"@type":"ListItem","position":2,"name":"Nutricionista Cuenca"}]},{"@type":"WebSite","@id":"https:\/\/spartasportcenter.com\/cuenca\/#website","url":"https:\/\/spartasportcenter.com\/cuenca\/","name":"Sparta Sport Center Cuenca","description":"Gimnasios en Cuenca","potentialAction":[{"@type":"SearchAction","target":{"@type":"EntryPoint","urlTemplate":"https:\/\/spartasportcenter.com\/cuenca\/?s={search_term_string}"},"query-input":{"@type":"PropertyValueSpecification","valueRequired":true,"valueName":"search_term_string"}}],"inLanguage":"es"}]}},"_links":{"self":[{"href":"https:\/\/spartasportcenter.com\/cuenca\/wp-json\/wp\/v2\/pages\/209780","targetHints":{"allow":["GET"]}}],"collection":[{"href":"https:\/\/spartasportcenter.com\/cuenca\/wp-json\/wp\/v2\/pages"}],"about":[{"href":"https:\/\/spartasportcenter.com\/cuenca\/wp-json\/wp\/v2\/types\/page"}],"author":[{"embeddable":true,"href":"https:\/\/spartasportcenter.com\/cuenca\/wp-json\/wp\/v2\/users\/1"}],"replies":[{"embeddable":true,"href":"https:\/\/spartasportcenter.com\/cuenca\/wp-json\/wp\/v2\/comments?post=209780"}],"version-history":[{"count":15,"href":"https:\/\/spartasportcenter.com\/cuenca\/wp-json\/wp\/v2\/pages\/209780\/revisions"}],"predecessor-version":[{"id":220838,"href":"https:\/\/spartasportcenter.com\/cuenca\/wp-json\/wp\/v2\/pages\/209780\/revisions\/220838"}],"wp:featuredmedia":[{"embeddable":true,"href":"https:\/\/spartasportcenter.com\/cuenca\/wp-json\/wp\/v2\/media\/219576"}],"wp:attachment":[{"href":"https:\/\/spartasportcenter.com\/cuenca\/wp-json\/wp\/v2\/media?parent=209780"}],"curies":[{"name":"wp","href":"https:\/\/api.w.org\/{rel}","templated":true}]}}