{"id":206559,"date":"2018-08-20T15:51:28","date_gmt":"2018-08-20T15:51:28","guid":{"rendered":"https:\/\/pamplona.spartasportcenter.com\/?page_id=206559"},"modified":"2026-02-23T17:01:11","modified_gmt":"2026-02-23T16:01:11","slug":"core-cuenca","status":"publish","type":"page","link":"https:\/\/spartasportcenter.com\/cuenca\/core-cuenca\/","title":{"rendered":"CORE Cuenca"},"content":{"rendered":"<p>[et_pb_section fb_built=\u00bb1&#8243; custom_padding_last_edited=\u00bbon|phone\u00bb disabled_on=\u00bboff|off|off\u00bb _builder_version=\u00bb4.27.4&#8243; background_color=\u00bb#000000&#8243; background_enable_image=\u00bboff\u00bb custom_margin=\u00bb||||false|false\u00bb custom_padding=\u00bb80px|0px|0px|0px|false|false\u00bb custom_padding_tablet=\u00bb\u00bb custom_padding_phone=\u00bb30px||50px||false|false\u00bb hover_enabled=\u00bb0&#8243; global_colors_info=\u00bb{}\u00bb sticky_enabled=\u00bb0&#8243;][et_pb_row column_structure=\u00bb1_3,2_3&#8243; custom_padding_last_edited=\u00bbon|desktop\u00bb _builder_version=\u00bb4.16&#8243; _module_preset=\u00bbdefault\u00bb custom_padding=\u00bb0px||||false|false\u00bb custom_padding_tablet=\u00bb\u00bb custom_padding_phone=\u00bb0px||||false|false\u00bb global_colors_info=\u00bb{}\u00bb][et_pb_column type=\u00bb1_3&#8243; _builder_version=\u00bb4.16&#8243; _module_preset=\u00bbdefault\u00bb global_colors_info=\u00bb{}\u00bb][et_pb_text _builder_version=\u00bb4.16&#8243; text_font=\u00bb||||||||\u00bb header_font=\u00bb||||||||\u00bb header_text_align=\u00bbcenter\u00bb header_2_font=\u00bb|300||on|||||\u00bb header_2_text_align=\u00bbright\u00bb header_2_font_size=\u00bb29px\u00bb custom_margin=\u00bb||0px||false|false\u00bb custom_padding=\u00bb|15%|0px||false|false\u00bb header_2_text_align_tablet=\u00bb\u00bb header_2_text_align_phone=\u00bbleft\u00bb header_2_text_align_last_edited=\u00bbon|phone\u00bb header_2_font_size_tablet=\u00bb51px\u00bb header_2_font_size_phone=\u00bb25px\u00bb header_2_font_size_last_edited=\u00bbon|phone\u00bb border_width_right=\u00bb2px\u00bb border_color_right=\u00bb#cccccc\u00bb border_width_right_tablet=\u00bb\u00bb border_width_right_phone=\u00bb0px\u00bb border_width_right_last_edited=\u00bbon|phone\u00bb locked=\u00bboff\u00bb global_colors_info=\u00bb{}\u00bb]<\/p>\n<h2>Clases de core en Cuenca<\/h2>\n<p>[\/et_pb_text][\/et_pb_column][et_pb_column type=\u00bb2_3&#8243; _builder_version=\u00bb4.16&#8243; _module_preset=\u00bbdefault\u00bb global_colors_info=\u00bb{}\u00bb][et_pb_text _builder_version=\u00bb4.16&#8243; text_font=\u00bb|300|||||||\u00bb text_text_color=\u00bb#cccccc\u00bb text_line_height=\u00bb1.1em\u00bb header_font=\u00bb|300|||||||\u00bb header_2_font=\u00bb|300||on|||||\u00bb header_2_text_color=\u00bb#cccccc\u00bb header_2_font_size=\u00bb36px\u00bb header_2_letter_spacing=\u00bb2px\u00bb background_layout=\u00bbdark\u00bb global_colors_info=\u00bb{}\u00bb]Cuando hablamos de core hacemos referencia a toda la musculatura que abarca la regi\u00f3n abdominal y la parte baja de la espalda. Es por ello que en nuestras clases de<b> Core en Cuenca<\/b>, el enfoque es fortalecer el \u00e1rea de los m\u00fasculos centrales, debido a que gracias a un core fuerte, tenemos un mejor equilibrio, coordinaci\u00f3n y estabilidad general del cuerpo.<\/p>\n<p>En las clases de core, el enfoque manejado por los<b> entrenadores expertos<\/b> en el \u00e1rea va m\u00e1s all\u00e1 de definir y marcar la zona abdominal. El punto fuerte y el desarrollo de las clases es el trabajo de estabilizaci\u00f3n de la columna.\u00a0<\/p>\n<p>Para llevar a cabo esta actividad, en Sparta Sport Center Cuenca ponemos a tu disposici\u00f3n un amplio sal\u00f3n de musculaci\u00f3n en \u00f3ptimas condiciones, conformado por entrenadores capacitados y con el soporte de las mejores <b>m\u00e1quinas con tecnolog\u00eda avanzada.<\/b> En conjunto estos elementos te dar\u00e1n la seguridad de que hiciste la mejor elecci\u00f3n y a su vez aportar\u00e1n la comodidad y tranquilidad que mereces.<\/p>\n<p>La gu\u00eda, orientaci\u00f3n y empuje que te ofrecer\u00e1n nuestros profesores, ser\u00e1n la clave de tu \u00e9xito. Gracias a ellos, podr\u00e1s tener un acondicionamiento f\u00edsico acorde a tus necesidades.[\/et_pb_text][\/et_pb_column][\/et_pb_row][et_pb_row column_structure=\u00bb1_3,2_3&#8243; custom_padding_last_edited=\u00bbon|phone\u00bb _builder_version=\u00bb4.16&#8243; _module_preset=\u00bbdefault\u00bb custom_margin=\u00bb||0px||false|false\u00bb custom_padding=\u00bb||||false|false\u00bb custom_padding_tablet=\u00bb\u00bb custom_padding_phone=\u00bb0px||0px||false|false\u00bb global_colors_info=\u00bb{}\u00bb][et_pb_column type=\u00bb1_3&#8243; _builder_version=\u00bb4.16&#8243; _module_preset=\u00bbdefault\u00bb global_colors_info=\u00bb{}\u00bb][et_pb_text _builder_version=\u00bb4.16&#8243; text_font=\u00bb||||||||\u00bb header_font=\u00bb||||||||\u00bb header_text_align=\u00bbcenter\u00bb header_2_font=\u00bb|300||on|||||\u00bb header_2_text_align=\u00bbright\u00bb header_2_font_size=\u00bb29px\u00bb custom_margin=\u00bb||0px||false|false\u00bb custom_padding=\u00bb|15%|0px||false|false\u00bb header_2_text_align_tablet=\u00bb\u00bb header_2_text_align_phone=\u00bbleft\u00bb header_2_text_align_last_edited=\u00bbon|phone\u00bb header_2_font_size_tablet=\u00bb51px\u00bb header_2_font_size_phone=\u00bb25px\u00bb header_2_font_size_last_edited=\u00bbon|phone\u00bb border_width_right=\u00bb2px\u00bb border_color_right=\u00bb#cccccc\u00bb border_width_right_tablet=\u00bb\u00bb border_width_right_phone=\u00bb0px\u00bb border_width_right_last_edited=\u00bbon|phone\u00bb locked=\u00bboff\u00bb global_colors_info=\u00bb{}\u00bb]<\/p>\n<h2>Beneficios<br \/>\ndel Core en Cuenca<\/h2>\n<p>[\/et_pb_text][\/et_pb_column][et_pb_column type=\u00bb2_3&#8243; _builder_version=\u00bb4.16&#8243; _module_preset=\u00bbdefault\u00bb global_colors_info=\u00bb{}\u00bb][et_pb_text _builder_version=\u00bb4.16&#8243; text_font=\u00bb|300|||||||\u00bb text_text_color=\u00bb#cccccc\u00bb text_line_height=\u00bb1.1em\u00bb header_font=\u00bb|300|||||||\u00bb header_2_font=\u00bb|300||on|||||\u00bb header_2_text_color=\u00bb#cccccc\u00bb header_2_font_size=\u00bb36px\u00bb header_2_letter_spacing=\u00bb2px\u00bb background_layout=\u00bbdark\u00bb global_colors_info=\u00bb{}\u00bb]La correcta realizaci\u00f3n de esta actividad en nuestro gimnasio en Cuenca traer\u00e1 beneficios importantes al cuerpo. Esto se debe a que los<b> m\u00fasculos centrales<\/b> funcionan como estabilizadores y su correcta ejercitaci\u00f3n ayuda a que funcione con mayor eficacia, lo cual favorece en un mejor y mayor rendimiento la realizaci\u00f3n de cualquier otro ejercicio que te propongas.\u00a0<\/p>\n<p>Es importante conocer que los m\u00fasculos centrales, deben contar con un buen <b>acondicionamiento f\u00edsico<\/b>. Adem\u00e1s tienen que estar educados para brindar equilibrio y coordinaci\u00f3n motriz, lo que ayudar\u00e1 a corregir cualquier problema de postura existente o evitar molestias futuras.\u00a0<\/p>\n<p>Al fortalecer esta zona tan importante del cuerpo, sin planificarlo observar\u00e1s c\u00f3mo tu cuerpo se va esculpiendo, a su vez que la fuerza y equilibrio aumentan exponencialmente.[\/et_pb_text][\/et_pb_column][\/et_pb_row][\/et_pb_section][et_pb_section fb_built=\u00bb1&#8243; custom_padding_last_edited=\u00bbon|phone\u00bb _builder_version=\u00bb4.27.4&#8243; _module_preset=\u00bbdefault\u00bb background_color=\u00bb#000000&#8243; custom_padding=\u00bb0px||50px||false|false\u00bb custom_padding_tablet=\u00bb\u00bb custom_padding_phone=\u00bb||30px||false|false\u00bb hover_enabled=\u00bb0&#8243; global_colors_info=\u00bb{}\u00bb sticky_enabled=\u00bb0&#8243;][et_pb_row column_structure=\u00bb1_3,2_3&#8243; custom_padding_last_edited=\u00bbon|phone\u00bb _builder_version=\u00bb4.16&#8243; _module_preset=\u00bbdefault\u00bb custom_padding_tablet=\u00bb\u00bb custom_padding_phone=\u00bb0px||0px||false|false\u00bb global_colors_info=\u00bb{}\u00bb][et_pb_column type=\u00bb1_3&#8243; _builder_version=\u00bb4.16&#8243; _module_preset=\u00bbdefault\u00bb global_colors_info=\u00bb{}\u00bb][et_pb_text _builder_version=\u00bb4.16&#8243; text_font=\u00bb||||||||\u00bb header_font=\u00bb||||||||\u00bb header_text_align=\u00bbcenter\u00bb header_2_font=\u00bb|300||on|||||\u00bb header_2_text_align=\u00bbright\u00bb header_2_font_size=\u00bb29px\u00bb custom_margin=\u00bb||0px||false|false\u00bb custom_padding=\u00bb|15%|0px||false|false\u00bb header_2_text_align_tablet=\u00bb\u00bb header_2_text_align_phone=\u00bbleft\u00bb header_2_text_align_last_edited=\u00bbon|phone\u00bb header_2_font_size_tablet=\u00bb51px\u00bb header_2_font_size_phone=\u00bb25px\u00bb header_2_font_size_last_edited=\u00bbon|phone\u00bb border_width_right=\u00bb2px\u00bb border_color_right=\u00bb#cccccc\u00bb border_width_right_tablet=\u00bb\u00bb border_width_right_phone=\u00bb0px\u00bb border_width_right_last_edited=\u00bbon|phone\u00bb locked=\u00bboff\u00bb global_colors_info=\u00bb{}\u00bb]<\/p>\n<h2>Por qu\u00e9 Core en Sparta Sport Center Cuenca<\/h2>\n<p>[\/et_pb_text][\/et_pb_column][et_pb_column type=\u00bb2_3&#8243; _builder_version=\u00bb4.16&#8243; _module_preset=\u00bbdefault\u00bb global_colors_info=\u00bb{}\u00bb][et_pb_text _builder_version=\u00bb4.16&#8243; text_font=\u00bb|300|||||||\u00bb text_text_color=\u00bb#cccccc\u00bb text_line_height=\u00bb1.1em\u00bb header_font=\u00bb|300|||||||\u00bb header_2_font=\u00bb|300||on|||||\u00bb header_2_text_color=\u00bb#cccccc\u00bb header_2_font_size=\u00bb36px\u00bb header_2_letter_spacing=\u00bb2px\u00bb background_layout=\u00bbdark\u00bb global_colors_info=\u00bb{}\u00bb]En <b>Sparta Sport Center en Cuenca <\/b>trabajamos de la mano contigo, nos encargamos de llevarte en cada paso de tus rutinas f\u00edsicas. Por lo tanto, asumimos tus retos como si fueran nuestros, lo que nos impulsa y motiva a llevarte hasta la meta final, que es lograr tener un cuerpo y estilo de vida saludable.\u00a0<\/p>\n<p>Las <b>clases de core en Cuenca<\/b> se convertir\u00e1n en ese camino ideal para llegar al cambio que deseas, y nuestros gu\u00edas te ayudar\u00e1n a superar cada obst\u00e1culo. Estos se encargar\u00e1n de llevar un registro detallado y expl\u00edcito de tus progresos. Es por ello que, cada sesi\u00f3n ser\u00e1 una nueva oportunidad para superar tus propios l\u00edmites.\u00a0<\/p>\n<p>>Nuestros <b>instructores especializados<\/b> adaptar\u00e1n las pr\u00e1cticas seg\u00fan tus capacidades f\u00edsicas y avances obtenidos en cada clase, para que logres desarrollar tu cuerpo de manera r\u00e1pida y segura.<\/p>\n<p>Por eso, si deseas comenzar con las clases de<b> core en Cuenca<\/b>, contacta con nosotros, tenemos planes y promociones adaptados a ti. \u00a1Ven y supera tus l\u00edmites![\/et_pb_text][\/et_pb_column][\/et_pb_row][\/et_pb_section]<\/p>\n","protected":false},"excerpt":{"rendered":"<p>Clases de core en CuencaCuando hablamos de core hacemos referencia a toda la musculatura que abarca la regi\u00f3n abdominal y la parte baja de la espalda. Es por ello que en nuestras clases de Core en Cuenca, el enfoque es fortalecer el \u00e1rea de los m\u00fasculos centrales, debido a que gracias a un core fuerte, [&hellip;]<\/p>\n","protected":false},"author":1,"featured_media":219712,"parent":0,"menu_order":0,"comment_status":"closed","ping_status":"closed","template":"","meta":{"_et_pb_use_builder":"on","_et_pb_old_content":"","_et_gb_content_width":"","footnotes":""},"class_list":["post-206559","page","type-page","status-publish","has-post-thumbnail","hentry"],"yoast_head":"<!-- This site is optimized with the Yoast SEO plugin v27.4 - https:\/\/yoast.com\/product\/yoast-seo-wordpress\/ -->\n<title>Core en Cuenca - 1 D\u00cdA GRATIS | Sparta Sport Center<\/title>\n<meta name=\"description\" content=\"Ponte a prueba con nuestras CLASES DE CORE ABDOMINAL DIRIGIDAS en Cuenca. Aumenta la fuerza de tu cuerpo y mejora tu rendimiento f\u00edsico.\" \/>\n<meta name=\"robots\" content=\"index, follow, max-snippet:-1, max-image-preview:large, max-video-preview:-1\" \/>\n<link rel=\"canonical\" href=\"https:\/\/spartasportcenter.com\/cuenca\/core-cuenca\/\" \/>\n<meta property=\"og:locale\" content=\"es_ES\" \/>\n<meta property=\"og:type\" content=\"article\" \/>\n<meta property=\"og:title\" content=\"Core en Cuenca - 1 D\u00cdA GRATIS | Sparta Sport Center\" \/>\n<meta property=\"og:description\" content=\"Ponte a prueba con nuestras CLASES DE CORE ABDOMINAL DIRIGIDAS en Cuenca. Aumenta la fuerza de tu cuerpo y mejora tu rendimiento f\u00edsico.\" \/>\n<meta property=\"og:url\" content=\"https:\/\/spartasportcenter.com\/cuenca\/core-cuenca\/\" \/>\n<meta property=\"og:site_name\" content=\"Sparta Sport Center Cuenca\" \/>\n<meta property=\"article:modified_time\" content=\"2026-02-23T16:01:11+00:00\" \/>\n<meta property=\"og:image\" content=\"https:\/\/spartasportcenter.com\/cuenca\/wp-content\/uploads\/2024\/05\/core-cuenca.webp\" \/>\n\t<meta property=\"og:image:width\" content=\"2000\" \/>\n\t<meta property=\"og:image:height\" content=\"1333\" \/>\n\t<meta property=\"og:image:type\" content=\"image\/webp\" \/>\n<meta name=\"twitter:card\" content=\"summary_large_image\" \/>\n<meta name=\"twitter:label1\" content=\"Tiempo de lectura\" \/>\n\t<meta name=\"twitter:data1\" content=\"3 minutos\" \/>\n<script type=\"application\/ld+json\" class=\"yoast-schema-graph\">{\"@context\":\"https:\\\/\\\/schema.org\",\"@graph\":[{\"@type\":\"WebPage\",\"@id\":\"https:\\\/\\\/spartasportcenter.com\\\/cuenca\\\/core-cuenca\\\/\",\"url\":\"https:\\\/\\\/spartasportcenter.com\\\/cuenca\\\/core-cuenca\\\/\",\"name\":\"Core en Cuenca - 1 D\u00cdA GRATIS | Sparta Sport Center\",\"isPartOf\":{\"@id\":\"https:\\\/\\\/spartasportcenter.com\\\/cuenca\\\/#website\"},\"primaryImageOfPage\":{\"@id\":\"https:\\\/\\\/spartasportcenter.com\\\/cuenca\\\/core-cuenca\\\/#primaryimage\"},\"image\":{\"@id\":\"https:\\\/\\\/spartasportcenter.com\\\/cuenca\\\/core-cuenca\\\/#primaryimage\"},\"thumbnailUrl\":\"https:\\\/\\\/spartasportcenter.com\\\/cuenca\\\/wp-content\\\/uploads\\\/2024\\\/05\\\/core-cuenca.webp\",\"datePublished\":\"2018-08-20T15:51:28+00:00\",\"dateModified\":\"2026-02-23T16:01:11+00:00\",\"description\":\"Ponte a prueba con nuestras CLASES DE CORE ABDOMINAL DIRIGIDAS en Cuenca. Aumenta la fuerza de tu cuerpo y mejora tu rendimiento f\u00edsico.\",\"breadcrumb\":{\"@id\":\"https:\\\/\\\/spartasportcenter.com\\\/cuenca\\\/core-cuenca\\\/#breadcrumb\"},\"inLanguage\":\"es\",\"potentialAction\":[{\"@type\":\"ReadAction\",\"target\":[\"https:\\\/\\\/spartasportcenter.com\\\/cuenca\\\/core-cuenca\\\/\"]}]},{\"@type\":\"ImageObject\",\"inLanguage\":\"es\",\"@id\":\"https:\\\/\\\/spartasportcenter.com\\\/cuenca\\\/core-cuenca\\\/#primaryimage\",\"url\":\"https:\\\/\\\/spartasportcenter.com\\\/cuenca\\\/wp-content\\\/uploads\\\/2024\\\/05\\\/core-cuenca.webp\",\"contentUrl\":\"https:\\\/\\\/spartasportcenter.com\\\/cuenca\\\/wp-content\\\/uploads\\\/2024\\\/05\\\/core-cuenca.webp\",\"width\":2000,\"height\":1333,\"caption\":\"core cuenca\"},{\"@type\":\"BreadcrumbList\",\"@id\":\"https:\\\/\\\/spartasportcenter.com\\\/cuenca\\\/core-cuenca\\\/#breadcrumb\",\"itemListElement\":[{\"@type\":\"ListItem\",\"position\":1,\"name\":\"Portada\",\"item\":\"https:\\\/\\\/spartasportcenter.com\\\/cuenca\\\/\"},{\"@type\":\"ListItem\",\"position\":2,\"name\":\"CORE Cuenca\"}]},{\"@type\":\"WebSite\",\"@id\":\"https:\\\/\\\/spartasportcenter.com\\\/cuenca\\\/#website\",\"url\":\"https:\\\/\\\/spartasportcenter.com\\\/cuenca\\\/\",\"name\":\"Sparta Sport Center Cuenca\",\"description\":\"Gimnasios en Cuenca\",\"potentialAction\":[{\"@type\":\"SearchAction\",\"target\":{\"@type\":\"EntryPoint\",\"urlTemplate\":\"https:\\\/\\\/spartasportcenter.com\\\/cuenca\\\/?s={search_term_string}\"},\"query-input\":{\"@type\":\"PropertyValueSpecification\",\"valueRequired\":true,\"valueName\":\"search_term_string\"}}],\"inLanguage\":\"es\"}]}<\/script>\n<!-- \/ Yoast SEO plugin. -->","yoast_head_json":{"title":"Core en Cuenca - 1 D\u00cdA GRATIS | Sparta Sport Center","description":"Ponte a prueba con nuestras CLASES DE CORE ABDOMINAL DIRIGIDAS en Cuenca. Aumenta la fuerza de tu cuerpo y mejora tu rendimiento f\u00edsico.","robots":{"index":"index","follow":"follow","max-snippet":"max-snippet:-1","max-image-preview":"max-image-preview:large","max-video-preview":"max-video-preview:-1"},"canonical":"https:\/\/spartasportcenter.com\/cuenca\/core-cuenca\/","og_locale":"es_ES","og_type":"article","og_title":"Core en Cuenca - 1 D\u00cdA GRATIS | Sparta Sport Center","og_description":"Ponte a prueba con nuestras CLASES DE CORE ABDOMINAL DIRIGIDAS en Cuenca. Aumenta la fuerza de tu cuerpo y mejora tu rendimiento f\u00edsico.","og_url":"https:\/\/spartasportcenter.com\/cuenca\/core-cuenca\/","og_site_name":"Sparta Sport Center Cuenca","article_modified_time":"2026-02-23T16:01:11+00:00","og_image":[{"width":2000,"height":1333,"url":"https:\/\/spartasportcenter.com\/cuenca\/wp-content\/uploads\/2024\/05\/core-cuenca.webp","type":"image\/webp"}],"twitter_card":"summary_large_image","twitter_misc":{"Tiempo de lectura":"3 minutos"},"schema":{"@context":"https:\/\/schema.org","@graph":[{"@type":"WebPage","@id":"https:\/\/spartasportcenter.com\/cuenca\/core-cuenca\/","url":"https:\/\/spartasportcenter.com\/cuenca\/core-cuenca\/","name":"Core en Cuenca - 1 D\u00cdA GRATIS | Sparta Sport Center","isPartOf":{"@id":"https:\/\/spartasportcenter.com\/cuenca\/#website"},"primaryImageOfPage":{"@id":"https:\/\/spartasportcenter.com\/cuenca\/core-cuenca\/#primaryimage"},"image":{"@id":"https:\/\/spartasportcenter.com\/cuenca\/core-cuenca\/#primaryimage"},"thumbnailUrl":"https:\/\/spartasportcenter.com\/cuenca\/wp-content\/uploads\/2024\/05\/core-cuenca.webp","datePublished":"2018-08-20T15:51:28+00:00","dateModified":"2026-02-23T16:01:11+00:00","description":"Ponte a prueba con nuestras CLASES DE CORE ABDOMINAL DIRIGIDAS en Cuenca. Aumenta la fuerza de tu cuerpo y mejora tu rendimiento f\u00edsico.","breadcrumb":{"@id":"https:\/\/spartasportcenter.com\/cuenca\/core-cuenca\/#breadcrumb"},"inLanguage":"es","potentialAction":[{"@type":"ReadAction","target":["https:\/\/spartasportcenter.com\/cuenca\/core-cuenca\/"]}]},{"@type":"ImageObject","inLanguage":"es","@id":"https:\/\/spartasportcenter.com\/cuenca\/core-cuenca\/#primaryimage","url":"https:\/\/spartasportcenter.com\/cuenca\/wp-content\/uploads\/2024\/05\/core-cuenca.webp","contentUrl":"https:\/\/spartasportcenter.com\/cuenca\/wp-content\/uploads\/2024\/05\/core-cuenca.webp","width":2000,"height":1333,"caption":"core cuenca"},{"@type":"BreadcrumbList","@id":"https:\/\/spartasportcenter.com\/cuenca\/core-cuenca\/#breadcrumb","itemListElement":[{"@type":"ListItem","position":1,"name":"Portada","item":"https:\/\/spartasportcenter.com\/cuenca\/"},{"@type":"ListItem","position":2,"name":"CORE Cuenca"}]},{"@type":"WebSite","@id":"https:\/\/spartasportcenter.com\/cuenca\/#website","url":"https:\/\/spartasportcenter.com\/cuenca\/","name":"Sparta Sport Center Cuenca","description":"Gimnasios en Cuenca","potentialAction":[{"@type":"SearchAction","target":{"@type":"EntryPoint","urlTemplate":"https:\/\/spartasportcenter.com\/cuenca\/?s={search_term_string}"},"query-input":{"@type":"PropertyValueSpecification","valueRequired":true,"valueName":"search_term_string"}}],"inLanguage":"es"}]}},"_links":{"self":[{"href":"https:\/\/spartasportcenter.com\/cuenca\/wp-json\/wp\/v2\/pages\/206559","targetHints":{"allow":["GET"]}}],"collection":[{"href":"https:\/\/spartasportcenter.com\/cuenca\/wp-json\/wp\/v2\/pages"}],"about":[{"href":"https:\/\/spartasportcenter.com\/cuenca\/wp-json\/wp\/v2\/types\/page"}],"author":[{"embeddable":true,"href":"https:\/\/spartasportcenter.com\/cuenca\/wp-json\/wp\/v2\/users\/1"}],"replies":[{"embeddable":true,"href":"https:\/\/spartasportcenter.com\/cuenca\/wp-json\/wp\/v2\/comments?post=206559"}],"version-history":[{"count":15,"href":"https:\/\/spartasportcenter.com\/cuenca\/wp-json\/wp\/v2\/pages\/206559\/revisions"}],"predecessor-version":[{"id":220831,"href":"https:\/\/spartasportcenter.com\/cuenca\/wp-json\/wp\/v2\/pages\/206559\/revisions\/220831"}],"wp:featuredmedia":[{"embeddable":true,"href":"https:\/\/spartasportcenter.com\/cuenca\/wp-json\/wp\/v2\/media\/219712"}],"wp:attachment":[{"href":"https:\/\/spartasportcenter.com\/cuenca\/wp-json\/wp\/v2\/media?parent=206559"}],"curies":[{"name":"wp","href":"https:\/\/api.w.org\/{rel}","templated":true}]}}