{"id":206555,"date":"2018-08-20T15:49:40","date_gmt":"2018-08-20T15:49:40","guid":{"rendered":"https:\/\/pamplona.spartasportcenter.com\/?page_id=206555"},"modified":"2026-02-23T16:57:27","modified_gmt":"2026-02-23T15:57:27","slug":"body-pump-cuenca","status":"publish","type":"page","link":"https:\/\/spartasportcenter.com\/cuenca\/body-pump-cuenca\/","title":{"rendered":"Body Pump Cuenca"},"content":{"rendered":"<p>[et_pb_section fb_built=\u00bb1&#8243; custom_padding_last_edited=\u00bbon|phone\u00bb disabled_on=\u00bboff|off|off\u00bb _builder_version=\u00bb4.27.4&#8243; background_color=\u00bb#000000&#8243; background_enable_image=\u00bboff\u00bb custom_margin=\u00bb||||false|false\u00bb custom_padding=\u00bb80px|0px|0px|0px|false|false\u00bb custom_padding_tablet=\u00bb\u00bb custom_padding_phone=\u00bb30px||50px||false|false\u00bb hover_enabled=\u00bb0&#8243; global_colors_info=\u00bb{}\u00bb sticky_enabled=\u00bb0&#8243;][et_pb_row column_structure=\u00bb1_3,2_3&#8243; custom_padding_last_edited=\u00bbon|desktop\u00bb _builder_version=\u00bb4.16&#8243; _module_preset=\u00bbdefault\u00bb custom_padding=\u00bb0px||||false|false\u00bb custom_padding_tablet=\u00bb\u00bb custom_padding_phone=\u00bb0px||||false|false\u00bb global_colors_info=\u00bb{}\u00bb][et_pb_column type=\u00bb1_3&#8243; _builder_version=\u00bb4.16&#8243; _module_preset=\u00bbdefault\u00bb global_colors_info=\u00bb{}\u00bb][et_pb_text _builder_version=\u00bb4.16&#8243; text_font=\u00bb||||||||\u00bb header_font=\u00bb||||||||\u00bb header_text_align=\u00bbcenter\u00bb header_2_font=\u00bb|300||on|||||\u00bb header_2_text_align=\u00bbright\u00bb header_2_font_size=\u00bb29px\u00bb custom_margin=\u00bb||0px||false|false\u00bb custom_padding=\u00bb|15%|0px||false|false\u00bb header_2_text_align_tablet=\u00bb\u00bb header_2_text_align_phone=\u00bbleft\u00bb header_2_text_align_last_edited=\u00bbon|phone\u00bb header_2_font_size_tablet=\u00bb51px\u00bb header_2_font_size_phone=\u00bb25px\u00bb header_2_font_size_last_edited=\u00bbon|phone\u00bb border_width_right=\u00bb2px\u00bb border_color_right=\u00bb#cccccc\u00bb border_width_right_tablet=\u00bb\u00bb border_width_right_phone=\u00bb0px\u00bb border_width_right_last_edited=\u00bbon|phone\u00bb locked=\u00bboff\u00bb global_colors_info=\u00bb{}\u00bb]<\/p>\n<h2>clases de<br \/>\nBody Pump<br \/>\nen Cuenca<\/h2>\n<p>[\/et_pb_text][\/et_pb_column][et_pb_column type=\u00bb2_3&#8243; _builder_version=\u00bb4.16&#8243; _module_preset=\u00bbdefault\u00bb global_colors_info=\u00bb{}\u00bb][et_pb_text _builder_version=\u00bb4.16&#8243; text_font=\u00bb|300|||||||\u00bb text_text_color=\u00bb#cccccc\u00bb text_line_height=\u00bb1.1em\u00bb header_font=\u00bb|300|||||||\u00bb header_2_font=\u00bb|300||on|||||\u00bb header_2_text_color=\u00bb#cccccc\u00bb header_2_font_size=\u00bb36px\u00bb header_2_letter_spacing=\u00bb2px\u00bb background_layout=\u00bbdark\u00bb global_colors_info=\u00bb{}\u00bb]Con nuestro centro de <b>Body Pump<\/b>, logra el cuerpo que tanto has deseado en tiempo r\u00e9cord. Este ejercicio combina el uso de las pesas con lo mejor de los aerobics, la m\u00fasica y el conocimiento de los instructores expertos para que alcances la figura que has so\u00f1ado de manera segura, saludable y en pocas sesiones.\u00a0\u00a0<\/p>\n<p>En <b>Sparta Sport Center Cuenca<\/b> contamos con entrenadores profesionales en el acondicionamiento f\u00edsico, pero tambi\u00e9n especializados en el \u00e1rea del Body Pump, adaptando esta beneficiosa actividad de manera entretenida a tu condici\u00f3n f\u00edsica y de salud.<\/p>\n<p>Las clases est\u00e1n llenas de energ\u00eda y entusiasmo gracias a la maravillosa m\u00fasica escogida por nuestros profesionales. En cada sesi\u00f3n ejercitas todo tu cuerpo durante 1 hora, logrando as\u00ed que comiences a disfrutar los<b> beneficios del Body Pump en Cuenca.<\/b>[\/et_pb_text][\/et_pb_column][\/et_pb_row][et_pb_row column_structure=\u00bb1_3,2_3&#8243; custom_padding_last_edited=\u00bbon|phone\u00bb _builder_version=\u00bb4.16&#8243; _module_preset=\u00bbdefault\u00bb custom_margin=\u00bb||0px||false|false\u00bb custom_padding=\u00bb||||false|false\u00bb custom_padding_tablet=\u00bb\u00bb custom_padding_phone=\u00bb0px||0px||false|false\u00bb global_colors_info=\u00bb{}\u00bb][et_pb_column type=\u00bb1_3&#8243; _builder_version=\u00bb4.16&#8243; _module_preset=\u00bbdefault\u00bb global_colors_info=\u00bb{}\u00bb][et_pb_text _builder_version=\u00bb4.16&#8243; text_font=\u00bb||||||||\u00bb header_font=\u00bb||||||||\u00bb header_text_align=\u00bbcenter\u00bb header_2_font=\u00bb|300||on|||||\u00bb header_2_text_align=\u00bbright\u00bb header_2_font_size=\u00bb29px\u00bb custom_margin=\u00bb||0px||false|false\u00bb custom_padding=\u00bb|15%|0px||false|false\u00bb header_2_text_align_tablet=\u00bb\u00bb header_2_text_align_phone=\u00bbleft\u00bb header_2_text_align_last_edited=\u00bbon|phone\u00bb header_2_font_size_tablet=\u00bb51px\u00bb header_2_font_size_phone=\u00bb25px\u00bb header_2_font_size_last_edited=\u00bbon|phone\u00bb border_width_right=\u00bb2px\u00bb border_color_right=\u00bb#cccccc\u00bb border_width_right_tablet=\u00bb\u00bb border_width_right_phone=\u00bb0px\u00bb border_width_right_last_edited=\u00bbon|phone\u00bb locked=\u00bboff\u00bb global_colors_info=\u00bb{}\u00bb]<\/p>\n<h2>Beneficios del Body Pump en Cuenca<\/h2>\n<p>[\/et_pb_text][\/et_pb_column][et_pb_column type=\u00bb2_3&#8243; _builder_version=\u00bb4.16&#8243; _module_preset=\u00bbdefault\u00bb global_colors_info=\u00bb{}\u00bb][et_pb_text _builder_version=\u00bb4.16&#8243; text_font=\u00bb|300|||||||\u00bb text_text_color=\u00bb#cccccc\u00bb text_line_height=\u00bb1.1em\u00bb header_font=\u00bb|300|||||||\u00bb header_2_font=\u00bb|300||on|||||\u00bb header_2_text_color=\u00bb#cccccc\u00bb header_2_font_size=\u00bb36px\u00bb header_2_letter_spacing=\u00bb2px\u00bb background_layout=\u00bbdark\u00bb global_colors_info=\u00bb{}\u00bb]El Body Pump es nuestra clase m\u00e1s solicitada, porque gracias esto, ser\u00e1s capaz de calmar tu estr\u00e9s, <b>mejorar tu estado de \u00e1nimo<\/b>, f\u00edsico, sistema respiratorio y cardiovascular.\u00a0<\/p>\n<p>Adem\u00e1s logras ejercitarte de manera divertida y aun as\u00ed tener un impacto verdadero en tu cuerpo, el cual se va reflejando de distintas maneras.<\/p>\n<p>Un claro ejemplo es el aumento de la masa muscular, debido a que las clases de Body Pump son la combinaci\u00f3n de aerobics y el uso de pesas, ocasiona de manera natural que el cuerpo desarrolle resistencia en el tejido muscular, lo que les permite a los m\u00fasculos tonificar y aumentar su tama\u00f1o.<\/p>\n<p>En nuestras clases de <b>1 hora se logra trabajar todo el cuerpo,<\/b> por lo que es de esperarse que los resultados comiencen desde la primera participaci\u00f3n.<\/p>\n<p>Por lo tanto, al ser una actividad f\u00edsica que acondiciona la resistencia aer\u00f3bica del cuerpo, ayuda a disminuir la grasa corporal. Asimismo puedes bajar de peso con la ayuda de estas clases de manera natural y segura.[\/et_pb_text][\/et_pb_column][\/et_pb_row][\/et_pb_section][et_pb_section fb_built=\u00bb1&#8243; custom_padding_last_edited=\u00bbon|phone\u00bb _builder_version=\u00bb4.27.4&#8243; _module_preset=\u00bbdefault\u00bb background_color=\u00bb#000000&#8243; custom_padding=\u00bb0px||50px||false|false\u00bb custom_padding_tablet=\u00bb\u00bb custom_padding_phone=\u00bb||30px||false|false\u00bb hover_enabled=\u00bb0&#8243; global_colors_info=\u00bb{}\u00bb sticky_enabled=\u00bb0&#8243;][et_pb_row column_structure=\u00bb1_3,2_3&#8243; custom_padding_last_edited=\u00bbon|phone\u00bb _builder_version=\u00bb4.16&#8243; _module_preset=\u00bbdefault\u00bb custom_padding_tablet=\u00bb\u00bb custom_padding_phone=\u00bb0px||0px||false|false\u00bb global_colors_info=\u00bb{}\u00bb][et_pb_column type=\u00bb1_3&#8243; _builder_version=\u00bb4.16&#8243; _module_preset=\u00bbdefault\u00bb global_colors_info=\u00bb{}\u00bb][et_pb_text _builder_version=\u00bb4.16&#8243; text_font=\u00bb||||||||\u00bb header_font=\u00bb||||||||\u00bb header_text_align=\u00bbcenter\u00bb header_2_font=\u00bb|300||on|||||\u00bb header_2_text_align=\u00bbright\u00bb header_2_font_size=\u00bb29px\u00bb custom_margin=\u00bb||0px||false|false\u00bb custom_padding=\u00bb|15%|0px||false|false\u00bb header_2_text_align_tablet=\u00bb\u00bb header_2_text_align_phone=\u00bbleft\u00bb header_2_text_align_last_edited=\u00bbon|phone\u00bb header_2_font_size_tablet=\u00bb51px\u00bb header_2_font_size_phone=\u00bb25px\u00bb header_2_font_size_last_edited=\u00bbon|phone\u00bb border_width_right=\u00bb2px\u00bb border_color_right=\u00bb#cccccc\u00bb border_width_right_tablet=\u00bb\u00bb border_width_right_phone=\u00bb0px\u00bb border_width_right_last_edited=\u00bbon|phone\u00bb locked=\u00bboff\u00bb global_colors_info=\u00bb{}\u00bb]<\/p>\n<h2>Por qu\u00e9 Body Pump en Sparta Sport Center Cuenca<\/h2>\n<p>[\/et_pb_text][\/et_pb_column][et_pb_column type=\u00bb2_3&#8243; _builder_version=\u00bb4.16&#8243; _module_preset=\u00bbdefault\u00bb global_colors_info=\u00bb{}\u00bb][et_pb_text _builder_version=\u00bb4.16&#8243; text_font=\u00bb|300|||||||\u00bb text_text_color=\u00bb#cccccc\u00bb text_line_height=\u00bb1.1em\u00bb header_font=\u00bb|300|||||||\u00bb header_2_font=\u00bb|300||on|||||\u00bb header_2_text_color=\u00bb#cccccc\u00bb header_2_font_size=\u00bb36px\u00bb header_2_letter_spacing=\u00bb2px\u00bb background_layout=\u00bbdark\u00bb global_colors_info=\u00bb{}\u00bb]Nuestras clases de Body Pump en Sparta Sport Center Cuenca, est\u00e1n dirigidas por profesionales en esta \u00e1rea. Ellos est\u00e1n preparados para <b>adaptar los ejercicios y las pesas<\/b> a las necesidades de cada persona.<\/p>\n<p>Es por ello que, tanto los avanzados como los principiantes tienen la oportunidad de sacar un gran provecho a cada una de las clases. Siendo as\u00ed, a pesar de que lleguen a realizar la misma rutina, cada usuario tendr\u00e1 modificaciones con base en sus necesidades, permitiendo que la pr\u00e1ctica sea segura y beneficiosa para el cuerpo.<\/p>\n<p>Si quieres comenzar con las clases de<b> Body Pump <\/b>en Sparta Sport Center en Cuenca, \u00a1Cont\u00e1ctanos y descubre todas las promociones que tenemos para ti![\/et_pb_text][\/et_pb_column][\/et_pb_row][\/et_pb_section]<\/p>\n","protected":false},"excerpt":{"rendered":"<p>clases de Body Pump en CuencaCon nuestro centro de Body Pump, logra el cuerpo que tanto has deseado en tiempo r\u00e9cord. Este ejercicio combina el uso de las pesas con lo mejor de los aerobics, la m\u00fasica y el conocimiento de los instructores expertos para que alcances la figura que has so\u00f1ado de manera segura, [&hellip;]<\/p>\n","protected":false},"author":1,"featured_media":219711,"parent":0,"menu_order":0,"comment_status":"closed","ping_status":"closed","template":"","meta":{"_et_pb_use_builder":"on","_et_pb_old_content":"","_et_gb_content_width":"","footnotes":""},"class_list":["post-206555","page","type-page","status-publish","has-post-thumbnail","hentry"],"yoast_head":"<!-- This site is optimized with the Yoast SEO plugin v27.4 - https:\/\/yoast.com\/product\/yoast-seo-wordpress\/ -->\n<title>Body Pump Cuenca - 1 D\u00cdA GRATIS | Sparta Sport Center<\/title>\n<meta name=\"description\" content=\"Empieza a tonificar tu cuerpo con nuestras CLASES DE BODY PUMP DIRIGIDAS en Cuenca. Gana fuerza y reduce tu \u00edndice de gras corporal.\" \/>\n<meta name=\"robots\" content=\"index, follow, max-snippet:-1, max-image-preview:large, max-video-preview:-1\" \/>\n<link rel=\"canonical\" href=\"https:\/\/spartasportcenter.com\/cuenca\/body-pump-cuenca\/\" \/>\n<meta property=\"og:locale\" content=\"es_ES\" \/>\n<meta property=\"og:type\" content=\"article\" \/>\n<meta property=\"og:title\" content=\"Body Pump Cuenca - 1 D\u00cdA GRATIS | Sparta Sport Center\" \/>\n<meta property=\"og:description\" content=\"Empieza a tonificar tu cuerpo con nuestras CLASES DE BODY PUMP DIRIGIDAS en Cuenca. Gana fuerza y reduce tu \u00edndice de gras corporal.\" \/>\n<meta property=\"og:url\" content=\"https:\/\/spartasportcenter.com\/cuenca\/body-pump-cuenca\/\" \/>\n<meta property=\"og:site_name\" content=\"Sparta Sport Center Cuenca\" \/>\n<meta property=\"article:modified_time\" content=\"2026-02-23T15:57:27+00:00\" \/>\n<meta property=\"og:image\" content=\"https:\/\/spartasportcenter.com\/cuenca\/wp-content\/uploads\/2024\/05\/body-pump-cuenca.webp\" \/>\n\t<meta property=\"og:image:width\" content=\"2000\" \/>\n\t<meta property=\"og:image:height\" content=\"1333\" \/>\n\t<meta property=\"og:image:type\" content=\"image\/webp\" \/>\n<meta name=\"twitter:card\" content=\"summary_large_image\" \/>\n<meta name=\"twitter:label1\" content=\"Tiempo de lectura\" \/>\n\t<meta name=\"twitter:data1\" content=\"3 minutos\" \/>\n<script type=\"application\/ld+json\" class=\"yoast-schema-graph\">{\"@context\":\"https:\\\/\\\/schema.org\",\"@graph\":[{\"@type\":\"WebPage\",\"@id\":\"https:\\\/\\\/spartasportcenter.com\\\/cuenca\\\/body-pump-cuenca\\\/\",\"url\":\"https:\\\/\\\/spartasportcenter.com\\\/cuenca\\\/body-pump-cuenca\\\/\",\"name\":\"Body Pump Cuenca - 1 D\u00cdA GRATIS | Sparta Sport Center\",\"isPartOf\":{\"@id\":\"https:\\\/\\\/spartasportcenter.com\\\/cuenca\\\/#website\"},\"primaryImageOfPage\":{\"@id\":\"https:\\\/\\\/spartasportcenter.com\\\/cuenca\\\/body-pump-cuenca\\\/#primaryimage\"},\"image\":{\"@id\":\"https:\\\/\\\/spartasportcenter.com\\\/cuenca\\\/body-pump-cuenca\\\/#primaryimage\"},\"thumbnailUrl\":\"https:\\\/\\\/spartasportcenter.com\\\/cuenca\\\/wp-content\\\/uploads\\\/2024\\\/05\\\/body-pump-cuenca.webp\",\"datePublished\":\"2018-08-20T15:49:40+00:00\",\"dateModified\":\"2026-02-23T15:57:27+00:00\",\"description\":\"Empieza a tonificar tu cuerpo con nuestras CLASES DE BODY PUMP DIRIGIDAS en Cuenca. Gana fuerza y reduce tu \u00edndice de gras corporal.\",\"breadcrumb\":{\"@id\":\"https:\\\/\\\/spartasportcenter.com\\\/cuenca\\\/body-pump-cuenca\\\/#breadcrumb\"},\"inLanguage\":\"es\",\"potentialAction\":[{\"@type\":\"ReadAction\",\"target\":[\"https:\\\/\\\/spartasportcenter.com\\\/cuenca\\\/body-pump-cuenca\\\/\"]}]},{\"@type\":\"ImageObject\",\"inLanguage\":\"es\",\"@id\":\"https:\\\/\\\/spartasportcenter.com\\\/cuenca\\\/body-pump-cuenca\\\/#primaryimage\",\"url\":\"https:\\\/\\\/spartasportcenter.com\\\/cuenca\\\/wp-content\\\/uploads\\\/2024\\\/05\\\/body-pump-cuenca.webp\",\"contentUrl\":\"https:\\\/\\\/spartasportcenter.com\\\/cuenca\\\/wp-content\\\/uploads\\\/2024\\\/05\\\/body-pump-cuenca.webp\",\"width\":2000,\"height\":1333,\"caption\":\"body pump cuenca\"},{\"@type\":\"BreadcrumbList\",\"@id\":\"https:\\\/\\\/spartasportcenter.com\\\/cuenca\\\/body-pump-cuenca\\\/#breadcrumb\",\"itemListElement\":[{\"@type\":\"ListItem\",\"position\":1,\"name\":\"Portada\",\"item\":\"https:\\\/\\\/spartasportcenter.com\\\/cuenca\\\/\"},{\"@type\":\"ListItem\",\"position\":2,\"name\":\"Body Pump Cuenca\"}]},{\"@type\":\"WebSite\",\"@id\":\"https:\\\/\\\/spartasportcenter.com\\\/cuenca\\\/#website\",\"url\":\"https:\\\/\\\/spartasportcenter.com\\\/cuenca\\\/\",\"name\":\"Sparta Sport Center Cuenca\",\"description\":\"Gimnasios en Cuenca\",\"potentialAction\":[{\"@type\":\"SearchAction\",\"target\":{\"@type\":\"EntryPoint\",\"urlTemplate\":\"https:\\\/\\\/spartasportcenter.com\\\/cuenca\\\/?s={search_term_string}\"},\"query-input\":{\"@type\":\"PropertyValueSpecification\",\"valueRequired\":true,\"valueName\":\"search_term_string\"}}],\"inLanguage\":\"es\"}]}<\/script>\n<!-- \/ Yoast SEO plugin. -->","yoast_head_json":{"title":"Body Pump Cuenca - 1 D\u00cdA GRATIS | Sparta Sport Center","description":"Empieza a tonificar tu cuerpo con nuestras CLASES DE BODY PUMP DIRIGIDAS en Cuenca. Gana fuerza y reduce tu \u00edndice de gras corporal.","robots":{"index":"index","follow":"follow","max-snippet":"max-snippet:-1","max-image-preview":"max-image-preview:large","max-video-preview":"max-video-preview:-1"},"canonical":"https:\/\/spartasportcenter.com\/cuenca\/body-pump-cuenca\/","og_locale":"es_ES","og_type":"article","og_title":"Body Pump Cuenca - 1 D\u00cdA GRATIS | Sparta Sport Center","og_description":"Empieza a tonificar tu cuerpo con nuestras CLASES DE BODY PUMP DIRIGIDAS en Cuenca. Gana fuerza y reduce tu \u00edndice de gras corporal.","og_url":"https:\/\/spartasportcenter.com\/cuenca\/body-pump-cuenca\/","og_site_name":"Sparta Sport Center Cuenca","article_modified_time":"2026-02-23T15:57:27+00:00","og_image":[{"width":2000,"height":1333,"url":"https:\/\/spartasportcenter.com\/cuenca\/wp-content\/uploads\/2024\/05\/body-pump-cuenca.webp","type":"image\/webp"}],"twitter_card":"summary_large_image","twitter_misc":{"Tiempo de lectura":"3 minutos"},"schema":{"@context":"https:\/\/schema.org","@graph":[{"@type":"WebPage","@id":"https:\/\/spartasportcenter.com\/cuenca\/body-pump-cuenca\/","url":"https:\/\/spartasportcenter.com\/cuenca\/body-pump-cuenca\/","name":"Body Pump Cuenca - 1 D\u00cdA GRATIS | Sparta Sport Center","isPartOf":{"@id":"https:\/\/spartasportcenter.com\/cuenca\/#website"},"primaryImageOfPage":{"@id":"https:\/\/spartasportcenter.com\/cuenca\/body-pump-cuenca\/#primaryimage"},"image":{"@id":"https:\/\/spartasportcenter.com\/cuenca\/body-pump-cuenca\/#primaryimage"},"thumbnailUrl":"https:\/\/spartasportcenter.com\/cuenca\/wp-content\/uploads\/2024\/05\/body-pump-cuenca.webp","datePublished":"2018-08-20T15:49:40+00:00","dateModified":"2026-02-23T15:57:27+00:00","description":"Empieza a tonificar tu cuerpo con nuestras CLASES DE BODY PUMP DIRIGIDAS en Cuenca. Gana fuerza y reduce tu \u00edndice de gras corporal.","breadcrumb":{"@id":"https:\/\/spartasportcenter.com\/cuenca\/body-pump-cuenca\/#breadcrumb"},"inLanguage":"es","potentialAction":[{"@type":"ReadAction","target":["https:\/\/spartasportcenter.com\/cuenca\/body-pump-cuenca\/"]}]},{"@type":"ImageObject","inLanguage":"es","@id":"https:\/\/spartasportcenter.com\/cuenca\/body-pump-cuenca\/#primaryimage","url":"https:\/\/spartasportcenter.com\/cuenca\/wp-content\/uploads\/2024\/05\/body-pump-cuenca.webp","contentUrl":"https:\/\/spartasportcenter.com\/cuenca\/wp-content\/uploads\/2024\/05\/body-pump-cuenca.webp","width":2000,"height":1333,"caption":"body pump cuenca"},{"@type":"BreadcrumbList","@id":"https:\/\/spartasportcenter.com\/cuenca\/body-pump-cuenca\/#breadcrumb","itemListElement":[{"@type":"ListItem","position":1,"name":"Portada","item":"https:\/\/spartasportcenter.com\/cuenca\/"},{"@type":"ListItem","position":2,"name":"Body Pump Cuenca"}]},{"@type":"WebSite","@id":"https:\/\/spartasportcenter.com\/cuenca\/#website","url":"https:\/\/spartasportcenter.com\/cuenca\/","name":"Sparta Sport Center Cuenca","description":"Gimnasios en Cuenca","potentialAction":[{"@type":"SearchAction","target":{"@type":"EntryPoint","urlTemplate":"https:\/\/spartasportcenter.com\/cuenca\/?s={search_term_string}"},"query-input":{"@type":"PropertyValueSpecification","valueRequired":true,"valueName":"search_term_string"}}],"inLanguage":"es"}]}},"_links":{"self":[{"href":"https:\/\/spartasportcenter.com\/cuenca\/wp-json\/wp\/v2\/pages\/206555","targetHints":{"allow":["GET"]}}],"collection":[{"href":"https:\/\/spartasportcenter.com\/cuenca\/wp-json\/wp\/v2\/pages"}],"about":[{"href":"https:\/\/spartasportcenter.com\/cuenca\/wp-json\/wp\/v2\/types\/page"}],"author":[{"embeddable":true,"href":"https:\/\/spartasportcenter.com\/cuenca\/wp-json\/wp\/v2\/users\/1"}],"replies":[{"embeddable":true,"href":"https:\/\/spartasportcenter.com\/cuenca\/wp-json\/wp\/v2\/comments?post=206555"}],"version-history":[{"count":11,"href":"https:\/\/spartasportcenter.com\/cuenca\/wp-json\/wp\/v2\/pages\/206555\/revisions"}],"predecessor-version":[{"id":220825,"href":"https:\/\/spartasportcenter.com\/cuenca\/wp-json\/wp\/v2\/pages\/206555\/revisions\/220825"}],"wp:featuredmedia":[{"embeddable":true,"href":"https:\/\/spartasportcenter.com\/cuenca\/wp-json\/wp\/v2\/media\/219711"}],"wp:attachment":[{"href":"https:\/\/spartasportcenter.com\/cuenca\/wp-json\/wp\/v2\/media?parent=206555"}],"curies":[{"name":"wp","href":"https:\/\/api.w.org\/{rel}","templated":true}]}}