{"id":206559,"date":"2018-08-20T15:51:28","date_gmt":"2018-08-20T15:51:28","guid":{"rendered":"https:\/\/pamplona.spartasportcenter.com\/?page_id=206559"},"modified":"2024-05-31T11:03:52","modified_gmt":"2024-05-31T09:03:52","slug":"core-cuenca-jose-cobo","status":"publish","type":"page","link":"https:\/\/spartasportcenter.com\/cuenca-jose-cobo\/core-cuenca-jose-cobo\/","title":{"rendered":"Core Cuenca calle Jos\u00e9 Cobo"},"content":{"rendered":"<p>[et_pb_section fb_built=\u00bb1&#8243; custom_padding_last_edited=\u00bbon|phone\u00bb disabled_on=\u00bboff|off|off\u00bb _builder_version=\u00bb4.16&#8243; background_color=\u00bb#262626&#8243; background_enable_image=\u00bboff\u00bb custom_margin=\u00bb||||false|false\u00bb custom_padding=\u00bb80px|0px|0px|0px|false|false\u00bb custom_padding_tablet=\u00bb\u00bb custom_padding_phone=\u00bb30px||50px||false|false\u00bb global_colors_info=\u00bb{}\u00bb][et_pb_row column_structure=\u00bb1_3,2_3&#8243; custom_padding_last_edited=\u00bbon|desktop\u00bb _builder_version=\u00bb4.16&#8243; _module_preset=\u00bbdefault\u00bb custom_padding=\u00bb0px||||false|false\u00bb custom_padding_tablet=\u00bb\u00bb custom_padding_phone=\u00bb0px||||false|false\u00bb global_colors_info=\u00bb{}\u00bb][et_pb_column type=\u00bb1_3&#8243; _builder_version=\u00bb4.16&#8243; _module_preset=\u00bbdefault\u00bb global_colors_info=\u00bb{}\u00bb][et_pb_text _builder_version=\u00bb4.25.1&#8243; text_font=\u00bb||||||||\u00bb header_font=\u00bb||||||||\u00bb header_text_align=\u00bbcenter\u00bb header_2_font=\u00bb|300||on|||||\u00bb header_2_text_align=\u00bbright\u00bb header_2_font_size=\u00bb29px\u00bb custom_margin=\u00bb||0px||false|false\u00bb custom_padding=\u00bb|15%|0px||false|false\u00bb header_2_text_align_tablet=\u00bb\u00bb header_2_text_align_phone=\u00bbleft\u00bb header_2_text_align_last_edited=\u00bbon|phone\u00bb header_2_font_size_tablet=\u00bb51px\u00bb header_2_font_size_phone=\u00bb25px\u00bb header_2_font_size_last_edited=\u00bbon|phone\u00bb border_width_right=\u00bb2px\u00bb border_color_right=\u00bb#cccccc\u00bb border_width_right_tablet=\u00bb\u00bb border_width_right_phone=\u00bb0px\u00bb border_width_right_last_edited=\u00bbon|phone\u00bb locked=\u00bboff\u00bb global_colors_info=\u00bb{}\u00bb]<\/p>\n<h2>Clases de core en Cuenca calle Jos\u00e9 Cobo<\/h2>\n<p>[\/et_pb_text][\/et_pb_column][et_pb_column type=\u00bb2_3&#8243; _builder_version=\u00bb4.16&#8243; _module_preset=\u00bbdefault\u00bb global_colors_info=\u00bb{}\u00bb][et_pb_text _builder_version=\u00bb4.20.0&#8243; text_font=\u00bb|300|||||||\u00bb text_text_color=\u00bb#cccccc\u00bb text_line_height=\u00bb1.1em\u00bb header_font=\u00bb|300|||||||\u00bb header_2_font=\u00bb|300||on|||||\u00bb header_2_text_color=\u00bb#cccccc\u00bb header_2_font_size=\u00bb36px\u00bb header_2_letter_spacing=\u00bb2px\u00bb background_layout=\u00bbdark\u00bb global_colors_info=\u00bb{}\u00bb]<\/p>\n<p><span style=\"font-weight: 400;\">Sparta Sport Center ofrece Core en la calle Jos\u00e9 Cobo de Cuenca, una actividad f\u00edsica divertida que permite a los participantes ejercitar su cuerpo mientras se divierten. Las clases en grupos peque\u00f1os permiten a los instructores brindar atenci\u00f3n personalizada y adaptar las t\u00e9cnicas a las necesidades individuales de cada persona. <\/span><\/p>\n<p>[\/et_pb_text][et_pb_button button_text=\u00bb+\u00bb button_alignment=\u00bbcenter\u00bb module_class=\u00bbrv_button closed\u00bb _builder_version=\u00bb4.20.0&#8243; custom_button=\u00bbon\u00bb button_text_size=\u00bb39px\u00bb button_text_color=\u00bb#cccccc\u00bb button_border_width=\u00bb0px\u00bb button_border_radius=\u00bb0px\u00bb button_font=\u00bbOswald|700|||||||\u00bb button_use_icon=\u00bboff\u00bb custom_margin=\u00bb-40px|0px|-10px|0px|false|false\u00bb custom_margin_tablet=\u00bb\u00bb custom_margin_phone=\u00bb\u00bb custom_margin_last_edited=\u00bbon|phone\u00bb custom_padding=\u00bb0px|0px|0px|0px|true|\u00bb button_text_color_hover=\u00bbrgba(224,43,32,0.76)\u00bb button_border_color_hover=\u00bbrgba(0,0,0,0)\u00bb button_border_radius_hover=\u00bb0px\u00bb button_bg_color_hover=\u00bbrgba(0,0,0,0)\u00bb locked=\u00bboff\u00bb global_colors_info=\u00bb{}\u00bb button_text_size__hover_enabled=\u00bboff\u00bb button_one_text_size__hover_enabled=\u00bboff\u00bb button_two_text_size__hover_enabled=\u00bboff\u00bb button_text_color__hover_enabled=\u00bbon|desktop\u00bb button_text_color__hover=\u00bbrgba(255,255,255,0.5)\u00bb button_one_text_color__hover_enabled=\u00bboff\u00bb button_two_text_color__hover_enabled=\u00bboff\u00bb button_border_width__hover_enabled=\u00bboff\u00bb button_one_border_width__hover_enabled=\u00bboff\u00bb button_two_border_width__hover_enabled=\u00bboff\u00bb button_border_color__hover_enabled=\u00bbon\u00bb button_border_color__hover=\u00bbrgba(0,0,0,0)\u00bb button_one_border_color__hover_enabled=\u00bboff\u00bb button_two_border_color__hover_enabled=\u00bboff\u00bb button_border_radius__hover_enabled=\u00bbon\u00bb button_border_radius__hover=\u00bb0px\u00bb button_one_border_radius__hover_enabled=\u00bboff\u00bb button_two_border_radius__hover_enabled=\u00bboff\u00bb button_letter_spacing__hover_enabled=\u00bboff\u00bb button_one_letter_spacing__hover_enabled=\u00bboff\u00bb button_two_letter_spacing__hover_enabled=\u00bboff\u00bb button_bg_color__hover_enabled=\u00bbon\u00bb button_bg_color__hover=\u00bbrgba(255,255,255,0)\u00bb button_one_bg_color__hover_enabled=\u00bboff\u00bb button_two_bg_color__hover_enabled=\u00bboff\u00bb][\/et_pb_button][et_pb_text module_id=\u00bbreveal\u00bb _builder_version=\u00bb4.20.0&#8243; text_font=\u00bb|300|||||||\u00bb text_text_color=\u00bb#cccccc\u00bb text_line_height=\u00bb1.1em\u00bb header_font=\u00bb|300|||||||\u00bb header_2_font=\u00bb|300||on|||||\u00bb header_2_text_color=\u00bb#cccccc\u00bb header_2_font_size=\u00bb36px\u00bb header_2_letter_spacing=\u00bb2px\u00bb background_layout=\u00bbdark\u00bb locked=\u00bboff\u00bb global_colors_info=\u00bb{}\u00bb]<\/p>\n<p><span style=\"font-weight: 400;\">Nuestros clientes, independientemente de su nivel f\u00edsico, pueden mejorar su salud y bienestar, y aprender nuevas habilidades f\u00edsicas.<\/span><\/p>\n<p><span style=\"font-weight: 400;\">El desarrollo de los m\u00fasculos centrales es vital para el entrenamiento f\u00edsico de muchas personas. Sparta Sport Center ofrece clases de Core con instructores y profesores calificados que se enfocan en ejercicios que fortalecen los m\u00fasculos abdominales, lumbares y p\u00e9lvicos, mejorando la estabilidad del tronco y reduciendo el riesgo de lesiones al realizar actividades deportivas o cotidianas.\u00a0<\/span><\/p>\n<p><span style=\"font-weight: 400;\">Los participantes tambi\u00e9n pueden mejorar su flexibilidad, fuerza y resistencia sin necesidad de equipamiento costoso. Al finalizar las clases, los estudiantes tienen un mayor control sobre sus movimientos y pueden disfrutar plenamente de actividades como nadar, correr o practicar yoga.<\/span><\/p>\n<p>[\/et_pb_text][\/et_pb_column][\/et_pb_row][et_pb_row column_structure=\u00bb1_3,2_3&#8243; custom_padding_last_edited=\u00bbon|phone\u00bb _builder_version=\u00bb4.16&#8243; _module_preset=\u00bbdefault\u00bb custom_margin=\u00bb||0px||false|false\u00bb custom_padding=\u00bb||||false|false\u00bb custom_padding_tablet=\u00bb\u00bb custom_padding_phone=\u00bb0px||0px||false|false\u00bb global_colors_info=\u00bb{}\u00bb][et_pb_column type=\u00bb1_3&#8243; _builder_version=\u00bb4.16&#8243; _module_preset=\u00bbdefault\u00bb global_colors_info=\u00bb{}\u00bb][et_pb_text _builder_version=\u00bb4.25.1&#8243; text_font=\u00bb||||||||\u00bb header_font=\u00bb||||||||\u00bb header_text_align=\u00bbcenter\u00bb header_2_font=\u00bb|300||on|||||\u00bb header_2_text_align=\u00bbright\u00bb header_2_font_size=\u00bb29px\u00bb custom_margin=\u00bb||0px||false|false\u00bb custom_padding=\u00bb|15%|0px||false|false\u00bb hover_enabled=\u00bb0&#8243; header_2_text_align_tablet=\u00bb\u00bb header_2_text_align_phone=\u00bbleft\u00bb header_2_text_align_last_edited=\u00bbon|phone\u00bb header_2_font_size_tablet=\u00bb51px\u00bb header_2_font_size_phone=\u00bb25px\u00bb header_2_font_size_last_edited=\u00bbon|phone\u00bb border_width_right=\u00bb2px\u00bb border_color_right=\u00bb#cccccc\u00bb border_width_right_tablet=\u00bb\u00bb border_width_right_phone=\u00bb0px\u00bb border_width_right_last_edited=\u00bbon|phone\u00bb locked=\u00bboff\u00bb global_colors_info=\u00bb{}\u00bb sticky_enabled=\u00bb0&#8243;]<\/p>\n<h2>Beneficios del Core en Cuenca calle Jos\u00e9 Cobo<\/h2>\n<p>[\/et_pb_text][\/et_pb_column][et_pb_column type=\u00bb2_3&#8243; _builder_version=\u00bb4.16&#8243; _module_preset=\u00bbdefault\u00bb global_colors_info=\u00bb{}\u00bb][et_pb_text _builder_version=\u00bb4.20.0&#8243; text_font=\u00bb|300|||||||\u00bb text_text_color=\u00bb#cccccc\u00bb text_line_height=\u00bb1.1em\u00bb header_font=\u00bb|300|||||||\u00bb header_2_font=\u00bb|300||on|||||\u00bb header_2_text_color=\u00bb#cccccc\u00bb header_2_font_size=\u00bb36px\u00bb header_2_letter_spacing=\u00bb2px\u00bb background_layout=\u00bbdark\u00bb global_colors_info=\u00bb{}\u00bb]<\/p>\n<p><span style=\"font-weight: 400;\">Sparta Sport Center en la calle Jos\u00e9 Cobo es el lugar ideal para aquellos que buscan un ambiente agradable y seguro para practicar ejercicios de Core. Los instructores est\u00e1n ah\u00ed para guiar a los participantes durante las sesiones y asegurarse de que los movimientos sean correctos.\u00a0<\/span><\/p>\n<p><span style=\"font-weight: 400;\">Adem\u00e1s, no se necesita equipamiento costoso para hacer la mayor\u00eda de los ejercicios, lo cual ayuda a mantener bajos los costos. Al practicar Core en este gimnasio, los participantes no solo obtienen beneficios f\u00edsicos, sino tambi\u00e9n mentales, como mayor confianza en s\u00ed mismos y una mejora general en su salud mental.<\/span><\/p>\n<p>[\/et_pb_text][\/et_pb_column][\/et_pb_row][\/et_pb_section][et_pb_section fb_built=\u00bb1&#8243; custom_padding_last_edited=\u00bbon|phone\u00bb _builder_version=\u00bb4.16&#8243; _module_preset=\u00bbdefault\u00bb background_color=\u00bb#262626&#8243; custom_padding=\u00bb0px||50px||false|false\u00bb custom_padding_tablet=\u00bb\u00bb custom_padding_phone=\u00bb||30px||false|false\u00bb global_colors_info=\u00bb{}\u00bb][et_pb_row column_structure=\u00bb1_3,2_3&#8243; custom_padding_last_edited=\u00bbon|phone\u00bb _builder_version=\u00bb4.16&#8243; _module_preset=\u00bbdefault\u00bb custom_padding_tablet=\u00bb\u00bb custom_padding_phone=\u00bb0px||0px||false|false\u00bb global_colors_info=\u00bb{}\u00bb][et_pb_column type=\u00bb1_3&#8243; _builder_version=\u00bb4.16&#8243; _module_preset=\u00bbdefault\u00bb global_colors_info=\u00bb{}\u00bb][et_pb_text _builder_version=\u00bb4.25.1&#8243; text_font=\u00bb||||||||\u00bb header_font=\u00bb||||||||\u00bb header_text_align=\u00bbcenter\u00bb header_2_font=\u00bb|300||on|||||\u00bb header_2_text_align=\u00bbright\u00bb header_2_font_size=\u00bb29px\u00bb custom_margin=\u00bb||0px||false|false\u00bb custom_padding=\u00bb|15%|0px||false|false\u00bb hover_enabled=\u00bb0&#8243; header_2_text_align_tablet=\u00bb\u00bb header_2_text_align_phone=\u00bbleft\u00bb header_2_text_align_last_edited=\u00bbon|phone\u00bb header_2_font_size_tablet=\u00bb51px\u00bb header_2_font_size_phone=\u00bb25px\u00bb header_2_font_size_last_edited=\u00bbon|phone\u00bb border_width_right=\u00bb2px\u00bb border_color_right=\u00bb#cccccc\u00bb border_width_right_tablet=\u00bb\u00bb border_width_right_phone=\u00bb0px\u00bb border_width_right_last_edited=\u00bbon|phone\u00bb locked=\u00bboff\u00bb global_colors_info=\u00bb{}\u00bb sticky_enabled=\u00bb0&#8243;]<\/p>\n<h2>Por qu\u00e9 Core en Sparta Sport Center Cuenca calle Jos\u00e9 Cobo<\/h2>\n<p>[\/et_pb_text][\/et_pb_column][et_pb_column type=\u00bb2_3&#8243; _builder_version=\u00bb4.16&#8243; _module_preset=\u00bbdefault\u00bb global_colors_info=\u00bb{}\u00bb][et_pb_text _builder_version=\u00bb4.20.0&#8243; text_font=\u00bb|300|||||||\u00bb text_text_color=\u00bb#cccccc\u00bb text_line_height=\u00bb1.1em\u00bb header_font=\u00bb|300|||||||\u00bb header_2_font=\u00bb|300||on|||||\u00bb header_2_text_color=\u00bb#cccccc\u00bb header_2_font_size=\u00bb36px\u00bb header_2_letter_spacing=\u00bb2px\u00bb background_layout=\u00bbdark\u00bb global_colors_info=\u00bb{}\u00bb]<\/p>\n<p><span style=\"font-weight: 400;\">Las clases de Core en Sparta Sport Center ofrecen una excelente oportunidad para quienes desean mejorar su salud f\u00edsica y mental. Los entrenadores profesionales del gimnasio ofrecen un programa personalizado para asegurarse de que cada cliente consiga los mejores resultados posibles.<\/span><\/p>\n<p><span style=\"font-weight: 400;\">Por otro lado, el ambiente amigable y acogedor del gimnasio contribuye a mejorar la experiencia de clase. En definitiva, las clases de Core en el Sparta Sport Center son una excelente opci\u00f3n para mejorar la resistencia y la fuerza muscular, fortalecer el n\u00facleo y mejorar la postura, y obtener resultados visibles en poco tiempo.<\/span><\/p>\n<p>[\/et_pb_text][et_pb_button button_text=\u00bb+\u00bb button_alignment=\u00bbcenter\u00bb module_class=\u00bbrv_button3 closed\u00bb _builder_version=\u00bb4.20.0&#8243; custom_button=\u00bbon\u00bb button_text_size=\u00bb39px\u00bb button_text_color=\u00bb#cccccc\u00bb button_border_width=\u00bb0px\u00bb button_border_radius=\u00bb0px\u00bb button_font=\u00bbOswald|700|||||||\u00bb button_use_icon=\u00bboff\u00bb custom_margin=\u00bb-40px|0px|-10px|0px|false|false\u00bb custom_margin_tablet=\u00bb\u00bb custom_margin_phone=\u00bb\u00bb custom_margin_last_edited=\u00bbon|phone\u00bb custom_padding=\u00bb0px|0px|0px|0px|true|\u00bb button_text_color_hover=\u00bbrgba(224,43,32,0.76)\u00bb button_border_color_hover=\u00bbrgba(0,0,0,0)\u00bb button_border_radius_hover=\u00bb0px\u00bb button_bg_color_hover=\u00bbrgba(0,0,0,0)\u00bb locked=\u00bboff\u00bb global_colors_info=\u00bb{}\u00bb button_text_size__hover_enabled=\u00bboff\u00bb button_one_text_size__hover_enabled=\u00bboff\u00bb button_two_text_size__hover_enabled=\u00bboff\u00bb button_text_color__hover_enabled=\u00bbon|desktop\u00bb button_text_color__hover=\u00bbrgba(255,255,255,0.5)\u00bb button_one_text_color__hover_enabled=\u00bboff\u00bb button_two_text_color__hover_enabled=\u00bboff\u00bb button_border_width__hover_enabled=\u00bboff\u00bb button_one_border_width__hover_enabled=\u00bboff\u00bb button_two_border_width__hover_enabled=\u00bboff\u00bb button_border_color__hover_enabled=\u00bbon\u00bb button_border_color__hover=\u00bbrgba(0,0,0,0)\u00bb button_one_border_color__hover_enabled=\u00bboff\u00bb button_two_border_color__hover_enabled=\u00bboff\u00bb button_border_radius__hover_enabled=\u00bbon\u00bb button_border_radius__hover=\u00bb0px\u00bb button_one_border_radius__hover_enabled=\u00bboff\u00bb button_two_border_radius__hover_enabled=\u00bboff\u00bb button_letter_spacing__hover_enabled=\u00bboff\u00bb button_one_letter_spacing__hover_enabled=\u00bboff\u00bb button_two_letter_spacing__hover_enabled=\u00bboff\u00bb button_bg_color__hover_enabled=\u00bbon\u00bb button_bg_color__hover=\u00bbrgba(255,255,255,0)\u00bb button_one_bg_color__hover_enabled=\u00bboff\u00bb button_two_bg_color__hover_enabled=\u00bboff\u00bb][\/et_pb_button][et_pb_text module_id=\u00bbreveal3&#8243; _builder_version=\u00bb4.21.0&#8243; text_font=\u00bb|300|||||||\u00bb text_text_color=\u00bb#cccccc\u00bb text_line_height=\u00bb1.1em\u00bb header_font=\u00bb|300|||||||\u00bb header_2_font=\u00bb|300||on|||||\u00bb header_2_text_color=\u00bb#cccccc\u00bb header_2_font_size=\u00bb36px\u00bb header_2_letter_spacing=\u00bb2px\u00bb background_layout=\u00bbdark\u00bb locked=\u00bboff\u00bb global_colors_info=\u00bb{}\u00bb]<\/p>\n<p><span style=\"font-weight: 400;\">Adem\u00e1s, en Sparta Sport Center en la calle Jos\u00e9 Cobo en Cuenca, los participantes de las clases de core pueden aprovechar la variedad de opciones de horarios para ajustar su entrenamiento a sus horarios ocupados. Se ofrecen clases por la ma\u00f1ana, tarde y noche para adaptarse a las necesidades de los clientes. Esto hace que sea m\u00e1s f\u00e1cil para los miembros del gimnasio integrar las clases de core en sus rutinas diarias<\/span><\/p>\n<p><span style=\"font-weight: 400;\">En cuanto a la seguridad, Sparta Sport Center en la calle Jos\u00e9 Cobo de Cuenca toma medidas para garantizar la seguridad de todos los participantes de las clases de core. El equipo y las instalaciones del gimnasio se mantienen limpios y sanitizados regularmente para reducir el riesgo de infecci\u00f3n.\u00a0<\/span><\/p>\n<p><span style=\"font-weight: 400;\">En cualquier caso, si quieres tonificar tus m\u00fasculos en nuestro gimnasio, las clases de core pueden ser tu mejor opci\u00f3n.<\/span><\/p>\n<p>[\/et_pb_text][\/et_pb_column][\/et_pb_row][\/et_pb_section]<\/p>\n","protected":false},"excerpt":{"rendered":"<p>Clases de core en Cuenca calle Jos\u00e9 CoboSparta Sport Center ofrece Core en la calle Jos\u00e9 Cobo de Cuenca, una actividad f\u00edsica divertida que permite a los participantes ejercitar su cuerpo mientras se divierten. Las clases en grupos peque\u00f1os permiten a los instructores brindar atenci\u00f3n personalizada y adaptar las t\u00e9cnicas a las necesidades individuales de [&hellip;]<\/p>\n","protected":false},"author":1,"featured_media":220359,"parent":0,"menu_order":0,"comment_status":"closed","ping_status":"closed","template":"","meta":{"_et_pb_use_builder":"on","_et_pb_old_content":"","_et_gb_content_width":"","footnotes":""},"class_list":["post-206559","page","type-page","status-publish","has-post-thumbnail","hentry"],"yoast_head":"<!-- This site is optimized with the Yoast SEO plugin v27.4 - https:\/\/yoast.com\/product\/yoast-seo-wordpress\/ -->\n<title>Core en calle Jos\u00e9 Cobo en Cuenca | Sparta Sport Center<\/title>\n<meta name=\"description\" content=\"\u00bfEst\u00e1s buscando un gimnasio para hacer Core en calle Jos\u00e9 Cobo en Cuenca? En Sparta Sport Center podemos ayudarte. \u00a1Ap\u00fantate ya a nuestro gimnasio!\" \/>\n<meta name=\"robots\" content=\"index, follow, max-snippet:-1, max-image-preview:large, max-video-preview:-1\" \/>\n<link rel=\"canonical\" href=\"https:\/\/spartasportcenter.com\/cuenca-jose-cobo\/core-cuenca-jose-cobo\/\" \/>\n<meta property=\"og:locale\" content=\"es_ES\" \/>\n<meta property=\"og:type\" content=\"article\" \/>\n<meta property=\"og:title\" content=\"Core en calle Jos\u00e9 Cobo en Cuenca | Sparta Sport Center\" \/>\n<meta property=\"og:description\" content=\"\u00bfEst\u00e1s buscando un gimnasio para hacer Core en calle Jos\u00e9 Cobo en Cuenca? En Sparta Sport Center podemos ayudarte. \u00a1Ap\u00fantate ya a nuestro gimnasio!\" \/>\n<meta property=\"og:url\" content=\"https:\/\/spartasportcenter.com\/cuenca-jose-cobo\/core-cuenca-jose-cobo\/\" \/>\n<meta property=\"og:site_name\" content=\"Sparta Sport Center Cuenca Jose Cobo\" \/>\n<meta property=\"article:modified_time\" content=\"2024-05-31T09:03:52+00:00\" \/>\n<meta property=\"og:image\" content=\"https:\/\/spartasportcenter.com\/cuenca-jose-cobo\/wp-content\/uploads\/2024\/05\/core-cuenca-jose-cobowebp.webp\" \/>\n\t<meta property=\"og:image:width\" content=\"2000\" \/>\n\t<meta property=\"og:image:height\" content=\"1333\" \/>\n\t<meta property=\"og:image:type\" content=\"image\/webp\" \/>\n<meta name=\"twitter:card\" content=\"summary_large_image\" \/>\n<meta name=\"twitter:label1\" content=\"Tiempo de lectura\" \/>\n\t<meta name=\"twitter:data1\" content=\"3 minutos\" \/>\n<script type=\"application\/ld+json\" class=\"yoast-schema-graph\">{\"@context\":\"https:\\\/\\\/schema.org\",\"@graph\":[{\"@type\":\"WebPage\",\"@id\":\"https:\\\/\\\/spartasportcenter.com\\\/cuenca-jose-cobo\\\/core-cuenca-jose-cobo\\\/\",\"url\":\"https:\\\/\\\/spartasportcenter.com\\\/cuenca-jose-cobo\\\/core-cuenca-jose-cobo\\\/\",\"name\":\"Core en calle Jos\u00e9 Cobo en Cuenca | Sparta Sport Center\",\"isPartOf\":{\"@id\":\"https:\\\/\\\/spartasportcenter.com\\\/cuenca-jose-cobo\\\/#website\"},\"primaryImageOfPage\":{\"@id\":\"https:\\\/\\\/spartasportcenter.com\\\/cuenca-jose-cobo\\\/core-cuenca-jose-cobo\\\/#primaryimage\"},\"image\":{\"@id\":\"https:\\\/\\\/spartasportcenter.com\\\/cuenca-jose-cobo\\\/core-cuenca-jose-cobo\\\/#primaryimage\"},\"thumbnailUrl\":\"https:\\\/\\\/spartasportcenter.com\\\/cuenca-jose-cobo\\\/wp-content\\\/uploads\\\/2024\\\/05\\\/core-cuenca-jose-cobowebp.webp\",\"datePublished\":\"2018-08-20T15:51:28+00:00\",\"dateModified\":\"2024-05-31T09:03:52+00:00\",\"description\":\"\u00bfEst\u00e1s buscando un gimnasio para hacer Core en calle Jos\u00e9 Cobo en Cuenca? En Sparta Sport Center podemos ayudarte. \u00a1Ap\u00fantate ya a nuestro gimnasio!\",\"breadcrumb\":{\"@id\":\"https:\\\/\\\/spartasportcenter.com\\\/cuenca-jose-cobo\\\/core-cuenca-jose-cobo\\\/#breadcrumb\"},\"inLanguage\":\"es\",\"potentialAction\":[{\"@type\":\"ReadAction\",\"target\":[\"https:\\\/\\\/spartasportcenter.com\\\/cuenca-jose-cobo\\\/core-cuenca-jose-cobo\\\/\"]}]},{\"@type\":\"ImageObject\",\"inLanguage\":\"es\",\"@id\":\"https:\\\/\\\/spartasportcenter.com\\\/cuenca-jose-cobo\\\/core-cuenca-jose-cobo\\\/#primaryimage\",\"url\":\"https:\\\/\\\/spartasportcenter.com\\\/cuenca-jose-cobo\\\/wp-content\\\/uploads\\\/2024\\\/05\\\/core-cuenca-jose-cobowebp.webp\",\"contentUrl\":\"https:\\\/\\\/spartasportcenter.com\\\/cuenca-jose-cobo\\\/wp-content\\\/uploads\\\/2024\\\/05\\\/core-cuenca-jose-cobowebp.webp\",\"width\":2000,\"height\":1333,\"caption\":\"core cuenca jose cobowebp\"},{\"@type\":\"BreadcrumbList\",\"@id\":\"https:\\\/\\\/spartasportcenter.com\\\/cuenca-jose-cobo\\\/core-cuenca-jose-cobo\\\/#breadcrumb\",\"itemListElement\":[{\"@type\":\"ListItem\",\"position\":1,\"name\":\"Portada\",\"item\":\"https:\\\/\\\/spartasportcenter.com\\\/cuenca-jose-cobo\\\/\"},{\"@type\":\"ListItem\",\"position\":2,\"name\":\"Core Cuenca calle Jos\u00e9 Cobo\"}]},{\"@type\":\"WebSite\",\"@id\":\"https:\\\/\\\/spartasportcenter.com\\\/cuenca-jose-cobo\\\/#website\",\"url\":\"https:\\\/\\\/spartasportcenter.com\\\/cuenca-jose-cobo\\\/\",\"name\":\"Sparta Sport Center Cuenca Jose Cobo\",\"description\":\"Gimnasios en Cuenca\",\"potentialAction\":[{\"@type\":\"SearchAction\",\"target\":{\"@type\":\"EntryPoint\",\"urlTemplate\":\"https:\\\/\\\/spartasportcenter.com\\\/cuenca-jose-cobo\\\/?s={search_term_string}\"},\"query-input\":{\"@type\":\"PropertyValueSpecification\",\"valueRequired\":true,\"valueName\":\"search_term_string\"}}],\"inLanguage\":\"es\"}]}<\/script>\n<!-- \/ Yoast SEO plugin. -->","yoast_head_json":{"title":"Core en calle Jos\u00e9 Cobo en Cuenca | Sparta Sport Center","description":"\u00bfEst\u00e1s buscando un gimnasio para hacer Core en calle Jos\u00e9 Cobo en Cuenca? En Sparta Sport Center podemos ayudarte. \u00a1Ap\u00fantate ya a nuestro gimnasio!","robots":{"index":"index","follow":"follow","max-snippet":"max-snippet:-1","max-image-preview":"max-image-preview:large","max-video-preview":"max-video-preview:-1"},"canonical":"https:\/\/spartasportcenter.com\/cuenca-jose-cobo\/core-cuenca-jose-cobo\/","og_locale":"es_ES","og_type":"article","og_title":"Core en calle Jos\u00e9 Cobo en Cuenca | Sparta Sport Center","og_description":"\u00bfEst\u00e1s buscando un gimnasio para hacer Core en calle Jos\u00e9 Cobo en Cuenca? En Sparta Sport Center podemos ayudarte. \u00a1Ap\u00fantate ya a nuestro gimnasio!","og_url":"https:\/\/spartasportcenter.com\/cuenca-jose-cobo\/core-cuenca-jose-cobo\/","og_site_name":"Sparta Sport Center Cuenca Jose Cobo","article_modified_time":"2024-05-31T09:03:52+00:00","og_image":[{"width":2000,"height":1333,"url":"https:\/\/spartasportcenter.com\/cuenca-jose-cobo\/wp-content\/uploads\/2024\/05\/core-cuenca-jose-cobowebp.webp","type":"image\/webp"}],"twitter_card":"summary_large_image","twitter_misc":{"Tiempo de lectura":"3 minutos"},"schema":{"@context":"https:\/\/schema.org","@graph":[{"@type":"WebPage","@id":"https:\/\/spartasportcenter.com\/cuenca-jose-cobo\/core-cuenca-jose-cobo\/","url":"https:\/\/spartasportcenter.com\/cuenca-jose-cobo\/core-cuenca-jose-cobo\/","name":"Core en calle Jos\u00e9 Cobo en Cuenca | Sparta Sport Center","isPartOf":{"@id":"https:\/\/spartasportcenter.com\/cuenca-jose-cobo\/#website"},"primaryImageOfPage":{"@id":"https:\/\/spartasportcenter.com\/cuenca-jose-cobo\/core-cuenca-jose-cobo\/#primaryimage"},"image":{"@id":"https:\/\/spartasportcenter.com\/cuenca-jose-cobo\/core-cuenca-jose-cobo\/#primaryimage"},"thumbnailUrl":"https:\/\/spartasportcenter.com\/cuenca-jose-cobo\/wp-content\/uploads\/2024\/05\/core-cuenca-jose-cobowebp.webp","datePublished":"2018-08-20T15:51:28+00:00","dateModified":"2024-05-31T09:03:52+00:00","description":"\u00bfEst\u00e1s buscando un gimnasio para hacer Core en calle Jos\u00e9 Cobo en Cuenca? En Sparta Sport Center podemos ayudarte. \u00a1Ap\u00fantate ya a nuestro gimnasio!","breadcrumb":{"@id":"https:\/\/spartasportcenter.com\/cuenca-jose-cobo\/core-cuenca-jose-cobo\/#breadcrumb"},"inLanguage":"es","potentialAction":[{"@type":"ReadAction","target":["https:\/\/spartasportcenter.com\/cuenca-jose-cobo\/core-cuenca-jose-cobo\/"]}]},{"@type":"ImageObject","inLanguage":"es","@id":"https:\/\/spartasportcenter.com\/cuenca-jose-cobo\/core-cuenca-jose-cobo\/#primaryimage","url":"https:\/\/spartasportcenter.com\/cuenca-jose-cobo\/wp-content\/uploads\/2024\/05\/core-cuenca-jose-cobowebp.webp","contentUrl":"https:\/\/spartasportcenter.com\/cuenca-jose-cobo\/wp-content\/uploads\/2024\/05\/core-cuenca-jose-cobowebp.webp","width":2000,"height":1333,"caption":"core cuenca jose cobowebp"},{"@type":"BreadcrumbList","@id":"https:\/\/spartasportcenter.com\/cuenca-jose-cobo\/core-cuenca-jose-cobo\/#breadcrumb","itemListElement":[{"@type":"ListItem","position":1,"name":"Portada","item":"https:\/\/spartasportcenter.com\/cuenca-jose-cobo\/"},{"@type":"ListItem","position":2,"name":"Core Cuenca calle Jos\u00e9 Cobo"}]},{"@type":"WebSite","@id":"https:\/\/spartasportcenter.com\/cuenca-jose-cobo\/#website","url":"https:\/\/spartasportcenter.com\/cuenca-jose-cobo\/","name":"Sparta Sport Center Cuenca Jose Cobo","description":"Gimnasios en Cuenca","potentialAction":[{"@type":"SearchAction","target":{"@type":"EntryPoint","urlTemplate":"https:\/\/spartasportcenter.com\/cuenca-jose-cobo\/?s={search_term_string}"},"query-input":{"@type":"PropertyValueSpecification","valueRequired":true,"valueName":"search_term_string"}}],"inLanguage":"es"}]}},"_links":{"self":[{"href":"https:\/\/spartasportcenter.com\/cuenca-jose-cobo\/wp-json\/wp\/v2\/pages\/206559","targetHints":{"allow":["GET"]}}],"collection":[{"href":"https:\/\/spartasportcenter.com\/cuenca-jose-cobo\/wp-json\/wp\/v2\/pages"}],"about":[{"href":"https:\/\/spartasportcenter.com\/cuenca-jose-cobo\/wp-json\/wp\/v2\/types\/page"}],"author":[{"embeddable":true,"href":"https:\/\/spartasportcenter.com\/cuenca-jose-cobo\/wp-json\/wp\/v2\/users\/1"}],"replies":[{"embeddable":true,"href":"https:\/\/spartasportcenter.com\/cuenca-jose-cobo\/wp-json\/wp\/v2\/comments?post=206559"}],"version-history":[{"count":25,"href":"https:\/\/spartasportcenter.com\/cuenca-jose-cobo\/wp-json\/wp\/v2\/pages\/206559\/revisions"}],"predecessor-version":[{"id":220463,"href":"https:\/\/spartasportcenter.com\/cuenca-jose-cobo\/wp-json\/wp\/v2\/pages\/206559\/revisions\/220463"}],"wp:featuredmedia":[{"embeddable":true,"href":"https:\/\/spartasportcenter.com\/cuenca-jose-cobo\/wp-json\/wp\/v2\/media\/220359"}],"wp:attachment":[{"href":"https:\/\/spartasportcenter.com\/cuenca-jose-cobo\/wp-json\/wp\/v2\/media?parent=206559"}],"curies":[{"name":"wp","href":"https:\/\/api.w.org\/{rel}","templated":true}]}}