{"id":206763,"date":"2018-08-21T18:04:26","date_gmt":"2018-08-21T18:04:26","guid":{"rendered":"https:\/\/pamplona.spartasportcenter.com\/?page_id=206763"},"modified":"2025-07-21T13:49:14","modified_gmt":"2025-07-21T11:49:14","slug":"aviso-legal-sparta","status":"publish","type":"page","link":"https:\/\/spartasportcenter.com\/alcoi\/aviso-legal-sparta\/","title":{"rendered":"Aviso Legal Alcoi"},"content":{"rendered":"\n<h2 class=\"wp-block-heading\"><strong>TITULAR DE LA WEB<\/strong><\/h2>\n\n\n\n<p>En cumplimiento con el deber de informaci\u00f3n recogido en art\u00edculo 10 de la Ley 34\/2002, de 11 de julio, de Servicios de la Sociedad de la Informaci\u00f3n y del Comercio Electr\u00f3nico, a continuaci\u00f3n se reflejan los siguientes datos:<\/p>\n\n\n\n<p>Empresa titular de esta web: FLORIDA SPORT SOLUTIONS, S.L.U.<\/p>\n\n\n\n<p>C.I.F.: B71484836<\/p>\n\n\n\n<p>Domicilio: C\/ SANCHO RAM\u00cdREZ, 23 BAJO &#8211; 31008 &#8211; PAMPLONA (NAVARRA)<\/p>\n\n\n\n<p>Inscrito en el Registro Mercantil de Pamplona, tomo 2113, folio 165, hoja NA42301, inscripci\u00f3n 1, fecha 05\/07\/2023.<\/p>\n\n\n\n<p>Tel\u00e9fono: 965684074<\/p>\n\n\n\n<p>Correo electr\u00f3nico: alcoi@spartasportcenter.com<\/p>\n\n\n\n<h2 class=\"wp-block-heading\"><strong>OBJETO<\/strong><\/h2>\n\n\n\n<p>El Responsable pone a disposici\u00f3n de los usuarios el presente documento con el que pretende dar cumplimiento de lo dispuesto por la Ley 34\/2002, de 11 de julio, de Servicios de la Sociedad de la Informaci\u00f3n y del Comercio Electr\u00f3nico y las normativas vigentes en materia de Protecci\u00f3n de Datos, as\u00ed como informar a todos los usuarios del sitio web respecto a cu\u00e1les son las condiciones de uso del mismo.<\/p>\n\n\n\n<p>Toda persona que acceda a este sitio web asume el papel de usuario, comprometi\u00e9ndose a la observancia y cumplimiento riguroso de las disposiciones aqu\u00ed dispuestas, as\u00ed como a cualquier otra disposici\u00f3n legal que fuera de aplicaci\u00f3n.<\/p>\n\n\n\n<p>El Responsable se reserva el derecho a modificar cualquier tipo de informaci\u00f3n que pudiera aparecer en el sitio web, sin que exista obligaci\u00f3n de preavisar o poner en conocimiento de los usuarios dichas obligaciones, entendi\u00e9ndose como suficiente con la publicaci\u00f3n en el sitio web del Responsable.<\/p>\n\n\n\n<h2 class=\"wp-block-heading\"><strong>RESPONSABILIDAD<\/strong><\/h2>\n\n\n\n<p>El Responsable se exime de cualquier tipo de responsabilidad derivada de la informaci\u00f3n publicada en su sitio web, siempre que esta informaci\u00f3n haya sido manipulada o introducida por un tercero ajeno al mismo.<\/p>\n\n\n\n<h2 class=\"wp-block-heading\"><strong>DIRECCIONES IP<\/strong><\/h2>\n\n\n\n<p>Los servidores del sitio web podr\u00e1n detectar de manera autom\u00e1tica la direcci\u00f3n IP y el nombre de dominio utilizados por el usuario.<\/p>\n\n\n\n<p>Una direcci\u00f3n IP es un n\u00famero asignado autom\u00e1ticamente a un ordenador cuando \u00e9ste se conecta a Internet. Toda esta informaci\u00f3n es registrada en un fichero de actividad del servidor, que permite el posterior procesamiento de los datos con el fin de obtener mediciones \u00fanicamente estad\u00edsticas que permitan conocer el n\u00famero de impresiones de p\u00e1ginas, el n\u00famero de visitas realizadas a los servidores web, el orden de visitas, el punto de acceso, etc.<\/p>\n\n\n\n<h2 class=\"wp-block-heading\"><strong>POL\u00cdTICA DE ENLACES<\/strong><\/h2>\n\n\n\n<p>Desde el presente sitio web es posible que se redirija a contenidos de terceros sitios web. Dado que El Responsable no puede controlar siempre los contenidos introducidos por los terceros en sus sitios web, \u00e9ste no asume ning\u00fan tipo de responsabilidad respecto a dichos contenidos. En todo caso, El Responsable manifiesta que proceder\u00e1 a la retirada inmediata de cualquier contenido que pudiera contravenir la legislaci\u00f3n nacional o internacional, la moral o el orden p\u00fablico, procediendo a la retirada inmediata de la redirecci\u00f3n a dicho sitio web, poniendo en conocimiento de las autoridades competentes el contenido en cuesti\u00f3n.<\/p>\n\n\n\n<p>El Responsable no se hace responsable de la informaci\u00f3n y contenidos almacenados, a t\u00edtulo enunciativo pero no limitativo, en foros, chats, generadores de blogs, comentarios, redes sociales o cualquier otro medio que permita a terceros publicar contenidos de forma independiente en la p\u00e1gina web del Responsable. No obstante y en cumplimiento de lo dispuesto en el art. 11 y 16 de la LSSICE, El Responsable se pone a disposici\u00f3n de todos los usuarios, autoridades y fuerzas de seguridad, colaborando de forma activa en la retirada o en su caso bloqueo de todos aquellos contenidos que pudieran afectar o contravenir la legislaci\u00f3n nacional, o internacional, derechos de terceros o la moral y el orden p\u00fablico. En caso de que el usuario considere que existe en el sitio web alg\u00fan contenido que pudiera ser susceptible de esta clasificaci\u00f3n, se ruega lo notifique de forma inmediata al administrador del sitio web.<\/p>\n\n\n\n<p>Este sitio web ha sido revisado y probado para que funcione correctamente. En principio, puede garantizarse el correcto funcionamiento los 365 d\u00edas del a\u00f1o, 24 horas al d\u00eda. No obstante, El Responsable no descarta la posibilidad de que existan ciertos errores de programaci\u00f3n, o que acontezcan causas de fuerza mayor, cat\u00e1strofes naturales, huelgas, o circunstancias semejantes que hagan imposible el acceso a la p\u00e1gina web.<\/p>\n\n\n\n<h2 class=\"wp-block-heading\"><strong>PROTECCI\u00d3N DE DATOS<\/strong><\/h2>\n\n\n\n<p>El Responsable se encuentra profundamente comprometido en el cumplimiento de lo dispuesto por la normativa vigente en materia de protecci\u00f3n de datos, y en el contexto del nuevo marco normativo establecido en virtud de lo dispuesto en el Reglamento (UE) 2016\/679 del Parlamento Europeo y del Consejo, de 27 de abril de 2016, relativo a la protecci\u00f3n de las personas f\u00edsicas en lo que respecta al tratamiento de datos personales y a la libre circulaci\u00f3n de estos datos (en adelante, el \u201cRGPD\u201d), y la normativa Ley Org\u00e1nica 3\/2018, de 5 de diciembre, de Protecci\u00f3n de Datos Personales y garant\u00eda de los derechos digitales (en adelante, el \u201cLOPDGDD\u201d).<\/p>\n\n\n\n<p>Asimismo, El Responsable informa que da cumplimiento a la Ley 34\/2002 de 11 de julio, de Servicios de la Sociedad de la Informaci\u00f3n y el Comercio Electr\u00f3nico y le solicitar\u00e1 su consentimiento al tratamiento de sus datos con fines comerciales en cada momento.<\/p>\n\n\n\n<h2 class=\"wp-block-heading\"><strong>PROPIEDAD INTELECTUAL E INDUSTRIAL<\/strong><\/h2>\n\n\n\n<p>El sitio web, incluyendo a t\u00edtulo enunciativo pero no limitativo su programaci\u00f3n, edici\u00f3n, compilaci\u00f3n y dem\u00e1s elementos necesarios para su funcionamiento, los dise\u00f1os, logotipos, texto y\/o gr\u00e1ficos son propiedad del Responsable o en su caso dispone de licencia o autorizaci\u00f3n expresa por parte de los autores.<\/p>\n\n\n\n<p>Todos los contenidos del sitio web se encuentran debidamente protegidos por la normativa de propiedad intelectual e industrial.<\/p>\n\n\n\n<p>Independientemente de la finalidad para la que fueran destinados, la reproducci\u00f3n total o parcial, uso, explotaci\u00f3n, distribuci\u00f3n y comercializaci\u00f3n, requiere en todo caso de la autorizaci\u00f3n escrita previa por parte del Responsable. Cualquier uso no autorizado previamente por parte del Responsable ser\u00e1 considerado un incumplimiento grave de los derechos de propiedad intelectual o industrial del autor.<\/p>\n\n\n\n<p>Los dise\u00f1os, logotipos, texto y\/o gr\u00e1ficos ajenos al prestador y que pudieran aparecer en el sitio web, pertenecen a sus respectivos propietarios, siendo ellos mismos responsables de cualquier posible controversia que pudiera suscitarse respecto a los mismos. En todo caso, El Responsable cuenta con la autorizaci\u00f3n expresa y previa por parte de los mismos.<\/p>\n\n\n\n<p>El Responsable autoriza expresamente a que terceros puedan redirigir directamente a los contenidos concretos del sitio web, debiendo en todo caso redirigir a la p\u00e1gina principal del sitio web del Responsable.<\/p>\n\n\n\n<p>El Responsable reconoce a favor de sus titulares los correspondientes derechos de propiedad intelectual e industrial, no implicando su sola menci\u00f3n o aparici\u00f3n en el sitio web la existencia de derechos o responsabilidad alguna del Responsable sobre los mismos, como tampoco respaldo, patrocinio o recomendaci\u00f3n por su parte.<\/p>\n\n\n\n<p>Para todas aquellas im\u00e1genes en las que el software de dise\u00f1o lo permite, se han incluido las referencias correspondientes a la autor\u00eda y licencia correspondiente.<\/p>\n\n\n\n<p>Para realizar cualquier tipo de observaci\u00f3n respecto a posibles incumplimientos de los derechos de propiedad intelectual o industrial, as\u00ed como sobre cualquiera de los contenidos del sitio web, puede hacerlo por escrito o correo electr\u00f3nico indicado en el encabezamiento.<\/p>\n\n\n\n<h2 class=\"wp-block-heading\"><strong>SSL<\/strong><\/h2>\n\n\n\n<p>El Responsable ha contratado para su sitio web un certificado SSL (\u00abSecure Sockets Layer\u00bb).<\/p>\n\n\n\n<p>Un certificado SSL permite proteger toda la informaci\u00f3n personal y confidencial que se pueda manejar en un sitio web, independientemente de la informaci\u00f3n que se est\u00e9 transmitiendo, como por ejemplo, desde cualquiera de los formularios de contacto del sitio web hasta el servidor, o los datos introducidos para la subscripci\u00f3n de boletines de noticias o accesos a las \u00e1reas protegidas, etc.<\/p>\n\n\n\n<p>La direcci\u00f3n del sitio web aparecer\u00e1 en color verde, activ\u00e1ndose el protocolo \u201chttps\u201d que permite conexiones seguras desde un servidor web al navegador del usuario.<\/p>\n","protected":false},"excerpt":{"rendered":"<p>&#8211;   <\/p>\n","protected":false},"author":1,"featured_media":222998,"parent":0,"menu_order":0,"comment_status":"closed","ping_status":"closed","template":"","meta":{"_et_pb_use_builder":"off","_et_pb_old_content":"<strong>Aviso Legal<\/strong>\r\n\r\nLas presentes condiciones generales rigen \u00fanica y exclusivamente el uso del sitio web de Sparta Sport Center por parte de los USUARIOS que accedan al mismo. El acceso al sitio web de Sparta Sport Center implica sin reservas la aceptaci\u00f3n de las presentes condiciones generales de uso que el USUARIO afirma comprender en su totalidad. El USUARIO se compromete a no utilizar el sitio web y los servicios que se ofrecen en el mismo para la realizaci\u00f3n de actividades contrarias a la ley y a respetar en todo momento las presentes condiciones generales.\r\n\r\nTITULARIDAD\r\n\r\nEn cumplimiento del art\u00edculo 10 de la Ley 34\/2002, de 11 de julio, de Servicios de la Sociedad de la Informaci\u00f3n y Comercio Electr\u00f3nico, se hace constar que esta p\u00e1gina corresponde a la entidad:\r\n\r\nDenominaci\u00f3n Social:\u00a0<b>NAVARRA SPORT SOLUTIONS SL\r\n<\/b>NIF:\u00a0<b>\u00a0ESB71173884\r\n<\/b>Domicilio social y a efectos de notificaci\u00f3n:\u00a0<b>C\/ Sancho Ram\u00edrez 19-25; c\u00f3digo postal 31008 de Pamplona, Navarra.\r\n<\/b>Correo electr\u00f3nico:\u00a0<b>info@spartasportcenter.com<\/b>\r\nNombre del dominio:\u00a0<b>spartasportcenter.com\r\n<\/b>Tel\u00e9fono:\u00a0+34 948277462\r\n\r\nUSUARIOS\r\n\r\nEl acceso y\/o uso de este portal de Sparta Sport Center atribuye la condici\u00f3n de USUARIO, que acepta, desde dicho acceso y\/o uso, las Condiciones Generales de Uso aqu\u00ed reflejadas. Las citadas Condiciones ser\u00e1n de aplicaci\u00f3n independientemente de las Condiciones Generales de Contrataci\u00f3n que en su caso resulten de obligado cumplimiento.\r\n\r\nPROPIEDAD INTELECTUAL E INDUSTRIAL\r\n\r\nSparta Sport Center por s\u00ed o como cesionaria, es titular de todos los derechos de propiedad intelectual e industrial de su p\u00e1gina web, as\u00ed como de los elementos contenidos en la misma (a t\u00edtulo enunciativo, im\u00e1genes, sonido, audio, v\u00eddeo, software o textos; marcas o logotipos, combinaciones de colores, estructura y dise\u00f1o, selecci\u00f3n de materiales usados, programas de ordenador necesarios para su funcionamiento, acceso y uso, etc.), titularidad Sparta Sport Center. Todos los derechos reservados. En virtud de lo dispuesto en los art\u00edculos 8 y 32.1, p\u00e1rrafo segundo, de la Ley de Propiedad Intelectual, quedan expresamente prohibidas la reproducci\u00f3n, la distribuci\u00f3n y la comunicaci\u00f3n p\u00fablica, incluida su modalidad de puesta a disposici\u00f3n, de la totalidad o parte de los contenidos de esta p\u00e1gina web, con fines comerciales, en cualquier soporte y por cualquier medio t\u00e9cnico, sin la autorizaci\u00f3n de Sparta Sport Center. El USUARIO se compromete a respetar los derechos de Propiedad Intelectual e Industrial titularidad de Sparta Sport Center. Podr\u00e1 visualizar los elementos del portal e incluso imprimirlos, copiarlos y almacenarlos en el disco duro de su ordenador o en cualquier otro soporte f\u00edsico siempre y cuando sea, \u00fanica y exclusivamente, para su uso personal y privado. El USUARIO deber\u00e1 abstenerse de suprimir, alterar, eludir o manipular cualquier dispositivo de protecci\u00f3n o sistema de seguridad que estuviera instalado en el las p\u00e1ginas de Sparta Sport Center.\r\n\r\nUSO DE COOKIES Y DEL FICHERO DE ACTIVIDAD\r\n\r\n(Lea nuestra\u00a0<a title=\"Pol\u00edtica de cookies\" href=\"http:\/\/sansebastian.spartasportcenter.com\/politica-de-cookies\/\">Pol\u00edtica de cookies<\/a>).\r\nLa entidad por su propia cuenta o la de un tercero contratado para la prestaci\u00f3n de servicios de medici\u00f3n, pueden utilizar cookies cuando un usuario navega por el sitio web. Las cookies son ficheros enviados al navegador por medio de un servidor web con la finalidad de registrar las actividades del usuario durante su tiempo de navegaci\u00f3n. Las cookies utilizadas por el sitio web se asocian \u00fanicamente con un usuario an\u00f3nimo y su ordenador, y no proporcionan por s\u00ed mismas los datos personales del usuario. Mediante el uso de las cookies resulta posible que el servidor donde se encuentra la web, reconozca el navegador web utilizado por el usuario con la finalidad de que la navegaci\u00f3n sea m\u00e1s sencilla, permitiendo, por ejemplo, el acceso a los usuarios que se hayan registrado previamente, acceder a las \u00e1reas, servicios, etc. reservados exclusivamente a ellos sin tener que registrarse en cada visita. Se utilizan tambi\u00e9n para medir la audiencia y par\u00e1metros del tr\u00e1fico, controlar el progreso y n\u00famero de entradas. El usuario tiene la posibilidad de configurar su navegador para ser avisado de la recepci\u00f3n de cookies y para impedir su instalaci\u00f3n en su equipo. Por favor, consulte las instrucciones y manuales de su navegador para ampliar esta informaci\u00f3n. Para utilizar el sitio web, no resulta necesario que el usuario permita la instalaci\u00f3n de las cookies enviadas por el sitio web, o el tercero que act\u00fae en su nombre, sin perjuicio de que sea necesario que el usuario inicie una sesi\u00f3n como tal en cada uno de los servicios cuya prestaci\u00f3n requiera el previo registro o \u201clogin\u201d. Las cookies utilizadas en este sitio web tienen, en todo caso, car\u00e1cter temporal con la \u00fanica finalidad de hacer m\u00e1s eficaz su transmisi\u00f3n ulterior. En ning\u00fan caso se utilizar\u00e1n las cookies para recoger informaci\u00f3n de car\u00e1cter personal.\r\n\r\nEXCLUSI\u00d3N DE GARANT\u00cdAS Y RESPONSABILIDAD\r\n\r\nSparta Sport Center no se hace responsable, en ning\u00fan caso, de los da\u00f1os y perjuicios de cualquier naturaleza que pudieran ocasionar, a t\u00edtulo enunciativo: errores u omisiones en los contenidos, falta de disponibilidad del portal o la transmisi\u00f3n de virus o programas maliciosos o lesivos en los contenidos, a pesar de haber adoptado todas las medidas tecnol\u00f3gicas necesarias para evitarlo.\r\n\r\nDERECHO DE EXCLUSI\u00d3N\r\n\r\nSparta Sport Center se reserva el derecho a denegar o retirar el acceso a portal y\/o los servicios ofrecidos sin necesidad de preaviso, a instancia propia o de un tercero, a aquellos usuarios que incumplan las presentes Condiciones Generales de Uso.\r\n\r\nSEGURIDAD\r\n\r\nEl sitio web utiliza t\u00e9cnicas de seguridad de la informaci\u00f3n generalmente aceptadas en la industria, tales como firewalls, procedimientos de control de acceso y mecanismos criptogr\u00e1ficos, todo ello con el objeto de evitar el acceso no autorizado a los datos. Para lograr estos fines, el usuario\/cliente acepta que el prestador obtenga datos para efectos de la correspondiente autenticaci\u00f3n de los controles de acceso. Todo proceso de contrataci\u00f3n o que conlleve la introducci\u00f3n de datos personales de car\u00e1cter alto (salud, ideolog\u00eda,\u2026) ser\u00e1n siempre transmitidos mediante protocolo de comunicaci\u00f3n segura (Https:\/\/,\u2026), de tal forma que ning\u00fan tercero tenga acceso a la informaci\u00f3n transmitida v\u00eda electr\u00f3nica.","_et_gb_content_width":"","footnotes":""},"class_list":["post-206763","page","type-page","status-publish","has-post-thumbnail","hentry"],"yoast_head":"<!-- This site is optimized with the Yoast SEO plugin v26.6 - https:\/\/yoast.com\/wordpress\/plugins\/seo\/ -->\n<title>Aviso Legal Alcoi - Sparta Sport Center Alcoi<\/title>\n<meta name=\"description\" content=\"Accede al aviso legal de Sparta Sport Center Alcoi. Conoce los t\u00e9rminos y condiciones de uso de nuestro sitio web.\" \/>\n<meta name=\"robots\" content=\"index, follow, max-snippet:-1, max-image-preview:large, max-video-preview:-1\" \/>\n<link rel=\"canonical\" href=\"https:\/\/spartasportcenter.com\/alcoi\/aviso-legal-sparta\/\" \/>\n<meta property=\"og:locale\" content=\"es_ES\" \/>\n<meta property=\"og:type\" content=\"article\" \/>\n<meta property=\"og:title\" content=\"Aviso Legal Alcoi - Sparta Sport Center Alcoi\" \/>\n<meta property=\"og:description\" content=\"Accede al aviso legal de Sparta Sport Center Alcoi. Conoce los t\u00e9rminos y condiciones de uso de nuestro sitio web.\" \/>\n<meta property=\"og:url\" content=\"https:\/\/spartasportcenter.com\/alcoi\/aviso-legal-sparta\/\" \/>\n<meta property=\"og:site_name\" content=\"Sparta Sport Center Alcoi\" \/>\n<meta property=\"article:modified_time\" content=\"2025-07-21T11:49:14+00:00\" \/>\n<meta property=\"og:image\" content=\"https:\/\/spartasportcenter.com\/alcoi\/wp-content\/uploads\/2025\/06\/material-deportivo-de-colores.jpg\" \/>\n\t<meta property=\"og:image:width\" content=\"2000\" \/>\n\t<meta property=\"og:image:height\" content=\"1333\" \/>\n\t<meta property=\"og:image:type\" content=\"image\/jpeg\" \/>\n<meta name=\"twitter:card\" content=\"summary_large_image\" \/>\n<meta name=\"twitter:label1\" content=\"Tiempo de lectura\" \/>\n\t<meta name=\"twitter:data1\" content=\"6 minutos\" \/>\n<script type=\"application\/ld+json\" class=\"yoast-schema-graph\">{\"@context\":\"https:\/\/schema.org\",\"@graph\":[{\"@type\":\"WebPage\",\"@id\":\"https:\/\/spartasportcenter.com\/alcoi\/aviso-legal-sparta\/\",\"url\":\"https:\/\/spartasportcenter.com\/alcoi\/aviso-legal-sparta\/\",\"name\":\"Aviso Legal Alcoi - Sparta Sport Center Alcoi\",\"isPartOf\":{\"@id\":\"https:\/\/spartasportcenter.com\/alcoi\/#website\"},\"primaryImageOfPage\":{\"@id\":\"https:\/\/spartasportcenter.com\/alcoi\/aviso-legal-sparta\/#primaryimage\"},\"image\":{\"@id\":\"https:\/\/spartasportcenter.com\/alcoi\/aviso-legal-sparta\/#primaryimage\"},\"thumbnailUrl\":\"https:\/\/spartasportcenter.com\/alcoi\/wp-content\/uploads\/2025\/06\/material-deportivo-de-colores.jpg\",\"datePublished\":\"2018-08-21T18:04:26+00:00\",\"dateModified\":\"2025-07-21T11:49:14+00:00\",\"description\":\"Accede al aviso legal de Sparta Sport Center Alcoi. Conoce los t\u00e9rminos y condiciones de uso de nuestro sitio web.\",\"breadcrumb\":{\"@id\":\"https:\/\/spartasportcenter.com\/alcoi\/aviso-legal-sparta\/#breadcrumb\"},\"inLanguage\":\"es\",\"potentialAction\":[{\"@type\":\"ReadAction\",\"target\":[\"https:\/\/spartasportcenter.com\/alcoi\/aviso-legal-sparta\/\"]}]},{\"@type\":\"ImageObject\",\"inLanguage\":\"es\",\"@id\":\"https:\/\/spartasportcenter.com\/alcoi\/aviso-legal-sparta\/#primaryimage\",\"url\":\"https:\/\/spartasportcenter.com\/alcoi\/wp-content\/uploads\/2025\/06\/material-deportivo-de-colores.jpg\",\"contentUrl\":\"https:\/\/spartasportcenter.com\/alcoi\/wp-content\/uploads\/2025\/06\/material-deportivo-de-colores.jpg\",\"width\":2000,\"height\":1333,\"caption\":\"material deportivo de colores\"},{\"@type\":\"BreadcrumbList\",\"@id\":\"https:\/\/spartasportcenter.com\/alcoi\/aviso-legal-sparta\/#breadcrumb\",\"itemListElement\":[{\"@type\":\"ListItem\",\"position\":1,\"name\":\"Portada\",\"item\":\"https:\/\/spartasportcenter.com\/alcoi\/\"},{\"@type\":\"ListItem\",\"position\":2,\"name\":\"Aviso Legal Alcoi\"}]},{\"@type\":\"WebSite\",\"@id\":\"https:\/\/spartasportcenter.com\/alcoi\/#website\",\"url\":\"https:\/\/spartasportcenter.com\/alcoi\/\",\"name\":\"Sparta Sport Center Alcoi\",\"description\":\"Gimnasios en Cuenca\",\"potentialAction\":[{\"@type\":\"SearchAction\",\"target\":{\"@type\":\"EntryPoint\",\"urlTemplate\":\"https:\/\/spartasportcenter.com\/alcoi\/?s={search_term_string}\"},\"query-input\":{\"@type\":\"PropertyValueSpecification\",\"valueRequired\":true,\"valueName\":\"search_term_string\"}}],\"inLanguage\":\"es\"}]}<\/script>\n<!-- \/ Yoast SEO plugin. -->","yoast_head_json":{"title":"Aviso Legal Alcoi - Sparta Sport Center Alcoi","description":"Accede al aviso legal de Sparta Sport Center Alcoi. Conoce los t\u00e9rminos y condiciones de uso de nuestro sitio web.","robots":{"index":"index","follow":"follow","max-snippet":"max-snippet:-1","max-image-preview":"max-image-preview:large","max-video-preview":"max-video-preview:-1"},"canonical":"https:\/\/spartasportcenter.com\/alcoi\/aviso-legal-sparta\/","og_locale":"es_ES","og_type":"article","og_title":"Aviso Legal Alcoi - Sparta Sport Center Alcoi","og_description":"Accede al aviso legal de Sparta Sport Center Alcoi. Conoce los t\u00e9rminos y condiciones de uso de nuestro sitio web.","og_url":"https:\/\/spartasportcenter.com\/alcoi\/aviso-legal-sparta\/","og_site_name":"Sparta Sport Center Alcoi","article_modified_time":"2025-07-21T11:49:14+00:00","og_image":[{"width":2000,"height":1333,"url":"https:\/\/spartasportcenter.com\/alcoi\/wp-content\/uploads\/2025\/06\/material-deportivo-de-colores.jpg","type":"image\/jpeg"}],"twitter_card":"summary_large_image","twitter_misc":{"Tiempo de lectura":"6 minutos"},"schema":{"@context":"https:\/\/schema.org","@graph":[{"@type":"WebPage","@id":"https:\/\/spartasportcenter.com\/alcoi\/aviso-legal-sparta\/","url":"https:\/\/spartasportcenter.com\/alcoi\/aviso-legal-sparta\/","name":"Aviso Legal Alcoi - Sparta Sport Center Alcoi","isPartOf":{"@id":"https:\/\/spartasportcenter.com\/alcoi\/#website"},"primaryImageOfPage":{"@id":"https:\/\/spartasportcenter.com\/alcoi\/aviso-legal-sparta\/#primaryimage"},"image":{"@id":"https:\/\/spartasportcenter.com\/alcoi\/aviso-legal-sparta\/#primaryimage"},"thumbnailUrl":"https:\/\/spartasportcenter.com\/alcoi\/wp-content\/uploads\/2025\/06\/material-deportivo-de-colores.jpg","datePublished":"2018-08-21T18:04:26+00:00","dateModified":"2025-07-21T11:49:14+00:00","description":"Accede al aviso legal de Sparta Sport Center Alcoi. Conoce los t\u00e9rminos y condiciones de uso de nuestro sitio web.","breadcrumb":{"@id":"https:\/\/spartasportcenter.com\/alcoi\/aviso-legal-sparta\/#breadcrumb"},"inLanguage":"es","potentialAction":[{"@type":"ReadAction","target":["https:\/\/spartasportcenter.com\/alcoi\/aviso-legal-sparta\/"]}]},{"@type":"ImageObject","inLanguage":"es","@id":"https:\/\/spartasportcenter.com\/alcoi\/aviso-legal-sparta\/#primaryimage","url":"https:\/\/spartasportcenter.com\/alcoi\/wp-content\/uploads\/2025\/06\/material-deportivo-de-colores.jpg","contentUrl":"https:\/\/spartasportcenter.com\/alcoi\/wp-content\/uploads\/2025\/06\/material-deportivo-de-colores.jpg","width":2000,"height":1333,"caption":"material deportivo de colores"},{"@type":"BreadcrumbList","@id":"https:\/\/spartasportcenter.com\/alcoi\/aviso-legal-sparta\/#breadcrumb","itemListElement":[{"@type":"ListItem","position":1,"name":"Portada","item":"https:\/\/spartasportcenter.com\/alcoi\/"},{"@type":"ListItem","position":2,"name":"Aviso Legal Alcoi"}]},{"@type":"WebSite","@id":"https:\/\/spartasportcenter.com\/alcoi\/#website","url":"https:\/\/spartasportcenter.com\/alcoi\/","name":"Sparta Sport Center Alcoi","description":"Gimnasios en Cuenca","potentialAction":[{"@type":"SearchAction","target":{"@type":"EntryPoint","urlTemplate":"https:\/\/spartasportcenter.com\/alcoi\/?s={search_term_string}"},"query-input":{"@type":"PropertyValueSpecification","valueRequired":true,"valueName":"search_term_string"}}],"inLanguage":"es"}]}},"_links":{"self":[{"href":"https:\/\/spartasportcenter.com\/alcoi\/wp-json\/wp\/v2\/pages\/206763","targetHints":{"allow":["GET"]}}],"collection":[{"href":"https:\/\/spartasportcenter.com\/alcoi\/wp-json\/wp\/v2\/pages"}],"about":[{"href":"https:\/\/spartasportcenter.com\/alcoi\/wp-json\/wp\/v2\/types\/page"}],"author":[{"embeddable":true,"href":"https:\/\/spartasportcenter.com\/alcoi\/wp-json\/wp\/v2\/users\/1"}],"replies":[{"embeddable":true,"href":"https:\/\/spartasportcenter.com\/alcoi\/wp-json\/wp\/v2\/comments?post=206763"}],"version-history":[{"count":8,"href":"https:\/\/spartasportcenter.com\/alcoi\/wp-json\/wp\/v2\/pages\/206763\/revisions"}],"predecessor-version":[{"id":223126,"href":"https:\/\/spartasportcenter.com\/alcoi\/wp-json\/wp\/v2\/pages\/206763\/revisions\/223126"}],"wp:featuredmedia":[{"embeddable":true,"href":"https:\/\/spartasportcenter.com\/alcoi\/wp-json\/wp\/v2\/media\/222998"}],"wp:attachment":[{"href":"https:\/\/spartasportcenter.com\/alcoi\/wp-json\/wp\/v2\/media?parent=206763"}],"curies":[{"name":"wp","href":"https:\/\/api.w.org\/{rel}","templated":true}]}}