{"id":206555,"date":"2018-08-20T15:49:40","date_gmt":"2018-08-20T15:49:40","guid":{"rendered":"https:\/\/pamplona.spartasportcenter.com\/?page_id=206555"},"modified":"2024-07-24T13:01:50","modified_gmt":"2024-07-24T11:01:50","slug":"body-pump-alcoi","status":"publish","type":"page","link":"https:\/\/spartasportcenter.com\/alcoi\/body-pump-alcoi\/","title":{"rendered":"Body Pump Alcoi"},"content":{"rendered":"<p>[et_pb_section fb_built=\u00bb1&#8243; custom_padding_last_edited=\u00bbon|phone\u00bb disabled_on=\u00bboff|off|off\u00bb _builder_version=\u00bb4.16&#8243; background_color=\u00bb#262626&#8243; background_enable_image=\u00bboff\u00bb custom_margin=\u00bb||||false|false\u00bb custom_padding=\u00bb80px|0px|0px|0px|false|false\u00bb custom_padding_tablet=\u00bb\u00bb custom_padding_phone=\u00bb30px||50px||false|false\u00bb global_colors_info=\u00bb{}\u00bb][et_pb_row column_structure=\u00bb1_3,2_3&#8243; custom_padding_last_edited=\u00bbon|desktop\u00bb _builder_version=\u00bb4.16&#8243; _module_preset=\u00bbdefault\u00bb custom_padding=\u00bb0px||||false|false\u00bb custom_padding_tablet=\u00bb\u00bb custom_padding_phone=\u00bb0px||||false|false\u00bb global_colors_info=\u00bb{}\u00bb][et_pb_column type=\u00bb1_3&#8243; _builder_version=\u00bb4.16&#8243; _module_preset=\u00bbdefault\u00bb global_colors_info=\u00bb{}\u00bb][et_pb_text _builder_version=\u00bb4.27.0&#8243; text_font=\u00bb||||||||\u00bb header_font=\u00bb||||||||\u00bb header_text_align=\u00bbcenter\u00bb header_2_font=\u00bb|300||on|||||\u00bb header_2_text_align=\u00bbright\u00bb header_2_font_size=\u00bb29px\u00bb custom_margin=\u00bb||0px||false|false\u00bb custom_padding=\u00bb|15%|0px||false|false\u00bb hover_enabled=\u00bb0&#8243; header_2_text_align_tablet=\u00bb\u00bb header_2_text_align_phone=\u00bbleft\u00bb header_2_text_align_last_edited=\u00bbon|phone\u00bb header_2_font_size_tablet=\u00bb51px\u00bb header_2_font_size_phone=\u00bb25px\u00bb header_2_font_size_last_edited=\u00bbon|phone\u00bb border_width_right=\u00bb2px\u00bb border_color_right=\u00bb#cccccc\u00bb border_width_right_tablet=\u00bb\u00bb border_width_right_phone=\u00bb0px\u00bb border_width_right_last_edited=\u00bbon|phone\u00bb locked=\u00bboff\u00bb global_colors_info=\u00bb{}\u00bb sticky_enabled=\u00bb0&#8243;]<\/p>\n<h2>Clases de Body Pump en Alcoi<\/h2>\n<p>[\/et_pb_text][\/et_pb_column][et_pb_column type=\u00bb2_3&#8243; _builder_version=\u00bb4.16&#8243; _module_preset=\u00bbdefault\u00bb global_colors_info=\u00bb{}\u00bb][et_pb_text _builder_version=\u00bb4.27.0&#8243; text_font=\u00bb|300|||||||\u00bb text_text_color=\u00bb#cccccc\u00bb text_line_height=\u00bb1.1em\u00bb header_font=\u00bb|300|||||||\u00bb header_2_font=\u00bb|300||on|||||\u00bb header_2_text_color=\u00bb#cccccc\u00bb header_2_font_size=\u00bb36px\u00bb header_2_letter_spacing=\u00bb2px\u00bb background_layout=\u00bbdark\u00bb global_colors_info=\u00bb{}\u00bb]<\/p>\n<p><span>El Body Pump en Alcoi es una modalidad de entrenamiento que\u00a0<\/span><strong>combina ejercicios de levantamiento de pesas con movimientos de aer\u00f3bicos<\/strong><span>. Esta disciplina ha ganado popularidad en los \u00faltimos a\u00f1os en Sparta Sport Center debido a sus m\u00faltiples beneficios para el cuerpo y la mente.\u00a0<\/span><\/p>\n<p><span>Nuestras clases de Body Pump en Alcoi ofrecen una experiencia \u00fanica de entrenamiento f\u00edsico. Estas clases son guiadas por nuestros instructores, los cuales te ayudar\u00e1n a alcanzar tus objetivos de fuerza y resistencia de manera efectiva. El formato de nuestras clases suele ser en grupo, lo que te da la oportunidad de entrenar en un ambiente motivador y divertido.<\/span><\/p>\n<p>[\/et_pb_text][et_pb_button button_text=\u00bb+\u00bb button_alignment=\u00bbcenter\u00bb module_class=\u00bbrv_button closed\u00bb _builder_version=\u00bb4.20.0&#8243; custom_button=\u00bbon\u00bb button_text_size=\u00bb39px\u00bb button_text_color=\u00bb#cccccc\u00bb button_border_width=\u00bb0px\u00bb button_border_radius=\u00bb0px\u00bb button_font=\u00bbOswald|700|||||||\u00bb button_use_icon=\u00bboff\u00bb custom_margin=\u00bb-40px|0px|-10px|0px|false|false\u00bb custom_margin_tablet=\u00bb\u00bb custom_margin_phone=\u00bb\u00bb custom_margin_last_edited=\u00bbon|phone\u00bb custom_padding=\u00bb0px|0px|0px|0px|true|\u00bb button_text_color_hover=\u00bbrgba(224,43,32,0.76)\u00bb button_border_color_hover=\u00bbrgba(0,0,0,0)\u00bb button_border_radius_hover=\u00bb0px\u00bb button_bg_color_hover=\u00bbrgba(0,0,0,0)\u00bb locked=\u00bboff\u00bb global_colors_info=\u00bb{}\u00bb button_text_size__hover_enabled=\u00bboff\u00bb button_one_text_size__hover_enabled=\u00bboff\u00bb button_two_text_size__hover_enabled=\u00bboff\u00bb button_text_color__hover_enabled=\u00bbon|desktop\u00bb button_text_color__hover=\u00bbrgba(255,255,255,0.5)\u00bb button_one_text_color__hover_enabled=\u00bboff\u00bb button_two_text_color__hover_enabled=\u00bboff\u00bb button_border_width__hover_enabled=\u00bboff\u00bb button_one_border_width__hover_enabled=\u00bboff\u00bb button_two_border_width__hover_enabled=\u00bboff\u00bb button_border_color__hover_enabled=\u00bbon\u00bb button_border_color__hover=\u00bbrgba(0,0,0,0)\u00bb button_one_border_color__hover_enabled=\u00bboff\u00bb button_two_border_color__hover_enabled=\u00bboff\u00bb button_border_radius__hover_enabled=\u00bbon\u00bb button_border_radius__hover=\u00bb0px\u00bb button_one_border_radius__hover_enabled=\u00bboff\u00bb button_two_border_radius__hover_enabled=\u00bboff\u00bb button_letter_spacing__hover_enabled=\u00bboff\u00bb button_one_letter_spacing__hover_enabled=\u00bboff\u00bb button_two_letter_spacing__hover_enabled=\u00bboff\u00bb button_bg_color__hover_enabled=\u00bbon\u00bb button_bg_color__hover=\u00bbrgba(255,255,255,0)\u00bb button_one_bg_color__hover_enabled=\u00bboff\u00bb button_two_bg_color__hover_enabled=\u00bboff\u00bb][\/et_pb_button][et_pb_text module_id=\u00bbreveal\u00bb _builder_version=\u00bb4.27.0&#8243; text_font=\u00bb|300|||||||\u00bb text_text_color=\u00bb#cccccc\u00bb text_line_height=\u00bb1.1em\u00bb header_font=\u00bb|300|||||||\u00bb header_2_font=\u00bb|300||on|||||\u00bb header_2_text_color=\u00bb#cccccc\u00bb header_2_font_size=\u00bb36px\u00bb header_2_letter_spacing=\u00bb2px\u00bb background_layout=\u00bbdark\u00bb locked=\u00bboff\u00bb global_colors_info=\u00bb{}\u00bb]<\/p>\n<p>El Body Pump se basa en el<span>\u00a0<\/span><strong>uso de barras y discos de peso ajustables<\/strong>, lo que te permite controlar la carga de trabajo seg\u00fan tus necesidades y capacidad f\u00edsica. Durante nuestras clases, realizar\u00e1s una serie de ejercicios que se centran en diferentes grupos musculares, como piernas, brazos, pecho y espalda. Mediante repeticiones y variaciones de intensidad, lograr\u00e1s desarrollar fuerza, resistencia y tonificar tu cuerpo de manera equilibrada.<\/p>\n<p>Adem\u00e1s, nuestras clases de Body Pump no solo se enfocan en el aspecto f\u00edsico, sino que tambi\u00e9n promueven la salud mental y el bienestar general. El ejercicio regular ayuda a liberar endorfinas, conocidas como las hormonas de la felicidad, lo que te har\u00e1 sentir m\u00e1s positivo y con mayor energ\u00eda.\u00a0<\/p>\n<p>&nbsp;<\/p>\n<p>[\/et_pb_text][\/et_pb_column][\/et_pb_row][et_pb_row column_structure=\u00bb1_3,2_3&#8243; custom_padding_last_edited=\u00bbon|phone\u00bb _builder_version=\u00bb4.16&#8243; _module_preset=\u00bbdefault\u00bb custom_margin=\u00bb||0px||false|false\u00bb custom_padding=\u00bb||||false|false\u00bb custom_padding_tablet=\u00bb\u00bb custom_padding_phone=\u00bb0px||0px||false|false\u00bb global_colors_info=\u00bb{}\u00bb][et_pb_column type=\u00bb1_3&#8243; _builder_version=\u00bb4.16&#8243; _module_preset=\u00bbdefault\u00bb global_colors_info=\u00bb{}\u00bb][et_pb_text _builder_version=\u00bb4.24.2&#8243; text_font=\u00bb||||||||\u00bb header_font=\u00bb||||||||\u00bb header_text_align=\u00bbcenter\u00bb header_2_font=\u00bb|300||on|||||\u00bb header_2_text_align=\u00bbright\u00bb header_2_font_size=\u00bb29px\u00bb custom_margin=\u00bb||0px||false|false\u00bb custom_padding=\u00bb|15%|0px||false|false\u00bb header_2_text_align_tablet=\u00bb\u00bb header_2_text_align_phone=\u00bbleft\u00bb header_2_text_align_last_edited=\u00bbon|phone\u00bb header_2_font_size_tablet=\u00bb51px\u00bb header_2_font_size_phone=\u00bb25px\u00bb header_2_font_size_last_edited=\u00bbon|phone\u00bb border_width_right=\u00bb2px\u00bb border_color_right=\u00bb#cccccc\u00bb border_width_right_tablet=\u00bb\u00bb border_width_right_phone=\u00bb0px\u00bb border_width_right_last_edited=\u00bbon|phone\u00bb locked=\u00bboff\u00bb global_colors_info=\u00bb{}\u00bb]<\/p>\n<h2>Beneficios del Body Pump en Alcoi<\/h2>\n<p>[\/et_pb_text][\/et_pb_column][et_pb_column type=\u00bb2_3&#8243; _builder_version=\u00bb4.16&#8243; _module_preset=\u00bbdefault\u00bb global_colors_info=\u00bb{}\u00bb][et_pb_text _builder_version=\u00bb4.27.0&#8243; text_font=\u00bb|300|||||||\u00bb text_text_color=\u00bb#cccccc\u00bb text_line_height=\u00bb1.1em\u00bb header_font=\u00bb|300|||||||\u00bb header_2_font=\u00bb|300||on|||||\u00bb header_2_text_color=\u00bb#cccccc\u00bb header_2_font_size=\u00bb36px\u00bb header_2_letter_spacing=\u00bb2px\u00bb background_layout=\u00bbdark\u00bb global_colors_info=\u00bb{}\u00bb]<\/p>\n<p><span>El Body Pump en Alcoi ofrece una amplia gama de beneficios tanto f\u00edsicos como mentales. En primer lugar, esta disciplina es ideal para\u00a0<\/span><strong>quemar calor\u00edas y mejorar la condici\u00f3n cardiovascular<\/strong><span>. Los movimientos constantes y din\u00e1micos combinados con la carga de trabajo ayudan a aumentar la frecuencia card\u00edaca, lo que a su vez contribuye a la p\u00e9rdida de peso y al fortalecimiento del sistema cardiovascular.<\/span><\/p>\n<p>[\/et_pb_text][et_pb_button button_text=\u00bb+\u00bb button_alignment=\u00bbcenter\u00bb module_class=\u00bbrv_button2 closed\u00bb _builder_version=\u00bb4.20.0&#8243; custom_button=\u00bbon\u00bb button_text_size=\u00bb39px\u00bb button_text_color=\u00bb#cccccc\u00bb button_border_width=\u00bb0px\u00bb button_border_radius=\u00bb0px\u00bb button_font=\u00bbOswald|700|||||||\u00bb button_use_icon=\u00bboff\u00bb custom_margin=\u00bb-40px|0px|-10px|0px|false|false\u00bb custom_margin_tablet=\u00bb\u00bb custom_margin_phone=\u00bb\u00bb custom_margin_last_edited=\u00bbon|phone\u00bb custom_padding=\u00bb0px|0px|0px|0px|true|\u00bb button_text_color_hover=\u00bbrgba(224,43,32,0.76)\u00bb button_border_color_hover=\u00bbrgba(0,0,0,0)\u00bb button_border_radius_hover=\u00bb0px\u00bb button_bg_color_hover=\u00bbrgba(0,0,0,0)\u00bb locked=\u00bboff\u00bb global_colors_info=\u00bb{}\u00bb button_text_size__hover_enabled=\u00bboff\u00bb button_one_text_size__hover_enabled=\u00bboff\u00bb button_two_text_size__hover_enabled=\u00bboff\u00bb button_text_color__hover_enabled=\u00bbon|desktop\u00bb button_text_color__hover=\u00bbrgba(255,255,255,0.5)\u00bb button_one_text_color__hover_enabled=\u00bboff\u00bb button_two_text_color__hover_enabled=\u00bboff\u00bb button_border_width__hover_enabled=\u00bboff\u00bb button_one_border_width__hover_enabled=\u00bboff\u00bb button_two_border_width__hover_enabled=\u00bboff\u00bb button_border_color__hover_enabled=\u00bbon\u00bb button_border_color__hover=\u00bbrgba(0,0,0,0)\u00bb button_one_border_color__hover_enabled=\u00bboff\u00bb button_two_border_color__hover_enabled=\u00bboff\u00bb button_border_radius__hover_enabled=\u00bbon\u00bb button_border_radius__hover=\u00bb0px\u00bb button_one_border_radius__hover_enabled=\u00bboff\u00bb button_two_border_radius__hover_enabled=\u00bboff\u00bb button_letter_spacing__hover_enabled=\u00bboff\u00bb button_one_letter_spacing__hover_enabled=\u00bboff\u00bb button_two_letter_spacing__hover_enabled=\u00bboff\u00bb button_bg_color__hover_enabled=\u00bbon\u00bb button_bg_color__hover=\u00bbrgba(255,255,255,0)\u00bb button_one_bg_color__hover_enabled=\u00bboff\u00bb button_two_bg_color__hover_enabled=\u00bboff\u00bb][\/et_pb_button][et_pb_text module_id=\u00bbreveal2&#8243; _builder_version=\u00bb4.27.0&#8243; text_font=\u00bb|300|||||||\u00bb text_text_color=\u00bb#cccccc\u00bb text_line_height=\u00bb1.1em\u00bb header_font=\u00bb|300|||||||\u00bb header_2_font=\u00bb|300||on|||||\u00bb header_2_text_color=\u00bb#cccccc\u00bb header_2_font_size=\u00bb36px\u00bb header_2_letter_spacing=\u00bb2px\u00bb background_layout=\u00bbdark\u00bb locked=\u00bboff\u00bb global_colors_info=\u00bb{}\u00bb]<\/p>\n<p>Adem\u00e1s, el Body Pump es una excelente manera de<span>\u00a0<\/span><strong>desarrollar fuerza muscular<\/strong>. Los ejercicios de levantamiento de pesas estimulan el crecimiento y la tonificaci\u00f3n de los m\u00fasculos, mejorando as\u00ed la resistencia y la apariencia f\u00edsica.<\/p>\n<p>Otro beneficio importante de este ejercicio es la<span>\u00a0<\/span><strong>mejora de la salud \u00f3sea<\/strong>. Al trabajar con cargas de peso, se estimula la formaci\u00f3n de tejido \u00f3seo, lo que a su vez previene la p\u00e9rdida de densidad \u00f3sea y reduce el riesgo de osteoporosis.<\/p>\n<p>[\/et_pb_text][\/et_pb_column][\/et_pb_row][\/et_pb_section][et_pb_section fb_built=\u00bb1&#8243; custom_padding_last_edited=\u00bbon|phone\u00bb _builder_version=\u00bb4.16&#8243; _module_preset=\u00bbdefault\u00bb background_color=\u00bb#262626&#8243; custom_padding=\u00bb0px||50px||false|false\u00bb custom_padding_tablet=\u00bb\u00bb custom_padding_phone=\u00bb||30px||false|false\u00bb global_colors_info=\u00bb{}\u00bb][et_pb_row column_structure=\u00bb1_3,2_3&#8243; custom_padding_last_edited=\u00bbon|phone\u00bb _builder_version=\u00bb4.16&#8243; _module_preset=\u00bbdefault\u00bb custom_padding_tablet=\u00bb\u00bb custom_padding_phone=\u00bb0px||0px||false|false\u00bb global_colors_info=\u00bb{}\u00bb][et_pb_column type=\u00bb1_3&#8243; _builder_version=\u00bb4.16&#8243; _module_preset=\u00bbdefault\u00bb global_colors_info=\u00bb{}\u00bb][et_pb_text _builder_version=\u00bb4.26.1&#8243; text_font=\u00bb||||||||\u00bb header_font=\u00bb||||||||\u00bb header_text_align=\u00bbcenter\u00bb header_2_font=\u00bb|300||on|||||\u00bb header_2_text_align=\u00bbright\u00bb header_2_font_size=\u00bb29px\u00bb custom_margin=\u00bb||0px||false|false\u00bb custom_padding=\u00bb|15%|0px||false|false\u00bb header_2_text_align_tablet=\u00bb\u00bb header_2_text_align_phone=\u00bbleft\u00bb header_2_text_align_last_edited=\u00bbon|phone\u00bb header_2_font_size_tablet=\u00bb51px\u00bb header_2_font_size_phone=\u00bb25px\u00bb header_2_font_size_last_edited=\u00bbon|phone\u00bb border_width_right=\u00bb2px\u00bb border_color_right=\u00bb#cccccc\u00bb border_width_right_tablet=\u00bb\u00bb border_width_right_phone=\u00bb0px\u00bb border_width_right_last_edited=\u00bbon|phone\u00bb locked=\u00bboff\u00bb global_colors_info=\u00bb{}\u00bb]<\/p>\n<h2>Por qu\u00e9 Body Pump en Sparta Sport Center Alcoi<\/h2>\n<p>[\/et_pb_text][\/et_pb_column][et_pb_column type=\u00bb2_3&#8243; _builder_version=\u00bb4.16&#8243; _module_preset=\u00bbdefault\u00bb global_colors_info=\u00bb{}\u00bb][et_pb_text _builder_version=\u00bb4.27.0&#8243; text_font=\u00bb|300|||||||\u00bb text_text_color=\u00bb#cccccc\u00bb text_line_height=\u00bb1.1em\u00bb header_font=\u00bb|300|||||||\u00bb header_2_font=\u00bb|300||on|||||\u00bb header_2_text_color=\u00bb#cccccc\u00bb header_2_font_size=\u00bb36px\u00bb header_2_letter_spacing=\u00bb2px\u00bb background_layout=\u00bbdark\u00bb global_colors_info=\u00bb{}\u00bb]<\/p>\n<p>Si est\u00e1s considerando practicar el Body Pump en Alcoi, en Sparta Sport Center somos el lugar ideal para hacerlo. Nuestro gimnasio cuenta con<span>\u00a0<\/span><strong>instalaciones de calidad, equipadas con todo lo necesario para realizar entrenamientos efectivos y seguros<\/strong>. Adem\u00e1s, nuestro equipo de instructores est\u00e1 preparado para ofrecerte una experiencia de entrenamiento excepcional.<\/p>\n<p>Tambi\u00e9n encontrar\u00e1s un ambiente motivador en nuestro centro deportivo. Estar rodeado de personas con objetivos similares te incentivar\u00e1 a dar lo mejor de ti mismo y alcanzar tus metas de manera satisfactoria. Adem\u00e1s, ofrecemos horarios flexibles y una amplia variedad de clases, lo que te permitir\u00e1 adaptar tu entrenamiento a tus necesidades y preferencias personales.<\/p>\n<p>[\/et_pb_text][\/et_pb_column][\/et_pb_row][\/et_pb_section]<\/p>\n","protected":false},"excerpt":{"rendered":"<p>Clases de Body Pump en AlcoiEl Body Pump en Alcoi es una modalidad de entrenamiento que\u00a0combina ejercicios de levantamiento de pesas con movimientos de aer\u00f3bicos. Esta disciplina ha ganado popularidad en los \u00faltimos a\u00f1os en Sparta Sport Center debido a sus m\u00faltiples beneficios para el cuerpo y la mente.\u00a0 Nuestras clases de Body Pump en [&hellip;]<\/p>\n","protected":false},"author":1,"featured_media":220450,"parent":0,"menu_order":0,"comment_status":"closed","ping_status":"closed","template":"","meta":{"_et_pb_use_builder":"on","_et_pb_old_content":"","_et_gb_content_width":"","footnotes":""},"class_list":["post-206555","page","type-page","status-publish","has-post-thumbnail","hentry"],"yoast_head":"<!-- This site is optimized with the Yoast SEO plugin v27.4 - https:\/\/yoast.com\/product\/yoast-seo-wordpress\/ -->\n<title>Body Pump en Alcoi \u00a11 D\u00cdA GRATIS! | Sparta Sport Center<\/title>\n<meta name=\"description\" content=\"Inscr\u00edbete y disfruta de nuestras clases de Body Pump en Alcoi, contamos con un equipo de Instructores 100% dedicados a tu bienestar.\" \/>\n<meta name=\"robots\" content=\"index, follow, max-snippet:-1, max-image-preview:large, max-video-preview:-1\" \/>\n<link rel=\"canonical\" href=\"https:\/\/spartasportcenter.com\/alcoi\/body-pump-alcoi\/\" \/>\n<meta property=\"og:locale\" content=\"es_ES\" \/>\n<meta property=\"og:type\" content=\"article\" \/>\n<meta property=\"og:title\" content=\"Body Pump en Alcoi \u00a11 D\u00cdA GRATIS! | Sparta Sport Center\" \/>\n<meta property=\"og:description\" content=\"Inscr\u00edbete y disfruta de nuestras clases de Body Pump en Alcoi, contamos con un equipo de Instructores 100% dedicados a tu bienestar.\" \/>\n<meta property=\"og:url\" content=\"https:\/\/spartasportcenter.com\/alcoi\/body-pump-alcoi\/\" \/>\n<meta property=\"og:site_name\" content=\"Sparta Sport Center Alcoi\" \/>\n<meta property=\"article:modified_time\" content=\"2024-07-24T11:01:50+00:00\" \/>\n<meta property=\"og:image\" content=\"https:\/\/spartasportcenter.com\/alcoi\/wp-content\/uploads\/2024\/07\/body-pump-alcoi.webp\" \/>\n\t<meta property=\"og:image:width\" content=\"2000\" \/>\n\t<meta property=\"og:image:height\" content=\"1333\" \/>\n\t<meta property=\"og:image:type\" content=\"image\/webp\" \/>\n<meta name=\"twitter:card\" content=\"summary_large_image\" \/>\n<meta name=\"twitter:label1\" content=\"Tiempo de lectura\" \/>\n\t<meta name=\"twitter:data1\" content=\"4 minutos\" \/>\n<script type=\"application\/ld+json\" class=\"yoast-schema-graph\">{\"@context\":\"https:\\\/\\\/schema.org\",\"@graph\":[{\"@type\":\"WebPage\",\"@id\":\"https:\\\/\\\/spartasportcenter.com\\\/alcoi\\\/body-pump-alcoi\\\/\",\"url\":\"https:\\\/\\\/spartasportcenter.com\\\/alcoi\\\/body-pump-alcoi\\\/\",\"name\":\"Body Pump en Alcoi \u00a11 D\u00cdA GRATIS! | Sparta Sport Center\",\"isPartOf\":{\"@id\":\"https:\\\/\\\/spartasportcenter.com\\\/alcoi\\\/#website\"},\"primaryImageOfPage\":{\"@id\":\"https:\\\/\\\/spartasportcenter.com\\\/alcoi\\\/body-pump-alcoi\\\/#primaryimage\"},\"image\":{\"@id\":\"https:\\\/\\\/spartasportcenter.com\\\/alcoi\\\/body-pump-alcoi\\\/#primaryimage\"},\"thumbnailUrl\":\"https:\\\/\\\/spartasportcenter.com\\\/alcoi\\\/wp-content\\\/uploads\\\/2024\\\/07\\\/body-pump-alcoi.webp\",\"datePublished\":\"2018-08-20T15:49:40+00:00\",\"dateModified\":\"2024-07-24T11:01:50+00:00\",\"description\":\"Inscr\u00edbete y disfruta de nuestras clases de Body Pump en Alcoi, contamos con un equipo de Instructores 100% dedicados a tu bienestar.\",\"breadcrumb\":{\"@id\":\"https:\\\/\\\/spartasportcenter.com\\\/alcoi\\\/body-pump-alcoi\\\/#breadcrumb\"},\"inLanguage\":\"es\",\"potentialAction\":[{\"@type\":\"ReadAction\",\"target\":[\"https:\\\/\\\/spartasportcenter.com\\\/alcoi\\\/body-pump-alcoi\\\/\"]}]},{\"@type\":\"ImageObject\",\"inLanguage\":\"es\",\"@id\":\"https:\\\/\\\/spartasportcenter.com\\\/alcoi\\\/body-pump-alcoi\\\/#primaryimage\",\"url\":\"https:\\\/\\\/spartasportcenter.com\\\/alcoi\\\/wp-content\\\/uploads\\\/2024\\\/07\\\/body-pump-alcoi.webp\",\"contentUrl\":\"https:\\\/\\\/spartasportcenter.com\\\/alcoi\\\/wp-content\\\/uploads\\\/2024\\\/07\\\/body-pump-alcoi.webp\",\"width\":2000,\"height\":1333,\"caption\":\"body pump alcoi\"},{\"@type\":\"BreadcrumbList\",\"@id\":\"https:\\\/\\\/spartasportcenter.com\\\/alcoi\\\/body-pump-alcoi\\\/#breadcrumb\",\"itemListElement\":[{\"@type\":\"ListItem\",\"position\":1,\"name\":\"Portada\",\"item\":\"https:\\\/\\\/spartasportcenter.com\\\/alcoi\\\/\"},{\"@type\":\"ListItem\",\"position\":2,\"name\":\"Body Pump Alcoi\"}]},{\"@type\":\"WebSite\",\"@id\":\"https:\\\/\\\/spartasportcenter.com\\\/alcoi\\\/#website\",\"url\":\"https:\\\/\\\/spartasportcenter.com\\\/alcoi\\\/\",\"name\":\"Sparta Sport Center Alcoi\",\"description\":\"Gimnasios en Cuenca\",\"potentialAction\":[{\"@type\":\"SearchAction\",\"target\":{\"@type\":\"EntryPoint\",\"urlTemplate\":\"https:\\\/\\\/spartasportcenter.com\\\/alcoi\\\/?s={search_term_string}\"},\"query-input\":{\"@type\":\"PropertyValueSpecification\",\"valueRequired\":true,\"valueName\":\"search_term_string\"}}],\"inLanguage\":\"es\"}]}<\/script>\n<!-- \/ Yoast SEO plugin. -->","yoast_head_json":{"title":"Body Pump en Alcoi \u00a11 D\u00cdA GRATIS! | Sparta Sport Center","description":"Inscr\u00edbete y disfruta de nuestras clases de Body Pump en Alcoi, contamos con un equipo de Instructores 100% dedicados a tu bienestar.","robots":{"index":"index","follow":"follow","max-snippet":"max-snippet:-1","max-image-preview":"max-image-preview:large","max-video-preview":"max-video-preview:-1"},"canonical":"https:\/\/spartasportcenter.com\/alcoi\/body-pump-alcoi\/","og_locale":"es_ES","og_type":"article","og_title":"Body Pump en Alcoi \u00a11 D\u00cdA GRATIS! | Sparta Sport Center","og_description":"Inscr\u00edbete y disfruta de nuestras clases de Body Pump en Alcoi, contamos con un equipo de Instructores 100% dedicados a tu bienestar.","og_url":"https:\/\/spartasportcenter.com\/alcoi\/body-pump-alcoi\/","og_site_name":"Sparta Sport Center Alcoi","article_modified_time":"2024-07-24T11:01:50+00:00","og_image":[{"width":2000,"height":1333,"url":"https:\/\/spartasportcenter.com\/alcoi\/wp-content\/uploads\/2024\/07\/body-pump-alcoi.webp","type":"image\/webp"}],"twitter_card":"summary_large_image","twitter_misc":{"Tiempo de lectura":"4 minutos"},"schema":{"@context":"https:\/\/schema.org","@graph":[{"@type":"WebPage","@id":"https:\/\/spartasportcenter.com\/alcoi\/body-pump-alcoi\/","url":"https:\/\/spartasportcenter.com\/alcoi\/body-pump-alcoi\/","name":"Body Pump en Alcoi \u00a11 D\u00cdA GRATIS! | Sparta Sport Center","isPartOf":{"@id":"https:\/\/spartasportcenter.com\/alcoi\/#website"},"primaryImageOfPage":{"@id":"https:\/\/spartasportcenter.com\/alcoi\/body-pump-alcoi\/#primaryimage"},"image":{"@id":"https:\/\/spartasportcenter.com\/alcoi\/body-pump-alcoi\/#primaryimage"},"thumbnailUrl":"https:\/\/spartasportcenter.com\/alcoi\/wp-content\/uploads\/2024\/07\/body-pump-alcoi.webp","datePublished":"2018-08-20T15:49:40+00:00","dateModified":"2024-07-24T11:01:50+00:00","description":"Inscr\u00edbete y disfruta de nuestras clases de Body Pump en Alcoi, contamos con un equipo de Instructores 100% dedicados a tu bienestar.","breadcrumb":{"@id":"https:\/\/spartasportcenter.com\/alcoi\/body-pump-alcoi\/#breadcrumb"},"inLanguage":"es","potentialAction":[{"@type":"ReadAction","target":["https:\/\/spartasportcenter.com\/alcoi\/body-pump-alcoi\/"]}]},{"@type":"ImageObject","inLanguage":"es","@id":"https:\/\/spartasportcenter.com\/alcoi\/body-pump-alcoi\/#primaryimage","url":"https:\/\/spartasportcenter.com\/alcoi\/wp-content\/uploads\/2024\/07\/body-pump-alcoi.webp","contentUrl":"https:\/\/spartasportcenter.com\/alcoi\/wp-content\/uploads\/2024\/07\/body-pump-alcoi.webp","width":2000,"height":1333,"caption":"body pump alcoi"},{"@type":"BreadcrumbList","@id":"https:\/\/spartasportcenter.com\/alcoi\/body-pump-alcoi\/#breadcrumb","itemListElement":[{"@type":"ListItem","position":1,"name":"Portada","item":"https:\/\/spartasportcenter.com\/alcoi\/"},{"@type":"ListItem","position":2,"name":"Body Pump Alcoi"}]},{"@type":"WebSite","@id":"https:\/\/spartasportcenter.com\/alcoi\/#website","url":"https:\/\/spartasportcenter.com\/alcoi\/","name":"Sparta Sport Center Alcoi","description":"Gimnasios en Cuenca","potentialAction":[{"@type":"SearchAction","target":{"@type":"EntryPoint","urlTemplate":"https:\/\/spartasportcenter.com\/alcoi\/?s={search_term_string}"},"query-input":{"@type":"PropertyValueSpecification","valueRequired":true,"valueName":"search_term_string"}}],"inLanguage":"es"}]}},"_links":{"self":[{"href":"https:\/\/spartasportcenter.com\/alcoi\/wp-json\/wp\/v2\/pages\/206555","targetHints":{"allow":["GET"]}}],"collection":[{"href":"https:\/\/spartasportcenter.com\/alcoi\/wp-json\/wp\/v2\/pages"}],"about":[{"href":"https:\/\/spartasportcenter.com\/alcoi\/wp-json\/wp\/v2\/types\/page"}],"author":[{"embeddable":true,"href":"https:\/\/spartasportcenter.com\/alcoi\/wp-json\/wp\/v2\/users\/1"}],"replies":[{"embeddable":true,"href":"https:\/\/spartasportcenter.com\/alcoi\/wp-json\/wp\/v2\/comments?post=206555"}],"version-history":[{"count":25,"href":"https:\/\/spartasportcenter.com\/alcoi\/wp-json\/wp\/v2\/pages\/206555\/revisions"}],"predecessor-version":[{"id":220527,"href":"https:\/\/spartasportcenter.com\/alcoi\/wp-json\/wp\/v2\/pages\/206555\/revisions\/220527"}],"wp:featuredmedia":[{"embeddable":true,"href":"https:\/\/spartasportcenter.com\/alcoi\/wp-json\/wp\/v2\/media\/220450"}],"wp:attachment":[{"href":"https:\/\/spartasportcenter.com\/alcoi\/wp-json\/wp\/v2\/media?parent=206555"}],"curies":[{"name":"wp","href":"https:\/\/api.w.org\/{rel}","templated":true}]}}